{"id":9967,"date":"2022-03-04T14:50:33","date_gmt":"2022-03-04T20:50:33","guid":{"rendered":"https:\/\/tzila.mx\/dev\/?post_type=product&#038;p=9967"},"modified":"2022-06-16T16:13:57","modified_gmt":"2022-06-16T21:13:57","slug":"fuente-de-poder-xpg-pylon","status":"publish","type":"product","link":"https:\/\/tzila.mx\/dev\/producto\/fuente-de-poder-xpg-pylon\/","title":{"rendered":"Fuente de Poder XPG Pylon"},"content":{"rendered":"\t\t<div data-elementor-type=\"wp-post\" data-elementor-id=\"9967\" class=\"elementor elementor-9967\" data-elementor-settings=\"[]\">\n\t\t\t\t\t\t\t<div class=\"elementor-section-wrap\">\n\t\t\t\t\t\t\t<section class=\"elementor-section elementor-top-section elementor-element elementor-element-154fe09 elementor-section-boxed elementor-section-height-default elementor-section-height-default wd-section-disabled\" data-id=\"154fe09\" data-element_type=\"section\">\n\t\t\t\t\t\t<div class=\"elementor-container elementor-column-gap-default\">\n\t\t\t\t\t<div class=\"elementor-column elementor-col-33 elementor-top-column elementor-element elementor-element-f14913d\" data-id=\"f14913d\" data-element_type=\"column\">\n\t\t\t<div class=\"elementor-widget-wrap elementor-element-populated\">\n\t\t\t\t\t\t\t\t<div class=\"elementor-element elementor-element-3d30eaf elementor-widget elementor-widget-wd_text_block\" data-id=\"3d30eaf\" data-element_type=\"widget\" data-widget_type=\"wd_text_block.default\">\n\t\t\t\t<div class=\"elementor-widget-container\">\n\t\t\t\t\t<div class=\"wd-text-block reset-last-child text-left\">\n\t\t\t\n\t\t\t<h5><strong>CARACTER\u00cdSTICAS GENERALE<\/strong><strong>S<\/strong><strong>:<\/strong><\/h5>\n\t\t\t\t\t<\/div>\n\t\t\t\t<\/div>\n\t\t\t\t<\/div>\n\t\t\t\t<div class=\"elementor-element elementor-element-6d44079 elementor-widget elementor-widget-wd_text_block\" data-id=\"6d44079\" data-element_type=\"widget\" data-widget_type=\"wd_text_block.default\">\n\t\t\t\t<div class=\"elementor-widget-container\">\n\t\t\t\t\t<div class=\"wd-text-block reset-last-child text-left\">\n\t\t\t\n\t\t\t<ul><li>Convertidores CC a CC<\/li><li>Compatibilidad con sistema de riel de +12 V de alta corriente<\/li><li>Condensador principal japon\u00e9s<\/li><li>Varios conectores de 6+2 contactos PCI-E 2.0<\/li><li>Protecci\u00f3n de nivel industrial: OVP, OPP, SCP, OCP, UVP, OTP, NLO, SIP<\/li><li>Cumple con ErP 2014 Lote 3<\/li><li>Compatibilidad con RoHS<\/li><\/ul>\n\t\t\t\t\t<\/div>\n\t\t\t\t<\/div>\n\t\t\t\t<\/div>\n\t\t\t\t\t<\/div>\n\t\t<\/div>\n\t\t\t\t<div class=\"elementor-column elementor-col-66 elementor-top-column elementor-element elementor-element-1a0b71f\" data-id=\"1a0b71f\" data-element_type=\"column\">\n\t\t\t<div class=\"elementor-widget-wrap elementor-element-populated\">\n\t\t\t\t\t\t\t\t<div class=\"elementor-element elementor-element-6f6445b elementor-widget elementor-widget-wd_image_or_svg\" data-id=\"6f6445b\" data-element_type=\"widget\" data-widget_type=\"wd_image_or_svg.default\">\n\t\t\t\t<div class=\"elementor-widget-container\">\n\t\t\t\n\t\t<div class=\"wd-image text-center\">\n\t\t\t\t\t\t\t\t<img decoding=\"async\" src=\"https:\/\/tzila.mx\/dev\/wp-content\/uploads\/elementor\/thumbs\/productGallery7534-pl7rmbn04ippzf50exmk3s3ri2xs2hy0rbbr826oio.jpg\" title=\"productGallery7534\" alt=\"productGallery7534\" \/>\t\t\t\t\t<\/div>\n\n\t\t\t\t<\/div>\n\t\t\t\t<\/div>\n\t\t\t\t\t<\/div>\n\t\t<\/div>\n\t\t\t\t\t\t\t<\/div>\n\t\t<\/section>\n\t\t\t\t<section class=\"elementor-section elementor-top-section elementor-element elementor-element-f335c48 elementor-section-boxed elementor-section-height-default elementor-section-height-default wd-section-disabled\" data-id=\"f335c48\" data-element_type=\"section\">\n\t\t\t\t\t\t<div class=\"elementor-container elementor-column-gap-default\">\n\t\t\t\t\t<div class=\"elementor-column elementor-col-33 elementor-top-column elementor-element elementor-element-b982906\" data-id=\"b982906\" data-element_type=\"column\">\n\t\t\t<div class=\"elementor-widget-wrap elementor-element-populated\">\n\t\t\t\t\t\t\t\t<div class=\"elementor-element elementor-element-ecdf1c9 elementor-widget elementor-widget-wd_text_block\" data-id=\"ecdf1c9\" data-element_type=\"widget\" data-widget_type=\"wd_text_block.default\">\n\t\t\t\t<div class=\"elementor-widget-container\">\n\t\t\t\t\t<div class=\"wd-text-block reset-last-child text-left\">\n\t\t\t\n\t\t\t<h4>ENERG\u00cdA EN BRUTO<\/h4><p>XPG PYLON ofrece m\u00e1s que una simple fuente de alimentaci\u00f3n con certificaci\u00f3n Bronze. Los convertidores de CC a CC altamente eficientes y la potencia continua en 4 opciones de potencia diferentes lo convierten en una fuente de alimentaci\u00f3n ideal para cualquier uso.<\/p>\n\t\t\t\t\t<\/div>\n\t\t\t\t<\/div>\n\t\t\t\t<\/div>\n\t\t\t\t<div class=\"elementor-element elementor-element-92b92dc elementor-widget elementor-widget-wd_text_block\" data-id=\"92b92dc\" data-element_type=\"widget\" data-widget_type=\"wd_text_block.default\">\n\t\t\t\t<div class=\"elementor-widget-container\">\n\t\t\t\t\t<div class=\"wd-text-block reset-last-child text-left\">\n\t\t\t\n\t\t\t<h4>Circuito de CC a CC de grado BRONCE<\/h4><article data-v-b7353816=\"\">La fuente de alimentaci\u00f3n XPG PYLON cumple la funci\u00f3n de modo de suspensi\u00f3n de la gu\u00eda de dise\u00f1o de fuentes de alimentaci\u00f3n de Intel ATX, con una potencia total de +12\u00a0V\u00a0de CC a CC al 100\u00a0%(*) en todas las series PYLON, lo que garantiza que la entrega de energ\u00eda se mantiene constante, eficiente y capaz de admitir CPU y tarjetas gr\u00e1ficas de gama media a alta. <br \/><br \/>(*) El circuito de CC a CC minimiza el ruido de ondulaci\u00f3n, evita la carga de energ\u00eda desequilibrada y act\u00faa como una protecci\u00f3n para la esperanza de vida de los componentes de su PC.<\/article>\n\t\t\t\t\t<\/div>\n\t\t\t\t<\/div>\n\t\t\t\t<\/div>\n\t\t\t\t\t<\/div>\n\t\t<\/div>\n\t\t\t\t<div class=\"elementor-column elementor-col-33 elementor-top-column elementor-element elementor-element-efcf9f4\" data-id=\"efcf9f4\" data-element_type=\"column\">\n\t\t\t<div class=\"elementor-widget-wrap elementor-element-populated\">\n\t\t\t\t\t\t\t\t<div class=\"elementor-element elementor-element-a119555 elementor-widget elementor-widget-wd_text_block\" data-id=\"a119555\" data-element_type=\"widget\" data-widget_type=\"wd_text_block.default\">\n\t\t\t\t<div class=\"elementor-widget-container\">\n\t\t\t\t\t<div class=\"wd-text-block reset-last-child text-left\">\n\t\t\t\n\t\t\t<div class=\"row-content r-side\" data-v-b7353816=\"\"><h4>Certificaciones ETA y LAMBDA de Cybenetics<\/h4><article data-v-b7353816=\"\">La SERIE XPG PYLON cuenta con la certificaci\u00f3n de Cybenetics por su eficiencia y nivel de ruido, ubic\u00e1ndose en la cima de su categor\u00eda tanto en el est\u00e1ndar ETA como en el est\u00e1ndar LAMBDA. <br \/><br \/><\/article><\/div>\n\t\t\t\t\t<\/div>\n\t\t\t\t<\/div>\n\t\t\t\t<\/div>\n\t\t\t\t<div class=\"elementor-element elementor-element-4b5326b elementor-widget elementor-widget-wd_text_block\" data-id=\"4b5326b\" data-element_type=\"widget\" data-widget_type=\"wd_text_block.default\">\n\t\t\t\t<div class=\"elementor-widget-container\">\n\t\t\t\t\t<div class=\"wd-text-block reset-last-child text-left\">\n\t\t\t\n\t\t\t<div class=\"row-content\" data-v-b7353816=\"\"><h4>Ventilador de rodamientos hidr\u00e1ulicos (FDB) de 120 mm*<\/h4><article data-v-b7353816=\"\">El control del ventilador integrado del rodamiento hidr\u00e1ulico (FDB) de 120\u00a0mm comienza a aproximadamente 700\u00a0r.p.m. (temperatura ambiente de 25\u00a0\u00b0C) y mantiene su baja velocidad del ventilador hasta aproximadamente el 70\u00a0% de la carga de potencia. <br \/>El entorno operativo se mantiene silencioso y eficiente, y prolonga su vida \u00fatil.<\/article><\/div>\n\t\t\t\t\t<\/div>\n\t\t\t\t<\/div>\n\t\t\t\t<\/div>\n\t\t\t\t<div class=\"elementor-element elementor-element-a953a45 elementor-widget elementor-widget-wd_text_block\" data-id=\"a953a45\" data-element_type=\"widget\" data-widget_type=\"wd_text_block.default\">\n\t\t\t\t<div class=\"elementor-widget-container\">\n\t\t\t\t\t<div class=\"wd-text-block reset-last-child text-left\">\n\t\t\t\n\t\t\t<div class=\"row-content r-side\" data-v-b7353816=\"\"><h4>Condensador principal japon\u00e9s a 105\u00a0\u00b0C<\/h4><article data-v-b7353816=\"\">El condensador principal japon\u00e9s de 105\u00a0\u00b0C de la serie XPG PYLON Bronze garantiza una gran durabilidad y ofrece la mayor estabilidad y fiabilidad.<\/article><\/div>\n\t\t\t\t\t<\/div>\n\t\t\t\t<\/div>\n\t\t\t\t<\/div>\n\t\t\t\t\t<\/div>\n\t\t<\/div>\n\t\t\t\t<div class=\"elementor-column elementor-col-33 elementor-top-column elementor-element elementor-element-dffdc91\" data-id=\"dffdc91\" data-element_type=\"column\">\n\t\t\t<div class=\"elementor-widget-wrap elementor-element-populated\">\n\t\t\t\t\t\t\t\t<div class=\"elementor-element elementor-element-f4bb4cf elementor-widget elementor-widget-wd_text_block\" data-id=\"f4bb4cf\" data-element_type=\"widget\" data-widget_type=\"wd_text_block.default\">\n\t\t\t\t<div class=\"elementor-widget-container\">\n\t\t\t\t\t<div class=\"wd-text-block reset-last-child text-left\">\n\t\t\t\n\t\t\t<div class=\"row-content r-side\" data-v-b7353816=\"\"><div class=\"row-content\" data-v-b7353816=\"\"><h4>8 protecciones de nivel industrial<\/h4><article data-v-b7353816=\"\">La fuente de alimentaci\u00f3n XPG\u00a0PYLON est\u00e1 dise\u00f1ada para ofrecer eficiencia y seguridad, y cuenta con el respaldo de una garant\u00eda de 3 a\u00f1os. Se incluyen protecciones fundamentales como OPP, UVP, OVP, SCP, OTP y OCP, as\u00ed como NLO y SIP, que se encuentran en fuentes de alimentaci\u00f3n de gama media a alta, que ofrecen uno de los est\u00e1ndares m\u00e1s altos de estabilidad y seguridad en esta categor\u00eda.<\/article><\/div><\/div>\n\t\t\t\t\t<\/div>\n\t\t\t\t<\/div>\n\t\t\t\t<\/div>\n\t\t\t\t<div class=\"elementor-element elementor-element-af8cadc elementor-widget elementor-widget-wd_text_block\" data-id=\"af8cadc\" data-element_type=\"widget\" data-widget_type=\"wd_text_block.default\">\n\t\t\t\t<div class=\"elementor-widget-container\">\n\t\t\t\t\t<div class=\"wd-text-block reset-last-child text-left\">\n\t\t\t\n\t\t\t<div class=\"row-content\" data-v-b7353816=\"\"><h4>Certificaci\u00f3n 80 Plus Bronze<\/h4><article data-v-b7353816=\"\">XPG PYLON es una unidad de fuente de alimentaci\u00f3n con la certificaci\u00f3n 80\u00a0Plus Bronze que garantiza la eficiencia energ\u00e9tica al 20\u00a0%, 50\u00a0% y 100\u00a0% de las cargas nominales. La fuente de alimentaci\u00f3n XPG PYLON tambi\u00e9n cumple el reglamento ErP 2014 Lote 3, y est\u00e1 dise\u00f1ada para un funcionamiento continuo del sistema de alimentaci\u00f3n de manera ininterrumpida 24\/7.<\/article><\/div>\n\t\t\t\t\t<\/div>\n\t\t\t\t<\/div>\n\t\t\t\t<\/div>\n\t\t\t\t\t<\/div>\n\t\t<\/div>\n\t\t\t\t\t\t\t<\/div>\n\t\t<\/section>\n\t\t\t\t\t\t<\/div>\n\t\t\t\t\t<\/div>\n\t\t","protected":false},"excerpt":{"rendered":"<h4>Caracter\u00edsticas principales:<\/h4>\n<ul class=\"ul1\">\n<li class=\"li2\"><span class=\"s1\">Certificaci\u00f3n 80PLUS BRONZE<\/span><\/li>\n<li class=\"li2\"><span class=\"s1\">Alimentaci\u00f3n continua para un funcionamiento ininterrumpido del sistema (24\/7)<\/span><\/li>\n<li class=\"li2\"><span class=\"s1\">Rendimiento de ventilador silencioso FDB de 120 mm*<\/span><\/li>\n<\/ul>\n","protected":false},"featured_media":9721,"comment_status":"open","ping_status":"closed","template":"","meta":[],"product_cat":[20,72,97],"product_tag":[112],"class_list":["post-9967","product","type-product","status-publish","has-post-thumbnail","hentry","product_cat-hardware","product_cat-fuente-de-poder","product_cat-adata","product_tag-xpg","pa_brand-adata"],"_links":{"self":[{"href":"https:\/\/tzila.mx\/dev\/wp-json\/wp\/v2\/product\/9967","targetHints":{"allow":["GET"]}}],"collection":[{"href":"https:\/\/tzila.mx\/dev\/wp-json\/wp\/v2\/product"}],"about":[{"href":"https:\/\/tzila.mx\/dev\/wp-json\/wp\/v2\/types\/product"}],"replies":[{"embeddable":true,"href":"https:\/\/tzila.mx\/dev\/wp-json\/wp\/v2\/comments?post=9967"}],"version-history":[{"count":15,"href":"https:\/\/tzila.mx\/dev\/wp-json\/wp\/v2\/product\/9967\/revisions"}],"predecessor-version":[{"id":10262,"href":"https:\/\/tzila.mx\/dev\/wp-json\/wp\/v2\/product\/9967\/revisions\/10262"}],"wp:featuredmedia":[{"embeddable":true,"href":"https:\/\/tzila.mx\/dev\/wp-json\/wp\/v2\/media\/9721"}],"wp:attachment":[{"href":"https:\/\/tzila.mx\/dev\/wp-json\/wp\/v2\/media?parent=9967"}],"wp:term":[{"taxonomy":"product_cat","embeddable":true,"href":"https:\/\/tzila.mx\/dev\/wp-json\/wp\/v2\/product_cat?post=9967"},{"taxonomy":"product_tag","embeddable":true,"href":"https:\/\/tzila.mx\/dev\/wp-json\/wp\/v2\/product_tag?post=9967"}],"curies":[{"name":"wp","href":"https:\/\/api.w.org\/{rel}","templated":true}]}}