{"id":9723,"date":"2022-03-01T01:42:37","date_gmt":"2022-03-01T07:42:37","guid":{"rendered":"https:\/\/tzila.mx\/dev\/?post_type=product&#038;p=9723"},"modified":"2022-06-16T16:13:01","modified_gmt":"2022-06-16T21:13:01","slug":"mouse-para-juegos-xpg-primer","status":"publish","type":"product","link":"https:\/\/tzila.mx\/dev\/producto\/mouse-para-juegos-xpg-primer\/","title":{"rendered":"Mouse para juegos XPG Primer"},"content":{"rendered":"\t\t<div data-elementor-type=\"wp-post\" data-elementor-id=\"9723\" class=\"elementor elementor-9723\" data-elementor-settings=\"[]\">\n\t\t\t\t\t\t\t<div class=\"elementor-section-wrap\">\n\t\t\t\t\t\t\t<section class=\"elementor-section elementor-top-section elementor-element elementor-element-bc36c1c elementor-section-boxed elementor-section-height-default elementor-section-height-default wd-section-disabled\" data-id=\"bc36c1c\" data-element_type=\"section\">\n\t\t\t\t\t\t<div class=\"elementor-container elementor-column-gap-default\">\n\t\t\t\t\t<div class=\"elementor-column elementor-col-33 elementor-top-column elementor-element elementor-element-d928431\" data-id=\"d928431\" data-element_type=\"column\">\n\t\t\t<div class=\"elementor-widget-wrap elementor-element-populated\">\n\t\t\t\t\t\t\t\t<div class=\"elementor-element elementor-element-b37491a elementor-widget elementor-widget-wd_text_block\" data-id=\"b37491a\" data-element_type=\"widget\" data-widget_type=\"wd_text_block.default\">\n\t\t\t\t<div class=\"elementor-widget-container\">\n\t\t\t\t\t<div class=\"wd-text-block reset-last-child text-left\">\n\t\t\t\n\t\t\t<h5><strong>M\u00c1S ESPECIFICACIONES<\/strong><strong>:<\/strong><\/h5>\n\t\t\t\t\t<\/div>\n\t\t\t\t<\/div>\n\t\t\t\t<\/div>\n\t\t\t\t<div class=\"elementor-element elementor-element-46f30a5 elementor-widget elementor-widget-wd_text_block\" data-id=\"46f30a5\" data-element_type=\"widget\" data-widget_type=\"wd_text_block.default\">\n\t\t\t\t<div class=\"elementor-widget-container\">\n\t\t\t\t\t<div class=\"wd-text-block reset-last-child text-left\">\n\t\t\t\n\t\t\t<ul><li>Superficie duradera de doble capa con PBT<\/li><li>Peso equilibrado de 98 g \u00b1 5 %<\/li><li>Agarres laterales texturizados para comodidad durante largas sesiones<\/li><li>Cable trenzado ultraligero<\/li><li>Efectos de iluminaci\u00f3n RGB seleccionables<\/li><li>Sensor \u00f3ptico PMW3360 de 12 000 PPP<\/li><li>Interruptores mec\u00e1nicos Omron con durabilidad de 20 millones de clics<\/li><li>Rueda de desplazamiento t\u00e1ctil para un mayor control<\/li><\/ul>\n\t\t\t\t\t<\/div>\n\t\t\t\t<\/div>\n\t\t\t\t<\/div>\n\t\t\t\t\t<\/div>\n\t\t<\/div>\n\t\t\t\t<div class=\"elementor-column elementor-col-66 elementor-top-column elementor-element elementor-element-2b9305b\" data-id=\"2b9305b\" data-element_type=\"column\">\n\t\t\t<div class=\"elementor-widget-wrap elementor-element-populated\">\n\t\t\t\t\t\t\t\t<div class=\"elementor-element elementor-element-d201c77 elementor-widget elementor-widget-wd_image_or_svg\" data-id=\"d201c77\" data-element_type=\"widget\" data-widget_type=\"wd_image_or_svg.default\">\n\t\t\t\t<div class=\"elementor-widget-container\">\n\t\t\t\n\t\t<div class=\"wd-image text-center\">\n\t\t\t\t\t\t\t\t<img decoding=\"async\" src=\"https:\/\/tzila.mx\/dev\/wp-content\/uploads\/elementor\/thumbs\/productGallery7502-pl7sye3vmiibh8n9k6ahulicxisf2bs9qhlqpzness.jpg\" title=\"productGallery7502\" alt=\"productGallery7502\" \/>\t\t\t\t\t<\/div>\n\n\t\t\t\t<\/div>\n\t\t\t\t<\/div>\n\t\t\t\t\t<\/div>\n\t\t<\/div>\n\t\t\t\t\t\t\t<\/div>\n\t\t<\/section>\n\t\t\t\t<section class=\"elementor-section elementor-top-section elementor-element elementor-element-4d0b110 elementor-section-boxed elementor-section-height-default elementor-section-height-default wd-section-disabled\" data-id=\"4d0b110\" data-element_type=\"section\">\n\t\t\t\t\t\t<div class=\"elementor-container elementor-column-gap-default\">\n\t\t\t\t\t<div class=\"elementor-column elementor-col-33 elementor-top-column elementor-element elementor-element-8fbbfbe\" data-id=\"8fbbfbe\" data-element_type=\"column\">\n\t\t\t<div class=\"elementor-widget-wrap elementor-element-populated\">\n\t\t\t\t\t\t\t\t<div class=\"elementor-element elementor-element-0937139 elementor-widget elementor-widget-wd_text_block\" data-id=\"0937139\" data-element_type=\"widget\" data-widget_type=\"wd_text_block.default\">\n\t\t\t\t<div class=\"elementor-widget-container\">\n\t\t\t\t\t<div class=\"wd-text-block reset-last-child text-left\">\n\t\t\t\n\t\t\t<h4>LA VICTORIA EST\u00c1 EN SUS MANOS<\/h4><p>Presentamos el rat\u00f3n para juegos XPG PRIMER. Tanto si es un veterano al que le gusta un rat\u00f3n simple con actitud como si es un novato que busca mejorar su destreza en los juegos, XPG PRIMER es para usted. Sus interruptores Omron con un valor nominal de 20 millones de clics, un sensor \u00f3ptico con hasta 12 000 PPP y una gran cantidad de toques de dise\u00f1o para mayor comodidad, precisi\u00f3n, durabilidad y estilo, \u00a1el rat\u00f3n XPG PRIMER est\u00e1 listo para mejorar su juego!<\/p>\n\t\t\t\t\t<\/div>\n\t\t\t\t<\/div>\n\t\t\t\t<\/div>\n\t\t\t\t<div class=\"elementor-element elementor-element-b82f40a elementor-widget elementor-widget-wd_text_block\" data-id=\"b82f40a\" data-element_type=\"widget\" data-widget_type=\"wd_text_block.default\">\n\t\t\t\t<div class=\"elementor-widget-container\">\n\t\t\t\t\t<div class=\"wd-text-block reset-last-child text-left\">\n\t\t\t\n\t\t\t<h4>Compatible con XPG PRIME<\/h4><article data-v-b7353816=\"\">El software XPG PRIME posibilita impresionantes efectos de luz RGB que se pueden ajustar como desee. Adem\u00e1s, puede reasignar teclas o programar teclas de macro, lo que le permite activar pr\u00e1cticamente cualquier cosa con solo presionar un bot\u00f3n.<\/article>\n\t\t\t\t\t<\/div>\n\t\t\t\t<\/div>\n\t\t\t\t<\/div>\n\t\t\t\t<div class=\"elementor-element elementor-element-2c785ca elementor-widget elementor-widget-wd_text_block\" data-id=\"2c785ca\" data-element_type=\"widget\" data-widget_type=\"wd_text_block.default\">\n\t\t\t\t<div class=\"elementor-widget-container\">\n\t\t\t\t\t<div class=\"wd-text-block reset-last-child text-left\">\n\t\t\t\n\t\t\t<h4>Superficie duradera de doble capa con PBT (tereftalato de polibutileno)<\/h4><article data-v-b7353816=\"\">La carcasa externa del rat\u00f3n XPG PRIMER est\u00e1 fabricada con PBT de doble capa duradero para una superficie lisa y, al mismo tiempo, no resbaladiza que se mantiene limpia y no se desgastar\u00e1 ni se desvanecer\u00e1 despu\u00e9s de un uso prolongado.<\/article>\n\t\t\t\t\t<\/div>\n\t\t\t\t<\/div>\n\t\t\t\t<\/div>\n\t\t\t\t\t<\/div>\n\t\t<\/div>\n\t\t\t\t<div class=\"elementor-column elementor-col-33 elementor-top-column elementor-element elementor-element-1fc766c\" data-id=\"1fc766c\" data-element_type=\"column\">\n\t\t\t<div class=\"elementor-widget-wrap elementor-element-populated\">\n\t\t\t\t\t\t\t\t<div class=\"elementor-element elementor-element-747c643 elementor-widget elementor-widget-wd_text_block\" data-id=\"747c643\" data-element_type=\"widget\" data-widget_type=\"wd_text_block.default\">\n\t\t\t\t<div class=\"elementor-widget-container\">\n\t\t\t\t\t<div class=\"wd-text-block reset-last-child text-left\">\n\t\t\t\n\t\t\t<h4>Comodidad durante largas sesiones<\/h4><article data-v-b7353816=\"\">El rat\u00f3n XPG PRIMER cuenta con agarres laterales texturizados con propiedades antideslizantes para una excelente tracci\u00f3n y partidas c\u00f3modas.<br \/>Adem\u00e1s, tiene el peso ideal (98\u00a0g \u00b15\u00a0%), por lo que no es demasiado pesado ni demasiado ligero y est\u00e1 perfectamente equilibrado para movimientos precisos.<\/article>\n\t\t\t\t\t<\/div>\n\t\t\t\t<\/div>\n\t\t\t\t<\/div>\n\t\t\t\t<div class=\"elementor-element elementor-element-137e6be elementor-widget elementor-widget-wd_text_block\" data-id=\"137e6be\" data-element_type=\"widget\" data-widget_type=\"wd_text_block.default\">\n\t\t\t\t<div class=\"elementor-widget-container\">\n\t\t\t\t\t<div class=\"wd-text-block reset-last-child text-left\">\n\t\t\t\n\t\t\t<h4>Cable trenzado ultraligero<\/h4><article data-v-b7353816=\"\">Los cables trenzados tradicionales pueden ser duros, gruesos y engorrosos. Teniendo esto en cuenta, el rat\u00f3n XPG PRIMER cuenta con un cable trenzado ultraligero y el\u00e1stico que es duradero, suave y delgado para un control m\u00e1s suave.<\/article>\n\t\t\t\t\t<\/div>\n\t\t\t\t<\/div>\n\t\t\t\t<\/div>\n\t\t\t\t<div class=\"elementor-element elementor-element-b229612 elementor-widget elementor-widget-wd_text_block\" data-id=\"b229612\" data-element_type=\"widget\" data-widget_type=\"wd_text_block.default\">\n\t\t\t\t<div class=\"elementor-widget-container\">\n\t\t\t\t\t<div class=\"wd-text-block reset-last-child text-left\">\n\t\t\t\n\t\t\t<h4>Efectos de iluminaci\u00f3n RGB seleccionables<\/h4><article data-v-b7353816=\"\">El rat\u00f3n XPG PRIMER cuenta con impresionantes efectos de iluminaci\u00f3n RGB seleccionables que lo transportar\u00e1n al ambiente de juego adecuado. El bot\u00f3n RGB alterna entre tres configuraciones de efectos de luz predefinidas. Simplemente tiene que presionar el bot\u00f3n RGB para obtener el efecto deseado.<\/article>\n\t\t\t\t\t<\/div>\n\t\t\t\t<\/div>\n\t\t\t\t<\/div>\n\t\t\t\t\t<\/div>\n\t\t<\/div>\n\t\t\t\t<div class=\"elementor-column elementor-col-33 elementor-top-column elementor-element elementor-element-229b2f4\" data-id=\"229b2f4\" data-element_type=\"column\">\n\t\t\t<div class=\"elementor-widget-wrap elementor-element-populated\">\n\t\t\t\t\t\t\t\t<div class=\"elementor-element elementor-element-5319921 elementor-widget elementor-widget-wd_text_block\" data-id=\"5319921\" data-element_type=\"widget\" data-widget_type=\"wd_text_block.default\">\n\t\t\t\t<div class=\"elementor-widget-container\">\n\t\t\t\t\t<div class=\"wd-text-block reset-last-child text-left\">\n\t\t\t\n\t\t\t<h4>Sensor \u00f3ptico PMW3360 de 12 000 PPP<\/h4><article data-v-b7353816=\"\">Armado con un sensor \u00f3ptico PMW3360, el rat\u00f3n XPG PRIMER ofrece el equilibrio perfecto de valor, precisi\u00f3n y calidad. Con seis configuraciones de PPP predefinidas desde 400 hasta 12\u00a0000, elija la resoluci\u00f3n que mejor se adapte a sus necesidades.<\/article>\n\t\t\t\t\t<\/div>\n\t\t\t\t<\/div>\n\t\t\t\t<\/div>\n\t\t\t\t<div class=\"elementor-element elementor-element-c30869d elementor-widget elementor-widget-wd_text_block\" data-id=\"c30869d\" data-element_type=\"widget\" data-widget_type=\"wd_text_block.default\">\n\t\t\t\t<div class=\"elementor-widget-container\">\n\t\t\t\t\t<div class=\"wd-text-block reset-last-child text-left\">\n\t\t\t\n\t\t\t<h4>Interruptores mec\u00e1nicos Omron con durabilidad de 20 millones de clics<\/h4><article data-v-b7353816=\"\">Disfrute de una ejecuci\u00f3n perfecta con respuestas de actuaci\u00f3n de alto rendimiento con los interruptores Omron. Estos interruptores tienen un valor nominal de 20 millones de clics para una alta durabilidad y confiabilidad, y una alta tasa de rendimiento de producci\u00f3n.<\/article>\n\t\t\t\t\t<\/div>\n\t\t\t\t<\/div>\n\t\t\t\t<\/div>\n\t\t\t\t<div class=\"elementor-element elementor-element-be11be5 elementor-widget elementor-widget-wd_button\" data-id=\"be11be5\" data-element_type=\"widget\" data-widget_type=\"wd_button.default\">\n\t\t\t\t<div class=\"elementor-widget-container\">\n\t\t\t\t\t<div class=\"wd-button-wrapper text-center\" >\n\t\t\t<a class=\"btn btn-style-link btn-shape- btn-size-large btn-scheme-light btn-scheme-hover-dark btn-icon-pos-right\"  href=\"https:\/\/webapi3.adata.com\/storage\/downloadfile\/XPG%20PRIMER%20gaming%20mouse%20DATASHEET_Final.pdf\" target=\"_blank\">\n\t\t\t\t<span class=\"wd-btn-text\" data-elementor-setting-key=\"text\">\n\t\t\t\t\tSaber m\u00e1s\t\t\t\t<\/span>\n\n\t\t\t\t\t\t\t<\/a>\n\t\t<\/div>\n\t\t\t\t<\/div>\n\t\t\t\t<\/div>\n\t\t\t\t\t<\/div>\n\t\t<\/div>\n\t\t\t\t\t\t\t<\/div>\n\t\t<\/section>\n\t\t\t\t\t\t<\/div>\n\t\t\t\t\t<\/div>\n\t\t","protected":false},"excerpt":{"rendered":"<p>XPG \uff5c Setup \uff5cMouse Adata XPG Primer Al\u00e1mbrico USB A, 12,000 DPI Optico, 50G,\u00a0 250 IPS, LED Negro<\/p>\n","protected":false},"featured_media":9727,"comment_status":"open","ping_status":"closed","template":"","meta":[],"product_cat":[28,81,97],"product_tag":[112],"class_list":["post-9723","product","type-product","status-publish","has-post-thumbnail","hentry","product_cat-setup","product_cat-mouse-gamer","product_cat-adata","product_tag-xpg","pa_brand-adata"],"_links":{"self":[{"href":"https:\/\/tzila.mx\/dev\/wp-json\/wp\/v2\/product\/9723","targetHints":{"allow":["GET"]}}],"collection":[{"href":"https:\/\/tzila.mx\/dev\/wp-json\/wp\/v2\/product"}],"about":[{"href":"https:\/\/tzila.mx\/dev\/wp-json\/wp\/v2\/types\/product"}],"replies":[{"embeddable":true,"href":"https:\/\/tzila.mx\/dev\/wp-json\/wp\/v2\/comments?post=9723"}],"version-history":[{"count":13,"href":"https:\/\/tzila.mx\/dev\/wp-json\/wp\/v2\/product\/9723\/revisions"}],"predecessor-version":[{"id":15394,"href":"https:\/\/tzila.mx\/dev\/wp-json\/wp\/v2\/product\/9723\/revisions\/15394"}],"wp:featuredmedia":[{"embeddable":true,"href":"https:\/\/tzila.mx\/dev\/wp-json\/wp\/v2\/media\/9727"}],"wp:attachment":[{"href":"https:\/\/tzila.mx\/dev\/wp-json\/wp\/v2\/media?parent=9723"}],"wp:term":[{"taxonomy":"product_cat","embeddable":true,"href":"https:\/\/tzila.mx\/dev\/wp-json\/wp\/v2\/product_cat?post=9723"},{"taxonomy":"product_tag","embeddable":true,"href":"https:\/\/tzila.mx\/dev\/wp-json\/wp\/v2\/product_tag?post=9723"}],"curies":[{"name":"wp","href":"https:\/\/api.w.org\/{rel}","templated":true}]}}