{"id":344,"date":"2021-08-27T06:48:12","date_gmt":"2021-08-27T11:48:12","guid":{"rendered":"http:\/\/dummy.xtemos.com\/woodmart2\/elementor\/?post_type=product&#038;p=344"},"modified":"2022-06-16T16:12:03","modified_gmt":"2022-06-16T21:12:03","slug":"audifonos-gaming-xpg-emix-h20","status":"publish","type":"product","link":"https:\/\/tzila.mx\/dev\/producto\/audifonos-gaming-xpg-emix-h20\/","title":{"rendered":"Aud\u00edfonos Gaming XPG EMIX H20"},"content":{"rendered":"\t\t<div data-elementor-type=\"wp-post\" data-elementor-id=\"344\" class=\"elementor elementor-344\" data-elementor-settings=\"[]\">\n\t\t\t\t\t\t\t<div class=\"elementor-section-wrap\">\n\t\t\t\t\t\t\t<section class=\"elementor-section elementor-top-section elementor-element elementor-element-451a2a5 elementor-section-boxed elementor-section-height-default elementor-section-height-default wd-section-disabled\" data-id=\"451a2a5\" data-element_type=\"section\">\n\t\t\t\t\t\t<div class=\"elementor-container elementor-column-gap-default\">\n\t\t\t\t\t<div class=\"elementor-column elementor-col-33 elementor-top-column elementor-element elementor-element-f80c7c0\" data-id=\"f80c7c0\" data-element_type=\"column\">\n\t\t\t<div class=\"elementor-widget-wrap elementor-element-populated\">\n\t\t\t\t\t\t\t\t<div class=\"elementor-element elementor-element-98ec264 elementor-widget elementor-widget-wd_text_block\" data-id=\"98ec264\" data-element_type=\"widget\" data-widget_type=\"wd_text_block.default\">\n\t\t\t\t<div class=\"elementor-widget-container\">\n\t\t\t\t\t<div class=\"wd-text-block reset-last-child text-left\">\n\t\t\t\n\t\t\t<h5><strong>M\u00c1S ESPECIFICACIONES<\/strong><strong>:<\/strong><\/h5>\n\t\t\t\t\t<\/div>\n\t\t\t\t<\/div>\n\t\t\t\t<\/div>\n\t\t\t\t<div class=\"elementor-element elementor-element-b6adc5a elementor-widget elementor-widget-wd_text_block\" data-id=\"b6adc5a\" data-element_type=\"widget\" data-widget_type=\"wd_text_block.default\">\n\t\t\t\t<div class=\"elementor-widget-container\">\n\t\t\t\t\t<div class=\"wd-text-block reset-last-child text-left\">\n\t\t\t\n\t\t\t<ul><li>Precisi\u00f3n posicional con sonido envolvente virtual 7.1<\/li><li>Inmersi\u00f3n auditiva con transductores de alta fidelidad de 50 mm<\/li><li>Ambi\u00e9ntese para la batalla con RGB<\/li><li>Micr\u00f3fono ajustable<\/li><\/ul>\n\t\t\t\t\t<\/div>\n\t\t\t\t<\/div>\n\t\t\t\t<\/div>\n\t\t\t\t\t<\/div>\n\t\t<\/div>\n\t\t\t\t<div class=\"elementor-column elementor-col-66 elementor-top-column elementor-element elementor-element-ce99f7c\" data-id=\"ce99f7c\" data-element_type=\"column\">\n\t\t\t<div class=\"elementor-widget-wrap elementor-element-populated\">\n\t\t\t\t\t\t\t\t<div class=\"elementor-element elementor-element-f9e30d0 elementor-widget elementor-widget-wd_image_or_svg\" data-id=\"f9e30d0\" data-element_type=\"widget\" data-widget_type=\"wd_image_or_svg.default\">\n\t\t\t\t<div class=\"elementor-widget-container\">\n\t\t\t\n\t\t<div class=\"wd-image text-center\">\n\t\t\t\t\t\t\t\t<img loading=\"lazy\" decoding=\"async\" width=\"1920\" height=\"648\" src=\"https:\/\/tzila.mx\/dev\/wp-content\/uploads\/2021\/08\/xpg_emix_h20_1920x648.jpg\" class=\"attachment-full size-full\" alt=\"\" srcset=\"https:\/\/tzila.mx\/dev\/wp-content\/uploads\/2021\/08\/xpg_emix_h20_1920x648.jpg 1920w, https:\/\/tzila.mx\/dev\/wp-content\/uploads\/2021\/08\/xpg_emix_h20_1920x648-400x135.jpg 400w, https:\/\/tzila.mx\/dev\/wp-content\/uploads\/2021\/08\/xpg_emix_h20_1920x648-1300x439.jpg 1300w, https:\/\/tzila.mx\/dev\/wp-content\/uploads\/2021\/08\/xpg_emix_h20_1920x648-768x259.jpg 768w, https:\/\/tzila.mx\/dev\/wp-content\/uploads\/2021\/08\/xpg_emix_h20_1920x648-1536x518.jpg 1536w, https:\/\/tzila.mx\/dev\/wp-content\/uploads\/2021\/08\/xpg_emix_h20_1920x648-860x290.jpg 860w, https:\/\/tzila.mx\/dev\/wp-content\/uploads\/2021\/08\/xpg_emix_h20_1920x648-1320x446.jpg 1320w, https:\/\/tzila.mx\/dev\/wp-content\/uploads\/2021\/08\/xpg_emix_h20_1920x648-430x145.jpg 430w, https:\/\/tzila.mx\/dev\/wp-content\/uploads\/2021\/08\/xpg_emix_h20_1920x648-700x236.jpg 700w, https:\/\/tzila.mx\/dev\/wp-content\/uploads\/2021\/08\/xpg_emix_h20_1920x648-150x51.jpg 150w\" sizes=\"auto, (max-width: 1920px) 100vw, 1920px\" \/>\t\t\t\t\t<\/div>\n\n\t\t\t\t<\/div>\n\t\t\t\t<\/div>\n\t\t\t\t\t<\/div>\n\t\t<\/div>\n\t\t\t\t\t\t\t<\/div>\n\t\t<\/section>\n\t\t\t\t<section class=\"elementor-section elementor-top-section elementor-element elementor-element-843982b elementor-section-boxed elementor-section-height-default elementor-section-height-default wd-section-disabled\" data-id=\"843982b\" data-element_type=\"section\">\n\t\t\t\t\t\t<div class=\"elementor-container elementor-column-gap-default\">\n\t\t\t\t\t<div class=\"elementor-column elementor-col-33 elementor-top-column elementor-element elementor-element-59a799e\" data-id=\"59a799e\" data-element_type=\"column\">\n\t\t\t<div class=\"elementor-widget-wrap elementor-element-populated\">\n\t\t\t\t\t\t\t\t<div class=\"elementor-element elementor-element-a3e5b6f elementor-widget elementor-widget-wd_text_block\" data-id=\"a3e5b6f\" data-element_type=\"widget\" data-widget_type=\"wd_text_block.default\">\n\t\t\t\t<div class=\"elementor-widget-container\">\n\t\t\t\t\t<div class=\"wd-text-block reset-last-child text-left\">\n\t\t\t\n\t\t\t<h4>Escucha el sonido de la victoria<\/h4><p>Tener conciencia de la situaci\u00f3n es clave para ganar en el campo de batalla. Sin ella, sus adversarios le ganar\u00e1n la delantera y le tender\u00e1n una emboscada cuando menos se lo espere. Incline las balanzas a su favor siendo capaz de escuchar a sus enemigos con los auriculares para juegos EMIX H20 equipados con sonido envolvente virtual 7.1. Para mayor comodidad y conveniencia, cuenta con almohadillas giratorias que pueden girar 90\u00b0 para descansar f\u00e1cilmente sobre el cuello durante los descansos.<\/p>\n\t\t\t\t\t<\/div>\n\t\t\t\t<\/div>\n\t\t\t\t<\/div>\n\t\t\t\t<div class=\"elementor-element elementor-element-d3cb8a5 elementor-widget elementor-widget-wd_image_or_svg\" data-id=\"d3cb8a5\" data-element_type=\"widget\" data-widget_type=\"wd_image_or_svg.default\">\n\t\t\t\t<div class=\"elementor-widget-container\">\n\t\t\t\n\t\t<div class=\"wd-image text-center\">\n\t\t\t\t\t\t\t\t<img decoding=\"async\" src=\"https:\/\/tzila.mx\/dev\/wp-content\/uploads\/elementor\/thumbs\/EMIX-H20-2-pp0oxpypbprntglocyvp7z4r4qn71dl2n8qory18z0.png\" title=\"EMIX H20-2\" alt=\"EMIX H20-2\" \/>\t\t\t\t\t<\/div>\n\n\t\t\t\t<\/div>\n\t\t\t\t<\/div>\n\t\t\t\t\t<\/div>\n\t\t<\/div>\n\t\t\t\t<div class=\"elementor-column elementor-col-33 elementor-top-column elementor-element elementor-element-8f820df\" data-id=\"8f820df\" data-element_type=\"column\">\n\t\t\t<div class=\"elementor-widget-wrap elementor-element-populated\">\n\t\t\t\t\t\t\t\t<div class=\"elementor-element elementor-element-a6d313f elementor-widget elementor-widget-wd_text_block\" data-id=\"a6d313f\" data-element_type=\"widget\" data-widget_type=\"wd_text_block.default\">\n\t\t\t\t<div class=\"elementor-widget-container\">\n\t\t\t\t\t<div class=\"wd-text-block reset-last-child text-left\">\n\t\t\t\n\t\t\t<div class=\"row-content r-side\" data-v-b7353816=\"\"><h4>Precisi\u00f3n posicional con sonido envolvente virtual 7.1<\/h4><article data-v-b7353816=\"\">Con el sonido envolvente virtual 7.1, los auriculares EMIX H20 ayudar\u00e1n a aumentar su conocimiento de la situaci\u00f3n. Escuche a sus amigos y enemigos de igual manera, tanto si est\u00e1n delante como detr\u00e1s de usted, y que nunca le pillen por sorpresa.\u00a0<br data-api=\"box-sizing: border-box; margin: 0px; padding: 0px; caret-color: #aaaaaa; color: #aaaaaa; font-family: 'Maven Pro', 'Segoe UI', \u5fae\u8edf\u6b63\u9ed1\u9ad4, 'Microsoft JhengHei', Arial, Helvetica, sans-serif; font-size: 22px;\" \/>(No se requiere la instalaci\u00f3n de software adicional para el sonido envolvente virtual 7.1)<\/article><\/div>\n\t\t\t\t\t<\/div>\n\t\t\t\t<\/div>\n\t\t\t\t<\/div>\n\t\t\t\t<div class=\"elementor-element elementor-element-aeb3f90 elementor-widget elementor-widget-wd_image_or_svg\" data-id=\"aeb3f90\" data-element_type=\"widget\" data-widget_type=\"wd_image_or_svg.default\">\n\t\t\t\t<div class=\"elementor-widget-container\">\n\t\t\t\n\t\t<div class=\"wd-image text-center\">\n\t\t\t\t\t\t\t\t<img decoding=\"async\" src=\"https:\/\/tzila.mx\/dev\/wp-content\/uploads\/elementor\/thumbs\/EMIX-H20-1-pp0oxn56r7n8e1dhhczcze0cyqkw4eap1daeb5mgg4.png\" title=\"EMIX H20-1\" alt=\"EMIX H20-1\" \/>\t\t\t\t\t<\/div>\n\n\t\t\t\t<\/div>\n\t\t\t\t<\/div>\n\t\t\t\t<div class=\"elementor-element elementor-element-4d7b247 elementor-widget elementor-widget-wd_text_block\" data-id=\"4d7b247\" data-element_type=\"widget\" data-widget_type=\"wd_text_block.default\">\n\t\t\t\t<div class=\"elementor-widget-container\">\n\t\t\t\t\t<div class=\"wd-text-block reset-last-child text-left\">\n\t\t\t\n\t\t\t<h4>Ambi\u00e9ntate para la batalla con RGB<\/h4><p>Con un efecto de iluminaci\u00f3n RGB multicolor de respiraci\u00f3n, los auriculares EMIX H20 le ayudar\u00e1n a ambientarse perfectamente para la victoria.<\/p>\n\t\t\t\t\t<\/div>\n\t\t\t\t<\/div>\n\t\t\t\t<\/div>\n\t\t\t\t\t<\/div>\n\t\t<\/div>\n\t\t\t\t<div class=\"elementor-column elementor-col-33 elementor-top-column elementor-element elementor-element-fb140ce\" data-id=\"fb140ce\" data-element_type=\"column\">\n\t\t\t<div class=\"elementor-widget-wrap elementor-element-populated\">\n\t\t\t\t\t\t\t\t<div class=\"elementor-element elementor-element-2003605 elementor-widget elementor-widget-wd_text_block\" data-id=\"2003605\" data-element_type=\"widget\" data-widget_type=\"wd_text_block.default\">\n\t\t\t\t<div class=\"elementor-widget-container\">\n\t\t\t\t\t<div class=\"wd-text-block reset-last-child text-left\">\n\t\t\t\n\t\t\t<div class=\"row-content\" data-v-b7353816=\"\"><h4>Micr\u00f3fono ajustable<\/h4><p>Ajuste la posici\u00f3n del micr\u00f3fono para obtener el mejor efecto y aseg\u00farese de que las l\u00edneas de comunicaci\u00f3n con sus compa\u00f1eros est\u00e9n abiertas, sean altas y claras.<\/p><\/div>\n\t\t\t\t\t<\/div>\n\t\t\t\t<\/div>\n\t\t\t\t<\/div>\n\t\t\t\t<div class=\"elementor-element elementor-element-6145df7 elementor-widget elementor-widget-wd_image_or_svg\" data-id=\"6145df7\" data-element_type=\"widget\" data-widget_type=\"wd_image_or_svg.default\">\n\t\t\t\t<div class=\"elementor-widget-container\">\n\t\t\t\n\t\t<div class=\"wd-image text-center\">\n\t\t\t\t\t\t\t\t<img decoding=\"async\" src=\"https:\/\/tzila.mx\/dev\/wp-content\/uploads\/elementor\/thumbs\/productGallery7065-pl046o6ctgwssm5xcq6qbau98w8y37j1l5zg90fi6c.jpg\" title=\"productGallery7065\" alt=\"productGallery7065\" \/>\t\t\t\t\t<\/div>\n\n\t\t\t\t<\/div>\n\t\t\t\t<\/div>\n\t\t\t\t<div class=\"elementor-element elementor-element-9bc0c20 elementor-widget elementor-widget-wd_text_block\" data-id=\"9bc0c20\" data-element_type=\"widget\" data-widget_type=\"wd_text_block.default\">\n\t\t\t\t<div class=\"elementor-widget-container\">\n\t\t\t\t\t<div class=\"wd-text-block reset-last-child text-left\">\n\t\t\t\n\t\t\t<h4>Inmersi\u00f3n auditiva con transductores de alta fidelidad de 50 mm<\/h4><p>Los auriculares EMIX H20 utilizan transductores de alta fidelidad de 50 mm que proporcionan una calidad de sonido superior con una amplia gama de graves optimizados y de excelente precisi\u00f3n para una inmersi\u00f3n auditiva\u00a0total.<\/p>\n\t\t\t\t\t<\/div>\n\t\t\t\t<\/div>\n\t\t\t\t<\/div>\n\t\t\t\t<div class=\"elementor-element elementor-element-032ea0b elementor-widget elementor-widget-wd_button\" data-id=\"032ea0b\" data-element_type=\"widget\" data-widget_type=\"wd_button.default\">\n\t\t\t\t<div class=\"elementor-widget-container\">\n\t\t\t\t\t<div class=\"wd-button-wrapper text-center\" >\n\t\t\t<a class=\"btn btn-style-link btn-shape- btn-size-large btn-scheme-light btn-scheme-hover-dark btn-icon-pos-right\"  href=\"https:\/\/webapi3.adata.com\/storage\/downloadfile\/Datasheet_XPG_EMIX_H20.pdf\" target=\"_blank\">\n\t\t\t\t<span class=\"wd-btn-text\" data-elementor-setting-key=\"text\">\n\t\t\t\t\tSaber m\u00e1s\t\t\t\t<\/span>\n\n\t\t\t\t\t\t\t<\/a>\n\t\t<\/div>\n\t\t\t\t<\/div>\n\t\t\t\t<\/div>\n\t\t\t\t\t<\/div>\n\t\t<\/div>\n\t\t\t\t\t\t\t<\/div>\n\t\t<\/section>\n\t\t\t\t\t\t<\/div>\n\t\t\t\t\t<\/div>\n\t\t","protected":false},"excerpt":{"rendered":"<h4>Caracter\u00edsticas principales:<\/h4>\n<p><span class=\"s1\">\u25cf<\/span><span class=\"s2\"> Tipo USB<\/span><br \/>\n<span class=\"s1\">\u25cf<\/span><span class=\"s2\"> Al\u00e1mbricos 2.2m<\/span><br \/>\n<span class=\"s1\">\u25cf<\/span><span class=\"s2\"> Iluminaci\u00f3n RGB multicolor<\/span><br \/>\n<span class=\"s1\">\u25cf<\/span><span class=\"s2\"> <span id=\"page21R_mcid18\" class=\"markedContent\"><span dir=\"ltr\" role=\"presentation\">Virtual 7.1 <\/span><span dir=\"ltr\" role=\"presentation\">s<\/span><span dir=\"ltr\" role=\"presentation\">urround <\/span><span dir=\"ltr\" role=\"presentation\">s<\/span><span dir=\"ltr\" role=\"presentation\">ound<\/span><\/span><\/span><\/p>\n","protected":false},"featured_media":9695,"comment_status":"open","ping_status":"closed","template":"","meta":[],"product_cat":[29,85,97],"product_tag":[112],"class_list":["post-344","product","type-product","status-publish","has-post-thumbnail","hentry","product_cat-streaming","product_cat-diadema-gamer","product_cat-adata","product_tag-xpg","pa_brand-adata"],"_links":{"self":[{"href":"https:\/\/tzila.mx\/dev\/wp-json\/wp\/v2\/product\/344","targetHints":{"allow":["GET"]}}],"collection":[{"href":"https:\/\/tzila.mx\/dev\/wp-json\/wp\/v2\/product"}],"about":[{"href":"https:\/\/tzila.mx\/dev\/wp-json\/wp\/v2\/types\/product"}],"replies":[{"embeddable":true,"href":"https:\/\/tzila.mx\/dev\/wp-json\/wp\/v2\/comments?post=344"}],"version-history":[{"count":52,"href":"https:\/\/tzila.mx\/dev\/wp-json\/wp\/v2\/product\/344\/revisions"}],"predecessor-version":[{"id":12640,"href":"https:\/\/tzila.mx\/dev\/wp-json\/wp\/v2\/product\/344\/revisions\/12640"}],"wp:featuredmedia":[{"embeddable":true,"href":"https:\/\/tzila.mx\/dev\/wp-json\/wp\/v2\/media\/9695"}],"wp:attachment":[{"href":"https:\/\/tzila.mx\/dev\/wp-json\/wp\/v2\/media?parent=344"}],"wp:term":[{"taxonomy":"product_cat","embeddable":true,"href":"https:\/\/tzila.mx\/dev\/wp-json\/wp\/v2\/product_cat?post=344"},{"taxonomy":"product_tag","embeddable":true,"href":"https:\/\/tzila.mx\/dev\/wp-json\/wp\/v2\/product_tag?post=344"}],"curies":[{"name":"wp","href":"https:\/\/api.w.org\/{rel}","templated":true}]}}