{"id":17891,"date":"2022-06-30T23:34:33","date_gmt":"2022-07-01T04:34:33","guid":{"rendered":"https:\/\/tzila.mx\/dev\/?post_type=product&#038;p=17891"},"modified":"2022-07-01T00:41:44","modified_gmt":"2022-07-01T05:41:44","slug":"mouse-gamer-evga-x20-inalambrico-ergonomico-rgb","status":"publish","type":"product","link":"https:\/\/tzila.mx\/dev\/producto\/mouse-gamer-evga-x20-inalambrico-ergonomico-rgb\/","title":{"rendered":"Mouse Gamer EVGA X20 Inal\u00e1mbrico Ergon\u00f3mico RGB"},"content":{"rendered":"\t\t<div data-elementor-type=\"wp-post\" data-elementor-id=\"17891\" class=\"elementor elementor-17891\" data-elementor-settings=\"[]\">\n\t\t\t\t\t\t\t<div class=\"elementor-section-wrap\">\n\t\t\t\t\t\t\t<section class=\"elementor-section elementor-top-section elementor-element elementor-element-a77d38a elementor-section-boxed elementor-section-height-default elementor-section-height-default wd-section-disabled\" data-id=\"a77d38a\" data-element_type=\"section\">\n\t\t\t\t\t\t<div class=\"elementor-container elementor-column-gap-default\">\n\t\t\t\t\t<div class=\"elementor-column elementor-col-33 elementor-top-column elementor-element elementor-element-606b0e0\" data-id=\"606b0e0\" data-element_type=\"column\">\n\t\t\t<div class=\"elementor-widget-wrap elementor-element-populated\">\n\t\t\t\t\t\t\t\t<div class=\"elementor-element elementor-element-2efa55d elementor-widget elementor-widget-wd_text_block\" data-id=\"2efa55d\" data-element_type=\"widget\" data-widget_type=\"wd_text_block.default\">\n\t\t\t\t<div class=\"elementor-widget-container\">\n\t\t\t\t\t<div class=\"wd-text-block reset-last-child text-left\">\n\t\t\t\n\t\t\t<h5><strong>M\u00c1S ESPECIFICACIONES<\/strong><strong>:<\/strong><\/h5>\n\t\t\t\t\t<\/div>\n\t\t\t\t<\/div>\n\t\t\t\t<\/div>\n\t\t\t\t<div class=\"elementor-element elementor-element-00b20a9 elementor-widget elementor-widget-wd_text_block\" data-id=\"00b20a9\" data-element_type=\"widget\" data-widget_type=\"wd_text_block.default\">\n\t\t\t\t<div class=\"elementor-widget-container\">\n\t\t\t\t\t<div class=\"wd-text-block reset-last-child text-left\">\n\t\t\t\n\t\t\t<p>\u25cf Sensor principal: Sensor \u00f3ptico PIXART 3335<br \/>\u25cf Sensor secundario: sensor de detecci\u00f3n de distancia de despegue<br \/>\u25cf Tercer sensor: sensor de detecci\u00f3n de distancia de despegue<br \/>\u25cf Cable trenzado de 2 m<br \/>\u25cf Tipo de pies: PTFE de baja fricci\u00f3n<br \/>\u25cf Duraci\u00f3n de la bater\u00eda: 60 horas (sin iluminaci\u00f3n), 24 horas (iluminaci\u00f3n predeterminada)<br \/>\u25cf Velocidad m\u00e1xima de sondeo\/informe USB de velocidad completa: 1 K Hz<br \/>\u25cf N\u00facleo Arm Cortex-M4 de 32 bits (rat\u00f3n) \/ N\u00facleo Arm Cortex-M0 (llave electr\u00f3nica)<br \/>\u25cf Formato de datos USB: 16 bits\/eje<\/p>\n\t\t\t\t\t<\/div>\n\t\t\t\t<\/div>\n\t\t\t\t<\/div>\n\t\t\t\t\t<\/div>\n\t\t<\/div>\n\t\t\t\t<div class=\"elementor-column elementor-col-66 elementor-top-column elementor-element elementor-element-b692253\" data-id=\"b692253\" data-element_type=\"column\">\n\t\t\t<div class=\"elementor-widget-wrap elementor-element-populated\">\n\t\t\t\t\t\t\t\t<div class=\"elementor-element elementor-element-0fefcf7 elementor-widget elementor-widget-wd_image_or_svg\" data-id=\"0fefcf7\" data-element_type=\"widget\" data-widget_type=\"wd_image_or_svg.default\">\n\t\t\t\t<div class=\"elementor-widget-container\">\n\t\t\t\n\t\t<div class=\"wd-image text-center\">\n\t\t\t\t\t\t\t\t<img decoding=\"async\" src=\"https:\/\/tzila.mx\/dev\/wp-content\/uploads\/elementor\/thumbs\/903-W1-17BK-KR-DES-3-pr3yixp7powl1esytyfgoje7887iyeojkezrw2mb9c.png\" title=\"903-W1-17BK-KR-DES-3\" alt=\"903-W1-17BK-KR-DES-3\" \/>\t\t\t\t\t<\/div>\n\n\t\t\t\t<\/div>\n\t\t\t\t<\/div>\n\t\t\t\t\t<\/div>\n\t\t<\/div>\n\t\t\t\t\t\t\t<\/div>\n\t\t<\/section>\n\t\t\t\t<section class=\"elementor-section elementor-top-section elementor-element elementor-element-ec9e38a elementor-section-boxed elementor-section-height-default elementor-section-height-default wd-section-disabled\" data-id=\"ec9e38a\" data-element_type=\"section\">\n\t\t\t\t\t\t<div class=\"elementor-container elementor-column-gap-default\">\n\t\t\t\t\t<div class=\"elementor-column elementor-col-33 elementor-top-column elementor-element elementor-element-c833c6a\" data-id=\"c833c6a\" data-element_type=\"column\">\n\t\t\t<div class=\"elementor-widget-wrap elementor-element-populated\">\n\t\t\t\t\t\t\t\t<div class=\"elementor-element elementor-element-7079fe7 elementor-widget elementor-widget-wd_text_block\" data-id=\"7079fe7\" data-element_type=\"widget\" data-widget_type=\"wd_text_block.default\">\n\t\t\t\t<div class=\"elementor-widget-container\">\n\t\t\t\t\t<div class=\"wd-text-block reset-last-child text-left\">\n\t\t\t\n\t\t\t<h4>Triple sensor con tecnolog\u00eda tridimensional<\/h4><p>EVGA te trae el primer mouse con triple sensor del mundo, con doble sensor de detecci\u00f3n de elevaci\u00f3n y un sensor \u00f3ptico Pixart 3335 en el X20 o un Pixart 3389 en el X17. La mayor\u00eda de los mouse para juegos utilizan el sensor primario o un solo sensor de detecci\u00f3n de elevaci\u00f3n, mientras que los EVGA X20\/X17 utilizan una tecnolog\u00eda de arreglo tridimensional m\u00e1s avanzada. Este sistema utiliza un algoritmo que detecta la posici\u00f3n donde levantas el mouse de la superficie y cuando lo vuelves a apoyar, logrando la detecci\u00f3n m\u00e1s precisa posible de la distancia de elevaci\u00f3n. Este algoritmo tridimensional de EVGA puede detectar un m\u00ednimo de 0.4mm y un m\u00e1ximo de 3mm entre el mouse y la superficie, ajustando din\u00e1micamente la distancia de apagado. Personaliza la distancia de apagado en diferentes direcciones para lograr el gaming m\u00e1s preciso del mundo con el software EVGA Unleash RGB.<\/p>\n\t\t\t\t\t<\/div>\n\t\t\t\t<\/div>\n\t\t\t\t<\/div>\n\t\t\t\t<div class=\"elementor-element elementor-element-a545cbf elementor-widget elementor-widget-wd_image_or_svg\" data-id=\"a545cbf\" data-element_type=\"widget\" data-widget_type=\"wd_image_or_svg.default\">\n\t\t\t\t<div class=\"elementor-widget-container\">\n\t\t\t\n\t\t<div class=\"wd-image text-center\">\n\t\t\t\t\t\t\t\t<img loading=\"lazy\" decoding=\"async\" width=\"1168\" height=\"790\" src=\"https:\/\/tzila.mx\/dev\/wp-content\/uploads\/2022\/06\/903-W1-17BK-KR-DES-1.png\" class=\"attachment-full size-full\" alt=\"\" srcset=\"https:\/\/tzila.mx\/dev\/wp-content\/uploads\/2022\/06\/903-W1-17BK-KR-DES-1.png 1168w, https:\/\/tzila.mx\/dev\/wp-content\/uploads\/2022\/06\/903-W1-17BK-KR-DES-1-400x271.png 400w, https:\/\/tzila.mx\/dev\/wp-content\/uploads\/2022\/06\/903-W1-17BK-KR-DES-1-768x519.png 768w, https:\/\/tzila.mx\/dev\/wp-content\/uploads\/2022\/06\/903-W1-17BK-KR-DES-1-860x582.png 860w, https:\/\/tzila.mx\/dev\/wp-content\/uploads\/2022\/06\/903-W1-17BK-KR-DES-1-430x291.png 430w, https:\/\/tzila.mx\/dev\/wp-content\/uploads\/2022\/06\/903-W1-17BK-KR-DES-1-700x473.png 700w, https:\/\/tzila.mx\/dev\/wp-content\/uploads\/2022\/06\/903-W1-17BK-KR-DES-1-150x101.png 150w\" sizes=\"auto, (max-width: 1168px) 100vw, 1168px\" \/>\t\t\t\t\t<\/div>\n\n\t\t\t\t<\/div>\n\t\t\t\t<\/div>\n\t\t\t\t\t<\/div>\n\t\t<\/div>\n\t\t\t\t<div class=\"elementor-column elementor-col-33 elementor-top-column elementor-element elementor-element-e7b3bda\" data-id=\"e7b3bda\" data-element_type=\"column\">\n\t\t\t<div class=\"elementor-widget-wrap elementor-element-populated\">\n\t\t\t\t\t\t\t\t<div class=\"elementor-element elementor-element-6015f3a elementor-widget elementor-widget-wd_text_block\" data-id=\"6015f3a\" data-element_type=\"widget\" data-widget_type=\"wd_text_block.default\">\n\t\t\t\t<div class=\"elementor-widget-container\">\n\t\t\t\t\t<div class=\"wd-text-block reset-last-child text-left\">\n\t\t\t\n\t\t\t<h4>MECANISMO DE RESPUESTA R\u00c1PIDA<\/h4>\nLos botones izquierdo y derecho del mouse cuentan con resortes de torsi\u00f3n mec\u00e1nica precargados con pesas de 10 gramos para mantener un recorrido m\u00ednimo y as\u00ed permitir que los botones sean m\u00e1s sensibles y reaccionen de manera m\u00e1s r\u00e1pida.\n\t\t\t\t\t<\/div>\n\t\t\t\t<\/div>\n\t\t\t\t<\/div>\n\t\t\t\t<div class=\"elementor-element elementor-element-1715488 elementor-widget elementor-widget-wd_text_block\" data-id=\"1715488\" data-element_type=\"widget\" data-widget_type=\"wd_text_block.default\">\n\t\t\t\t<div class=\"elementor-widget-container\">\n\t\t\t\t\t<div class=\"wd-text-block reset-last-child text-left\">\n\t\t\t\n\t\t\t<h4>SOFTWARE EVGA Unleash RGB<\/h4>\nControl y personalizaci\u00f3n completa con el software EVGA Unleash RGB. Personaliza los botones y la iluminaci\u00f3n RGB.\n\t\t\t\t\t<\/div>\n\t\t\t\t<\/div>\n\t\t\t\t<\/div>\n\t\t\t\t<div class=\"elementor-element elementor-element-c5fef61 elementor-widget elementor-widget-wd_image_or_svg\" data-id=\"c5fef61\" data-element_type=\"widget\" data-widget_type=\"wd_image_or_svg.default\">\n\t\t\t\t<div class=\"elementor-widget-container\">\n\t\t\t\n\t\t<div class=\"wd-image text-left\">\n\t\t\t\t\t\t\t\t<img loading=\"lazy\" decoding=\"async\" width=\"972\" height=\"734\" src=\"https:\/\/tzila.mx\/dev\/wp-content\/uploads\/2022\/06\/903-W1-17BK-KR-DES-4.png\" class=\"attachment-full size-full\" alt=\"\" srcset=\"https:\/\/tzila.mx\/dev\/wp-content\/uploads\/2022\/06\/903-W1-17BK-KR-DES-4.png 972w, https:\/\/tzila.mx\/dev\/wp-content\/uploads\/2022\/06\/903-W1-17BK-KR-DES-4-397x300.png 397w, https:\/\/tzila.mx\/dev\/wp-content\/uploads\/2022\/06\/903-W1-17BK-KR-DES-4-768x580.png 768w, https:\/\/tzila.mx\/dev\/wp-content\/uploads\/2022\/06\/903-W1-17BK-KR-DES-4-860x649.png 860w, https:\/\/tzila.mx\/dev\/wp-content\/uploads\/2022\/06\/903-W1-17BK-KR-DES-4-430x325.png 430w, https:\/\/tzila.mx\/dev\/wp-content\/uploads\/2022\/06\/903-W1-17BK-KR-DES-4-700x529.png 700w, https:\/\/tzila.mx\/dev\/wp-content\/uploads\/2022\/06\/903-W1-17BK-KR-DES-4-150x113.png 150w\" sizes=\"auto, (max-width: 972px) 100vw, 972px\" \/>\t\t\t\t\t<\/div>\n\n\t\t\t\t<\/div>\n\t\t\t\t<\/div>\n\t\t\t\t<div class=\"elementor-element elementor-element-ebf7f6f elementor-widget elementor-widget-wd_text_block\" data-id=\"ebf7f6f\" data-element_type=\"widget\" data-widget_type=\"wd_text_block.default\">\n\t\t\t\t<div class=\"elementor-widget-container\">\n\t\t\t\t\t<div class=\"wd-text-block reset-last-child text-left\">\n\t\t\t\n\t\t\t<h4>CONEXI\u00d3N USB DE ALTA VELOCIDAD<\/h4>\nLos X17 y X15 utilizan un microprocesador USB 2.0 de 32 bits de alta velocidad basado en el n\u00facleo ARM Cortex-M33, soportando una tasa de reporte nativa de 8K Hz, ocho veces la velocidad est\u00e1ndar de 1K Hz en mouse de la competencia, para un mejor tiempo de respuesta y movimientos m\u00e1s precisos.\n\t\t\t\t\t<\/div>\n\t\t\t\t<\/div>\n\t\t\t\t<\/div>\n\t\t\t\t\t<\/div>\n\t\t<\/div>\n\t\t\t\t<div class=\"elementor-column elementor-col-33 elementor-top-column elementor-element elementor-element-ba9b9c1\" data-id=\"ba9b9c1\" data-element_type=\"column\">\n\t\t\t<div class=\"elementor-widget-wrap elementor-element-populated\">\n\t\t\t\t\t\t\t\t<div class=\"elementor-element elementor-element-7e83c82 elementor-widget elementor-widget-wd_text_block\" data-id=\"7e83c82\" data-element_type=\"widget\" data-widget_type=\"wd_text_block.default\">\n\t\t\t\t<div class=\"elementor-widget-container\">\n\t\t\t\t\t<div class=\"wd-text-block reset-last-child text-left\">\n\t\t\t\n\t\t\t<h4>DISE\u00d1ADO PARA JUGAR<\/h4>\nDise\u00f1ado para FPS, el perfil del bot\u00f3n de sniper te permite reducir los DPI al nivel mas bajo para la mayor precisi\u00f3n y exactitud.\n\t\t\t\t\t<\/div>\n\t\t\t\t<\/div>\n\t\t\t\t<\/div>\n\t\t\t\t<div class=\"elementor-element elementor-element-37e7d00 elementor-widget elementor-widget-wd_image_or_svg\" data-id=\"37e7d00\" data-element_type=\"widget\" data-widget_type=\"wd_image_or_svg.default\">\n\t\t\t\t<div class=\"elementor-widget-container\">\n\t\t\t\n\t\t<div class=\"wd-image text-left\">\n\t\t\t\t\t\t\t\t<img decoding=\"async\" src=\"https:\/\/tzila.mx\/dev\/wp-content\/uploads\/elementor\/thumbs\/903-W1-17BK-KR-DES-2-pr3yir47ifjfmkzldqfa4o0jzxx7dzmuy3gmlt93o0.png\" title=\"903-W1-17BK-KR-DES-2\" alt=\"903-W1-17BK-KR-DES-2\" \/>\t\t\t\t\t<\/div>\n\n\t\t\t\t<\/div>\n\t\t\t\t<\/div>\n\t\t\t\t<div class=\"elementor-element elementor-element-6154b6e elementor-widget elementor-widget-wd_text_block\" data-id=\"6154b6e\" data-element_type=\"widget\" data-widget_type=\"wd_text_block.default\">\n\t\t\t\t<div class=\"elementor-widget-container\">\n\t\t\t\t\t<div class=\"wd-text-block reset-last-child text-left\">\n\t\t\t\n\t\t\t<h4>DPI SOBRE LA MARCHA + 5 PERFILES POR HARDWARE<\/h4>\n5 perfiles personalizables por hardware con ajuste de DPI sobre la marcha te permitir\u00e1n llevar tu mouse a donde quieras.\n\t\t\t\t\t<\/div>\n\t\t\t\t<\/div>\n\t\t\t\t<\/div>\n\t\t\t\t<div class=\"elementor-element elementor-element-895c193 elementor-widget elementor-widget-wd_text_block\" data-id=\"895c193\" data-element_type=\"widget\" data-widget_type=\"wd_text_block.default\">\n\t\t\t\t<div class=\"elementor-widget-container\">\n\t\t\t\t\t<div class=\"wd-text-block reset-last-child text-left\">\n\t\t\t\n\t\t\t<h4>BASE DE PTFE CON SUPER BAJA FRICCI\u00d3N<\/h4>\nMovimientos precisos a trav\u00e9s de cualquier superficie gracias a una base hecha con PTFE de alta calidad.\n\t\t\t\t\t<\/div>\n\t\t\t\t<\/div>\n\t\t\t\t<\/div>\n\t\t\t\t<div class=\"elementor-element elementor-element-2c26f13 elementor-widget elementor-widget-wd_text_block\" data-id=\"2c26f13\" data-element_type=\"widget\" data-widget_type=\"wd_text_block.default\">\n\t\t\t\t<div class=\"elementor-widget-container\">\n\t\t\t\t\t<div class=\"wd-text-block reset-last-child text-left\">\n\t\t\t\n\t\t\t<h4>3 MODOS DE CONEXI\u00d3N<\/h4>\nEl mouse para gaming X20 tiene 3 modos de conexi\u00f3n: Una conexi\u00f3n inal\u00e1mbrica de 2.4GHz con velocidad ultra r\u00e1pida de 1ms, una conexi\u00f3n Bluetooth multiprop\u00f3sito, y una conexi\u00f3n USB para utilizarlo durante su carga.\n\t\t\t\t\t<\/div>\n\t\t\t\t<\/div>\n\t\t\t\t<\/div>\n\t\t\t\t<div class=\"elementor-element elementor-element-078b475 elementor-widget elementor-widget-wd_button\" data-id=\"078b475\" data-element_type=\"widget\" data-widget_type=\"wd_button.default\">\n\t\t\t\t<div class=\"elementor-widget-container\">\n\t\t\t\t\t<div class=\"wd-button-wrapper text-center\" >\n\t\t\t<a class=\"btn btn-style-link btn-shape- btn-size-large btn-scheme-light btn-scheme-hover-dark btn-icon-pos-right\"  href=\"https:\/\/latam.evga.com\/products\/product.aspx?pn=903-T1-20BK-KR\" target=\"_blank\">\n\t\t\t\t<span class=\"wd-btn-text\" data-elementor-setting-key=\"text\">\n\t\t\t\t\tSaber m\u00e1s\t\t\t\t<\/span>\n\n\t\t\t\t\t\t\t<\/a>\n\t\t<\/div>\n\t\t\t\t<\/div>\n\t\t\t\t<\/div>\n\t\t\t\t\t<\/div>\n\t\t<\/div>\n\t\t\t\t\t\t\t<\/div>\n\t\t<\/section>\n\t\t\t\t\t\t<\/div>\n\t\t\t\t\t<\/div>\n\t\t","protected":false},"excerpt":{"rendered":"<h4>Caracter\u00edsticas principales:<\/h4>\n<p class=\"p1\"><span class=\"s1\">\u25cf Inal\u00e1mbrico<span class=\"s2\"> 2.4GHz<\/span><\/span><br \/>\n<span class=\"s1\">\u25cf<span class=\"s2\"> Diez botones\u00a0<\/span><\/span><br \/>\n<span class=\"s1\">\u25cf Resoluci\u00f3n 16,000<\/span><span class=\"ItemNumber\">\u00a0dpi<\/span><br \/>\n<span class=\"s1\">\u25cf 3<\/span> Zonas RGB<br \/>\n<span class=\"s1\">\u25cf Triple sensor<\/span><br \/>\n<span class=\"s1\">\u25cf<\/span><span class=\"s2\"> Cinco perfiles<\/span><\/p>\n","protected":false},"featured_media":17900,"comment_status":"open","ping_status":"closed","template":"","meta":[],"product_cat":[28,81,104],"product_tag":[260],"class_list":["post-17891","product","type-product","status-publish","has-post-thumbnail","hentry","product_cat-setup","product_cat-mouse-gamer","product_cat-evga","product_tag-evga","pa_brand-evga"],"_links":{"self":[{"href":"https:\/\/tzila.mx\/dev\/wp-json\/wp\/v2\/product\/17891","targetHints":{"allow":["GET"]}}],"collection":[{"href":"https:\/\/tzila.mx\/dev\/wp-json\/wp\/v2\/product"}],"about":[{"href":"https:\/\/tzila.mx\/dev\/wp-json\/wp\/v2\/types\/product"}],"replies":[{"embeddable":true,"href":"https:\/\/tzila.mx\/dev\/wp-json\/wp\/v2\/comments?post=17891"}],"version-history":[{"count":9,"href":"https:\/\/tzila.mx\/dev\/wp-json\/wp\/v2\/product\/17891\/revisions"}],"predecessor-version":[{"id":17949,"href":"https:\/\/tzila.mx\/dev\/wp-json\/wp\/v2\/product\/17891\/revisions\/17949"}],"wp:featuredmedia":[{"embeddable":true,"href":"https:\/\/tzila.mx\/dev\/wp-json\/wp\/v2\/media\/17900"}],"wp:attachment":[{"href":"https:\/\/tzila.mx\/dev\/wp-json\/wp\/v2\/media?parent=17891"}],"wp:term":[{"taxonomy":"product_cat","embeddable":true,"href":"https:\/\/tzila.mx\/dev\/wp-json\/wp\/v2\/product_cat?post=17891"},{"taxonomy":"product_tag","embeddable":true,"href":"https:\/\/tzila.mx\/dev\/wp-json\/wp\/v2\/product_tag?post=17891"}],"curies":[{"name":"wp","href":"https:\/\/api.w.org\/{rel}","templated":true}]}}