{"id":17823,"date":"2022-06-30T22:14:27","date_gmt":"2022-07-01T03:14:27","guid":{"rendered":"https:\/\/tzila.mx\/dev\/?post_type=product&#038;p=17823"},"modified":"2022-06-30T23:17:47","modified_gmt":"2022-07-01T04:17:47","slug":"enfriamiento-liquido-evga-clc-240mm-all-in-one-rgb-led","status":"publish","type":"product","link":"https:\/\/tzila.mx\/dev\/producto\/enfriamiento-liquido-evga-clc-240mm-all-in-one-rgb-led\/","title":{"rendered":"Enfriamiento Liquido EVGA CLC 240mm All-In-One RGB LED"},"content":{"rendered":"\t\t<div data-elementor-type=\"wp-post\" data-elementor-id=\"17823\" class=\"elementor elementor-17823\" data-elementor-settings=\"[]\">\n\t\t\t\t\t\t\t<div class=\"elementor-section-wrap\">\n\t\t\t\t\t\t\t<section class=\"elementor-section elementor-top-section elementor-element elementor-element-154fe09 elementor-section-boxed elementor-section-height-default elementor-section-height-default wd-section-disabled\" data-id=\"154fe09\" data-element_type=\"section\">\n\t\t\t\t\t\t<div class=\"elementor-container elementor-column-gap-default\">\n\t\t\t\t\t<div class=\"elementor-column elementor-col-33 elementor-top-column elementor-element elementor-element-f14913d\" data-id=\"f14913d\" data-element_type=\"column\">\n\t\t\t<div class=\"elementor-widget-wrap elementor-element-populated\">\n\t\t\t\t\t\t\t\t<div class=\"elementor-element elementor-element-3d30eaf elementor-widget elementor-widget-wd_text_block\" data-id=\"3d30eaf\" data-element_type=\"widget\" data-widget_type=\"wd_text_block.default\">\n\t\t\t\t<div class=\"elementor-widget-container\">\n\t\t\t\t\t<div class=\"wd-text-block reset-last-child text-left\">\n\t\t\t\n\t\t\t<h5><strong>CARACTER\u00cdSTICAS GENERALE<\/strong><strong>S<\/strong><strong>:<\/strong><\/h5>\n\t\t\t\t\t<\/div>\n\t\t\t\t<\/div>\n\t\t\t\t<\/div>\n\t\t\t\t<div class=\"elementor-element elementor-element-6d44079 elementor-widget elementor-widget-wd_text_block\" data-id=\"6d44079\" data-element_type=\"widget\" data-widget_type=\"wd_text_block.default\">\n\t\t\t\t<div class=\"elementor-widget-container\">\n\t\t\t\t\t<div class=\"wd-text-block reset-last-child text-left\">\n\t\t\t\n\t\t\t<p>\u25cf Soluci\u00f3n de refrigeraci\u00f3n todo en uno que es completamente aut\u00f3noma. Sin relleno, sin tubos personalizados, sin mantenimiento. Solo enchufar y jugar.<br \/>\u25cf El radiador integrado de 240 mm y los 2 ventiladores de 120 mm ayudan a disipar el calor manteniendo la CPU lo m\u00e1s fresca posible. El ventilador tambi\u00e9n se puede cambiar o personalizar.<br \/>\u25cf La base de cobre proporciona la m\u00e1xima transferencia de calor.<br \/>\u25cf El sistema de cableado inteligente y los tubos con funda hacen que este sea un enfriador elegante sin los cables desordenados.<br \/>\u25cf Teflon Nano Bearing en los ventiladores reduce el ruido y aumenta la vida \u00fatil, mientras que la carcasa curva mejora el flujo de aire a trav\u00e9s del radiador para limitar la vibraci\u00f3n y el ruido.<br \/>\u25cf Los ventiladores controlados de forma variable permiten una velocidad din\u00e1mica del ventilador basada en la temperatura de la CPU, y la eficiencia del enfriamiento por agua significa que los ventiladores pueden funcionar a una velocidad m\u00e1s baja para reducir el ruido.<\/p>\n\t\t\t\t\t<\/div>\n\t\t\t\t<\/div>\n\t\t\t\t<\/div>\n\t\t\t\t\t<\/div>\n\t\t<\/div>\n\t\t\t\t<div class=\"elementor-column elementor-col-66 elementor-top-column elementor-element elementor-element-1a0b71f\" data-id=\"1a0b71f\" data-element_type=\"column\">\n\t\t\t<div class=\"elementor-widget-wrap elementor-element-populated\">\n\t\t\t\t\t\t\t\t<div class=\"elementor-element elementor-element-6f6445b elementor-widget elementor-widget-wd_image_or_svg\" data-id=\"6f6445b\" data-element_type=\"widget\" data-widget_type=\"wd_image_or_svg.default\">\n\t\t\t\t<div class=\"elementor-widget-container\">\n\t\t\t\n\t\t<div class=\"wd-image text-center\">\n\t\t\t\t\t\t\t\t<img loading=\"lazy\" decoding=\"async\" width=\"879\" height=\"527\" src=\"https:\/\/tzila.mx\/dev\/wp-content\/uploads\/2022\/06\/400-HY-CL28-V1-DES-5.png\" class=\"attachment-full size-full\" alt=\"\" srcset=\"https:\/\/tzila.mx\/dev\/wp-content\/uploads\/2022\/06\/400-HY-CL28-V1-DES-5.png 879w, https:\/\/tzila.mx\/dev\/wp-content\/uploads\/2022\/06\/400-HY-CL28-V1-DES-5-400x240.png 400w, https:\/\/tzila.mx\/dev\/wp-content\/uploads\/2022\/06\/400-HY-CL28-V1-DES-5-768x460.png 768w, https:\/\/tzila.mx\/dev\/wp-content\/uploads\/2022\/06\/400-HY-CL28-V1-DES-5-860x516.png 860w, https:\/\/tzila.mx\/dev\/wp-content\/uploads\/2022\/06\/400-HY-CL28-V1-DES-5-430x258.png 430w, https:\/\/tzila.mx\/dev\/wp-content\/uploads\/2022\/06\/400-HY-CL28-V1-DES-5-700x420.png 700w, https:\/\/tzila.mx\/dev\/wp-content\/uploads\/2022\/06\/400-HY-CL28-V1-DES-5-150x90.png 150w\" sizes=\"auto, (max-width: 879px) 100vw, 879px\" \/>\t\t\t\t\t<\/div>\n\n\t\t\t\t<\/div>\n\t\t\t\t<\/div>\n\t\t\t\t\t<\/div>\n\t\t<\/div>\n\t\t\t\t\t\t\t<\/div>\n\t\t<\/section>\n\t\t\t\t<section class=\"elementor-section elementor-top-section elementor-element elementor-element-f335c48 elementor-section-boxed elementor-section-height-default elementor-section-height-default wd-section-disabled\" data-id=\"f335c48\" data-element_type=\"section\">\n\t\t\t\t\t\t<div class=\"elementor-container elementor-column-gap-default\">\n\t\t\t\t\t<div class=\"elementor-column elementor-col-33 elementor-top-column elementor-element elementor-element-b982906\" data-id=\"b982906\" data-element_type=\"column\">\n\t\t\t<div class=\"elementor-widget-wrap elementor-element-populated\">\n\t\t\t\t\t\t\t\t<div class=\"elementor-element elementor-element-ecdf1c9 elementor-widget elementor-widget-wd_text_block\" data-id=\"ecdf1c9\" data-element_type=\"widget\" data-widget_type=\"wd_text_block.default\">\n\t\t\t\t<div class=\"elementor-widget-container\">\n\t\t\t\t\t<div class=\"wd-text-block reset-last-child text-left\">\n\t\t\t\n\t\t\t<h4>Creado para el Rendimiento<\/h4><p>Un nuevo bloque de enfriamiento ofrece flujo mejorado y una mejor superficie de transferencia de calor para tener mayor eficiencia de enfriamiento<\/p>\n\t\t\t\t\t<\/div>\n\t\t\t\t<\/div>\n\t\t\t\t<\/div>\n\t\t\t\t<div class=\"elementor-element elementor-element-68b9ba0 elementor-widget elementor-widget-wd_image_or_svg\" data-id=\"68b9ba0\" data-element_type=\"widget\" data-widget_type=\"wd_image_or_svg.default\">\n\t\t\t\t<div class=\"elementor-widget-container\">\n\t\t\t\n\t\t<div class=\"wd-image text-center\">\n\t\t\t\t\t\t\t\t<img decoding=\"async\" src=\"https:\/\/tzila.mx\/dev\/wp-content\/uploads\/elementor\/thumbs\/400-HY-CL28-V1-DES-2-pr3tv5i4h6k56ssuw3zmvik1kmh954srnxo6trup5c.png\" title=\"400-HY-CL28-V1-DES-2\" alt=\"400-HY-CL28-V1-DES-2\" \/>\t\t\t\t\t<\/div>\n\n\t\t\t\t<\/div>\n\t\t\t\t<\/div>\n\t\t\t\t<div class=\"elementor-element elementor-element-2ef59a6 elementor-widget elementor-widget-wd_text_block\" data-id=\"2ef59a6\" data-element_type=\"widget\" data-widget_type=\"wd_text_block.default\">\n\t\t\t\t<div class=\"elementor-widget-container\">\n\t\t\t\t\t<div class=\"wd-text-block reset-last-child text-left\">\n\t\t\t\n\t\t\t<h4>Bloque de agua<\/h4><p>\u25cf Sistemas de retenci\u00f3n para Intel LGA2066\/2011\/2011-v3\/1150\/1151\/1155\/1156\/1366 y variantes futuras<br \/>\u25cf Sistema de retenci\u00f3n de AMD para AM2\/AM3\/AM4\/FM1\/FM2\/TR4 y variantes futuras<br \/>\u25cf 100% cobre<br \/>\u25cf LEDs RGB Totalmente Configurables<br \/>\u25cf Nivel de ruido = 20dB(A) (MAX)<\/p>\n\t\t\t\t\t<\/div>\n\t\t\t\t<\/div>\n\t\t\t\t<\/div>\n\t\t\t\t<div class=\"elementor-element elementor-element-ddcef30 elementor-widget elementor-widget-wd_text_block\" data-id=\"ddcef30\" data-element_type=\"widget\" data-widget_type=\"wd_text_block.default\">\n\t\t\t\t<div class=\"elementor-widget-container\">\n\t\t\t\t\t<div class=\"wd-text-block reset-last-child text-left\">\n\t\t\t\n\t\t\t<h4>Sincron\u00edzalo con tu tarjeta EVGA GeForce GTX.*<\/h4><p>Conecta tu EVGA CLC Cooler con tarjetas graficas seleccionadas de EVGA, y organiza la iluminaci\u00f3n de ambos desde el software. \u00a1Un bot\u00f3n controla ambos LEDs RGB! Los perfiles de color incluso se guardan en el Firmware.<br \/>* Disponible en tarjetas graficas seleccionadas.<\/p>\n\t\t\t\t\t<\/div>\n\t\t\t\t<\/div>\n\t\t\t\t<\/div>\n\t\t\t\t\t<\/div>\n\t\t<\/div>\n\t\t\t\t<div class=\"elementor-column elementor-col-33 elementor-top-column elementor-element elementor-element-efcf9f4\" data-id=\"efcf9f4\" data-element_type=\"column\">\n\t\t\t<div class=\"elementor-widget-wrap elementor-element-populated\">\n\t\t\t\t\t\t\t\t<div class=\"elementor-element elementor-element-3d41edb elementor-widget elementor-widget-wd_image_or_svg\" data-id=\"3d41edb\" data-element_type=\"widget\" data-widget_type=\"wd_image_or_svg.default\">\n\t\t\t\t<div class=\"elementor-widget-container\">\n\t\t\t\n\t\t<div class=\"wd-image text-center\">\n\t\t\t\t\t\t\t\t<img decoding=\"async\" src=\"https:\/\/tzila.mx\/dev\/wp-content\/uploads\/elementor\/thumbs\/400-HY-CL28-V1-DES-3-pr3tva7c1a4sluowc4gcs0sj27xwjhxaah87auwcas.png\" title=\"400-HY-CL28-V1-DES-3\" alt=\"400-HY-CL28-V1-DES-3\" \/>\t\t\t\t\t<\/div>\n\n\t\t\t\t<\/div>\n\t\t\t\t<\/div>\n\t\t\t\t<div class=\"elementor-element elementor-element-4b5326b elementor-widget elementor-widget-wd_text_block\" data-id=\"4b5326b\" data-element_type=\"widget\" data-widget_type=\"wd_text_block.default\">\n\t\t\t\t<div class=\"elementor-widget-container\">\n\t\t\t\t\t<div class=\"wd-text-block reset-last-child text-left\">\n\t\t\t\n\t\t\t<h4>Tuber\u00eda Mallada<\/h4><p>Tuber\u00eda 100% mallada desde el radiador hasta el bloque de CPU.<\/p>\n\t\t\t\t\t<\/div>\n\t\t\t\t<\/div>\n\t\t\t\t<\/div>\n\t\t\t\t<div class=\"elementor-element elementor-element-36b754e elementor-widget elementor-widget-wd_text_block\" data-id=\"36b754e\" data-element_type=\"widget\" data-widget_type=\"wd_text_block.default\">\n\t\t\t\t<div class=\"elementor-widget-container\">\n\t\t\t\t\t<div class=\"wd-text-block reset-last-child text-left\">\n\t\t\t\n\t\t\t<h4>Nuevos Ventiladores EVGA<\/h4><p>Estos ventiladores est\u00e1n creados para mejorar enfriamiento y menor ruido. El housing curvo reduce los niveles de ruido y el dise\u00f1o \u00fanico de las aspas ofrece un incre\u00edble rendimiento. Los rodamientos de Nano Tefl\u00f3n aseguran una vida larga.<\/p>\n\t\t\t\t\t<\/div>\n\t\t\t\t<\/div>\n\t\t\t\t<\/div>\n\t\t\t\t<div class=\"elementor-element elementor-element-a1fb4f6 elementor-widget elementor-widget-wd_image_or_svg\" data-id=\"a1fb4f6\" data-element_type=\"widget\" data-widget_type=\"wd_image_or_svg.default\">\n\t\t\t\t<div class=\"elementor-widget-container\">\n\t\t\t\n\t\t<div class=\"wd-image text-left\">\n\t\t\t\t\t\t\t\t<img loading=\"lazy\" decoding=\"async\" width=\"889\" height=\"535\" src=\"https:\/\/tzila.mx\/dev\/wp-content\/uploads\/2022\/06\/400-HY-CL28-V1-DES-4.png\" class=\"attachment-full size-full\" alt=\"\" srcset=\"https:\/\/tzila.mx\/dev\/wp-content\/uploads\/2022\/06\/400-HY-CL28-V1-DES-4.png 889w, https:\/\/tzila.mx\/dev\/wp-content\/uploads\/2022\/06\/400-HY-CL28-V1-DES-4-400x241.png 400w, https:\/\/tzila.mx\/dev\/wp-content\/uploads\/2022\/06\/400-HY-CL28-V1-DES-4-768x462.png 768w, https:\/\/tzila.mx\/dev\/wp-content\/uploads\/2022\/06\/400-HY-CL28-V1-DES-4-860x518.png 860w, https:\/\/tzila.mx\/dev\/wp-content\/uploads\/2022\/06\/400-HY-CL28-V1-DES-4-430x259.png 430w, https:\/\/tzila.mx\/dev\/wp-content\/uploads\/2022\/06\/400-HY-CL28-V1-DES-4-700x421.png 700w, https:\/\/tzila.mx\/dev\/wp-content\/uploads\/2022\/06\/400-HY-CL28-V1-DES-4-150x90.png 150w\" sizes=\"auto, (max-width: 889px) 100vw, 889px\" \/>\t\t\t\t\t<\/div>\n\n\t\t\t\t<\/div>\n\t\t\t\t<\/div>\n\t\t\t\t\t<\/div>\n\t\t<\/div>\n\t\t\t\t<div class=\"elementor-column elementor-col-33 elementor-top-column elementor-element elementor-element-dffdc91\" data-id=\"dffdc91\" data-element_type=\"column\">\n\t\t\t<div class=\"elementor-widget-wrap elementor-element-populated\">\n\t\t\t\t\t\t\t\t<div class=\"elementor-element elementor-element-a953a45 elementor-widget elementor-widget-wd_text_block\" data-id=\"a953a45\" data-element_type=\"widget\" data-widget_type=\"wd_text_block.default\">\n\t\t\t\t<div class=\"elementor-widget-container\">\n\t\t\t\t\t<div class=\"wd-text-block reset-last-child text-left\">\n\t\t\t\n\t\t\t<h4>Control de Flujo EVGA<\/h4><p>Estos ventiladores est\u00e1n creados para mejor enfriamiento y menor ruido. El housing curvo reduce los niveles de ruido y el dise\u00f1o \u00fanico de las aspas ofrece un incre\u00edble rendimiento. Los rodamientos de Nano Tefl\u00f3n aseguran una vida larga.<\/p>\n\t\t\t\t\t<\/div>\n\t\t\t\t<\/div>\n\t\t\t\t<\/div>\n\t\t\t\t<div class=\"elementor-element elementor-element-38db763 elementor-widget elementor-widget-wd_image_or_svg\" data-id=\"38db763\" data-element_type=\"widget\" data-widget_type=\"wd_image_or_svg.default\">\n\t\t\t\t<div class=\"elementor-widget-container\">\n\t\t\t\n\t\t<div class=\"wd-image text-left\">\n\t\t\t\t\t\t\t\t<img loading=\"lazy\" decoding=\"async\" width=\"709\" height=\"538\" src=\"https:\/\/tzila.mx\/dev\/wp-content\/uploads\/2022\/06\/400-HY-CL28-V1-DES-1.jpg\" class=\"attachment-full size-full\" alt=\"\" srcset=\"https:\/\/tzila.mx\/dev\/wp-content\/uploads\/2022\/06\/400-HY-CL28-V1-DES-1.jpg 709w, https:\/\/tzila.mx\/dev\/wp-content\/uploads\/2022\/06\/400-HY-CL28-V1-DES-1-395x300.jpg 395w, https:\/\/tzila.mx\/dev\/wp-content\/uploads\/2022\/06\/400-HY-CL28-V1-DES-1-430x326.jpg 430w, https:\/\/tzila.mx\/dev\/wp-content\/uploads\/2022\/06\/400-HY-CL28-V1-DES-1-700x531.jpg 700w, https:\/\/tzila.mx\/dev\/wp-content\/uploads\/2022\/06\/400-HY-CL28-V1-DES-1-150x114.jpg 150w\" sizes=\"auto, (max-width: 709px) 100vw, 709px\" \/>\t\t\t\t\t<\/div>\n\n\t\t\t\t<\/div>\n\t\t\t\t<\/div>\n\t\t\t\t<div class=\"elementor-element elementor-element-36241d4 elementor-widget elementor-widget-wd_text_block\" data-id=\"36241d4\" data-element_type=\"widget\" data-widget_type=\"wd_text_block.default\">\n\t\t\t\t<div class=\"elementor-widget-container\">\n\t\t\t\t\t<div class=\"wd-text-block reset-last-child text-left\">\n\t\t\t\n\t\t\t<h4>Velocidad de Bomba y Ventiladores Ajustable<\/h4><p>Establece una velocidad personalizada de bomba y ventiladores para ajustar a detalle tu sistema para tener el mejor rendimiento, o la operaci\u00f3n mas silenciosa.<\/p>\n\t\t\t\t\t<\/div>\n\t\t\t\t<\/div>\n\t\t\t\t<\/div>\n\t\t\t\t<div class=\"elementor-element elementor-element-741a3ed elementor-widget elementor-widget-wd_button\" data-id=\"741a3ed\" data-element_type=\"widget\" data-widget_type=\"wd_button.default\">\n\t\t\t\t<div class=\"elementor-widget-container\">\n\t\t\t\t\t<div class=\"wd-button-wrapper text-center\" >\n\t\t\t<a class=\"btn btn-style-link btn-shape- btn-size-default btn-scheme-light btn-scheme-hover-dark btn-icon-pos-right\"  href=\"https:\/\/latam.evga.com\/articles\/01081\/evga-clc-liquid-cpu-cooler\/\" target=\"_blank\">\n\t\t\t\t<span class=\"wd-btn-text\" data-elementor-setting-key=\"text\">\n\t\t\t\t\tSABER M\u00c1S\t\t\t\t<\/span>\n\n\t\t\t\t\t\t\t<\/a>\n\t\t<\/div>\n\t\t\t\t<\/div>\n\t\t\t\t<\/div>\n\t\t\t\t\t<\/div>\n\t\t<\/div>\n\t\t\t\t\t\t\t<\/div>\n\t\t<\/section>\n\t\t\t\t\t\t<\/div>\n\t\t\t\t\t<\/div>\n\t\t","protected":false},"excerpt":{"rendered":"<h4>Caracter\u00edsticas principales:<\/h4>\n<p><span class=\"s1\">\u25cf Refrigeraci\u00f3n de CPU extrema y silenciosa<\/span><br \/>\n<span class=\"s1\">\u25cf Radiador de 240mm<\/span><br \/>\n<span class=\"s1\">\u25cf Rendimiento incre\u00edble, bajo ruido, controles robustos por software<\/span><br \/>\n<span class=\"s1\">\u25cf<\/span> LEDs RGB totalmente configurables<\/p>\n","protected":false},"featured_media":17825,"comment_status":"open","ping_status":"closed","template":"","meta":[],"product_cat":[20,76,104],"product_tag":[260],"class_list":["post-17823","product","type-product","status-publish","has-post-thumbnail","hentry","product_cat-hardware","product_cat-liquid-cooler","product_cat-evga","product_tag-evga","pa_brand-evga"],"_links":{"self":[{"href":"https:\/\/tzila.mx\/dev\/wp-json\/wp\/v2\/product\/17823","targetHints":{"allow":["GET"]}}],"collection":[{"href":"https:\/\/tzila.mx\/dev\/wp-json\/wp\/v2\/product"}],"about":[{"href":"https:\/\/tzila.mx\/dev\/wp-json\/wp\/v2\/types\/product"}],"replies":[{"embeddable":true,"href":"https:\/\/tzila.mx\/dev\/wp-json\/wp\/v2\/comments?post=17823"}],"version-history":[{"count":22,"href":"https:\/\/tzila.mx\/dev\/wp-json\/wp\/v2\/product\/17823\/revisions"}],"predecessor-version":[{"id":17880,"href":"https:\/\/tzila.mx\/dev\/wp-json\/wp\/v2\/product\/17823\/revisions\/17880"}],"wp:featuredmedia":[{"embeddable":true,"href":"https:\/\/tzila.mx\/dev\/wp-json\/wp\/v2\/media\/17825"}],"wp:attachment":[{"href":"https:\/\/tzila.mx\/dev\/wp-json\/wp\/v2\/media?parent=17823"}],"wp:term":[{"taxonomy":"product_cat","embeddable":true,"href":"https:\/\/tzila.mx\/dev\/wp-json\/wp\/v2\/product_cat?post=17823"},{"taxonomy":"product_tag","embeddable":true,"href":"https:\/\/tzila.mx\/dev\/wp-json\/wp\/v2\/product_tag?post=17823"}],"curies":[{"name":"wp","href":"https:\/\/api.w.org\/{rel}","templated":true}]}}