{"id":17790,"date":"2022-06-30T20:50:33","date_gmt":"2022-07-01T01:50:33","guid":{"rendered":"https:\/\/tzila.mx\/dev\/?post_type=product&#038;p=17790"},"modified":"2022-06-30T21:54:53","modified_gmt":"2022-07-01T02:54:53","slug":"tarjeta-grafica-evga-geforce-rtx-3080-ti-xc3-ultra-gaming-12gb","status":"publish","type":"product","link":"https:\/\/tzila.mx\/dev\/producto\/tarjeta-grafica-evga-geforce-rtx-3080-ti-xc3-ultra-gaming-12gb\/","title":{"rendered":"Tarjeta Gr\u00e1fica EVGA GeForce RTX 3080 Ti XC3 ULTRA GAMING 12GB"},"content":{"rendered":"\t\t<div data-elementor-type=\"wp-post\" data-elementor-id=\"17790\" class=\"elementor elementor-17790\" data-elementor-settings=\"[]\">\n\t\t\t\t\t\t\t<div class=\"elementor-section-wrap\">\n\t\t\t\t\t\t\t<section class=\"elementor-section elementor-top-section elementor-element elementor-element-154fe09 elementor-section-boxed elementor-section-height-default elementor-section-height-default wd-section-disabled\" data-id=\"154fe09\" data-element_type=\"section\">\n\t\t\t\t\t\t<div class=\"elementor-container elementor-column-gap-default\">\n\t\t\t\t\t<div class=\"elementor-column elementor-col-33 elementor-top-column elementor-element elementor-element-f14913d\" data-id=\"f14913d\" data-element_type=\"column\">\n\t\t\t<div class=\"elementor-widget-wrap elementor-element-populated\">\n\t\t\t\t\t\t\t\t<div class=\"elementor-element elementor-element-3d30eaf elementor-widget elementor-widget-wd_text_block\" data-id=\"3d30eaf\" data-element_type=\"widget\" data-widget_type=\"wd_text_block.default\">\n\t\t\t\t<div class=\"elementor-widget-container\">\n\t\t\t\t\t<div class=\"wd-text-block reset-last-child text-left\">\n\t\t\t\n\t\t\t<h5><strong>CARACTER\u00cdSTICAS GENERALE<\/strong><strong>S<\/strong><strong>:<\/strong><\/h5>\n\t\t\t\t\t<\/div>\n\t\t\t\t<\/div>\n\t\t\t\t<\/div>\n\t\t\t\t<div class=\"elementor-element elementor-element-6d44079 elementor-widget elementor-widget-wd_text_block\" data-id=\"6d44079\" data-element_type=\"widget\" data-widget_type=\"wd_text_block.default\">\n\t\t\t\t<div class=\"elementor-widget-container\">\n\t\t\t\t\t<div class=\"wd-text-block reset-last-child text-left\">\n\t\t\t\n\t\t\t<p>\u25cfConstruido para EVGA Precisi\u00f3n X1<br \/>\u25cf N\u00facleos de trazado de rayos de segunda generaci\u00f3n<br \/>\u25cf N\u00facleos de tensor de tercera generaci\u00f3n<br \/>\u25cf Memoria gr\u00e1fica GDDR6X<br \/>\u25cf NVIDIA DLSS<br \/>\u25cf Experiencia NVIDIA\u00ae GeForce\u2122<br \/>\u25cf NVIDIA G-SYNC\u00ae<br \/>\u25cf NVIDIA GPU Boost\u2122<br \/>\u25cf Controladores listos para juegos<br \/>\u25cf Codificador NVIDIA de s\u00e9ptima generaci\u00f3n<br \/>\u25cf Decodificador NVIDIA de quinta generaci\u00f3n<br \/>\u25cf API VulkanRT, OpenGL 4.6<br \/>\u25cf Listo para realidad virtual<br \/>\u25cf Admite 4K 120 Hz HDR, 8K 60 Hz HDR y Frecuencia de actualizaci\u00f3n variable como se especifica en HDMI 2.1<\/p>\n\t\t\t\t\t<\/div>\n\t\t\t\t<\/div>\n\t\t\t\t<\/div>\n\t\t\t\t\t<\/div>\n\t\t<\/div>\n\t\t\t\t<div class=\"elementor-column elementor-col-66 elementor-top-column elementor-element elementor-element-1a0b71f\" data-id=\"1a0b71f\" data-element_type=\"column\">\n\t\t\t<div class=\"elementor-widget-wrap elementor-element-populated\">\n\t\t\t\t\t\t\t\t<div class=\"elementor-element elementor-element-6f6445b elementor-widget elementor-widget-wd_image_or_svg\" data-id=\"6f6445b\" data-element_type=\"widget\" data-widget_type=\"wd_image_or_svg.default\">\n\t\t\t\t<div class=\"elementor-widget-container\">\n\t\t\t\n\t\t<div class=\"wd-image text-center\">\n\t\t\t\t\t\t\t\t<img loading=\"lazy\" decoding=\"async\" width=\"2560\" height=\"1082\" src=\"https:\/\/tzila.mx\/dev\/wp-content\/uploads\/2022\/06\/12G-P5-3967-KR-DES-1.jpg\" class=\"attachment-full size-full\" alt=\"\" srcset=\"https:\/\/tzila.mx\/dev\/wp-content\/uploads\/2022\/06\/12G-P5-3967-KR-DES-1.jpg 2560w, https:\/\/tzila.mx\/dev\/wp-content\/uploads\/2022\/06\/12G-P5-3967-KR-DES-1-400x169.jpg 400w, https:\/\/tzila.mx\/dev\/wp-content\/uploads\/2022\/06\/12G-P5-3967-KR-DES-1-1300x549.jpg 1300w, https:\/\/tzila.mx\/dev\/wp-content\/uploads\/2022\/06\/12G-P5-3967-KR-DES-1-768x325.jpg 768w, https:\/\/tzila.mx\/dev\/wp-content\/uploads\/2022\/06\/12G-P5-3967-KR-DES-1-1536x649.jpg 1536w, https:\/\/tzila.mx\/dev\/wp-content\/uploads\/2022\/06\/12G-P5-3967-KR-DES-1-2048x866.jpg 2048w, https:\/\/tzila.mx\/dev\/wp-content\/uploads\/2022\/06\/12G-P5-3967-KR-DES-1-860x363.jpg 860w, https:\/\/tzila.mx\/dev\/wp-content\/uploads\/2022\/06\/12G-P5-3967-KR-DES-1-1320x558.jpg 1320w, https:\/\/tzila.mx\/dev\/wp-content\/uploads\/2022\/06\/12G-P5-3967-KR-DES-1-430x182.jpg 430w, https:\/\/tzila.mx\/dev\/wp-content\/uploads\/2022\/06\/12G-P5-3967-KR-DES-1-700x296.jpg 700w, https:\/\/tzila.mx\/dev\/wp-content\/uploads\/2022\/06\/12G-P5-3967-KR-DES-1-150x63.jpg 150w\" sizes=\"auto, (max-width: 2560px) 100vw, 2560px\" \/>\t\t\t\t\t<\/div>\n\n\t\t\t\t<\/div>\n\t\t\t\t<\/div>\n\t\t\t\t\t<\/div>\n\t\t<\/div>\n\t\t\t\t\t\t\t<\/div>\n\t\t<\/section>\n\t\t\t\t<section class=\"elementor-section elementor-top-section elementor-element elementor-element-f335c48 elementor-section-boxed elementor-section-height-default elementor-section-height-default wd-section-disabled\" data-id=\"f335c48\" data-element_type=\"section\">\n\t\t\t\t\t\t<div class=\"elementor-container elementor-column-gap-default\">\n\t\t\t\t\t<div class=\"elementor-column elementor-col-33 elementor-top-column elementor-element elementor-element-b982906\" data-id=\"b982906\" data-element_type=\"column\">\n\t\t\t<div class=\"elementor-widget-wrap elementor-element-populated\">\n\t\t\t\t\t\t\t\t<div class=\"elementor-element elementor-element-ecdf1c9 elementor-widget elementor-widget-wd_text_block\" data-id=\"ecdf1c9\" data-element_type=\"widget\" data-widget_type=\"wd_text_block.default\">\n\t\t\t\t<div class=\"elementor-widget-container\">\n\t\t\t\t\t<div class=\"wd-text-block reset-last-child text-left\">\n\t\t\t\n\t\t\t<h4>Arquitectura NVIDIA Ampere<\/h4><p>La EVGA GeForce RTX 3080 Ti ofrece el rendimiento sin precedentes que los jugadores anhelan para los juegos con resoluci\u00f3n 4K, con la tecnolog\u00eda de la arquitectura NVIDIA Ampere. Est\u00e1 construido con RT Cores y Tensor Cores mejorados, nuevos multiprocesadores de transmisi\u00f3n y memoria G6X ultrarr\u00e1pida para una experiencia de juego incre\u00edble. En combinaci\u00f3n con la pr\u00f3xima generaci\u00f3n de dise\u00f1o, refrigeraci\u00f3n y overclocking con EVGA Precision X1, la serie EVGA GeForce RTX 3080 presenta una nueva definici\u00f3n en el m\u00e1ximo rendimiento.<\/p>\n\t\t\t\t\t<\/div>\n\t\t\t\t<\/div>\n\t\t\t\t<\/div>\n\t\t\t\t<div class=\"elementor-element elementor-element-a1fb4f6 elementor-widget elementor-widget-wd_image_or_svg\" data-id=\"a1fb4f6\" data-element_type=\"widget\" data-widget_type=\"wd_image_or_svg.default\">\n\t\t\t\t<div class=\"elementor-widget-container\">\n\t\t\t\n\t\t<div class=\"wd-image text-left\">\n\t\t\t\t\t\t\t\t<img loading=\"lazy\" decoding=\"async\" width=\"720\" height=\"500\" src=\"https:\/\/tzila.mx\/dev\/wp-content\/uploads\/2022\/06\/12G-P5-3967-KR-DES-2.png\" class=\"attachment-full size-full\" alt=\"\" srcset=\"https:\/\/tzila.mx\/dev\/wp-content\/uploads\/2022\/06\/12G-P5-3967-KR-DES-2.png 720w, https:\/\/tzila.mx\/dev\/wp-content\/uploads\/2022\/06\/12G-P5-3967-KR-DES-2-400x278.png 400w, https:\/\/tzila.mx\/dev\/wp-content\/uploads\/2022\/06\/12G-P5-3967-KR-DES-2-430x299.png 430w, https:\/\/tzila.mx\/dev\/wp-content\/uploads\/2022\/06\/12G-P5-3967-KR-DES-2-700x486.png 700w, https:\/\/tzila.mx\/dev\/wp-content\/uploads\/2022\/06\/12G-P5-3967-KR-DES-2-150x104.png 150w\" sizes=\"auto, (max-width: 720px) 100vw, 720px\" \/>\t\t\t\t\t<\/div>\n\n\t\t\t\t<\/div>\n\t\t\t\t<\/div>\n\t\t\t\t<div class=\"elementor-element elementor-element-4b5326b elementor-widget elementor-widget-wd_text_block\" data-id=\"4b5326b\" data-element_type=\"widget\" data-widget_type=\"wd_text_block.default\">\n\t\t\t\t<div class=\"elementor-widget-container\">\n\t\t\t\t\t<div class=\"wd-text-block reset-last-child text-left\">\n\t\t\t\n\t\t\t<h5>Ray Tracing<\/h5><p>El Ray Tracing es el santo grial de los gr\u00e1ficos, simulando el comportamiento f\u00edsico de la luz para brindar calidad cinem\u00e1tica en tiempo real a\u00fan en los juegos m\u00e1s intensivos.<\/p>\n\t\t\t\t\t<\/div>\n\t\t\t\t<\/div>\n\t\t\t\t<\/div>\n\t\t\t\t\t<\/div>\n\t\t<\/div>\n\t\t\t\t<div class=\"elementor-column elementor-col-33 elementor-top-column elementor-element elementor-element-efcf9f4\" data-id=\"efcf9f4\" data-element_type=\"column\">\n\t\t\t<div class=\"elementor-widget-wrap elementor-element-populated\">\n\t\t\t\t\t\t\t\t<div class=\"elementor-element elementor-element-00fa4fe elementor-widget elementor-widget-wd_text_block\" data-id=\"00fa4fe\" data-element_type=\"widget\" data-widget_type=\"wd_text_block.default\">\n\t\t\t\t<div class=\"elementor-widget-container\">\n\t\t\t\t\t<div class=\"wd-text-block reset-last-child text-left\">\n\t\t\t\n\t\t\t<h4>Eleva tu creatividad<\/h4><p>Lleva tu creatividad a un nuevo nivel con las GPUs GeForce RTX 30. Acelera tus tareas con IA en las principales apps de creatividad. Respaldadas por la plataforma NVIDIA Studio con drivers dedicados y herramientas exclusivas. Construidas para finalizar en tiempo r\u00e9cord. Ya sea renderizado escenas E3 complejas, editando video 8K, o transmitiendo en vivo con la mejor calidad de imagen, las GPUs GeForce RTX te dan el rendimiento para explorar tu creatividad.\u00a0<\/p>\n\t\t\t\t\t<\/div>\n\t\t\t\t<\/div>\n\t\t\t\t<\/div>\n\t\t\t\t<div class=\"elementor-element elementor-element-3de4d09 elementor-widget elementor-widget-wd_image_or_svg\" data-id=\"3de4d09\" data-element_type=\"widget\" data-widget_type=\"wd_image_or_svg.default\">\n\t\t\t\t<div class=\"elementor-widget-container\">\n\t\t\t\n\t\t<div class=\"wd-image text-left\">\n\t\t\t\t\t\t\t\t<img loading=\"lazy\" decoding=\"async\" width=\"1200\" height=\"500\" src=\"https:\/\/tzila.mx\/dev\/wp-content\/uploads\/2022\/06\/12G-P5-3967-KR-DES-4.png\" class=\"attachment-full size-full\" alt=\"\" srcset=\"https:\/\/tzila.mx\/dev\/wp-content\/uploads\/2022\/06\/12G-P5-3967-KR-DES-4.png 1200w, https:\/\/tzila.mx\/dev\/wp-content\/uploads\/2022\/06\/12G-P5-3967-KR-DES-4-400x167.png 400w, https:\/\/tzila.mx\/dev\/wp-content\/uploads\/2022\/06\/12G-P5-3967-KR-DES-4-768x320.png 768w, https:\/\/tzila.mx\/dev\/wp-content\/uploads\/2022\/06\/12G-P5-3967-KR-DES-4-860x358.png 860w, https:\/\/tzila.mx\/dev\/wp-content\/uploads\/2022\/06\/12G-P5-3967-KR-DES-4-430x179.png 430w, https:\/\/tzila.mx\/dev\/wp-content\/uploads\/2022\/06\/12G-P5-3967-KR-DES-4-700x292.png 700w, https:\/\/tzila.mx\/dev\/wp-content\/uploads\/2022\/06\/12G-P5-3967-KR-DES-4-150x63.png 150w\" sizes=\"auto, (max-width: 1200px) 100vw, 1200px\" \/>\t\t\t\t\t<\/div>\n\n\t\t\t\t<\/div>\n\t\t\t\t<\/div>\n\t\t\t\t<div class=\"elementor-element elementor-element-2ef59a6 elementor-widget elementor-widget-wd_text_block\" data-id=\"2ef59a6\" data-element_type=\"widget\" data-widget_type=\"wd_text_block.default\">\n\t\t\t\t<div class=\"elementor-widget-container\">\n\t\t\t\t\t<div class=\"wd-text-block reset-last-child text-left\">\n\t\t\t\n\t\t\t<h4>Aceleraci\u00f3n por IA con DLSS FPS y calidad m\u00e1ximos con el uso de IA.<\/h4><p>NVIDIA DLSS es una innovadora tecnolog\u00eda de renderizado con IA que aumenta tus FPS con una calidad de imagen inmejorable utilizando los Tensor Cores dedicados para IA de las GeForce RTX. Esto te dar\u00e1 un margen adicional para subir tus ajustes y resoluci\u00f3n para la mejor experiencia visual. La revoluci\u00f3n de la IA lleg\u00f3 al gaming.<\/p>\n\t\t\t\t\t<\/div>\n\t\t\t\t<\/div>\n\t\t\t\t<\/div>\n\t\t\t\t\t<\/div>\n\t\t<\/div>\n\t\t\t\t<div class=\"elementor-column elementor-col-33 elementor-top-column elementor-element elementor-element-dffdc91\" data-id=\"dffdc91\" data-element_type=\"column\">\n\t\t\t<div class=\"elementor-widget-wrap elementor-element-populated\">\n\t\t\t\t\t\t\t\t<div class=\"elementor-element elementor-element-a54f007 elementor-widget elementor-widget-wd_text_block\" data-id=\"a54f007\" data-element_type=\"widget\" data-widget_type=\"wd_text_block.default\">\n\t\t\t\t<div class=\"elementor-widget-container\">\n\t\t\t\t\t<div class=\"wd-text-block reset-last-child text-left\">\n\t\t\t\n\t\t\t<h5>Victoria medida en milisegundos<\/h5><p>NVIDIA Reflex entrega la ventaja competitiva suprema. la menor latencia. La mejor resposividad. Disponible en GPUs Geforce RTX 30 Series y monitores NVIDIA G-SYNC. Observa mas r\u00e1pido a tus enemigos, reacciona antes, y mejora tu precisi\u00f3n con un conjunto de tecnolog\u00edas creadas para optimizar y medir la latencia del sistema.<\/p>\n\t\t\t\t\t<\/div>\n\t\t\t\t<\/div>\n\t\t\t\t<\/div>\n\t\t\t\t<div class=\"elementor-element elementor-element-5239b2e elementor-widget elementor-widget-wd_image_or_svg\" data-id=\"5239b2e\" data-element_type=\"widget\" data-widget_type=\"wd_image_or_svg.default\">\n\t\t\t\t<div class=\"elementor-widget-container\">\n\t\t\t\n\t\t<div class=\"wd-image text-left\">\n\t\t\t\t\t\t\t\t<img loading=\"lazy\" decoding=\"async\" width=\"1200\" height=\"655\" src=\"https:\/\/tzila.mx\/dev\/wp-content\/uploads\/2022\/06\/12G-P5-3967-KR-DES-3.png\" class=\"attachment-full size-full\" alt=\"\" srcset=\"https:\/\/tzila.mx\/dev\/wp-content\/uploads\/2022\/06\/12G-P5-3967-KR-DES-3.png 1200w, https:\/\/tzila.mx\/dev\/wp-content\/uploads\/2022\/06\/12G-P5-3967-KR-DES-3-400x218.png 400w, https:\/\/tzila.mx\/dev\/wp-content\/uploads\/2022\/06\/12G-P5-3967-KR-DES-3-768x419.png 768w, https:\/\/tzila.mx\/dev\/wp-content\/uploads\/2022\/06\/12G-P5-3967-KR-DES-3-860x469.png 860w, https:\/\/tzila.mx\/dev\/wp-content\/uploads\/2022\/06\/12G-P5-3967-KR-DES-3-430x235.png 430w, https:\/\/tzila.mx\/dev\/wp-content\/uploads\/2022\/06\/12G-P5-3967-KR-DES-3-700x382.png 700w, https:\/\/tzila.mx\/dev\/wp-content\/uploads\/2022\/06\/12G-P5-3967-KR-DES-3-150x82.png 150w\" sizes=\"auto, (max-width: 1200px) 100vw, 1200px\" \/>\t\t\t\t\t<\/div>\n\n\t\t\t\t<\/div>\n\t\t\t\t<\/div>\n\t\t\t\t<div class=\"elementor-element elementor-element-36241d4 elementor-widget elementor-widget-wd_text_block\" data-id=\"36241d4\" data-element_type=\"widget\" data-widget_type=\"wd_text_block.default\">\n\t\t\t\t<div class=\"elementor-widget-container\">\n\t\t\t\t\t<div class=\"wd-text-block reset-last-child text-left\">\n\t\t\t\n\t\t\t<h4>Transmite como un campe\u00f3n\u00a0<\/h4><p>Aumenta tus espectadores con gr\u00e1ficos incre\u00edbles y una transmisi\u00f3n fluida sin tirones. El hardware de codificaci\u00f3n y decodificaci\u00f3n de pr\u00f3xima generaci\u00f3n te permitir\u00e1 mostrar tus mejores momentos con el m\u00e1ximo detalle. La nueva app NVIDIA broadcast lleva tus transmisiones al pr\u00f3ximo nivel con el uso de IA, removiendo el ruido, reemplazando tu fondo, y m\u00e1s. Las GPUs GeForce RTX Series 30 entregan el rendimiento y calidad de imagen necesarias para darle lo mejor a tu audiencia -siempre.<\/p>\n\t\t\t\t\t<\/div>\n\t\t\t\t<\/div>\n\t\t\t\t<\/div>\n\t\t\t\t<div class=\"elementor-element elementor-element-741a3ed elementor-widget elementor-widget-wd_button\" data-id=\"741a3ed\" data-element_type=\"widget\" data-widget_type=\"wd_button.default\">\n\t\t\t\t<div class=\"elementor-widget-container\">\n\t\t\t\t\t<div class=\"wd-button-wrapper text-center\" >\n\t\t\t<a class=\"btn btn-style-link btn-shape- btn-size-default btn-scheme-light btn-scheme-hover-dark btn-icon-pos-right\"  href=\"https:\/\/latam.evga.com\/articles\/01476\/evga-geforce-rtx-3080ti\/\" target=\"_blank\">\n\t\t\t\t<span class=\"wd-btn-text\" data-elementor-setting-key=\"text\">\n\t\t\t\t\tSABER M\u00c1S\t\t\t\t<\/span>\n\n\t\t\t\t\t\t\t<\/a>\n\t\t<\/div>\n\t\t\t\t<\/div>\n\t\t\t\t<\/div>\n\t\t\t\t\t<\/div>\n\t\t<\/div>\n\t\t\t\t\t\t\t<\/div>\n\t\t<\/section>\n\t\t\t\t\t\t<\/div>\n\t\t\t\t\t<\/div>\n\t\t","protected":false},"excerpt":{"rendered":"<h4>Caracter\u00edsticas principales:<\/h4>\n<p><span class=\"s1\">\u25cf NVIDIA RTX 3080 Ti<\/span><br \/>\n<span class=\"s1\">\u25cf PCIe 4.0 16x <\/span><br \/>\n<span class=\"s2\"><span class=\"s1\">\u25cf 12288 MB, 384 bit GDDR6X <\/span><\/span>\u00a0Memory<br \/>\n<span class=\"s1\">\u25cf Modo juego: 1725 MHz (Boost Clock)<\/span><br \/>\n<span class=\"s1\">\u25cf DisplayPort, HDMI<\/span><br \/>\n\u25cf iCX3 Cooling<span class=\"s1\">\u00a0<\/span>ARGB LED<\/p>\n","protected":false},"featured_media":17796,"comment_status":"open","ping_status":"closed","template":"","meta":[],"product_cat":[20,53,104],"product_tag":[260,226],"class_list":["post-17790","product","type-product","status-publish","has-post-thumbnail","hentry","product_cat-hardware","product_cat-tarjeta-grafica","product_cat-evga","product_tag-evga","product_tag-geforce-rtx","pa_brand-evga"],"_links":{"self":[{"href":"https:\/\/tzila.mx\/dev\/wp-json\/wp\/v2\/product\/17790","targetHints":{"allow":["GET"]}}],"collection":[{"href":"https:\/\/tzila.mx\/dev\/wp-json\/wp\/v2\/product"}],"about":[{"href":"https:\/\/tzila.mx\/dev\/wp-json\/wp\/v2\/types\/product"}],"replies":[{"embeddable":true,"href":"https:\/\/tzila.mx\/dev\/wp-json\/wp\/v2\/comments?post=17790"}],"version-history":[{"count":5,"href":"https:\/\/tzila.mx\/dev\/wp-json\/wp\/v2\/product\/17790\/revisions"}],"predecessor-version":[{"id":17808,"href":"https:\/\/tzila.mx\/dev\/wp-json\/wp\/v2\/product\/17790\/revisions\/17808"}],"wp:featuredmedia":[{"embeddable":true,"href":"https:\/\/tzila.mx\/dev\/wp-json\/wp\/v2\/media\/17796"}],"wp:attachment":[{"href":"https:\/\/tzila.mx\/dev\/wp-json\/wp\/v2\/media?parent=17790"}],"wp:term":[{"taxonomy":"product_cat","embeddable":true,"href":"https:\/\/tzila.mx\/dev\/wp-json\/wp\/v2\/product_cat?post=17790"},{"taxonomy":"product_tag","embeddable":true,"href":"https:\/\/tzila.mx\/dev\/wp-json\/wp\/v2\/product_tag?post=17790"}],"curies":[{"name":"wp","href":"https:\/\/api.w.org\/{rel}","templated":true}]}}