{"id":17710,"date":"2022-06-29T21:02:51","date_gmt":"2022-06-30T02:02:51","guid":{"rendered":"https:\/\/tzila.mx\/dev\/?post_type=product&#038;p=17710"},"modified":"2022-06-29T21:32:18","modified_gmt":"2022-06-30T02:32:18","slug":"fuente-de-poder-evga-b5-series-750-watts-modular","status":"publish","type":"product","link":"https:\/\/tzila.mx\/dev\/producto\/fuente-de-poder-evga-b5-series-750-watts-modular\/","title":{"rendered":"Fuente de Poder EVGA B5 Series 750 Watts Modular"},"content":{"rendered":"\t\t<div data-elementor-type=\"wp-post\" data-elementor-id=\"17710\" class=\"elementor elementor-17710\" data-elementor-settings=\"[]\">\n\t\t\t\t\t\t\t<div class=\"elementor-section-wrap\">\n\t\t\t\t\t\t\t<section class=\"elementor-section elementor-top-section elementor-element elementor-element-154fe09 elementor-section-boxed elementor-section-height-default elementor-section-height-default wd-section-disabled\" data-id=\"154fe09\" data-element_type=\"section\">\n\t\t\t\t\t\t<div class=\"elementor-container elementor-column-gap-default\">\n\t\t\t\t\t<div class=\"elementor-column elementor-col-33 elementor-top-column elementor-element elementor-element-f14913d\" data-id=\"f14913d\" data-element_type=\"column\">\n\t\t\t<div class=\"elementor-widget-wrap elementor-element-populated\">\n\t\t\t\t\t\t\t\t<div class=\"elementor-element elementor-element-3d30eaf elementor-widget elementor-widget-wd_text_block\" data-id=\"3d30eaf\" data-element_type=\"widget\" data-widget_type=\"wd_text_block.default\">\n\t\t\t\t<div class=\"elementor-widget-container\">\n\t\t\t\t\t<div class=\"wd-text-block reset-last-child text-left\">\n\t\t\t\n\t\t\t<h5><strong>CARACTER\u00cdSTICAS GENERALE<\/strong><strong>S<\/strong><strong>:<\/strong><\/h5>\n\t\t\t\t\t<\/div>\n\t\t\t\t<\/div>\n\t\t\t\t<\/div>\n\t\t\t\t<div class=\"elementor-element elementor-element-6d44079 elementor-widget elementor-widget-wd_text_block\" data-id=\"6d44079\" data-element_type=\"widget\" data-widget_type=\"wd_text_block.default\">\n\t\t\t\t<div class=\"elementor-widget-container\">\n\t\t\t\t\t<div class=\"wd-text-block reset-last-child text-left\">\n\t\t\t\n\t\t\t<p>\u25cf Completamente Modular, Peque\u00f1o Tama\u00f1o<br \/>\u25cf Capacitores Japoneses, Seguros y Confiables*<br \/>\u25cf Fan silencioso y duradero de 135mm con Rodamiento de Fluido Din\u00e1mico con modo ECO<br \/>\u25cf Eficiencia y Regulaci\u00f3n dise\u00f1adas para PCs modernas<br \/>\u25cf Rango completo de protecciones<\/p>\n\t\t\t\t\t<\/div>\n\t\t\t\t<\/div>\n\t\t\t\t<\/div>\n\t\t\t\t\t<\/div>\n\t\t<\/div>\n\t\t\t\t<div class=\"elementor-column elementor-col-66 elementor-top-column elementor-element elementor-element-1a0b71f\" data-id=\"1a0b71f\" data-element_type=\"column\">\n\t\t\t<div class=\"elementor-widget-wrap elementor-element-populated\">\n\t\t\t\t\t\t\t\t<div class=\"elementor-element elementor-element-6f6445b elementor-widget elementor-widget-wd_image_or_svg\" data-id=\"6f6445b\" data-element_type=\"widget\" data-widget_type=\"wd_image_or_svg.default\">\n\t\t\t\t<div class=\"elementor-widget-container\">\n\t\t\t\n\t\t<div class=\"wd-image text-center\">\n\t\t\t\t\t\t\t\t<img loading=\"lazy\" decoding=\"async\" width=\"2560\" height=\"810\" src=\"https:\/\/tzila.mx\/dev\/wp-content\/uploads\/2022\/06\/220-B5-0750-V1-DES-1.jpg\" class=\"attachment-full size-full\" alt=\"\" srcset=\"https:\/\/tzila.mx\/dev\/wp-content\/uploads\/2022\/06\/220-B5-0750-V1-DES-1.jpg 2560w, https:\/\/tzila.mx\/dev\/wp-content\/uploads\/2022\/06\/220-B5-0750-V1-DES-1-400x127.jpg 400w, https:\/\/tzila.mx\/dev\/wp-content\/uploads\/2022\/06\/220-B5-0750-V1-DES-1-1300x411.jpg 1300w, https:\/\/tzila.mx\/dev\/wp-content\/uploads\/2022\/06\/220-B5-0750-V1-DES-1-768x243.jpg 768w, https:\/\/tzila.mx\/dev\/wp-content\/uploads\/2022\/06\/220-B5-0750-V1-DES-1-1536x486.jpg 1536w, https:\/\/tzila.mx\/dev\/wp-content\/uploads\/2022\/06\/220-B5-0750-V1-DES-1-2048x648.jpg 2048w, https:\/\/tzila.mx\/dev\/wp-content\/uploads\/2022\/06\/220-B5-0750-V1-DES-1-860x272.jpg 860w, https:\/\/tzila.mx\/dev\/wp-content\/uploads\/2022\/06\/220-B5-0750-V1-DES-1-1320x418.jpg 1320w, https:\/\/tzila.mx\/dev\/wp-content\/uploads\/2022\/06\/220-B5-0750-V1-DES-1-430x136.jpg 430w, https:\/\/tzila.mx\/dev\/wp-content\/uploads\/2022\/06\/220-B5-0750-V1-DES-1-700x221.jpg 700w, https:\/\/tzila.mx\/dev\/wp-content\/uploads\/2022\/06\/220-B5-0750-V1-DES-1-150x47.jpg 150w\" sizes=\"auto, (max-width: 2560px) 100vw, 2560px\" \/>\t\t\t\t\t<\/div>\n\n\t\t\t\t<\/div>\n\t\t\t\t<\/div>\n\t\t\t\t\t<\/div>\n\t\t<\/div>\n\t\t\t\t\t\t\t<\/div>\n\t\t<\/section>\n\t\t\t\t<section class=\"elementor-section elementor-top-section elementor-element elementor-element-f335c48 elementor-section-boxed elementor-section-height-default elementor-section-height-default wd-section-disabled\" data-id=\"f335c48\" data-element_type=\"section\">\n\t\t\t\t\t\t<div class=\"elementor-container elementor-column-gap-default\">\n\t\t\t\t\t<div class=\"elementor-column elementor-col-33 elementor-top-column elementor-element elementor-element-b982906\" data-id=\"b982906\" data-element_type=\"column\">\n\t\t\t<div class=\"elementor-widget-wrap elementor-element-populated\">\n\t\t\t\t\t\t\t\t<div class=\"elementor-element elementor-element-ecdf1c9 elementor-widget elementor-widget-wd_text_block\" data-id=\"ecdf1c9\" data-element_type=\"widget\" data-widget_type=\"wd_text_block.default\">\n\t\t\t\t<div class=\"elementor-widget-container\">\n\t\t\t\t\t<div class=\"wd-text-block reset-last-child text-left\">\n\t\t\t\n\t\t\t<h4>Esculpidas para la Nueva Generaci\u00f3n del Poder de Bronce<\/h4><p>Introduciendo las fuentes de poder EVGA B5, las \u00faltimas fuentes de poder en llevar la tradici\u00f3n de EVGA de confianza, rendimiento y asequibilidad.<\/p>\n\t\t\t\t\t<\/div>\n\t\t\t\t<\/div>\n\t\t\t\t<\/div>\n\t\t\t\t<div class=\"elementor-element elementor-element-a1fb4f6 elementor-widget elementor-widget-wd_image_or_svg\" data-id=\"a1fb4f6\" data-element_type=\"widget\" data-widget_type=\"wd_image_or_svg.default\">\n\t\t\t\t<div class=\"elementor-widget-container\">\n\t\t\t\n\t\t<div class=\"wd-image text-left\">\n\t\t\t\t\t\t\t\t<img loading=\"lazy\" decoding=\"async\" width=\"722\" height=\"534\" src=\"https:\/\/tzila.mx\/dev\/wp-content\/uploads\/2022\/06\/220-B5-0750-V1-DES-4.png\" class=\"attachment-full size-full\" alt=\"\" srcset=\"https:\/\/tzila.mx\/dev\/wp-content\/uploads\/2022\/06\/220-B5-0750-V1-DES-4.png 722w, https:\/\/tzila.mx\/dev\/wp-content\/uploads\/2022\/06\/220-B5-0750-V1-DES-4-400x296.png 400w, https:\/\/tzila.mx\/dev\/wp-content\/uploads\/2022\/06\/220-B5-0750-V1-DES-4-430x318.png 430w, https:\/\/tzila.mx\/dev\/wp-content\/uploads\/2022\/06\/220-B5-0750-V1-DES-4-700x518.png 700w, https:\/\/tzila.mx\/dev\/wp-content\/uploads\/2022\/06\/220-B5-0750-V1-DES-4-150x111.png 150w\" sizes=\"auto, (max-width: 722px) 100vw, 722px\" \/>\t\t\t\t\t<\/div>\n\n\t\t\t\t<\/div>\n\t\t\t\t<\/div>\n\t\t\t\t<div class=\"elementor-element elementor-element-5f91ac9 elementor-widget elementor-widget-wd_text_block\" data-id=\"5f91ac9\" data-element_type=\"widget\" data-widget_type=\"wd_text_block.default\">\n\t\t\t\t<div class=\"elementor-widget-container\">\n\t\t\t\t\t<div class=\"wd-text-block reset-last-child text-left\">\n\t\t\t\n\t\t\t<h4>Completamente Modular, Peque\u00f1o Tama\u00f1o<\/h4><p>Las fuentes de poder B5 proveen m\u00e1xima flexibilidad para armadores de sistemas con un dise\u00f1o totalmente modular y un chasis peque\u00f1o en todos los modelos. Con un largo de 150mm, las fuentes de poder B5 proveen fuente s\u00f3lida y asequible para todo tipo de sistemas y gabinetes.<\/p>\n\t\t\t\t\t<\/div>\n\t\t\t\t<\/div>\n\t\t\t\t<\/div>\n\t\t\t\t\t<\/div>\n\t\t<\/div>\n\t\t\t\t<div class=\"elementor-column elementor-col-33 elementor-top-column elementor-element elementor-element-efcf9f4\" data-id=\"efcf9f4\" data-element_type=\"column\">\n\t\t\t<div class=\"elementor-widget-wrap elementor-element-populated\">\n\t\t\t\t\t\t\t\t<div class=\"elementor-element elementor-element-2ef59a6 elementor-widget elementor-widget-wd_text_block\" data-id=\"2ef59a6\" data-element_type=\"widget\" data-widget_type=\"wd_text_block.default\">\n\t\t\t\t<div class=\"elementor-widget-container\">\n\t\t\t\t\t<div class=\"wd-text-block reset-last-child text-left\">\n\t\t\t\n\t\t\t<h4>Capacitores Japoneses, Seguros y Confiables*<\/h4>\nAdem\u00e1s, las fuentes de poder B5 usan uno de los est\u00e1ndares m\u00e1s importantes para la confiabilidad - Capacitores japoneses. Con un 100% de capacitores japoneses en los modelos de 850W y 750W*, las fuentes de poder B5 proveen poder seguro y confiable para los a\u00f1os por venir.\n\n*Los modelos B5 650W y B5 5500W utilizan un capacitor principal japon\u00e9s\n\t\t\t\t\t<\/div>\n\t\t\t\t<\/div>\n\t\t\t\t<\/div>\n\t\t\t\t<div class=\"elementor-element elementor-element-4b5326b elementor-widget elementor-widget-wd_text_block\" data-id=\"4b5326b\" data-element_type=\"widget\" data-widget_type=\"wd_text_block.default\">\n\t\t\t\t<div class=\"elementor-widget-container\">\n\t\t\t\t\t<div class=\"wd-text-block reset-last-child text-left\">\n\t\t\t\n\t\t\t<h4>Fan silencioso y duradero de 135mm con Rodamiento de Fluido Din\u00e1mico con modo ECO<\/h4>\nEl fan ultra-silencioso de 135mm con Rodamiento de Fluido Din\u00e1mico se vuelve silencioso al acoplarse con el modo ECO de EVGA que apaga el fan en cargas bajas a medias. El fan m\u00e1s grande y un perfil cuidadosamente ajustado crea una experiencia m\u00e1s silenciosa que las fuentes de poder B3.\n\t\t\t\t\t<\/div>\n\t\t\t\t<\/div>\n\t\t\t\t<\/div>\n\t\t\t\t<div class=\"elementor-element elementor-element-16f9d9b elementor-widget elementor-widget-wd_image_or_svg\" data-id=\"16f9d9b\" data-element_type=\"widget\" data-widget_type=\"wd_image_or_svg.default\">\n\t\t\t\t<div class=\"elementor-widget-container\">\n\t\t\t\n\t\t<div class=\"wd-image text-left\">\n\t\t\t\t\t\t\t\t<img loading=\"lazy\" decoding=\"async\" width=\"1172\" height=\"1093\" src=\"https:\/\/tzila.mx\/dev\/wp-content\/uploads\/2022\/06\/220-B5-0750-V1-DES-2.png\" class=\"attachment-full size-full\" alt=\"\" srcset=\"https:\/\/tzila.mx\/dev\/wp-content\/uploads\/2022\/06\/220-B5-0750-V1-DES-2.png 1172w, https:\/\/tzila.mx\/dev\/wp-content\/uploads\/2022\/06\/220-B5-0750-V1-DES-2-322x300.png 322w, https:\/\/tzila.mx\/dev\/wp-content\/uploads\/2022\/06\/220-B5-0750-V1-DES-2-858x800.png 858w, https:\/\/tzila.mx\/dev\/wp-content\/uploads\/2022\/06\/220-B5-0750-V1-DES-2-768x716.png 768w, https:\/\/tzila.mx\/dev\/wp-content\/uploads\/2022\/06\/220-B5-0750-V1-DES-2-860x802.png 860w, https:\/\/tzila.mx\/dev\/wp-content\/uploads\/2022\/06\/220-B5-0750-V1-DES-2-430x401.png 430w, https:\/\/tzila.mx\/dev\/wp-content\/uploads\/2022\/06\/220-B5-0750-V1-DES-2-700x653.png 700w, https:\/\/tzila.mx\/dev\/wp-content\/uploads\/2022\/06\/220-B5-0750-V1-DES-2-150x140.png 150w\" sizes=\"auto, (max-width: 1172px) 100vw, 1172px\" \/>\t\t\t\t\t<\/div>\n\n\t\t\t\t<\/div>\n\t\t\t\t<\/div>\n\t\t\t\t\t<\/div>\n\t\t<\/div>\n\t\t\t\t<div class=\"elementor-column elementor-col-33 elementor-top-column elementor-element elementor-element-dffdc91\" data-id=\"dffdc91\" data-element_type=\"column\">\n\t\t\t<div class=\"elementor-widget-wrap elementor-element-populated\">\n\t\t\t\t\t\t\t\t<div class=\"elementor-element elementor-element-a953a45 elementor-widget elementor-widget-wd_text_block\" data-id=\"a953a45\" data-element_type=\"widget\" data-widget_type=\"wd_text_block.default\">\n\t\t\t\t<div class=\"elementor-widget-container\">\n\t\t\t\t\t<div class=\"wd-text-block reset-last-child text-left\">\n\t\t\t\n\t\t\t<h4>Eficiencia y Regulaci\u00f3n dise\u00f1adas para PCs modernas<\/h4><p>Con un dise\u00f1o LLC Resonante y un convertidor CC a CC, las fuentes de poder EVGA B5 tienen eficiencia de hasta 89% - Bien por encima de los requerimientos de 80PLUS Bronce. Adem\u00e1s, las fuentes de poder B5 est\u00e1n dise\u00f1adas con est\u00e1ndares modernos, incluyendo ATX V2.52 para rendimiento y estabilidad.<\/p>\n\t\t\t\t\t<\/div>\n\t\t\t\t<\/div>\n\t\t\t\t<\/div>\n\t\t\t\t<div class=\"elementor-element elementor-element-36241d4 elementor-widget elementor-widget-wd_text_block\" data-id=\"36241d4\" data-element_type=\"widget\" data-widget_type=\"wd_text_block.default\">\n\t\t\t\t<div class=\"elementor-widget-container\">\n\t\t\t\t\t<div class=\"wd-text-block reset-last-child text-left\">\n\t\t\t\n\t\t\t<h4>Rango completo de protecciones<\/h4><p>\u25cf\u00a0OCP - Protecci\u00f3n contra sobre-corriente<br \/>\u25cf\u00a0OPP - Protecci\u00f3n contra sobre-consumo<br \/>\u25cf\u00a0OTP - Protecci\u00f3n contra sobre-calentamiento<br \/>\u25cf\u00a0OVP - Protecci\u00f3n contra sobre-voltaje<br \/>\u25cf\u00a0SCP - Protecci\u00f3n contra cortocircuitos<br \/>\u25cf\u00a0UVP - Protecci\u00f3n contra bajo voltaje<\/p>\n\t\t\t\t\t<\/div>\n\t\t\t\t<\/div>\n\t\t\t\t<\/div>\n\t\t\t\t<div class=\"elementor-element elementor-element-3c3a865 elementor-widget elementor-widget-wd_image_or_svg\" data-id=\"3c3a865\" data-element_type=\"widget\" data-widget_type=\"wd_image_or_svg.default\">\n\t\t\t\t<div class=\"elementor-widget-container\">\n\t\t\t\n\t\t<div class=\"wd-image text-left\">\n\t\t\t\t\t\t\t\t<img loading=\"lazy\" decoding=\"async\" width=\"649\" height=\"400\" src=\"https:\/\/tzila.mx\/dev\/wp-content\/uploads\/2022\/06\/220-B5-0750-V1-DES-3.png\" class=\"attachment-full size-full\" alt=\"\" srcset=\"https:\/\/tzila.mx\/dev\/wp-content\/uploads\/2022\/06\/220-B5-0750-V1-DES-3.png 649w, https:\/\/tzila.mx\/dev\/wp-content\/uploads\/2022\/06\/220-B5-0750-V1-DES-3-400x247.png 400w, https:\/\/tzila.mx\/dev\/wp-content\/uploads\/2022\/06\/220-B5-0750-V1-DES-3-430x265.png 430w, https:\/\/tzila.mx\/dev\/wp-content\/uploads\/2022\/06\/220-B5-0750-V1-DES-3-150x92.png 150w\" sizes=\"auto, (max-width: 649px) 100vw, 649px\" \/>\t\t\t\t\t<\/div>\n\n\t\t\t\t<\/div>\n\t\t\t\t<\/div>\n\t\t\t\t<div class=\"elementor-element elementor-element-741a3ed elementor-widget elementor-widget-wd_button\" data-id=\"741a3ed\" data-element_type=\"widget\" data-widget_type=\"wd_button.default\">\n\t\t\t\t<div class=\"elementor-widget-container\">\n\t\t\t\t\t<div class=\"wd-button-wrapper text-center\" >\n\t\t\t<a class=\"btn btn-style-link btn-shape- btn-size-default btn-scheme-light btn-scheme-hover-dark btn-icon-pos-right\"  href=\"https:\/\/latam.evga.com\/articles\/01392\/evga-b5-psu\/\" target=\"_blank\">\n\t\t\t\t<span class=\"wd-btn-text\" data-elementor-setting-key=\"text\">\n\t\t\t\t\tSABER M\u00c1S\t\t\t\t<\/span>\n\n\t\t\t\t\t\t\t<\/a>\n\t\t<\/div>\n\t\t\t\t<\/div>\n\t\t\t\t<\/div>\n\t\t\t\t\t<\/div>\n\t\t<\/div>\n\t\t\t\t\t\t\t<\/div>\n\t\t<\/section>\n\t\t\t\t\t\t<\/div>\n\t\t\t\t\t<\/div>\n\t\t","protected":false},"excerpt":{"rendered":"<h4>Caracter\u00edsticas principales:<\/h4>\n<p>\u25cf 550 Watts, 650 Watts, 750 Watts y 850 Watts<br \/>\n<span class=\"s1\">\u25cf Certificaci\u00f3n <\/span>80 Plus Bronce<br \/>\n<span class=\"s1\">\u25cf Fuentes de alimentaci\u00f3n totalmente modulares<\/span><br \/>\n<span class=\"s1\">\u25cf Chasis peque\u00f1o en todos los modelos<\/span><br \/>\n<span class=\"s1\">\u25cf Ventilador de 135 mm <\/span>silencioso y duradero<\/p>\n","protected":false},"featured_media":17725,"comment_status":"open","ping_status":"closed","template":"","meta":[],"product_cat":[20,72,104],"product_tag":[260],"class_list":["post-17710","product","type-product","status-publish","has-post-thumbnail","hentry","product_cat-hardware","product_cat-fuente-de-poder","product_cat-evga","product_tag-evga","pa_brand-evga"],"_links":{"self":[{"href":"https:\/\/tzila.mx\/dev\/wp-json\/wp\/v2\/product\/17710","targetHints":{"allow":["GET"]}}],"collection":[{"href":"https:\/\/tzila.mx\/dev\/wp-json\/wp\/v2\/product"}],"about":[{"href":"https:\/\/tzila.mx\/dev\/wp-json\/wp\/v2\/types\/product"}],"replies":[{"embeddable":true,"href":"https:\/\/tzila.mx\/dev\/wp-json\/wp\/v2\/comments?post=17710"}],"version-history":[{"count":7,"href":"https:\/\/tzila.mx\/dev\/wp-json\/wp\/v2\/product\/17710\/revisions"}],"predecessor-version":[{"id":17739,"href":"https:\/\/tzila.mx\/dev\/wp-json\/wp\/v2\/product\/17710\/revisions\/17739"}],"wp:featuredmedia":[{"embeddable":true,"href":"https:\/\/tzila.mx\/dev\/wp-json\/wp\/v2\/media\/17725"}],"wp:attachment":[{"href":"https:\/\/tzila.mx\/dev\/wp-json\/wp\/v2\/media?parent=17710"}],"wp:term":[{"taxonomy":"product_cat","embeddable":true,"href":"https:\/\/tzila.mx\/dev\/wp-json\/wp\/v2\/product_cat?post=17710"},{"taxonomy":"product_tag","embeddable":true,"href":"https:\/\/tzila.mx\/dev\/wp-json\/wp\/v2\/product_tag?post=17710"}],"curies":[{"name":"wp","href":"https:\/\/api.w.org\/{rel}","templated":true}]}}