{"id":17697,"date":"2022-06-29T20:25:09","date_gmt":"2022-06-30T01:25:09","guid":{"rendered":"https:\/\/tzila.mx\/dev\/?post_type=product&#038;p=17697"},"modified":"2022-06-29T21:04:28","modified_gmt":"2022-06-30T02:04:28","slug":"fuente-de-poder-evga-br-series-700-watts","status":"publish","type":"product","link":"https:\/\/tzila.mx\/dev\/producto\/fuente-de-poder-evga-br-series-700-watts\/","title":{"rendered":"Fuente de Poder EVGA BR Series 700 Watts"},"content":{"rendered":"\t\t<div data-elementor-type=\"wp-post\" data-elementor-id=\"17697\" class=\"elementor elementor-17697\" data-elementor-settings=\"[]\">\n\t\t\t\t\t\t\t<div class=\"elementor-section-wrap\">\n\t\t\t\t\t\t\t<section class=\"elementor-section elementor-top-section elementor-element elementor-element-154fe09 elementor-section-boxed elementor-section-height-default elementor-section-height-default wd-section-disabled\" data-id=\"154fe09\" data-element_type=\"section\">\n\t\t\t\t\t\t<div class=\"elementor-container elementor-column-gap-default\">\n\t\t\t\t\t<div class=\"elementor-column elementor-col-33 elementor-top-column elementor-element elementor-element-f14913d\" data-id=\"f14913d\" data-element_type=\"column\">\n\t\t\t<div class=\"elementor-widget-wrap elementor-element-populated\">\n\t\t\t\t\t\t\t\t<div class=\"elementor-element elementor-element-3d30eaf elementor-widget elementor-widget-wd_text_block\" data-id=\"3d30eaf\" data-element_type=\"widget\" data-widget_type=\"wd_text_block.default\">\n\t\t\t\t<div class=\"elementor-widget-container\">\n\t\t\t\t\t<div class=\"wd-text-block reset-last-child text-left\">\n\t\t\t\n\t\t\t<h5><strong>CARACTER\u00cdSTICAS GENERALE<\/strong><strong>S<\/strong><strong>:<\/strong><\/h5>\n\t\t\t\t\t<\/div>\n\t\t\t\t<\/div>\n\t\t\t\t<\/div>\n\t\t\t\t<div class=\"elementor-element elementor-element-6d44079 elementor-widget elementor-widget-wd_text_block\" data-id=\"6d44079\" data-element_type=\"widget\" data-widget_type=\"wd_text_block.default\">\n\t\t\t\t<div class=\"elementor-widget-container\">\n\t\t\t\t\t<div class=\"wd-text-block reset-last-child text-left\">\n\t\t\t\n\t\t\t<p>\u25cf Factor de forma ATX est\u00e1ndar<br \/>\u25cf Cables mallados totalmente negros<br \/>\u25cf Dise\u00f1o con linea fija<br \/>\u25cf Fan con rodamientos de larga vida \u00fatil<br \/>\u25cf Calificada con eficiencia Bronce<br \/>\u25cf Conversor DC DC<br \/>\u25cf Protecci\u00f3n por Hardware<\/p>\n\t\t\t\t\t<\/div>\n\t\t\t\t<\/div>\n\t\t\t\t<\/div>\n\t\t\t\t\t<\/div>\n\t\t<\/div>\n\t\t\t\t<div class=\"elementor-column elementor-col-66 elementor-top-column elementor-element elementor-element-1a0b71f\" data-id=\"1a0b71f\" data-element_type=\"column\">\n\t\t\t<div class=\"elementor-widget-wrap elementor-element-populated\">\n\t\t\t\t\t\t\t\t<div class=\"elementor-element elementor-element-6f6445b elementor-widget elementor-widget-wd_image_or_svg\" data-id=\"6f6445b\" data-element_type=\"widget\" data-widget_type=\"wd_image_or_svg.default\">\n\t\t\t\t<div class=\"elementor-widget-container\">\n\t\t\t\n\t\t<div class=\"wd-image text-center\">\n\t\t\t\t\t\t\t\t<img loading=\"lazy\" decoding=\"async\" width=\"1900\" height=\"900\" src=\"https:\/\/tzila.mx\/dev\/wp-content\/uploads\/2022\/06\/100-BR-0700-K1-DES-1.jpg\" class=\"attachment-full size-full\" alt=\"\" srcset=\"https:\/\/tzila.mx\/dev\/wp-content\/uploads\/2022\/06\/100-BR-0700-K1-DES-1.jpg 1900w, https:\/\/tzila.mx\/dev\/wp-content\/uploads\/2022\/06\/100-BR-0700-K1-DES-1-400x189.jpg 400w, https:\/\/tzila.mx\/dev\/wp-content\/uploads\/2022\/06\/100-BR-0700-K1-DES-1-1300x616.jpg 1300w, https:\/\/tzila.mx\/dev\/wp-content\/uploads\/2022\/06\/100-BR-0700-K1-DES-1-768x364.jpg 768w, https:\/\/tzila.mx\/dev\/wp-content\/uploads\/2022\/06\/100-BR-0700-K1-DES-1-1536x728.jpg 1536w, https:\/\/tzila.mx\/dev\/wp-content\/uploads\/2022\/06\/100-BR-0700-K1-DES-1-860x407.jpg 860w, https:\/\/tzila.mx\/dev\/wp-content\/uploads\/2022\/06\/100-BR-0700-K1-DES-1-1320x625.jpg 1320w, https:\/\/tzila.mx\/dev\/wp-content\/uploads\/2022\/06\/100-BR-0700-K1-DES-1-430x204.jpg 430w, https:\/\/tzila.mx\/dev\/wp-content\/uploads\/2022\/06\/100-BR-0700-K1-DES-1-700x332.jpg 700w, https:\/\/tzila.mx\/dev\/wp-content\/uploads\/2022\/06\/100-BR-0700-K1-DES-1-150x71.jpg 150w\" sizes=\"auto, (max-width: 1900px) 100vw, 1900px\" \/>\t\t\t\t\t<\/div>\n\n\t\t\t\t<\/div>\n\t\t\t\t<\/div>\n\t\t\t\t\t<\/div>\n\t\t<\/div>\n\t\t\t\t\t\t\t<\/div>\n\t\t<\/section>\n\t\t\t\t<section class=\"elementor-section elementor-top-section elementor-element elementor-element-f335c48 elementor-section-boxed elementor-section-height-default elementor-section-height-default wd-section-disabled\" data-id=\"f335c48\" data-element_type=\"section\">\n\t\t\t\t\t\t<div class=\"elementor-container elementor-column-gap-default\">\n\t\t\t\t\t<div class=\"elementor-column elementor-col-33 elementor-top-column elementor-element elementor-element-b982906\" data-id=\"b982906\" data-element_type=\"column\">\n\t\t\t<div class=\"elementor-widget-wrap elementor-element-populated\">\n\t\t\t\t\t\t\t\t<div class=\"elementor-element elementor-element-ecdf1c9 elementor-widget elementor-widget-wd_text_block\" data-id=\"ecdf1c9\" data-element_type=\"widget\" data-widget_type=\"wd_text_block.default\">\n\t\t\t\t<div class=\"elementor-widget-container\">\n\t\t\t\t\t<div class=\"wd-text-block reset-last-child text-left\">\n\t\t\t\n\t\t\t<h4>Confiabilidad de bronce<\/h4><p>la nueva serie de fuentes de poder EVGA BR. Construidas sobre nuestra ya gran linea de fuentes con certificaci\u00f3n Bronze, decidimos hacer las mejoras que nuestros clientes pidieron. Nuestra linea BR cuenta con certificaci\u00f3n 80 Plus Bronce, con eficiencia del 85% o m\u00e1s bajo cargas t\u00edpicas. Tiene un dise\u00f1o no-modular con cables negros totalmente mallados para una excelente est\u00e9tica, fan silencioso de 120mm, mayor estabilidad en los rieles de 5V\/3.3V, y todo cubierto por la garant\u00eda lider de EVGA de 3 a\u00f1os.<\/p>\n\t\t\t\t\t<\/div>\n\t\t\t\t<\/div>\n\t\t\t\t<\/div>\n\t\t\t\t<div class=\"elementor-element elementor-element-5f91ac9 elementor-widget elementor-widget-wd_text_block\" data-id=\"5f91ac9\" data-element_type=\"widget\" data-widget_type=\"wd_text_block.default\">\n\t\t\t\t<div class=\"elementor-widget-container\">\n\t\t\t\t\t<div class=\"wd-text-block reset-last-child text-left\">\n\t\t\t\n\t\t\t<h4>Factor de forma ATX est\u00e1ndar<\/h4><p>Compatible con gabinetes mATX, EATX, HPTX y XLATX<\/p>\n\t\t\t\t\t<\/div>\n\t\t\t\t<\/div>\n\t\t\t\t<\/div>\n\t\t\t\t<div class=\"elementor-element elementor-element-b969fd7 elementor-widget elementor-widget-wd_text_block\" data-id=\"b969fd7\" data-element_type=\"widget\" data-widget_type=\"wd_text_block.default\">\n\t\t\t\t<div class=\"elementor-widget-container\">\n\t\t\t\t\t<div class=\"wd-text-block reset-last-child text-left\">\n\t\t\t\n\t\t\t<h4>Cables mallados totalmente negros<\/h4><p>Consigue est\u00e9tica de gama alta mientras te mantienes en tu presupuesto<\/p>\n\t\t\t\t\t<\/div>\n\t\t\t\t<\/div>\n\t\t\t\t<\/div>\n\t\t\t\t\t<\/div>\n\t\t<\/div>\n\t\t\t\t<div class=\"elementor-column elementor-col-33 elementor-top-column elementor-element elementor-element-efcf9f4\" data-id=\"efcf9f4\" data-element_type=\"column\">\n\t\t\t<div class=\"elementor-widget-wrap elementor-element-populated\">\n\t\t\t\t\t\t\t\t<div class=\"elementor-element elementor-element-4b5326b elementor-widget elementor-widget-wd_text_block\" data-id=\"4b5326b\" data-element_type=\"widget\" data-widget_type=\"wd_text_block.default\">\n\t\t\t\t<div class=\"elementor-widget-container\">\n\t\t\t\t\t<div class=\"wd-text-block reset-last-child text-left\">\n\t\t\t\n\t\t\t<h4>Dise\u00f1o con linea fija<\/h4><p>El dise\u00f1o con linea fija permite que los cables est\u00e9n sujetos a la fuente de poder para instalaci\u00f3n y desinstalaci\u00f3n m\u00e1s sencilla. Lista para utilizar desde que se abre la caja.<\/p>\n\t\t\t\t\t<\/div>\n\t\t\t\t<\/div>\n\t\t\t\t<\/div>\n\t\t\t\t<div class=\"elementor-element elementor-element-a953a45 elementor-widget elementor-widget-wd_text_block\" data-id=\"a953a45\" data-element_type=\"widget\" data-widget_type=\"wd_text_block.default\">\n\t\t\t\t<div class=\"elementor-widget-container\">\n\t\t\t\t\t<div class=\"wd-text-block reset-last-child text-left\">\n\t\t\t\n\t\t\t<h4>Fan con rodamientos de larga vida \u00fatil<\/h4><p>Un fan de 120mm con rodamientos de larga vida \u00fatil resulta en una operaci\u00f3n silenciosa y una larga vida<\/p>\n\t\t\t\t\t<\/div>\n\t\t\t\t<\/div>\n\t\t\t\t<\/div>\n\t\t\t\t<div class=\"elementor-element elementor-element-c4ddd00 elementor-widget elementor-widget-wd_text_block\" data-id=\"c4ddd00\" data-element_type=\"widget\" data-widget_type=\"wd_text_block.default\">\n\t\t\t\t<div class=\"elementor-widget-container\">\n\t\t\t\t\t<div class=\"wd-text-block reset-last-child text-left\">\n\t\t\t\n\t\t\t<h4>Calificada con eficiencia Bronce<\/h4><p>La certificaci\u00f3n 80 Plus asegura que tu fuente no desperdicie poder y lo convierta en exceso de calor. Bajo cargas t\u00edpicas esta fuente tiene eficiencias del 85% o mayores.<\/p>\n\t\t\t\t\t<\/div>\n\t\t\t\t<\/div>\n\t\t\t\t<\/div>\n\t\t\t\t\t<\/div>\n\t\t<\/div>\n\t\t\t\t<div class=\"elementor-column elementor-col-33 elementor-top-column elementor-element elementor-element-dffdc91\" data-id=\"dffdc91\" data-element_type=\"column\">\n\t\t\t<div class=\"elementor-widget-wrap elementor-element-populated\">\n\t\t\t\t\t\t\t\t<div class=\"elementor-element elementor-element-377230a elementor-widget elementor-widget-wd_text_block\" data-id=\"377230a\" data-element_type=\"widget\" data-widget_type=\"wd_text_block.default\">\n\t\t\t\t<div class=\"elementor-widget-container\">\n\t\t\t\t\t<div class=\"wd-text-block reset-last-child text-left\">\n\t\t\t\n\t\t\t<h4>Conversor DC DC<\/h4><p>Disminuci\u00f3n de voltaje para una estabilidad s\u00f3lida como una roca y ruido m\u00ednimo (Para 3.3V y 5V)<\/p>\n\t\t\t\t\t<\/div>\n\t\t\t\t<\/div>\n\t\t\t\t<\/div>\n\t\t\t\t<div class=\"elementor-element elementor-element-ba1142e elementor-widget elementor-widget-wd_text_block\" data-id=\"ba1142e\" data-element_type=\"widget\" data-widget_type=\"wd_text_block.default\">\n\t\t\t\t<div class=\"elementor-widget-container\">\n\t\t\t\t\t<div class=\"wd-text-block reset-last-child text-left\">\n\t\t\t\n\t\t\t<h4>Protecci\u00f3n por Hardware<\/h4><p>Mientras se mantiene silenciosa, la linea entera tiene un gran riel single de 12V, proporcionando suficiente energ\u00eda para alimentar todo tu hardware. Finalmente, ya que sin seguridad el poder no tiene sentido, el rango completo de protecciones mantiene tu hardware seguro.<\/p><p>\u25cf\u00a0OVP (Protecci\u00f3n contra sobrevoltaje)<br \/>\u25cf\u00a0UVP (Protecci\u00f3n contra bajo voltaje)<br \/>\u25cf\u00a0OCP (Protecci\u00f3n contra sobrecorriente)<br \/>\u25cf\u00a0OPP (Protecci\u00f3n contra sobreconsumo)<br \/>\u25cf\u00a0SCP (Protecci\u00f3n contra cortocircuitos)<br \/>\u25cf\u00a0OTP (Protecci\u00f3n contra sobre calentamiento)<\/p>\n\t\t\t\t\t<\/div>\n\t\t\t\t<\/div>\n\t\t\t\t<\/div>\n\t\t\t\t<div class=\"elementor-element elementor-element-741a3ed elementor-widget elementor-widget-wd_button\" data-id=\"741a3ed\" data-element_type=\"widget\" data-widget_type=\"wd_button.default\">\n\t\t\t\t<div class=\"elementor-widget-container\">\n\t\t\t\t\t<div class=\"wd-button-wrapper text-center\" >\n\t\t\t<a class=\"btn btn-style-link btn-shape- btn-size-default btn-scheme-light btn-scheme-hover-dark btn-icon-pos-right\"  href=\"https:\/\/latam.evga.com\/articles\/01212\/EVGA-700-600-500-450-BR-Power-Supplies\/\" target=\"_blank\">\n\t\t\t\t<span class=\"wd-btn-text\" data-elementor-setting-key=\"text\">\n\t\t\t\t\tSABER M\u00c1S\t\t\t\t<\/span>\n\n\t\t\t\t\t\t\t<\/a>\n\t\t<\/div>\n\t\t\t\t<\/div>\n\t\t\t\t<\/div>\n\t\t\t\t\t<\/div>\n\t\t<\/div>\n\t\t\t\t\t\t\t<\/div>\n\t\t<\/section>\n\t\t\t\t\t\t<\/div>\n\t\t\t\t\t<\/div>\n\t\t","protected":false},"excerpt":{"rendered":"<h4>Caracter\u00edsticas principales:<\/h4>\n<p>\u25cf 450 Watts, 500 Watts, 600 Watts y 700 Watts<br \/>\n<span class=\"s1\">\u25cf Certificaci\u00f3n <\/span>80 Plus Bronce<br \/>\n<span class=\"s1\">\u25cf Dise\u00f1o no-modular con cables negros totalmente mallados <\/span><br \/>\n<span class=\"s1\">\u25cf <\/span>Factor de forma ATX est\u00e1ndar<br \/>\n<span class=\"s1\">\u25cf Ventilador de 120 mm<\/span><\/p>\n","protected":false},"featured_media":17704,"comment_status":"open","ping_status":"closed","template":"","meta":[],"product_cat":[20,72,104],"product_tag":[260],"class_list":["post-17697","product","type-product","status-publish","has-post-thumbnail","hentry","product_cat-hardware","product_cat-fuente-de-poder","product_cat-evga","product_tag-evga","pa_brand-evga"],"_links":{"self":[{"href":"https:\/\/tzila.mx\/dev\/wp-json\/wp\/v2\/product\/17697","targetHints":{"allow":["GET"]}}],"collection":[{"href":"https:\/\/tzila.mx\/dev\/wp-json\/wp\/v2\/product"}],"about":[{"href":"https:\/\/tzila.mx\/dev\/wp-json\/wp\/v2\/types\/product"}],"replies":[{"embeddable":true,"href":"https:\/\/tzila.mx\/dev\/wp-json\/wp\/v2\/comments?post=17697"}],"version-history":[{"count":5,"href":"https:\/\/tzila.mx\/dev\/wp-json\/wp\/v2\/product\/17697\/revisions"}],"predecessor-version":[{"id":17712,"href":"https:\/\/tzila.mx\/dev\/wp-json\/wp\/v2\/product\/17697\/revisions\/17712"}],"wp:featuredmedia":[{"embeddable":true,"href":"https:\/\/tzila.mx\/dev\/wp-json\/wp\/v2\/media\/17704"}],"wp:attachment":[{"href":"https:\/\/tzila.mx\/dev\/wp-json\/wp\/v2\/media?parent=17697"}],"wp:term":[{"taxonomy":"product_cat","embeddable":true,"href":"https:\/\/tzila.mx\/dev\/wp-json\/wp\/v2\/product_cat?post=17697"},{"taxonomy":"product_tag","embeddable":true,"href":"https:\/\/tzila.mx\/dev\/wp-json\/wp\/v2\/product_tag?post=17697"}],"curies":[{"name":"wp","href":"https:\/\/api.w.org\/{rel}","templated":true}]}}