{"id":17679,"date":"2022-06-29T19:47:04","date_gmt":"2022-06-30T00:47:04","guid":{"rendered":"https:\/\/tzila.mx\/dev\/?post_type=product&#038;p=17679"},"modified":"2022-06-29T20:22:25","modified_gmt":"2022-06-30T01:22:25","slug":"fuente-de-poder-evga-gd-series-600-watts","status":"publish","type":"product","link":"https:\/\/tzila.mx\/dev\/producto\/fuente-de-poder-evga-gd-series-600-watts\/","title":{"rendered":"Fuente de Poder EVGA GD Series 600 Watts"},"content":{"rendered":"\t\t<div data-elementor-type=\"wp-post\" data-elementor-id=\"17679\" class=\"elementor elementor-17679\" data-elementor-settings=\"[]\">\n\t\t\t\t\t\t\t<div class=\"elementor-section-wrap\">\n\t\t\t\t\t\t\t<section class=\"elementor-section elementor-top-section elementor-element elementor-element-154fe09 elementor-section-boxed elementor-section-height-default elementor-section-height-default wd-section-disabled\" data-id=\"154fe09\" data-element_type=\"section\">\n\t\t\t\t\t\t<div class=\"elementor-container elementor-column-gap-default\">\n\t\t\t\t\t<div class=\"elementor-column elementor-col-33 elementor-top-column elementor-element elementor-element-f14913d\" data-id=\"f14913d\" data-element_type=\"column\">\n\t\t\t<div class=\"elementor-widget-wrap elementor-element-populated\">\n\t\t\t\t\t\t\t\t<div class=\"elementor-element elementor-element-3d30eaf elementor-widget elementor-widget-wd_text_block\" data-id=\"3d30eaf\" data-element_type=\"widget\" data-widget_type=\"wd_text_block.default\">\n\t\t\t\t<div class=\"elementor-widget-container\">\n\t\t\t\t\t<div class=\"wd-text-block reset-last-child text-left\">\n\t\t\t\n\t\t\t<h5><strong>CARACTER\u00cdSTICAS GENERALE<\/strong><strong>S<\/strong><strong>:<\/strong><\/h5>\n\t\t\t\t\t<\/div>\n\t\t\t\t<\/div>\n\t\t\t\t<\/div>\n\t\t\t\t<div class=\"elementor-element elementor-element-6d44079 elementor-widget elementor-widget-wd_text_block\" data-id=\"6d44079\" data-element_type=\"widget\" data-widget_type=\"wd_text_block.default\">\n\t\t\t\t<div class=\"elementor-widget-container\">\n\t\t\t\t\t<div class=\"wd-text-block reset-last-child text-left\">\n\t\t\t\n\t\t\t<p>\u25cf Factor de forma estandar<br \/>\u25cf Cables mallados totalmente negros<br \/>\u25cf Rendimiento Listo Para El Juego<br \/>\u25cf Cuadros de poder<br \/>\u25cf Eficiencia Dorada<br \/>\u25cf Capacitor Principal Japon\u00e9s<br \/>\u25cf Para proteger y para servir<br \/>\u25cf Convertidor DC A DC<br \/>\u25cf Protecci\u00f3n Completa<br \/>\u25cf Protecciones de servicio pesado, que incluyen OVP (Protecci\u00f3n contra sobrevoltaje), OCP (Protecci\u00f3n contra sobrecorriente), OPP (Protecci\u00f3n contra sobrealimentaci\u00f3n), SCP (Protecci\u00f3n contra cortocircuito) y OTP (Protecci\u00f3n contra sobretemperatura)<\/p>\n\t\t\t\t\t<\/div>\n\t\t\t\t<\/div>\n\t\t\t\t<\/div>\n\t\t\t\t\t<\/div>\n\t\t<\/div>\n\t\t\t\t<div class=\"elementor-column elementor-col-66 elementor-top-column elementor-element elementor-element-1a0b71f\" data-id=\"1a0b71f\" data-element_type=\"column\">\n\t\t\t<div class=\"elementor-widget-wrap elementor-element-populated\">\n\t\t\t\t\t\t\t\t<div class=\"elementor-element elementor-element-6f6445b elementor-widget elementor-widget-wd_image_or_svg\" data-id=\"6f6445b\" data-element_type=\"widget\" data-widget_type=\"wd_image_or_svg.default\">\n\t\t\t\t<div class=\"elementor-widget-container\">\n\t\t\t\n\t\t<div class=\"wd-image text-center\">\n\t\t\t\t\t\t\t\t<img decoding=\"async\" src=\"https:\/\/tzila.mx\/dev\/wp-content\/uploads\/elementor\/thumbs\/100-GD-0600-V1-DES-1-pr1xu3yj50ohbvrhq6f8f2jveyyzu8n8749gnhu2zk.png\" title=\"100-GD-0600-V1-DES-1\" alt=\"100-GD-0600-V1-DES-1\" \/>\t\t\t\t\t<\/div>\n\n\t\t\t\t<\/div>\n\t\t\t\t<\/div>\n\t\t\t\t\t<\/div>\n\t\t<\/div>\n\t\t\t\t\t\t\t<\/div>\n\t\t<\/section>\n\t\t\t\t<section class=\"elementor-section elementor-top-section elementor-element elementor-element-f335c48 elementor-section-boxed elementor-section-height-default elementor-section-height-default wd-section-disabled\" data-id=\"f335c48\" data-element_type=\"section\">\n\t\t\t\t\t\t<div class=\"elementor-container elementor-column-gap-default\">\n\t\t\t\t\t<div class=\"elementor-column elementor-col-33 elementor-top-column elementor-element elementor-element-b982906\" data-id=\"b982906\" data-element_type=\"column\">\n\t\t\t<div class=\"elementor-widget-wrap elementor-element-populated\">\n\t\t\t\t\t\t\t\t<div class=\"elementor-element elementor-element-ecdf1c9 elementor-widget elementor-widget-wd_text_block\" data-id=\"ecdf1c9\" data-element_type=\"widget\" data-widget_type=\"wd_text_block.default\">\n\t\t\t\t<div class=\"elementor-widget-container\">\n\t\t\t\t\t<div class=\"wd-text-block reset-last-child text-left\">\n\t\t\t\n\t\t\t<h4>Base de Oro S\u00f3lido<\/h4><p>La serie de fuentes de poder EVGA est\u00e1 construida sobre una Base de Oro S\u00f3lido. Disponibles en 700W, 600W y 500W, estas fuentes de poder est\u00e1n dise\u00f1adas con el mismo nivel de rendimiento con un gran valor. Con certificaci\u00f3n de eficiencia 80 Plus Gold y Capacitores Japoneses en el PCB Principal, la serie EVGA GD es una excelente opci\u00f3n para quienes busquen una fuente de calidad a buen precio.<\/p>\n\t\t\t\t\t<\/div>\n\t\t\t\t<\/div>\n\t\t\t\t<\/div>\n\t\t\t\t<div class=\"elementor-element elementor-element-9451708 elementor-widget elementor-widget-wd_image_or_svg\" data-id=\"9451708\" data-element_type=\"widget\" data-widget_type=\"wd_image_or_svg.default\">\n\t\t\t\t<div class=\"elementor-widget-container\">\n\t\t\t\n\t\t<div class=\"wd-image text-left\">\n\t\t\t\t\t\t\t\t<img decoding=\"async\" src=\"https:\/\/tzila.mx\/dev\/wp-content\/uploads\/elementor\/thumbs\/100-GD-0600-V1-DES-2-pr1wo4hx003doo4w8lnu6o397kev7l1ioldiftr5x4.jpg\" title=\"100-GD-0600-V1-DES-2\" alt=\"100-GD-0600-V1-DES-2\" \/>\t\t\t\t\t<\/div>\n\n\t\t\t\t<\/div>\n\t\t\t\t<\/div>\n\t\t\t\t\t<\/div>\n\t\t<\/div>\n\t\t\t\t<div class=\"elementor-column elementor-col-33 elementor-top-column elementor-element elementor-element-efcf9f4\" data-id=\"efcf9f4\" data-element_type=\"column\">\n\t\t\t<div class=\"elementor-widget-wrap elementor-element-populated\">\n\t\t\t\t\t\t\t\t<div class=\"elementor-element elementor-element-05ec5da elementor-widget elementor-widget-wd_text_block\" data-id=\"05ec5da\" data-element_type=\"widget\" data-widget_type=\"wd_text_block.default\">\n\t\t\t\t<div class=\"elementor-widget-container\">\n\t\t\t\t\t<div class=\"wd-text-block reset-last-child text-left\">\n\t\t\t\n\t\t\t<h4>Cables mallados totalmente negros<\/h4><p>Consigue est\u00e9tica de gama alta mientras te mantienes en tu presupuesto<\/p>\n\t\t\t\t\t<\/div>\n\t\t\t\t<\/div>\n\t\t\t\t<\/div>\n\t\t\t\t<div class=\"elementor-element elementor-element-1be5c27 elementor-widget elementor-widget-wd_text_block\" data-id=\"1be5c27\" data-element_type=\"widget\" data-widget_type=\"wd_text_block.default\">\n\t\t\t\t<div class=\"elementor-widget-container\">\n\t\t\t\t\t<div class=\"wd-text-block reset-last-child text-left\">\n\t\t\t\n\t\t\t<h4>FACTOR DE FORMA ESTANDAR<\/h4><p>Compatible con gabinetes mATX, ATX, E-ATX, HPTX y XL-ATX.<\/p>\n\t\t\t\t\t<\/div>\n\t\t\t\t<\/div>\n\t\t\t\t<\/div>\n\t\t\t\t<div class=\"elementor-element elementor-element-4b5326b elementor-widget elementor-widget-wd_text_block\" data-id=\"4b5326b\" data-element_type=\"widget\" data-widget_type=\"wd_text_block.default\">\n\t\t\t\t<div class=\"elementor-widget-container\">\n\t\t\t\t\t<div class=\"wd-text-block reset-last-child text-left\">\n\t\t\t\n\t\t\t<h4>Rendimiento Listo Para El Juego<\/h4><p>Las fuentes de poder GD demuestran que el alto rendimiento en juegos no solo se logra con fuentes de precios elevados. Verifica el cuadro anexado para ver que fuente de poder GD es la ideal para tu pr\u00f3xima gr\u00e1fica EVGA GeForce RTX\u2122 o GeForce\u00ae GTX.<\/p>\n\t\t\t\t\t<\/div>\n\t\t\t\t<\/div>\n\t\t\t\t<\/div>\n\t\t\t\t<div class=\"elementor-element elementor-element-a953a45 elementor-widget elementor-widget-wd_text_block\" data-id=\"a953a45\" data-element_type=\"widget\" data-widget_type=\"wd_text_block.default\">\n\t\t\t\t<div class=\"elementor-widget-container\">\n\t\t\t\t\t<div class=\"wd-text-block reset-last-child text-left\">\n\t\t\t\n\t\t\t<h4>Eficiencia Dorada<\/h4><p>La certificaci\u00f3n 80 Plus asegura que tu fuente de poder no derroche energ\u00eda y la transforme en calor. Bajo cargas t\u00edpicas, esta fuente tiene eficiencia de 90% o superior.<\/p>\n\t\t\t\t\t<\/div>\n\t\t\t\t<\/div>\n\t\t\t\t<\/div>\n\t\t\t\t\t<\/div>\n\t\t<\/div>\n\t\t\t\t<div class=\"elementor-column elementor-col-33 elementor-top-column elementor-element elementor-element-dffdc91\" data-id=\"dffdc91\" data-element_type=\"column\">\n\t\t\t<div class=\"elementor-widget-wrap elementor-element-populated\">\n\t\t\t\t\t\t\t\t<div class=\"elementor-element elementor-element-a90c4a3 elementor-widget elementor-widget-wd_text_block\" data-id=\"a90c4a3\" data-element_type=\"widget\" data-widget_type=\"wd_text_block.default\">\n\t\t\t\t<div class=\"elementor-widget-container\">\n\t\t\t\t\t<div class=\"wd-text-block reset-last-child text-left\">\n\t\t\t\n\t\t\t<h4>Capacitor Principal Japon\u00e9s<\/h4><p>Obt\u00e9n la m\u00e1xima confiabilidad y rendimiento con el uso de un capacitor principal japon\u00e9s de alta calidad.<\/p>\n\t\t\t\t\t<\/div>\n\t\t\t\t<\/div>\n\t\t\t\t<\/div>\n\t\t\t\t<div class=\"elementor-element elementor-element-377230a elementor-widget elementor-widget-wd_text_block\" data-id=\"377230a\" data-element_type=\"widget\" data-widget_type=\"wd_text_block.default\">\n\t\t\t\t<div class=\"elementor-widget-container\">\n\t\t\t\t\t<div class=\"wd-text-block reset-last-child text-left\">\n\t\t\t\n\t\t\t<h4>PARA PROTEGER Y PARA SERVIR<\/h4><p>Esta fuente cubrir\u00e1 tus circuitos con protecci\u00f3n completa: OCP, OVP, OTP, OPP y SCP.<\/p>\n\t\t\t\t\t<\/div>\n\t\t\t\t<\/div>\n\t\t\t\t<\/div>\n\t\t\t\t<div class=\"elementor-element elementor-element-ba1142e elementor-widget elementor-widget-wd_text_block\" data-id=\"ba1142e\" data-element_type=\"widget\" data-widget_type=\"wd_text_block.default\">\n\t\t\t\t<div class=\"elementor-widget-container\">\n\t\t\t\t\t<div class=\"wd-text-block reset-last-child text-left\">\n\t\t\t\n\t\t\t<h4>CONVERTIDOR DC A DC<\/h4><p>Reducci\u00f3n de voltaje para una entrega de poder s\u00f3lida y estable, y un m\u00ednimo ruido (para 3.3V y 5V)<\/p>\n\t\t\t\t\t<\/div>\n\t\t\t\t<\/div>\n\t\t\t\t<\/div>\n\t\t\t\t<div class=\"elementor-element elementor-element-4496631 elementor-widget elementor-widget-wd_text_block\" data-id=\"4496631\" data-element_type=\"widget\" data-widget_type=\"wd_text_block.default\">\n\t\t\t\t<div class=\"elementor-widget-container\">\n\t\t\t\t\t<div class=\"wd-text-block reset-last-child text-left\">\n\t\t\t\n\t\t\t<p>Protecci\u00f3n Completa, incluyendo:<\/p><p>\u25cf\u00a0OVP (Protecci\u00f3n contra sobre-voltaje)<br \/>\u25cf\u00a0OCP (Protecci\u00f3n contra sobre-corriente)<br \/>\u25cf\u00a0OPP (Protecci\u00f3n contra sobre-consumo)<br \/>\u25cf\u00a0SCP (Protecci\u00f3n contra cortocircuitos)<br \/>\u25cf\u00a0OTP (Protecci\u00f3n contra sobre-calentamiento)<\/p>\n\t\t\t\t\t<\/div>\n\t\t\t\t<\/div>\n\t\t\t\t<\/div>\n\t\t\t\t<div class=\"elementor-element elementor-element-741a3ed elementor-widget elementor-widget-wd_button\" data-id=\"741a3ed\" data-element_type=\"widget\" data-widget_type=\"wd_button.default\">\n\t\t\t\t<div class=\"elementor-widget-container\">\n\t\t\t\t\t<div class=\"wd-button-wrapper text-center\" >\n\t\t\t<a class=\"btn btn-style-link btn-shape- btn-size-default btn-scheme-light btn-scheme-hover-dark btn-icon-pos-right\"  href=\"https:\/\/latam.evga.com\/articles\/01329\/evga-gd-psu\/\" target=\"_blank\">\n\t\t\t\t<span class=\"wd-btn-text\" data-elementor-setting-key=\"text\">\n\t\t\t\t\tSABER M\u00c1S\t\t\t\t<\/span>\n\n\t\t\t\t\t\t\t<\/a>\n\t\t<\/div>\n\t\t\t\t<\/div>\n\t\t\t\t<\/div>\n\t\t\t\t\t<\/div>\n\t\t<\/div>\n\t\t\t\t\t\t\t<\/div>\n\t\t<\/section>\n\t\t\t\t\t\t<\/div>\n\t\t\t\t\t<\/div>\n\t\t","protected":false},"excerpt":{"rendered":"<h4>Caracter\u00edsticas principales:<\/h4>\n<p>\u25cf 500 Watts, 600 Watts y 700 Watts<br \/>\n<span class=\"s1\">\u25cf Certificaci\u00f3n <\/span>80 Plus Gold<br \/>\n<span class=\"s1\">\u25cf Capacitores Japoneses en el PCB Principal<\/span><br \/>\n<span class=\"s1\">\u25cf Compatible con gabinetes mATX, ATX, E-ATX, HPTX y XL-ATX.<\/span><br \/>\n<span class=\"s1\">\u25cf Ideal para gr\u00e1fica EVGA GeForce RTX\u2122 o GeForce\u00ae GTX.<\/span><br \/>\n<span class=\"s1\">\u25cf Ventilador de 120 mm<\/span><\/p>\n","protected":false},"featured_media":17682,"comment_status":"open","ping_status":"closed","template":"","meta":[],"product_cat":[20,72,104],"product_tag":[260],"class_list":["post-17679","product","type-product","status-publish","has-post-thumbnail","hentry","product_cat-hardware","product_cat-fuente-de-poder","product_cat-evga","product_tag-evga","pa_brand-evga"],"_links":{"self":[{"href":"https:\/\/tzila.mx\/dev\/wp-json\/wp\/v2\/product\/17679","targetHints":{"allow":["GET"]}}],"collection":[{"href":"https:\/\/tzila.mx\/dev\/wp-json\/wp\/v2\/product"}],"about":[{"href":"https:\/\/tzila.mx\/dev\/wp-json\/wp\/v2\/types\/product"}],"replies":[{"embeddable":true,"href":"https:\/\/tzila.mx\/dev\/wp-json\/wp\/v2\/comments?post=17679"}],"version-history":[{"count":5,"href":"https:\/\/tzila.mx\/dev\/wp-json\/wp\/v2\/product\/17679\/revisions"}],"predecessor-version":[{"id":17696,"href":"https:\/\/tzila.mx\/dev\/wp-json\/wp\/v2\/product\/17679\/revisions\/17696"}],"wp:featuredmedia":[{"embeddable":true,"href":"https:\/\/tzila.mx\/dev\/wp-json\/wp\/v2\/media\/17682"}],"wp:attachment":[{"href":"https:\/\/tzila.mx\/dev\/wp-json\/wp\/v2\/media?parent=17679"}],"wp:term":[{"taxonomy":"product_cat","embeddable":true,"href":"https:\/\/tzila.mx\/dev\/wp-json\/wp\/v2\/product_cat?post=17679"},{"taxonomy":"product_tag","embeddable":true,"href":"https:\/\/tzila.mx\/dev\/wp-json\/wp\/v2\/product_tag?post=17679"}],"curies":[{"name":"wp","href":"https:\/\/api.w.org\/{rel}","templated":true}]}}