{"id":17660,"date":"2022-06-29T18:44:56","date_gmt":"2022-06-29T23:44:56","guid":{"rendered":"https:\/\/tzila.mx\/dev\/?post_type=product&#038;p=17660"},"modified":"2022-06-29T21:06:45","modified_gmt":"2022-06-30T02:06:45","slug":"fuente-de-poder-evga-bq-series-semi-modular","status":"publish","type":"product","link":"https:\/\/tzila.mx\/dev\/producto\/fuente-de-poder-evga-bq-series-semi-modular\/","title":{"rendered":"Fuente de Poder EVGA BQ Series Semi Modular"},"content":{"rendered":"\t\t<div data-elementor-type=\"wp-post\" data-elementor-id=\"17660\" class=\"elementor elementor-17660\" data-elementor-settings=\"[]\">\n\t\t\t\t\t\t\t<div class=\"elementor-section-wrap\">\n\t\t\t\t\t\t\t<section class=\"elementor-section elementor-top-section elementor-element elementor-element-154fe09 elementor-section-boxed elementor-section-height-default elementor-section-height-default wd-section-disabled\" data-id=\"154fe09\" data-element_type=\"section\">\n\t\t\t\t\t\t<div class=\"elementor-container elementor-column-gap-default\">\n\t\t\t\t\t<div class=\"elementor-column elementor-col-33 elementor-top-column elementor-element elementor-element-f14913d\" data-id=\"f14913d\" data-element_type=\"column\">\n\t\t\t<div class=\"elementor-widget-wrap elementor-element-populated\">\n\t\t\t\t\t\t\t\t<div class=\"elementor-element elementor-element-3d30eaf elementor-widget elementor-widget-wd_text_block\" data-id=\"3d30eaf\" data-element_type=\"widget\" data-widget_type=\"wd_text_block.default\">\n\t\t\t\t<div class=\"elementor-widget-container\">\n\t\t\t\t\t<div class=\"wd-text-block reset-last-child text-left\">\n\t\t\t\n\t\t\t<h5><strong>CARACTER\u00cdSTICAS GENERALE<\/strong><strong>S<\/strong><strong>:<\/strong><\/h5>\n\t\t\t\t\t<\/div>\n\t\t\t\t<\/div>\n\t\t\t\t<\/div>\n\t\t\t\t<div class=\"elementor-element elementor-element-6d44079 elementor-widget elementor-widget-wd_text_block\" data-id=\"6d44079\" data-element_type=\"widget\" data-widget_type=\"wd_text_block.default\">\n\t\t\t\t<div class=\"elementor-widget-container\">\n\t\t\t\t\t<div class=\"wd-text-block reset-last-child text-left\">\n\t\t\t\n\t\t\t<p>\u25cf Ultra Silencioso<br \/>\u25cf Excelente Rendimiento<br \/>\u25cf Dise\u00f1o Modular<br \/>\u25cf Protecciones de Alto Nivel<br \/>\u25cf Protecciones de servicio pesado, que incluyen OVP (Protecci\u00f3n contra sobrevoltaje), UVP (Protecci\u00f3n contra bajo voltaje), OCP (Protecci\u00f3n contra sobrecorriente), OPP (Protecci\u00f3n contra sobretensi\u00f3n) y SCP (Protecci\u00f3n contra cortocircuito)<br \/>\u25cf Ventilador autom\u00e1tico silencioso e inteligente para un funcionamiento casi silencioso<br \/>\u25cf Solo carril de +12 V<br \/>\u25cf Apta Para NVIDIA SLI<br \/>\u25cf 80 Plus Bronce de Puntuaci\u00f3n en Eficiencia<\/p>\n\t\t\t\t\t<\/div>\n\t\t\t\t<\/div>\n\t\t\t\t<\/div>\n\t\t\t\t\t<\/div>\n\t\t<\/div>\n\t\t\t\t<div class=\"elementor-column elementor-col-66 elementor-top-column elementor-element elementor-element-1a0b71f\" data-id=\"1a0b71f\" data-element_type=\"column\">\n\t\t\t<div class=\"elementor-widget-wrap elementor-element-populated\">\n\t\t\t\t\t\t\t\t<div class=\"elementor-element elementor-element-6f6445b elementor-widget elementor-widget-wd_image_or_svg\" data-id=\"6f6445b\" data-element_type=\"widget\" data-widget_type=\"wd_image_or_svg.default\">\n\t\t\t\t<div class=\"elementor-widget-container\">\n\t\t\t\n\t\t<div class=\"wd-image text-center\">\n\t\t\t\t\t\t\t\t<img loading=\"lazy\" decoding=\"async\" width=\"1038\" height=\"428\" src=\"https:\/\/tzila.mx\/dev\/wp-content\/uploads\/2022\/06\/110-BQ-0750-V1-DES-4.png\" class=\"attachment-full size-full\" alt=\"\" srcset=\"https:\/\/tzila.mx\/dev\/wp-content\/uploads\/2022\/06\/110-BQ-0750-V1-DES-4.png 1038w, https:\/\/tzila.mx\/dev\/wp-content\/uploads\/2022\/06\/110-BQ-0750-V1-DES-4-400x165.png 400w, https:\/\/tzila.mx\/dev\/wp-content\/uploads\/2022\/06\/110-BQ-0750-V1-DES-4-768x317.png 768w, https:\/\/tzila.mx\/dev\/wp-content\/uploads\/2022\/06\/110-BQ-0750-V1-DES-4-860x355.png 860w, https:\/\/tzila.mx\/dev\/wp-content\/uploads\/2022\/06\/110-BQ-0750-V1-DES-4-430x177.png 430w, https:\/\/tzila.mx\/dev\/wp-content\/uploads\/2022\/06\/110-BQ-0750-V1-DES-4-700x289.png 700w, https:\/\/tzila.mx\/dev\/wp-content\/uploads\/2022\/06\/110-BQ-0750-V1-DES-4-150x62.png 150w\" sizes=\"auto, (max-width: 1038px) 100vw, 1038px\" \/>\t\t\t\t\t<\/div>\n\n\t\t\t\t<\/div>\n\t\t\t\t<\/div>\n\t\t\t\t\t<\/div>\n\t\t<\/div>\n\t\t\t\t\t\t\t<\/div>\n\t\t<\/section>\n\t\t\t\t<section class=\"elementor-section elementor-top-section elementor-element elementor-element-f335c48 elementor-section-boxed elementor-section-height-default elementor-section-height-default wd-section-disabled\" data-id=\"f335c48\" data-element_type=\"section\">\n\t\t\t\t\t\t<div class=\"elementor-container elementor-column-gap-default\">\n\t\t\t\t\t<div class=\"elementor-column elementor-col-33 elementor-top-column elementor-element elementor-element-b982906\" data-id=\"b982906\" data-element_type=\"column\">\n\t\t\t<div class=\"elementor-widget-wrap elementor-element-populated\">\n\t\t\t\t\t\t\t\t<div class=\"elementor-element elementor-element-ecdf1c9 elementor-widget elementor-widget-wd_text_block\" data-id=\"ecdf1c9\" data-element_type=\"widget\" data-widget_type=\"wd_text_block.default\">\n\t\t\t\t<div class=\"elementor-widget-container\">\n\t\t\t\t\t<div class=\"wd-text-block reset-last-child text-left\">\n\t\t\t\n\t\t\t<h4>Gran calidad, gran valor<\/h4><p>Estas fuentes de alimentaci\u00f3n tienen algunas de las mejores caracter\u00edsticas de la premiada l\u00ednea de fuentes de alimentaci\u00f3n de EVGA, como un ventilador de 140 mm con un funcionamiento silencioso y cables modulares haciendo que tenga uno de los mejores valores hoy en d\u00eda en las fuentes de alimentaci\u00f3n de alto rendimiento.<\/p>\n\t\t\t\t\t<\/div>\n\t\t\t\t<\/div>\n\t\t\t\t<\/div>\n\t\t\t\t<div class=\"elementor-element elementor-element-92b92dc elementor-widget elementor-widget-wd_text_block\" data-id=\"92b92dc\" data-element_type=\"widget\" data-widget_type=\"wd_text_block.default\">\n\t\t\t\t<div class=\"elementor-widget-container\">\n\t\t\t\t\t<div class=\"wd-text-block reset-last-child text-left\">\n\t\t\t\n\t\t\t<h4>Ultra Silencioso<\/h4><p>Rodamientos de Teflon Nano-Steel en los ventiladores permitiendo un funcionamiento casi silencioso, incluso bajo las cargas m\u00e1s duras.<\/p>\n\t\t\t\t\t<\/div>\n\t\t\t\t<\/div>\n\t\t\t\t<\/div>\n\t\t\t\t<div class=\"elementor-element elementor-element-f336af3 elementor-widget elementor-widget-wd_image_or_svg\" data-id=\"f336af3\" data-element_type=\"widget\" data-widget_type=\"wd_image_or_svg.default\">\n\t\t\t\t<div class=\"elementor-widget-container\">\n\t\t\t\n\t\t<div class=\"wd-image text-left\">\n\t\t\t\t\t\t\t\t<img loading=\"lazy\" decoding=\"async\" width=\"710\" height=\"434\" src=\"https:\/\/tzila.mx\/dev\/wp-content\/uploads\/2022\/06\/110-BQ-0750-V1-DES-3.jpg\" class=\"attachment-full size-full\" alt=\"\" srcset=\"https:\/\/tzila.mx\/dev\/wp-content\/uploads\/2022\/06\/110-BQ-0750-V1-DES-3.jpg 710w, https:\/\/tzila.mx\/dev\/wp-content\/uploads\/2022\/06\/110-BQ-0750-V1-DES-3-400x245.jpg 400w, https:\/\/tzila.mx\/dev\/wp-content\/uploads\/2022\/06\/110-BQ-0750-V1-DES-3-430x263.jpg 430w, https:\/\/tzila.mx\/dev\/wp-content\/uploads\/2022\/06\/110-BQ-0750-V1-DES-3-700x428.jpg 700w, https:\/\/tzila.mx\/dev\/wp-content\/uploads\/2022\/06\/110-BQ-0750-V1-DES-3-150x92.jpg 150w\" sizes=\"auto, (max-width: 710px) 100vw, 710px\" \/>\t\t\t\t\t<\/div>\n\n\t\t\t\t<\/div>\n\t\t\t\t<\/div>\n\t\t\t\t<div class=\"elementor-element elementor-element-a119555 elementor-widget elementor-widget-wd_text_block\" data-id=\"a119555\" data-element_type=\"widget\" data-widget_type=\"wd_text_block.default\">\n\t\t\t\t<div class=\"elementor-widget-container\">\n\t\t\t\t\t<div class=\"wd-text-block reset-last-child text-left\">\n\t\t\t\n\t\t\t<h4>Excelente Rendimiento<\/h4><p>85% de eficiencia o superior bajo cargas t\u00edpicas y condensadores de marca japonesa de alta calidad garantizan la fiabilidad a largo plazo.<\/p>\n\t\t\t\t\t<\/div>\n\t\t\t\t<\/div>\n\t\t\t\t<\/div>\n\t\t\t\t\t<\/div>\n\t\t<\/div>\n\t\t\t\t<div class=\"elementor-column elementor-col-33 elementor-top-column elementor-element elementor-element-efcf9f4\" data-id=\"efcf9f4\" data-element_type=\"column\">\n\t\t\t<div class=\"elementor-widget-wrap elementor-element-populated\">\n\t\t\t\t\t\t\t\t<div class=\"elementor-element elementor-element-e1d71f1 elementor-widget elementor-widget-wd_image_or_svg\" data-id=\"e1d71f1\" data-element_type=\"widget\" data-widget_type=\"wd_image_or_svg.default\">\n\t\t\t\t<div class=\"elementor-widget-container\">\n\t\t\t\n\t\t<div class=\"wd-image text-left\">\n\t\t\t\t\t\t\t\t<img loading=\"lazy\" decoding=\"async\" width=\"558\" height=\"390\" src=\"https:\/\/tzila.mx\/dev\/wp-content\/uploads\/2022\/06\/110-BQ-0750-V1-DES-2.jpg\" class=\"attachment-full size-full\" alt=\"\" srcset=\"https:\/\/tzila.mx\/dev\/wp-content\/uploads\/2022\/06\/110-BQ-0750-V1-DES-2.jpg 558w, https:\/\/tzila.mx\/dev\/wp-content\/uploads\/2022\/06\/110-BQ-0750-V1-DES-2-400x280.jpg 400w, https:\/\/tzila.mx\/dev\/wp-content\/uploads\/2022\/06\/110-BQ-0750-V1-DES-2-430x301.jpg 430w, https:\/\/tzila.mx\/dev\/wp-content\/uploads\/2022\/06\/110-BQ-0750-V1-DES-2-150x105.jpg 150w\" sizes=\"auto, (max-width: 558px) 100vw, 558px\" \/>\t\t\t\t\t<\/div>\n\n\t\t\t\t<\/div>\n\t\t\t\t<\/div>\n\t\t\t\t<div class=\"elementor-element elementor-element-4b5326b elementor-widget elementor-widget-wd_text_block\" data-id=\"4b5326b\" data-element_type=\"widget\" data-widget_type=\"wd_text_block.default\">\n\t\t\t\t<div class=\"elementor-widget-container\">\n\t\t\t\t\t<div class=\"wd-text-block reset-last-child text-left\">\n\t\t\t\n\t\t\t<h4>Dise\u00f1o Modular<\/h4><p>Dise\u00f1o semi-modular permite s\u00f3lo utilizar los cables que necesitas, ayudando a mejorar el flujo de aire dentro de la fuente, eliminar los cables innecesarios, y lo mejor de todo, a reducir el desorden de cables.<\/p>\n\t\t\t\t\t<\/div>\n\t\t\t\t<\/div>\n\t\t\t\t<\/div>\n\t\t\t\t<div class=\"elementor-element elementor-element-a953a45 elementor-widget elementor-widget-wd_text_block\" data-id=\"a953a45\" data-element_type=\"widget\" data-widget_type=\"wd_text_block.default\">\n\t\t\t\t<div class=\"elementor-widget-container\">\n\t\t\t\t\t<div class=\"wd-text-block reset-last-child text-left\">\n\t\t\t\n\t\t\t<h4>Protecciones de Alto Nivel, incluye:<\/h4><p>\u25cf OVP (Protecci\u00f3n de sobre voltaje)<br \/>\u25cf UVP (Protecci\u00f3n de bajo voltaje)<br \/>\u25cf OPP (Protecci\u00f3n de sobre carga)<br \/>\u25cf SCP (Protecci\u00f3n de corto circuito)<br \/>\u25cf OCP (Protecci\u00f3n de sobre corriente)<\/p>\n\t\t\t\t\t<\/div>\n\t\t\t\t<\/div>\n\t\t\t\t<\/div>\n\t\t\t\t<div class=\"elementor-element elementor-element-f4bb4cf elementor-widget elementor-widget-wd_text_block\" data-id=\"f4bb4cf\" data-element_type=\"widget\" data-widget_type=\"wd_text_block.default\">\n\t\t\t\t<div class=\"elementor-widget-container\">\n\t\t\t\t\t<div class=\"wd-text-block reset-last-child text-left\">\n\t\t\t\n\t\t\t<h4>Solo carril de +12 V<\/h4>\nUn solo carril de +12 V ofrece la mejor potencia de salida, estabilidad del carril y la compatibilidad con el hardware m\u00e1s reciente.\n\t\t\t\t\t<\/div>\n\t\t\t\t<\/div>\n\t\t\t\t<\/div>\n\t\t\t\t\t<\/div>\n\t\t<\/div>\n\t\t\t\t<div class=\"elementor-column elementor-col-33 elementor-top-column elementor-element elementor-element-dffdc91\" data-id=\"dffdc91\" data-element_type=\"column\">\n\t\t\t<div class=\"elementor-widget-wrap elementor-element-populated\">\n\t\t\t\t\t\t\t\t<div class=\"elementor-element elementor-element-377230a elementor-widget elementor-widget-wd_text_block\" data-id=\"377230a\" data-element_type=\"widget\" data-widget_type=\"wd_text_block.default\">\n\t\t\t\t<div class=\"elementor-widget-container\">\n\t\t\t\t\t<div class=\"wd-text-block reset-last-child text-left\">\n\t\t\t\n\t\t\t<h4>Modular<\/h4><p>El dise\u00f1o modular permite que cada cable pueda ser retirado de la fuente de alimentaci\u00f3n para facilitar la instalaci\u00f3n y remoci\u00f3n. Puede dejar fuera los cables innecesarios para reducir desorden y maximizar el flujo de aire.<\/p>\n\t\t\t\t\t<\/div>\n\t\t\t\t<\/div>\n\t\t\t\t<\/div>\n\t\t\t\t<div class=\"elementor-element elementor-element-ba1142e elementor-widget elementor-widget-wd_text_block\" data-id=\"ba1142e\" data-element_type=\"widget\" data-widget_type=\"wd_text_block.default\">\n\t\t\t\t<div class=\"elementor-widget-container\">\n\t\t\t\t\t<div class=\"wd-text-block reset-last-child text-left\">\n\t\t\t\n\t\t\t<h4>Apta Para NVIDIA SLI<\/h4><p>Ejecuta m\u00faltiples tarjetas gr\u00e1ficas de NVIDIA para la mejor experiencia de juego. La EVGA BQ le da la potencia que necesita para correr estos sistemas exigentes y lograr los mejores overclocks.<\/p>\n\t\t\t\t\t<\/div>\n\t\t\t\t<\/div>\n\t\t\t\t<\/div>\n\t\t\t\t<div class=\"elementor-element elementor-element-2a61c50 elementor-widget elementor-widget-wd_image_or_svg\" data-id=\"2a61c50\" data-element_type=\"widget\" data-widget_type=\"wd_image_or_svg.default\">\n\t\t\t\t<div class=\"elementor-widget-container\">\n\t\t\t\n\t\t<div class=\"wd-image text-left\">\n\t\t\t\t\t\t\t\t<img loading=\"lazy\" decoding=\"async\" width=\"734\" height=\"426\" src=\"https:\/\/tzila.mx\/dev\/wp-content\/uploads\/2022\/06\/110-BQ-0750-V1-DES-1.jpg\" class=\"attachment-full size-full\" alt=\"\" srcset=\"https:\/\/tzila.mx\/dev\/wp-content\/uploads\/2022\/06\/110-BQ-0750-V1-DES-1.jpg 734w, https:\/\/tzila.mx\/dev\/wp-content\/uploads\/2022\/06\/110-BQ-0750-V1-DES-1-400x232.jpg 400w, https:\/\/tzila.mx\/dev\/wp-content\/uploads\/2022\/06\/110-BQ-0750-V1-DES-1-430x250.jpg 430w, https:\/\/tzila.mx\/dev\/wp-content\/uploads\/2022\/06\/110-BQ-0750-V1-DES-1-700x406.jpg 700w, https:\/\/tzila.mx\/dev\/wp-content\/uploads\/2022\/06\/110-BQ-0750-V1-DES-1-150x87.jpg 150w\" sizes=\"auto, (max-width: 734px) 100vw, 734px\" \/>\t\t\t\t\t<\/div>\n\n\t\t\t\t<\/div>\n\t\t\t\t<\/div>\n\t\t\t\t<div class=\"elementor-element elementor-element-4496631 elementor-widget elementor-widget-wd_text_block\" data-id=\"4496631\" data-element_type=\"widget\" data-widget_type=\"wd_text_block.default\">\n\t\t\t\t<div class=\"elementor-widget-container\">\n\t\t\t\t\t<div class=\"wd-text-block reset-last-child text-left\">\n\t\t\t\n\t\t\t<h4>80 Plus Bronce de Puntuaci\u00f3n en Eficiencia<\/h4><p>Certificaci\u00f3n 80 Plus Bronze asegura que su fuente de alimentaci\u00f3n no malgaste poder convirti\u00e9ndolo en exceso de calor. Bajo cargas t\u00edpicas estas fuentes de alimentaci\u00f3n tienen 85% de eficiencia o superior.<\/p>\n\t\t\t\t\t<\/div>\n\t\t\t\t<\/div>\n\t\t\t\t<\/div>\n\t\t\t\t<div class=\"elementor-element elementor-element-741a3ed elementor-widget elementor-widget-wd_button\" data-id=\"741a3ed\" data-element_type=\"widget\" data-widget_type=\"wd_button.default\">\n\t\t\t\t<div class=\"elementor-widget-container\">\n\t\t\t\t\t<div class=\"wd-button-wrapper text-center\" >\n\t\t\t<a class=\"btn btn-style-link btn-shape- btn-size-default btn-scheme-light btn-scheme-hover-dark btn-icon-pos-right\"  href=\"https:\/\/latam.evga.com\/articles\/01003\/evga-850-750-650-bq-power-supplies\/\" target=\"_blank\">\n\t\t\t\t<span class=\"wd-btn-text\" data-elementor-setting-key=\"text\">\n\t\t\t\t\tSABER M\u00c1S\t\t\t\t<\/span>\n\n\t\t\t\t\t\t\t<\/a>\n\t\t<\/div>\n\t\t\t\t<\/div>\n\t\t\t\t<\/div>\n\t\t\t\t\t<\/div>\n\t\t<\/div>\n\t\t\t\t\t\t\t<\/div>\n\t\t<\/section>\n\t\t\t\t\t\t<\/div>\n\t\t\t\t\t<\/div>\n\t\t","protected":false},"excerpt":{"rendered":"<h4>Caracter\u00edsticas principales:<\/h4>\n<p>\u25cf 650 Watts, 750 Watts y 850 Watts<br \/>\n<span class=\"s1\">\u25cf Certificaci\u00f3n <\/span>80 Plus Bronce<br \/>\n<span class=\"s1\">\u25cf <\/span>Fuentes de alimentaci\u00f3n semi modulares<br \/>\n<span class=\"s1\">\u25cf Rodamientos de Teflon Nano-Steel en los ventiladores<\/span><br \/>\n<span class=\"s1\">\u25cf <\/span>Apta Para NVIDIA SLI<br \/>\n<span class=\"s1\">\u25cf Ventilador de 140 mm<\/span><\/p>\n","protected":false},"featured_media":17670,"comment_status":"open","ping_status":"closed","template":"","meta":[],"product_cat":[20,72,104],"product_tag":[260],"class_list":["post-17660","product","type-product","status-publish","has-post-thumbnail","hentry","product_cat-hardware","product_cat-fuente-de-poder","product_cat-evga","product_tag-evga","pa_brand-evga"],"_links":{"self":[{"href":"https:\/\/tzila.mx\/dev\/wp-json\/wp\/v2\/product\/17660","targetHints":{"allow":["GET"]}}],"collection":[{"href":"https:\/\/tzila.mx\/dev\/wp-json\/wp\/v2\/product"}],"about":[{"href":"https:\/\/tzila.mx\/dev\/wp-json\/wp\/v2\/types\/product"}],"replies":[{"embeddable":true,"href":"https:\/\/tzila.mx\/dev\/wp-json\/wp\/v2\/comments?post=17660"}],"version-history":[{"count":5,"href":"https:\/\/tzila.mx\/dev\/wp-json\/wp\/v2\/product\/17660\/revisions"}],"predecessor-version":[{"id":17719,"href":"https:\/\/tzila.mx\/dev\/wp-json\/wp\/v2\/product\/17660\/revisions\/17719"}],"wp:featuredmedia":[{"embeddable":true,"href":"https:\/\/tzila.mx\/dev\/wp-json\/wp\/v2\/media\/17670"}],"wp:attachment":[{"href":"https:\/\/tzila.mx\/dev\/wp-json\/wp\/v2\/media?parent=17660"}],"wp:term":[{"taxonomy":"product_cat","embeddable":true,"href":"https:\/\/tzila.mx\/dev\/wp-json\/wp\/v2\/product_cat?post=17660"},{"taxonomy":"product_tag","embeddable":true,"href":"https:\/\/tzila.mx\/dev\/wp-json\/wp\/v2\/product_tag?post=17660"}],"curies":[{"name":"wp","href":"https:\/\/api.w.org\/{rel}","templated":true}]}}