{"id":17599,"date":"2022-06-28T12:28:06","date_gmt":"2022-06-28T17:28:06","guid":{"rendered":"https:\/\/tzila.mx\/dev\/?post_type=product&#038;p=17599"},"modified":"2022-06-29T18:32:36","modified_gmt":"2022-06-29T23:32:36","slug":"audifonos-gamer-cooler-master-mh650-rgb","status":"publish","type":"product","link":"https:\/\/tzila.mx\/dev\/producto\/audifonos-gamer-cooler-master-mh650-rgb\/","title":{"rendered":"Aud\u00edfonos Gamer COOLER MASTER MH650 RGB"},"content":{"rendered":"\t\t<div data-elementor-type=\"wp-post\" data-elementor-id=\"17599\" class=\"elementor elementor-17599\" data-elementor-settings=\"[]\">\n\t\t\t\t\t\t\t<div class=\"elementor-section-wrap\">\n\t\t\t\t\t\t\t<section class=\"elementor-section elementor-top-section elementor-element elementor-element-73f86f1 elementor-section-boxed elementor-section-height-default elementor-section-height-default wd-section-disabled\" data-id=\"73f86f1\" data-element_type=\"section\">\n\t\t\t\t\t\t<div class=\"elementor-container elementor-column-gap-default\">\n\t\t\t\t\t<div class=\"elementor-column elementor-col-33 elementor-top-column elementor-element elementor-element-a97a0da\" data-id=\"a97a0da\" data-element_type=\"column\">\n\t\t\t<div class=\"elementor-widget-wrap elementor-element-populated\">\n\t\t\t\t\t\t\t\t<div class=\"elementor-element elementor-element-ee15466 elementor-widget elementor-widget-wd_text_block\" data-id=\"ee15466\" data-element_type=\"widget\" data-widget_type=\"wd_text_block.default\">\n\t\t\t\t<div class=\"elementor-widget-container\">\n\t\t\t\t\t<div class=\"wd-text-block reset-last-child text-left\">\n\t\t\t\n\t\t\t<h5><strong>M\u00c1S ESPECIFICACIONES<\/strong><strong>:<\/strong><\/h5>\n\t\t\t\t\t<\/div>\n\t\t\t\t<\/div>\n\t\t\t\t<\/div>\n\t\t\t\t<div class=\"elementor-element elementor-element-060aac8 elementor-widget elementor-widget-wd_text_block\" data-id=\"060aac8\" data-element_type=\"widget\" data-widget_type=\"wd_text_block.default\">\n\t\t\t\t<div class=\"elementor-widget-container\">\n\t\t\t\t\t<div class=\"wd-text-block reset-last-child text-left\">\n\t\t\t\n\t\t\t<p>\u25cf Comodidad duradera<br \/>\u25cf Conectividad de PC y consola<br \/>\u25cf Sonido envolvente virtual 7.1<br \/>\u25cf F\u00e1cil portabilidad<br \/>\u25cf Iluminaci\u00f3n RGB<br \/>\u25cf Controles de auriculares<\/p>\n\t\t\t\t\t<\/div>\n\t\t\t\t<\/div>\n\t\t\t\t<\/div>\n\t\t\t\t\t<\/div>\n\t\t<\/div>\n\t\t\t\t<div class=\"elementor-column elementor-col-66 elementor-top-column elementor-element elementor-element-58ccbf6\" data-id=\"58ccbf6\" data-element_type=\"column\">\n\t\t\t<div class=\"elementor-widget-wrap elementor-element-populated\">\n\t\t\t\t\t\t\t\t<div class=\"elementor-element elementor-element-8fc16ba elementor-widget elementor-widget-wd_image_or_svg\" data-id=\"8fc16ba\" data-element_type=\"widget\" data-widget_type=\"wd_image_or_svg.default\">\n\t\t\t\t<div class=\"elementor-widget-container\">\n\t\t\t\n\t\t<div class=\"wd-image text-center\">\n\t\t\t\t\t\t\t\t<img decoding=\"async\" src=\"https:\/\/tzila.mx\/dev\/wp-content\/uploads\/elementor\/thumbs\/MH-650-DES-1-pqzny1va8303rlb85brney6z5mclm62j8uc8ntoqlo.png\" title=\"MH-650-DES-1\" alt=\"MH-650-DES-1\" \/>\t\t\t\t\t<\/div>\n\n\t\t\t\t<\/div>\n\t\t\t\t<\/div>\n\t\t\t\t\t<\/div>\n\t\t<\/div>\n\t\t\t\t\t\t\t<\/div>\n\t\t<\/section>\n\t\t\t\t<section class=\"elementor-section elementor-top-section elementor-element elementor-element-8b0c073 elementor-section-boxed elementor-section-height-default elementor-section-height-default wd-section-disabled\" data-id=\"8b0c073\" data-element_type=\"section\">\n\t\t\t\t\t\t<div class=\"elementor-container elementor-column-gap-default\">\n\t\t\t\t\t<div class=\"elementor-column elementor-col-33 elementor-top-column elementor-element elementor-element-78c2af7\" data-id=\"78c2af7\" data-element_type=\"column\">\n\t\t\t<div class=\"elementor-widget-wrap elementor-element-populated\">\n\t\t\t\t\t\t\t\t<div class=\"elementor-element elementor-element-1dde15d elementor-widget elementor-widget-wd_text_block\" data-id=\"1dde15d\" data-element_type=\"widget\" data-widget_type=\"wd_text_block.default\">\n\t\t\t\t<div class=\"elementor-widget-container\">\n\t\t\t\t\t<div class=\"wd-text-block reset-last-child text-left\">\n\t\t\t\n\t\t\t<h4>Potente sonido envolvente virtual 7.1<\/h4><p>Los controladores de neodimio de 50 mm brindan un escenario de sonido incre\u00edblemente rico para sus t\u00edmpanos, mientras que el sonido envolvente virtual 7.1 lo expande a su m\u00e1ximo potencial, para un sonido exuberante y potente que est\u00e1 perfectamente equilibrado para todos los g\u00e9neros de juegos y m\u00fasica.<\/p><p>*Sonido envolvente 7.1 solo disponible en PC.<\/p>\n\t\t\t\t\t<\/div>\n\t\t\t\t<\/div>\n\t\t\t\t<\/div>\n\t\t\t\t<div class=\"elementor-element elementor-element-106924e elementor-widget elementor-widget-wd_image_or_svg\" data-id=\"106924e\" data-element_type=\"widget\" data-widget_type=\"wd_image_or_svg.default\">\n\t\t\t\t<div class=\"elementor-widget-container\">\n\t\t\t\n\t\t<div class=\"wd-image text-center\">\n\t\t\t\t\t\t\t\t<img decoding=\"async\" src=\"https:\/\/tzila.mx\/dev\/wp-content\/uploads\/elementor\/thumbs\/MH-650-DES-2-pqznyd5ba8oj6e1tqqh5gk367ipvpi1jwbbhc5283s.png\" title=\"MH-650-DES-2\" alt=\"MH-650-DES-2\" \/>\t\t\t\t\t<\/div>\n\n\t\t\t\t<\/div>\n\t\t\t\t<\/div>\n\t\t\t\t\t<\/div>\n\t\t<\/div>\n\t\t\t\t<div class=\"elementor-column elementor-col-33 elementor-top-column elementor-element elementor-element-cb92818\" data-id=\"cb92818\" data-element_type=\"column\">\n\t\t\t<div class=\"elementor-widget-wrap elementor-element-populated\">\n\t\t\t\t\t\t\t\t<div class=\"elementor-element elementor-element-94f5648 elementor-widget elementor-widget-wd_text_block\" data-id=\"94f5648\" data-element_type=\"widget\" data-widget_type=\"wd_text_block.default\">\n\t\t\t\t<div class=\"elementor-widget-container\">\n\t\t\t\t\t<div class=\"wd-text-block reset-last-child text-left\">\n\t\t\t\n\t\t\t<h4>Iluminaci\u00f3n ambiental RGB<\/h4><p>Agregue personalidad a sus auriculares con iluminaci\u00f3n RGB personalizable que es discreta y nada desagradable, a menos que quiera que lo sea.<\/p>\n\t\t\t\t\t<\/div>\n\t\t\t\t<\/div>\n\t\t\t\t<\/div>\n\t\t\t\t<div class=\"elementor-element elementor-element-a28aaef elementor-widget elementor-widget-wd_text_block\" data-id=\"a28aaef\" data-element_type=\"widget\" data-widget_type=\"wd_text_block.default\">\n\t\t\t\t<div class=\"elementor-widget-container\">\n\t\t\t\t\t<div class=\"wd-text-block reset-last-child text-left\">\n\t\t\t\n\t\t\t<h4>Amortiguaci\u00f3n receptiva y ajustada<\/h4><p>Con las orejeras giratorias y el acolchado de malla de tela, di adi\u00f3s a las orejas pellizcadas, los l\u00f3bulos dolorosos o los ajustes inc\u00f3modos para tus batallas reales de marat\u00f3n.<\/p>\n\t\t\t\t\t<\/div>\n\t\t\t\t<\/div>\n\t\t\t\t<\/div>\n\t\t\t\t<div class=\"elementor-element elementor-element-d87c23e elementor-widget elementor-widget-wd_text_block\" data-id=\"d87c23e\" data-element_type=\"widget\" data-widget_type=\"wd_text_block.default\">\n\t\t\t\t<div class=\"elementor-widget-container\">\n\t\t\t\t\t<div class=\"wd-text-block reset-last-child text-left\">\n\t\t\t\n\t\t\t<h4>Comunicaciones cristalinas<\/h4><p>Sus \u00f3rdenes de escuadr\u00f3n nunca se escuchar\u00e1n mal con un micr\u00f3fono boom omnidireccional ajustable que prioriza la calidad de la voz y, al mismo tiempo, minimiza cualquier ruido de fondo molesto.<\/p>\n\t\t\t\t\t<\/div>\n\t\t\t\t<\/div>\n\t\t\t\t<\/div>\n\t\t\t\t\t<\/div>\n\t\t<\/div>\n\t\t\t\t<div class=\"elementor-column elementor-col-33 elementor-top-column elementor-element elementor-element-5d1ce0b\" data-id=\"5d1ce0b\" data-element_type=\"column\">\n\t\t\t<div class=\"elementor-widget-wrap elementor-element-populated\">\n\t\t\t\t\t\t\t\t<div class=\"elementor-element elementor-element-ba0816a elementor-widget elementor-widget-wd_text_block\" data-id=\"ba0816a\" data-element_type=\"widget\" data-widget_type=\"wd_text_block.default\">\n\t\t\t\t<div class=\"elementor-widget-container\">\n\t\t\t\t\t<div class=\"wd-text-block reset-last-child text-left\">\n\t\t\t\n\t\t\t<h4>Ideal para jugadores de consola y PC<\/h4><p>La conectividad USB \u00fanica es perfecta para los jugadores de consola y PC que desean comunicaciones y audio de alta calidad sin los cables dobles enredados.<\/p>\n\t\t\t\t\t<\/div>\n\t\t\t\t<\/div>\n\t\t\t\t<\/div>\n\t\t\t\t<div class=\"elementor-element elementor-element-375f79a elementor-widget elementor-widget-wd_text_block\" data-id=\"375f79a\" data-element_type=\"widget\" data-widget_type=\"wd_text_block.default\">\n\t\t\t\t<div class=\"elementor-widget-container\">\n\t\t\t\t\t<div class=\"wd-text-block reset-last-child text-left\">\n\t\t\t\n\t\t\t<h4>Estilo elegante y discreto.<\/h4><p>El MH650 tampoco tiene un aspecto tan malo, con el estilo caracter\u00edstico de Cooler Master, con placas laterales met\u00e1licas y un acabado negro mate sigiloso en todo el cuerpo.<\/p>\n\t\t\t\t\t<\/div>\n\t\t\t\t<\/div>\n\t\t\t\t<\/div>\n\t\t\t\t<div class=\"elementor-element elementor-element-bd5abe7 elementor-widget elementor-widget-wd_image_or_svg\" data-id=\"bd5abe7\" data-element_type=\"widget\" data-widget_type=\"wd_image_or_svg.default\">\n\t\t\t\t<div class=\"elementor-widget-container\">\n\t\t\t\n\t\t<div class=\"wd-image text-center\">\n\t\t\t\t\t\t\t\t<img decoding=\"async\" src=\"https:\/\/tzila.mx\/dev\/wp-content\/uploads\/elementor\/thumbs\/MH-650-DES-3-pqznys6nvvnonjs850kdt6rt95saj9amxb32osyi8g.png\" title=\"MH-650-DES-3\" alt=\"MH-650-DES-3\" \/>\t\t\t\t\t<\/div>\n\n\t\t\t\t<\/div>\n\t\t\t\t<\/div>\n\t\t\t\t<div class=\"elementor-element elementor-element-8cb05d3 elementor-widget elementor-widget-wd_button\" data-id=\"8cb05d3\" data-element_type=\"widget\" data-widget_type=\"wd_button.default\">\n\t\t\t\t<div class=\"elementor-widget-container\">\n\t\t\t\t\t<div class=\"wd-button-wrapper text-center\" >\n\t\t\t<a class=\"btn btn-style-link btn-shape- btn-size-large btn-scheme-light btn-scheme-hover-dark btn-icon-pos-right\"  href=\"https:\/\/www.coolermaster.com\/catalog\/peripheral\/audio\/mh650\/#specifications\" target=\"_blank\">\n\t\t\t\t<span class=\"wd-btn-text\" data-elementor-setting-key=\"text\">\n\t\t\t\t\tSaber m\u00e1s\t\t\t\t<\/span>\n\n\t\t\t\t\t\t\t<\/a>\n\t\t<\/div>\n\t\t\t\t<\/div>\n\t\t\t\t<\/div>\n\t\t\t\t\t<\/div>\n\t\t<\/div>\n\t\t\t\t\t\t\t<\/div>\n\t\t<\/section>\n\t\t\t\t\t\t<\/div>\n\t\t\t\t\t<\/div>\n\t\t","protected":false},"excerpt":{"rendered":"<h4>Caracter\u00edsticas principales:<\/h4>\n<p class=\"p1\"><span class=\"s1\">\u25cf<\/span><span class=\"s2\"> Al\u00e1mbricos USB 2.2m<\/span><br \/>\n<span class=\"s1\">\u25cf<\/span><span class=\"s2\"> Ideal para jugadores de consola y PC<\/span><br \/>\n<span class=\"s1\">\u25cf<\/span><span class=\"s2\"> Iluminaci\u00f3n RGB<\/span><br \/>\n<span class=\"s1\">\u25cf<\/span><span class=\"s2\"> Micr\u00f3fono flexible desmontable<\/span><\/p>\n<p>&nbsp;<\/p>\n","protected":false},"featured_media":17604,"comment_status":"open","ping_status":"closed","template":"","meta":[],"product_cat":[237,29,85,102],"product_tag":[250],"class_list":["post-17599","product","type-product","status-publish","has-post-thumbnail","hentry","product_cat-audifonos","product_cat-streaming","product_cat-diadema-gamer","product_cat-cooler-master","product_tag-cooler-master","pa_brand-cooler-master"],"_links":{"self":[{"href":"https:\/\/tzila.mx\/dev\/wp-json\/wp\/v2\/product\/17599","targetHints":{"allow":["GET"]}}],"collection":[{"href":"https:\/\/tzila.mx\/dev\/wp-json\/wp\/v2\/product"}],"about":[{"href":"https:\/\/tzila.mx\/dev\/wp-json\/wp\/v2\/types\/product"}],"replies":[{"embeddable":true,"href":"https:\/\/tzila.mx\/dev\/wp-json\/wp\/v2\/comments?post=17599"}],"version-history":[{"count":9,"href":"https:\/\/tzila.mx\/dev\/wp-json\/wp\/v2\/product\/17599\/revisions"}],"predecessor-version":[{"id":17619,"href":"https:\/\/tzila.mx\/dev\/wp-json\/wp\/v2\/product\/17599\/revisions\/17619"}],"wp:featuredmedia":[{"embeddable":true,"href":"https:\/\/tzila.mx\/dev\/wp-json\/wp\/v2\/media\/17604"}],"wp:attachment":[{"href":"https:\/\/tzila.mx\/dev\/wp-json\/wp\/v2\/media?parent=17599"}],"wp:term":[{"taxonomy":"product_cat","embeddable":true,"href":"https:\/\/tzila.mx\/dev\/wp-json\/wp\/v2\/product_cat?post=17599"},{"taxonomy":"product_tag","embeddable":true,"href":"https:\/\/tzila.mx\/dev\/wp-json\/wp\/v2\/product_tag?post=17599"}],"curies":[{"name":"wp","href":"https:\/\/api.w.org\/{rel}","templated":true}]}}