{"id":17196,"date":"2022-06-24T12:47:01","date_gmt":"2022-06-24T17:47:01","guid":{"rendered":"https:\/\/tzila.mx\/dev\/?post_type=product&#038;p=17196"},"modified":"2022-06-29T11:32:21","modified_gmt":"2022-06-29T16:32:21","slug":"teclado-gamer-corsair-k65-rgb-mini-cherry-mx-speed","status":"publish","type":"product","link":"https:\/\/tzila.mx\/dev\/producto\/teclado-gamer-corsair-k65-rgb-mini-cherry-mx-speed\/","title":{"rendered":"Teclado Gamer CORSAIR K65 RGB MINI CHERRY MX SPEED"},"content":{"rendered":"\t\t<div data-elementor-type=\"wp-post\" data-elementor-id=\"17196\" class=\"elementor elementor-17196\" data-elementor-settings=\"[]\">\n\t\t\t\t\t\t\t<div class=\"elementor-section-wrap\">\n\t\t\t\t\t\t\t<section class=\"elementor-section elementor-top-section elementor-element elementor-element-154fe09 elementor-section-boxed elementor-section-height-default elementor-section-height-default wd-section-disabled\" data-id=\"154fe09\" data-element_type=\"section\">\n\t\t\t\t\t\t<div class=\"elementor-container elementor-column-gap-default\">\n\t\t\t\t\t<div class=\"elementor-column elementor-col-33 elementor-top-column elementor-element elementor-element-f14913d\" data-id=\"f14913d\" data-element_type=\"column\">\n\t\t\t<div class=\"elementor-widget-wrap elementor-element-populated\">\n\t\t\t\t\t\t\t\t<div class=\"elementor-element elementor-element-3d30eaf elementor-widget elementor-widget-wd_text_block\" data-id=\"3d30eaf\" data-element_type=\"widget\" data-widget_type=\"wd_text_block.default\">\n\t\t\t\t<div class=\"elementor-widget-container\">\n\t\t\t\t\t<div class=\"wd-text-block reset-last-child text-left\">\n\t\t\t\n\t\t\t<h5><strong>CARACTER\u00cdSTICAS GENERALE<\/strong><strong>S<\/strong><strong>:<\/strong><\/h5>\n\t\t\t\t\t<\/div>\n\t\t\t\t<\/div>\n\t\t\t\t<\/div>\n\t\t\t\t<div class=\"elementor-element elementor-element-6d44079 elementor-widget elementor-widget-wd_text_block\" data-id=\"6d44079\" data-element_type=\"widget\" data-widget_type=\"wd_text_block.default\">\n\t\t\t\t<div class=\"elementor-widget-container\">\n\t\t\t\t\t<div class=\"wd-text-block reset-last-child text-left\">\n\t\t\t\n\t\t\t<p>\u25cf Personalice su juego<br \/>\u25cf Resistentes teclas de doble capa de PBT<br \/>\u25cf Numerosos atajos integrados<br \/>\u25cf Con tecnolog\u00eda AXON<br \/>\u25cf Lineales y r\u00e1pidos<br \/>\u25cf\u00a08 MB de almacenamiento interno<br \/>\u25cf Fila inferior est\u00e1ndar<br \/>\u25cf Modo de bloqueo de tecla de Windows<br \/>\u25cf Detecci\u00f3n de teclas completa<br \/>\u25cf Cable USB extra\u00edble<\/p>\n\t\t\t\t\t<\/div>\n\t\t\t\t<\/div>\n\t\t\t\t<\/div>\n\t\t\t\t\t<\/div>\n\t\t<\/div>\n\t\t\t\t<div class=\"elementor-column elementor-col-66 elementor-top-column elementor-element elementor-element-1a0b71f\" data-id=\"1a0b71f\" data-element_type=\"column\">\n\t\t\t<div class=\"elementor-widget-wrap elementor-element-populated\">\n\t\t\t\t\t\t\t\t<div class=\"elementor-element elementor-element-6f6445b elementor-widget elementor-widget-wd_image_or_svg\" data-id=\"6f6445b\" data-element_type=\"widget\" data-widget_type=\"wd_image_or_svg.default\">\n\t\t\t\t<div class=\"elementor-widget-container\">\n\t\t\t\n\t\t<div class=\"wd-image text-center\">\n\t\t\t\t\t\t\t\t<img loading=\"lazy\" decoding=\"async\" width=\"1490\" height=\"486\" src=\"https:\/\/tzila.mx\/dev\/wp-content\/uploads\/2022\/06\/CH-9194014-NA-DES-3.png\" class=\"attachment-full size-full\" alt=\"\" srcset=\"https:\/\/tzila.mx\/dev\/wp-content\/uploads\/2022\/06\/CH-9194014-NA-DES-3.png 1490w, https:\/\/tzila.mx\/dev\/wp-content\/uploads\/2022\/06\/CH-9194014-NA-DES-3-400x130.png 400w, https:\/\/tzila.mx\/dev\/wp-content\/uploads\/2022\/06\/CH-9194014-NA-DES-3-1300x424.png 1300w, https:\/\/tzila.mx\/dev\/wp-content\/uploads\/2022\/06\/CH-9194014-NA-DES-3-768x251.png 768w, https:\/\/tzila.mx\/dev\/wp-content\/uploads\/2022\/06\/CH-9194014-NA-DES-3-860x281.png 860w, https:\/\/tzila.mx\/dev\/wp-content\/uploads\/2022\/06\/CH-9194014-NA-DES-3-1320x431.png 1320w, https:\/\/tzila.mx\/dev\/wp-content\/uploads\/2022\/06\/CH-9194014-NA-DES-3-430x140.png 430w, https:\/\/tzila.mx\/dev\/wp-content\/uploads\/2022\/06\/CH-9194014-NA-DES-3-700x228.png 700w, https:\/\/tzila.mx\/dev\/wp-content\/uploads\/2022\/06\/CH-9194014-NA-DES-3-150x49.png 150w\" sizes=\"auto, (max-width: 1490px) 100vw, 1490px\" \/>\t\t\t\t\t<\/div>\n\n\t\t\t\t<\/div>\n\t\t\t\t<\/div>\n\t\t\t\t\t<\/div>\n\t\t<\/div>\n\t\t\t\t\t\t\t<\/div>\n\t\t<\/section>\n\t\t\t\t<section class=\"elementor-section elementor-top-section elementor-element elementor-element-f335c48 elementor-section-boxed elementor-section-height-default elementor-section-height-default wd-section-disabled\" data-id=\"f335c48\" data-element_type=\"section\">\n\t\t\t\t\t\t<div class=\"elementor-container elementor-column-gap-default\">\n\t\t\t\t\t<div class=\"elementor-column elementor-col-33 elementor-top-column elementor-element elementor-element-b982906\" data-id=\"b982906\" data-element_type=\"column\">\n\t\t\t<div class=\"elementor-widget-wrap elementor-element-populated\">\n\t\t\t\t\t\t\t\t<div class=\"elementor-element elementor-element-92b92dc elementor-widget elementor-widget-wd_text_block\" data-id=\"92b92dc\" data-element_type=\"widget\" data-widget_type=\"wd_text_block.default\">\n\t\t\t\t<div class=\"elementor-widget-container\">\n\t\t\t\t\t<div class=\"wd-text-block reset-last-child text-left\">\n\t\t\t\n\t\t\t<h4>La forma se funde con la funci\u00f3n<\/h4>\nEl K65 RGB MINI ofrece grandes caracter\u00edsticas comprimidas en un factor de forma del 60\u00a0% para encajar f\u00e1cilmente en cualquier configuraci\u00f3n de equipo y jugar con toda la comodidad.\n\t\t\t\t\t<\/div>\n\t\t\t\t<\/div>\n\t\t\t\t<\/div>\n\t\t\t\t<div class=\"elementor-element elementor-element-265bb4f elementor-widget elementor-widget-wd_image_or_svg\" data-id=\"265bb4f\" data-element_type=\"widget\" data-widget_type=\"wd_image_or_svg.default\">\n\t\t\t\t<div class=\"elementor-widget-container\">\n\t\t\t\n\t\t<div class=\"wd-image text-left\">\n\t\t\t\t\t\t\t\t<img decoding=\"async\" src=\"https:\/\/tzila.mx\/dev\/wp-content\/uploads\/elementor\/thumbs\/CH-9194014-NA-DES-2-pqspmfmf5bnyi2kr0krto04uehywuhn9ur9ak0yxfo.png\" title=\"CH-9194014-NA-DES-2\" alt=\"CH-9194014-NA-DES-2\" \/>\t\t\t\t\t<\/div>\n\n\t\t\t\t<\/div>\n\t\t\t\t<\/div>\n\t\t\t\t<div class=\"elementor-element elementor-element-b574c2d elementor-widget elementor-widget-wd_text_block\" data-id=\"b574c2d\" data-element_type=\"widget\" data-widget_type=\"wd_text_block.default\">\n\t\t\t\t<div class=\"elementor-widget-container\">\n\t\t\t\t\t<div class=\"wd-text-block reset-last-child text-left\">\n\t\t\t\n\t\t\t<h4>Personalice su juego<\/h4>\nPresuma de estilo con retroiluminaci\u00f3n RGB din\u00e1mica en cada tecla, as\u00ed como una barra espaciadora radiante opcional, junto con la distribuci\u00f3n est\u00e1ndar de la fila inferior para intercambiar juegos de teclas personalizados.\n\t\t\t\t\t<\/div>\n\t\t\t\t<\/div>\n\t\t\t\t<\/div>\n\t\t\t\t<div class=\"elementor-element elementor-element-2422ec6 elementor-widget elementor-widget-wd_text_block\" data-id=\"2422ec6\" data-element_type=\"widget\" data-widget_type=\"wd_text_block.default\">\n\t\t\t\t<div class=\"elementor-widget-container\">\n\t\t\t\t\t<div class=\"wd-text-block reset-last-child text-left\">\n\t\t\t\n\t\t\t<h4>Con tecnolog\u00eda AXON<\/h4>\nLos teclados para juegos de CORSAIR m\u00e1s avanzados ofrecen entradas hasta cuatro veces m\u00e1s r\u00e1pidas con sondeo avanzado nativo de 8.000 Hz y escaneo de teclas de 4.000 Hz, al mismo tiempo que ejecutan efectos de iluminaci\u00f3n 20 capas.\n\t\t\t\t\t<\/div>\n\t\t\t\t<\/div>\n\t\t\t\t<\/div>\n\t\t\t\t\t<\/div>\n\t\t<\/div>\n\t\t\t\t<div class=\"elementor-column elementor-col-33 elementor-top-column elementor-element elementor-element-efcf9f4\" data-id=\"efcf9f4\" data-element_type=\"column\">\n\t\t\t<div class=\"elementor-widget-wrap elementor-element-populated\">\n\t\t\t\t\t\t\t\t<div class=\"elementor-element elementor-element-1369412 elementor-widget elementor-widget-wd_text_block\" data-id=\"1369412\" data-element_type=\"widget\" data-widget_type=\"wd_text_block.default\">\n\t\t\t\t<div class=\"elementor-widget-container\">\n\t\t\t\t\t<div class=\"wd-text-block reset-last-child text-left\">\n\t\t\t\n\t\t\t<h4>Numerosos atajos<\/h4>\nAcceda a un gran conjunto de funciones integradas con impresi\u00f3n en un lateral de la tecla, incluidos los 30 exclusivos controles de iluminaci\u00f3n, perfiles, macros, medios, volumen y cursor del rat\u00f3n.\n\nLa grabaci\u00f3n de macros integrada y las dos capas de funciones permiten grabar macros sobre la marcha en (FN + cualquier tecla) o (FN + FN2 + cualquier tecla) para disfrutar de un pr\u00e1ctico acceso a sus comandos avanzados sin sacrificar ninguna tecla est\u00e1ndar.\n\t\t\t\t\t<\/div>\n\t\t\t\t<\/div>\n\t\t\t\t<\/div>\n\t\t\t\t<div class=\"elementor-element elementor-element-a14f4e2 elementor-widget elementor-widget-wd_text_block\" data-id=\"a14f4e2\" data-element_type=\"widget\" data-widget_type=\"wd_text_block.default\">\n\t\t\t\t<div class=\"elementor-widget-container\">\n\t\t\t\t\t<div class=\"wd-text-block reset-last-child text-left\">\n\t\t\t\n\t\t\t<h4>Lineales y r\u00e1pidos<\/h4>\nGracias a su iluminaci\u00f3n con tiempos de respuesta ultrarr\u00e1pidos y una distancia de actuaci\u00f3n incre\u00edblemente corta de tan solo 1,2\u00a0mm, los interruptores de teclas CHERRY MX SPEED Silver son perfectos para los juegos m\u00e1s vertiginosos.\n\t\t\t\t\t<\/div>\n\t\t\t\t<\/div>\n\t\t\t\t<\/div>\n\t\t\t\t<div class=\"elementor-element elementor-element-8da235e elementor-widget elementor-widget-wd_image_or_svg\" data-id=\"8da235e\" data-element_type=\"widget\" data-widget_type=\"wd_image_or_svg.default\">\n\t\t\t\t<div class=\"elementor-widget-container\">\n\t\t\t\n\t\t<div class=\"wd-image text-left\">\n\t\t\t\t\t\t\t\t<img decoding=\"async\" src=\"https:\/\/tzila.mx\/dev\/wp-content\/uploads\/elementor\/thumbs\/CH-9194014-NA-DES-1-pqsplt2alat2rfhiob0s05ts5923pr5prnln1dwdl0.png\" title=\"CH-9194014-NA-DES-1\" alt=\"CH-9194014-NA-DES-1\" \/>\t\t\t\t\t<\/div>\n\n\t\t\t\t<\/div>\n\t\t\t\t<\/div>\n\t\t\t\t\t<\/div>\n\t\t<\/div>\n\t\t\t\t<div class=\"elementor-column elementor-col-33 elementor-top-column elementor-element elementor-element-dffdc91\" data-id=\"dffdc91\" data-element_type=\"column\">\n\t\t\t<div class=\"elementor-widget-wrap elementor-element-populated\">\n\t\t\t\t\t\t\t\t<div class=\"elementor-element elementor-element-a5be457 elementor-widget elementor-widget-wd_text_block\" data-id=\"a5be457\" data-element_type=\"widget\" data-widget_type=\"wd_text_block.default\">\n\t\t\t\t<div class=\"elementor-widget-container\">\n\t\t\t\t\t<div class=\"wd-text-block reset-last-child text-left\">\n\t\t\t\n\t\t\t<h4>8\u00a0MB de almacenamiento interno<\/h4>\nGuarde hasta 50 perfiles con macros personalizadas y sus propios efectos de vibrante iluminaci\u00f3n personalizable que admite hasta 20 capas.\n\t\t\t\t\t<\/div>\n\t\t\t\t<\/div>\n\t\t\t\t<\/div>\n\t\t\t\t<div class=\"elementor-element elementor-element-9c8c50c elementor-widget elementor-widget-wd_text_block\" data-id=\"9c8c50c\" data-element_type=\"widget\" data-widget_type=\"wd_text_block.default\">\n\t\t\t\t<div class=\"elementor-widget-container\">\n\t\t\t\t\t<div class=\"wd-text-block reset-last-child text-left\">\n\t\t\t\n\t\t\t<h4>Fila inferior est\u00e1ndar<\/h4>\nDise\u00f1o estandarizado para personalizar las teclas.\n\t\t\t\t\t<\/div>\n\t\t\t\t<\/div>\n\t\t\t\t<\/div>\n\t\t\t\t<div class=\"elementor-element elementor-element-706cb55 elementor-widget elementor-widget-wd_text_block\" data-id=\"706cb55\" data-element_type=\"widget\" data-widget_type=\"wd_text_block.default\">\n\t\t\t\t<div class=\"elementor-widget-container\">\n\t\t\t\t\t<div class=\"wd-text-block reset-last-child text-left\">\n\t\t\t\n\t\t\t<h4>Modo de bloqueo de tecla de Windows<\/h4>\nGarantiza que el juego nunca se ver\u00e1 interrumpido de forma accidental en los momentos m\u00e1s cr\u00edticos.\n\t\t\t\t\t<\/div>\n\t\t\t\t<\/div>\n\t\t\t\t<\/div>\n\t\t\t\t<div class=\"elementor-element elementor-element-3bebc34 elementor-widget elementor-widget-wd_text_block\" data-id=\"3bebc34\" data-element_type=\"widget\" data-widget_type=\"wd_text_block.default\">\n\t\t\t\t<div class=\"elementor-widget-container\">\n\t\t\t\t\t<div class=\"wd-text-block reset-last-child text-left\">\n\t\t\t\n\t\t\t<h4>Detecci\u00f3n de teclas completa<\/h4>\nCon protecci\u00f3n 100 % contra las pulsaciones nulas.\nNo importa lo r\u00e1pidas que sean sus acciones durante el juego, cada pulsaci\u00f3n de tecla se registra correctamente.\n\t\t\t\t\t<\/div>\n\t\t\t\t<\/div>\n\t\t\t\t<\/div>\n\t\t\t\t<div class=\"elementor-element elementor-element-aa5899a elementor-widget elementor-widget-wd_button\" data-id=\"aa5899a\" data-element_type=\"widget\" data-widget_type=\"wd_button.default\">\n\t\t\t\t<div class=\"elementor-widget-container\">\n\t\t\t\t\t<div class=\"wd-button-wrapper text-center\" >\n\t\t\t<a class=\"btn btn-style-link btn-shape- btn-size-default btn-scheme-light btn-scheme-hover-dark btn-icon-pos-right\"  href=\"https:\/\/www.corsair.com\/ww\/es\/Categor%C3%ADas\/Productos\/Teclados-para-juegos\/Teclados-RGB-mec%C3%A1nicos-para-juegos\/K65-RGB-MINI-60%25-Mechanical-Gaming-Keyboard\/p\/CH-9194014-NA#tab-overview\" target=\"_blank\">\n\t\t\t\t<span class=\"wd-btn-text\" data-elementor-setting-key=\"text\">\n\t\t\t\t\tSABER M\u00c1S\t\t\t\t<\/span>\n\n\t\t\t\t\t\t\t<\/a>\n\t\t<\/div>\n\t\t\t\t<\/div>\n\t\t\t\t<\/div>\n\t\t\t\t\t<\/div>\n\t\t<\/div>\n\t\t\t\t\t\t\t<\/div>\n\t\t<\/section>\n\t\t\t\t\t\t<\/div>\n\t\t\t\t\t<\/div>\n\t\t","protected":false},"excerpt":{"rendered":"<h4>Caracter\u00edsticas principales:<\/h4>\n<p>\u25cf Al\u00e1mbrico USB 3.0 or 3.1 Type-A<br \/>\n\u25cf Teclado mec\u00e1nico MINI en un factor de forma del 60 %<br \/>\n\u25cf Rendimiento de alto nivel con portabilidad<br \/>\n\u25cf Tecnolog\u00eda de hiperprocesamiento AXON<br \/>\n\u25cf Interruptores de teclas mec\u00e1nicos CHERRY MX SPEED<\/p>\n","protected":false},"featured_media":17198,"comment_status":"open","ping_status":"closed","template":"","meta":[],"product_cat":[28,84,103],"product_tag":[251],"class_list":["post-17196","product","type-product","status-publish","has-post-thumbnail","hentry","product_cat-setup","product_cat-teclado-gamer","product_cat-corsair","product_tag-corsair","pa_brand-corsair"],"_links":{"self":[{"href":"https:\/\/tzila.mx\/dev\/wp-json\/wp\/v2\/product\/17196","targetHints":{"allow":["GET"]}}],"collection":[{"href":"https:\/\/tzila.mx\/dev\/wp-json\/wp\/v2\/product"}],"about":[{"href":"https:\/\/tzila.mx\/dev\/wp-json\/wp\/v2\/types\/product"}],"replies":[{"embeddable":true,"href":"https:\/\/tzila.mx\/dev\/wp-json\/wp\/v2\/comments?post=17196"}],"version-history":[{"count":11,"href":"https:\/\/tzila.mx\/dev\/wp-json\/wp\/v2\/product\/17196\/revisions"}],"predecessor-version":[{"id":17218,"href":"https:\/\/tzila.mx\/dev\/wp-json\/wp\/v2\/product\/17196\/revisions\/17218"}],"wp:featuredmedia":[{"embeddable":true,"href":"https:\/\/tzila.mx\/dev\/wp-json\/wp\/v2\/media\/17198"}],"wp:attachment":[{"href":"https:\/\/tzila.mx\/dev\/wp-json\/wp\/v2\/media?parent=17196"}],"wp:term":[{"taxonomy":"product_cat","embeddable":true,"href":"https:\/\/tzila.mx\/dev\/wp-json\/wp\/v2\/product_cat?post=17196"},{"taxonomy":"product_tag","embeddable":true,"href":"https:\/\/tzila.mx\/dev\/wp-json\/wp\/v2\/product_tag?post=17196"}],"curies":[{"name":"wp","href":"https:\/\/api.w.org\/{rel}","templated":true}]}}