{"id":17109,"date":"2022-06-23T21:19:33","date_gmt":"2022-06-24T02:19:33","guid":{"rendered":"https:\/\/tzila.mx\/dev\/?post_type=product&#038;p=17109"},"modified":"2022-06-29T11:32:30","modified_gmt":"2022-06-29T16:32:30","slug":"mouse-gamer-corsair-sabre-pro-champion-series","status":"publish","type":"product","link":"https:\/\/tzila.mx\/dev\/producto\/mouse-gamer-corsair-sabre-pro-champion-series\/","title":{"rendered":"Mouse Gamer CORSAIR SABRE PRO CHAMPION SERIES"},"content":{"rendered":"\t\t<div data-elementor-type=\"wp-post\" data-elementor-id=\"17109\" class=\"elementor elementor-17109\" data-elementor-settings=\"[]\">\n\t\t\t\t\t\t\t<div class=\"elementor-section-wrap\">\n\t\t\t\t\t\t\t<section class=\"elementor-section elementor-top-section elementor-element elementor-element-a77d38a elementor-section-boxed elementor-section-height-default elementor-section-height-default wd-section-disabled\" data-id=\"a77d38a\" data-element_type=\"section\">\n\t\t\t\t\t\t<div class=\"elementor-container elementor-column-gap-default\">\n\t\t\t\t\t<div class=\"elementor-column elementor-col-33 elementor-top-column elementor-element elementor-element-606b0e0\" data-id=\"606b0e0\" data-element_type=\"column\">\n\t\t\t<div class=\"elementor-widget-wrap elementor-element-populated\">\n\t\t\t\t\t\t\t\t<div class=\"elementor-element elementor-element-2efa55d elementor-widget elementor-widget-wd_text_block\" data-id=\"2efa55d\" data-element_type=\"widget\" data-widget_type=\"wd_text_block.default\">\n\t\t\t\t<div class=\"elementor-widget-container\">\n\t\t\t\t\t<div class=\"wd-text-block reset-last-child text-left\">\n\t\t\t\n\t\t\t<h5><strong>M\u00c1S ESPECIFICACIONES<\/strong><strong>:<\/strong><\/h5>\n\t\t\t\t\t<\/div>\n\t\t\t\t<\/div>\n\t\t\t\t<\/div>\n\t\t\t\t<div class=\"elementor-element elementor-element-00b20a9 elementor-widget elementor-widget-wd_text_block\" data-id=\"00b20a9\" data-element_type=\"widget\" data-widget_type=\"wd_text_block.default\">\n\t\t\t\t<div class=\"elementor-widget-container\">\n\t\t\t\t\t<div class=\"wd-text-block reset-last-child text-left\">\n\t\t\t\n\t\t\t<p>\u25cf Listo para competir<br \/>\u25cf Velocidad mejorada<br \/>\u25cf Botones CORSAIR QUICKSTRIKE<br \/>\u25cf Con tecnolog\u00eda AXON<br \/>\u25cf Cinco valores de ppp predefinidos integrados<br \/>\u25cf Seis botones programables<br \/>\u25cf Sensor \u00f3ptico de 18.000 ppp<br \/>\u25cf Franja de firma personalizable<br \/>\u25cf Almohadillas de desplazamiento de PTFE<\/p>\n\t\t\t\t\t<\/div>\n\t\t\t\t<\/div>\n\t\t\t\t<\/div>\n\t\t\t\t\t<\/div>\n\t\t<\/div>\n\t\t\t\t<div class=\"elementor-column elementor-col-66 elementor-top-column elementor-element elementor-element-b692253\" data-id=\"b692253\" data-element_type=\"column\">\n\t\t\t<div class=\"elementor-widget-wrap elementor-element-populated\">\n\t\t\t\t\t\t\t\t<div class=\"elementor-element elementor-element-0fefcf7 elementor-widget elementor-widget-wd_image_or_svg\" data-id=\"0fefcf7\" data-element_type=\"widget\" data-widget_type=\"wd_image_or_svg.default\">\n\t\t\t\t<div class=\"elementor-widget-container\">\n\t\t\t\n\t\t<div class=\"wd-image text-center\">\n\t\t\t\t\t\t\t\t<img decoding=\"async\" src=\"https:\/\/tzila.mx\/dev\/wp-content\/uploads\/elementor\/thumbs\/CH-9303101-NA-DES-1-pqrkpby7aw7c46a5dpmh3og69cz3tlgxfjy54080c8.png\" title=\"CH-9303101-NA-DES-1\" alt=\"CH-9303101-NA-DES-1\" \/>\t\t\t\t\t<\/div>\n\n\t\t\t\t<\/div>\n\t\t\t\t<\/div>\n\t\t\t\t\t<\/div>\n\t\t<\/div>\n\t\t\t\t\t\t\t<\/div>\n\t\t<\/section>\n\t\t\t\t<section class=\"elementor-section elementor-top-section elementor-element elementor-element-ec9e38a elementor-section-boxed elementor-section-height-default elementor-section-height-default wd-section-disabled\" data-id=\"ec9e38a\" data-element_type=\"section\">\n\t\t\t\t\t\t<div class=\"elementor-container elementor-column-gap-default\">\n\t\t\t\t\t<div class=\"elementor-column elementor-col-33 elementor-top-column elementor-element elementor-element-c833c6a\" data-id=\"c833c6a\" data-element_type=\"column\">\n\t\t\t<div class=\"elementor-widget-wrap elementor-element-populated\">\n\t\t\t\t\t\t\t\t<div class=\"elementor-element elementor-element-6ae12e9 elementor-widget elementor-widget-wd_text_block\" data-id=\"6ae12e9\" data-element_type=\"widget\" data-widget_type=\"wd_text_block.default\">\n\t\t\t\t<div class=\"elementor-widget-container\">\n\t\t\t\t\t<div class=\"wd-text-block reset-last-child text-left\">\n\t\t\t\n\t\t\t<h4>CREADO PARA LOS MEJORES<\/h4>\nLos productos CORSAIR CHAMPION SERIES se dise\u00f1an y prueban por los mejores profesionales de los deportes electr\u00f3nicos (eSports).\n\t\t\t\t\t<\/div>\n\t\t\t\t<\/div>\n\t\t\t\t<\/div>\n\t\t\t\t<div class=\"elementor-element elementor-element-18ef179 elementor-widget elementor-widget-wd_text_block\" data-id=\"18ef179\" data-element_type=\"widget\" data-widget_type=\"wd_text_block.default\">\n\t\t\t\t<div class=\"elementor-widget-container\">\n\t\t\t\t\t<div class=\"wd-text-block reset-last-child text-left\">\n\t\t\t\n\t\t\t<h4>LISTO PARA COMPETIR<\/h4>\nEqu\u00edpese con el SABRE PRO, un rat\u00f3n para juegos ligero y apto para competici\u00f3n, equipado con un cable Paracord flexible que reduce el arrastre y botones QUICKSTRIKE con respuesta ultrarr\u00e1pida.\n\t\t\t\t\t<\/div>\n\t\t\t\t<\/div>\n\t\t\t\t<\/div>\n\t\t\t\t<div class=\"elementor-element elementor-element-98491f9 elementor-widget elementor-widget-wd_image_or_svg\" data-id=\"98491f9\" data-element_type=\"widget\" data-widget_type=\"wd_image_or_svg.default\">\n\t\t\t\t<div class=\"elementor-widget-container\">\n\t\t\t\n\t\t<div class=\"wd-image text-left\">\n\t\t\t\t\t\t\t\t<img decoding=\"async\" src=\"https:\/\/tzila.mx\/dev\/wp-content\/uploads\/elementor\/thumbs\/CH-9303101-NA-DES-3-pqrkq37dxo4wmx8mh5bl0jm4omyxuejerbqyis13us.png\" title=\"CH-9303101-NA-DES-3\" alt=\"CH-9303101-NA-DES-3\" \/>\t\t\t\t\t<\/div>\n\n\t\t\t\t<\/div>\n\t\t\t\t<\/div>\n\t\t\t\t<div class=\"elementor-element elementor-element-9d5f7dc elementor-widget elementor-widget-wd_text_block\" data-id=\"9d5f7dc\" data-element_type=\"widget\" data-widget_type=\"wd_text_block.default\">\n\t\t\t\t<div class=\"elementor-widget-container\">\n\t\t\t\t\t<div class=\"wd-text-block reset-last-child text-left\">\n\t\t\t\n\t\t\t<h4>CON TECNOLOG\u00cdA CORSAIR AXON<\/h4>\nLa tecnolog\u00eda de hiperprocesamiento CORSAIR AXON transmite sus movimientos y clics al PC hasta ocho veces m\u00e1s r\u00e1pido que los ratones para juegos convencionales, con un sondeo de 8.000 Hz.\n\t\t\t\t\t<\/div>\n\t\t\t\t<\/div>\n\t\t\t\t<\/div>\n\t\t\t\t\t<\/div>\n\t\t<\/div>\n\t\t\t\t<div class=\"elementor-column elementor-col-33 elementor-top-column elementor-element elementor-element-e7b3bda\" data-id=\"e7b3bda\" data-element_type=\"column\">\n\t\t\t<div class=\"elementor-widget-wrap elementor-element-populated\">\n\t\t\t\t\t\t\t\t<div class=\"elementor-element elementor-element-252ec94 elementor-widget elementor-widget-wd_text_block\" data-id=\"252ec94\" data-element_type=\"widget\" data-widget_type=\"wd_text_block.default\">\n\t\t\t\t<div class=\"elementor-widget-container\">\n\t\t\t\t\t<div class=\"wd-text-block reset-last-child text-left\">\n\t\t\t\n\t\t\t<h4>Botones CORSAIR QUICKSTRIKE<\/h4>\nEl menor recorrido conlleva clics m\u00e1s r\u00e1pidos, motivo por el cual el SABRE RGB PRO est\u00e1 equipado con botones CORSAIR QUICKSTRIKE. El uso de muelles y bisagras de metal equilibra las teclas a tiempo que crea disparidad nula entre los botones principal y secundario y sus conmutadores OMROM, lo que garantiza una velocidad sobresaliente, gran capacidad de respuesta y coherencia en cada clic.\n\t\t\t\t\t<\/div>\n\t\t\t\t<\/div>\n\t\t\t\t<\/div>\n\t\t\t\t<div class=\"elementor-element elementor-element-8604524 elementor-widget elementor-widget-wd_image_or_svg\" data-id=\"8604524\" data-element_type=\"widget\" data-widget_type=\"wd_image_or_svg.default\">\n\t\t\t\t<div class=\"elementor-widget-container\">\n\t\t\t\n\t\t<div class=\"wd-image text-center\">\n\t\t\t\t\t\t\t\t<img decoding=\"async\" src=\"https:\/\/tzila.mx\/dev\/wp-content\/uploads\/elementor\/thumbs\/CH-9303101-NA-DES-2-pqrkptt01bs1etma019bblziqs99pfi3e183q0f1l0.png\" title=\"CH-9303101-NA-DES-2\" alt=\"CH-9303101-NA-DES-2\" \/>\t\t\t\t\t<\/div>\n\n\t\t\t\t<\/div>\n\t\t\t\t<\/div>\n\t\t\t\t<div class=\"elementor-element elementor-element-d768c00 elementor-widget elementor-widget-wd_text_block\" data-id=\"d768c00\" data-element_type=\"widget\" data-widget_type=\"wd_text_block.default\">\n\t\t\t\t<div class=\"elementor-widget-container\">\n\t\t\t\t\t<div class=\"wd-text-block reset-last-child text-left\">\n\t\t\t\n\t\t\t<h4>Velocidad mejorada<\/h4>\nCon un peso de tan solo 69g, el SABRE PRO consta de una c\u00f3moda forma ergon\u00f3mica, cabe Paracord que reduce el arrastre y almoadillas deslizantes de PTFE 100% para favorecer los movimientos r\u00e1pidos, los reflejos de jugador profesional, y las partidas m\u00e1s trepidantes mientras las disputa.\n\t\t\t\t\t<\/div>\n\t\t\t\t<\/div>\n\t\t\t\t<\/div>\n\t\t\t\t\t<\/div>\n\t\t<\/div>\n\t\t\t\t<div class=\"elementor-column elementor-col-33 elementor-top-column elementor-element elementor-element-ba9b9c1\" data-id=\"ba9b9c1\" data-element_type=\"column\">\n\t\t\t<div class=\"elementor-widget-wrap elementor-element-populated\">\n\t\t\t\t\t\t\t\t<div class=\"elementor-element elementor-element-b147ff0 elementor-widget elementor-widget-wd_text_block\" data-id=\"b147ff0\" data-element_type=\"widget\" data-widget_type=\"wd_text_block.default\">\n\t\t\t\t<div class=\"elementor-widget-container\">\n\t\t\t\t\t<div class=\"wd-text-block reset-last-child text-left\">\n\t\t\t\n\t\t\t<h4>CINCO VALORES DE PPP PREDEFINIDOS INTEGRADOS<\/h4>\nSe pueden reprogramar para ajustar los incrementos de sensibilidad sobre la marcha y alternar entre ellos mediante un bot\u00f3n de PPP con indicaci\u00f3n LED en la parte inferior del rat\u00f3n a fin de evitar cambios accidentales\n\t\t\t\t\t<\/div>\n\t\t\t\t<\/div>\n\t\t\t\t<\/div>\n\t\t\t\t<div class=\"elementor-element elementor-element-541653b elementor-widget elementor-widget-wd_text_block\" data-id=\"541653b\" data-element_type=\"widget\" data-widget_type=\"wd_text_block.default\">\n\t\t\t\t<div class=\"elementor-widget-container\">\n\t\t\t\t\t<div class=\"wd-text-block reset-last-child text-left\">\n\t\t\t\n\t\t\t<h4>SEIS BOTONES PROGRAMABLES<\/h4>\nPersonalice el software CORSAIR iCUE con complejas macros o reasignaciones de botones.\n\t\t\t\t\t<\/div>\n\t\t\t\t<\/div>\n\t\t\t\t<\/div>\n\t\t\t\t<div class=\"elementor-element elementor-element-c49fb12 elementor-widget elementor-widget-wd_text_block\" data-id=\"c49fb12\" data-element_type=\"widget\" data-widget_type=\"wd_text_block.default\">\n\t\t\t\t<div class=\"elementor-widget-container\">\n\t\t\t\t\t<div class=\"wd-text-block reset-last-child text-left\">\n\t\t\t\n\t\t\t<h4>Sensor \u00f3ptico de 18.000\u00a0ppp<\/h4>\nSu sensor PixArt PMW3392, con 450 IPS y una aceleraci\u00f3n de hasta 50\u00a0G, ofrece una precisi\u00f3n insuperable.\n\t\t\t\t\t<\/div>\n\t\t\t\t<\/div>\n\t\t\t\t<\/div>\n\t\t\t\t<div class=\"elementor-element elementor-element-a461f05 elementor-widget elementor-widget-wd_text_block\" data-id=\"a461f05\" data-element_type=\"widget\" data-widget_type=\"wd_text_block.default\">\n\t\t\t\t<div class=\"elementor-widget-container\">\n\t\t\t\t\t<div class=\"wd-text-block reset-last-child text-left\">\n\t\t\t\n\t\t\t<h4>FRANJA DE FIRMA PERSONALIZABLE<\/h4>\nPersonalice su rat\u00f3n con su nombre, la firma de su jugador favorito, un dibujo personalizado o cualquier cosa que conciba su imaginaci\u00f3n.\n\t\t\t\t\t<\/div>\n\t\t\t\t<\/div>\n\t\t\t\t<\/div>\n\t\t\t\t<div class=\"elementor-element elementor-element-ef83d68 elementor-widget elementor-widget-wd_text_block\" data-id=\"ef83d68\" data-element_type=\"widget\" data-widget_type=\"wd_text_block.default\">\n\t\t\t\t<div class=\"elementor-widget-container\">\n\t\t\t\t\t<div class=\"wd-text-block reset-last-child text-left\">\n\t\t\t\n\t\t\t<h4>ALMOHADILLAS DE DESPLAZAMIENTO DE PTFE<\/h4>\nAlmohadillas deslizantes de PTFE 100\u00a0% reemplazables para favorecer los movimientos m\u00e1s r\u00e1pidos.\n\t\t\t\t\t<\/div>\n\t\t\t\t<\/div>\n\t\t\t\t<\/div>\n\t\t\t\t<div class=\"elementor-element elementor-element-078b475 elementor-widget elementor-widget-wd_button\" data-id=\"078b475\" data-element_type=\"widget\" data-widget_type=\"wd_button.default\">\n\t\t\t\t<div class=\"elementor-widget-container\">\n\t\t\t\t\t<div class=\"wd-button-wrapper text-center\" >\n\t\t\t<a class=\"btn btn-style-link btn-shape- btn-size-large btn-scheme-light btn-scheme-hover-dark btn-icon-pos-right\"  href=\"https:\/\/www.corsair.com\/lm\/es\/Categor%C3%ADas\/Productos\/Ratones-para-juegos\/Ratones-para-juegos-de-acci%C3%B3n-y-estrategia-MOBA\/SABRE-PRO-CHAMPION-SERIES-FPS-MOBA-Gaming-Mouse\/p\/CH-9303101-NA#tab-overview\" target=\"_blank\">\n\t\t\t\t<span class=\"wd-btn-text\" data-elementor-setting-key=\"text\">\n\t\t\t\t\tSaber m\u00e1s\t\t\t\t<\/span>\n\n\t\t\t\t\t\t\t<\/a>\n\t\t<\/div>\n\t\t\t\t<\/div>\n\t\t\t\t<\/div>\n\t\t\t\t\t<\/div>\n\t\t<\/div>\n\t\t\t\t\t\t\t<\/div>\n\t\t<\/section>\n\t\t\t\t\t\t<\/div>\n\t\t\t\t\t<\/div>\n\t\t","protected":false},"excerpt":{"rendered":"<h4>Caracter\u00edsticas principales:<\/h4>\n<p class=\"p1\"><span class=\"s1\">\u25cf Al\u00e1mbrico USB<\/span><br \/>\n<span class=\"s1\">\u25cf<span class=\"s2\"> Seis botones programables <\/span><\/span><br \/>\n<span class=\"s1\">\u25cf Resoluci\u00f3n 18,000<\/span><span class=\"ItemNumber\">\u00a0dpi<\/span><br \/>\n<span class=\"s1\">\u25cf <span class=\"s2\">Equipado con cable Paracord flexible<\/span><\/span><br \/>\n<span class=\"s1\">\u25cf Botones QUICKSTRIKE con respuesta ultrarr\u00e1pida<\/span><br \/>\n<span class=\"s1\">\u25cf<\/span><span class=\"s2\"> <span class=\"s1\">i<\/span>CUE Software Supported<\/span><\/p>\n","protected":false},"featured_media":17110,"comment_status":"open","ping_status":"closed","template":"","meta":[],"product_cat":[28,81,103],"product_tag":[251],"class_list":["post-17109","product","type-product","status-publish","has-post-thumbnail","hentry","product_cat-setup","product_cat-mouse-gamer","product_cat-corsair","product_tag-corsair","pa_brand-corsair"],"_links":{"self":[{"href":"https:\/\/tzila.mx\/dev\/wp-json\/wp\/v2\/product\/17109","targetHints":{"allow":["GET"]}}],"collection":[{"href":"https:\/\/tzila.mx\/dev\/wp-json\/wp\/v2\/product"}],"about":[{"href":"https:\/\/tzila.mx\/dev\/wp-json\/wp\/v2\/types\/product"}],"replies":[{"embeddable":true,"href":"https:\/\/tzila.mx\/dev\/wp-json\/wp\/v2\/comments?post=17109"}],"version-history":[{"count":4,"href":"https:\/\/tzila.mx\/dev\/wp-json\/wp\/v2\/product\/17109\/revisions"}],"predecessor-version":[{"id":17125,"href":"https:\/\/tzila.mx\/dev\/wp-json\/wp\/v2\/product\/17109\/revisions\/17125"}],"wp:featuredmedia":[{"embeddable":true,"href":"https:\/\/tzila.mx\/dev\/wp-json\/wp\/v2\/media\/17110"}],"wp:attachment":[{"href":"https:\/\/tzila.mx\/dev\/wp-json\/wp\/v2\/media?parent=17109"}],"wp:term":[{"taxonomy":"product_cat","embeddable":true,"href":"https:\/\/tzila.mx\/dev\/wp-json\/wp\/v2\/product_cat?post=17109"},{"taxonomy":"product_tag","embeddable":true,"href":"https:\/\/tzila.mx\/dev\/wp-json\/wp\/v2\/product_tag?post=17109"}],"curies":[{"name":"wp","href":"https:\/\/api.w.org\/{rel}","templated":true}]}}