{"id":16927,"date":"2022-06-23T15:30:34","date_gmt":"2022-06-23T20:30:34","guid":{"rendered":"https:\/\/tzila.mx\/dev\/?post_type=product&#038;p=16927"},"modified":"2022-06-29T11:33:05","modified_gmt":"2022-06-29T16:33:05","slug":"kit-memoria-ram-corsair-dominator-platinum-rgb-ddr5-5600mhz","status":"publish","type":"product","link":"https:\/\/tzila.mx\/dev\/producto\/kit-memoria-ram-corsair-dominator-platinum-rgb-ddr5-5600mhz\/","title":{"rendered":"Kit Memoria RAM CORSAIR DOMINATOR PLATINUM RGB DDR5 5600Mhz"},"content":{"rendered":"\t\t<div data-elementor-type=\"wp-post\" data-elementor-id=\"16927\" class=\"elementor elementor-16927\" data-elementor-settings=\"[]\">\n\t\t\t\t\t\t\t<div class=\"elementor-section-wrap\">\n\t\t\t\t\t\t\t<section class=\"elementor-section elementor-top-section elementor-element elementor-element-154fe09 elementor-section-boxed elementor-section-height-default elementor-section-height-default wd-section-disabled\" data-id=\"154fe09\" data-element_type=\"section\">\n\t\t\t\t\t\t<div class=\"elementor-container elementor-column-gap-default\">\n\t\t\t\t\t<div class=\"elementor-column elementor-col-33 elementor-top-column elementor-element elementor-element-f14913d\" data-id=\"f14913d\" data-element_type=\"column\">\n\t\t\t<div class=\"elementor-widget-wrap elementor-element-populated\">\n\t\t\t\t\t\t\t\t<div class=\"elementor-element elementor-element-3d30eaf elementor-widget elementor-widget-wd_text_block\" data-id=\"3d30eaf\" data-element_type=\"widget\" data-widget_type=\"wd_text_block.default\">\n\t\t\t\t<div class=\"elementor-widget-container\">\n\t\t\t\t\t<div class=\"wd-text-block reset-last-child text-left\">\n\t\t\t\n\t\t\t<h5><strong>M\u00c1S ESPECIFICACIONES<\/strong><strong>:<\/strong><\/h5>\n\t\t\t\t\t<\/div>\n\t\t\t\t<\/div>\n\t\t\t\t<\/div>\n\t\t\t\t<div class=\"elementor-element elementor-element-6d44079 elementor-widget elementor-widget-wd_text_block\" data-id=\"6d44079\" data-element_type=\"widget\" data-widget_type=\"wd_text_block.default\">\n\t\t\t\t<div class=\"elementor-widget-container\">\n\t\t\t\t\t<div class=\"wd-text-block reset-last-child text-left\">\n\t\t\t\n\t\t\t<p class=\"p1\"><span class=\"s1\">\u25cf <\/span>Unifique su sistema<br \/><span class=\"s1\">\u25cf <\/span>Regulaci\u00f3n del voltaje integrada<br \/><span class=\"s1\">\u25cf <\/span>Perfiles Intel XMP 3.0 personalizados<br \/><span class=\"s1\">\u25cf <\/span>Refrigeraci\u00f3n CORSAIR DHX patentada<br \/><span class=\"s1\">\u25cf <\/span>Dise\u00f1o y estilo conocidos mundialmente<br \/><span class=\"s1\">\u25cf <\/span>Chips de memoria rigurosamente cribados y seleccionados a mano<br \/><span class=\"s1\">\u25cf <\/span>12 Led RGB CAPELLIX ultrabrillantes<br \/><span class=\"s1\">\u25cf <\/span>Placa impresa personalizada de m\u00e1ximo rendimiento<br \/><span class=\"s1\">\u25cf <\/span>Amplia compatibilidad<br \/><span class=\"s1\">\u25cf <\/span>Garant\u00eda limitada de por vida<\/p>\n\t\t\t\t\t<\/div>\n\t\t\t\t<\/div>\n\t\t\t\t<\/div>\n\t\t\t\t\t<\/div>\n\t\t<\/div>\n\t\t\t\t<div class=\"elementor-column elementor-col-66 elementor-top-column elementor-element elementor-element-1a0b71f\" data-id=\"1a0b71f\" data-element_type=\"column\">\n\t\t\t<div class=\"elementor-widget-wrap elementor-element-populated\">\n\t\t\t\t\t\t\t\t<div class=\"elementor-element elementor-element-6f6445b elementor-widget elementor-widget-wd_image_or_svg\" data-id=\"6f6445b\" data-element_type=\"widget\" data-widget_type=\"wd_image_or_svg.default\">\n\t\t\t\t<div class=\"elementor-widget-container\">\n\t\t\t\n\t\t<div class=\"wd-image text-center\">\n\t\t\t\t\t\t\t\t<img loading=\"lazy\" decoding=\"async\" width=\"1484\" height=\"551\" src=\"https:\/\/tzila.mx\/dev\/wp-content\/uploads\/2022\/06\/CMT32GX5M2X5600C36-DES-4.png\" class=\"attachment-full size-full\" alt=\"\" srcset=\"https:\/\/tzila.mx\/dev\/wp-content\/uploads\/2022\/06\/CMT32GX5M2X5600C36-DES-4.png 1484w, https:\/\/tzila.mx\/dev\/wp-content\/uploads\/2022\/06\/CMT32GX5M2X5600C36-DES-4-400x149.png 400w, https:\/\/tzila.mx\/dev\/wp-content\/uploads\/2022\/06\/CMT32GX5M2X5600C36-DES-4-1300x483.png 1300w, https:\/\/tzila.mx\/dev\/wp-content\/uploads\/2022\/06\/CMT32GX5M2X5600C36-DES-4-768x285.png 768w, https:\/\/tzila.mx\/dev\/wp-content\/uploads\/2022\/06\/CMT32GX5M2X5600C36-DES-4-860x319.png 860w, https:\/\/tzila.mx\/dev\/wp-content\/uploads\/2022\/06\/CMT32GX5M2X5600C36-DES-4-1320x490.png 1320w, https:\/\/tzila.mx\/dev\/wp-content\/uploads\/2022\/06\/CMT32GX5M2X5600C36-DES-4-430x160.png 430w, https:\/\/tzila.mx\/dev\/wp-content\/uploads\/2022\/06\/CMT32GX5M2X5600C36-DES-4-700x260.png 700w, https:\/\/tzila.mx\/dev\/wp-content\/uploads\/2022\/06\/CMT32GX5M2X5600C36-DES-4-150x56.png 150w\" sizes=\"auto, (max-width: 1484px) 100vw, 1484px\" \/>\t\t\t\t\t<\/div>\n\n\t\t\t\t<\/div>\n\t\t\t\t<\/div>\n\t\t\t\t\t<\/div>\n\t\t<\/div>\n\t\t\t\t\t\t\t<\/div>\n\t\t<\/section>\n\t\t\t\t<section class=\"elementor-section elementor-top-section elementor-element elementor-element-f335c48 elementor-section-boxed elementor-section-height-default elementor-section-height-default wd-section-disabled\" data-id=\"f335c48\" data-element_type=\"section\">\n\t\t\t\t\t\t<div class=\"elementor-container elementor-column-gap-default\">\n\t\t\t\t\t<div class=\"elementor-column elementor-col-33 elementor-top-column elementor-element elementor-element-b982906\" data-id=\"b982906\" data-element_type=\"column\">\n\t\t\t<div class=\"elementor-widget-wrap elementor-element-populated\">\n\t\t\t\t\t\t\t\t<div class=\"elementor-element elementor-element-ecdf1c9 elementor-widget elementor-widget-wd_text_block\" data-id=\"ecdf1c9\" data-element_type=\"widget\" data-widget_type=\"wd_text_block.default\">\n\t\t\t\t<div class=\"elementor-widget-container\">\n\t\t\t\t\t<div class=\"wd-text-block reset-last-child text-left\">\n\t\t\t\n\t\t\t<h4 class=\"bebas\">H\u00c1GALO TODO, Y M\u00c1S R\u00c1PIDO<\/h4><p>En la era de los m\u00faltiples n\u00facleos, la velocidad sin precedentes de la DDR5 garantiza que su CPU de alta gama pueda recibir datos r\u00e1pidamente y con facilidad. Ya sea para jugar, para crear contenidos, para abrir 100 pesta\u00f1as a la vez o para trabajar en modo multitarea, su PC podr\u00e1 sobreponerse a las tareas complejas m\u00e1s r\u00e1pido\u00a0que nunca antes.<\/p>\n\t\t\t\t\t<\/div>\n\t\t\t\t<\/div>\n\t\t\t\t<\/div>\n\t\t\t\t<div class=\"elementor-element elementor-element-6aa1d27 elementor-widget elementor-widget-wd_text_block\" data-id=\"6aa1d27\" data-element_type=\"widget\" data-widget_type=\"wd_text_block.default\">\n\t\t\t\t<div class=\"elementor-widget-container\">\n\t\t\t\t\t<div class=\"wd-text-block reset-last-child text-left\">\n\t\t\t\n\t\t\t<h4 class=\"bebas\">UNIFIQUE SU SISTEMA<\/h4><p>Sincronice toda su configuraci\u00f3n iCUE para lograr un ecosistema uniforme y completamente inmersivo con control intuitivo.<\/p><p>Seleccione entre decenas de magn\u00edficos perfiles de iluminaci\u00f3n predefinidos o cree los suyos con infinidad de opciones de personalizaci\u00f3n.<\/p>\n\t\t\t\t\t<\/div>\n\t\t\t\t<\/div>\n\t\t\t\t<\/div>\n\t\t\t\t<div class=\"elementor-element elementor-element-d99ba58 elementor-widget elementor-widget-wd_image_or_svg\" data-id=\"d99ba58\" data-element_type=\"widget\" data-widget_type=\"wd_image_or_svg.default\">\n\t\t\t\t<div class=\"elementor-widget-container\">\n\t\t\t\n\t\t<div class=\"wd-image text-center\">\n\t\t\t\t\t\t\t\t<img decoding=\"async\" src=\"https:\/\/tzila.mx\/dev\/wp-content\/uploads\/elementor\/thumbs\/CMT32GX5M2X5600C36-DES-3-pqr5k2qh63gtv3uc208agus71d6pks4plv3btatos8.png\" title=\"CMT32GX5M2X5600C36-DES-3\" alt=\"CMT32GX5M2X5600C36-DES-3\" \/>\t\t\t\t\t<\/div>\n\n\t\t\t\t<\/div>\n\t\t\t\t<\/div>\n\t\t\t\t<div class=\"elementor-element elementor-element-a953a45 elementor-widget elementor-widget-wd_text_block\" data-id=\"a953a45\" data-element_type=\"widget\" data-widget_type=\"wd_text_block.default\">\n\t\t\t\t<div class=\"elementor-widget-container\">\n\t\t\t\t\t<div class=\"wd-text-block reset-last-child text-left\">\n\t\t\t\n\t\t\t<h4 class=\"bebas\">REGULACI\u00d3N DEL VOLTAJE INTEGRADA<\/h4><p>Tiene la potencia y el control en sus manos. La regulaci\u00f3n del voltaje integrada con el control de software iCUE ofrece un overclocking m\u00e1s f\u00e1cil, estable y afinado que nunca.<\/p>\n\t\t\t\t\t<\/div>\n\t\t\t\t<\/div>\n\t\t\t\t<\/div>\n\t\t\t\t\t<\/div>\n\t\t<\/div>\n\t\t\t\t<div class=\"elementor-column elementor-col-33 elementor-top-column elementor-element elementor-element-efcf9f4\" data-id=\"efcf9f4\" data-element_type=\"column\">\n\t\t\t<div class=\"elementor-widget-wrap elementor-element-populated\">\n\t\t\t\t\t\t\t\t<div class=\"elementor-element elementor-element-92b92dc elementor-widget elementor-widget-wd_text_block\" data-id=\"92b92dc\" data-element_type=\"widget\" data-widget_type=\"wd_text_block.default\">\n\t\t\t\t<div class=\"elementor-widget-container\">\n\t\t\t\t\t<div class=\"wd-text-block reset-last-child text-left\">\n\t\t\t\n\t\t\t<h4 class=\"yellow\">OVERCLOCKING A SU GUSTO<\/h4><p class=\"bebas\">PERFILES INTEL XMP 3.0 PERSONALIZADOS<br \/>Olv\u00eddese del tedioso proceso de ajustar manualmente los ajustes de rendimiento en cada ocasi\u00f3n y guarde sus propios perfiles XMP a trav\u00e9s de iCUE.<br \/><br \/>Personalice f\u00e1cilmente y a medida sus perfiles de configuraci\u00f3n por aplicaci\u00f3n o por tarea para mejorar la eficiencia.<br \/><br \/><\/p>\n\t\t\t\t\t<\/div>\n\t\t\t\t<\/div>\n\t\t\t\t<\/div>\n\t\t\t\t<div class=\"elementor-element elementor-element-43fb73f elementor-widget elementor-widget-wd_text_block\" data-id=\"43fb73f\" data-element_type=\"widget\" data-widget_type=\"wd_text_block.default\">\n\t\t\t\t<div class=\"elementor-widget-container\">\n\t\t\t\t\t<div class=\"wd-text-block reset-last-child text-left\">\n\t\t\t\n\t\t\t<h4>Refrigeraci\u00f3n CORSAIR DHX patentada<\/h4><p>Refrigera la memoria tanto a trav\u00e9s de los circuitos integrados como de la capa de tierra del circuito impreso con su propio disipador de calor, lo que garantiza un alto rendimiento incluso con cargas extremas.<\/p>\n\t\t\t\t\t<\/div>\n\t\t\t\t<\/div>\n\t\t\t\t<\/div>\n\t\t\t\t<div class=\"elementor-element elementor-element-f544a8e elementor-widget elementor-widget-wd_text_block\" data-id=\"f544a8e\" data-element_type=\"widget\" data-widget_type=\"wd_text_block.default\">\n\t\t\t\t<div class=\"elementor-widget-container\">\n\t\t\t\t\t<div class=\"wd-text-block reset-last-child text-left\">\n\t\t\t\n\t\t\t<h4>Dise\u00f1o y estilo conocidos mundialmente<\/h4><p>La DOMINATOR PLATINUM RGB DDR5 combina el aluminio forjado con precisi\u00f3n, la fundici\u00f3n a presi\u00f3n y la anodizaci\u00f3n para complementar los sistemas de alta gama m\u00e1s potentes y elegantes.<\/p>\n\t\t\t\t\t<\/div>\n\t\t\t\t<\/div>\n\t\t\t\t<\/div>\n\t\t\t\t<div class=\"elementor-element elementor-element-e4f761c elementor-widget elementor-widget-wd_text_block\" data-id=\"e4f761c\" data-element_type=\"widget\" data-widget_type=\"wd_text_block.default\">\n\t\t\t\t<div class=\"elementor-widget-container\">\n\t\t\t\t\t<div class=\"wd-text-block reset-last-child text-left\">\n\t\t\t\n\t\t\t<h4>12 Led RGB CAPELLIX ultrabrillantes<\/h4><p>Incorpora 12 LED RGB CAPELLIX direccionables individualmente para disfrutar de una iluminaci\u00f3n personalizada espectacular y de bajo consumo.<\/p>\n\t\t\t\t\t<\/div>\n\t\t\t\t<\/div>\n\t\t\t\t<\/div>\n\t\t\t\t<div class=\"elementor-element elementor-element-3ff72ab elementor-widget elementor-widget-wd_text_block\" data-id=\"3ff72ab\" data-element_type=\"widget\" data-widget_type=\"wd_text_block.default\">\n\t\t\t\t<div class=\"elementor-widget-container\">\n\t\t\t\t\t<div class=\"wd-text-block reset-last-child text-left\">\n\t\t\t\n\t\t\t<h4>Chips de memoria rigurosamente cribados y seleccionados a mano<\/h4><p>Garantizan un rendimiento constante de alta frecuencia con opciones de programaci\u00f3n agresivas.<\/p>\n\t\t\t\t\t<\/div>\n\t\t\t\t<\/div>\n\t\t\t\t<\/div>\n\t\t\t\t\t<\/div>\n\t\t<\/div>\n\t\t\t\t<div class=\"elementor-column elementor-col-33 elementor-top-column elementor-element elementor-element-dffdc91\" data-id=\"dffdc91\" data-element_type=\"column\">\n\t\t\t<div class=\"elementor-widget-wrap elementor-element-populated\">\n\t\t\t\t\t\t\t\t<div class=\"elementor-element elementor-element-fc019a7 elementor-widget elementor-widget-wd_text_block\" data-id=\"fc019a7\" data-element_type=\"widget\" data-widget_type=\"wd_text_block.default\">\n\t\t\t\t<div class=\"elementor-widget-container\">\n\t\t\t\t\t<div class=\"wd-text-block reset-last-child text-left\">\n\t\t\t\n\t\t\t<h4>Placa impresa personalizada de m\u00e1ximo rendimiento<\/h4><p>Garantiza la estabilidad y la calidad de la se\u00f1al para un overclocking superior.<\/p>\n\t\t\t\t\t<\/div>\n\t\t\t\t<\/div>\n\t\t\t\t<\/div>\n\t\t\t\t<div class=\"elementor-element elementor-element-55366da elementor-widget elementor-widget-wd_image_or_svg\" data-id=\"55366da\" data-element_type=\"widget\" data-widget_type=\"wd_image_or_svg.default\">\n\t\t\t\t<div class=\"elementor-widget-container\">\n\t\t\t\n\t\t<div class=\"wd-image text-center\">\n\t\t\t\t\t\t\t\t<img loading=\"lazy\" decoding=\"async\" width=\"1200\" height=\"1200\" src=\"https:\/\/tzila.mx\/dev\/wp-content\/uploads\/2022\/06\/CMT32GX5M2X5600C36-DES-2.png\" class=\"attachment-full size-full\" alt=\"\" srcset=\"https:\/\/tzila.mx\/dev\/wp-content\/uploads\/2022\/06\/CMT32GX5M2X5600C36-DES-2.png 1200w, https:\/\/tzila.mx\/dev\/wp-content\/uploads\/2022\/06\/CMT32GX5M2X5600C36-DES-2-300x300.png 300w, https:\/\/tzila.mx\/dev\/wp-content\/uploads\/2022\/06\/CMT32GX5M2X5600C36-DES-2-800x800.png 800w, https:\/\/tzila.mx\/dev\/wp-content\/uploads\/2022\/06\/CMT32GX5M2X5600C36-DES-2-150x150.png 150w, https:\/\/tzila.mx\/dev\/wp-content\/uploads\/2022\/06\/CMT32GX5M2X5600C36-DES-2-768x768.png 768w, https:\/\/tzila.mx\/dev\/wp-content\/uploads\/2022\/06\/CMT32GX5M2X5600C36-DES-2-860x860.png 860w, https:\/\/tzila.mx\/dev\/wp-content\/uploads\/2022\/06\/CMT32GX5M2X5600C36-DES-2-430x430.png 430w, https:\/\/tzila.mx\/dev\/wp-content\/uploads\/2022\/06\/CMT32GX5M2X5600C36-DES-2-700x700.png 700w\" sizes=\"auto, (max-width: 1200px) 100vw, 1200px\" \/>\t\t\t\t\t<\/div>\n\n\t\t\t\t<\/div>\n\t\t\t\t<\/div>\n\t\t\t\t<div class=\"elementor-element elementor-element-b66d70b elementor-widget elementor-widget-wd_text_block\" data-id=\"b66d70b\" data-element_type=\"widget\" data-widget_type=\"wd_text_block.default\">\n\t\t\t\t<div class=\"elementor-widget-container\">\n\t\t\t\t\t<div class=\"wd-text-block reset-last-child text-left\">\n\t\t\t\n\t\t\t<h4 class=\"bebas\">AMPLIA COMPATIBILIDAD<\/h4><p>Optimizado para las placas base Intel DDR5 m\u00e1s recientes.<\/p>\n\t\t\t\t\t<\/div>\n\t\t\t\t<\/div>\n\t\t\t\t<\/div>\n\t\t\t\t<div class=\"elementor-element elementor-element-541fe67 elementor-widget elementor-widget-wd_text_block\" data-id=\"541fe67\" data-element_type=\"widget\" data-widget_type=\"wd_text_block.default\">\n\t\t\t\t<div class=\"elementor-widget-container\">\n\t\t\t\t\t<div class=\"wd-text-block reset-last-child text-left\">\n\t\t\t\n\t\t\t<h4 class=\"bebas\">GARANT\u00cdA LIMITADA DE POR VIDA<\/h4><p>Para su completa tranquilidad y a\u00f1os de rendimiento sin preocupaciones.<\/p>\n\t\t\t\t\t<\/div>\n\t\t\t\t<\/div>\n\t\t\t\t<\/div>\n\t\t\t\t<div class=\"elementor-element elementor-element-33adf0a elementor-widget elementor-widget-wd_button\" data-id=\"33adf0a\" data-element_type=\"widget\" data-widget_type=\"wd_button.default\">\n\t\t\t\t<div class=\"elementor-widget-container\">\n\t\t\t\t\t<div class=\"wd-button-wrapper text-center\" >\n\t\t\t<a class=\"btn btn-style-link btn-shape- btn-size-default btn-scheme-light btn-scheme-hover-dark btn-icon-pos-right\"  href=\"https:\/\/www.corsair.com\/es\/es\/Categor%C3%ADas\/Productos\/Memoria\/DOMINATOR-PLATINUM-RGB-DDR5-Memory---Black\/p\/CMT32GX5M2X5600C36#tab-overview\" target=\"_blank\">\n\t\t\t\t<span class=\"wd-btn-text\" data-elementor-setting-key=\"text\">\n\t\t\t\t\tSABER M\u00c1S\t\t\t\t<\/span>\n\n\t\t\t\t\t\t\t<\/a>\n\t\t<\/div>\n\t\t\t\t<\/div>\n\t\t\t\t<\/div>\n\t\t\t\t\t<\/div>\n\t\t<\/div>\n\t\t\t\t\t\t\t<\/div>\n\t\t<\/section>\n\t\t\t\t\t\t<\/div>\n\t\t\t\t\t<\/div>\n\t\t","protected":false},"excerpt":{"rendered":"<h4>Caracter\u00edsticas principales:<\/h4>\n<p class=\"p1\"><span class=\"s1\">\u25cf<\/span><span class=\"s2\"> Capacidad memoria: 32<strong>GB<\/strong> (2x16GB)<\/span><br \/>\n<span class=\"s1\">\u25cf<\/span><span class=\"s2\"> Velocidad: de hasta 5600MHZ<\/span><br \/>\n<span class=\"s1\">\u25cf<\/span><span class=\"s2\"> Latencia: CL36<\/span><br \/>\n<span class=\"s1\">\u25cf<\/span> Perfiles Intel XMP 3.0<br \/>\n<span class=\"s1\">\u25cf<\/span> RGB CORSAIR iCUE.<\/p>\n","protected":false},"featured_media":16929,"comment_status":"open","ping_status":"closed","template":"","meta":[],"product_cat":[20,74,103],"product_tag":[251],"class_list":["post-16927","product","type-product","status-publish","has-post-thumbnail","hentry","product_cat-hardware","product_cat-memoria-ram","product_cat-corsair","product_tag-corsair","pa_brand-corsair"],"_links":{"self":[{"href":"https:\/\/tzila.mx\/dev\/wp-json\/wp\/v2\/product\/16927","targetHints":{"allow":["GET"]}}],"collection":[{"href":"https:\/\/tzila.mx\/dev\/wp-json\/wp\/v2\/product"}],"about":[{"href":"https:\/\/tzila.mx\/dev\/wp-json\/wp\/v2\/types\/product"}],"replies":[{"embeddable":true,"href":"https:\/\/tzila.mx\/dev\/wp-json\/wp\/v2\/comments?post=16927"}],"version-history":[{"count":18,"href":"https:\/\/tzila.mx\/dev\/wp-json\/wp\/v2\/product\/16927\/revisions"}],"predecessor-version":[{"id":16965,"href":"https:\/\/tzila.mx\/dev\/wp-json\/wp\/v2\/product\/16927\/revisions\/16965"}],"wp:featuredmedia":[{"embeddable":true,"href":"https:\/\/tzila.mx\/dev\/wp-json\/wp\/v2\/media\/16929"}],"wp:attachment":[{"href":"https:\/\/tzila.mx\/dev\/wp-json\/wp\/v2\/media?parent=16927"}],"wp:term":[{"taxonomy":"product_cat","embeddable":true,"href":"https:\/\/tzila.mx\/dev\/wp-json\/wp\/v2\/product_cat?post=16927"},{"taxonomy":"product_tag","embeddable":true,"href":"https:\/\/tzila.mx\/dev\/wp-json\/wp\/v2\/product_tag?post=16927"}],"curies":[{"name":"wp","href":"https:\/\/api.w.org\/{rel}","templated":true}]}}