{"id":16889,"date":"2022-06-23T14:14:51","date_gmt":"2022-06-23T19:14:51","guid":{"rendered":"https:\/\/tzila.mx\/dev\/?post_type=product&#038;p=16889"},"modified":"2022-06-29T11:33:11","modified_gmt":"2022-06-29T16:33:11","slug":"fuente-de-poder-corsair-cx-m-series-atx-semimodular","status":"publish","type":"product","link":"https:\/\/tzila.mx\/dev\/producto\/fuente-de-poder-corsair-cx-m-series-atx-semimodular\/","title":{"rendered":"Fuente de Poder CORSAIR CX-M Series ATX Semimodular"},"content":{"rendered":"\t\t<div data-elementor-type=\"wp-post\" data-elementor-id=\"16889\" class=\"elementor elementor-16889\" data-elementor-settings=\"[]\">\n\t\t\t\t\t\t\t<div class=\"elementor-section-wrap\">\n\t\t\t\t\t\t\t<section class=\"elementor-section elementor-top-section elementor-element elementor-element-154fe09 elementor-section-boxed elementor-section-height-default elementor-section-height-default wd-section-disabled\" data-id=\"154fe09\" data-element_type=\"section\">\n\t\t\t\t\t\t<div class=\"elementor-container elementor-column-gap-default\">\n\t\t\t\t\t<div class=\"elementor-column elementor-col-33 elementor-top-column elementor-element elementor-element-f14913d\" data-id=\"f14913d\" data-element_type=\"column\">\n\t\t\t<div class=\"elementor-widget-wrap elementor-element-populated\">\n\t\t\t\t\t\t\t\t<div class=\"elementor-element elementor-element-3d30eaf elementor-widget elementor-widget-wd_text_block\" data-id=\"3d30eaf\" data-element_type=\"widget\" data-widget_type=\"wd_text_block.default\">\n\t\t\t\t<div class=\"elementor-widget-container\">\n\t\t\t\t\t<div class=\"wd-text-block reset-last-child text-left\">\n\t\t\t\n\t\t\t<h5><strong>CARACTER\u00cdSTICAS GENERALE<\/strong><strong>S<\/strong><strong>:<\/strong><\/h5>\n\t\t\t\t\t<\/div>\n\t\t\t\t<\/div>\n\t\t\t\t<\/div>\n\t\t\t\t<div class=\"elementor-element elementor-element-6d44079 elementor-widget elementor-widget-wd_text_block\" data-id=\"6d44079\" data-element_type=\"widget\" data-widget_type=\"wd_text_block.default\">\n\t\t\t\t<div class=\"elementor-widget-container\">\n\t\t\t\t\t<div class=\"wd-text-block reset-last-child text-left\">\n\t\t\t\n\t\t\t<p>\u25cf Alimentaci\u00f3n eficiente para pr\u00e1cticamente a cualquier configuraci\u00f3n<br \/>\u25cf Ajuste para un funcionamiento con escaso ruido<br \/>\u25cf Cableado semimodular<br \/>\u25cf Alto rendimiento<br \/>\u25cf Fiable conversi\u00f3n CC-CC<br \/>\u25cf Tama\u00f1o compacto<br \/>\u25cf Certificaciones<br \/>\u25cf Fiabilidad garantizada<\/p><p>\u00a0<\/p>\n\t\t\t\t\t<\/div>\n\t\t\t\t<\/div>\n\t\t\t\t<\/div>\n\t\t\t\t\t<\/div>\n\t\t<\/div>\n\t\t\t\t<div class=\"elementor-column elementor-col-66 elementor-top-column elementor-element elementor-element-1a0b71f\" data-id=\"1a0b71f\" data-element_type=\"column\">\n\t\t\t<div class=\"elementor-widget-wrap elementor-element-populated\">\n\t\t\t\t\t\t\t\t<div class=\"elementor-element elementor-element-6f6445b elementor-widget elementor-widget-wd_image_or_svg\" data-id=\"6f6445b\" data-element_type=\"widget\" data-widget_type=\"wd_image_or_svg.default\">\n\t\t\t\t<div class=\"elementor-widget-container\">\n\t\t\t\n\t\t<div class=\"wd-image text-center\">\n\t\t\t\t\t\t\t\t<img loading=\"lazy\" decoding=\"async\" width=\"1488\" height=\"544\" src=\"https:\/\/tzila.mx\/dev\/wp-content\/uploads\/2022\/06\/CP-9020219-NA-DES-1.png\" class=\"attachment-full size-full\" alt=\"\" srcset=\"https:\/\/tzila.mx\/dev\/wp-content\/uploads\/2022\/06\/CP-9020219-NA-DES-1.png 1488w, https:\/\/tzila.mx\/dev\/wp-content\/uploads\/2022\/06\/CP-9020219-NA-DES-1-400x146.png 400w, https:\/\/tzila.mx\/dev\/wp-content\/uploads\/2022\/06\/CP-9020219-NA-DES-1-1300x475.png 1300w, https:\/\/tzila.mx\/dev\/wp-content\/uploads\/2022\/06\/CP-9020219-NA-DES-1-768x281.png 768w, https:\/\/tzila.mx\/dev\/wp-content\/uploads\/2022\/06\/CP-9020219-NA-DES-1-860x314.png 860w, https:\/\/tzila.mx\/dev\/wp-content\/uploads\/2022\/06\/CP-9020219-NA-DES-1-1320x483.png 1320w, https:\/\/tzila.mx\/dev\/wp-content\/uploads\/2022\/06\/CP-9020219-NA-DES-1-430x157.png 430w, https:\/\/tzila.mx\/dev\/wp-content\/uploads\/2022\/06\/CP-9020219-NA-DES-1-700x256.png 700w, https:\/\/tzila.mx\/dev\/wp-content\/uploads\/2022\/06\/CP-9020219-NA-DES-1-150x55.png 150w\" sizes=\"auto, (max-width: 1488px) 100vw, 1488px\" \/>\t\t\t\t\t<\/div>\n\n\t\t\t\t<\/div>\n\t\t\t\t<\/div>\n\t\t\t\t\t<\/div>\n\t\t<\/div>\n\t\t\t\t\t\t\t<\/div>\n\t\t<\/section>\n\t\t\t\t<section class=\"elementor-section elementor-top-section elementor-element elementor-element-f335c48 elementor-section-boxed elementor-section-height-default elementor-section-height-default wd-section-disabled\" data-id=\"f335c48\" data-element_type=\"section\">\n\t\t\t\t\t\t<div class=\"elementor-container elementor-column-gap-default\">\n\t\t\t\t\t<div class=\"elementor-column elementor-col-33 elementor-top-column elementor-element elementor-element-b982906\" data-id=\"b982906\" data-element_type=\"column\">\n\t\t\t<div class=\"elementor-widget-wrap elementor-element-populated\">\n\t\t\t\t\t\t\t\t<div class=\"elementor-element elementor-element-ecdf1c9 elementor-widget elementor-widget-wd_text_block\" data-id=\"ecdf1c9\" data-element_type=\"widget\" data-widget_type=\"wd_text_block.default\">\n\t\t\t\t<div class=\"elementor-widget-container\">\n\t\t\t\t\t<div class=\"wd-text-block reset-last-child text-left\">\n\t\t\t\n\t\t\t<div class=\"wrapper\"><div class=\"col-half white\"><h4 class=\"bebas yellow\">Alimentaci\u00f3n eficiente para pr\u00e1cticamente a cualquier configuraci\u00f3n<\/h4><p>Las fuentes de alimentaci\u00f3n silenciosas CORSAIR CX-M Series cuentan con cableado semimodular, un duradero ventilador con rodamiento de rifle y condensadores japoneses para un funcionamiento fiable y silencioso.<\/p><\/div><\/div>\n\t\t\t\t\t<\/div>\n\t\t\t\t<\/div>\n\t\t\t\t<\/div>\n\t\t\t\t<div class=\"elementor-element elementor-element-92b92dc elementor-widget elementor-widget-wd_text_block\" data-id=\"92b92dc\" data-element_type=\"widget\" data-widget_type=\"wd_text_block.default\">\n\t\t\t\t<div class=\"elementor-widget-container\">\n\t\t\t\t\t<div class=\"wd-text-block reset-last-child text-left\">\n\t\t\t\n\t\t\t<div class=\"wrapper\"><div class=\"col-half offset-half white\"><div class=\"col-half top\"><h4 class=\"bebas\">Ajuste para un funcionamiento con escaso ruido<\/h4><p>Un ventilador con rodamiento de rifle garantiza una vida \u00fatil m\u00e1s larga que los rodamientos convencionales con menos ruido, para que pueda centrarse m\u00e1s en la tarea en cuesti\u00f3n, ya sean juegos o trabajo.<\/p><\/div><\/div><\/div>\n\t\t\t\t\t<\/div>\n\t\t\t\t<\/div>\n\t\t\t\t<\/div>\n\t\t\t\t<div class=\"elementor-element elementor-element-a119555 elementor-widget elementor-widget-wd_text_block\" data-id=\"a119555\" data-element_type=\"widget\" data-widget_type=\"wd_text_block.default\">\n\t\t\t\t<div class=\"elementor-widget-container\">\n\t\t\t\t\t<div class=\"wd-text-block reset-last-child text-left\">\n\t\t\t\n\t\t\t<h4 class=\"bebas\">Cableado semimodular<\/h4><p>Conecte solo los cables que necesite para disfrutar de un montaje m\u00e1s despejado con una sencilla gesti\u00f3n del cableado.<\/p>\n\t\t\t\t\t<\/div>\n\t\t\t\t<\/div>\n\t\t\t\t<\/div>\n\t\t\t\t\t<\/div>\n\t\t<\/div>\n\t\t\t\t<div class=\"elementor-column elementor-col-33 elementor-top-column elementor-element elementor-element-efcf9f4\" data-id=\"efcf9f4\" data-element_type=\"column\">\n\t\t\t<div class=\"elementor-widget-wrap elementor-element-populated\">\n\t\t\t\t\t\t\t\t<div class=\"elementor-element elementor-element-4b5326b elementor-widget elementor-widget-wd_text_block\" data-id=\"4b5326b\" data-element_type=\"widget\" data-widget_type=\"wd_text_block.default\">\n\t\t\t\t<div class=\"elementor-widget-container\">\n\t\t\t\t\t<div class=\"wd-text-block reset-last-child text-left\">\n\t\t\t\n\t\t\t<div class=\"row-content\" data-v-b7353816=\"\"><div class=\"wrapper\"><div class=\"col-half offset-half white\"><div class=\"col-half top\"><h4 class=\"bebas\">Alto rendimiento<\/h4><p>Con una eficiencia m\u00e1xima superior al 85\u00a0%, CX-M produce menos ruido y calor, lo que implica a su vez menos tiempo de preocupaciones y m\u00e1s para dedicar al juego.<\/p><\/div><\/div><\/div><\/div>\n\t\t\t\t\t<\/div>\n\t\t\t\t<\/div>\n\t\t\t\t<\/div>\n\t\t\t\t<div class=\"elementor-element elementor-element-a953a45 elementor-widget elementor-widget-wd_text_block\" data-id=\"a953a45\" data-element_type=\"widget\" data-widget_type=\"wd_text_block.default\">\n\t\t\t\t<div class=\"elementor-widget-container\">\n\t\t\t\t\t<div class=\"wd-text-block reset-last-child text-left\">\n\t\t\t\n\t\t\t<div class=\"row-content r-side\" data-v-b7353816=\"\"><div class=\"wrapper\"><div class=\"col-half white\"><section id=\"conversion\" class=\"panel-template\"><div class=\"wrapper\"><div class=\"col-half white\"><h4 class=\"bebas yellow\">Fiable conversi\u00f3n CC-CC:<\/h4><p>Para ofrecer una alimentaci\u00f3n limpia y uniforme, cada fuente de alimentaci\u00f3n CX-M Series cuenta con una s\u00f3lida conversi\u00f3n de CC-CC y con condensadores primarios japoneses con una temperatura nominal de 105\u00a0\u00b0C, lo que confiere una fiabilidad sin igual.<\/p><\/div><\/div><\/section><\/div><\/div><\/div>\n\t\t\t\t\t<\/div>\n\t\t\t\t<\/div>\n\t\t\t\t<\/div>\n\t\t\t\t<div class=\"elementor-element elementor-element-f4bb4cf elementor-widget elementor-widget-wd_text_block\" data-id=\"f4bb4cf\" data-element_type=\"widget\" data-widget_type=\"wd_text_block.default\">\n\t\t\t\t<div class=\"elementor-widget-container\">\n\t\t\t\t\t<div class=\"wd-text-block reset-last-child text-left\">\n\t\t\t\n\t\t\t<div class=\"row-content r-side\" data-v-b7353816=\"\"><div class=\"row-content\" data-v-b7353816=\"\"><div class=\"wrapper\"><div class=\"col-half offset-half white\"><div class=\"col-half top\"><h4 class=\"bebas\">TAMA\u00d1O COMPACTO<\/h4><p>Con solo 140\u00a0mm de longitud, la CX-M Series ofrece una gran flexibilidad en los montajes.<\/p><\/div><\/div><\/div><\/div><\/div>\n\t\t\t\t\t<\/div>\n\t\t\t\t<\/div>\n\t\t\t\t<\/div>\n\t\t\t\t\t<\/div>\n\t\t<\/div>\n\t\t\t\t<div class=\"elementor-column elementor-col-33 elementor-top-column elementor-element elementor-element-dffdc91\" data-id=\"dffdc91\" data-element_type=\"column\">\n\t\t\t<div class=\"elementor-widget-wrap elementor-element-populated\">\n\t\t\t\t\t\t\t\t<div class=\"elementor-element elementor-element-9b6b3c4 elementor-widget elementor-widget-wd_text_block\" data-id=\"9b6b3c4\" data-element_type=\"widget\" data-widget_type=\"wd_text_block.default\">\n\t\t\t\t<div class=\"elementor-widget-container\">\n\t\t\t\t\t<div class=\"wd-text-block reset-last-child text-left\">\n\t\t\t\n\t\t\t\n<h4>Fiabilidad garantizada<\/h4>\nCinco a\u00f1os de garant\u00eda, con el respaldo del equipo de soporte t\u00e9cnico mundial de CORSAIR.\n\t\t\t\t\t<\/div>\n\t\t\t\t<\/div>\n\t\t\t\t<\/div>\n\t\t\t\t<div class=\"elementor-element elementor-element-e8490bf elementor-widget elementor-widget-wd_text_block\" data-id=\"e8490bf\" data-element_type=\"widget\" data-widget_type=\"wd_text_block.default\">\n\t\t\t\t<div class=\"elementor-widget-container\">\n\t\t\t\t\t<div class=\"wd-text-block reset-last-child text-left\">\n\t\t\t\n\t\t\t<div class=\"row-content\" data-v-b7353816=\"\"><div class=\"wrapper\"><div class=\"col-half white\"><div class=\"col-half\"><h4 class=\"bebas\">CERTIFICACIONES<\/h4><p>La organizaci\u00f3n Cybernetics mide la eficiencia y los niveles sonoros en todo el rango operativo de la fuente de alimentaci\u00f3n, mediante m\u00e1s de 1450 combinaciones diferentes de carga.<\/p><p>El \u00edndice de eficiencia \u00abBronze\u00bb se define como el comprendido entre el 82\u00a0% y el 85\u00a0% (seg\u00fan el voltaje de entrada).<\/p><p>La prueba de nivel sonoro \u00abS++\u00bb se mide en esas mismas configuraciones y su resultado oscila entre 25\u00a0dBA y 30\u00a0dBA, seg\u00fan la media de datos de sonido.<\/p><\/div><\/div><\/div><\/div>\n\t\t\t\t\t<\/div>\n\t\t\t\t<\/div>\n\t\t\t\t<\/div>\n\t\t\t\t<div class=\"elementor-element elementor-element-741a3ed elementor-widget elementor-widget-wd_button\" data-id=\"741a3ed\" data-element_type=\"widget\" data-widget_type=\"wd_button.default\">\n\t\t\t\t<div class=\"elementor-widget-container\">\n\t\t\t\t\t<div class=\"wd-button-wrapper text-center\" >\n\t\t\t<a class=\"btn btn-style-link btn-shape- btn-size-default btn-scheme-light btn-scheme-hover-dark btn-icon-pos-right\"  href=\"https:\/\/www.corsair.com\/us\/es\/Categor%C3%ADas\/Productos\/Unidades-de-fuentes-de-alimentaci%C3%B3n\/CX-M-Series\/p\/CP-9020219-NA#tab-overview\" target=\"_blank\">\n\t\t\t\t<span class=\"wd-btn-text\" data-elementor-setting-key=\"text\">\n\t\t\t\t\tSABER M\u00c1S\t\t\t\t<\/span>\n\n\t\t\t\t\t\t\t<\/a>\n\t\t<\/div>\n\t\t\t\t<\/div>\n\t\t\t\t<\/div>\n\t\t\t\t\t<\/div>\n\t\t<\/div>\n\t\t\t\t\t\t\t<\/div>\n\t\t<\/section>\n\t\t\t\t\t\t<\/div>\n\t\t\t\t\t<\/div>\n\t\t","protected":false},"excerpt":{"rendered":"<h4>Caracter\u00edsticas principales:<\/h4>\n<p>\u25cf 450 Watts<br \/>\n<span class=\"s1\">\u25cf Certificaci\u00f3n 80PLUS BRONZE<\/span><br \/>\n<span class=\"s1\">\u25cf <\/span><span class=\"product-name\">Fuente de alimentaci\u00f3n ATX semimodular<\/span><br \/>\n<span class=\"s1\">\u25cf Duradero ventilador con rodamiento de rifle<\/span><br \/>\n<span class=\"s1\">\u25cf Produce menos ruido y calor<\/span><\/p>\n","protected":false},"featured_media":16897,"comment_status":"open","ping_status":"closed","template":"","meta":[],"product_cat":[20,72,103],"product_tag":[251],"class_list":["post-16889","product","type-product","status-publish","has-post-thumbnail","hentry","product_cat-hardware","product_cat-fuente-de-poder","product_cat-corsair","product_tag-corsair","pa_brand-corsair"],"_links":{"self":[{"href":"https:\/\/tzila.mx\/dev\/wp-json\/wp\/v2\/product\/16889","targetHints":{"allow":["GET"]}}],"collection":[{"href":"https:\/\/tzila.mx\/dev\/wp-json\/wp\/v2\/product"}],"about":[{"href":"https:\/\/tzila.mx\/dev\/wp-json\/wp\/v2\/types\/product"}],"replies":[{"embeddable":true,"href":"https:\/\/tzila.mx\/dev\/wp-json\/wp\/v2\/comments?post=16889"}],"version-history":[{"count":4,"href":"https:\/\/tzila.mx\/dev\/wp-json\/wp\/v2\/product\/16889\/revisions"}],"predecessor-version":[{"id":16908,"href":"https:\/\/tzila.mx\/dev\/wp-json\/wp\/v2\/product\/16889\/revisions\/16908"}],"wp:featuredmedia":[{"embeddable":true,"href":"https:\/\/tzila.mx\/dev\/wp-json\/wp\/v2\/media\/16897"}],"wp:attachment":[{"href":"https:\/\/tzila.mx\/dev\/wp-json\/wp\/v2\/media?parent=16889"}],"wp:term":[{"taxonomy":"product_cat","embeddable":true,"href":"https:\/\/tzila.mx\/dev\/wp-json\/wp\/v2\/product_cat?post=16889"},{"taxonomy":"product_tag","embeddable":true,"href":"https:\/\/tzila.mx\/dev\/wp-json\/wp\/v2\/product_tag?post=16889"}],"curies":[{"name":"wp","href":"https:\/\/api.w.org\/{rel}","templated":true}]}}