{"id":16856,"date":"2022-06-21T23:29:29","date_gmt":"2022-06-22T04:29:29","guid":{"rendered":"https:\/\/tzila.mx\/dev\/?post_type=product&#038;p=16856"},"modified":"2022-06-29T11:33:14","modified_gmt":"2022-06-29T16:33:14","slug":"kit-teclado-mouse-corsair-k55-rgb-pro-harpoon-rgb-pro-sp","status":"publish","type":"product","link":"https:\/\/tzila.mx\/dev\/producto\/kit-teclado-mouse-corsair-k55-rgb-pro-harpoon-rgb-pro-sp\/","title":{"rendered":"Kit Teclado\/Mouse CORSAIR K55 RGB PRO + HARPOON RGB PRO (SP)"},"content":{"rendered":"\t\t<div data-elementor-type=\"wp-post\" data-elementor-id=\"16856\" class=\"elementor elementor-16856\" data-elementor-settings=\"[]\">\n\t\t\t\t\t\t\t<div class=\"elementor-section-wrap\">\n\t\t\t\t\t\t\t<section class=\"elementor-section elementor-top-section elementor-element elementor-element-154fe09 elementor-section-boxed elementor-section-height-default elementor-section-height-default wd-section-disabled\" data-id=\"154fe09\" data-element_type=\"section\">\n\t\t\t\t\t\t<div class=\"elementor-container elementor-column-gap-default\">\n\t\t\t\t\t<div class=\"elementor-column elementor-col-33 elementor-top-column elementor-element elementor-element-f14913d\" data-id=\"f14913d\" data-element_type=\"column\">\n\t\t\t<div class=\"elementor-widget-wrap elementor-element-populated\">\n\t\t\t\t\t\t\t\t<div class=\"elementor-element elementor-element-3d30eaf elementor-widget elementor-widget-wd_text_block\" data-id=\"3d30eaf\" data-element_type=\"widget\" data-widget_type=\"wd_text_block.default\">\n\t\t\t\t<div class=\"elementor-widget-container\">\n\t\t\t\t\t<div class=\"wd-text-block reset-last-child text-left\">\n\t\t\t\n\t\t\t<h5><strong>CARACTER\u00cdSTICAS GENERALE<\/strong><strong>S<\/strong><strong>:<\/strong><\/h5>\n\t\t\t\t\t<\/div>\n\t\t\t\t<\/div>\n\t\t\t\t<\/div>\n\t\t\t\t<div class=\"elementor-element elementor-element-6d44079 elementor-widget elementor-widget-wd_text_block\" data-id=\"6d44079\" data-element_type=\"widget\" data-widget_type=\"wd_text_block.default\">\n\t\t\t\t<div class=\"elementor-widget-container\">\n\t\t\t\t\t<div class=\"wd-text-block reset-last-child text-left\">\n\t\t\t\n\t\t\t<p>\u25cf Ilumine su battlestation<br \/>\u25cf Resistencia a los derrames<br \/>\u25cf Control por macros<br \/>\u25cf Mando con comodidad<br \/>\u25cf Haga juegos de poder<\/p>\n\t\t\t\t\t<\/div>\n\t\t\t\t<\/div>\n\t\t\t\t<\/div>\n\t\t\t\t\t<\/div>\n\t\t<\/div>\n\t\t\t\t<div class=\"elementor-column elementor-col-66 elementor-top-column elementor-element elementor-element-1a0b71f\" data-id=\"1a0b71f\" data-element_type=\"column\">\n\t\t\t<div class=\"elementor-widget-wrap elementor-element-populated\">\n\t\t\t\t\t\t\t\t<div class=\"elementor-element elementor-element-6f6445b elementor-widget elementor-widget-wd_image_or_svg\" data-id=\"6f6445b\" data-element_type=\"widget\" data-widget_type=\"wd_image_or_svg.default\">\n\t\t\t\t<div class=\"elementor-widget-container\">\n\t\t\t\n\t\t<div class=\"wd-image text-center\">\n\t\t\t\t\t\t\t\t<img loading=\"lazy\" decoding=\"async\" width=\"1488\" height=\"477\" src=\"https:\/\/tzila.mx\/dev\/wp-content\/uploads\/2022\/06\/CH-9226865-SP-DES-1.png\" class=\"attachment-full size-full\" alt=\"\" srcset=\"https:\/\/tzila.mx\/dev\/wp-content\/uploads\/2022\/06\/CH-9226865-SP-DES-1.png 1488w, https:\/\/tzila.mx\/dev\/wp-content\/uploads\/2022\/06\/CH-9226865-SP-DES-1-400x128.png 400w, https:\/\/tzila.mx\/dev\/wp-content\/uploads\/2022\/06\/CH-9226865-SP-DES-1-1300x417.png 1300w, https:\/\/tzila.mx\/dev\/wp-content\/uploads\/2022\/06\/CH-9226865-SP-DES-1-768x246.png 768w, https:\/\/tzila.mx\/dev\/wp-content\/uploads\/2022\/06\/CH-9226865-SP-DES-1-860x276.png 860w, https:\/\/tzila.mx\/dev\/wp-content\/uploads\/2022\/06\/CH-9226865-SP-DES-1-1320x423.png 1320w, https:\/\/tzila.mx\/dev\/wp-content\/uploads\/2022\/06\/CH-9226865-SP-DES-1-430x138.png 430w, https:\/\/tzila.mx\/dev\/wp-content\/uploads\/2022\/06\/CH-9226865-SP-DES-1-700x224.png 700w, https:\/\/tzila.mx\/dev\/wp-content\/uploads\/2022\/06\/CH-9226865-SP-DES-1-150x48.png 150w\" sizes=\"auto, (max-width: 1488px) 100vw, 1488px\" \/>\t\t\t\t\t<\/div>\n\n\t\t\t\t<\/div>\n\t\t\t\t<\/div>\n\t\t\t\t\t<\/div>\n\t\t<\/div>\n\t\t\t\t\t\t\t<\/div>\n\t\t<\/section>\n\t\t\t\t<section class=\"elementor-section elementor-top-section elementor-element elementor-element-f335c48 elementor-section-boxed elementor-section-height-default elementor-section-height-default wd-section-disabled\" data-id=\"f335c48\" data-element_type=\"section\">\n\t\t\t\t\t\t<div class=\"elementor-container elementor-column-gap-default\">\n\t\t\t\t\t<div class=\"elementor-column elementor-col-33 elementor-top-column elementor-element elementor-element-b982906\" data-id=\"b982906\" data-element_type=\"column\">\n\t\t\t<div class=\"elementor-widget-wrap elementor-element-populated\">\n\t\t\t\t\t\t\t\t<div class=\"elementor-element elementor-element-ecdf1c9 elementor-widget elementor-widget-wd_text_block\" data-id=\"ecdf1c9\" data-element_type=\"widget\" data-widget_type=\"wd_text_block.default\">\n\t\t\t\t<div class=\"elementor-widget-container\">\n\t\t\t\t\t<div class=\"wd-text-block reset-last-child text-left\">\n\t\t\t\n\t\t\t<h4 class=\"bebas yellow\">ILUMINE SU BATTLESTATION<\/h4><div id=\"description-container\" class=\"description-text\"><p class=\"description\">Personalice su equipo con seis efectos de iluminaci\u00f3n integrados, asigne un color a cada zona de iluminaci\u00f3n o programe sus propios efectos de vibrante iluminaci\u00f3n en cinco zonas RGB con el software CORSAIR iCUE.<\/p><\/div>\n\t\t\t\t\t<\/div>\n\t\t\t\t<\/div>\n\t\t\t\t<\/div>\n\t\t\t\t<div class=\"elementor-element elementor-element-e086ade elementor-widget elementor-widget-wd_image_or_svg\" data-id=\"e086ade\" data-element_type=\"widget\" data-widget_type=\"wd_image_or_svg.default\">\n\t\t\t\t<div class=\"elementor-widget-container\">\n\t\t\t\n\t\t<div class=\"wd-image text-left\">\n\t\t\t\t\t\t\t\t<img decoding=\"async\" src=\"https:\/\/tzila.mx\/dev\/wp-content\/uploads\/elementor\/thumbs\/CH-9226865-SP-DES-5-pqp7f4ptfk85adz6ppjarhnkhjbxtz1r7hu5m5dcjo.png\" title=\"CH-9226865-SP-DES-5\" alt=\"CH-9226865-SP-DES-5\" \/>\t\t\t\t\t<\/div>\n\n\t\t\t\t<\/div>\n\t\t\t\t<\/div>\n\t\t\t\t<div class=\"elementor-element elementor-element-92b92dc elementor-widget elementor-widget-wd_text_block\" data-id=\"92b92dc\" data-element_type=\"widget\" data-widget_type=\"wd_text_block.default\">\n\t\t\t\t<div class=\"elementor-widget-container\">\n\t\t\t\t\t<div class=\"wd-text-block reset-last-child text-left\">\n\t\t\t\n\t\t\t<div class=\"wrapper\"><div class=\"col-half\"><h4 class=\"bebas\">RESISTENCIA A LOS DERRAMES<\/h4><p>La protecci\u00f3n IP42 protege el teclado de los accidentes por derrame y de la acumulaci\u00f3n de polvo para que su juego no se interrumpa nunca.<\/p><\/div><\/div>\n\t\t\t\t\t<\/div>\n\t\t\t\t<\/div>\n\t\t\t\t<\/div>\n\t\t\t\t\t<\/div>\n\t\t<\/div>\n\t\t\t\t<div class=\"elementor-column elementor-col-33 elementor-top-column elementor-element elementor-element-efcf9f4\" data-id=\"efcf9f4\" data-element_type=\"column\">\n\t\t\t<div class=\"elementor-widget-wrap elementor-element-populated\">\n\t\t\t\t\t\t\t\t<div class=\"elementor-element elementor-element-a119555 elementor-widget elementor-widget-wd_text_block\" data-id=\"a119555\" data-element_type=\"widget\" data-widget_type=\"wd_text_block.default\">\n\t\t\t\t<div class=\"elementor-widget-container\">\n\t\t\t\t\t<div class=\"wd-text-block reset-last-child text-left\">\n\t\t\t\n\t\t\t<h4 class=\"bebas\">CONTROL POR MACROS<\/h4><p>Obtenga una ventaja en el juego con seis teclas macro exclusivas, grabaci\u00f3n integrada y programaci\u00f3n de macros m\u00e1s complejas a trav\u00e9s de iCUE, o bien asigne comandos de streaming mediante el software Elgato Stream Deck.<\/p>\n\t\t\t\t\t<\/div>\n\t\t\t\t<\/div>\n\t\t\t\t<\/div>\n\t\t\t\t<div class=\"elementor-element elementor-element-a5d6bd6 elementor-widget elementor-widget-wd_image_or_svg\" data-id=\"a5d6bd6\" data-element_type=\"widget\" data-widget_type=\"wd_image_or_svg.default\">\n\t\t\t\t<div class=\"elementor-widget-container\">\n\t\t\t\n\t\t<div class=\"wd-image text-left\">\n\t\t\t\t\t\t\t\t<img decoding=\"async\" src=\"https:\/\/tzila.mx\/dev\/wp-content\/uploads\/elementor\/thumbs\/CH-9226865-SP-DES-4-pqp7elx1mvieu6qhrherdmecltwlk0z4gwsg0m5804.png\" title=\"CH-9226865-SP-DES-4\" alt=\"CH-9226865-SP-DES-4\" \/>\t\t\t\t\t<\/div>\n\n\t\t\t\t<\/div>\n\t\t\t\t<\/div>\n\t\t\t\t<div class=\"elementor-element elementor-element-cdd3c38 elementor-widget elementor-widget-wd_text_block\" data-id=\"cdd3c38\" data-element_type=\"widget\" data-widget_type=\"wd_text_block.default\">\n\t\t\t\t<div class=\"elementor-widget-container\">\n\t\t\t\t\t<div class=\"wd-text-block reset-last-child text-left\">\n\t\t\t\n\t\t\t<h4>MANDO CON COMODIDAD<\/h4><p>Con una forma contorneada c\u00f3moda con empu\u00f1aduras laterales de goma y un peso incre\u00edblemente ligero de 85 g, el HARPOON RGB PRO est\u00e1 listo para horas interminables de juego sin esfuerzo.<\/p>\n\t\t\t\t\t<\/div>\n\t\t\t\t<\/div>\n\t\t\t\t<\/div>\n\t\t\t\t\t<\/div>\n\t\t<\/div>\n\t\t\t\t<div class=\"elementor-column elementor-col-33 elementor-top-column elementor-element elementor-element-dffdc91\" data-id=\"dffdc91\" data-element_type=\"column\">\n\t\t\t<div class=\"elementor-widget-wrap elementor-element-populated\">\n\t\t\t\t\t\t\t\t<div class=\"elementor-element elementor-element-f4bb4cf elementor-widget elementor-widget-wd_text_block\" data-id=\"f4bb4cf\" data-element_type=\"widget\" data-widget_type=\"wd_text_block.default\">\n\t\t\t\t<div class=\"elementor-widget-container\">\n\t\t\t\t\t<div class=\"wd-text-block reset-last-child text-left\">\n\t\t\t\n\t\t\t<h4>HAGA JUEGOS DE PODER<\/h4><p>Obtenga el control preciso que necesita para ganar gracias a un sensor \u00f3ptico de 12\u00a0000 DPI y una durabilidad duradera con interruptores Omron de alto rendimiento clasificados para m\u00e1s de 20 millones de clics.<\/p>\n\t\t\t\t\t<\/div>\n\t\t\t\t<\/div>\n\t\t\t\t<\/div>\n\t\t\t\t<div class=\"elementor-element elementor-element-aa5899a elementor-widget elementor-widget-wd_button\" data-id=\"aa5899a\" data-element_type=\"widget\" data-widget_type=\"wd_button.default\">\n\t\t\t\t<div class=\"elementor-widget-container\">\n\t\t\t\t\t<div class=\"wd-button-wrapper text-center\" >\n\t\t\t<a class=\"btn btn-style-link btn-shape- btn-size-default btn-scheme-light btn-scheme-hover-dark btn-icon-pos-right\"  href=\"https:\/\/www.corsair.com\/lm\/es\/Categor%C3%ADas\/Productos\/CORSAIR-iCUE\/Set-de-juego-K55-RGB-PRO-%2B-HARPOON-RGB-PRO\/p\/CH-9226865-SP\" target=\"_blank\">\n\t\t\t\t<span class=\"wd-btn-text\" data-elementor-setting-key=\"text\">\n\t\t\t\t\tSABER M\u00c1S\t\t\t\t<\/span>\n\n\t\t\t\t\t\t\t<\/a>\n\t\t<\/div>\n\t\t\t\t<\/div>\n\t\t\t\t<\/div>\n\t\t\t\t\t<\/div>\n\t\t<\/div>\n\t\t\t\t\t\t\t<\/div>\n\t\t<\/section>\n\t\t\t\t\t\t<\/div>\n\t\t\t\t\t<\/div>\n\t\t","protected":false},"excerpt":{"rendered":"<h4>Caracter\u00edsticas principales:<\/h4>\n<p><strong>Mouse<\/strong><br \/>\n\u25cf Al\u00e1mbrico USB<br \/>\n\u25cf Dise\u00f1o ligero y estilizado<br \/>\n<span class=\"s1\">\u25cf Resoluci\u00f3n de hasta 12000<\/span><span class=\"ItemNumber\">\u00a0dpi<\/span><br \/>\n<span class=\"s1\">\u25cf <\/span>Seis botones completamente programables<\/p>\n<p><strong>Teclado<\/strong><br \/>\n\u25cf Al\u00e1mbrico USB 2.0 Type-A<br \/>\n\u25cf Seis teclas exclusivas para macros<br \/>\n<span class=\"s1\">\u25cf Retroiluminaci\u00f3n RGB din\u00e1mica de cinco zonas<\/span><\/p>\n","protected":false},"featured_media":16858,"comment_status":"open","ping_status":"closed","template":"","meta":[],"product_cat":[28,80,103],"product_tag":[251],"class_list":["post-16856","product","type-product","status-publish","has-post-thumbnail","hentry","product_cat-setup","product_cat-kit-teclado-mouse","product_cat-corsair","product_tag-corsair","pa_brand-corsair"],"_links":{"self":[{"href":"https:\/\/tzila.mx\/dev\/wp-json\/wp\/v2\/product\/16856","targetHints":{"allow":["GET"]}}],"collection":[{"href":"https:\/\/tzila.mx\/dev\/wp-json\/wp\/v2\/product"}],"about":[{"href":"https:\/\/tzila.mx\/dev\/wp-json\/wp\/v2\/types\/product"}],"replies":[{"embeddable":true,"href":"https:\/\/tzila.mx\/dev\/wp-json\/wp\/v2\/comments?post=16856"}],"version-history":[{"count":11,"href":"https:\/\/tzila.mx\/dev\/wp-json\/wp\/v2\/product\/16856\/revisions"}],"predecessor-version":[{"id":16880,"href":"https:\/\/tzila.mx\/dev\/wp-json\/wp\/v2\/product\/16856\/revisions\/16880"}],"wp:featuredmedia":[{"embeddable":true,"href":"https:\/\/tzila.mx\/dev\/wp-json\/wp\/v2\/media\/16858"}],"wp:attachment":[{"href":"https:\/\/tzila.mx\/dev\/wp-json\/wp\/v2\/media?parent=16856"}],"wp:term":[{"taxonomy":"product_cat","embeddable":true,"href":"https:\/\/tzila.mx\/dev\/wp-json\/wp\/v2\/product_cat?post=16856"},{"taxonomy":"product_tag","embeddable":true,"href":"https:\/\/tzila.mx\/dev\/wp-json\/wp\/v2\/product_tag?post=16856"}],"curies":[{"name":"wp","href":"https:\/\/api.w.org\/{rel}","templated":true}]}}