{"id":16779,"date":"2022-06-21T19:38:54","date_gmt":"2022-06-22T00:38:54","guid":{"rendered":"https:\/\/tzila.mx\/dev\/?post_type=product&#038;p=16779"},"modified":"2022-06-29T11:33:16","modified_gmt":"2022-06-29T16:33:16","slug":"fuente-de-poder-corsair-cx-f-series-rgb-modular","status":"publish","type":"product","link":"https:\/\/tzila.mx\/dev\/producto\/fuente-de-poder-corsair-cx-f-series-rgb-modular\/","title":{"rendered":"Fuente de Poder CORSAIR CX-F Series RGB Modular"},"content":{"rendered":"\t\t<div data-elementor-type=\"wp-post\" data-elementor-id=\"16779\" class=\"elementor elementor-16779\" data-elementor-settings=\"[]\">\n\t\t\t\t\t\t\t<div class=\"elementor-section-wrap\">\n\t\t\t\t\t\t\t<section class=\"elementor-section elementor-top-section elementor-element elementor-element-154fe09 elementor-section-boxed elementor-section-height-default elementor-section-height-default wd-section-disabled\" data-id=\"154fe09\" data-element_type=\"section\">\n\t\t\t\t\t\t<div class=\"elementor-container elementor-column-gap-default\">\n\t\t\t\t\t<div class=\"elementor-column elementor-col-33 elementor-top-column elementor-element elementor-element-f14913d\" data-id=\"f14913d\" data-element_type=\"column\">\n\t\t\t<div class=\"elementor-widget-wrap elementor-element-populated\">\n\t\t\t\t\t\t\t\t<div class=\"elementor-element elementor-element-3d30eaf elementor-widget elementor-widget-wd_text_block\" data-id=\"3d30eaf\" data-element_type=\"widget\" data-widget_type=\"wd_text_block.default\">\n\t\t\t\t<div class=\"elementor-widget-container\">\n\t\t\t\t\t<div class=\"wd-text-block reset-last-child text-left\">\n\t\t\t\n\t\t\t<h5><strong>CARACTER\u00cdSTICAS GENERALE<\/strong><strong>S<\/strong><strong>:<\/strong><\/h5>\n\t\t\t\t\t<\/div>\n\t\t\t\t<\/div>\n\t\t\t\t<\/div>\n\t\t\t\t<div class=\"elementor-element elementor-element-6d44079 elementor-widget elementor-widget-wd_text_block\" data-id=\"6d44079\" data-element_type=\"widget\" data-widget_type=\"wd_text_block.default\">\n\t\t\t\t<div class=\"elementor-widget-container\">\n\t\t\t\t\t<div class=\"wd-text-block reset-last-child text-left\">\n\t\t\t\n\t\t\t<p>\u25cf Iluminaci\u00f3n brillante, control inteligente<br \/>\u25cf Tres modos de iluminaci\u00f3n<br \/>\u25cf Potencia totalmente modular y eficiente<br \/>\u25cf Optimizada para un funcionamiento pr\u00e1cticamente sin ruido<br \/>\u25cf Tecnolog\u00eda y fiabilidad<br \/>\u25cf Carcasa compacta de 140 mm de largo<br \/>\u25cf\u00a0Totalmente modular<\/p>\n\t\t\t\t\t<\/div>\n\t\t\t\t<\/div>\n\t\t\t\t<\/div>\n\t\t\t\t\t<\/div>\n\t\t<\/div>\n\t\t\t\t<div class=\"elementor-column elementor-col-66 elementor-top-column elementor-element elementor-element-1a0b71f\" data-id=\"1a0b71f\" data-element_type=\"column\">\n\t\t\t<div class=\"elementor-widget-wrap elementor-element-populated\">\n\t\t\t\t\t\t\t\t<div class=\"elementor-element elementor-element-6f6445b elementor-widget elementor-widget-wd_image_or_svg\" data-id=\"6f6445b\" data-element_type=\"widget\" data-widget_type=\"wd_image_or_svg.default\">\n\t\t\t\t<div class=\"elementor-widget-container\">\n\t\t\t\n\t\t<div class=\"wd-image text-center\">\n\t\t\t\t\t\t\t\t<img loading=\"lazy\" decoding=\"async\" width=\"1456\" height=\"695\" src=\"https:\/\/tzila.mx\/dev\/wp-content\/uploads\/2022\/06\/CP-9020217-NA-DES-1.png\" class=\"attachment-full size-full\" alt=\"\" srcset=\"https:\/\/tzila.mx\/dev\/wp-content\/uploads\/2022\/06\/CP-9020217-NA-DES-1.png 1456w, https:\/\/tzila.mx\/dev\/wp-content\/uploads\/2022\/06\/CP-9020217-NA-DES-1-400x191.png 400w, https:\/\/tzila.mx\/dev\/wp-content\/uploads\/2022\/06\/CP-9020217-NA-DES-1-1300x621.png 1300w, https:\/\/tzila.mx\/dev\/wp-content\/uploads\/2022\/06\/CP-9020217-NA-DES-1-768x367.png 768w, https:\/\/tzila.mx\/dev\/wp-content\/uploads\/2022\/06\/CP-9020217-NA-DES-1-860x411.png 860w, https:\/\/tzila.mx\/dev\/wp-content\/uploads\/2022\/06\/CP-9020217-NA-DES-1-1320x630.png 1320w, https:\/\/tzila.mx\/dev\/wp-content\/uploads\/2022\/06\/CP-9020217-NA-DES-1-430x205.png 430w, https:\/\/tzila.mx\/dev\/wp-content\/uploads\/2022\/06\/CP-9020217-NA-DES-1-700x334.png 700w, https:\/\/tzila.mx\/dev\/wp-content\/uploads\/2022\/06\/CP-9020217-NA-DES-1-150x72.png 150w\" sizes=\"auto, (max-width: 1456px) 100vw, 1456px\" \/>\t\t\t\t\t<\/div>\n\n\t\t\t\t<\/div>\n\t\t\t\t<\/div>\n\t\t\t\t\t<\/div>\n\t\t<\/div>\n\t\t\t\t\t\t\t<\/div>\n\t\t<\/section>\n\t\t\t\t<section class=\"elementor-section elementor-top-section elementor-element elementor-element-f335c48 elementor-section-boxed elementor-section-height-default elementor-section-height-default wd-section-disabled\" data-id=\"f335c48\" data-element_type=\"section\">\n\t\t\t\t\t\t<div class=\"elementor-container elementor-column-gap-default\">\n\t\t\t\t\t<div class=\"elementor-column elementor-col-33 elementor-top-column elementor-element elementor-element-b982906\" data-id=\"b982906\" data-element_type=\"column\">\n\t\t\t<div class=\"elementor-widget-wrap elementor-element-populated\">\n\t\t\t\t\t\t\t\t<div class=\"elementor-element elementor-element-ecdf1c9 elementor-widget elementor-widget-wd_text_block\" data-id=\"ecdf1c9\" data-element_type=\"widget\" data-widget_type=\"wd_text_block.default\">\n\t\t\t\t<div class=\"elementor-widget-container\">\n\t\t\t\t\t<div class=\"wd-text-block reset-last-child text-left\">\n\t\t\t\n\t\t\t<h4>Alimentaci\u00f3n constante, color espectacular<\/h4><p>Las fuentes de alimentaci\u00f3n totalmente modulares CORSAIR CX-650F RGB Series ofrecen una potencia eficiente 80 PLUS Bronze fiable a su sistema, as\u00ed como una iluminaci\u00f3n viva y personalizable a partir de un ventilador RGB de 120 mm y con una est\u00e9tica limpia.<\/p>\n\t\t\t\t\t<\/div>\n\t\t\t\t<\/div>\n\t\t\t\t<\/div>\n\t\t\t\t<div class=\"elementor-element elementor-element-92b92dc elementor-widget elementor-widget-wd_text_block\" data-id=\"92b92dc\" data-element_type=\"widget\" data-widget_type=\"wd_text_block.default\">\n\t\t\t\t<div class=\"elementor-widget-container\">\n\t\t\t\t\t<div class=\"wd-text-block reset-last-child text-left\">\n\t\t\t\n\t\t\t<div class=\"wrapper\"><div class=\"col-half offset-half white\"><h4 class=\"bebas blue\">Apueste por el brillo<\/h4><p>Las fuentes de alimentaci\u00f3n CX-F RGB iluminan el interior del PC con ocho LED RGB direccionables individualmente y cables totalmente modulares para facilitar su gesti\u00f3n.<\/p><\/div><\/div>\n\t\t\t\t\t<\/div>\n\t\t\t\t<\/div>\n\t\t\t\t<\/div>\n\t\t\t\t<div class=\"elementor-element elementor-element-f336af3 elementor-widget elementor-widget-wd_image_or_svg\" data-id=\"f336af3\" data-element_type=\"widget\" data-widget_type=\"wd_image_or_svg.default\">\n\t\t\t\t<div class=\"elementor-widget-container\">\n\t\t\t\n\t\t<div class=\"wd-image text-left\">\n\t\t\t\t\t\t\t\t<img loading=\"lazy\" decoding=\"async\" width=\"561\" height=\"424\" src=\"https:\/\/tzila.mx\/dev\/wp-content\/uploads\/2022\/06\/CP-9020217-NA-DES-3.png\" class=\"attachment-full size-full\" alt=\"\" srcset=\"https:\/\/tzila.mx\/dev\/wp-content\/uploads\/2022\/06\/CP-9020217-NA-DES-3.png 561w, https:\/\/tzila.mx\/dev\/wp-content\/uploads\/2022\/06\/CP-9020217-NA-DES-3-397x300.png 397w, https:\/\/tzila.mx\/dev\/wp-content\/uploads\/2022\/06\/CP-9020217-NA-DES-3-430x325.png 430w, https:\/\/tzila.mx\/dev\/wp-content\/uploads\/2022\/06\/CP-9020217-NA-DES-3-150x113.png 150w\" sizes=\"auto, (max-width: 561px) 100vw, 561px\" \/>\t\t\t\t\t<\/div>\n\n\t\t\t\t<\/div>\n\t\t\t\t<\/div>\n\t\t\t\t<div class=\"elementor-element elementor-element-a119555 elementor-widget elementor-widget-wd_text_block\" data-id=\"a119555\" data-element_type=\"widget\" data-widget_type=\"wd_text_block.default\">\n\t\t\t\t<div class=\"elementor-widget-container\">\n\t\t\t\t\t<div class=\"wd-text-block reset-last-child text-left\">\n\t\t\t\n\t\t\t\n<h4 class=\"bebas blue\">Iluminaci\u00f3n brillante, control inteligente<\/h4>\nCada una de las fuentes de alimentaci\u00f3n CX-F RGB incluye un ventilador RGB de 120\u00a0mm que brilla con ocho LED RGB direccionables individualmente para que su dise\u00f1o presente una preciosa iluminaci\u00f3n de \u00e9nfasis.\n\t\t\t\t\t<\/div>\n\t\t\t\t<\/div>\n\t\t\t\t<\/div>\n\t\t\t\t\t<\/div>\n\t\t<\/div>\n\t\t\t\t<div class=\"elementor-column elementor-col-33 elementor-top-column elementor-element elementor-element-efcf9f4\" data-id=\"efcf9f4\" data-element_type=\"column\">\n\t\t\t<div class=\"elementor-widget-wrap elementor-element-populated\">\n\t\t\t\t\t\t\t\t<div class=\"elementor-element elementor-element-4b5326b elementor-widget elementor-widget-wd_text_block\" data-id=\"4b5326b\" data-element_type=\"widget\" data-widget_type=\"wd_text_block.default\">\n\t\t\t\t<div class=\"elementor-widget-container\">\n\t\t\t\t\t<div class=\"wd-text-block reset-last-child text-left\">\n\t\t\t\n\t\t\t<div class=\"row-content\" data-v-b7353816=\"\"><div class=\"wrapper\"><div class=\"col-half offset-half white\"><h4 class=\"bebas blue\">Tres modos de iluminaci\u00f3n<\/h4><p>Pulse el bot\u00f3n de la parte trasera, con\u00e9ctela a un controlador de iluminaci\u00f3n CORSAIR iCUE RGB (de venta por separado) o use el control ARGB integrado en la placa base con el cable adaptador que se incluye. Controle la iluminaci\u00f3n como desee.<\/p><\/div><\/div><\/div>\n\t\t\t\t\t<\/div>\n\t\t\t\t<\/div>\n\t\t\t\t<\/div>\n\t\t\t\t<div class=\"elementor-element elementor-element-a953a45 elementor-widget elementor-widget-wd_text_block\" data-id=\"a953a45\" data-element_type=\"widget\" data-widget_type=\"wd_text_block.default\">\n\t\t\t\t<div class=\"elementor-widget-container\">\n\t\t\t\t\t<div class=\"wd-text-block reset-last-child text-left\">\n\t\t\t\n\t\t\t<div class=\"row-content r-side\" data-v-b7353816=\"\"><div class=\"wrapper\"><div class=\"col-half white\"><h4 class=\"bebas blue\">Potencia totalmente modular y eficiente<\/h4><p>Las fuentes de alimentaci\u00f3n totalmente modulares CORSAIR CX-F RGB Series ofrecen una potencia eficiente 80 PLUS Bronze fiable a su sistema y le permiten usar \u00fanicamente los cables necesarios para que el dise\u00f1o sea m\u00e1s limpio.<\/p><\/div><\/div><\/div>\n\t\t\t\t\t<\/div>\n\t\t\t\t<\/div>\n\t\t\t\t<\/div>\n\t\t\t\t<div class=\"elementor-element elementor-element-f4bb4cf elementor-widget elementor-widget-wd_text_block\" data-id=\"f4bb4cf\" data-element_type=\"widget\" data-widget_type=\"wd_text_block.default\">\n\t\t\t\t<div class=\"elementor-widget-container\">\n\t\t\t\t\t<div class=\"wd-text-block reset-last-child text-left\">\n\t\t\t\n\t\t\t<div class=\"row-content r-side\" data-v-b7353816=\"\"><div class=\"row-content\" data-v-b7353816=\"\"><div class=\"wrapper\"><div class=\"col-half offset-half white\"><h4 class=\"bebas blue\">Optimizada para un funcionamiento pr\u00e1cticamente sin ruido<\/h4><p>La CX-F incluye un ventilador RGB de 120\u00a0mm perfectamente ajustado con una curva de ventilador espec\u00edfica para mantener a raya los niveles de ruido.<\/p><\/div><\/div><\/div><\/div>\n\t\t\t\t\t<\/div>\n\t\t\t\t<\/div>\n\t\t\t\t<\/div>\n\t\t\t\t<div class=\"elementor-element elementor-element-af8cadc elementor-widget elementor-widget-wd_text_block\" data-id=\"af8cadc\" data-element_type=\"widget\" data-widget_type=\"wd_text_block.default\">\n\t\t\t\t<div class=\"elementor-widget-container\">\n\t\t\t\t\t<div class=\"wd-text-block reset-last-child text-left\">\n\t\t\t\n\t\t\t<div class=\"row-content\" data-v-b7353816=\"\"><div class=\"wrapper\"><div class=\"col-half white\"><h4 class=\"bebas blue\">Tecnolog\u00eda y fiabilidad<\/h4><p>Para lograr un rendimiento el\u00e9ctrico excelente y una alimentaci\u00f3n constante y fiable, cada fuente de alimentaci\u00f3n CX-F RGB incluye la robusta topolog\u00eda LLC con conversi\u00f3n CC-CC, as\u00ed como condensadores japoneses originales con especificaci\u00f3n 105\u00a0\u00b0C. La compatibilidad Microsoft Modern Standby garantiza tiempos de activaci\u00f3n extremadamente r\u00e1pidos y mejor eficiencia en cargas bajas.<\/p><\/div><\/div><\/div>\n\t\t\t\t\t<\/div>\n\t\t\t\t<\/div>\n\t\t\t\t<\/div>\n\t\t\t\t\t<\/div>\n\t\t<\/div>\n\t\t\t\t<div class=\"elementor-column elementor-col-33 elementor-top-column elementor-element elementor-element-dffdc91\" data-id=\"dffdc91\" data-element_type=\"column\">\n\t\t\t<div class=\"elementor-widget-wrap elementor-element-populated\">\n\t\t\t\t\t\t\t\t<div class=\"elementor-element elementor-element-9b6b3c4 elementor-widget elementor-widget-wd_text_block\" data-id=\"9b6b3c4\" data-element_type=\"widget\" data-widget_type=\"wd_text_block.default\">\n\t\t\t\t<div class=\"elementor-widget-container\">\n\t\t\t\t\t<div class=\"wd-text-block reset-last-child text-left\">\n\t\t\t\n\t\t\t<div class=\"row-content\" data-v-b7353816=\"\"><div class=\"wrapper\"><div class=\"col-half white\"><div class=\"wrapper\"><div class=\"col-half offset-half white\"><h4 class=\"bebas blue\">Carcasa compacta de 140\u00a0mm de largo<\/h4><p>Garantiza un montaje sencillo en casi todos los chasis de PC para entusiastas modernos.<\/p><\/div><\/div><\/div><\/div><\/div>\n\t\t\t\t\t<\/div>\n\t\t\t\t<\/div>\n\t\t\t\t<\/div>\n\t\t\t\t<div class=\"elementor-element elementor-element-2a61c50 elementor-widget elementor-widget-wd_image_or_svg\" data-id=\"2a61c50\" data-element_type=\"widget\" data-widget_type=\"wd_image_or_svg.default\">\n\t\t\t\t<div class=\"elementor-widget-container\">\n\t\t\t\n\t\t<div class=\"wd-image text-left\">\n\t\t\t\t\t\t\t\t<img loading=\"lazy\" decoding=\"async\" width=\"572\" height=\"543\" src=\"https:\/\/tzila.mx\/dev\/wp-content\/uploads\/2022\/06\/CP-9020217-NA-DES-2.png\" class=\"attachment-full size-full\" alt=\"\" srcset=\"https:\/\/tzila.mx\/dev\/wp-content\/uploads\/2022\/06\/CP-9020217-NA-DES-2.png 572w, https:\/\/tzila.mx\/dev\/wp-content\/uploads\/2022\/06\/CP-9020217-NA-DES-2-316x300.png 316w, https:\/\/tzila.mx\/dev\/wp-content\/uploads\/2022\/06\/CP-9020217-NA-DES-2-430x408.png 430w, https:\/\/tzila.mx\/dev\/wp-content\/uploads\/2022\/06\/CP-9020217-NA-DES-2-150x142.png 150w\" sizes=\"auto, (max-width: 572px) 100vw, 572px\" \/>\t\t\t\t\t<\/div>\n\n\t\t\t\t<\/div>\n\t\t\t\t<\/div>\n\t\t\t\t<div class=\"elementor-element elementor-element-e125273 elementor-widget elementor-widget-wd_text_block\" data-id=\"e125273\" data-element_type=\"widget\" data-widget_type=\"wd_text_block.default\">\n\t\t\t\t<div class=\"elementor-widget-container\">\n\t\t\t\t\t<div class=\"wd-text-block reset-last-child text-left\">\n\t\t\t\n\t\t\t<div class=\"row-content\" data-v-b7353816=\"\"><div class=\"wrapper\"><div class=\"col-half white\"><div class=\"wrapper\"><div class=\"col-half offset-half white\"><div class=\"wrapper\"><div class=\"col-half white\"><h4 class=\"bebas blue\">Totalmente modular<\/h4><p>Reduce el desorden de cables, puesto que solo tendr\u00e1 que conectar los que necesite su sistema.<\/p><\/div><\/div><\/div><\/div><\/div><\/div><\/div>\n\t\t\t\t\t<\/div>\n\t\t\t\t<\/div>\n\t\t\t\t<\/div>\n\t\t\t\t<div class=\"elementor-element elementor-element-741a3ed elementor-widget elementor-widget-wd_button\" data-id=\"741a3ed\" data-element_type=\"widget\" data-widget_type=\"wd_button.default\">\n\t\t\t\t<div class=\"elementor-widget-container\">\n\t\t\t\t\t<div class=\"wd-button-wrapper text-center\" >\n\t\t\t<a class=\"btn btn-style-link btn-shape- btn-size-default btn-scheme-light btn-scheme-hover-dark btn-icon-pos-right\"  href=\"https:\/\/www.corsair.com\/us\/es\/Categor%C3%ADas\/Productos\/CORSAIR-iCUE\/Fuentes-de-alimentaci%C3%B3n\/iCUE-CXF-RGB-Power-Supplies\/p\/CP-9020217-NA\" target=\"_blank\">\n\t\t\t\t<span class=\"wd-btn-text\" data-elementor-setting-key=\"text\">\n\t\t\t\t\tSABER M\u00c1S\t\t\t\t<\/span>\n\n\t\t\t\t\t\t\t<\/a>\n\t\t<\/div>\n\t\t\t\t<\/div>\n\t\t\t\t<\/div>\n\t\t\t\t\t<\/div>\n\t\t<\/div>\n\t\t\t\t\t\t\t<\/div>\n\t\t<\/section>\n\t\t\t\t\t\t<\/div>\n\t\t\t\t\t<\/div>\n\t\t","protected":false},"excerpt":{"rendered":"<h4>Caracter\u00edsticas principales:<\/h4>\n<p>\u25cf 550 Watts, 650 Watts, 750 Watts<br \/>\n<span class=\"s1\">\u25cf Certificaci\u00f3n 80PLUS BRONZE<\/span><br \/>\n<span class=\"s1\">\u25cf <\/span>Fuentes de alimentaci\u00f3n totalmente modulares<br \/>\n<span class=\"s1\">\u25cf <\/span>Ventilador RGB de 120 mm<br \/>\n<span class=\"s1\">\u25cf Soporta <\/span>CORSAIR iCUE RGB<\/p>\n","protected":false},"featured_media":16782,"comment_status":"open","ping_status":"closed","template":"","meta":[],"product_cat":[20,72,103],"product_tag":[251],"class_list":["post-16779","product","type-product","status-publish","has-post-thumbnail","hentry","product_cat-hardware","product_cat-fuente-de-poder","product_cat-corsair","product_tag-corsair","pa_brand-corsair"],"_links":{"self":[{"href":"https:\/\/tzila.mx\/dev\/wp-json\/wp\/v2\/product\/16779","targetHints":{"allow":["GET"]}}],"collection":[{"href":"https:\/\/tzila.mx\/dev\/wp-json\/wp\/v2\/product"}],"about":[{"href":"https:\/\/tzila.mx\/dev\/wp-json\/wp\/v2\/types\/product"}],"replies":[{"embeddable":true,"href":"https:\/\/tzila.mx\/dev\/wp-json\/wp\/v2\/comments?post=16779"}],"version-history":[{"count":7,"href":"https:\/\/tzila.mx\/dev\/wp-json\/wp\/v2\/product\/16779\/revisions"}],"predecessor-version":[{"id":16881,"href":"https:\/\/tzila.mx\/dev\/wp-json\/wp\/v2\/product\/16779\/revisions\/16881"}],"wp:featuredmedia":[{"embeddable":true,"href":"https:\/\/tzila.mx\/dev\/wp-json\/wp\/v2\/media\/16782"}],"wp:attachment":[{"href":"https:\/\/tzila.mx\/dev\/wp-json\/wp\/v2\/media?parent=16779"}],"wp:term":[{"taxonomy":"product_cat","embeddable":true,"href":"https:\/\/tzila.mx\/dev\/wp-json\/wp\/v2\/product_cat?post=16779"},{"taxonomy":"product_tag","embeddable":true,"href":"https:\/\/tzila.mx\/dev\/wp-json\/wp\/v2\/product_tag?post=16779"}],"curies":[{"name":"wp","href":"https:\/\/api.w.org\/{rel}","templated":true}]}}