{"id":16745,"date":"2022-06-21T18:41:52","date_gmt":"2022-06-21T23:41:52","guid":{"rendered":"https:\/\/tzila.mx\/dev\/?post_type=product&#038;p=16745"},"modified":"2022-06-29T11:33:23","modified_gmt":"2022-06-29T16:33:23","slug":"mouse-gamer-corsair-katar-pro-xt","status":"publish","type":"product","link":"https:\/\/tzila.mx\/dev\/producto\/mouse-gamer-corsair-katar-pro-xt\/","title":{"rendered":"Mouse Gamer CORSAIR KATAR PRO XT"},"content":{"rendered":"\t\t<div data-elementor-type=\"wp-post\" data-elementor-id=\"16745\" class=\"elementor elementor-16745\" data-elementor-settings=\"[]\">\n\t\t\t\t\t\t\t<div class=\"elementor-section-wrap\">\n\t\t\t\t\t\t\t<section class=\"elementor-section elementor-top-section elementor-element elementor-element-a77d38a elementor-section-boxed elementor-section-height-default elementor-section-height-default wd-section-disabled\" data-id=\"a77d38a\" data-element_type=\"section\">\n\t\t\t\t\t\t<div class=\"elementor-container elementor-column-gap-default\">\n\t\t\t\t\t<div class=\"elementor-column elementor-col-33 elementor-top-column elementor-element elementor-element-606b0e0\" data-id=\"606b0e0\" data-element_type=\"column\">\n\t\t\t<div class=\"elementor-widget-wrap elementor-element-populated\">\n\t\t\t\t\t\t\t\t<div class=\"elementor-element elementor-element-2efa55d elementor-widget elementor-widget-wd_text_block\" data-id=\"2efa55d\" data-element_type=\"widget\" data-widget_type=\"wd_text_block.default\">\n\t\t\t\t<div class=\"elementor-widget-container\">\n\t\t\t\t\t<div class=\"wd-text-block reset-last-child text-left\">\n\t\t\t\n\t\t\t<h5><strong>M\u00c1S ESPECIFICACIONES<\/strong><strong>:<\/strong><\/h5>\n\t\t\t\t\t<\/div>\n\t\t\t\t<\/div>\n\t\t\t\t<\/div>\n\t\t\t\t<div class=\"elementor-element elementor-element-00b20a9 elementor-widget elementor-widget-wd_text_block\" data-id=\"00b20a9\" data-element_type=\"widget\" data-widget_type=\"wd_text_block.default\">\n\t\t\t\t<div class=\"elementor-widget-container\">\n\t\t\t\t\t<div class=\"wd-text-block reset-last-child text-left\">\n\t\t\t\n\t\t\t<p>\u25cf Ultraligero e incre\u00edblemente \u00e1gil<br \/>\u25cf Precisi\u00f3n para ganar<br \/>\u25cf Sensor \u00f3ptico de 18.000 ppp<br \/>\u25cf Con\u00e9ctelo y empiece a jugar<br \/>\u25cf Iluminaci\u00f3n RGB en la rueda de desplazamiento<br \/>\u25cf Cambie de ppp sobre la marcha<br \/>\u25cf Seis botones completamente programables<\/p>\n\t\t\t\t\t<\/div>\n\t\t\t\t<\/div>\n\t\t\t\t<\/div>\n\t\t\t\t\t<\/div>\n\t\t<\/div>\n\t\t\t\t<div class=\"elementor-column elementor-col-66 elementor-top-column elementor-element elementor-element-b692253\" data-id=\"b692253\" data-element_type=\"column\">\n\t\t\t<div class=\"elementor-widget-wrap elementor-element-populated\">\n\t\t\t\t\t\t\t\t<div class=\"elementor-element elementor-element-0fefcf7 elementor-widget elementor-widget-wd_image_or_svg\" data-id=\"0fefcf7\" data-element_type=\"widget\" data-widget_type=\"wd_image_or_svg.default\">\n\t\t\t\t<div class=\"elementor-widget-container\">\n\t\t\t\n\t\t<div class=\"wd-image text-center\">\n\t\t\t\t\t\t\t\t<img decoding=\"async\" src=\"https:\/\/tzila.mx\/dev\/wp-content\/uploads\/elementor\/thumbs\/CH-930C111-NA-DES-3-pqnwj9v24sssvofpasyg9dwmusz6pnokpjbqcsvhwo.png\" title=\"CH-930C111-NA-DES-3\" alt=\"CH-930C111-NA-DES-3\" \/>\t\t\t\t\t<\/div>\n\n\t\t\t\t<\/div>\n\t\t\t\t<\/div>\n\t\t\t\t\t<\/div>\n\t\t<\/div>\n\t\t\t\t\t\t\t<\/div>\n\t\t<\/section>\n\t\t\t\t<section class=\"elementor-section elementor-top-section elementor-element elementor-element-ec9e38a elementor-section-boxed elementor-section-height-default elementor-section-height-default wd-section-disabled\" data-id=\"ec9e38a\" data-element_type=\"section\">\n\t\t\t\t\t\t<div class=\"elementor-container elementor-column-gap-default\">\n\t\t\t\t\t<div class=\"elementor-column elementor-col-33 elementor-top-column elementor-element elementor-element-c833c6a\" data-id=\"c833c6a\" data-element_type=\"column\">\n\t\t\t<div class=\"elementor-widget-wrap elementor-element-populated\">\n\t\t\t\t\t\t\t\t<div class=\"elementor-element elementor-element-6ae12e9 elementor-widget elementor-widget-wd_text_block\" data-id=\"6ae12e9\" data-element_type=\"widget\" data-widget_type=\"wd_text_block.default\">\n\t\t\t\t<div class=\"elementor-widget-container\">\n\t\t\t\t\t<div class=\"wd-text-block reset-last-child text-left\">\n\t\t\t\n\t\t\t<h4 class=\"text\">DISE\u00d1O LIGERO<br \/>RENDIMIENTO DE PESO PESADO<\/h4><p>Disfrute del dise\u00f1o ligero y del rendimiento de peso pesado del rat\u00f3n ultraligero para juegos CORSAIR KATAR PRO XT. Solo pesa 73 g, tiene una forma sim\u00e9trica compacta y cuenta con un sensor \u00f3ptico extremadamente preciso de 18.000 ppp.<\/p>\n\t\t\t\t\t<\/div>\n\t\t\t\t<\/div>\n\t\t\t\t<\/div>\n\t\t\t\t<div class=\"elementor-element elementor-element-696e1a7 elementor-widget elementor-widget-wd_image_or_svg\" data-id=\"696e1a7\" data-element_type=\"widget\" data-widget_type=\"wd_image_or_svg.default\">\n\t\t\t\t<div class=\"elementor-widget-container\">\n\t\t\t\n\t\t<div class=\"wd-image text-center\">\n\t\t\t\t\t\t\t\t<img loading=\"lazy\" decoding=\"async\" width=\"885\" height=\"579\" src=\"https:\/\/tzila.mx\/dev\/wp-content\/uploads\/2022\/06\/CH-930C111-NA-DES-2.png\" class=\"attachment-full size-full\" alt=\"\" srcset=\"https:\/\/tzila.mx\/dev\/wp-content\/uploads\/2022\/06\/CH-930C111-NA-DES-2.png 885w, https:\/\/tzila.mx\/dev\/wp-content\/uploads\/2022\/06\/CH-930C111-NA-DES-2-400x262.png 400w, https:\/\/tzila.mx\/dev\/wp-content\/uploads\/2022\/06\/CH-930C111-NA-DES-2-768x502.png 768w, https:\/\/tzila.mx\/dev\/wp-content\/uploads\/2022\/06\/CH-930C111-NA-DES-2-860x563.png 860w, https:\/\/tzila.mx\/dev\/wp-content\/uploads\/2022\/06\/CH-930C111-NA-DES-2-430x281.png 430w, https:\/\/tzila.mx\/dev\/wp-content\/uploads\/2022\/06\/CH-930C111-NA-DES-2-700x458.png 700w, https:\/\/tzila.mx\/dev\/wp-content\/uploads\/2022\/06\/CH-930C111-NA-DES-2-150x98.png 150w\" sizes=\"auto, (max-width: 885px) 100vw, 885px\" \/>\t\t\t\t\t<\/div>\n\n\t\t\t\t<\/div>\n\t\t\t\t<\/div>\n\t\t\t\t<div class=\"elementor-element elementor-element-18ef179 elementor-widget elementor-widget-wd_text_block\" data-id=\"18ef179\" data-element_type=\"widget\" data-widget_type=\"wd_text_block.default\">\n\t\t\t\t<div class=\"elementor-widget-container\">\n\t\t\t\t\t<div class=\"wd-text-block reset-last-child text-left\">\n\t\t\t\n\t\t\t<div class=\"wrapper\"><div class=\"col-half offset-half white\"><h4 class=\"bebas\">SENSOR \u00d3PTICO DE 18.000\u00a0ppp<\/h4><p>La precisi\u00f3n y el seguimiento de alta precisi\u00f3n necesarios para ganar, gracias a un sensor personalizable en incrementos de 1\u00a0ppp y tres configuraciones predeterminadas de ppp.<\/p><\/div><\/div>\n\t\t\t\t\t<\/div>\n\t\t\t\t<\/div>\n\t\t\t\t<\/div>\n\t\t\t\t\t<\/div>\n\t\t<\/div>\n\t\t\t\t<div class=\"elementor-column elementor-col-33 elementor-top-column elementor-element elementor-element-e7b3bda\" data-id=\"e7b3bda\" data-element_type=\"column\">\n\t\t\t<div class=\"elementor-widget-wrap elementor-element-populated\">\n\t\t\t\t\t\t\t\t<div class=\"elementor-element elementor-element-252ec94 elementor-widget elementor-widget-wd_text_block\" data-id=\"252ec94\" data-element_type=\"widget\" data-widget_type=\"wd_text_block.default\">\n\t\t\t\t<div class=\"elementor-widget-container\">\n\t\t\t\t\t<div class=\"wd-text-block reset-last-child text-left\">\n\t\t\t\n\t\t\t<section id=\"m5-3\" class=\"count\"><div class=\"text\"><div class=\"wrapper\"><div class=\"col-half top white\"><h4 class=\"bebas\">Ultraligero<br \/>e incre\u00edblemente \u00e1gil<\/h4><p>El KATAR PRO XT, con solo 73\u00a0g de peso, es extremadamente ligero y \u00e1gil para que el usuario pueda pasar varias horas jugando a FPS o MOBA trepidantes. La forma sim\u00e9trica y compacta hace que sea estupendo para quienes agarran el rat\u00f3n con la punta de los dedos o con todo el dedo. El cable Paracord ligero reduce el arrastre y permite movimientos del rat\u00f3n m\u00e1s r\u00e1pidos, ajustados y precisos.<\/p><\/div><\/div><\/div><\/section>\n\t\t\t\t\t<\/div>\n\t\t\t\t<\/div>\n\t\t\t\t<\/div>\n\t\t\t\t<div class=\"elementor-element elementor-element-8604524 elementor-widget elementor-widget-wd_image_or_svg\" data-id=\"8604524\" data-element_type=\"widget\" data-widget_type=\"wd_image_or_svg.default\">\n\t\t\t\t<div class=\"elementor-widget-container\">\n\t\t\t\n\t\t<div class=\"wd-image text-center\">\n\t\t\t\t\t\t\t\t<img loading=\"lazy\" decoding=\"async\" width=\"1488\" height=\"653\" src=\"https:\/\/tzila.mx\/dev\/wp-content\/uploads\/2022\/06\/CH-930C111-NA-DES-1.png\" class=\"attachment-full size-full\" alt=\"\" srcset=\"https:\/\/tzila.mx\/dev\/wp-content\/uploads\/2022\/06\/CH-930C111-NA-DES-1.png 1488w, https:\/\/tzila.mx\/dev\/wp-content\/uploads\/2022\/06\/CH-930C111-NA-DES-1-400x176.png 400w, https:\/\/tzila.mx\/dev\/wp-content\/uploads\/2022\/06\/CH-930C111-NA-DES-1-1300x570.png 1300w, https:\/\/tzila.mx\/dev\/wp-content\/uploads\/2022\/06\/CH-930C111-NA-DES-1-768x337.png 768w, https:\/\/tzila.mx\/dev\/wp-content\/uploads\/2022\/06\/CH-930C111-NA-DES-1-860x377.png 860w, https:\/\/tzila.mx\/dev\/wp-content\/uploads\/2022\/06\/CH-930C111-NA-DES-1-1320x579.png 1320w, https:\/\/tzila.mx\/dev\/wp-content\/uploads\/2022\/06\/CH-930C111-NA-DES-1-430x189.png 430w, https:\/\/tzila.mx\/dev\/wp-content\/uploads\/2022\/06\/CH-930C111-NA-DES-1-700x307.png 700w, https:\/\/tzila.mx\/dev\/wp-content\/uploads\/2022\/06\/CH-930C111-NA-DES-1-150x66.png 150w\" sizes=\"auto, (max-width: 1488px) 100vw, 1488px\" \/>\t\t\t\t\t<\/div>\n\n\t\t\t\t<\/div>\n\t\t\t\t<\/div>\n\t\t\t\t<div class=\"elementor-element elementor-element-6015f3a elementor-widget elementor-widget-wd_text_block\" data-id=\"6015f3a\" data-element_type=\"widget\" data-widget_type=\"wd_text_block.default\">\n\t\t\t\t<div class=\"elementor-widget-container\">\n\t\t\t\t\t<div class=\"wd-text-block reset-last-child text-left\">\n\t\t\t\n\t\t\t<div class=\"text\"><div class=\"wrapper\"><div class=\"col-half offset-half\"><div class=\"col-half top\"><div class=\"col-half offset-half white\"><h4 class=\"bebas\">Precisi\u00f3n para ganar<\/h4><p>Los botones CORSAIR QUICKSTRIKE presentan un dise\u00f1o de tensi\u00f3n por muelles con disparidad nula entre los botones del rat\u00f3n (izquierdo y derecho) y sus conmutadores, de forma que todos sus clics, disparos y hechizos son m\u00e1s r\u00e1pidos que nunca.<\/p><\/div><\/div><\/div><\/div><\/div>\n\t\t\t\t\t<\/div>\n\t\t\t\t<\/div>\n\t\t\t\t<\/div>\n\t\t\t\t\t<\/div>\n\t\t<\/div>\n\t\t\t\t<div class=\"elementor-column elementor-col-33 elementor-top-column elementor-element elementor-element-ba9b9c1\" data-id=\"ba9b9c1\" data-element_type=\"column\">\n\t\t\t<div class=\"elementor-widget-wrap elementor-element-populated\">\n\t\t\t\t\t\t\t\t<div class=\"elementor-element elementor-element-b147ff0 elementor-widget elementor-widget-wd_text_block\" data-id=\"b147ff0\" data-element_type=\"widget\" data-widget_type=\"wd_text_block.default\">\n\t\t\t\t<div class=\"elementor-widget-container\">\n\t\t\t\t\t<div class=\"wd-text-block reset-last-child text-left\">\n\t\t\t\n\t\t\t<h4 class=\"header font-header-body\">TENGA LA \u00daLTIMA PALABRA<\/h4><div class=\"text\"><div class=\"wrap\"><div class=\"text\"><div class=\"wrap\"><div class=\"text\"><div class=\"wrap\"><p>Con\u00e9ctelo y empiece a jugar<br \/>Podr\u00e1 jugar nada m\u00e1s sacarlo de la caja. Solo tiene que conectarlo a un puerto USB y empezar a derribar oponentes.<\/p><div class=\"text\"><div class=\"wrap\"><p>Iluminaci\u00f3n RGB en la rueda de desplazamiento<br \/>La iluminaci\u00f3n de la rueda de desplazamiento se puede personalizar con los colores que prefiera.<br \/><br \/>Cambie de ppp sobre la marcha<br \/>Cambie entre los tres ajustes predeterminados de ppp sin tener que interrumpir el juego.<\/p><div class=\"text\"><div class=\"wrap\"><div class=\"text\"><div class=\"wrap\"><p>Seis botones completamente programables<br \/>Consiga ventaja en el juego gracias a la reasignaci\u00f3n de botones y a macros personalizadas.<\/p><\/div><\/div><\/div><\/div><\/div><\/div><\/div><\/div><\/div><\/div><\/div><\/div>\n\t\t\t\t\t<\/div>\n\t\t\t\t<\/div>\n\t\t\t\t<\/div>\n\t\t\t\t<div class=\"elementor-element elementor-element-078b475 elementor-widget elementor-widget-wd_button\" data-id=\"078b475\" data-element_type=\"widget\" data-widget_type=\"wd_button.default\">\n\t\t\t\t<div class=\"elementor-widget-container\">\n\t\t\t\t\t<div class=\"wd-button-wrapper text-center\" >\n\t\t\t<a class=\"btn btn-style-link btn-shape- btn-size-large btn-scheme-light btn-scheme-hover-dark btn-icon-pos-right\"  href=\"https:\/\/www.corsair.com\/lm\/es\/Categor%C3%ADas\/Productos\/Ratones-para-juegos\/Ratones-para-juegos-de-acci%C3%B3n-r%C3%A1pida-FPS\/Rat%C3%B3n-ultraligero-para-juegos-KATAR-PRO-XT\/p\/CH-930C111-NA#tab-overview\" target=\"_blank\">\n\t\t\t\t<span class=\"wd-btn-text\" data-elementor-setting-key=\"text\">\n\t\t\t\t\tSaber m\u00e1s\t\t\t\t<\/span>\n\n\t\t\t\t\t\t\t<\/a>\n\t\t<\/div>\n\t\t\t\t<\/div>\n\t\t\t\t<\/div>\n\t\t\t\t\t<\/div>\n\t\t<\/div>\n\t\t\t\t\t\t\t<\/div>\n\t\t<\/section>\n\t\t\t\t\t\t<\/div>\n\t\t\t\t\t<\/div>\n\t\t","protected":false},"excerpt":{"rendered":"<h4>Caracter\u00edsticas principales:<\/h4>\n<p class=\"p1\"><span class=\"s1\">\u25cf Al\u00e1mbrico USB<\/span><br \/>\n<span class=\"s1\">\u25cf<span class=\"s2\"> Seis botones programables <\/span><\/span><br \/>\n<span class=\"s1\">\u25cf Resoluci\u00f3n 18,000<\/span><span class=\"ItemNumber\">\u00a0dpi<\/span><br \/>\n<span class=\"s1\">\u25cf 1<\/span>\u00a0Zone RGB<br \/>\n<span class=\"s1\">\u25cf <\/span>CUE Software Supported<br \/>\n<span class=\"s1\">\u25cf<\/span><span class=\"s2\"> Dise\u00f1o ligero, forma sim\u00e9trica compacta<\/span><\/p>\n","protected":false},"featured_media":16746,"comment_status":"open","ping_status":"closed","template":"","meta":[],"product_cat":[28,81,103],"product_tag":[251],"class_list":["post-16745","product","type-product","status-publish","has-post-thumbnail","hentry","product_cat-setup","product_cat-mouse-gamer","product_cat-corsair","product_tag-corsair","pa_brand-corsair"],"_links":{"self":[{"href":"https:\/\/tzila.mx\/dev\/wp-json\/wp\/v2\/product\/16745","targetHints":{"allow":["GET"]}}],"collection":[{"href":"https:\/\/tzila.mx\/dev\/wp-json\/wp\/v2\/product"}],"about":[{"href":"https:\/\/tzila.mx\/dev\/wp-json\/wp\/v2\/types\/product"}],"replies":[{"embeddable":true,"href":"https:\/\/tzila.mx\/dev\/wp-json\/wp\/v2\/comments?post=16745"}],"version-history":[{"count":5,"href":"https:\/\/tzila.mx\/dev\/wp-json\/wp\/v2\/product\/16745\/revisions"}],"predecessor-version":[{"id":16761,"href":"https:\/\/tzila.mx\/dev\/wp-json\/wp\/v2\/product\/16745\/revisions\/16761"}],"wp:featuredmedia":[{"embeddable":true,"href":"https:\/\/tzila.mx\/dev\/wp-json\/wp\/v2\/media\/16746"}],"wp:attachment":[{"href":"https:\/\/tzila.mx\/dev\/wp-json\/wp\/v2\/media?parent=16745"}],"wp:term":[{"taxonomy":"product_cat","embeddable":true,"href":"https:\/\/tzila.mx\/dev\/wp-json\/wp\/v2\/product_cat?post=16745"},{"taxonomy":"product_tag","embeddable":true,"href":"https:\/\/tzila.mx\/dev\/wp-json\/wp\/v2\/product_tag?post=16745"}],"curies":[{"name":"wp","href":"https:\/\/api.w.org\/{rel}","templated":true}]}}