{"id":16731,"date":"2022-06-21T16:22:28","date_gmt":"2022-06-21T21:22:28","guid":{"rendered":"https:\/\/tzila.mx\/dev\/?post_type=product&#038;p=16731"},"modified":"2022-06-29T11:33:26","modified_gmt":"2022-06-29T16:33:26","slug":"teclado-gamer-corsair-k60-pro-led-rojo","status":"publish","type":"product","link":"https:\/\/tzila.mx\/dev\/producto\/teclado-gamer-corsair-k60-pro-led-rojo\/","title":{"rendered":"Teclado Gamer CORSAIR K60 PRO \u2014 LED rojo"},"content":{"rendered":"\t\t<div data-elementor-type=\"wp-post\" data-elementor-id=\"16731\" class=\"elementor elementor-16731\" data-elementor-settings=\"[]\">\n\t\t\t\t\t\t\t<div class=\"elementor-section-wrap\">\n\t\t\t\t\t\t\t<section class=\"elementor-section elementor-top-section elementor-element elementor-element-154fe09 elementor-section-boxed elementor-section-height-default elementor-section-height-default wd-section-disabled\" data-id=\"154fe09\" data-element_type=\"section\">\n\t\t\t\t\t\t<div class=\"elementor-container elementor-column-gap-default\">\n\t\t\t\t\t<div class=\"elementor-column elementor-col-33 elementor-top-column elementor-element elementor-element-f14913d\" data-id=\"f14913d\" data-element_type=\"column\">\n\t\t\t<div class=\"elementor-widget-wrap elementor-element-populated\">\n\t\t\t\t\t\t\t\t<div class=\"elementor-element elementor-element-3d30eaf elementor-widget elementor-widget-wd_text_block\" data-id=\"3d30eaf\" data-element_type=\"widget\" data-widget_type=\"wd_text_block.default\">\n\t\t\t\t<div class=\"elementor-widget-container\">\n\t\t\t\t\t<div class=\"wd-text-block reset-last-child text-left\">\n\t\t\t\n\t\t\t<h5><strong>CARACTER\u00cdSTICAS GENERALE<\/strong><strong>S<\/strong><strong>:<\/strong><\/h5>\n\t\t\t\t\t<\/div>\n\t\t\t\t<\/div>\n\t\t\t\t<\/div>\n\t\t\t\t<div class=\"elementor-element elementor-element-6d44079 elementor-widget elementor-widget-wd_text_block\" data-id=\"6d44079\" data-element_type=\"widget\" data-widget_type=\"wd_text_block.default\">\n\t\t\t\t<div class=\"elementor-widget-container\">\n\t\t\t\t\t<div class=\"wd-text-block reset-last-child text-left\">\n\t\t\t\n\t\t\t<p>\u25cf Modo de bloqueo de tecla de Windows<br \/>\u25cf Detecci\u00f3n simult\u00e1nea de teclas (NKRO) con protecci\u00f3n 100 % contra pulsaciones nulas<br \/>\u25cf C\u00f3modos atajos de teclado<br \/>\u25cf Retroiluminaci\u00f3n LED roja en cada tecla<br \/>\u25cf Fila inferior est\u00e1ndar<\/p><div class=\"wrap\">\u00a0<\/div>\n\t\t\t\t\t<\/div>\n\t\t\t\t<\/div>\n\t\t\t\t<\/div>\n\t\t\t\t\t<\/div>\n\t\t<\/div>\n\t\t\t\t<div class=\"elementor-column elementor-col-66 elementor-top-column elementor-element elementor-element-1a0b71f\" data-id=\"1a0b71f\" data-element_type=\"column\">\n\t\t\t<div class=\"elementor-widget-wrap elementor-element-populated\">\n\t\t\t\t\t\t\t\t<div class=\"elementor-element elementor-element-6f6445b elementor-widget elementor-widget-wd_image_or_svg\" data-id=\"6f6445b\" data-element_type=\"widget\" data-widget_type=\"wd_image_or_svg.default\">\n\t\t\t\t<div class=\"elementor-widget-container\">\n\t\t\t\n\t\t<div class=\"wd-image text-center\">\n\t\t\t\t\t\t\t\t<img decoding=\"async\" src=\"https:\/\/tzila.mx\/dev\/wp-content\/uploads\/elementor\/thumbs\/CH-910D029-SP-DES-3-pqnqh6d6do8ap93fss118y4cll19tsgukm6f9foib0.png\" title=\"CH-910D029-SP-DES-3\" alt=\"CH-910D029-SP-DES-3\" \/>\t\t\t\t\t<\/div>\n\n\t\t\t\t<\/div>\n\t\t\t\t<\/div>\n\t\t\t\t\t<\/div>\n\t\t<\/div>\n\t\t\t\t\t\t\t<\/div>\n\t\t<\/section>\n\t\t\t\t<section class=\"elementor-section elementor-top-section elementor-element elementor-element-f335c48 elementor-section-boxed elementor-section-height-default elementor-section-height-default wd-section-disabled\" data-id=\"f335c48\" data-element_type=\"section\">\n\t\t\t\t\t\t<div class=\"elementor-container elementor-column-gap-default\">\n\t\t\t\t\t<div class=\"elementor-column elementor-col-33 elementor-top-column elementor-element elementor-element-b982906\" data-id=\"b982906\" data-element_type=\"column\">\n\t\t\t<div class=\"elementor-widget-wrap elementor-element-populated\">\n\t\t\t\t\t\t\t\t<div class=\"elementor-element elementor-element-92b92dc elementor-widget elementor-widget-wd_text_block\" data-id=\"92b92dc\" data-element_type=\"widget\" data-widget_type=\"wd_text_block.default\">\n\t\t\t\t<div class=\"elementor-widget-container\">\n\t\t\t\t\t<div class=\"wd-text-block reset-last-child text-left\">\n\t\t\t\n\t\t\t<h4>CONVI\u00c9RTASE EN EL JUGADOR CLAVE<\/h4><p>El teclado mec\u00e1nico para juegos CORSAIR K60 PRO se ha dise\u00f1ado con una estructura de aluminio cepillado duradera e interruptores de teclas CHERRY MV que permiten que reluzca la brillante retroiluminaci\u00f3n LED roja en cada tecla.<\/p>\n\t\t\t\t\t<\/div>\n\t\t\t\t<\/div>\n\t\t\t\t<\/div>\n\t\t\t\t<div class=\"elementor-element elementor-element-ecdf1c9 elementor-widget elementor-widget-wd_text_block\" data-id=\"ecdf1c9\" data-element_type=\"widget\" data-widget_type=\"wd_text_block.default\">\n\t\t\t\t<div class=\"elementor-widget-container\">\n\t\t\t\t\t<div class=\"wd-text-block reset-last-child text-left\">\n\t\t\t\n\t\t\t<h4 class=\"bebas yellow\">BELLEZA Y FUERZA<\/h4>\nCon una estructura de aluminio cepillado con anodizaci\u00f3n en negro que ofrece un aspecto moderno y estiloso, as\u00ed como varios a\u00f1os de durabilidad a prueba de batalla.\n\t\t\t\t\t<\/div>\n\t\t\t\t<\/div>\n\t\t\t\t<\/div>\n\t\t\t\t<div class=\"elementor-element elementor-element-ebe02f5 elementor-widget elementor-widget-wd_image_or_svg\" data-id=\"ebe02f5\" data-element_type=\"widget\" data-widget_type=\"wd_image_or_svg.default\">\n\t\t\t\t<div class=\"elementor-widget-container\">\n\t\t\t\n\t\t<div class=\"wd-image text-left\">\n\t\t\t\t\t\t\t\t<img loading=\"lazy\" decoding=\"async\" width=\"892\" height=\"575\" src=\"https:\/\/tzila.mx\/dev\/wp-content\/uploads\/2022\/06\/CH-910D029-SP-DES-4.png\" class=\"attachment-full size-full\" alt=\"\" srcset=\"https:\/\/tzila.mx\/dev\/wp-content\/uploads\/2022\/06\/CH-910D029-SP-DES-4.png 892w, https:\/\/tzila.mx\/dev\/wp-content\/uploads\/2022\/06\/CH-910D029-SP-DES-4-400x258.png 400w, https:\/\/tzila.mx\/dev\/wp-content\/uploads\/2022\/06\/CH-910D029-SP-DES-4-768x495.png 768w, https:\/\/tzila.mx\/dev\/wp-content\/uploads\/2022\/06\/CH-910D029-SP-DES-4-860x554.png 860w, https:\/\/tzila.mx\/dev\/wp-content\/uploads\/2022\/06\/CH-910D029-SP-DES-4-430x277.png 430w, https:\/\/tzila.mx\/dev\/wp-content\/uploads\/2022\/06\/CH-910D029-SP-DES-4-700x451.png 700w, https:\/\/tzila.mx\/dev\/wp-content\/uploads\/2022\/06\/CH-910D029-SP-DES-4-150x97.png 150w\" sizes=\"auto, (max-width: 892px) 100vw, 892px\" \/>\t\t\t\t\t<\/div>\n\n\t\t\t\t<\/div>\n\t\t\t\t<\/div>\n\t\t\t\t<div class=\"elementor-element elementor-element-e6f8cd6 elementor-widget elementor-widget-wd_text_block\" data-id=\"e6f8cd6\" data-element_type=\"widget\" data-widget_type=\"wd_text_block.default\">\n\t\t\t\t<div class=\"elementor-widget-container\">\n\t\t\t\t\t<div class=\"wd-text-block reset-last-child text-left\">\n\t\t\t\n\t\t\t\n<h4>Fila inferior est\u00e1ndar<\/h4>\nDise\u00f1o estandarizado para personalizar las teclas.\n\t\t\t\t\t<\/div>\n\t\t\t\t<\/div>\n\t\t\t\t<\/div>\n\t\t\t\t\t<\/div>\n\t\t<\/div>\n\t\t\t\t<div class=\"elementor-column elementor-col-33 elementor-top-column elementor-element elementor-element-efcf9f4\" data-id=\"efcf9f4\" data-element_type=\"column\">\n\t\t\t<div class=\"elementor-widget-wrap elementor-element-populated\">\n\t\t\t\t\t\t\t\t<div class=\"elementor-element elementor-element-85b7266 elementor-widget elementor-widget-wd_text_block\" data-id=\"85b7266\" data-element_type=\"widget\" data-widget_type=\"wd_text_block.default\">\n\t\t\t\t<div class=\"elementor-widget-container\">\n\t\t\t\t\t<div class=\"wd-text-block reset-last-child text-left\">\n\t\t\t\n\t\t\t<h4 class=\"bebas yellow\">NO LO HAY M\u00c1S BRILLANTE<\/h4><p>Difer\u00e9nciese del resto con CHERRY MV. Su dise\u00f1o transparente favorece la difusi\u00f3n de la luz, permitiendo ver toda la luminosidad de la iluminaci\u00f3n CORSAIR iCUE RGB.<\/p><p>Los interruptores de teclas CHERRY MV incluyen ocho gu\u00edas para que las pulsaciones sean estables. La suave activaci\u00f3n lineal cruzada y el r\u00e1pido restablecimiento ofrecen precisi\u00f3n, rendimiento y comodidad al jugar.<\/p>\n\t\t\t\t\t<\/div>\n\t\t\t\t<\/div>\n\t\t\t\t<\/div>\n\t\t\t\t<div class=\"elementor-element elementor-element-bbd8d0c elementor-widget elementor-widget-wd_image_or_svg\" data-id=\"bbd8d0c\" data-element_type=\"widget\" data-widget_type=\"wd_image_or_svg.default\">\n\t\t\t\t<div class=\"elementor-widget-container\">\n\t\t\t\n\t\t<div class=\"wd-image text-left\">\n\t\t\t\t\t\t\t\t<img loading=\"lazy\" decoding=\"async\" width=\"911\" height=\"519\" src=\"https:\/\/tzila.mx\/dev\/wp-content\/uploads\/2022\/06\/CH-910D029-SP-DES-2.png\" class=\"attachment-full size-full\" alt=\"\" srcset=\"https:\/\/tzila.mx\/dev\/wp-content\/uploads\/2022\/06\/CH-910D029-SP-DES-2.png 911w, https:\/\/tzila.mx\/dev\/wp-content\/uploads\/2022\/06\/CH-910D029-SP-DES-2-400x228.png 400w, https:\/\/tzila.mx\/dev\/wp-content\/uploads\/2022\/06\/CH-910D029-SP-DES-2-768x438.png 768w, https:\/\/tzila.mx\/dev\/wp-content\/uploads\/2022\/06\/CH-910D029-SP-DES-2-860x490.png 860w, https:\/\/tzila.mx\/dev\/wp-content\/uploads\/2022\/06\/CH-910D029-SP-DES-2-430x245.png 430w, https:\/\/tzila.mx\/dev\/wp-content\/uploads\/2022\/06\/CH-910D029-SP-DES-2-700x399.png 700w, https:\/\/tzila.mx\/dev\/wp-content\/uploads\/2022\/06\/CH-910D029-SP-DES-2-150x85.png 150w\" sizes=\"auto, (max-width: 911px) 100vw, 911px\" \/>\t\t\t\t\t<\/div>\n\n\t\t\t\t<\/div>\n\t\t\t\t<\/div>\n\t\t\t\t<div class=\"elementor-element elementor-element-caaf037 elementor-widget elementor-widget-wd_text_block\" data-id=\"caaf037\" data-element_type=\"widget\" data-widget_type=\"wd_text_block.default\">\n\t\t\t\t<div class=\"elementor-widget-container\">\n\t\t\t\t\t<div class=\"wd-text-block reset-last-child text-left\">\n\t\t\t\n\t\t\t<h4>Detecci\u00f3n simult\u00e1nea de teclas (NKRO) con protecci\u00f3n 100\u00a0% contra pulsaciones nulas<\/h4>\nNo importa lo r\u00e1pidas que sean sus acciones durante el juego, cada pulsaci\u00f3n de tecla se registra correctamente.\n\n\t\t\t\t\t<\/div>\n\t\t\t\t<\/div>\n\t\t\t\t<\/div>\n\t\t\t\t\t<\/div>\n\t\t<\/div>\n\t\t\t\t<div class=\"elementor-column elementor-col-33 elementor-top-column elementor-element elementor-element-dffdc91\" data-id=\"dffdc91\" data-element_type=\"column\">\n\t\t\t<div class=\"elementor-widget-wrap elementor-element-populated\">\n\t\t\t\t\t\t\t\t<div class=\"elementor-element elementor-element-f4bb4cf elementor-widget elementor-widget-wd_text_block\" data-id=\"f4bb4cf\" data-element_type=\"widget\" data-widget_type=\"wd_text_block.default\">\n\t\t\t\t<div class=\"elementor-widget-container\">\n\t\t\t\t\t<div class=\"wd-text-block reset-last-child text-left\">\n\t\t\t\n\t\t\t<div class=\"text\"><div class=\"wrap\"><h4>C\u00f3modos atajos de teclado<\/h4><p>Controle la reproducci\u00f3n multimedia, el volumen y la iluminaci\u00f3n integrada sobre la marcha.<\/p><\/div><\/div>\n\t\t\t\t\t<\/div>\n\t\t\t\t<\/div>\n\t\t\t\t<\/div>\n\t\t\t\t<div class=\"elementor-element elementor-element-baaf510 elementor-widget elementor-widget-wd_image_or_svg\" data-id=\"baaf510\" data-element_type=\"widget\" data-widget_type=\"wd_image_or_svg.default\">\n\t\t\t\t<div class=\"elementor-widget-container\">\n\t\t\t\n\t\t<div class=\"wd-image text-left\">\n\t\t\t\t\t\t\t\t<img loading=\"lazy\" decoding=\"async\" width=\"1920\" height=\"1080\" src=\"https:\/\/tzila.mx\/dev\/wp-content\/uploads\/2022\/06\/CH-910D029-SP-DES-1.jpg\" class=\"attachment-full size-full\" alt=\"\" srcset=\"https:\/\/tzila.mx\/dev\/wp-content\/uploads\/2022\/06\/CH-910D029-SP-DES-1.jpg 1920w, https:\/\/tzila.mx\/dev\/wp-content\/uploads\/2022\/06\/CH-910D029-SP-DES-1-400x225.jpg 400w, https:\/\/tzila.mx\/dev\/wp-content\/uploads\/2022\/06\/CH-910D029-SP-DES-1-1300x731.jpg 1300w, https:\/\/tzila.mx\/dev\/wp-content\/uploads\/2022\/06\/CH-910D029-SP-DES-1-768x432.jpg 768w, https:\/\/tzila.mx\/dev\/wp-content\/uploads\/2022\/06\/CH-910D029-SP-DES-1-1536x864.jpg 1536w, https:\/\/tzila.mx\/dev\/wp-content\/uploads\/2022\/06\/CH-910D029-SP-DES-1-860x484.jpg 860w, https:\/\/tzila.mx\/dev\/wp-content\/uploads\/2022\/06\/CH-910D029-SP-DES-1-1320x743.jpg 1320w, https:\/\/tzila.mx\/dev\/wp-content\/uploads\/2022\/06\/CH-910D029-SP-DES-1-430x242.jpg 430w, https:\/\/tzila.mx\/dev\/wp-content\/uploads\/2022\/06\/CH-910D029-SP-DES-1-700x394.jpg 700w, https:\/\/tzila.mx\/dev\/wp-content\/uploads\/2022\/06\/CH-910D029-SP-DES-1-150x84.jpg 150w\" sizes=\"auto, (max-width: 1920px) 100vw, 1920px\" \/>\t\t\t\t\t<\/div>\n\n\t\t\t\t<\/div>\n\t\t\t\t<\/div>\n\t\t\t\t<div class=\"elementor-element elementor-element-7072623 elementor-widget elementor-widget-wd_text_block\" data-id=\"7072623\" data-element_type=\"widget\" data-widget_type=\"wd_text_block.default\">\n\t\t\t\t<div class=\"elementor-widget-container\">\n\t\t\t\t\t<div class=\"wd-text-block reset-last-child text-left\">\n\t\t\t\n\t\t\t<h4>Retroiluminaci\u00f3n LED roja en cada tecla<\/h4>\nIlumine su escritorio con una retroiluminaci\u00f3n brillante realzada gracias a las teclas con ne\u00f3n amplificado.\n\t\t\t\t\t<\/div>\n\t\t\t\t<\/div>\n\t\t\t\t<\/div>\n\t\t\t\t<div class=\"elementor-element elementor-element-a119555 elementor-widget elementor-widget-wd_text_block\" data-id=\"a119555\" data-element_type=\"widget\" data-widget_type=\"wd_text_block.default\">\n\t\t\t\t<div class=\"elementor-widget-container\">\n\t\t\t\t\t<div class=\"wd-text-block reset-last-child text-left\">\n\t\t\t\n\t\t\t<h4>Modo de bloqueo de tecla de Windows<\/h4>\nGarantiza que el juego nunca se ver\u00e1 interrumpido de forma accidental en los momentos m\u00e1s cr\u00edticos.\n\t\t\t\t\t<\/div>\n\t\t\t\t<\/div>\n\t\t\t\t<\/div>\n\t\t\t\t<div class=\"elementor-element elementor-element-aa5899a elementor-widget elementor-widget-wd_button\" data-id=\"aa5899a\" data-element_type=\"widget\" data-widget_type=\"wd_button.default\">\n\t\t\t\t<div class=\"elementor-widget-container\">\n\t\t\t\t\t<div class=\"wd-button-wrapper text-center\" >\n\t\t\t<a class=\"btn btn-style-link btn-shape- btn-size-default btn-scheme-light btn-scheme-hover-dark btn-icon-pos-right\"  href=\"https:\/\/www.corsair.com\/ww\/es\/Categor%C3%ADas\/Productos\/CORSAIR-iCUE\/Teclados-para-juegos\/K60-PRO\/p\/CH-910D029-TH#tab-overview\" target=\"_blank\">\n\t\t\t\t<span class=\"wd-btn-text\" data-elementor-setting-key=\"text\">\n\t\t\t\t\tSABER M\u00c1S\t\t\t\t<\/span>\n\n\t\t\t\t\t\t\t<\/a>\n\t\t<\/div>\n\t\t\t\t<\/div>\n\t\t\t\t<\/div>\n\t\t\t\t\t<\/div>\n\t\t<\/div>\n\t\t\t\t\t\t\t<\/div>\n\t\t<\/section>\n\t\t\t\t\t\t<\/div>\n\t\t\t\t\t<\/div>\n\t\t","protected":false},"excerpt":{"rendered":"<h4>Caracter\u00edsticas principales:<\/h4>\n<p>\u25cf Al\u00e1mbrico USB 2.0 Type-A<br \/>\n\u25cf Teclado mec\u00e1nico<br \/>\n\u25cf Interruptores 100 % CHERRY MV<br \/>\n<span class=\"s1\">\u25cf Estructura de aluminio cepillado<\/span><br \/>\n<span class=\"s1\">\u25cf B<\/span>rillante retroiluminaci\u00f3n LED roja<\/p>\n","protected":false},"featured_media":16735,"comment_status":"open","ping_status":"closed","template":"","meta":[],"product_cat":[28,84,103],"product_tag":[251],"class_list":["post-16731","product","type-product","status-publish","has-post-thumbnail","hentry","product_cat-setup","product_cat-teclado-gamer","product_cat-corsair","product_tag-corsair","pa_brand-corsair"],"_links":{"self":[{"href":"https:\/\/tzila.mx\/dev\/wp-json\/wp\/v2\/product\/16731","targetHints":{"allow":["GET"]}}],"collection":[{"href":"https:\/\/tzila.mx\/dev\/wp-json\/wp\/v2\/product"}],"about":[{"href":"https:\/\/tzila.mx\/dev\/wp-json\/wp\/v2\/types\/product"}],"replies":[{"embeddable":true,"href":"https:\/\/tzila.mx\/dev\/wp-json\/wp\/v2\/comments?post=16731"}],"version-history":[{"count":5,"href":"https:\/\/tzila.mx\/dev\/wp-json\/wp\/v2\/product\/16731\/revisions"}],"predecessor-version":[{"id":16744,"href":"https:\/\/tzila.mx\/dev\/wp-json\/wp\/v2\/product\/16731\/revisions\/16744"}],"wp:featuredmedia":[{"embeddable":true,"href":"https:\/\/tzila.mx\/dev\/wp-json\/wp\/v2\/media\/16735"}],"wp:attachment":[{"href":"https:\/\/tzila.mx\/dev\/wp-json\/wp\/v2\/media?parent=16731"}],"wp:term":[{"taxonomy":"product_cat","embeddable":true,"href":"https:\/\/tzila.mx\/dev\/wp-json\/wp\/v2\/product_cat?post=16731"},{"taxonomy":"product_tag","embeddable":true,"href":"https:\/\/tzila.mx\/dev\/wp-json\/wp\/v2\/product_tag?post=16731"}],"curies":[{"name":"wp","href":"https:\/\/api.w.org\/{rel}","templated":true}]}}