{"id":16711,"date":"2022-06-21T15:32:49","date_gmt":"2022-06-21T20:32:49","guid":{"rendered":"https:\/\/tzila.mx\/dev\/?post_type=product&#038;p=16711"},"modified":"2022-06-29T11:33:32","modified_gmt":"2022-06-29T16:33:32","slug":"mouse-gamer-corsair-katar-pro-wireless","status":"publish","type":"product","link":"https:\/\/tzila.mx\/dev\/producto\/mouse-gamer-corsair-katar-pro-wireless\/","title":{"rendered":"Mouse Gamer CORSAIR KATAR PRO Wireless"},"content":{"rendered":"\t\t<div data-elementor-type=\"wp-post\" data-elementor-id=\"16711\" class=\"elementor elementor-16711\" data-elementor-settings=\"[]\">\n\t\t\t\t\t\t\t<div class=\"elementor-section-wrap\">\n\t\t\t\t\t\t\t<section class=\"elementor-section elementor-top-section elementor-element elementor-element-a77d38a elementor-section-boxed elementor-section-height-default elementor-section-height-default wd-section-disabled\" data-id=\"a77d38a\" data-element_type=\"section\">\n\t\t\t\t\t\t<div class=\"elementor-container elementor-column-gap-default\">\n\t\t\t\t\t<div class=\"elementor-column elementor-col-33 elementor-top-column elementor-element elementor-element-606b0e0\" data-id=\"606b0e0\" data-element_type=\"column\">\n\t\t\t<div class=\"elementor-widget-wrap elementor-element-populated\">\n\t\t\t\t\t\t\t\t<div class=\"elementor-element elementor-element-2efa55d elementor-widget elementor-widget-wd_text_block\" data-id=\"2efa55d\" data-element_type=\"widget\" data-widget_type=\"wd_text_block.default\">\n\t\t\t\t<div class=\"elementor-widget-container\">\n\t\t\t\t\t<div class=\"wd-text-block reset-last-child text-left\">\n\t\t\t\n\t\t\t<h5><strong>M\u00c1S ESPECIFICACIONES<\/strong><strong>:<\/strong><\/h5>\n\t\t\t\t\t<\/div>\n\t\t\t\t<\/div>\n\t\t\t\t<\/div>\n\t\t\t\t<div class=\"elementor-element elementor-element-00b20a9 elementor-widget elementor-widget-wd_text_block\" data-id=\"00b20a9\" data-element_type=\"widget\" data-widget_type=\"wd_text_block.default\">\n\t\t\t\t<div class=\"elementor-widget-container\">\n\t\t\t\t\t<div class=\"wd-text-block reset-last-child text-left\">\n\t\t\t\n\t\t\t<p>\u25cf Sin cables<br \/>\u25cf Ligero e incre\u00edblemente \u00e1gil<br \/>\u25cf Seis botones completamente programables<br \/>\u25cf Cambie de ppp sobre la marcha<br \/>\u25cf Modo de gesti\u00f3n del rendimiento<br \/>\u25cf Almacenamiento de perfiles integrado<br \/>\u25cf Sensor \u00f3ptico de 10.000 ppp<br \/>\u25cf Con\u00e9ctelo y empiece a jugar<\/p>\n\t\t\t\t\t<\/div>\n\t\t\t\t<\/div>\n\t\t\t\t<\/div>\n\t\t\t\t\t<\/div>\n\t\t<\/div>\n\t\t\t\t<div class=\"elementor-column elementor-col-66 elementor-top-column elementor-element elementor-element-b692253\" data-id=\"b692253\" data-element_type=\"column\">\n\t\t\t<div class=\"elementor-widget-wrap elementor-element-populated\">\n\t\t\t\t\t\t\t\t<div class=\"elementor-element elementor-element-0fefcf7 elementor-widget elementor-widget-wd_image_or_svg\" data-id=\"0fefcf7\" data-element_type=\"widget\" data-widget_type=\"wd_image_or_svg.default\">\n\t\t\t\t<div class=\"elementor-widget-container\">\n\t\t\t\n\t\t<div class=\"wd-image text-center\">\n\t\t\t\t\t\t\t\t<img decoding=\"async\" src=\"https:\/\/tzila.mx\/dev\/wp-content\/uploads\/elementor\/thumbs\/CH-931C011-NA-DES-1-pqnoic91c597m6sc4u4ga6vsv2n7d6nppymrnur3i8.png\" title=\"CH-931C011-NA-DES-1\" alt=\"CH-931C011-NA-DES-1\" \/>\t\t\t\t\t<\/div>\n\n\t\t\t\t<\/div>\n\t\t\t\t<\/div>\n\t\t\t\t\t<\/div>\n\t\t<\/div>\n\t\t\t\t\t\t\t<\/div>\n\t\t<\/section>\n\t\t\t\t<section class=\"elementor-section elementor-top-section elementor-element elementor-element-ec9e38a elementor-section-boxed elementor-section-height-default elementor-section-height-default wd-section-disabled\" data-id=\"ec9e38a\" data-element_type=\"section\">\n\t\t\t\t\t\t<div class=\"elementor-container elementor-column-gap-default\">\n\t\t\t\t\t<div class=\"elementor-column elementor-col-33 elementor-top-column elementor-element elementor-element-c833c6a\" data-id=\"c833c6a\" data-element_type=\"column\">\n\t\t\t<div class=\"elementor-widget-wrap elementor-element-populated\">\n\t\t\t\t\t\t\t\t<div class=\"elementor-element elementor-element-6ae12e9 elementor-widget elementor-widget-wd_text_block\" data-id=\"6ae12e9\" data-element_type=\"widget\" data-widget_type=\"wd_text_block.default\">\n\t\t\t\t<div class=\"elementor-widget-container\">\n\t\t\t\t\t<div class=\"wd-text-block reset-last-child text-left\">\n\t\t\t\n\t\t\t<div class=\"text\"><h4>DISE\u00d1O LIGERO<\/h4><p>Disfrute del dise\u00f1o ligero y del rendimiento de un peso pesado del rat\u00f3n para juegos CORSAIR KATAR PRO WIRELESS, que se conecta mediante la rapid\u00edsima tecnolog\u00eda SLIPSTREAM WIRELESS o Bluetooth de baja latencia. Solo pesa 96 g. Su forma sim\u00e9trica compacta es perfecta para cualquier estilo de agarre (con la punta de los dedos o con los dedos).<\/p><\/div>\n\t\t\t\t\t<\/div>\n\t\t\t\t<\/div>\n\t\t\t\t<\/div>\n\t\t\t\t<div class=\"elementor-element elementor-element-696e1a7 elementor-widget elementor-widget-wd_image_or_svg\" data-id=\"696e1a7\" data-element_type=\"widget\" data-widget_type=\"wd_image_or_svg.default\">\n\t\t\t\t<div class=\"elementor-widget-container\">\n\t\t\t\n\t\t<div class=\"wd-image text-center\">\n\t\t\t\t\t\t\t\t<img loading=\"lazy\" decoding=\"async\" width=\"586\" height=\"372\" src=\"https:\/\/tzila.mx\/dev\/wp-content\/uploads\/2022\/06\/CH-931C011-NA-DES-4.png\" class=\"attachment-full size-full\" alt=\"\" srcset=\"https:\/\/tzila.mx\/dev\/wp-content\/uploads\/2022\/06\/CH-931C011-NA-DES-4.png 586w, https:\/\/tzila.mx\/dev\/wp-content\/uploads\/2022\/06\/CH-931C011-NA-DES-4-400x254.png 400w, https:\/\/tzila.mx\/dev\/wp-content\/uploads\/2022\/06\/CH-931C011-NA-DES-4-430x273.png 430w, https:\/\/tzila.mx\/dev\/wp-content\/uploads\/2022\/06\/CH-931C011-NA-DES-4-150x95.png 150w\" sizes=\"auto, (max-width: 586px) 100vw, 586px\" \/>\t\t\t\t\t<\/div>\n\n\t\t\t\t<\/div>\n\t\t\t\t<\/div>\n\t\t\t\t\t<\/div>\n\t\t<\/div>\n\t\t\t\t<div class=\"elementor-column elementor-col-33 elementor-top-column elementor-element elementor-element-e7b3bda\" data-id=\"e7b3bda\" data-element_type=\"column\">\n\t\t\t<div class=\"elementor-widget-wrap elementor-element-populated\">\n\t\t\t\t\t\t\t\t<div class=\"elementor-element elementor-element-252ec94 elementor-widget elementor-widget-wd_text_block\" data-id=\"252ec94\" data-element_type=\"widget\" data-widget_type=\"wd_text_block.default\">\n\t\t\t\t<div class=\"elementor-widget-container\">\n\t\t\t\t\t<div class=\"wd-text-block reset-last-child text-left\">\n\t\t\t\n\t\t\t<section id=\"m5-3\" class=\"count\"><div class=\"text\"><h4 class=\"bebas\">SIN CABLES<\/h4><p>Juegue con la tecnolog\u00eda ultrarr\u00e1pida SLIPSTREAM CORSAIR WIRELESS inferior a 1\u00a0ms, o con\u00e9ctalo a una amplia variedad de dispositivos con Bluetooth de baja latencia con una sola pila AA.<\/p><\/div><\/section>\n\t\t\t\t\t<\/div>\n\t\t\t\t<\/div>\n\t\t\t\t<\/div>\n\t\t\t\t<div class=\"elementor-element elementor-element-8604524 elementor-widget elementor-widget-wd_image_or_svg\" data-id=\"8604524\" data-element_type=\"widget\" data-widget_type=\"wd_image_or_svg.default\">\n\t\t\t\t<div class=\"elementor-widget-container\">\n\t\t\t\n\t\t<div class=\"wd-image text-center\">\n\t\t\t\t\t\t\t\t<img loading=\"lazy\" decoding=\"async\" width=\"592\" height=\"388\" src=\"https:\/\/tzila.mx\/dev\/wp-content\/uploads\/2022\/06\/CH-931C011-NA-DES-3.png\" class=\"attachment-full size-full\" alt=\"\" srcset=\"https:\/\/tzila.mx\/dev\/wp-content\/uploads\/2022\/06\/CH-931C011-NA-DES-3.png 592w, https:\/\/tzila.mx\/dev\/wp-content\/uploads\/2022\/06\/CH-931C011-NA-DES-3-400x262.png 400w, https:\/\/tzila.mx\/dev\/wp-content\/uploads\/2022\/06\/CH-931C011-NA-DES-3-430x282.png 430w, https:\/\/tzila.mx\/dev\/wp-content\/uploads\/2022\/06\/CH-931C011-NA-DES-3-150x98.png 150w\" sizes=\"auto, (max-width: 592px) 100vw, 592px\" \/>\t\t\t\t\t<\/div>\n\n\t\t\t\t<\/div>\n\t\t\t\t<\/div>\n\t\t\t\t<div class=\"elementor-element elementor-element-6015f3a elementor-widget elementor-widget-wd_text_block\" data-id=\"6015f3a\" data-element_type=\"widget\" data-widget_type=\"wd_text_block.default\">\n\t\t\t\t<div class=\"elementor-widget-container\">\n\t\t\t\t\t<div class=\"wd-text-block reset-last-child text-left\">\n\t\t\t\n\t\t\t<div class=\"text\"><div class=\"wrapper\"><div class=\"col-half offset-half\"><div class=\"col-half top\"><h4 class=\"bebas\">Ligero e incre\u00edblemente \u00e1gil<\/h4><p>El KATAR PRO WIRELESS, con solo 96\u00a0g de peso, es perfecto para que el usuario pueda pasar varias horas jugando a FPS o MOBA trepidantes. La forma sim\u00e9trica y compacta hace que sea estupendo para quienes agarran el rat\u00f3n con la punta de los dedos o con todo el dedo.<\/p><\/div><\/div><\/div><\/div>\n\t\t\t\t\t<\/div>\n\t\t\t\t<\/div>\n\t\t\t\t<\/div>\n\t\t\t\t\t<\/div>\n\t\t<\/div>\n\t\t\t\t<div class=\"elementor-column elementor-col-33 elementor-top-column elementor-element elementor-element-ba9b9c1\" data-id=\"ba9b9c1\" data-element_type=\"column\">\n\t\t\t<div class=\"elementor-widget-wrap elementor-element-populated\">\n\t\t\t\t\t\t\t\t<div class=\"elementor-element elementor-element-b147ff0 elementor-widget elementor-widget-wd_text_block\" data-id=\"b147ff0\" data-element_type=\"widget\" data-widget_type=\"wd_text_block.default\">\n\t\t\t\t<div class=\"elementor-widget-container\">\n\t\t\t\t\t<div class=\"wd-text-block reset-last-child text-left\">\n\t\t\t\n\t\t\t<h4 class=\"header font-header-body\">JUEGUE A SU MANERA<\/h4><div class=\"text\"><div class=\"wrap\"><div class=\"text\"><div class=\"wrap\"><p>Seis botones completamente programables<br \/>Consiga ventaja en el juego gracias a la reasignaci\u00f3n de botones y a macros personalizadas.<\/p><div class=\"text\"><div class=\"wrap\"><p>Cambie de ppp sobre la marcha<br \/>Cambie entre los tres ajustes predeterminados de ppp sin tener que interrumpir el juego.<\/p><div class=\"text\"><div class=\"wrap\"><p>Modo de gesti\u00f3n del rendimiento<br \/>Encuentre el equilibrio entre el modo de rendimiento y de potencia para sacar el mayor partido a la bater\u00eda, con temporizadores de suspensi\u00f3n incluidos.<\/p><div class=\"text\"><div class=\"wrap\"><p>Almacenamiento de perfiles integrado<br \/>Guarde su perfil de macros e iluminaci\u00f3n preferido para llevarlo a cualquier sitio*<br \/>*Solo los ajustes, la reasignaci\u00f3n de teclas y las macros no.<\/p><div class=\"text\"><div class=\"wrap\"><p>Sensor \u00f3ptico de 10.000 ppp<br \/>El sensor PMW3325 de PixArt ofrece la precisi\u00f3n y el seguimiento de alta precisi\u00f3n necesarios para ganar.<\/p><div class=\"text\"><div class=\"wrap\"><p>Con\u00e9ctelo y empiece a jugar<br \/>Podr\u00e1 jugar nada m\u00e1s sacarlo de la caja. Solo tiene que conectarlo a un puerto USB y empezar a derribar oponentes.<\/p><\/div><\/div><\/div><\/div><\/div><\/div><\/div><\/div><\/div><\/div><\/div><\/div><\/div><\/div>\n\t\t\t\t\t<\/div>\n\t\t\t\t<\/div>\n\t\t\t\t<\/div>\n\t\t\t\t<div class=\"elementor-element elementor-element-078b475 elementor-widget elementor-widget-wd_button\" data-id=\"078b475\" data-element_type=\"widget\" data-widget_type=\"wd_button.default\">\n\t\t\t\t<div class=\"elementor-widget-container\">\n\t\t\t\t\t<div class=\"wd-button-wrapper text-center\" >\n\t\t\t<a class=\"btn btn-style-link btn-shape- btn-size-large btn-scheme-light btn-scheme-hover-dark btn-icon-pos-right\"  href=\"https:\/\/www.corsair.com\/lm\/es\/Categor%C3%ADas\/Productos\/Ratones-para-juegos\/Wireless-Gaming-Mice\/KATAR-PRO-Wireless-Gaming-Mouse\/p\/CH-931C011-NA#tab-overview\" target=\"_blank\">\n\t\t\t\t<span class=\"wd-btn-text\" data-elementor-setting-key=\"text\">\n\t\t\t\t\tSaber m\u00e1s\t\t\t\t<\/span>\n\n\t\t\t\t\t\t\t<\/a>\n\t\t<\/div>\n\t\t\t\t<\/div>\n\t\t\t\t<\/div>\n\t\t\t\t\t<\/div>\n\t\t<\/div>\n\t\t\t\t\t\t\t<\/div>\n\t\t<\/section>\n\t\t\t\t\t\t<\/div>\n\t\t\t\t\t<\/div>\n\t\t","protected":false},"excerpt":{"rendered":"<h4>Caracter\u00edsticas principales:<\/h4>\n<p class=\"p1\"><span class=\"s1\">\u25cf Inal\u00e1mbrico 2.4GHz SLIPSTREAM<\/span><br \/>\n<span class=\"s1\">\u25cf<span class=\"s2\"> Seis botones programables <\/span><\/span><br \/>\n<span class=\"s1\">\u25cf Resoluci\u00f3n 10,000<\/span><span class=\"ItemNumber\">\u00a0dpi<\/span><br \/>\n<span class=\"s1\">\u25cf 1<\/span>\u00a0Zone RGB<br \/>\n<span class=\"s1\">\u25cf <\/span>CUE Software Supported<br \/>\n<span class=\"s1\">\u25cf<\/span><span class=\"s2\"> Dise\u00f1o ligero, forma sim\u00e9trica compacta<\/span><\/p>\n","protected":false},"featured_media":16712,"comment_status":"open","ping_status":"closed","template":"","meta":[],"product_cat":[28,81,103],"product_tag":[251],"class_list":["post-16711","product","type-product","status-publish","has-post-thumbnail","hentry","product_cat-setup","product_cat-mouse-gamer","product_cat-corsair","product_tag-corsair","pa_brand-corsair"],"_links":{"self":[{"href":"https:\/\/tzila.mx\/dev\/wp-json\/wp\/v2\/product\/16711","targetHints":{"allow":["GET"]}}],"collection":[{"href":"https:\/\/tzila.mx\/dev\/wp-json\/wp\/v2\/product"}],"about":[{"href":"https:\/\/tzila.mx\/dev\/wp-json\/wp\/v2\/types\/product"}],"replies":[{"embeddable":true,"href":"https:\/\/tzila.mx\/dev\/wp-json\/wp\/v2\/comments?post=16711"}],"version-history":[{"count":4,"href":"https:\/\/tzila.mx\/dev\/wp-json\/wp\/v2\/product\/16711\/revisions"}],"predecessor-version":[{"id":16725,"href":"https:\/\/tzila.mx\/dev\/wp-json\/wp\/v2\/product\/16711\/revisions\/16725"}],"wp:featuredmedia":[{"embeddable":true,"href":"https:\/\/tzila.mx\/dev\/wp-json\/wp\/v2\/media\/16712"}],"wp:attachment":[{"href":"https:\/\/tzila.mx\/dev\/wp-json\/wp\/v2\/media?parent=16711"}],"wp:term":[{"taxonomy":"product_cat","embeddable":true,"href":"https:\/\/tzila.mx\/dev\/wp-json\/wp\/v2\/product_cat?post=16711"},{"taxonomy":"product_tag","embeddable":true,"href":"https:\/\/tzila.mx\/dev\/wp-json\/wp\/v2\/product_tag?post=16711"}],"curies":[{"name":"wp","href":"https:\/\/api.w.org\/{rel}","templated":true}]}}