{"id":16693,"date":"2022-06-21T14:54:27","date_gmt":"2022-06-21T19:54:27","guid":{"rendered":"https:\/\/tzila.mx\/dev\/?post_type=product&#038;p=16693"},"modified":"2022-06-29T11:33:36","modified_gmt":"2022-06-29T16:33:36","slug":"enfriamiento-liquido-corsair-icue-h115i-elite-capellix","status":"publish","type":"product","link":"https:\/\/tzila.mx\/dev\/producto\/enfriamiento-liquido-corsair-icue-h115i-elite-capellix\/","title":{"rendered":"Enfriamiento L\u00edquido CORSAIR iCUE H115i ELITE CAPELLIX"},"content":{"rendered":"\t\t<div data-elementor-type=\"wp-post\" data-elementor-id=\"16693\" class=\"elementor elementor-16693\" data-elementor-settings=\"[]\">\n\t\t\t\t\t\t\t<div class=\"elementor-section-wrap\">\n\t\t\t\t\t\t\t<section class=\"elementor-section elementor-top-section elementor-element elementor-element-73f86f1 elementor-section-boxed elementor-section-height-default elementor-section-height-default wd-section-disabled\" data-id=\"73f86f1\" data-element_type=\"section\">\n\t\t\t\t\t\t<div class=\"elementor-container elementor-column-gap-default\">\n\t\t\t\t\t<div class=\"elementor-column elementor-col-33 elementor-top-column elementor-element elementor-element-a97a0da\" data-id=\"a97a0da\" data-element_type=\"column\">\n\t\t\t<div class=\"elementor-widget-wrap elementor-element-populated\">\n\t\t\t\t\t\t\t\t<div class=\"elementor-element elementor-element-ee15466 elementor-widget elementor-widget-wd_text_block\" data-id=\"ee15466\" data-element_type=\"widget\" data-widget_type=\"wd_text_block.default\">\n\t\t\t\t<div class=\"elementor-widget-container\">\n\t\t\t\t\t<div class=\"wd-text-block reset-last-child text-left\">\n\t\t\t\n\t\t\t<h5><strong>M\u00c1S ESPECIFICACIONES<\/strong><strong>:<\/strong><\/h5>\n\t\t\t\t\t<\/div>\n\t\t\t\t<\/div>\n\t\t\t\t<\/div>\n\t\t\t\t<div class=\"elementor-element elementor-element-060aac8 elementor-widget elementor-widget-wd_text_block\" data-id=\"060aac8\" data-element_type=\"widget\" data-widget_type=\"wd_text_block.default\">\n\t\t\t\t<div class=\"elementor-widget-container\">\n\t\t\t\t\t<div class=\"wd-text-block reset-last-child text-left\">\n\t\t\t\n\t\t\t<p>\u25cf Cabezal de bombeo rgb de alto rendimiento<br \/>\u25cf Placa fr\u00eda de cobre de flujo dividido<br \/>\u25cf Bomba centr\u00edfuga silenciosa<br \/>\u25cf Actualice el aspecto<br \/>\u25cf Convierta cualquier chasis en un chasis inteligente<br \/>\u25cf El potente software corsair icue\u00a0<br \/>\u25cf Ventiladores rgb de levitaci\u00f3n magn\u00e9tica<br \/>\u25cf Modo zero rpm<br \/>\u25cf Disponible en tres tama\u00f1os y niveles de rendimiento<br \/>\u25cf F\u00e1cil instalaci\u00f3n<\/p>\n\t\t\t\t\t<\/div>\n\t\t\t\t<\/div>\n\t\t\t\t<\/div>\n\t\t\t\t\t<\/div>\n\t\t<\/div>\n\t\t\t\t<div class=\"elementor-column elementor-col-66 elementor-top-column elementor-element elementor-element-58ccbf6\" data-id=\"58ccbf6\" data-element_type=\"column\">\n\t\t\t<div class=\"elementor-widget-wrap elementor-element-populated\">\n\t\t\t\t\t\t\t\t<div class=\"elementor-element elementor-element-8fc16ba elementor-widget elementor-widget-wd_image_or_svg\" data-id=\"8fc16ba\" data-element_type=\"widget\" data-widget_type=\"wd_image_or_svg.default\">\n\t\t\t\t<div class=\"elementor-widget-container\">\n\t\t\t\n\t\t<div class=\"wd-image text-center\">\n\t\t\t\t\t\t\t\t<img decoding=\"async\" src=\"https:\/\/tzila.mx\/dev\/wp-content\/uploads\/elementor\/thumbs\/CW-9060047-WW-DES-1-pqnmnv3xzy9cnyjslxa1i3j8k7tydkcgozbwf99x9o.png\" title=\"CW-9060047-WW-DES-1\" alt=\"CW-9060047-WW-DES-1\" \/>\t\t\t\t\t<\/div>\n\n\t\t\t\t<\/div>\n\t\t\t\t<\/div>\n\t\t\t\t\t<\/div>\n\t\t<\/div>\n\t\t\t\t\t\t\t<\/div>\n\t\t<\/section>\n\t\t\t\t<section class=\"elementor-section elementor-top-section elementor-element elementor-element-8b0c073 elementor-section-boxed elementor-section-height-default elementor-section-height-default wd-section-disabled\" data-id=\"8b0c073\" data-element_type=\"section\">\n\t\t\t\t\t\t<div class=\"elementor-container elementor-column-gap-default\">\n\t\t\t\t\t<div class=\"elementor-column elementor-col-33 elementor-top-column elementor-element elementor-element-78c2af7\" data-id=\"78c2af7\" data-element_type=\"column\">\n\t\t\t<div class=\"elementor-widget-wrap elementor-element-populated\">\n\t\t\t\t\t\t\t\t<div class=\"elementor-element elementor-element-1dde15d elementor-widget elementor-widget-wd_text_block\" data-id=\"1dde15d\" data-element_type=\"widget\" data-widget_type=\"wd_text_block.default\">\n\t\t\t\t<div class=\"elementor-widget-container\">\n\t\t\t\t\t<div class=\"wd-text-block reset-last-child text-left\">\n\t\t\t\n\t\t\t<h4 class=\"bebas blue\">CABEZAL DE BOMBEO RGB DE ALTO\u00a0RENDIMIENTO<\/h4><p>El cabezal de bombeo del refrigerador ELITE CAPELLIX aloja 33 LED RGB CAPELLIX ultrabrillantes a juego con sus ventiladores RGB. Cuando a\u00f1ada una refrigeraci\u00f3n potente y silenciosa a la combinaci\u00f3n, el sistema tendr\u00e1 un aspecto extraordinario y funcionar\u00e1 a\u00fan\u00a0mejor.<\/p>\n\t\t\t\t\t<\/div>\n\t\t\t\t<\/div>\n\t\t\t\t<\/div>\n\t\t\t\t<div class=\"elementor-element elementor-element-106924e elementor-widget elementor-widget-wd_image_or_svg\" data-id=\"106924e\" data-element_type=\"widget\" data-widget_type=\"wd_image_or_svg.default\">\n\t\t\t\t<div class=\"elementor-widget-container\">\n\t\t\t\n\t\t<div class=\"wd-image text-center\">\n\t\t\t\t\t\t\t\t<img decoding=\"async\" src=\"https:\/\/tzila.mx\/dev\/wp-content\/uploads\/elementor\/thumbs\/CW-9060047-WW-DES-3-pqnmoilrve1rw9nqbbcn4znclycbjl00o8irwx8lh4.png\" title=\"CW-9060047-WW-DES-3\" alt=\"CW-9060047-WW-DES-3\" \/>\t\t\t\t\t<\/div>\n\n\t\t\t\t<\/div>\n\t\t\t\t<\/div>\n\t\t\t\t<div class=\"elementor-element elementor-element-f1cee85 elementor-widget elementor-widget-wd_text_block\" data-id=\"f1cee85\" data-element_type=\"widget\" data-widget_type=\"wd_text_block.default\">\n\t\t\t\t<div class=\"elementor-widget-container\">\n\t\t\t\t\t<div class=\"wd-text-block reset-last-child text-left\">\n\t\t\t\n\t\t\t<div class=\"wrapper\"><div class=\"col-half mobile100 white top offset-half\"><h4 class=\"bebas blue\">PLACA FR\u00cdA DE COBRE DE FLUJO\u00a0DIVIDIDO<\/h4><p>Un dise\u00f1o \u00f3ptimo de placa fr\u00eda y una pila de alta densidad de 128 aletas por pulgada microbiseladas proporcionan una refrigeraci\u00f3n de una elevada eficiencia en todas las\u00a0cargas.<\/p><\/div><\/div>\n\t\t\t\t\t<\/div>\n\t\t\t\t<\/div>\n\t\t\t\t<\/div>\n\t\t\t\t<div class=\"elementor-element elementor-element-a28aaef elementor-widget elementor-widget-wd_text_block\" data-id=\"a28aaef\" data-element_type=\"widget\" data-widget_type=\"wd_text_block.default\">\n\t\t\t\t<div class=\"elementor-widget-container\">\n\t\t\t\t\t<div class=\"wd-text-block reset-last-child text-left\">\n\t\t\t\n\t\t\t<div class=\"inner\"><div class=\"text\" data-sr-id=\"4\"><div class=\"wrapper\"><div class=\"col-half mobile100 white\"><h4 class=\"bebas blue\">BOMBA CENTR\u00cdFUGA SILENCIOSA<\/h4><p>Ofrece una velocidad de flujo de hasta 0,82\u00a0l\/min, al tiempo que genera menos de 20\u00a0dBA, para una refrigeraci\u00f3n extrema y\u00a0silenciosa.<\/p><\/div><\/div><\/div><\/div>\n\t\t\t\t\t<\/div>\n\t\t\t\t<\/div>\n\t\t\t\t<\/div>\n\t\t\t\t<div class=\"elementor-element elementor-element-4a89b43 elementor-widget elementor-widget-wd_text_block\" data-id=\"4a89b43\" data-element_type=\"widget\" data-widget_type=\"wd_text_block.default\">\n\t\t\t\t<div class=\"elementor-widget-container\">\n\t\t\t\t\t<div class=\"wd-text-block reset-last-child text-left\">\n\t\t\t\n\t\t\t<h4>F\u00c1CIL INSTALACI\u00d3N<\/h4>\nSoporte de montaje modular para facilitar la instalaci\u00f3n r\u00e1pida, sencilla y sin herramientas en todos los z\u00f3calos Intel y AMD\u00a0actuales.\n\t\t\t\t\t<\/div>\n\t\t\t\t<\/div>\n\t\t\t\t<\/div>\n\t\t\t\t\t<\/div>\n\t\t<\/div>\n\t\t\t\t<div class=\"elementor-column elementor-col-33 elementor-top-column elementor-element elementor-element-cb92818\" data-id=\"cb92818\" data-element_type=\"column\">\n\t\t\t<div class=\"elementor-widget-wrap elementor-element-populated\">\n\t\t\t\t\t\t\t\t<div class=\"elementor-element elementor-element-8863c8c elementor-widget elementor-widget-wd_text_block\" data-id=\"8863c8c\" data-element_type=\"widget\" data-widget_type=\"wd_text_block.default\">\n\t\t\t\t<div class=\"elementor-widget-container\">\n\t\t\t\t\t<div class=\"wd-text-block reset-last-child text-left\">\n\t\t\t\n\t\t\t<div class=\"wrapper\"><div class=\"col-half mobile100 top white offset-half\"><h4 class=\"bebas blue\">ACTUALICE EL ASPECTO<\/h4><p>Cada refrigerador de CPU ELITE CAPELLIX incluye dos tapas de bomba independientes. La tapa de bomba preinstalada es moderna con un color negro brillante; por su parre, la otra tapa de bomba es m\u00e1s transparente para permitir que los LED CAPELLIX\u00a0brillen.<\/p><\/div><\/div>\n\t\t\t\t\t<\/div>\n\t\t\t\t<\/div>\n\t\t\t\t<\/div>\n\t\t\t\t<div class=\"elementor-element elementor-element-feb9242 elementor-widget elementor-widget-wd_text_block\" data-id=\"feb9242\" data-element_type=\"widget\" data-widget_type=\"wd_text_block.default\">\n\t\t\t\t<div class=\"elementor-widget-container\">\n\t\t\t\t\t<div class=\"wd-text-block reset-last-child text-left\">\n\t\t\t\n\t\t\t<h4 class=\"bebas blue\">CONVIERTA CUALQUIER CHASIS EN UN CHASIS INTELIGENTE<\/h4><p>Aproveche la potencia de iCUE con el iCUE Commander CORE incluido para controlar la velocidad del ventilador y la iluminaci\u00f3n RGB para los ventiladores ML RGB incluidos, con la posibilidad de controlar m\u00e1s ventiladores RGB CORSAIR, hasta un m\u00e1ximo de\u00a0seis.<\/p><p><em>*Los ventiladores adicionales se venden por separado.<\/em><\/p>\n\t\t\t\t\t<\/div>\n\t\t\t\t<\/div>\n\t\t\t\t<\/div>\n\t\t\t\t<div class=\"elementor-element elementor-element-9784b9e elementor-widget elementor-widget-wd_image_or_svg\" data-id=\"9784b9e\" data-element_type=\"widget\" data-widget_type=\"wd_image_or_svg.default\">\n\t\t\t\t<div class=\"elementor-widget-container\">\n\t\t\t\n\t\t<div class=\"wd-image text-center\">\n\t\t\t\t\t\t\t\t<img decoding=\"async\" src=\"https:\/\/tzila.mx\/dev\/wp-content\/uploads\/elementor\/thumbs\/CW-9060047-WW-DES-2-pqnmo97dz1omfvd8o5y56i3qh6ejrnz407903od1ok.png\" title=\"CW-9060047-WW-DES-2\" alt=\"CW-9060047-WW-DES-2\" \/>\t\t\t\t\t<\/div>\n\n\t\t\t\t<\/div>\n\t\t\t\t<\/div>\n\t\t\t\t<div class=\"elementor-element elementor-element-10eec3b elementor-widget elementor-widget-wd_text_block\" data-id=\"10eec3b\" data-element_type=\"widget\" data-widget_type=\"wd_text_block.default\">\n\t\t\t\t<div class=\"elementor-widget-container\">\n\t\t\t\t\t<div class=\"wd-text-block reset-last-child text-left\">\n\t\t\t\n\t\t\t<div class=\"text\"><h4 class=\"bebas blue\">VENTILADORES RGB DE LEVITACI\u00d3N MAGN\u00c9TICA<\/h4><p>Los ventiladores PWM de CORSAIR ML RGB Series ofrecen un potente flujo de aire para conseguir un rendimiento extremo al enfriar la CPU, con ocho LED RGB por\u00a0ventilador.<\/p><\/div>\n\t\t\t\t\t<\/div>\n\t\t\t\t<\/div>\n\t\t\t\t<\/div>\n\t\t\t\t\t<\/div>\n\t\t<\/div>\n\t\t\t\t<div class=\"elementor-column elementor-col-33 elementor-top-column elementor-element elementor-element-5d1ce0b\" data-id=\"5d1ce0b\" data-element_type=\"column\">\n\t\t\t<div class=\"elementor-widget-wrap elementor-element-populated\">\n\t\t\t\t\t\t\t\t<div class=\"elementor-element elementor-element-18207ea elementor-widget elementor-widget-wd_text_block\" data-id=\"18207ea\" data-element_type=\"widget\" data-widget_type=\"wd_text_block.default\">\n\t\t\t\t<div class=\"elementor-widget-container\">\n\t\t\t\t\t<div class=\"wd-text-block reset-last-child text-left\">\n\t\t\t\n\t\t\t<div class=\"text\"><h4 class=\"bebas blue\">EL POTENTE SOFTWARE CORSAIR <span class=\"lowercase\">i<\/span>CUE\u00a0<\/h4><p>Ajuste las velocidades de los ventiladores y la bomba, controle y sincronice la iluminaci\u00f3n RGB del refrigerador con todos los dispositivos compatibles con iCUE, supervise las temperaturas de la CPU y el refrigerante; todo desde una \u00fanica interfaz\u00a0intuitiva.<\/p><\/div>\n\t\t\t\t\t<\/div>\n\t\t\t\t<\/div>\n\t\t\t\t<\/div>\n\t\t\t\t<div class=\"elementor-element elementor-element-bd5abe7 elementor-widget elementor-widget-wd_image_or_svg\" data-id=\"bd5abe7\" data-element_type=\"widget\" data-widget_type=\"wd_image_or_svg.default\">\n\t\t\t\t<div class=\"elementor-widget-container\">\n\t\t\t\n\t\t<div class=\"wd-image text-center\">\n\t\t\t\t\t\t\t\t<img loading=\"lazy\" decoding=\"async\" width=\"999\" height=\"904\" src=\"https:\/\/tzila.mx\/dev\/wp-content\/uploads\/2022\/06\/CW-9060047-WW-DES-4.png\" class=\"attachment-full size-full\" alt=\"\" srcset=\"https:\/\/tzila.mx\/dev\/wp-content\/uploads\/2022\/06\/CW-9060047-WW-DES-4.png 999w, https:\/\/tzila.mx\/dev\/wp-content\/uploads\/2022\/06\/CW-9060047-WW-DES-4-332x300.png 332w, https:\/\/tzila.mx\/dev\/wp-content\/uploads\/2022\/06\/CW-9060047-WW-DES-4-884x800.png 884w, https:\/\/tzila.mx\/dev\/wp-content\/uploads\/2022\/06\/CW-9060047-WW-DES-4-768x695.png 768w, https:\/\/tzila.mx\/dev\/wp-content\/uploads\/2022\/06\/CW-9060047-WW-DES-4-860x778.png 860w, https:\/\/tzila.mx\/dev\/wp-content\/uploads\/2022\/06\/CW-9060047-WW-DES-4-430x389.png 430w, https:\/\/tzila.mx\/dev\/wp-content\/uploads\/2022\/06\/CW-9060047-WW-DES-4-700x633.png 700w, https:\/\/tzila.mx\/dev\/wp-content\/uploads\/2022\/06\/CW-9060047-WW-DES-4-150x136.png 150w\" sizes=\"auto, (max-width: 999px) 100vw, 999px\" \/>\t\t\t\t\t<\/div>\n\n\t\t\t\t<\/div>\n\t\t\t\t<\/div>\n\t\t\t\t<div class=\"elementor-element elementor-element-ed9a1b0 elementor-widget elementor-widget-wd_text_block\" data-id=\"ed9a1b0\" data-element_type=\"widget\" data-widget_type=\"wd_text_block.default\">\n\t\t\t\t<div class=\"elementor-widget-container\">\n\t\t\t\t\t<div class=\"wd-text-block reset-last-child text-left\">\n\t\t\t\n\t\t\t\n<h4>DISPONIBLE EN TRES TAMA\u00d1OS Y NIVELES DE RENDIMIENTO<\/h4>\n240\u00a0mm (H100i) para una gran compatibilidad, 360\u00a0mm (H150i) para un rendimiento de refrigeraci\u00f3n alto y 280\u00a0mm (H115i) para una magn\u00edfica combinaci\u00f3n de\u00a0ambos.\n\n\n\t\t\t\t\t<\/div>\n\t\t\t\t<\/div>\n\t\t\t\t<\/div>\n\t\t\t\t<div class=\"elementor-element elementor-element-1dd3f15 elementor-widget elementor-widget-wd_text_block\" data-id=\"1dd3f15\" data-element_type=\"widget\" data-widget_type=\"wd_text_block.default\">\n\t\t\t\t<div class=\"elementor-widget-container\">\n\t\t\t\t\t<div class=\"wd-text-block reset-last-child text-left\">\n\t\t\t\n\t\t\t<div class=\"text\"><h4 class=\"bebas blue\">MODO ZERO RPM<\/h4><p>Los perfiles de refrigeraci\u00f3n Zero RPM del software CORSAIR iCUE permiten detener completamente los ventiladores cuando la temperatura es baja, con lo que se elimina cualquier ruido del\u00a0ventilador.<\/p><\/div>\n\t\t\t\t\t<\/div>\n\t\t\t\t<\/div>\n\t\t\t\t<\/div>\n\t\t\t\t<div class=\"elementor-element elementor-element-8cb05d3 elementor-widget elementor-widget-wd_button\" data-id=\"8cb05d3\" data-element_type=\"widget\" data-widget_type=\"wd_button.default\">\n\t\t\t\t<div class=\"elementor-widget-container\">\n\t\t\t\t\t<div class=\"wd-button-wrapper text-center\" >\n\t\t\t<a class=\"btn btn-style-link btn-shape- btn-size-large btn-scheme-light btn-scheme-hover-dark btn-icon-pos-right\"  href=\"https:\/\/www.corsair.com\/lm\/es\/Categor%C3%ADas\/Productos\/Refrigeraci%C3%B3n-l%C3%ADquida\/iCUE-ELITE-CAPELLIX-Liquid-CPU-Cooler\/p\/CW-9060047-WW#tab-overview\" target=\"_blank\">\n\t\t\t\t<span class=\"wd-btn-text\" data-elementor-setting-key=\"text\">\n\t\t\t\t\tSaber m\u00e1s\t\t\t\t<\/span>\n\n\t\t\t\t\t\t\t<\/a>\n\t\t<\/div>\n\t\t\t\t<\/div>\n\t\t\t\t<\/div>\n\t\t\t\t\t<\/div>\n\t\t<\/div>\n\t\t\t\t\t\t\t<\/div>\n\t\t<\/section>\n\t\t\t\t\t\t<\/div>\n\t\t\t\t\t<\/div>\n\t\t","protected":false},"excerpt":{"rendered":"<h4>Caracter\u00edsticas principales:<\/h4>\n<p class=\"p1\"><span class=\"s1\">\u25cf Refrigeraci\u00f3n de CPU extrema y silenciosa<\/span><br \/>\n<span class=\"s1\">\u25cf Radiador de 280 mm<\/span><br \/>\n<span class=\"s1\">\u25cf Dos ventiladores CORSAIR ML140 RGB PWM<\/span><br \/>\n<span class=\"s1\">\u25cf<\/span> 33 LED RGB CAPELLIX<\/p>\n","protected":false},"featured_media":16694,"comment_status":"open","ping_status":"closed","template":"","meta":[],"product_cat":[141,76,103],"product_tag":[251],"class_list":["post-16693","product","type-product","status-publish","has-post-thumbnail","hentry","product_cat-enfriamiento","product_cat-liquid-cooler","product_cat-corsair","product_tag-corsair","pa_brand-corsair"],"_links":{"self":[{"href":"https:\/\/tzila.mx\/dev\/wp-json\/wp\/v2\/product\/16693","targetHints":{"allow":["GET"]}}],"collection":[{"href":"https:\/\/tzila.mx\/dev\/wp-json\/wp\/v2\/product"}],"about":[{"href":"https:\/\/tzila.mx\/dev\/wp-json\/wp\/v2\/types\/product"}],"replies":[{"embeddable":true,"href":"https:\/\/tzila.mx\/dev\/wp-json\/wp\/v2\/comments?post=16693"}],"version-history":[{"count":5,"href":"https:\/\/tzila.mx\/dev\/wp-json\/wp\/v2\/product\/16693\/revisions"}],"predecessor-version":[{"id":16710,"href":"https:\/\/tzila.mx\/dev\/wp-json\/wp\/v2\/product\/16693\/revisions\/16710"}],"wp:featuredmedia":[{"embeddable":true,"href":"https:\/\/tzila.mx\/dev\/wp-json\/wp\/v2\/media\/16694"}],"wp:attachment":[{"href":"https:\/\/tzila.mx\/dev\/wp-json\/wp\/v2\/media?parent=16693"}],"wp:term":[{"taxonomy":"product_cat","embeddable":true,"href":"https:\/\/tzila.mx\/dev\/wp-json\/wp\/v2\/product_cat?post=16693"},{"taxonomy":"product_tag","embeddable":true,"href":"https:\/\/tzila.mx\/dev\/wp-json\/wp\/v2\/product_tag?post=16693"}],"curies":[{"name":"wp","href":"https:\/\/api.w.org\/{rel}","templated":true}]}}