{"id":16657,"date":"2022-06-21T13:04:32","date_gmt":"2022-06-21T18:04:32","guid":{"rendered":"https:\/\/tzila.mx\/dev\/?post_type=product&#038;p=16657"},"modified":"2022-06-29T11:33:41","modified_gmt":"2022-06-29T16:33:41","slug":"mouse-gamer-corsair-m55-rgb-pro-ambidiestro","status":"publish","type":"product","link":"https:\/\/tzila.mx\/dev\/producto\/mouse-gamer-corsair-m55-rgb-pro-ambidiestro\/","title":{"rendered":"Mouse Gamer CORSAIR M55 RGB PRO Ambidiestro"},"content":{"rendered":"\t\t<div data-elementor-type=\"wp-post\" data-elementor-id=\"16657\" class=\"elementor elementor-16657\" data-elementor-settings=\"[]\">\n\t\t\t\t\t\t\t<div class=\"elementor-section-wrap\">\n\t\t\t\t\t\t\t<section class=\"elementor-section elementor-top-section elementor-element elementor-element-a77d38a elementor-section-boxed elementor-section-height-default elementor-section-height-default wd-section-disabled\" data-id=\"a77d38a\" data-element_type=\"section\">\n\t\t\t\t\t\t<div class=\"elementor-container elementor-column-gap-default\">\n\t\t\t\t\t<div class=\"elementor-column elementor-col-33 elementor-top-column elementor-element elementor-element-606b0e0\" data-id=\"606b0e0\" data-element_type=\"column\">\n\t\t\t<div class=\"elementor-widget-wrap elementor-element-populated\">\n\t\t\t\t\t\t\t\t<div class=\"elementor-element elementor-element-2efa55d elementor-widget elementor-widget-wd_text_block\" data-id=\"2efa55d\" data-element_type=\"widget\" data-widget_type=\"wd_text_block.default\">\n\t\t\t\t<div class=\"elementor-widget-container\">\n\t\t\t\t\t<div class=\"wd-text-block reset-last-child text-left\">\n\t\t\t\n\t\t\t<h5><strong>M\u00c1S ESPECIFICACIONES<\/strong><strong>:<\/strong><\/h5>\n\t\t\t\t\t<\/div>\n\t\t\t\t<\/div>\n\t\t\t\t<\/div>\n\t\t\t\t<div class=\"elementor-element elementor-element-00b20a9 elementor-widget elementor-widget-wd_text_block\" data-id=\"00b20a9\" data-element_type=\"widget\" data-widget_type=\"wd_text_block.default\">\n\t\t\t\t<div class=\"elementor-widget-container\">\n\t\t\t\t\t<div class=\"wd-text-block reset-last-child text-left\">\n\t\t\t\n\t\t\t<p>\u25cf Precisi\u00f3n para ganar<br \/>\u25cf Dise\u00f1o duradero<br \/>\u25cf Con\u00e9ctelo y empiece a jugar<br \/>\u25cf Ocho botones programables<br \/>\u25cf Cambie de ppp sobre la marcha<br \/>\u25cf Retroiluminaci\u00f3n din\u00e1mica RGB<\/p>\n\t\t\t\t\t<\/div>\n\t\t\t\t<\/div>\n\t\t\t\t<\/div>\n\t\t\t\t\t<\/div>\n\t\t<\/div>\n\t\t\t\t<div class=\"elementor-column elementor-col-66 elementor-top-column elementor-element elementor-element-b692253\" data-id=\"b692253\" data-element_type=\"column\">\n\t\t\t<div class=\"elementor-widget-wrap elementor-element-populated\">\n\t\t\t\t\t\t\t\t<div class=\"elementor-element elementor-element-0fefcf7 elementor-widget elementor-widget-wd_image_or_svg\" data-id=\"0fefcf7\" data-element_type=\"widget\" data-widget_type=\"wd_image_or_svg.default\">\n\t\t\t\t<div class=\"elementor-widget-container\">\n\t\t\t\n\t\t<div class=\"wd-image text-center\">\n\t\t\t\t\t\t\t\t<img decoding=\"async\" src=\"https:\/\/tzila.mx\/dev\/wp-content\/uploads\/elementor\/thumbs\/CH-9308011-NA-DES-4-pqnhxzpyvtpoby3g8o9jbtzbn7knx0dfw5bjj56s1s.png\" title=\"CH-9308011-NA-DES-4\" alt=\"CH-9308011-NA-DES-4\" \/>\t\t\t\t\t<\/div>\n\n\t\t\t\t<\/div>\n\t\t\t\t<\/div>\n\t\t\t\t\t<\/div>\n\t\t<\/div>\n\t\t\t\t\t\t\t<\/div>\n\t\t<\/section>\n\t\t\t\t<section class=\"elementor-section elementor-top-section elementor-element elementor-element-ec9e38a elementor-section-boxed elementor-section-height-default elementor-section-height-default wd-section-disabled\" data-id=\"ec9e38a\" data-element_type=\"section\">\n\t\t\t\t\t\t<div class=\"elementor-container elementor-column-gap-default\">\n\t\t\t\t\t<div class=\"elementor-column elementor-col-33 elementor-top-column elementor-element elementor-element-c833c6a\" data-id=\"c833c6a\" data-element_type=\"column\">\n\t\t\t<div class=\"elementor-widget-wrap elementor-element-populated\">\n\t\t\t\t\t\t\t\t<div class=\"elementor-element elementor-element-6ae12e9 elementor-widget elementor-widget-wd_text_block\" data-id=\"6ae12e9\" data-element_type=\"widget\" data-widget_type=\"wd_text_block.default\">\n\t\t\t\t<div class=\"elementor-widget-container\">\n\t\t\t\t\t<div class=\"wd-text-block reset-last-child text-left\">\n\t\t\t\n\t\t\t<div class=\"text\"><h4>DESTREZA GRACIAS A LA SIMETR\u00cdA<\/h4><p>El rat\u00f3n de juego CORSAIR M55 RGB PRO ofrece una versatilidad para ganar las partidas con un dise\u00f1o ambidiestro que se ajusta a cualquier agarre o mano, as\u00ed como un sensor \u00f3ptico ultrapreciso de 12 400 ppp.<\/p><\/div>\n\t\t\t\t\t<\/div>\n\t\t\t\t<\/div>\n\t\t\t\t<\/div>\n\t\t\t\t<div class=\"elementor-element elementor-element-696e1a7 elementor-widget elementor-widget-wd_image_or_svg\" data-id=\"696e1a7\" data-element_type=\"widget\" data-widget_type=\"wd_image_or_svg.default\">\n\t\t\t\t<div class=\"elementor-widget-container\">\n\t\t\t\n\t\t<div class=\"wd-image text-center\">\n\t\t\t\t\t\t\t\t<img loading=\"lazy\" decoding=\"async\" width=\"641\" height=\"611\" src=\"https:\/\/tzila.mx\/dev\/wp-content\/uploads\/2022\/06\/CH-9308011-NA-DES-1.png\" class=\"attachment-full size-full\" alt=\"\" srcset=\"https:\/\/tzila.mx\/dev\/wp-content\/uploads\/2022\/06\/CH-9308011-NA-DES-1.png 641w, https:\/\/tzila.mx\/dev\/wp-content\/uploads\/2022\/06\/CH-9308011-NA-DES-1-315x300.png 315w, https:\/\/tzila.mx\/dev\/wp-content\/uploads\/2022\/06\/CH-9308011-NA-DES-1-430x410.png 430w, https:\/\/tzila.mx\/dev\/wp-content\/uploads\/2022\/06\/CH-9308011-NA-DES-1-150x143.png 150w\" sizes=\"auto, (max-width: 641px) 100vw, 641px\" \/>\t\t\t\t\t<\/div>\n\n\t\t\t\t<\/div>\n\t\t\t\t<\/div>\n\t\t\t\t\t<\/div>\n\t\t<\/div>\n\t\t\t\t<div class=\"elementor-column elementor-col-33 elementor-top-column elementor-element elementor-element-e7b3bda\" data-id=\"e7b3bda\" data-element_type=\"column\">\n\t\t\t<div class=\"elementor-widget-wrap elementor-element-populated\">\n\t\t\t\t\t\t\t\t<div class=\"elementor-element elementor-element-252ec94 elementor-widget elementor-widget-wd_text_block\" data-id=\"252ec94\" data-element_type=\"widget\" data-widget_type=\"wd_text_block.default\">\n\t\t\t\t<div class=\"elementor-widget-container\">\n\t\t\t\t\t<div class=\"wd-text-block reset-last-child text-left\">\n\t\t\t\n\t\t\t<section id=\"m5-3\" class=\"count\"><div class=\"text\"><h4 class=\"blue\">Dise\u00f1o duradero<\/h4><p>El dise\u00f1o duradero con conmutadores Omron con capacidad para 50 millones de clics y un cable trenzado dota al M55 RGB PRO de la fuerza necesaria para soportar varios a\u00f1os de sesiones de juego intensas.<\/p><\/div><\/section>\n\t\t\t\t\t<\/div>\n\t\t\t\t<\/div>\n\t\t\t\t<\/div>\n\t\t\t\t<div class=\"elementor-element elementor-element-8604524 elementor-widget elementor-widget-wd_image_or_svg\" data-id=\"8604524\" data-element_type=\"widget\" data-widget_type=\"wd_image_or_svg.default\">\n\t\t\t\t<div class=\"elementor-widget-container\">\n\t\t\t\n\t\t<div class=\"wd-image text-center\">\n\t\t\t\t\t\t\t\t<img loading=\"lazy\" decoding=\"async\" width=\"622\" height=\"515\" src=\"https:\/\/tzila.mx\/dev\/wp-content\/uploads\/2022\/06\/CH-9308011-NA-DES-3.png\" class=\"attachment-full size-full\" alt=\"\" srcset=\"https:\/\/tzila.mx\/dev\/wp-content\/uploads\/2022\/06\/CH-9308011-NA-DES-3.png 622w, https:\/\/tzila.mx\/dev\/wp-content\/uploads\/2022\/06\/CH-9308011-NA-DES-3-362x300.png 362w, https:\/\/tzila.mx\/dev\/wp-content\/uploads\/2022\/06\/CH-9308011-NA-DES-3-430x356.png 430w, https:\/\/tzila.mx\/dev\/wp-content\/uploads\/2022\/06\/CH-9308011-NA-DES-3-150x124.png 150w\" sizes=\"auto, (max-width: 622px) 100vw, 622px\" \/>\t\t\t\t\t<\/div>\n\n\t\t\t\t<\/div>\n\t\t\t\t<\/div>\n\t\t\t\t<div class=\"elementor-element elementor-element-6015f3a elementor-widget elementor-widget-wd_text_block\" data-id=\"6015f3a\" data-element_type=\"widget\" data-widget_type=\"wd_text_block.default\">\n\t\t\t\t<div class=\"elementor-widget-container\">\n\t\t\t\t\t<div class=\"wd-text-block reset-last-child text-left\">\n\t\t\t\n\t\t\t<div class=\"text\"><div class=\"wrapper\"><div class=\"col-half offset-half\"><h4 class=\"blue\">ESCOJA UN BANDO<\/h4><p>Con un peso de solo 86\u00a0g, el dise\u00f1o ambidiestro ligero y vers\u00e1til del M55 RGB PRO le permite jugar al m\u00e1ximo nivel con cualquier mano con el agarre m\u00e1s c\u00f3modo, ya sea la palma, los dedos o la punta de los dedos.<\/p><\/div><\/div><\/div>\n\t\t\t\t\t<\/div>\n\t\t\t\t<\/div>\n\t\t\t\t<\/div>\n\t\t\t\t\t<\/div>\n\t\t<\/div>\n\t\t\t\t<div class=\"elementor-column elementor-col-33 elementor-top-column elementor-element elementor-element-ba9b9c1\" data-id=\"ba9b9c1\" data-element_type=\"column\">\n\t\t\t<div class=\"elementor-widget-wrap elementor-element-populated\">\n\t\t\t\t\t\t\t\t<div class=\"elementor-element elementor-element-b147ff0 elementor-widget elementor-widget-wd_text_block\" data-id=\"b147ff0\" data-element_type=\"widget\" data-widget_type=\"wd_text_block.default\">\n\t\t\t\t<div class=\"elementor-widget-container\">\n\t\t\t\t\t<div class=\"wd-text-block reset-last-child text-left\">\n\t\t\t\n\t\t\t<h4 class=\"header font-header-body\">PROGRAME SU JUEGO<\/h4><div class=\"text\"><div class=\"wrap\"><p>Con\u00e9ctelo y empiece a jugar<br \/>Podr\u00e1 jugar nada m\u00e1s sacarlo de la caja. Solo tiene que conectarlo a un puerto USB y empezar a hundir a la competencia.<\/p><div class=\"text\"><div class=\"wrap\"><p>Ocho botones programables<br \/>Consiga una ventaja en el juego con macros y asignaciones de botones potentes.<\/p><div class=\"text\"><div class=\"wrap\"><p>Cambie de ppp sobre la marcha<br \/>Alterne entre tres ajustes diferentes de ppp con solo hacer clic, todos personalizables con el software CORSAIR iCUE.<\/p><div class=\"text\"><div class=\"wrap\"><p>Retroiluminaci\u00f3n din\u00e1mica RGB<br \/>Est\u00e1 iluminado por una retroiluminaci\u00f3n LED RGB din\u00e1mica y personalizable con docenas de efectos y valores predeterminados.<\/p><\/div><\/div><\/div><\/div><\/div><\/div><\/div><\/div>\n\t\t\t\t\t<\/div>\n\t\t\t\t<\/div>\n\t\t\t\t<\/div>\n\t\t\t\t<div class=\"elementor-element elementor-element-4a1cb4c elementor-widget elementor-widget-wd_image_or_svg\" data-id=\"4a1cb4c\" data-element_type=\"widget\" data-widget_type=\"wd_image_or_svg.default\">\n\t\t\t\t<div class=\"elementor-widget-container\">\n\t\t\t\n\t\t<div class=\"wd-image text-center\">\n\t\t\t\t\t\t\t\t<img loading=\"lazy\" decoding=\"async\" width=\"1206\" height=\"488\" src=\"https:\/\/tzila.mx\/dev\/wp-content\/uploads\/2022\/06\/CH-9308011-NA-DES-2.png\" class=\"attachment-full size-full\" alt=\"\" srcset=\"https:\/\/tzila.mx\/dev\/wp-content\/uploads\/2022\/06\/CH-9308011-NA-DES-2.png 1206w, https:\/\/tzila.mx\/dev\/wp-content\/uploads\/2022\/06\/CH-9308011-NA-DES-2-400x162.png 400w, https:\/\/tzila.mx\/dev\/wp-content\/uploads\/2022\/06\/CH-9308011-NA-DES-2-768x311.png 768w, https:\/\/tzila.mx\/dev\/wp-content\/uploads\/2022\/06\/CH-9308011-NA-DES-2-860x348.png 860w, https:\/\/tzila.mx\/dev\/wp-content\/uploads\/2022\/06\/CH-9308011-NA-DES-2-430x174.png 430w, https:\/\/tzila.mx\/dev\/wp-content\/uploads\/2022\/06\/CH-9308011-NA-DES-2-700x283.png 700w, https:\/\/tzila.mx\/dev\/wp-content\/uploads\/2022\/06\/CH-9308011-NA-DES-2-150x61.png 150w\" sizes=\"auto, (max-width: 1206px) 100vw, 1206px\" \/>\t\t\t\t\t<\/div>\n\n\t\t\t\t<\/div>\n\t\t\t\t<\/div>\n\t\t\t\t<div class=\"elementor-element elementor-element-078b475 elementor-widget elementor-widget-wd_button\" data-id=\"078b475\" data-element_type=\"widget\" data-widget_type=\"wd_button.default\">\n\t\t\t\t<div class=\"elementor-widget-container\">\n\t\t\t\t\t<div class=\"wd-button-wrapper text-center\" >\n\t\t\t<a class=\"btn btn-style-link btn-shape- btn-size-large btn-scheme-light btn-scheme-hover-dark btn-icon-pos-right\"  href=\"https:\/\/www.corsair.com\/lm\/es\/Categor%C3%ADas\/Productos\/Ratones-para-juegos\/Ratones-para-juegos-de-acci%C3%B3n-y-estrategia-MOBA\/M55-RGB-PRO-Ambidextrous-Multi-Grip-Gaming-Mouse\/p\/CH-9308011-NA#tab-overview\" target=\"_blank\">\n\t\t\t\t<span class=\"wd-btn-text\" data-elementor-setting-key=\"text\">\n\t\t\t\t\tSaber m\u00e1s\t\t\t\t<\/span>\n\n\t\t\t\t\t\t\t<\/a>\n\t\t<\/div>\n\t\t\t\t<\/div>\n\t\t\t\t<\/div>\n\t\t\t\t\t<\/div>\n\t\t<\/div>\n\t\t\t\t\t\t\t<\/div>\n\t\t<\/section>\n\t\t\t\t\t\t<\/div>\n\t\t\t\t\t<\/div>\n\t\t","protected":false},"excerpt":{"rendered":"<h4>Caracter\u00edsticas principales:<\/h4>\n<p class=\"p1\"><span class=\"s1\">\u25cf <span class=\"s2\">Al\u00e1mbrico USB 2.0<\/span><\/span><br \/>\n<span class=\"s1\">\u25cf<span class=\"s2\"> Ocho botones programables <\/span><\/span><br \/>\n<span class=\"s1\">\u25cf Resoluci\u00f3n 12,400<\/span><span class=\"ItemNumber\">\u00a0dpi<\/span><br \/>\n<span class=\"s1\">\u25cf <\/span>2 Zone RGB<br \/>\n<span class=\"s1\">\u25cf <\/span>CUE Software Supported<br \/>\n<span class=\"s1\">\u25cf<\/span><span class=\"s2\"> Dise\u00f1o ambidiestro<\/span><\/p>\n","protected":false},"featured_media":16658,"comment_status":"open","ping_status":"closed","template":"","meta":[],"product_cat":[28,81,103],"product_tag":[251],"class_list":["post-16657","product","type-product","status-publish","has-post-thumbnail","hentry","product_cat-setup","product_cat-mouse-gamer","product_cat-corsair","product_tag-corsair","pa_brand-corsair"],"_links":{"self":[{"href":"https:\/\/tzila.mx\/dev\/wp-json\/wp\/v2\/product\/16657","targetHints":{"allow":["GET"]}}],"collection":[{"href":"https:\/\/tzila.mx\/dev\/wp-json\/wp\/v2\/product"}],"about":[{"href":"https:\/\/tzila.mx\/dev\/wp-json\/wp\/v2\/types\/product"}],"replies":[{"embeddable":true,"href":"https:\/\/tzila.mx\/dev\/wp-json\/wp\/v2\/comments?post=16657"}],"version-history":[{"count":10,"href":"https:\/\/tzila.mx\/dev\/wp-json\/wp\/v2\/product\/16657\/revisions"}],"predecessor-version":[{"id":16677,"href":"https:\/\/tzila.mx\/dev\/wp-json\/wp\/v2\/product\/16657\/revisions\/16677"}],"wp:featuredmedia":[{"embeddable":true,"href":"https:\/\/tzila.mx\/dev\/wp-json\/wp\/v2\/media\/16658"}],"wp:attachment":[{"href":"https:\/\/tzila.mx\/dev\/wp-json\/wp\/v2\/media?parent=16657"}],"wp:term":[{"taxonomy":"product_cat","embeddable":true,"href":"https:\/\/tzila.mx\/dev\/wp-json\/wp\/v2\/product_cat?post=16657"},{"taxonomy":"product_tag","embeddable":true,"href":"https:\/\/tzila.mx\/dev\/wp-json\/wp\/v2\/product_tag?post=16657"}],"curies":[{"name":"wp","href":"https:\/\/api.w.org\/{rel}","templated":true}]}}