{"id":16642,"date":"2022-06-21T12:29:39","date_gmt":"2022-06-21T17:29:39","guid":{"rendered":"https:\/\/tzila.mx\/dev\/?post_type=product&#038;p=16642"},"modified":"2022-06-29T11:33:45","modified_gmt":"2022-06-29T16:33:45","slug":"gabinete-corsair-carbide-series-spec-05","status":"publish","type":"product","link":"https:\/\/tzila.mx\/dev\/producto\/gabinete-corsair-carbide-series-spec-05\/","title":{"rendered":"Gabinete CORSAIR Carbide Series SPEC-05"},"content":{"rendered":"\t\t<div data-elementor-type=\"wp-post\" data-elementor-id=\"16642\" class=\"elementor elementor-16642\" data-elementor-settings=\"[]\">\n\t\t\t\t\t\t\t<div class=\"elementor-section-wrap\">\n\t\t\t\t\t\t\t<section class=\"elementor-section elementor-top-section elementor-element elementor-element-a77d38a elementor-section-boxed elementor-section-height-default elementor-section-height-default wd-section-disabled\" data-id=\"a77d38a\" data-element_type=\"section\">\n\t\t\t\t\t\t<div class=\"elementor-container elementor-column-gap-default\">\n\t\t\t\t\t<div class=\"elementor-column elementor-col-33 elementor-top-column elementor-element elementor-element-606b0e0\" data-id=\"606b0e0\" data-element_type=\"column\">\n\t\t\t<div class=\"elementor-widget-wrap elementor-element-populated\">\n\t\t\t\t\t\t\t\t<div class=\"elementor-element elementor-element-2efa55d elementor-widget elementor-widget-wd_text_block\" data-id=\"2efa55d\" data-element_type=\"widget\" data-widget_type=\"wd_text_block.default\">\n\t\t\t\t<div class=\"elementor-widget-container\">\n\t\t\t\t\t<div class=\"wd-text-block reset-last-child text-left\">\n\t\t\t\n\t\t\t<h5><strong>M\u00c1S ESPECIFICACIONES<\/strong><strong>:<\/strong><\/h5>\n\t\t\t\t\t<\/div>\n\t\t\t\t<\/div>\n\t\t\t\t<\/div>\n\t\t\t\t<div class=\"elementor-element elementor-element-00b20a9 elementor-widget elementor-widget-wd_text_block\" data-id=\"00b20a9\" data-element_type=\"widget\" data-widget_type=\"wd_text_block.default\">\n\t\t\t\t<div class=\"elementor-widget-container\">\n\t\t\t\t\t<div class=\"wd-text-block reset-last-child text-left\">\n\t\t\t\n\t\t\t<p>\u25cf Dise\u00f1o asim\u00e9trico y de bordes suaves aporta un aspecto atrevido al equipo.<br \/>\u25cf Gran ventana en el panel lateral<br \/>\u25cf Espacio extenso y refrigeraci\u00f3n<br \/>\u25cf Conectividad de alta velocidad<br \/>\u25cf Dise\u00f1ado para ensambladores<br \/>\u25cf Mant\u00e9ngalo limpio<\/p>\n\t\t\t\t\t<\/div>\n\t\t\t\t<\/div>\n\t\t\t\t<\/div>\n\t\t\t\t\t<\/div>\n\t\t<\/div>\n\t\t\t\t<div class=\"elementor-column elementor-col-66 elementor-top-column elementor-element elementor-element-b692253\" data-id=\"b692253\" data-element_type=\"column\">\n\t\t\t<div class=\"elementor-widget-wrap\">\n\t\t\t\t\t\t\t\t\t<\/div>\n\t\t<\/div>\n\t\t\t\t\t\t\t<\/div>\n\t\t<\/section>\n\t\t\t\t<section class=\"elementor-section elementor-top-section elementor-element elementor-element-ec9e38a elementor-section-boxed elementor-section-height-default elementor-section-height-default wd-section-disabled\" data-id=\"ec9e38a\" data-element_type=\"section\">\n\t\t\t\t\t\t<div class=\"elementor-container elementor-column-gap-default\">\n\t\t\t\t\t<div class=\"elementor-column elementor-col-33 elementor-top-column elementor-element elementor-element-c833c6a\" data-id=\"c833c6a\" data-element_type=\"column\">\n\t\t\t<div class=\"elementor-widget-wrap elementor-element-populated\">\n\t\t\t\t\t\t\t\t<div class=\"elementor-element elementor-element-6ae12e9 elementor-widget elementor-widget-wd_text_block\" data-id=\"6ae12e9\" data-element_type=\"widget\" data-widget_type=\"wd_text_block.default\">\n\t\t\t\t<div class=\"elementor-widget-container\">\n\t\t\t\t\t<div class=\"wd-text-block reset-last-child text-left\">\n\t\t\t\n\t\t\t<div class=\"col-half top\"><h4>ESTILO EXCLUSIVO DE PRINCIPIO A FIN<\/h4><p>El dise\u00f1o asim\u00e9trico y de bordes suaves aporta un aspecto atrevido al equipo.<\/p><\/div>\n\t\t\t\t\t<\/div>\n\t\t\t\t<\/div>\n\t\t\t\t<\/div>\n\t\t\t\t<div class=\"elementor-element elementor-element-4bf14c4 elementor-widget elementor-widget-wd_text_block\" data-id=\"4bf14c4\" data-element_type=\"widget\" data-widget_type=\"wd_text_block.default\">\n\t\t\t\t<div class=\"elementor-widget-container\">\n\t\t\t\t\t<div class=\"wd-text-block reset-last-child text-left\">\n\t\t\t\n\t\t\t<div class=\"col-third\"><div class=\"col-half\"><h4>DISE\u00d1ADO PARA ENSAMBLADORES<\/h4><p>Los numerosos puntos de anclaje y orificios gu\u00eda para los cables hacen que resulte f\u00e1cil ocultar los cables detr\u00e1s de la bandeja de la placa base, lo que confiere a su ensamblaje un aspecto sensacional y optimiza la refrigeraci\u00f3n.<\/p><\/div><\/div>\n\t\t\t\t\t<\/div>\n\t\t\t\t<\/div>\n\t\t\t\t<\/div>\n\t\t\t\t\t<\/div>\n\t\t<\/div>\n\t\t\t\t<div class=\"elementor-column elementor-col-33 elementor-top-column elementor-element elementor-element-e7b3bda\" data-id=\"e7b3bda\" data-element_type=\"column\">\n\t\t\t<div class=\"elementor-widget-wrap elementor-element-populated\">\n\t\t\t\t\t\t\t\t<div class=\"elementor-element elementor-element-e7322d1 elementor-widget elementor-widget-wd_text_block\" data-id=\"e7322d1\" data-element_type=\"widget\" data-widget_type=\"wd_text_block.default\">\n\t\t\t\t<div class=\"elementor-widget-container\">\n\t\t\t\t\t<div class=\"wd-text-block reset-last-child text-left\">\n\t\t\t\n\t\t\t<div class=\"col-half\"><div class=\"column-left\"><div class=\"col-half\"><h4>ESPACIO EXTENSO Y REFRIGERACI\u00d3N<\/h4><p>Con espacio para hasta seis* ventiladores de 120\u00a0mm (un ventilador con iluminaci\u00f3n LED roja incluida), la SPEC-05 cuenta con una enorme variedad de opciones de refrigeraci\u00f3n, as\u00ed como anclajes para unidades f\u00e1ciles de usar para un m\u00e1ximo de tres unidades HDD y dos SSD.<\/p><p><em>*Con bah\u00edas para discos duros retiradas<\/em><\/p><\/div><\/div><\/div>\n\t\t\t\t\t<\/div>\n\t\t\t\t<\/div>\n\t\t\t\t<\/div>\n\t\t\t\t<div class=\"elementor-element elementor-element-fd2bee0 elementor-widget elementor-widget-wd_text_block\" data-id=\"fd2bee0\" data-element_type=\"widget\" data-widget_type=\"wd_text_block.default\">\n\t\t\t\t<div class=\"elementor-widget-container\">\n\t\t\t\t\t<div class=\"wd-text-block reset-last-child text-left\">\n\t\t\t\n\t\t\t<div class=\"column-center\"><div class=\"wrapper\"><div class=\"col-half offset-half\"><h4>CONECTIVIDAD DE ALTA VELOCIDAD<\/h4><p>Puerto de panel frontal USB 3.0 para conexiones externas de alta velocidad.<\/p><\/div><\/div><\/div>\n\t\t\t\t\t<\/div>\n\t\t\t\t<\/div>\n\t\t\t\t<\/div>\n\t\t\t\t\t<\/div>\n\t\t<\/div>\n\t\t\t\t<div class=\"elementor-column elementor-col-33 elementor-top-column elementor-element elementor-element-ba9b9c1\" data-id=\"ba9b9c1\" data-element_type=\"column\">\n\t\t\t<div class=\"elementor-widget-wrap elementor-element-populated\">\n\t\t\t\t\t\t\t\t<div class=\"elementor-element elementor-element-9afc8d3 elementor-widget elementor-widget-wd_text_block\" data-id=\"9afc8d3\" data-element_type=\"widget\" data-widget_type=\"wd_text_block.default\">\n\t\t\t\t<div class=\"elementor-widget-container\">\n\t\t\t\t\t<div class=\"wd-text-block reset-last-child text-left\">\n\t\t\t\n\t\t\t<div class=\"col-third\"><div class=\"col-half dark\"><h4>Gran ventana en el panel lateral<\/h4><p>Su impresionante ventana completa en el panel lateral ofrece una vista sin limitaci\u00f3n alguna al coraz\u00f3n del PC.<\/p><\/div><\/div>\n\t\t\t\t\t<\/div>\n\t\t\t\t<\/div>\n\t\t\t\t<\/div>\n\t\t\t\t<div class=\"elementor-element elementor-element-05c7f29 elementor-widget elementor-widget-wd_text_block\" data-id=\"05c7f29\" data-element_type=\"widget\" data-widget_type=\"wd_text_block.default\">\n\t\t\t\t<div class=\"elementor-widget-container\">\n\t\t\t\t\t<div class=\"wd-text-block reset-last-child text-left\">\n\t\t\t\n\t\t\t<div class=\"col-third\"><div class=\"column-right\"><div class=\"wrapper\"><div class=\"col-half offset-half\"><h4>MANT\u00c9NGALO LIMPIO<\/h4><p>Los filtros para el polvo de f\u00e1cil extracci\u00f3n ayudan a mantener el PC limpio y los componentes en buen estado de refrigeraci\u00f3n durante m\u00e1s tiempo.<\/p><\/div><\/div><\/div><\/div>\n\t\t\t\t\t<\/div>\n\t\t\t\t<\/div>\n\t\t\t\t<\/div>\n\t\t\t\t<div class=\"elementor-element elementor-element-078b475 elementor-widget elementor-widget-wd_button\" data-id=\"078b475\" data-element_type=\"widget\" data-widget_type=\"wd_button.default\">\n\t\t\t\t<div class=\"elementor-widget-container\">\n\t\t\t\t\t<div class=\"wd-button-wrapper text-center\" >\n\t\t\t<a class=\"btn btn-style-link btn-shape- btn-size-large btn-scheme-light btn-scheme-hover-dark btn-icon-pos-right\"  href=\"https:\/\/www.corsair.com\/lm\/es\/Categor%C3%ADas\/Productos\/Chasis\/Chasis-de-semitorre-ATX\/Chasis-semitorre-para-juegos-Carbide-Series-SPEC-05%2C-negro-\/p\/CC-9011138-WW#tab-overview\" target=\"_blank\">\n\t\t\t\t<span class=\"wd-btn-text\" data-elementor-setting-key=\"text\">\n\t\t\t\t\tSaber m\u00e1s\t\t\t\t<\/span>\n\n\t\t\t\t\t\t\t<\/a>\n\t\t<\/div>\n\t\t\t\t<\/div>\n\t\t\t\t<\/div>\n\t\t\t\t\t<\/div>\n\t\t<\/div>\n\t\t\t\t\t\t\t<\/div>\n\t\t<\/section>\n\t\t\t\t\t\t<\/div>\n\t\t\t\t\t<\/div>\n\t\t","protected":false},"excerpt":{"rendered":"<h4>Caracter\u00edsticas principales:<\/h4>\n<p class=\"p1\">\u25cf Media Torre<br \/>\n\u25cf ATX\/Micro-ATX\/Mini-ITX<br \/>\n\u25cf Ventana de cristal lateral completa<br \/>\n\u25cf Dise\u00f1o asim\u00e9trico y de bordes suaves<br \/>\n\u25cf Espacio para seis ventiladores de 120 mm<br \/>\n\u25cf Puerto USB 3.0 de alta velocidad<br \/>\n\u25cf Bastidores para tres unidades HDD y dos SSD<\/p>\n","protected":false},"featured_media":16653,"comment_status":"open","ping_status":"closed","template":"","meta":[],"product_cat":[20,73,103],"product_tag":[251],"class_list":["post-16642","product","type-product","status-publish","has-post-thumbnail","hentry","product_cat-hardware","product_cat-gabinete","product_cat-corsair","product_tag-corsair","pa_brand-corsair"],"_links":{"self":[{"href":"https:\/\/tzila.mx\/dev\/wp-json\/wp\/v2\/product\/16642","targetHints":{"allow":["GET"]}}],"collection":[{"href":"https:\/\/tzila.mx\/dev\/wp-json\/wp\/v2\/product"}],"about":[{"href":"https:\/\/tzila.mx\/dev\/wp-json\/wp\/v2\/types\/product"}],"replies":[{"embeddable":true,"href":"https:\/\/tzila.mx\/dev\/wp-json\/wp\/v2\/comments?post=16642"}],"version-history":[{"count":4,"href":"https:\/\/tzila.mx\/dev\/wp-json\/wp\/v2\/product\/16642\/revisions"}],"predecessor-version":[{"id":16656,"href":"https:\/\/tzila.mx\/dev\/wp-json\/wp\/v2\/product\/16642\/revisions\/16656"}],"wp:featuredmedia":[{"embeddable":true,"href":"https:\/\/tzila.mx\/dev\/wp-json\/wp\/v2\/media\/16653"}],"wp:attachment":[{"href":"https:\/\/tzila.mx\/dev\/wp-json\/wp\/v2\/media?parent=16642"}],"wp:term":[{"taxonomy":"product_cat","embeddable":true,"href":"https:\/\/tzila.mx\/dev\/wp-json\/wp\/v2\/product_cat?post=16642"},{"taxonomy":"product_tag","embeddable":true,"href":"https:\/\/tzila.mx\/dev\/wp-json\/wp\/v2\/product_tag?post=16642"}],"curies":[{"name":"wp","href":"https:\/\/api.w.org\/{rel}","templated":true}]}}