{"id":16636,"date":"2022-06-21T12:18:53","date_gmt":"2022-06-21T17:18:53","guid":{"rendered":"https:\/\/tzila.mx\/dev\/?post_type=product&#038;p=16636"},"modified":"2022-06-29T11:33:48","modified_gmt":"2022-06-29T16:33:48","slug":"monitor-gamer-asus-curvo-24-full-hd-vg24vq","status":"publish","type":"product","link":"https:\/\/tzila.mx\/dev\/producto\/monitor-gamer-asus-curvo-24-full-hd-vg24vq\/","title":{"rendered":"Monitor Gamer ASUS Curvo 24&#8243; Full HD VG24VQ"},"content":{"rendered":"\t\t<div data-elementor-type=\"wp-post\" data-elementor-id=\"16636\" class=\"elementor elementor-16636\" data-elementor-settings=\"[]\">\n\t\t\t\t\t\t\t<div class=\"elementor-section-wrap\">\n\t\t\t\t\t\t\t<section class=\"elementor-section elementor-top-section elementor-element elementor-element-a77d38a elementor-section-boxed elementor-section-height-default elementor-section-height-default wd-section-disabled\" data-id=\"a77d38a\" data-element_type=\"section\">\n\t\t\t\t\t\t<div class=\"elementor-container elementor-column-gap-default\">\n\t\t\t\t\t<div class=\"elementor-column elementor-col-33 elementor-top-column elementor-element elementor-element-606b0e0\" data-id=\"606b0e0\" data-element_type=\"column\">\n\t\t\t<div class=\"elementor-widget-wrap elementor-element-populated\">\n\t\t\t\t\t\t\t\t<div class=\"elementor-element elementor-element-2efa55d elementor-widget elementor-widget-wd_text_block\" data-id=\"2efa55d\" data-element_type=\"widget\" data-widget_type=\"wd_text_block.default\">\n\t\t\t\t<div class=\"elementor-widget-container\">\n\t\t\t\t\t<div class=\"wd-text-block reset-last-child text-left\">\n\t\t\t\n\t\t\t<h5><strong>M\u00c1S ESPECIFICACIONES<\/strong><strong>:<\/strong><\/h5>\n\t\t\t\t\t<\/div>\n\t\t\t\t<\/div>\n\t\t\t\t<\/div>\n\t\t\t\t<div class=\"elementor-element elementor-element-00b20a9 elementor-widget elementor-widget-wd_text_block\" data-id=\"00b20a9\" data-element_type=\"widget\" data-widget_type=\"wd_text_block.default\">\n\t\t\t\t<div class=\"elementor-widget-container\">\n\t\t\t\t\t<div class=\"wd-text-block reset-last-child text-left\">\n\t\t\t\n\t\t\t<p>\u25cf Monitor de juegos 1500R Full HD (1920 x 1080) de 23.6 pulgadas con frecuencia de actualizaci\u00f3n ultra r\u00e1pida de 144Hz<br \/>\u25cf Tiempo de respuesta de 1 ms (MPRT) y tecnolog\u00eda ASUS Extreme Low Motion Blur (ELMB \u2122)\u00a0<br \/>\u25cf Tecnolog\u00eda FreeSync \u2122 para eliminar el desgarro de la pantalla y las velocidades de fotogramas entrecortados<br \/>\u25cf Soporte de dise\u00f1o ergon\u00f3mico para ofrecer amplios ajustes de giro, inclinaci\u00f3n, pivote y altura<br \/>\u25cf Compatible con Adaptive-Sync con tarjetas gr\u00e1ficas NVIDIA GeForce * y FreeSync con tarjetas gr\u00e1ficas AMD Radeon * Compatible con NVIDIA GeForce GTX 10 series, GTX 16 series, RTX 20 series y tarjetas gr\u00e1ficas m\u00e1s nuevas<\/p>\n\t\t\t\t\t<\/div>\n\t\t\t\t<\/div>\n\t\t\t\t<\/div>\n\t\t\t\t\t<\/div>\n\t\t<\/div>\n\t\t\t\t<div class=\"elementor-column elementor-col-66 elementor-top-column elementor-element elementor-element-b692253\" data-id=\"b692253\" data-element_type=\"column\">\n\t\t\t<div class=\"elementor-widget-wrap elementor-element-populated\">\n\t\t\t\t\t\t\t\t<div class=\"elementor-element elementor-element-0fefcf7 elementor-widget elementor-widget-wd_image_or_svg\" data-id=\"0fefcf7\" data-element_type=\"widget\" data-widget_type=\"wd_image_or_svg.default\">\n\t\t\t\t<div class=\"elementor-widget-container\">\n\t\t\t\n\t\t<div class=\"wd-image text-center\">\n\t\t\t\t\t\t\t\t<img decoding=\"async\" src=\"https:\/\/tzila.mx\/dev\/wp-content\/uploads\/elementor\/thumbs\/VG24VQ-des-1-ppg21s6vk3fsxmzv3hv72nm5f12c5yy5ourrnyoz8o.png\" title=\"VG24VQ-des-1\" alt=\"VG24VQ-des-1\" \/>\t\t\t\t\t<\/div>\n\n\t\t\t\t<\/div>\n\t\t\t\t<\/div>\n\t\t\t\t\t<\/div>\n\t\t<\/div>\n\t\t\t\t\t\t\t<\/div>\n\t\t<\/section>\n\t\t\t\t<section class=\"elementor-section elementor-top-section elementor-element elementor-element-ec9e38a elementor-section-boxed elementor-section-height-default elementor-section-height-default wd-section-disabled\" data-id=\"ec9e38a\" data-element_type=\"section\">\n\t\t\t\t\t\t<div class=\"elementor-container elementor-column-gap-default\">\n\t\t\t\t\t<div class=\"elementor-column elementor-col-33 elementor-top-column elementor-element elementor-element-c833c6a\" data-id=\"c833c6a\" data-element_type=\"column\">\n\t\t\t<div class=\"elementor-widget-wrap elementor-element-populated\">\n\t\t\t\t\t\t\t\t<div class=\"elementor-element elementor-element-6ae12e9 elementor-widget elementor-widget-wd_text_block\" data-id=\"6ae12e9\" data-element_type=\"widget\" data-widget_type=\"wd_text_block.default\">\n\t\t\t\t<div class=\"elementor-widget-container\">\n\t\t\t\t\t<div class=\"wd-text-block reset-last-child text-left\">\n\t\t\t\n\t\t\t<h4>TUF gaming VG24VQ<\/h4><p>El TUF Gaming VG24VQ es un monitor para juegos Full HD de 23,6\" con 144 Hz de refresco y una curvatura 1500R dise\u00f1ado para gamers profesionales y juegos r\u00e1pidos. Su impresionante pantalla curvada cuenta con 1 ms MPRT de tiempo de respuesta y FreeSync\u2122, una tecnolog\u00eda que evita que la imagen se entrecorte y elimina problemas de sincronizaci\u00f3n FPS.<\/p>\n\t\t\t\t\t<\/div>\n\t\t\t\t<\/div>\n\t\t\t\t<\/div>\n\t\t\t\t<div class=\"elementor-element elementor-element-56cc7a2 elementor-widget elementor-widget-wd_image_or_svg\" data-id=\"56cc7a2\" data-element_type=\"widget\" data-widget_type=\"wd_image_or_svg.default\">\n\t\t\t\t<div class=\"elementor-widget-container\">\n\t\t\t\n\t\t<div class=\"wd-image text-left\">\n\t\t\t\t\t\t\t\t<img loading=\"lazy\" decoding=\"async\" width=\"644\" height=\"640\" src=\"https:\/\/tzila.mx\/dev\/wp-content\/uploads\/2022\/05\/VG24VQ-des-2.png\" class=\"attachment-full size-full\" alt=\"\" srcset=\"https:\/\/tzila.mx\/dev\/wp-content\/uploads\/2022\/05\/VG24VQ-des-2.png 644w, https:\/\/tzila.mx\/dev\/wp-content\/uploads\/2022\/05\/VG24VQ-des-2-302x300.png 302w, https:\/\/tzila.mx\/dev\/wp-content\/uploads\/2022\/05\/VG24VQ-des-2-150x149.png 150w, https:\/\/tzila.mx\/dev\/wp-content\/uploads\/2022\/05\/VG24VQ-des-2-430x427.png 430w\" sizes=\"auto, (max-width: 644px) 100vw, 644px\" \/>\t\t\t\t\t<\/div>\n\n\t\t\t\t<\/div>\n\t\t\t\t<\/div>\n\t\t\t\t<div class=\"elementor-element elementor-element-e9bf201 elementor-widget elementor-widget-wd_text_block\" data-id=\"e9bf201\" data-element_type=\"widget\" data-widget_type=\"wd_text_block.default\">\n\t\t\t\t<div class=\"elementor-widget-container\">\n\t\t\t\t\t<div class=\"wd-text-block reset-last-child text-left\">\n\t\t\t\n\t\t\t<div class=\"row-content\" data-v-b7353816=\"\"><h4>Pantalla curva de 23,6 pulgadas<\/h4><p>El panel curvo 1500R Full HD (1920 X 1080) de 23,6 pulgadas del TUF Gaming VG24VQ te sumerge en una experiencia de juego m\u00e1s convincente e inmersiva. Adem\u00e1s, ofrece im\u00e1genes impresionantes desde cualquier \u00e1ngulo, minimizando la distorsi\u00f3n crom\u00e1tica cuando juegas y ves pel\u00edculas desde posiciones extremas.<\/p><\/div>\n\t\t\t\t\t<\/div>\n\t\t\t\t<\/div>\n\t\t\t\t<\/div>\n\t\t\t\t<div class=\"elementor-element elementor-element-4f49f18 elementor-widget elementor-widget-wd_text_block\" data-id=\"4f49f18\" data-element_type=\"widget\" data-widget_type=\"wd_text_block.default\">\n\t\t\t\t<div class=\"elementor-widget-container\">\n\t\t\t\t\t<div class=\"wd-text-block reset-last-child text-left\">\n\t\t\t\n\t\t\t<div class=\"row-content r-side\" data-v-b7353816=\"\"><div class=\"product-text\"><div class=\"product-heading\"><h4>Frecuencia de refresco de 144 Hz<\/h4><\/div><\/div><article data-v-b7353816=\"\">Provisto de una frecuencia de refresco de 144 Hz, el TUF Gaming VG24VQ garantiza una experiencia gr\u00e1fica totalmente fluida, incluso al jugar a los t\u00edtulos m\u00e1s r\u00e1pidos en la configuraci\u00f3n gr\u00e1fica m\u00e1s alta. Compite con ventaja en t\u00edtulos de disparo en primera persona, de carreras, estrategia en tiempo real y deportes.<\/article><\/div>\n\t\t\t\t\t<\/div>\n\t\t\t\t<\/div>\n\t\t\t\t<\/div>\n\t\t\t\t\t<\/div>\n\t\t<\/div>\n\t\t\t\t<div class=\"elementor-column elementor-col-33 elementor-top-column elementor-element elementor-element-e7b3bda\" data-id=\"e7b3bda\" data-element_type=\"column\">\n\t\t\t<div class=\"elementor-widget-wrap elementor-element-populated\">\n\t\t\t\t\t\t\t\t<div class=\"elementor-element elementor-element-d0a2373 elementor-widget elementor-widget-wd_text_block\" data-id=\"d0a2373\" data-element_type=\"widget\" data-widget_type=\"wd_text_block.default\">\n\t\t\t\t<div class=\"elementor-widget-container\">\n\t\t\t\t\t<div class=\"wd-text-block reset-last-child text-left\">\n\t\t\t\n\t\t\t<h4 class=\"view-title gradient-title f-f-xolonium\">MEJORAS DE GAMING<\/h4><p class=\"gradient-title f-f-xolonium\">Shadow Boost<br \/><br \/>La tecnolog\u00eda Shadow Boost acent\u00faa los detalles de las \u00e1reas oscuras sin sobrexponer las zonas brillantes. De esta forma, puedes ver mejor a los enemigos que se esconden en las zonas oscuras del mapa.<br \/><br \/>GamePlus<br \/>ASUS GamePlus te permite rendir al m\u00e1ximo en los juegos. Est\u00e1 funci\u00f3n se ha desarrollado junto a gamers profesionales para que practiques y mejores tus habilidades de gaming.<br \/><br \/>GameVisual<br \/>La tecnolog\u00eda GameVisual cuenta con siete configuraciones creadas para optimizar la imagen seg\u00fan el tipo de contenido. Puedes acceder a esta funci\u00f3n con la combinaci\u00f3n de teclas o a trav\u00e9s del men\u00fa del monitor.<br \/><br \/>Tecnolog\u00eda Antiparpadeo<br \/>Reduce el parpadeo para minimizar la fatiga visual y otros efectos adversos relacionados con las largas sesiones de gaming<br \/><br \/>Tecnolog\u00eda Luz azul de baja intensidad<br \/>Este monitor incorpora un filtro certificado de los laboratorios T\u00dcV Rheinland que te protege contra la luz azul perjudicial. Puedes controlar el nivel de reducci\u00f3n con las cuatro configuraciones del filtro.<\/p>\n\t\t\t\t\t<\/div>\n\t\t\t\t<\/div>\n\t\t\t\t<\/div>\n\t\t\t\t<div class=\"elementor-element elementor-element-f8f184f elementor-widget elementor-widget-wd_image_or_svg\" data-id=\"f8f184f\" data-element_type=\"widget\" data-widget_type=\"wd_image_or_svg.default\">\n\t\t\t\t<div class=\"elementor-widget-container\">\n\t\t\t\n\t\t<div class=\"wd-image text-left\">\n\t\t\t\t\t\t\t\t<img loading=\"lazy\" decoding=\"async\" width=\"746\" height=\"664\" src=\"https:\/\/tzila.mx\/dev\/wp-content\/uploads\/2022\/05\/VG24VQ-des-3.png\" class=\"attachment-full size-full\" alt=\"\" srcset=\"https:\/\/tzila.mx\/dev\/wp-content\/uploads\/2022\/05\/VG24VQ-des-3.png 746w, https:\/\/tzila.mx\/dev\/wp-content\/uploads\/2022\/05\/VG24VQ-des-3-337x300.png 337w, https:\/\/tzila.mx\/dev\/wp-content\/uploads\/2022\/05\/VG24VQ-des-3-430x383.png 430w, https:\/\/tzila.mx\/dev\/wp-content\/uploads\/2022\/05\/VG24VQ-des-3-700x623.png 700w, https:\/\/tzila.mx\/dev\/wp-content\/uploads\/2022\/05\/VG24VQ-des-3-150x134.png 150w\" sizes=\"auto, (max-width: 746px) 100vw, 746px\" \/>\t\t\t\t\t<\/div>\n\n\t\t\t\t<\/div>\n\t\t\t\t<\/div>\n\t\t\t\t\t<\/div>\n\t\t<\/div>\n\t\t\t\t<div class=\"elementor-column elementor-col-33 elementor-top-column elementor-element elementor-element-ba9b9c1\" data-id=\"ba9b9c1\" data-element_type=\"column\">\n\t\t\t<div class=\"elementor-widget-wrap elementor-element-populated\">\n\t\t\t\t\t\t\t\t<div class=\"elementor-element elementor-element-252ec94 elementor-widget elementor-widget-wd_text_block\" data-id=\"252ec94\" data-element_type=\"widget\" data-widget_type=\"wd_text_block.default\">\n\t\t\t\t<div class=\"elementor-widget-container\">\n\t\t\t\t\t<div class=\"wd-text-block reset-last-child text-left\">\n\t\t\t\n\t\t\t<h4>EXTREME LOW MOTION BLUR<\/h4><p>El VG24VQ cuenta con Extreme Low Motion Blur, una tecnolog\u00eda exclusiva que consigue reducir el tiempo de respuesta MPRT a 1 ms y aumenta la nitidez de los objetos en movimiento para que disfrutes de una experiencia visual m\u00e1s inmediata, convincente y realista.<\/p>\n\t\t\t\t\t<\/div>\n\t\t\t\t<\/div>\n\t\t\t\t<\/div>\n\t\t\t\t<div class=\"elementor-element elementor-element-2a1274e elementor-widget elementor-widget-wd_image_or_svg\" data-id=\"2a1274e\" data-element_type=\"widget\" data-widget_type=\"wd_image_or_svg.default\">\n\t\t\t\t<div class=\"elementor-widget-container\">\n\t\t\t\n\t\t<div class=\"wd-image text-left\">\n\t\t\t\t\t\t\t\t<img loading=\"lazy\" decoding=\"async\" width=\"1000\" height=\"563\" src=\"https:\/\/tzila.mx\/dev\/wp-content\/uploads\/2022\/05\/VG24VQ-des-4.jpg\" class=\"attachment-full size-full\" alt=\"\" srcset=\"https:\/\/tzila.mx\/dev\/wp-content\/uploads\/2022\/05\/VG24VQ-des-4.jpg 1000w, https:\/\/tzila.mx\/dev\/wp-content\/uploads\/2022\/05\/VG24VQ-des-4-400x225.jpg 400w, https:\/\/tzila.mx\/dev\/wp-content\/uploads\/2022\/05\/VG24VQ-des-4-768x432.jpg 768w, https:\/\/tzila.mx\/dev\/wp-content\/uploads\/2022\/05\/VG24VQ-des-4-860x484.jpg 860w, https:\/\/tzila.mx\/dev\/wp-content\/uploads\/2022\/05\/VG24VQ-des-4-430x242.jpg 430w, https:\/\/tzila.mx\/dev\/wp-content\/uploads\/2022\/05\/VG24VQ-des-4-700x394.jpg 700w, https:\/\/tzila.mx\/dev\/wp-content\/uploads\/2022\/05\/VG24VQ-des-4-150x84.jpg 150w\" sizes=\"auto, (max-width: 1000px) 100vw, 1000px\" \/>\t\t\t\t\t<\/div>\n\n\t\t\t\t<\/div>\n\t\t\t\t<\/div>\n\t\t\t\t<div class=\"elementor-element elementor-element-6fe338d elementor-widget elementor-widget-wd_text_block\" data-id=\"6fe338d\" data-element_type=\"widget\" data-widget_type=\"wd_text_block.default\">\n\t\t\t\t<div class=\"elementor-widget-container\">\n\t\t\t\t\t<div class=\"wd-text-block reset-last-child text-left\">\n\t\t\t\n\t\t\t<h4 class=\"view-title gradient-title f-f-xolonium\">INGENIER\u00cdA<\/h4><p class=\"view-title gradient-title f-f-xolonium\">Conectividad completa<br \/>Este monitor incorpora un puerto DisplayPort1.2, dos HDMI (v1.4) y un conector de auriculares para conectar tus dispositivos multimedia.<\/p><div><div class=\"fcontent\"><div class=\"info\"><div class=\"flex-item\"><div class=\"content-info\"><div class=\"info-title\"><p class=\"gradient-title f-f-xolonium\">Dise\u00f1o ergon\u00f3mico<br \/>La peana del TUF Gaming VG24VQ permite regular la altura, inclinaci\u00f3n, orientaci\u00f3n y rotaci\u00f3n de la pantalla para que disfrutes de un \u00e1ngulo de visi\u00f3n perfecto en cualquier situaci\u00f3n. Tambi\u00e9n es compatible con accesorios de montaje VESA<\/p><\/div><\/div><\/div><\/div><\/div><\/div>\n\t\t\t\t\t<\/div>\n\t\t\t\t<\/div>\n\t\t\t\t<\/div>\n\t\t\t\t<div class=\"elementor-element elementor-element-078b475 elementor-widget elementor-widget-wd_button\" data-id=\"078b475\" data-element_type=\"widget\" data-widget_type=\"wd_button.default\">\n\t\t\t\t<div class=\"elementor-widget-container\">\n\t\t\t\t\t<div class=\"wd-button-wrapper text-center\" >\n\t\t\t<a class=\"btn btn-style-link btn-shape- btn-size-large btn-scheme-light btn-scheme-hover-dark btn-icon-pos-right\"  href=\"https:\/\/dlcdnets.asus.com\/pub\/ASUS\/LCD%20Monitors\/VG24VQ\/ASUS_VG24VQ_Spanish.pdf\" target=\"_blank\">\n\t\t\t\t<span class=\"wd-btn-text\" data-elementor-setting-key=\"text\">\n\t\t\t\t\tSaber m\u00e1s\t\t\t\t<\/span>\n\n\t\t\t\t\t\t\t<\/a>\n\t\t<\/div>\n\t\t\t\t<\/div>\n\t\t\t\t<\/div>\n\t\t\t\t\t<\/div>\n\t\t<\/div>\n\t\t\t\t\t\t\t<\/div>\n\t\t<\/section>\n\t\t\t\t\t\t<\/div>\n\t\t\t\t\t<\/div>\n\t\t","protected":false},"excerpt":{"rendered":"<h4>Caracter\u00edsticas principales:<\/h4>\n<p class=\"p1\"><span class=\"s1\">\u25cf<\/span><span class=\"s2\"> <span id=\"\" class=\"tech-details__item-label\" data-fetched=\"true\">Tama\u00f1o de la pantalla 23.6 pulgadas<\/span><\/span><br \/>\n<span class=\"s1\">\u25cf <\/span>Resoluci\u00f3n Full HD (1920 x 1080)<br \/>\n<span class=\"s1\">\u25cf<\/span> Frecuencia de actualizaci\u00f3n (Max) :144Hz<br \/>\n<span class=\"s1\">\u25cf<\/span> Tiempo de respuesta 1 ms (MPRT)<br \/>\n<span class=\"s1\">\u25cf<\/span><span class=\"s2\"> Tecnolog\u00eda ASUS Extreme Low Motion Blur (ELMB \u2122)<\/span><\/p>\n","protected":false},"featured_media":12993,"comment_status":"open","ping_status":"closed","template":"","meta":[],"product_cat":[223,94,32,100],"product_tag":[218],"class_list":["post-16636","product","type-product","status-publish","has-post-thumbnail","hentry","product_cat-24-pulgadas","product_cat-monitores-set","product_cat-monitores","product_cat-asus","product_tag-tuf-gaming","pa_brand-asus"],"_links":{"self":[{"href":"https:\/\/tzila.mx\/dev\/wp-json\/wp\/v2\/product\/16636","targetHints":{"allow":["GET"]}}],"collection":[{"href":"https:\/\/tzila.mx\/dev\/wp-json\/wp\/v2\/product"}],"about":[{"href":"https:\/\/tzila.mx\/dev\/wp-json\/wp\/v2\/types\/product"}],"replies":[{"embeddable":true,"href":"https:\/\/tzila.mx\/dev\/wp-json\/wp\/v2\/comments?post=16636"}],"version-history":[{"count":5,"href":"https:\/\/tzila.mx\/dev\/wp-json\/wp\/v2\/product\/16636\/revisions"}],"predecessor-version":[{"id":16641,"href":"https:\/\/tzila.mx\/dev\/wp-json\/wp\/v2\/product\/16636\/revisions\/16641"}],"wp:featuredmedia":[{"embeddable":true,"href":"https:\/\/tzila.mx\/dev\/wp-json\/wp\/v2\/media\/12993"}],"wp:attachment":[{"href":"https:\/\/tzila.mx\/dev\/wp-json\/wp\/v2\/media?parent=16636"}],"wp:term":[{"taxonomy":"product_cat","embeddable":true,"href":"https:\/\/tzila.mx\/dev\/wp-json\/wp\/v2\/product_cat?post=16636"},{"taxonomy":"product_tag","embeddable":true,"href":"https:\/\/tzila.mx\/dev\/wp-json\/wp\/v2\/product_tag?post=16636"}],"curies":[{"name":"wp","href":"https:\/\/api.w.org\/{rel}","templated":true}]}}