{"id":16631,"date":"2022-06-21T00:07:01","date_gmt":"2022-06-21T05:07:01","guid":{"rendered":"https:\/\/tzila.mx\/dev\/?post_type=product&#038;p=16631"},"modified":"2022-06-29T11:33:50","modified_gmt":"2022-06-29T16:33:50","slug":"audifonos-gamer-corsair-hs35-estereo","status":"publish","type":"product","link":"https:\/\/tzila.mx\/dev\/producto\/audifonos-gamer-corsair-hs35-estereo\/","title":{"rendered":"Aud\u00edfonos Gamer CORSAIR  HS35 Est\u00e9reo"},"content":{"rendered":"\t\t<div data-elementor-type=\"wp-post\" data-elementor-id=\"16631\" class=\"elementor elementor-16631\" data-elementor-settings=\"[]\">\n\t\t\t\t\t\t\t<div class=\"elementor-section-wrap\">\n\t\t\t\t\t\t\t<section class=\"elementor-section elementor-top-section elementor-element elementor-element-a77d38a elementor-section-boxed elementor-section-height-default elementor-section-height-default wd-section-disabled\" data-id=\"a77d38a\" data-element_type=\"section\">\n\t\t\t\t\t\t<div class=\"elementor-container elementor-column-gap-default\">\n\t\t\t\t\t<div class=\"elementor-column elementor-col-33 elementor-top-column elementor-element elementor-element-606b0e0\" data-id=\"606b0e0\" data-element_type=\"column\">\n\t\t\t<div class=\"elementor-widget-wrap elementor-element-populated\">\n\t\t\t\t\t\t\t\t<div class=\"elementor-element elementor-element-2efa55d elementor-widget elementor-widget-wd_text_block\" data-id=\"2efa55d\" data-element_type=\"widget\" data-widget_type=\"wd_text_block.default\">\n\t\t\t\t<div class=\"elementor-widget-container\">\n\t\t\t\t\t<div class=\"wd-text-block reset-last-child text-left\">\n\t\t\t\n\t\t\t<h5><strong>M\u00c1S ESPECIFICACIONES<\/strong><strong>:<\/strong><\/h5>\n\t\t\t\t\t<\/div>\n\t\t\t\t<\/div>\n\t\t\t\t<\/div>\n\t\t\t\t<div class=\"elementor-element elementor-element-00b20a9 elementor-widget elementor-widget-wd_text_block\" data-id=\"00b20a9\" data-element_type=\"widget\" data-widget_type=\"wd_text_block.default\">\n\t\t\t\t<div class=\"elementor-widget-container\">\n\t\t\t\t\t<div class=\"wd-text-block reset-last-child text-left\">\n\t\t\t\n\t\t\t<p>\u25cf Micr\u00f3fono <span class=\"line-2\">completamente<\/span> <span class=\"line-3\">extra\u00edble<\/span><br \/>\u25cf Bot\u00f3n de silencio y de control de volumen en la oreja<br \/>\u25cf Sonido <span class=\"line-2\">n\u00edtido y<\/span> personalizado<br \/>\u25cf Construir por dise\u00f1o<br \/>\u25cf Compatibles con el sonido envolvente Windows Sonic<br \/>\u25cf Certificaci\u00f3n Discord<\/p>\n\t\t\t\t\t<\/div>\n\t\t\t\t<\/div>\n\t\t\t\t<\/div>\n\t\t\t\t\t<\/div>\n\t\t<\/div>\n\t\t\t\t<div class=\"elementor-column elementor-col-66 elementor-top-column elementor-element elementor-element-b692253\" data-id=\"b692253\" data-element_type=\"column\">\n\t\t\t<div class=\"elementor-widget-wrap elementor-element-populated\">\n\t\t\t\t\t\t\t\t<div class=\"elementor-element elementor-element-0fefcf7 elementor-widget elementor-widget-wd_image_or_svg\" data-id=\"0fefcf7\" data-element_type=\"widget\" data-widget_type=\"wd_image_or_svg.default\">\n\t\t\t\t<div class=\"elementor-widget-container\">\n\t\t\t\n\t\t<div class=\"wd-image text-center\">\n\t\t\t\t\t\t\t\t<img decoding=\"async\" src=\"https:\/\/tzila.mx\/dev\/wp-content\/uploads\/elementor\/thumbs\/CA-9011198-EU-DES-2-pqmi75q8i25c7j5ywsjk3qumv2yy34beppcbv8erog.jpg\" title=\"CA-9011198-EU-DES-2\" alt=\"CA-9011198-EU-DES-2\" \/>\t\t\t\t\t<\/div>\n\n\t\t\t\t<\/div>\n\t\t\t\t<\/div>\n\t\t\t\t\t<\/div>\n\t\t<\/div>\n\t\t\t\t\t\t\t<\/div>\n\t\t<\/section>\n\t\t\t\t<section class=\"elementor-section elementor-top-section elementor-element elementor-element-ec9e38a elementor-section-boxed elementor-section-height-default elementor-section-height-default wd-section-disabled\" data-id=\"ec9e38a\" data-element_type=\"section\">\n\t\t\t\t\t\t<div class=\"elementor-container elementor-column-gap-default\">\n\t\t\t\t\t<div class=\"elementor-column elementor-col-33 elementor-top-column elementor-element elementor-element-c833c6a\" data-id=\"c833c6a\" data-element_type=\"column\">\n\t\t\t<div class=\"elementor-widget-wrap elementor-element-populated\">\n\t\t\t\t\t\t\t\t<div class=\"elementor-element elementor-element-6ae12e9 elementor-widget elementor-widget-wd_text_block\" data-id=\"6ae12e9\" data-element_type=\"widget\" data-widget_type=\"wd_text_block.default\">\n\t\t\t\t<div class=\"elementor-widget-container\">\n\t\t\t\t\t<div class=\"wd-text-block reset-last-child text-left\">\n\t\t\t\n\t\t\t<p>P\u00f3ngase los auriculares para juegos est\u00e9reo CORSAIR HS35 y disfrute de una voz clara y de un sonido de gran calidad durante horas de juego gracias a la espuma viscoel\u00e1stica y a las almohadillas ajustables, ideales para PC, PS4, Xbox One, Switch y mucho m\u00e1s.<\/p>\n\t\t\t\t\t<\/div>\n\t\t\t\t<\/div>\n\t\t\t\t<\/div>\n\t\t\t\t<div class=\"elementor-element elementor-element-4a437f5 elementor-widget elementor-widget-wd_image_or_svg\" data-id=\"4a437f5\" data-element_type=\"widget\" data-widget_type=\"wd_image_or_svg.default\">\n\t\t\t\t<div class=\"elementor-widget-container\">\n\t\t\t\n\t\t<div class=\"wd-image text-left\">\n\t\t\t\t\t\t\t\t<img loading=\"lazy\" decoding=\"async\" width=\"874\" height=\"546\" src=\"https:\/\/tzila.mx\/dev\/wp-content\/uploads\/2022\/06\/CA-9011198-EU-DES-3.png\" class=\"attachment-full size-full\" alt=\"\" srcset=\"https:\/\/tzila.mx\/dev\/wp-content\/uploads\/2022\/06\/CA-9011198-EU-DES-3.png 874w, https:\/\/tzila.mx\/dev\/wp-content\/uploads\/2022\/06\/CA-9011198-EU-DES-3-400x250.png 400w, https:\/\/tzila.mx\/dev\/wp-content\/uploads\/2022\/06\/CA-9011198-EU-DES-3-768x480.png 768w, https:\/\/tzila.mx\/dev\/wp-content\/uploads\/2022\/06\/CA-9011198-EU-DES-3-860x537.png 860w, https:\/\/tzila.mx\/dev\/wp-content\/uploads\/2022\/06\/CA-9011198-EU-DES-3-430x269.png 430w, https:\/\/tzila.mx\/dev\/wp-content\/uploads\/2022\/06\/CA-9011198-EU-DES-3-700x437.png 700w, https:\/\/tzila.mx\/dev\/wp-content\/uploads\/2022\/06\/CA-9011198-EU-DES-3-150x94.png 150w\" sizes=\"auto, (max-width: 874px) 100vw, 874px\" \/>\t\t\t\t\t<\/div>\n\n\t\t\t\t<\/div>\n\t\t\t\t<\/div>\n\t\t\t\t<div class=\"elementor-element elementor-element-10bce73 elementor-widget elementor-widget-wd_text_block\" data-id=\"10bce73\" data-element_type=\"widget\" data-widget_type=\"wd_text_block.default\">\n\t\t\t\t<div class=\"elementor-widget-container\">\n\t\t\t\t\t<div class=\"wd-text-block reset-last-child text-left\">\n\t\t\t\n\t\t\t<section class=\"hs35_devices-container\"><div class=\"container\"><div class=\"section-pre\"><div class=\"hs35_devices-header\"><h4>Todo lo necesario para ganar<\/h4><p>Solo tiene que conectarlos a un PC, Xbox One*, PS4, Switch o un dispositivo m\u00f3vil con un conector de 3,5\u00a0mm.<\/p><p><small>*Puede ser necesario un adaptador de Microsoft de 3,5\u00a0mm (que se vende por separado).<\/small><\/p><\/div><\/div><\/div><\/section>\n\t\t\t\t\t<\/div>\n\t\t\t\t<\/div>\n\t\t\t\t<\/div>\n\t\t\t\t\t<\/div>\n\t\t<\/div>\n\t\t\t\t<div class=\"elementor-column elementor-col-33 elementor-top-column elementor-element elementor-element-e7b3bda\" data-id=\"e7b3bda\" data-element_type=\"column\">\n\t\t\t<div class=\"elementor-widget-wrap elementor-element-populated\">\n\t\t\t\t\t\t\t\t<div class=\"elementor-element elementor-element-a6cf3a7 elementor-widget elementor-widget-wd_text_block\" data-id=\"a6cf3a7\" data-element_type=\"widget\" data-widget_type=\"wd_text_block.default\">\n\t\t\t\t<div class=\"elementor-widget-container\">\n\t\t\t\t\t<div class=\"wd-text-block reset-last-child text-left\">\n\t\t\t\n\t\t\t<h4>D\u00c9 VIDA A SU AUDIO<\/h4><p>Compatibles con el sonido envolvente Windows Sonic, para que disfrute de un audio inmersivo en 360\u00b0 que lo trasladar\u00e1 directamente al juego.<\/p>\n\t\t\t\t\t<\/div>\n\t\t\t\t<\/div>\n\t\t\t\t<\/div>\n\t\t\t\t<div class=\"elementor-element elementor-element-1c03949 elementor-widget elementor-widget-wd_image_or_svg\" data-id=\"1c03949\" data-element_type=\"widget\" data-widget_type=\"wd_image_or_svg.default\">\n\t\t\t\t<div class=\"elementor-widget-container\">\n\t\t\t\n\t\t<div class=\"wd-image text-left\">\n\t\t\t\t\t\t\t\t<img loading=\"lazy\" decoding=\"async\" width=\"789\" height=\"546\" src=\"https:\/\/tzila.mx\/dev\/wp-content\/uploads\/2022\/06\/CA-9011198-EU-DES-5.png\" class=\"attachment-full size-full\" alt=\"\" srcset=\"https:\/\/tzila.mx\/dev\/wp-content\/uploads\/2022\/06\/CA-9011198-EU-DES-5.png 789w, https:\/\/tzila.mx\/dev\/wp-content\/uploads\/2022\/06\/CA-9011198-EU-DES-5-400x277.png 400w, https:\/\/tzila.mx\/dev\/wp-content\/uploads\/2022\/06\/CA-9011198-EU-DES-5-768x531.png 768w, https:\/\/tzila.mx\/dev\/wp-content\/uploads\/2022\/06\/CA-9011198-EU-DES-5-430x298.png 430w, https:\/\/tzila.mx\/dev\/wp-content\/uploads\/2022\/06\/CA-9011198-EU-DES-5-700x484.png 700w, https:\/\/tzila.mx\/dev\/wp-content\/uploads\/2022\/06\/CA-9011198-EU-DES-5-150x104.png 150w\" sizes=\"auto, (max-width: 789px) 100vw, 789px\" \/>\t\t\t\t\t<\/div>\n\n\t\t\t\t<\/div>\n\t\t\t\t<\/div>\n\t\t\t\t\t<\/div>\n\t\t<\/div>\n\t\t\t\t<div class=\"elementor-column elementor-col-33 elementor-top-column elementor-element elementor-element-ba9b9c1\" data-id=\"ba9b9c1\" data-element_type=\"column\">\n\t\t\t<div class=\"elementor-widget-wrap elementor-element-populated\">\n\t\t\t\t\t\t\t\t<div class=\"elementor-element elementor-element-399896d elementor-widget elementor-widget-wd_text_block\" data-id=\"399896d\" data-element_type=\"widget\" data-widget_type=\"wd_text_block.default\">\n\t\t\t\t<div class=\"elementor-widget-container\">\n\t\t\t\t\t<div class=\"wd-text-block reset-last-child text-left\">\n\t\t\t\n\t\t\t<h4>Mande con confianza<\/h4><p>El micr\u00f3fono unidireccional, extra\u00edble y con la certificaci\u00f3n Discord est\u00e1 optimizado para mejorar la calidad de la voz y reducir el ruido ambiente, de modo que puedan o\u00edrle alto y claro.<\/p>\n\t\t\t\t\t<\/div>\n\t\t\t\t<\/div>\n\t\t\t\t<\/div>\n\t\t\t\t<div class=\"elementor-element elementor-element-7fcb87f elementor-widget elementor-widget-wd_image_or_svg\" data-id=\"7fcb87f\" data-element_type=\"widget\" data-widget_type=\"wd_image_or_svg.default\">\n\t\t\t\t<div class=\"elementor-widget-container\">\n\t\t\t\n\t\t<div class=\"wd-image text-left\">\n\t\t\t\t\t\t\t\t<img loading=\"lazy\" decoding=\"async\" width=\"735\" height=\"542\" src=\"https:\/\/tzila.mx\/dev\/wp-content\/uploads\/2022\/06\/CA-9011198-EU-DES-4.png\" class=\"attachment-full size-full\" alt=\"\" srcset=\"https:\/\/tzila.mx\/dev\/wp-content\/uploads\/2022\/06\/CA-9011198-EU-DES-4.png 735w, https:\/\/tzila.mx\/dev\/wp-content\/uploads\/2022\/06\/CA-9011198-EU-DES-4-400x295.png 400w, https:\/\/tzila.mx\/dev\/wp-content\/uploads\/2022\/06\/CA-9011198-EU-DES-4-430x317.png 430w, https:\/\/tzila.mx\/dev\/wp-content\/uploads\/2022\/06\/CA-9011198-EU-DES-4-700x516.png 700w, https:\/\/tzila.mx\/dev\/wp-content\/uploads\/2022\/06\/CA-9011198-EU-DES-4-150x111.png 150w\" sizes=\"auto, (max-width: 735px) 100vw, 735px\" \/>\t\t\t\t\t<\/div>\n\n\t\t\t\t<\/div>\n\t\t\t\t<\/div>\n\t\t\t\t<div class=\"elementor-element elementor-element-078b475 elementor-widget elementor-widget-wd_button\" data-id=\"078b475\" data-element_type=\"widget\" data-widget_type=\"wd_button.default\">\n\t\t\t\t<div class=\"elementor-widget-container\">\n\t\t\t\t\t<div class=\"wd-button-wrapper text-center\" >\n\t\t\t<a class=\"btn btn-style-link btn-shape- btn-size-large btn-scheme-light btn-scheme-hover-dark btn-icon-pos-right\"  href=\"https:\/\/www.corsair.com\/fr\/es\/Categor%C3%ADas\/Productos\/Auriculares-para-juegos\/Auriculares-est%C3%A9reo\/HS35-Stereo-Gaming-Headset\/p\/CA-9011197-EU\" target=\"_blank\">\n\t\t\t\t<span class=\"wd-btn-text\" data-elementor-setting-key=\"text\">\n\t\t\t\t\tSaber m\u00e1s\t\t\t\t<\/span>\n\n\t\t\t\t\t\t\t<\/a>\n\t\t<\/div>\n\t\t\t\t<\/div>\n\t\t\t\t<\/div>\n\t\t\t\t\t<\/div>\n\t\t<\/div>\n\t\t\t\t\t\t\t<\/div>\n\t\t<\/section>\n\t\t\t\t\t\t<\/div>\n\t\t\t\t\t<\/div>\n\t\t","protected":false},"excerpt":{"rendered":"<h4>Caracter\u00edsticas principales:<\/h4>\n<p class=\"p1\"><span class=\"s1\">\u25cf Al\u00e1mbricos 3,5 mm<\/span><br \/>\n<span class=\"s2\"><span class=\"s1\">\u25cf Sonido est\u00e9reo<\/span><\/span><br \/>\n<span class=\"s1\">\u25cf<span class=\"s2\"> Micr\u00f3fono unidireccional, extra\u00edble, con certificaci\u00f3n Discord<\/span><\/span><br \/>\n<span class=\"s1\">\u25cf Almohadillas ajustables,<\/span><br \/>\n<span class=\"s1\">\u25cf Cancelaci\u00f3n de ruido<\/span><\/p>\n","protected":false},"featured_media":16614,"comment_status":"open","ping_status":"closed","template":"","meta":[],"product_cat":[237,29,85,103],"product_tag":[251],"class_list":["post-16631","product","type-product","status-publish","has-post-thumbnail","hentry","product_cat-audifonos","product_cat-streaming","product_cat-diadema-gamer","product_cat-corsair","product_tag-corsair","pa_brand-corsair"],"_links":{"self":[{"href":"https:\/\/tzila.mx\/dev\/wp-json\/wp\/v2\/product\/16631","targetHints":{"allow":["GET"]}}],"collection":[{"href":"https:\/\/tzila.mx\/dev\/wp-json\/wp\/v2\/product"}],"about":[{"href":"https:\/\/tzila.mx\/dev\/wp-json\/wp\/v2\/types\/product"}],"replies":[{"embeddable":true,"href":"https:\/\/tzila.mx\/dev\/wp-json\/wp\/v2\/comments?post=16631"}],"version-history":[{"count":1,"href":"https:\/\/tzila.mx\/dev\/wp-json\/wp\/v2\/product\/16631\/revisions"}],"predecessor-version":[{"id":16635,"href":"https:\/\/tzila.mx\/dev\/wp-json\/wp\/v2\/product\/16631\/revisions\/16635"}],"wp:featuredmedia":[{"embeddable":true,"href":"https:\/\/tzila.mx\/dev\/wp-json\/wp\/v2\/media\/16614"}],"wp:attachment":[{"href":"https:\/\/tzila.mx\/dev\/wp-json\/wp\/v2\/media?parent=16631"}],"wp:term":[{"taxonomy":"product_cat","embeddable":true,"href":"https:\/\/tzila.mx\/dev\/wp-json\/wp\/v2\/product_cat?post=16631"},{"taxonomy":"product_tag","embeddable":true,"href":"https:\/\/tzila.mx\/dev\/wp-json\/wp\/v2\/product_tag?post=16631"}],"curies":[{"name":"wp","href":"https:\/\/api.w.org\/{rel}","templated":true}]}}