{"id":16523,"date":"2022-06-20T18:53:27","date_gmt":"2022-06-20T23:53:27","guid":{"rendered":"https:\/\/tzila.mx\/dev\/?post_type=product&#038;p=16523"},"modified":"2022-06-29T11:34:02","modified_gmt":"2022-06-29T16:34:02","slug":"teclado-gamer-corsair-strafe-rgb-mk-2","status":"publish","type":"product","link":"https:\/\/tzila.mx\/dev\/producto\/teclado-gamer-corsair-strafe-rgb-mk-2\/","title":{"rendered":"Teclado Gamer CORSAIR STRAFE RGB MK.2"},"content":{"rendered":"\t\t<div data-elementor-type=\"wp-post\" data-elementor-id=\"16523\" class=\"elementor elementor-16523\" data-elementor-settings=\"[]\">\n\t\t\t\t\t\t\t<div class=\"elementor-section-wrap\">\n\t\t\t\t\t\t\t<section class=\"elementor-section elementor-top-section elementor-element elementor-element-154fe09 elementor-section-boxed elementor-section-height-default elementor-section-height-default wd-section-disabled\" data-id=\"154fe09\" data-element_type=\"section\">\n\t\t\t\t\t\t<div class=\"elementor-container elementor-column-gap-default\">\n\t\t\t\t\t<div class=\"elementor-column elementor-col-33 elementor-top-column elementor-element elementor-element-f14913d\" data-id=\"f14913d\" data-element_type=\"column\">\n\t\t\t<div class=\"elementor-widget-wrap elementor-element-populated\">\n\t\t\t\t\t\t\t\t<div class=\"elementor-element elementor-element-3d30eaf elementor-widget elementor-widget-wd_text_block\" data-id=\"3d30eaf\" data-element_type=\"widget\" data-widget_type=\"wd_text_block.default\">\n\t\t\t\t<div class=\"elementor-widget-container\">\n\t\t\t\t\t<div class=\"wd-text-block reset-last-child text-left\">\n\t\t\t\n\t\t\t<h5><strong>CARACTER\u00cdSTICAS GENERALE<\/strong><strong>S<\/strong><strong>:<\/strong><\/h5>\n\t\t\t\t\t<\/div>\n\t\t\t\t<\/div>\n\t\t\t\t<\/div>\n\t\t\t\t<div class=\"elementor-element elementor-element-6d44079 elementor-widget elementor-widget-wd_text_block\" data-id=\"6d44079\" data-element_type=\"widget\" data-widget_type=\"wd_text_block.default\">\n\t\t\t\t<div class=\"elementor-widget-container\">\n\t\t\t\t\t<div class=\"wd-text-block reset-last-child text-left\">\n\t\t\t\n\t\t\t<p>\u25cf Interruotores mec\u00e1nicos 100 % cherry mx<br \/>\u25cf Modo de bloqueo de tecla de windows<br \/>\u25cf Juegos de teclas para fps y moba<br \/>\u25cf Protecci\u00f3n 100 % contra pulsaciones nulas con detecci\u00f3n simult\u00e1nea de teclas<br \/>\u25cf Controles espec\u00edficos para el volumen y el contenido multimedia<br \/>\u25cf Puerto de transferencia usb<br \/>\u25cf Reposamu\u00f1ecas extra\u00edble suave al tacto<\/p>\n\t\t\t\t\t<\/div>\n\t\t\t\t<\/div>\n\t\t\t\t<\/div>\n\t\t\t\t\t<\/div>\n\t\t<\/div>\n\t\t\t\t<div class=\"elementor-column elementor-col-66 elementor-top-column elementor-element elementor-element-1a0b71f\" data-id=\"1a0b71f\" data-element_type=\"column\">\n\t\t\t<div class=\"elementor-widget-wrap elementor-element-populated\">\n\t\t\t\t\t\t\t\t<div class=\"elementor-element elementor-element-6f6445b elementor-widget elementor-widget-wd_image_or_svg\" data-id=\"6f6445b\" data-element_type=\"widget\" data-widget_type=\"wd_image_or_svg.default\">\n\t\t\t\t<div class=\"elementor-widget-container\">\n\t\t\t\n\t\t<div class=\"wd-image text-center\">\n\t\t\t\t\t\t\t\t<img loading=\"lazy\" decoding=\"async\" width=\"1920\" height=\"712\" src=\"https:\/\/tzila.mx\/dev\/wp-content\/uploads\/2022\/06\/CH-9104110-SP-DES-1.jpg\" class=\"attachment-full size-full\" alt=\"\" srcset=\"https:\/\/tzila.mx\/dev\/wp-content\/uploads\/2022\/06\/CH-9104110-SP-DES-1.jpg 1920w, https:\/\/tzila.mx\/dev\/wp-content\/uploads\/2022\/06\/CH-9104110-SP-DES-1-400x148.jpg 400w, https:\/\/tzila.mx\/dev\/wp-content\/uploads\/2022\/06\/CH-9104110-SP-DES-1-1300x482.jpg 1300w, https:\/\/tzila.mx\/dev\/wp-content\/uploads\/2022\/06\/CH-9104110-SP-DES-1-768x285.jpg 768w, https:\/\/tzila.mx\/dev\/wp-content\/uploads\/2022\/06\/CH-9104110-SP-DES-1-1536x570.jpg 1536w, https:\/\/tzila.mx\/dev\/wp-content\/uploads\/2022\/06\/CH-9104110-SP-DES-1-860x319.jpg 860w, https:\/\/tzila.mx\/dev\/wp-content\/uploads\/2022\/06\/CH-9104110-SP-DES-1-1320x490.jpg 1320w, https:\/\/tzila.mx\/dev\/wp-content\/uploads\/2022\/06\/CH-9104110-SP-DES-1-430x159.jpg 430w, https:\/\/tzila.mx\/dev\/wp-content\/uploads\/2022\/06\/CH-9104110-SP-DES-1-700x260.jpg 700w, https:\/\/tzila.mx\/dev\/wp-content\/uploads\/2022\/06\/CH-9104110-SP-DES-1-150x56.jpg 150w\" sizes=\"auto, (max-width: 1920px) 100vw, 1920px\" \/>\t\t\t\t\t<\/div>\n\n\t\t\t\t<\/div>\n\t\t\t\t<\/div>\n\t\t\t\t\t<\/div>\n\t\t<\/div>\n\t\t\t\t\t\t\t<\/div>\n\t\t<\/section>\n\t\t\t\t<section class=\"elementor-section elementor-top-section elementor-element elementor-element-f335c48 elementor-section-boxed elementor-section-height-default elementor-section-height-default wd-section-disabled\" data-id=\"f335c48\" data-element_type=\"section\">\n\t\t\t\t\t\t<div class=\"elementor-container elementor-column-gap-default\">\n\t\t\t\t\t<div class=\"elementor-column elementor-col-33 elementor-top-column elementor-element elementor-element-b982906\" data-id=\"b982906\" data-element_type=\"column\">\n\t\t\t<div class=\"elementor-widget-wrap elementor-element-populated\">\n\t\t\t\t\t\t\t\t<div class=\"elementor-element elementor-element-92b92dc elementor-widget elementor-widget-wd_text_block\" data-id=\"92b92dc\" data-element_type=\"widget\" data-widget_type=\"wd_text_block.default\">\n\t\t\t\t<div class=\"elementor-widget-container\">\n\t\t\t\t\t<div class=\"wd-text-block reset-last-child text-left\">\n\t\t\t\n\t\t\t<div class=\"title\"><h4>LL\u00c9VELO A TODAS PARTES<\/h4><\/div><div class=\"subtitle\"><p>El software CORSAIR iCUE permite una sofisticada programaci\u00f3n de macros y todo el control de la retroiluminaci\u00f3n brillante RGB por tecla con sincronizaci\u00f3n de toda la iluminaci\u00f3n del sistema. Lleve el espect\u00e1culo a todas partes con 8\u00a0MB de almacenamiento interno de perfiles.<\/p><\/div><div class=\"controller\"><div id=\"powered\"><p>Pruebe los perfiles de iluminaci\u00f3n con iCUE.<\/p><\/div><\/div>\n\t\t\t\t\t<\/div>\n\t\t\t\t<\/div>\n\t\t\t\t<\/div>\n\t\t\t\t<div class=\"elementor-element elementor-element-ecdf1c9 elementor-widget elementor-widget-wd_text_block\" data-id=\"ecdf1c9\" data-element_type=\"widget\" data-widget_type=\"wd_text_block.default\">\n\t\t\t\t<div class=\"elementor-widget-container\">\n\t\t\t\t\t<div class=\"wd-text-block reset-last-child text-left\">\n\t\t\t\n\t\t\t<div class=\"col-half top\"><h4>INTERRUOTORES MEC\u00c1NICOS 100\u00a0% CHERRY MX<\/h4><p class=\"description white\">Los interruptores de teclas CHERRY MX Red, con una respuesta lineal y suave y con un accionamiento preciso, pueden responder a sus reflejos en situaciones cr\u00edticas.<\/p><\/div>\n\t\t\t\t\t<\/div>\n\t\t\t\t<\/div>\n\t\t\t\t<\/div>\n\t\t\t\t<div class=\"elementor-element elementor-element-85b7266 elementor-widget elementor-widget-wd_text_block\" data-id=\"85b7266\" data-element_type=\"widget\" data-widget_type=\"wd_text_block.default\">\n\t\t\t\t<div class=\"elementor-widget-container\">\n\t\t\t\t\t<div class=\"wd-text-block reset-last-child text-left\">\n\t\t\t\n\t\t\t<h4>JUEGOS DE TECLAS PARA FPS Y MOBA<\/h4><p class=\"description white\">Las teclas contorneadas y de textura especial permiten un agarre m\u00e1ximo y un tacto mejorado.<\/p>\n\t\t\t\t\t<\/div>\n\t\t\t\t<\/div>\n\t\t\t\t<\/div>\n\t\t\t\t\t<\/div>\n\t\t<\/div>\n\t\t\t\t<div class=\"elementor-column elementor-col-33 elementor-top-column elementor-element elementor-element-efcf9f4\" data-id=\"efcf9f4\" data-element_type=\"column\">\n\t\t\t<div class=\"elementor-widget-wrap elementor-element-populated\">\n\t\t\t\t\t\t\t\t<div class=\"elementor-element elementor-element-a119555 elementor-widget elementor-widget-wd_text_block\" data-id=\"a119555\" data-element_type=\"widget\" data-widget_type=\"wd_text_block.default\">\n\t\t\t\t<div class=\"elementor-widget-container\">\n\t\t\t\t\t<div class=\"wd-text-block reset-last-child text-left\">\n\t\t\t\n\t\t\t<div class=\"wrapper\"><div class=\"col-half top offset-half\"><h4>MODO DE BLOQUEO DE TECLA DE WINDOWS<\/h4><p class=\"description white\">Mantenga la concentraci\u00f3n y evite pulsar accidentalmente la tecla de men\u00fa contextual y de Windows.<\/p><\/div><\/div>\n\t\t\t\t\t<\/div>\n\t\t\t\t<\/div>\n\t\t\t\t<\/div>\n\t\t\t\t<div class=\"elementor-element elementor-element-bbd8d0c elementor-widget elementor-widget-wd_image_or_svg\" data-id=\"bbd8d0c\" data-element_type=\"widget\" data-widget_type=\"wd_image_or_svg.default\">\n\t\t\t\t<div class=\"elementor-widget-container\">\n\t\t\t\n\t\t<div class=\"wd-image text-left\">\n\t\t\t\t\t\t\t\t<img loading=\"lazy\" decoding=\"async\" width=\"779\" height=\"461\" src=\"https:\/\/tzila.mx\/dev\/wp-content\/uploads\/2022\/06\/CH-9104110-SP-DES-2.png\" class=\"attachment-full size-full\" alt=\"\" srcset=\"https:\/\/tzila.mx\/dev\/wp-content\/uploads\/2022\/06\/CH-9104110-SP-DES-2.png 779w, https:\/\/tzila.mx\/dev\/wp-content\/uploads\/2022\/06\/CH-9104110-SP-DES-2-400x237.png 400w, https:\/\/tzila.mx\/dev\/wp-content\/uploads\/2022\/06\/CH-9104110-SP-DES-2-768x454.png 768w, https:\/\/tzila.mx\/dev\/wp-content\/uploads\/2022\/06\/CH-9104110-SP-DES-2-430x254.png 430w, https:\/\/tzila.mx\/dev\/wp-content\/uploads\/2022\/06\/CH-9104110-SP-DES-2-700x414.png 700w, https:\/\/tzila.mx\/dev\/wp-content\/uploads\/2022\/06\/CH-9104110-SP-DES-2-150x89.png 150w\" sizes=\"auto, (max-width: 779px) 100vw, 779px\" \/>\t\t\t\t\t<\/div>\n\n\t\t\t\t<\/div>\n\t\t\t\t<\/div>\n\t\t\t\t<div class=\"elementor-element elementor-element-caaf037 elementor-widget elementor-widget-wd_text_block\" data-id=\"caaf037\" data-element_type=\"widget\" data-widget_type=\"wd_text_block.default\">\n\t\t\t\t<div class=\"elementor-widget-container\">\n\t\t\t\t\t<div class=\"wd-text-block reset-last-child text-left\">\n\t\t\t\n\t\t\t<div class=\"wrapper\"><div class=\"col-half offset-half\"><h4>CONTROLES ESPEC\u00cdFICOS PARA EL VOLUMEN Y EL CONTENIDO MULTIMEDIA<\/h4><p class=\"description white\">Ajuste el sonido sobre la marcha, sin interrumpir el juego.<\/p><\/div><\/div>\n\t\t\t\t\t<\/div>\n\t\t\t\t<\/div>\n\t\t\t\t<\/div>\n\t\t\t\t\t<\/div>\n\t\t<\/div>\n\t\t\t\t<div class=\"elementor-column elementor-col-33 elementor-top-column elementor-element elementor-element-dffdc91\" data-id=\"dffdc91\" data-element_type=\"column\">\n\t\t\t<div class=\"elementor-widget-wrap elementor-element-populated\">\n\t\t\t\t\t\t\t\t<div class=\"elementor-element elementor-element-f4bb4cf elementor-widget elementor-widget-wd_text_block\" data-id=\"f4bb4cf\" data-element_type=\"widget\" data-widget_type=\"wd_text_block.default\">\n\t\t\t\t<div class=\"elementor-widget-container\">\n\t\t\t\t\t<div class=\"wd-text-block reset-last-child text-left\">\n\t\t\t\n\t\t\t<h4>PROTECCI\u00d3N 100\u00a0% CONTRA PULSACIONES NULAS CON DETECCI\u00d3N SIMULT\u00c1NEA DE TECLAS<\/h4><p class=\"description white\">No importa lo r\u00e1pidas que sean sus acciones durante el juego, cada pulsaci\u00f3n de tecla se registra correctamente.<\/p>\n\t\t\t\t\t<\/div>\n\t\t\t\t<\/div>\n\t\t\t\t<\/div>\n\t\t\t\t<div class=\"elementor-element elementor-element-7072623 elementor-widget elementor-widget-wd_text_block\" data-id=\"7072623\" data-element_type=\"widget\" data-widget_type=\"wd_text_block.default\">\n\t\t\t\t<div class=\"elementor-widget-container\">\n\t\t\t\t\t<div class=\"wd-text-block reset-last-child text-left\">\n\t\t\t\n\t\t\t<div class=\"wrapper\"><div class=\"col-half\"><h4>PUERTO DE TRANSFERENCIA USB<\/h4><p class=\"description white\">Acceso c\u00f3modo a un puerto USB adicional para su rat\u00f3n o sus auriculares.<\/p><\/div><\/div>\n\t\t\t\t\t<\/div>\n\t\t\t\t<\/div>\n\t\t\t\t<\/div>\n\t\t\t\t<div class=\"elementor-element elementor-element-e6f8cd6 elementor-widget elementor-widget-wd_text_block\" data-id=\"e6f8cd6\" data-element_type=\"widget\" data-widget_type=\"wd_text_block.default\">\n\t\t\t\t<div class=\"elementor-widget-container\">\n\t\t\t\t\t<div class=\"wd-text-block reset-last-child text-left\">\n\t\t\t\n\t\t\t<div class=\"wrapper\"><div class=\"col-half\"><div class=\"wrapper\"><div class=\"col-half offset-half\"><h4>REPOSAMU\u00d1ECAS EXTRA\u00cdBLE SUAVE AL TACTO<\/h4><p class=\"description white\">proporciona la comodidad necesaria para mejorar su estilo de juego durante las sesiones maratonianas.<\/p><\/div><\/div><\/div><\/div>\n\t\t\t\t\t<\/div>\n\t\t\t\t<\/div>\n\t\t\t\t<\/div>\n\t\t\t\t<div class=\"elementor-element elementor-element-aa5899a elementor-widget elementor-widget-wd_button\" data-id=\"aa5899a\" data-element_type=\"widget\" data-widget_type=\"wd_button.default\">\n\t\t\t\t<div class=\"elementor-widget-container\">\n\t\t\t\t\t<div class=\"wd-button-wrapper text-center\" >\n\t\t\t<a class=\"btn btn-style-link btn-shape- btn-size-default btn-scheme-light btn-scheme-hover-dark btn-icon-pos-right\"  href=\"https:\/\/www.corsair.com\/lm\/es\/Categor%C3%ADas\/Productos\/Teclados-para-juegos\/Teclados-RGB-mec%C3%A1nicos-para-juegos\/STRAFE-RGB-MK-2\/p\/CH-9104110-SP#tab-overview\" target=\"_blank\">\n\t\t\t\t<span class=\"wd-btn-text\" data-elementor-setting-key=\"text\">\n\t\t\t\t\tSABER M\u00c1S\t\t\t\t<\/span>\n\n\t\t\t\t\t\t\t<\/a>\n\t\t<\/div>\n\t\t\t\t<\/div>\n\t\t\t\t<\/div>\n\t\t\t\t\t<\/div>\n\t\t<\/div>\n\t\t\t\t\t\t\t<\/div>\n\t\t<\/section>\n\t\t\t\t\t\t<\/div>\n\t\t\t\t\t<\/div>\n\t\t","protected":false},"excerpt":{"rendered":"<h4>Caracter\u00edsticas principales:<\/h4>\n<p>\u25cf Al\u00e1mbrico USB 2.0 Type-A<br \/>\n\u25cf Teclado mec\u00e1nico<br \/>\n\u25cf Interruptores 100 % CHERRY MX RGB<br \/>\n<span class=\"s1\">\u25cf 8 MB de almacenamiento<\/span><\/p>\n","protected":false},"featured_media":16527,"comment_status":"open","ping_status":"closed","template":"","meta":[],"product_cat":[28,84,103],"product_tag":[251],"class_list":["post-16523","product","type-product","status-publish","has-post-thumbnail","hentry","product_cat-setup","product_cat-teclado-gamer","product_cat-corsair","product_tag-corsair","pa_brand-corsair"],"_links":{"self":[{"href":"https:\/\/tzila.mx\/dev\/wp-json\/wp\/v2\/product\/16523","targetHints":{"allow":["GET"]}}],"collection":[{"href":"https:\/\/tzila.mx\/dev\/wp-json\/wp\/v2\/product"}],"about":[{"href":"https:\/\/tzila.mx\/dev\/wp-json\/wp\/v2\/types\/product"}],"replies":[{"embeddable":true,"href":"https:\/\/tzila.mx\/dev\/wp-json\/wp\/v2\/comments?post=16523"}],"version-history":[{"count":20,"href":"https:\/\/tzila.mx\/dev\/wp-json\/wp\/v2\/product\/16523\/revisions"}],"predecessor-version":[{"id":16557,"href":"https:\/\/tzila.mx\/dev\/wp-json\/wp\/v2\/product\/16523\/revisions\/16557"}],"wp:featuredmedia":[{"embeddable":true,"href":"https:\/\/tzila.mx\/dev\/wp-json\/wp\/v2\/media\/16527"}],"wp:attachment":[{"href":"https:\/\/tzila.mx\/dev\/wp-json\/wp\/v2\/media?parent=16523"}],"wp:term":[{"taxonomy":"product_cat","embeddable":true,"href":"https:\/\/tzila.mx\/dev\/wp-json\/wp\/v2\/product_cat?post=16523"},{"taxonomy":"product_tag","embeddable":true,"href":"https:\/\/tzila.mx\/dev\/wp-json\/wp\/v2\/product_tag?post=16523"}],"curies":[{"name":"wp","href":"https:\/\/api.w.org\/{rel}","templated":true}]}}