{"id":16492,"date":"2022-06-20T15:56:06","date_gmt":"2022-06-20T20:56:06","guid":{"rendered":"https:\/\/tzila.mx\/dev\/?post_type=product&#038;p=16492"},"modified":"2022-06-29T11:34:05","modified_gmt":"2022-06-29T16:34:05","slug":"enfriamiento-liquido-corsair-hydro-series-h60-2018","status":"publish","type":"product","link":"https:\/\/tzila.mx\/dev\/producto\/enfriamiento-liquido-corsair-hydro-series-h60-2018\/","title":{"rendered":"Enfriamiento Liquido CORSAIR Hydro Series\u2122 H60 (2018)"},"content":{"rendered":"\t\t<div data-elementor-type=\"wp-post\" data-elementor-id=\"16492\" class=\"elementor elementor-16492\" data-elementor-settings=\"[]\">\n\t\t\t\t\t\t\t<div class=\"elementor-section-wrap\">\n\t\t\t\t\t\t\t<section class=\"elementor-section elementor-top-section elementor-element elementor-element-154fe09 elementor-section-boxed elementor-section-height-default elementor-section-height-default wd-section-disabled\" data-id=\"154fe09\" data-element_type=\"section\">\n\t\t\t\t\t\t<div class=\"elementor-container elementor-column-gap-default\">\n\t\t\t\t\t<div class=\"elementor-column elementor-col-33 elementor-top-column elementor-element elementor-element-f14913d\" data-id=\"f14913d\" data-element_type=\"column\">\n\t\t\t<div class=\"elementor-widget-wrap elementor-element-populated\">\n\t\t\t\t\t\t\t\t<div class=\"elementor-element elementor-element-3d30eaf elementor-widget elementor-widget-wd_text_block\" data-id=\"3d30eaf\" data-element_type=\"widget\" data-widget_type=\"wd_text_block.default\">\n\t\t\t\t<div class=\"elementor-widget-container\">\n\t\t\t\t\t<div class=\"wd-text-block reset-last-child text-left\">\n\t\t\t\n\t\t\t<h5><strong>CARACTER\u00cdSTICAS GENERALE<\/strong><strong>S<\/strong><strong>:<\/strong><\/h5>\n\t\t\t\t\t<\/div>\n\t\t\t\t<\/div>\n\t\t\t\t<\/div>\n\t\t\t\t<div class=\"elementor-element elementor-element-6d44079 elementor-widget elementor-widget-wd_text_block\" data-id=\"6d44079\" data-element_type=\"widget\" data-widget_type=\"wd_text_block.default\">\n\t\t\t\t<div class=\"elementor-widget-container\">\n\t\t\t\t\t<div class=\"wd-text-block reset-last-child text-left\">\n\t\t\t\n\t\t\t<p>\u25cf Control PWM preciso<br \/>\u25cf Radiador de alta densidad de 120 mm<br \/>\u25cf Cabezal de bombeo con iluminaci\u00f3n led<br \/>\u25cf Placa refrigerante y bomba eficientes<br \/>\u25cf F\u00e1cil instalaci\u00f3n<\/p>\n\t\t\t\t\t<\/div>\n\t\t\t\t<\/div>\n\t\t\t\t<\/div>\n\t\t\t\t\t<\/div>\n\t\t<\/div>\n\t\t\t\t<div class=\"elementor-column elementor-col-66 elementor-top-column elementor-element elementor-element-1a0b71f\" data-id=\"1a0b71f\" data-element_type=\"column\">\n\t\t\t<div class=\"elementor-widget-wrap elementor-element-populated\">\n\t\t\t\t\t\t\t\t<div class=\"elementor-element elementor-element-37c618f elementor-widget elementor-widget-wd_image_or_svg\" data-id=\"37c618f\" data-element_type=\"widget\" data-widget_type=\"wd_image_or_svg.default\">\n\t\t\t\t<div class=\"elementor-widget-container\">\n\t\t\t\n\t\t<div class=\"wd-image text-left\">\n\t\t\t\t\t\t\t\t<img decoding=\"async\" src=\"https:\/\/tzila.mx\/dev\/wp-content\/uploads\/elementor\/thumbs\/CW-9060036-WW-DES-1-pqlymtbzb9xry0x9g9f76dm5r056y853a1c7ty7z5k.png\" title=\"CW-9060036-WW-DES-1\" alt=\"CW-9060036-WW-DES-1\" \/>\t\t\t\t\t<\/div>\n\n\t\t\t\t<\/div>\n\t\t\t\t<\/div>\n\t\t\t\t\t<\/div>\n\t\t<\/div>\n\t\t\t\t\t\t\t<\/div>\n\t\t<\/section>\n\t\t\t\t<section class=\"elementor-section elementor-top-section elementor-element elementor-element-f335c48 elementor-section-boxed elementor-section-height-default elementor-section-height-default wd-section-disabled\" data-id=\"f335c48\" data-element_type=\"section\">\n\t\t\t\t\t\t<div class=\"elementor-container elementor-column-gap-default\">\n\t\t\t\t\t<div class=\"elementor-column elementor-col-33 elementor-top-column elementor-element elementor-element-b982906\" data-id=\"b982906\" data-element_type=\"column\">\n\t\t\t<div class=\"elementor-widget-wrap elementor-element-populated\">\n\t\t\t\t\t\t\t\t<div class=\"elementor-element elementor-element-ecdf1c9 elementor-widget elementor-widget-wd_text_block\" data-id=\"ecdf1c9\" data-element_type=\"widget\" data-widget_type=\"wd_text_block.default\">\n\t\t\t\t<div class=\"elementor-widget-container\">\n\t\t\t\t\t<div class=\"wd-text-block reset-last-child text-left\">\n\t\t\t\n\t\t\t\n<h4>REFRIGERACI\u00d3N L\u00cdQUIDA PARA SU CPU: M\u00c1S FR\u00cdO, M\u00c1S SILENCIO Y M\u00c1S CONTROL<\/h4>\nHydro Series H60 es un refrigerador l\u00edquido de CPU integral con un radiador de 120\u00a0mm dise\u00f1ado para conseguir una refrigeraci\u00f3n l\u00edquida silenciosa para la CPU y un estilo atrevido con un cabezal de bombeo iluminado por LED blanca.\n\n\t\t\t\t\t<\/div>\n\t\t\t\t<\/div>\n\t\t\t\t<\/div>\n\t\t\t\t<div class=\"elementor-element elementor-element-92b92dc elementor-widget elementor-widget-wd_text_block\" data-id=\"92b92dc\" data-element_type=\"widget\" data-widget_type=\"wd_text_block.default\">\n\t\t\t\t<div class=\"elementor-widget-container\">\n\t\t\t\t\t<div class=\"wd-text-block reset-last-child text-left\">\n\t\t\t\n\t\t\t<div class=\"col-half top\"><h4>CONTROL PWM PRECISO<\/h4><p>Ajuste la velocidad del ventilador de forma din\u00e1mica entre 600 y 1700 rpm con un ventilador PWM CORSAIR SP Series de 120\u00a0mm que facilita la tarea de minimizar el ruido o maximizar el flujo de aire.<\/p><\/div>\n\t\t\t\t\t<\/div>\n\t\t\t\t<\/div>\n\t\t\t\t<\/div>\n\t\t\t\t\t<\/div>\n\t\t<\/div>\n\t\t\t\t<div class=\"elementor-column elementor-col-33 elementor-top-column elementor-element elementor-element-efcf9f4\" data-id=\"efcf9f4\" data-element_type=\"column\">\n\t\t\t<div class=\"elementor-widget-wrap elementor-element-populated\">\n\t\t\t\t\t\t\t\t<div class=\"elementor-element elementor-element-b1b6876 elementor-widget elementor-widget-wd_text_block\" data-id=\"b1b6876\" data-element_type=\"widget\" data-widget_type=\"wd_text_block.default\">\n\t\t\t\t<div class=\"elementor-widget-container\">\n\t\t\t\t\t<div class=\"wd-text-block reset-last-child text-left\">\n\t\t\t\n\t\t\t<div class=\"col-half top\"><h4>RADIADOR DE ALTA DENSIDAD DE 120 MM<\/h4><p>La protecci\u00f3n IP32 le ayudar\u00e1 a evitar accidentes y poder seguir jugando.<\/p><\/div>\n\t\t\t\t\t<\/div>\n\t\t\t\t<\/div>\n\t\t\t\t<\/div>\n\t\t\t\t<div class=\"elementor-element elementor-element-a119555 elementor-widget elementor-widget-wd_text_block\" data-id=\"a119555\" data-element_type=\"widget\" data-widget_type=\"wd_text_block.default\">\n\t\t\t\t<div class=\"elementor-widget-container\">\n\t\t\t\t\t<div class=\"wd-text-block reset-last-child text-left\">\n\t\t\t\n\t\t\t<div class=\"wrapper\"><div class=\"col-half white offset-half\"><h4>CABEZAL DE BOMBEO CON ILUMINACI\u00d3N LED<\/h4><p>El cabezal de bombeo con luz LED blanca a\u00f1ade un toque de brillo a cualquier sistema.<\/p><\/div><\/div>\n\t\t\t\t\t<\/div>\n\t\t\t\t<\/div>\n\t\t\t\t<\/div>\n\t\t\t\t<div class=\"elementor-element elementor-element-5bcad9b elementor-widget elementor-widget-wd_image_or_svg\" data-id=\"5bcad9b\" data-element_type=\"widget\" data-widget_type=\"wd_image_or_svg.default\">\n\t\t\t\t<div class=\"elementor-widget-container\">\n\t\t\t\n\t\t<div class=\"wd-image text-left\">\n\t\t\t\t\t\t\t\t<img loading=\"lazy\" decoding=\"async\" width=\"944\" height=\"549\" src=\"https:\/\/tzila.mx\/dev\/wp-content\/uploads\/2022\/06\/CW-9060036-WW-DES-2.png\" class=\"attachment-full size-full\" alt=\"\" srcset=\"https:\/\/tzila.mx\/dev\/wp-content\/uploads\/2022\/06\/CW-9060036-WW-DES-2.png 944w, https:\/\/tzila.mx\/dev\/wp-content\/uploads\/2022\/06\/CW-9060036-WW-DES-2-400x233.png 400w, https:\/\/tzila.mx\/dev\/wp-content\/uploads\/2022\/06\/CW-9060036-WW-DES-2-768x447.png 768w, https:\/\/tzila.mx\/dev\/wp-content\/uploads\/2022\/06\/CW-9060036-WW-DES-2-860x500.png 860w, https:\/\/tzila.mx\/dev\/wp-content\/uploads\/2022\/06\/CW-9060036-WW-DES-2-430x250.png 430w, https:\/\/tzila.mx\/dev\/wp-content\/uploads\/2022\/06\/CW-9060036-WW-DES-2-700x407.png 700w, https:\/\/tzila.mx\/dev\/wp-content\/uploads\/2022\/06\/CW-9060036-WW-DES-2-150x87.png 150w\" sizes=\"auto, (max-width: 944px) 100vw, 944px\" \/>\t\t\t\t\t<\/div>\n\n\t\t\t\t<\/div>\n\t\t\t\t<\/div>\n\t\t\t\t\t<\/div>\n\t\t<\/div>\n\t\t\t\t<div class=\"elementor-column elementor-col-33 elementor-top-column elementor-element elementor-element-dffdc91\" data-id=\"dffdc91\" data-element_type=\"column\">\n\t\t\t<div class=\"elementor-widget-wrap elementor-element-populated\">\n\t\t\t\t\t\t\t\t<div class=\"elementor-element elementor-element-8ccad1e elementor-widget elementor-widget-wd_text_block\" data-id=\"8ccad1e\" data-element_type=\"widget\" data-widget_type=\"wd_text_block.default\">\n\t\t\t\t<div class=\"elementor-widget-container\">\n\t\t\t\t\t<div class=\"wd-text-block reset-last-child text-left\">\n\t\t\t\n\t\t\t<div class=\"col-half top\"><h4>PLACA REFRIGERANTE Y BOMBA EFICIENTES<\/h4><p>Dise\u00f1o de placa refrigerante con optimizaci\u00f3n t\u00e9rmica y bomba silenciosa para una refrigeraci\u00f3n m\u00e1s silenciosa y eficiente.<\/p><\/div>\n\t\t\t\t\t<\/div>\n\t\t\t\t<\/div>\n\t\t\t\t<\/div>\n\t\t\t\t<div class=\"elementor-element elementor-element-f4bb4cf elementor-widget elementor-widget-wd_text_block\" data-id=\"f4bb4cf\" data-element_type=\"widget\" data-widget_type=\"wd_text_block.default\">\n\t\t\t\t<div class=\"elementor-widget-container\">\n\t\t\t\t\t<div class=\"wd-text-block reset-last-child text-left\">\n\t\t\t\n\t\t\t<div class=\"wrapper\"><div class=\"col-half white offset-half\"><h4>F\u00c1CIL INSTALACI\u00d3N<\/h4><p>Soporte de montaje modular sin uso de herramientas para una instalaci\u00f3n r\u00e1pida y f\u00e1cil en todas las CPU de las actuales plataformas AM4, LGA 1151 y LGA 2066.<\/p><\/div><\/div>\n\t\t\t\t\t<\/div>\n\t\t\t\t<\/div>\n\t\t\t\t<\/div>\n\t\t\t\t<div class=\"elementor-element elementor-element-aa5899a elementor-widget elementor-widget-wd_button\" data-id=\"aa5899a\" data-element_type=\"widget\" data-widget_type=\"wd_button.default\">\n\t\t\t\t<div class=\"elementor-widget-container\">\n\t\t\t\t\t<div class=\"wd-button-wrapper text-center\" >\n\t\t\t<a class=\"btn btn-style-link btn-shape- btn-size-default btn-scheme-light btn-scheme-hover-dark btn-icon-pos-right\"  href=\"https:\/\/www.corsair.com\/lm\/es\/Categor%C3%ADas\/Productos\/Refrigeraci%C3%B3n-l%C3%ADquida\/Refrigeradores-l%C3%ADquidos-de-radiador-%C3%BAnico\/Refrigerador-l%C3%ADquido-para-CPU-de-120%C2%A0mm-Hydro-Series%E2%84%A2-H60-%282018%29\/p\/CW-9060036-WW#tab-overview\" target=\"_blank\">\n\t\t\t\t<span class=\"wd-btn-text\" data-elementor-setting-key=\"text\">\n\t\t\t\t\tSABER M\u00c1S\t\t\t\t<\/span>\n\n\t\t\t\t\t\t\t<\/a>\n\t\t<\/div>\n\t\t\t\t<\/div>\n\t\t\t\t<\/div>\n\t\t\t\t\t<\/div>\n\t\t<\/div>\n\t\t\t\t\t\t\t<\/div>\n\t\t<\/section>\n\t\t\t\t\t\t<\/div>\n\t\t\t\t\t<\/div>\n\t\t","protected":false},"excerpt":{"rendered":"<h4>Caracter\u00edsticas principales:<\/h4>\n<p>\u25cf Radiador de 120 mm<br \/>\n\u25cf Refrigeraci\u00f3n l\u00edquida silenciosa<br \/>\n\u25cf Optimizaci\u00f3n t\u00e9rmica y bomba silenciosa<br \/>\n<span class=\"s1\">\u25cf Cabezal de bombeo con luz LED blanca<\/span><br \/>\n<span class=\"s1\">\u25cf Montaje modular sin uso de herramientas<\/span><\/p>\n","protected":false},"featured_media":16493,"comment_status":"open","ping_status":"closed","template":"","meta":[],"product_cat":[20,141,76,103],"product_tag":[251],"class_list":["post-16492","product","type-product","status-publish","has-post-thumbnail","hentry","product_cat-hardware","product_cat-enfriamiento","product_cat-liquid-cooler","product_cat-corsair","product_tag-corsair","pa_brand-corsair"],"_links":{"self":[{"href":"https:\/\/tzila.mx\/dev\/wp-json\/wp\/v2\/product\/16492","targetHints":{"allow":["GET"]}}],"collection":[{"href":"https:\/\/tzila.mx\/dev\/wp-json\/wp\/v2\/product"}],"about":[{"href":"https:\/\/tzila.mx\/dev\/wp-json\/wp\/v2\/types\/product"}],"replies":[{"embeddable":true,"href":"https:\/\/tzila.mx\/dev\/wp-json\/wp\/v2\/comments?post=16492"}],"version-history":[{"count":5,"href":"https:\/\/tzila.mx\/dev\/wp-json\/wp\/v2\/product\/16492\/revisions"}],"predecessor-version":[{"id":16522,"href":"https:\/\/tzila.mx\/dev\/wp-json\/wp\/v2\/product\/16492\/revisions\/16522"}],"wp:featuredmedia":[{"embeddable":true,"href":"https:\/\/tzila.mx\/dev\/wp-json\/wp\/v2\/media\/16493"}],"wp:attachment":[{"href":"https:\/\/tzila.mx\/dev\/wp-json\/wp\/v2\/media?parent=16492"}],"wp:term":[{"taxonomy":"product_cat","embeddable":true,"href":"https:\/\/tzila.mx\/dev\/wp-json\/wp\/v2\/product_cat?post=16492"},{"taxonomy":"product_tag","embeddable":true,"href":"https:\/\/tzila.mx\/dev\/wp-json\/wp\/v2\/product_tag?post=16492"}],"curies":[{"name":"wp","href":"https:\/\/api.w.org\/{rel}","templated":true}]}}