{"id":16465,"date":"2022-06-20T13:32:49","date_gmt":"2022-06-20T18:32:49","guid":{"rendered":"https:\/\/tzila.mx\/dev\/?post_type=product&#038;p=16465"},"modified":"2022-06-29T11:34:07","modified_gmt":"2022-06-29T16:34:07","slug":"mouse-pad-gamer-corsair-mm800-rgb-polaris","status":"publish","type":"product","link":"https:\/\/tzila.mx\/dev\/producto\/mouse-pad-gamer-corsair-mm800-rgb-polaris\/","title":{"rendered":"Mouse Pad Gamer CORSAIR MM800 RGB Polaris"},"content":{"rendered":"\t\t<div data-elementor-type=\"wp-post\" data-elementor-id=\"16465\" class=\"elementor elementor-16465\" data-elementor-settings=\"[]\">\n\t\t\t\t\t\t\t<div class=\"elementor-section-wrap\">\n\t\t\t\t\t\t\t<section class=\"elementor-section elementor-top-section elementor-element elementor-element-a77d38a elementor-section-boxed elementor-section-height-default elementor-section-height-default wd-section-disabled\" data-id=\"a77d38a\" data-element_type=\"section\">\n\t\t\t\t\t\t<div class=\"elementor-container elementor-column-gap-default\">\n\t\t\t\t\t<div class=\"elementor-column elementor-col-33 elementor-top-column elementor-element elementor-element-606b0e0\" data-id=\"606b0e0\" data-element_type=\"column\">\n\t\t\t<div class=\"elementor-widget-wrap elementor-element-populated\">\n\t\t\t\t\t\t\t\t<div class=\"elementor-element elementor-element-2efa55d elementor-widget elementor-widget-wd_text_block\" data-id=\"2efa55d\" data-element_type=\"widget\" data-widget_type=\"wd_text_block.default\">\n\t\t\t\t<div class=\"elementor-widget-container\">\n\t\t\t\t\t<div class=\"wd-text-block reset-last-child text-left\">\n\t\t\t\n\t\t\t<h5><strong>M\u00c1S ESPECIFICACIONES<\/strong><strong>:<\/strong><\/h5>\n\t\t\t\t\t<\/div>\n\t\t\t\t<\/div>\n\t\t\t\t<\/div>\n\t\t\t\t<div class=\"elementor-element elementor-element-00b20a9 elementor-widget elementor-widget-wd_text_block\" data-id=\"00b20a9\" data-element_type=\"widget\" data-widget_type=\"wd_text_block.default\">\n\t\t\t\t<div class=\"elementor-widget-container\">\n\t\t\t\t\t<div class=\"wd-text-block reset-last-child text-left\">\n\t\t\t\n\t\t\t<p>\u25cf VERDADERA TECNOLOG\u00cdA DE ILUMINACI\u00d3N PWM<br \/>\u25cf PUERTO DE INTERCONEXI\u00d3N USB INTEGRADO<br \/>\u25cf SUPERFICIE DE MICROTEXTURA DE BAJA FRICCION<br \/>\u25cf AMPLIA \u00c1REA DE SUPERFICIE BASE ANTIDESLIZANTE<br \/>\u25cf HABILITADO PARA ICUE<br \/>MEJOR JUNTOS<br \/>\u25cf 15 ZONAS. EFECTOS ILIMITADOS.<\/p>\n\t\t\t\t\t<\/div>\n\t\t\t\t<\/div>\n\t\t\t\t<\/div>\n\t\t\t\t\t<\/div>\n\t\t<\/div>\n\t\t\t\t<div class=\"elementor-column elementor-col-66 elementor-top-column elementor-element elementor-element-b692253\" data-id=\"b692253\" data-element_type=\"column\">\n\t\t\t<div class=\"elementor-widget-wrap elementor-element-populated\">\n\t\t\t\t\t\t\t\t<div class=\"elementor-element elementor-element-0fefcf7 elementor-widget elementor-widget-wd_image_or_svg\" data-id=\"0fefcf7\" data-element_type=\"widget\" data-widget_type=\"wd_image_or_svg.default\">\n\t\t\t\t<div class=\"elementor-widget-container\">\n\t\t\t\n\t\t<div class=\"wd-image text-center\">\n\t\t\t\t\t\t\t\t<img loading=\"lazy\" decoding=\"async\" width=\"1920\" height=\"712\" src=\"https:\/\/tzila.mx\/dev\/wp-content\/uploads\/2022\/06\/CH-9440020-NA-DES-1.jpg\" class=\"attachment-full size-full\" alt=\"\" srcset=\"https:\/\/tzila.mx\/dev\/wp-content\/uploads\/2022\/06\/CH-9440020-NA-DES-1.jpg 1920w, https:\/\/tzila.mx\/dev\/wp-content\/uploads\/2022\/06\/CH-9440020-NA-DES-1-400x148.jpg 400w, https:\/\/tzila.mx\/dev\/wp-content\/uploads\/2022\/06\/CH-9440020-NA-DES-1-1300x482.jpg 1300w, https:\/\/tzila.mx\/dev\/wp-content\/uploads\/2022\/06\/CH-9440020-NA-DES-1-768x285.jpg 768w, https:\/\/tzila.mx\/dev\/wp-content\/uploads\/2022\/06\/CH-9440020-NA-DES-1-1536x570.jpg 1536w, https:\/\/tzila.mx\/dev\/wp-content\/uploads\/2022\/06\/CH-9440020-NA-DES-1-860x319.jpg 860w, https:\/\/tzila.mx\/dev\/wp-content\/uploads\/2022\/06\/CH-9440020-NA-DES-1-1320x490.jpg 1320w, https:\/\/tzila.mx\/dev\/wp-content\/uploads\/2022\/06\/CH-9440020-NA-DES-1-430x159.jpg 430w, https:\/\/tzila.mx\/dev\/wp-content\/uploads\/2022\/06\/CH-9440020-NA-DES-1-700x260.jpg 700w, https:\/\/tzila.mx\/dev\/wp-content\/uploads\/2022\/06\/CH-9440020-NA-DES-1-150x56.jpg 150w\" sizes=\"auto, (max-width: 1920px) 100vw, 1920px\" \/>\t\t\t\t\t<\/div>\n\n\t\t\t\t<\/div>\n\t\t\t\t<\/div>\n\t\t\t\t\t<\/div>\n\t\t<\/div>\n\t\t\t\t\t\t\t<\/div>\n\t\t<\/section>\n\t\t\t\t<section class=\"elementor-section elementor-top-section elementor-element elementor-element-ec9e38a elementor-section-boxed elementor-section-height-default elementor-section-height-default wd-section-disabled\" data-id=\"ec9e38a\" data-element_type=\"section\">\n\t\t\t\t\t\t<div class=\"elementor-container elementor-column-gap-default\">\n\t\t\t\t\t<div class=\"elementor-column elementor-col-33 elementor-top-column elementor-element elementor-element-c833c6a\" data-id=\"c833c6a\" data-element_type=\"column\">\n\t\t\t<div class=\"elementor-widget-wrap elementor-element-populated\">\n\t\t\t\t\t\t\t\t<div class=\"elementor-element elementor-element-6ae12e9 elementor-widget elementor-widget-wd_text_block\" data-id=\"6ae12e9\" data-element_type=\"widget\" data-widget_type=\"wd_text_block.default\">\n\t\t\t\t<div class=\"elementor-widget-container\">\n\t\t\t\t\t<div class=\"wd-text-block reset-last-child text-left\">\n\t\t\t\n\t\t\t<div class=\"col-half top\"><h4>Alfombrilla para juegos MM800 RGB POLARIS<\/h4><p>El modelo MM800 RGB POLARIS ofrece la resistencia, el seguimiento y la precisi\u00f3n de las alfombrillas CORSAIR, y a\u00f1ade un nuevo nivel de inmersi\u00f3n LED. Combina una superficie de microtextura de fricci\u00f3n baja con una amplia \u00e1rea de acci\u00f3n (350 mm x 260 mm x 5 mm) para ofrecer un seguimiento preciso al p\u00edxel sin importar el estilo de juego. Sus 15 zonas RGB individuales incluyen la verdadera tecnolog\u00eda de iluminaci\u00f3n PWM para representar el color con la mayor precisi\u00f3n. Sincronice cada una de las zonas de iluminaci\u00f3n con otros productos CORSAIR RGB gracias al software iCUE, y complete as\u00ed la configuraci\u00f3n definitiva para juegos.<\/p><\/div>\n\t\t\t\t\t<\/div>\n\t\t\t\t<\/div>\n\t\t\t\t<\/div>\n\t\t\t\t<div class=\"elementor-element elementor-element-7eaa7f8 elementor-widget elementor-widget-wd_text_block\" data-id=\"7eaa7f8\" data-element_type=\"widget\" data-widget_type=\"wd_text_block.default\">\n\t\t\t\t<div class=\"elementor-widget-container\">\n\t\t\t\t\t<div class=\"wd-text-block reset-last-child text-left\">\n\t\t\t\n\t\t\t<div class=\"col-third\"><div class=\"col-third\"><h4>VERDADERA TECNOLOG\u00cdA DE ILUMINACI\u00d3N PWM<\/h4><p>La modulaci\u00f3n de ancho de pulso reproduce la paleta de color con la mayor precisi\u00f3n<\/p><\/div><\/div>\n\t\t\t\t\t<\/div>\n\t\t\t\t<\/div>\n\t\t\t\t<\/div>\n\t\t\t\t<div class=\"elementor-element elementor-element-4c783d3 elementor-widget elementor-widget-wd_image_or_svg\" data-id=\"4c783d3\" data-element_type=\"widget\" data-widget_type=\"wd_image_or_svg.default\">\n\t\t\t\t<div class=\"elementor-widget-container\">\n\t\t\t\n\t\t<div class=\"wd-image text-left\">\n\t\t\t\t\t\t\t\t<img loading=\"lazy\" decoding=\"async\" width=\"1153\" height=\"544\" src=\"https:\/\/tzila.mx\/dev\/wp-content\/uploads\/2022\/06\/CH-9440020-NA-DES-4.png\" class=\"attachment-full size-full\" alt=\"\" srcset=\"https:\/\/tzila.mx\/dev\/wp-content\/uploads\/2022\/06\/CH-9440020-NA-DES-4.png 1153w, https:\/\/tzila.mx\/dev\/wp-content\/uploads\/2022\/06\/CH-9440020-NA-DES-4-400x189.png 400w, https:\/\/tzila.mx\/dev\/wp-content\/uploads\/2022\/06\/CH-9440020-NA-DES-4-768x362.png 768w, https:\/\/tzila.mx\/dev\/wp-content\/uploads\/2022\/06\/CH-9440020-NA-DES-4-860x406.png 860w, https:\/\/tzila.mx\/dev\/wp-content\/uploads\/2022\/06\/CH-9440020-NA-DES-4-430x203.png 430w, https:\/\/tzila.mx\/dev\/wp-content\/uploads\/2022\/06\/CH-9440020-NA-DES-4-700x330.png 700w, https:\/\/tzila.mx\/dev\/wp-content\/uploads\/2022\/06\/CH-9440020-NA-DES-4-150x71.png 150w\" sizes=\"auto, (max-width: 1153px) 100vw, 1153px\" \/>\t\t\t\t\t<\/div>\n\n\t\t\t\t<\/div>\n\t\t\t\t<\/div>\n\t\t\t\t<div class=\"elementor-element elementor-element-59d6b5d elementor-widget elementor-widget-wd_text_block\" data-id=\"59d6b5d\" data-element_type=\"widget\" data-widget_type=\"wd_text_block.default\">\n\t\t\t\t<div class=\"elementor-widget-container\">\n\t\t\t\t\t<div class=\"wd-text-block reset-last-child text-left\">\n\t\t\t\n\t\t\t<div class=\"col-half\"><div class=\"col-third\"><h4>PUERTO DE INTERCONEXI\u00d3N USB INTEGRADO<\/h4><p>Incluye un puerto de interconexi\u00f3n USB integrado para conectar el rat\u00f3n<\/p><\/div><\/div>\n\t\t\t\t\t<\/div>\n\t\t\t\t<\/div>\n\t\t\t\t<\/div>\n\t\t\t\t<div class=\"elementor-element elementor-element-fd2bee0 elementor-widget elementor-widget-wd_text_block\" data-id=\"fd2bee0\" data-element_type=\"widget\" data-widget_type=\"wd_text_block.default\">\n\t\t\t\t<div class=\"elementor-widget-container\">\n\t\t\t\t\t<div class=\"wd-text-block reset-last-child text-left\">\n\t\t\t\n\t\t\t<div class=\"col-third\"><h4>SUPERFICIE DE MICROTEXTURA DE BAJA FRICCI\u00d3N<\/h4><p>Garantiza un seguimiento r\u00e1pido y preciso al p\u00edxel, y est\u00e1 calibrado tanto para ratones de sensor \u00f3ptico como l\u00e1ser<\/p><\/div>\n\t\t\t\t\t<\/div>\n\t\t\t\t<\/div>\n\t\t\t\t<\/div>\n\t\t\t\t\t<\/div>\n\t\t<\/div>\n\t\t\t\t<div class=\"elementor-column elementor-col-33 elementor-top-column elementor-element elementor-element-e7b3bda\" data-id=\"e7b3bda\" data-element_type=\"column\">\n\t\t\t<div class=\"elementor-widget-wrap elementor-element-populated\">\n\t\t\t\t\t\t\t\t<div class=\"elementor-element elementor-element-c491b35 elementor-widget elementor-widget-wd_text_block\" data-id=\"c491b35\" data-element_type=\"widget\" data-widget_type=\"wd_text_block.default\">\n\t\t\t\t<div class=\"elementor-widget-container\">\n\t\t\t\t\t<div class=\"wd-text-block reset-last-child text-left\">\n\t\t\t\n\t\t\t<div class=\"col-third\"><div class=\"col-third\"><div class=\"col-third\"><div class=\"wrapper\"><div class=\"col-half white offset-half\"><h4>15 ZONAS. EFECTOS ILIMITADOS.<br \/><small>CON TECNOLOG\u00cdA CORSAIR iCUE.<\/small><\/h4><p>Ilumine su estaci\u00f3n de batalla para obtener la ventaja de juego definitiva en su hogar. Cada una de las 15 zonas RGB del MM800 son personalizables, lo que permite realizar combinaciones ilimitadas. Sus luces ultrabrillantes utilizan la verdadera tecnolog\u00eda PWM para ofrecer un procesamiento del color incre\u00edblemente preciso.<\/p><\/div><\/div><\/div><\/div><\/div>\n\t\t\t\t\t<\/div>\n\t\t\t\t<\/div>\n\t\t\t\t<\/div>\n\t\t\t\t<div class=\"elementor-element elementor-element-dab3a41 elementor-widget elementor-widget-wd_image_or_svg\" data-id=\"dab3a41\" data-element_type=\"widget\" data-widget_type=\"wd_image_or_svg.default\">\n\t\t\t\t<div class=\"elementor-widget-container\">\n\t\t\t\n\t\t<div class=\"wd-image text-left\">\n\t\t\t\t\t\t\t\t<img loading=\"lazy\" decoding=\"async\" width=\"892\" height=\"366\" src=\"https:\/\/tzila.mx\/dev\/wp-content\/uploads\/2022\/06\/CH-9440020-NA-DES-5.png\" class=\"attachment-full size-full\" alt=\"\" srcset=\"https:\/\/tzila.mx\/dev\/wp-content\/uploads\/2022\/06\/CH-9440020-NA-DES-5.png 892w, https:\/\/tzila.mx\/dev\/wp-content\/uploads\/2022\/06\/CH-9440020-NA-DES-5-400x164.png 400w, https:\/\/tzila.mx\/dev\/wp-content\/uploads\/2022\/06\/CH-9440020-NA-DES-5-768x315.png 768w, https:\/\/tzila.mx\/dev\/wp-content\/uploads\/2022\/06\/CH-9440020-NA-DES-5-860x353.png 860w, https:\/\/tzila.mx\/dev\/wp-content\/uploads\/2022\/06\/CH-9440020-NA-DES-5-430x176.png 430w, https:\/\/tzila.mx\/dev\/wp-content\/uploads\/2022\/06\/CH-9440020-NA-DES-5-700x287.png 700w, https:\/\/tzila.mx\/dev\/wp-content\/uploads\/2022\/06\/CH-9440020-NA-DES-5-150x62.png 150w\" sizes=\"auto, (max-width: 892px) 100vw, 892px\" \/>\t\t\t\t\t<\/div>\n\n\t\t\t\t<\/div>\n\t\t\t\t<\/div>\n\t\t\t\t<div class=\"elementor-element elementor-element-bf39aa9 elementor-widget elementor-widget-wd_text_block\" data-id=\"bf39aa9\" data-element_type=\"widget\" data-widget_type=\"wd_text_block.default\">\n\t\t\t\t<div class=\"elementor-widget-container\">\n\t\t\t\t\t<div class=\"wd-text-block reset-last-child text-left\">\n\t\t\t\n\t\t\t<div class=\"col-third\"><div class=\"col-third\"><h4>AMPLIA \u00c1REA DE SUPERFICIEY BASE ANTIDESLIZANTE<\/h4><p>El modelo MM800 ofrece un amplio espacio para que pueda lanzar sus ataques m\u00e1s despiadados y una base antideslizante para mantenerlo siempre en su sitio<\/p><\/div><\/div>\n\t\t\t\t\t<\/div>\n\t\t\t\t<\/div>\n\t\t\t\t<\/div>\n\t\t\t\t<div class=\"elementor-element elementor-element-6daa334 elementor-widget elementor-widget-wd_text_block\" data-id=\"6daa334\" data-element_type=\"widget\" data-widget_type=\"wd_text_block.default\">\n\t\t\t\t<div class=\"elementor-widget-container\">\n\t\t\t\t\t<div class=\"wd-text-block reset-last-child text-left\">\n\t\t\t\n\t\t\t<div class=\"col-third\"><div class=\"col-third\"><h4>HABILITADO PARAiCUE<\/h4><p>Construya su propia estaci\u00f3n de batalla gracias a los perfiles de iluminaci\u00f3n exclusivos del modelo MM800, habilitados gracias al software iCUE.<\/p><\/div><\/div>\n\t\t\t\t\t<\/div>\n\t\t\t\t<\/div>\n\t\t\t\t<\/div>\n\t\t\t\t<div class=\"elementor-element elementor-element-420e7e0 elementor-widget elementor-widget-wd_image_or_svg\" data-id=\"420e7e0\" data-element_type=\"widget\" data-widget_type=\"wd_image_or_svg.default\">\n\t\t\t\t<div class=\"elementor-widget-container\">\n\t\t\t\n\t\t<div class=\"wd-image text-left\">\n\t\t\t\t\t\t\t\t<img loading=\"lazy\" decoding=\"async\" width=\"915\" height=\"526\" src=\"https:\/\/tzila.mx\/dev\/wp-content\/uploads\/2022\/06\/CH-9440020-NA-DES-3.png\" class=\"attachment-full size-full\" alt=\"\" srcset=\"https:\/\/tzila.mx\/dev\/wp-content\/uploads\/2022\/06\/CH-9440020-NA-DES-3.png 915w, https:\/\/tzila.mx\/dev\/wp-content\/uploads\/2022\/06\/CH-9440020-NA-DES-3-400x230.png 400w, https:\/\/tzila.mx\/dev\/wp-content\/uploads\/2022\/06\/CH-9440020-NA-DES-3-768x441.png 768w, https:\/\/tzila.mx\/dev\/wp-content\/uploads\/2022\/06\/CH-9440020-NA-DES-3-860x494.png 860w, https:\/\/tzila.mx\/dev\/wp-content\/uploads\/2022\/06\/CH-9440020-NA-DES-3-430x247.png 430w, https:\/\/tzila.mx\/dev\/wp-content\/uploads\/2022\/06\/CH-9440020-NA-DES-3-700x402.png 700w, https:\/\/tzila.mx\/dev\/wp-content\/uploads\/2022\/06\/CH-9440020-NA-DES-3-150x86.png 150w\" sizes=\"auto, (max-width: 915px) 100vw, 915px\" \/>\t\t\t\t\t<\/div>\n\n\t\t\t\t<\/div>\n\t\t\t\t<\/div>\n\t\t\t\t\t<\/div>\n\t\t<\/div>\n\t\t\t\t<div class=\"elementor-column elementor-col-33 elementor-top-column elementor-element elementor-element-ba9b9c1\" data-id=\"ba9b9c1\" data-element_type=\"column\">\n\t\t\t<div class=\"elementor-widget-wrap elementor-element-populated\">\n\t\t\t\t\t\t\t\t<div class=\"elementor-element elementor-element-432450c elementor-widget elementor-widget-wd_text_block\" data-id=\"432450c\" data-element_type=\"widget\" data-widget_type=\"wd_text_block.default\">\n\t\t\t\t<div class=\"elementor-widget-container\">\n\t\t\t\t\t<div class=\"wd-text-block reset-last-child text-left\">\n\t\t\t\n\t\t\t<div class=\"col-third\"><div class=\"col-third\"><div class=\"col-third\"><h4>MEJORJUNTOS<\/h4><p>Sincronice todos los productos para juegos RGB CORSAIR gracias al modo Lighting Link de iCUE<\/p><\/div><\/div><\/div>\n\t\t\t\t\t<\/div>\n\t\t\t\t<\/div>\n\t\t\t\t<\/div>\n\t\t\t\t<div class=\"elementor-element elementor-element-e9a0365 elementor-widget elementor-widget-wd_image_or_svg\" data-id=\"e9a0365\" data-element_type=\"widget\" data-widget_type=\"wd_image_or_svg.default\">\n\t\t\t\t<div class=\"elementor-widget-container\">\n\t\t\t\n\t\t<div class=\"wd-image text-left\">\n\t\t\t\t\t\t\t\t<img loading=\"lazy\" decoding=\"async\" width=\"954\" height=\"545\" src=\"https:\/\/tzila.mx\/dev\/wp-content\/uploads\/2022\/06\/CH-9440020-NA-DES-2.png\" class=\"attachment-full size-full\" alt=\"\" srcset=\"https:\/\/tzila.mx\/dev\/wp-content\/uploads\/2022\/06\/CH-9440020-NA-DES-2.png 954w, https:\/\/tzila.mx\/dev\/wp-content\/uploads\/2022\/06\/CH-9440020-NA-DES-2-400x229.png 400w, https:\/\/tzila.mx\/dev\/wp-content\/uploads\/2022\/06\/CH-9440020-NA-DES-2-768x439.png 768w, https:\/\/tzila.mx\/dev\/wp-content\/uploads\/2022\/06\/CH-9440020-NA-DES-2-860x491.png 860w, https:\/\/tzila.mx\/dev\/wp-content\/uploads\/2022\/06\/CH-9440020-NA-DES-2-430x246.png 430w, https:\/\/tzila.mx\/dev\/wp-content\/uploads\/2022\/06\/CH-9440020-NA-DES-2-700x400.png 700w, https:\/\/tzila.mx\/dev\/wp-content\/uploads\/2022\/06\/CH-9440020-NA-DES-2-150x86.png 150w\" sizes=\"auto, (max-width: 954px) 100vw, 954px\" \/>\t\t\t\t\t<\/div>\n\n\t\t\t\t<\/div>\n\t\t\t\t<\/div>\n\t\t\t\t<div class=\"elementor-element elementor-element-acf7f8a elementor-widget elementor-widget-wd_text_block\" data-id=\"acf7f8a\" data-element_type=\"widget\" data-widget_type=\"wd_text_block.default\">\n\t\t\t\t<div class=\"elementor-widget-container\">\n\t\t\t\t\t<div class=\"wd-text-block reset-last-child text-left\">\n\t\t\t\n\t\t\t<div class=\"col-third\"><div class=\"wrapper\"><div class=\"col-half white\"><h4>LIBERE UN PUERTO USB. <br \/><small>PUERTO DE INTERCONEXI\u00d3N USB INTEGRADO<\/small><\/h4><p>El modelo MM800 RGB POLARIS incluye un puerto de interconexi\u00f3n USB para el rat\u00f3n. De esta forma, permite reservar un puerto del equipo para otros dispositivos.<\/p><\/div><\/div><\/div>\n\t\t\t\t\t<\/div>\n\t\t\t\t<\/div>\n\t\t\t\t<\/div>\n\t\t\t\t<div class=\"elementor-element elementor-element-3a501d4 elementor-widget elementor-widget-wd_text_block\" data-id=\"3a501d4\" data-element_type=\"widget\" data-widget_type=\"wd_text_block.default\">\n\t\t\t\t<div class=\"elementor-widget-container\">\n\t\t\t\t\t<div class=\"wd-text-block reset-last-child text-left\">\n\t\t\t\n\t\t\t<div class=\"col-third\"><div class=\"wrapper\"><div class=\"col-half white\"><div class=\"wrapper\"><div class=\"col-half white offset-half\"><h4>TRACCI\u00d3N. CONTROL.<br \/><small>NO PIERDA NUNCA EL AGARRE... O EL JUEGO.<\/small><\/h4><p>La superficie de microtextura de baja fricci\u00f3n del MM800 garantiza un seguimiento r\u00e1pido y preciso al p\u00edxel, y est\u00e1 calibrado tanto para ratones de sensor \u00f3ptico como l\u00e1ser.<\/p><\/div><\/div><\/div><\/div><\/div>\n\t\t\t\t\t<\/div>\n\t\t\t\t<\/div>\n\t\t\t\t<\/div>\n\t\t\t\t<div class=\"elementor-element elementor-element-1bfb1da elementor-widget elementor-widget-wd_text_block\" data-id=\"1bfb1da\" data-element_type=\"widget\" data-widget_type=\"wd_text_block.default\">\n\t\t\t\t<div class=\"elementor-widget-container\">\n\t\t\t\t\t<div class=\"wd-text-block reset-last-child text-left\">\n\t\t\t\n\t\t\t<div class=\"col-third\"><div class=\"wrapper\"><div class=\"col-half white\"><div class=\"wrapper\"><div class=\"col-half white offset-half\"><div class=\"wrapper\"><div class=\"col-half white\"><h4>ESPACIO PARA JUGAR.<br \/><small>AMPLIA SUPERFICIE. PRECISI\u00d3N ABSOLUTA.<\/small><\/h4><p>La amplia superficie de 350 mm x 260 mm x 5 mm le ofrece todo el espacio que necesita para lanzar ataques despiadados sin renunciar a una v\u00eda de escape.<\/p><\/div><\/div><\/div><\/div><\/div><\/div><\/div>\n\t\t\t\t\t<\/div>\n\t\t\t\t<\/div>\n\t\t\t\t<\/div>\n\t\t\t\t<div class=\"elementor-element elementor-element-078b475 elementor-widget elementor-widget-wd_button\" data-id=\"078b475\" data-element_type=\"widget\" data-widget_type=\"wd_button.default\">\n\t\t\t\t<div class=\"elementor-widget-container\">\n\t\t\t\t\t<div class=\"wd-button-wrapper text-center\" >\n\t\t\t<a class=\"btn btn-style-link btn-shape- btn-size-large btn-scheme-light btn-scheme-hover-dark btn-icon-pos-right\"  href=\"https:\/\/www.corsair.com\/lm\/es\/Categor%C3%ADas\/Productos\/Alfombrillas-para-juegos\/Alfombrillas-multifunci%C3%B3n-y-RGB\/Alfombrilla-para-juegos-MM800-RGB-POLARIS\/p\/CH-9440020-NA#tab-overview\" target=\"_blank\">\n\t\t\t\t<span class=\"wd-btn-text\" data-elementor-setting-key=\"text\">\n\t\t\t\t\tSaber m\u00e1s\t\t\t\t<\/span>\n\n\t\t\t\t\t\t\t<\/a>\n\t\t<\/div>\n\t\t\t\t<\/div>\n\t\t\t\t<\/div>\n\t\t\t\t\t<\/div>\n\t\t<\/div>\n\t\t\t\t\t\t\t<\/div>\n\t\t<\/section>\n\t\t\t\t\t\t<\/div>\n\t\t\t\t\t<\/div>\n\t\t","protected":false},"excerpt":{"rendered":"<h4>Caracter\u00edsticas principales:<\/h4>\n<p class=\"p1\">\u25cf Microtextura de fricci\u00f3n baja<br \/>\n\u25cf Amplia \u00e1rea de acci\u00f3n (350 mm x 260 mm x 5 mm)<br \/>\n\u25cf 5 zonas RGB individuales<br \/>\n\u25cf Tecnolog\u00eda de iluminaci\u00f3n PWM<br \/>\n\u25cf Software iCUE<br \/>\n\u25cf Puerto de interconexi\u00f3n USB<\/p>\n","protected":false},"featured_media":16466,"comment_status":"open","ping_status":"closed","template":"","meta":[],"product_cat":[28,82,103],"product_tag":[251],"class_list":["post-16465","product","type-product","status-publish","has-post-thumbnail","hentry","product_cat-setup","product_cat-mouse-pad","product_cat-corsair","product_tag-corsair","pa_brand-corsair"],"_links":{"self":[{"href":"https:\/\/tzila.mx\/dev\/wp-json\/wp\/v2\/product\/16465","targetHints":{"allow":["GET"]}}],"collection":[{"href":"https:\/\/tzila.mx\/dev\/wp-json\/wp\/v2\/product"}],"about":[{"href":"https:\/\/tzila.mx\/dev\/wp-json\/wp\/v2\/types\/product"}],"replies":[{"embeddable":true,"href":"https:\/\/tzila.mx\/dev\/wp-json\/wp\/v2\/comments?post=16465"}],"version-history":[{"count":11,"href":"https:\/\/tzila.mx\/dev\/wp-json\/wp\/v2\/product\/16465\/revisions"}],"predecessor-version":[{"id":16491,"href":"https:\/\/tzila.mx\/dev\/wp-json\/wp\/v2\/product\/16465\/revisions\/16491"}],"wp:featuredmedia":[{"embeddable":true,"href":"https:\/\/tzila.mx\/dev\/wp-json\/wp\/v2\/media\/16466"}],"wp:attachment":[{"href":"https:\/\/tzila.mx\/dev\/wp-json\/wp\/v2\/media?parent=16465"}],"wp:term":[{"taxonomy":"product_cat","embeddable":true,"href":"https:\/\/tzila.mx\/dev\/wp-json\/wp\/v2\/product_cat?post=16465"},{"taxonomy":"product_tag","embeddable":true,"href":"https:\/\/tzila.mx\/dev\/wp-json\/wp\/v2\/product_tag?post=16465"}],"curies":[{"name":"wp","href":"https:\/\/api.w.org\/{rel}","templated":true}]}}