{"id":16428,"date":"2022-06-17T21:19:24","date_gmt":"2022-06-18T02:19:24","guid":{"rendered":"https:\/\/tzila.mx\/dev\/?post_type=product&#038;p=16428"},"modified":"2022-06-29T11:34:14","modified_gmt":"2022-06-29T16:34:14","slug":"enfriamiento-liquido-corsair-hydro-series-h80i-v2","status":"publish","type":"product","link":"https:\/\/tzila.mx\/dev\/producto\/enfriamiento-liquido-corsair-hydro-series-h80i-v2\/","title":{"rendered":"Enfriamiento Liquido CORSAIR Hydro Series\u2122 H80i v2"},"content":{"rendered":"\t\t<div data-elementor-type=\"wp-post\" data-elementor-id=\"16428\" class=\"elementor elementor-16428\" data-elementor-settings=\"[]\">\n\t\t\t\t\t\t\t<div class=\"elementor-section-wrap\">\n\t\t\t\t\t\t\t<section class=\"elementor-section elementor-top-section elementor-element elementor-element-154fe09 elementor-section-boxed elementor-section-height-default elementor-section-height-default wd-section-disabled\" data-id=\"154fe09\" data-element_type=\"section\">\n\t\t\t\t\t\t<div class=\"elementor-container elementor-column-gap-default\">\n\t\t\t\t\t<div class=\"elementor-column elementor-col-33 elementor-top-column elementor-element elementor-element-f14913d\" data-id=\"f14913d\" data-element_type=\"column\">\n\t\t\t<div class=\"elementor-widget-wrap elementor-element-populated\">\n\t\t\t\t\t\t\t\t<div class=\"elementor-element elementor-element-3d30eaf elementor-widget elementor-widget-wd_text_block\" data-id=\"3d30eaf\" data-element_type=\"widget\" data-widget_type=\"wd_text_block.default\">\n\t\t\t\t<div class=\"elementor-widget-container\">\n\t\t\t\t\t<div class=\"wd-text-block reset-last-child text-left\">\n\t\t\t\n\t\t\t<h5><strong>CARACTER\u00cdSTICAS GENERALE<\/strong><strong>S<\/strong><strong>:<\/strong><\/h5>\n\t\t\t\t\t<\/div>\n\t\t\t\t<\/div>\n\t\t\t\t<\/div>\n\t\t\t\t<div class=\"elementor-element elementor-element-6d44079 elementor-widget elementor-widget-wd_text_block\" data-id=\"6d44079\" data-element_type=\"widget\" data-widget_type=\"wd_text_block.default\">\n\t\t\t\t<div class=\"elementor-widget-container\">\n\t\t\t\t\t<div class=\"wd-text-block reset-last-child text-left\">\n\t\t\t\n\t\t\t<p>\u25cf El sistema de refrigeraci\u00f3n l\u00edquida para CPU flexible y potente de 120 mm para PC de elevadas prestaciones.<br \/>\u25cf Radiador extra grueso<br \/>\u25cf Rendimiento de la refrigeraci\u00f3n personalizada<br \/>CORSAIR iCUE integrado<br \/>\u25cf Una refrigeraci\u00f3n m\u00e1s sencilla de la CPU de alto rendimiento<\/p>\n\t\t\t\t\t<\/div>\n\t\t\t\t<\/div>\n\t\t\t\t<\/div>\n\t\t\t\t\t<\/div>\n\t\t<\/div>\n\t\t\t\t<div class=\"elementor-column elementor-col-66 elementor-top-column elementor-element elementor-element-1a0b71f\" data-id=\"1a0b71f\" data-element_type=\"column\">\n\t\t\t<div class=\"elementor-widget-wrap\">\n\t\t\t\t\t\t\t\t\t<\/div>\n\t\t<\/div>\n\t\t\t\t\t\t\t<\/div>\n\t\t<\/section>\n\t\t\t\t<section class=\"elementor-section elementor-top-section elementor-element elementor-element-f335c48 elementor-section-boxed elementor-section-height-default elementor-section-height-default wd-section-disabled\" data-id=\"f335c48\" data-element_type=\"section\">\n\t\t\t\t\t\t<div class=\"elementor-container elementor-column-gap-default\">\n\t\t\t\t\t<div class=\"elementor-column elementor-col-33 elementor-top-column elementor-element elementor-element-b982906\" data-id=\"b982906\" data-element_type=\"column\">\n\t\t\t<div class=\"elementor-widget-wrap elementor-element-populated\">\n\t\t\t\t\t\t\t\t<div class=\"elementor-element elementor-element-ecdf1c9 elementor-widget elementor-widget-wd_text_block\" data-id=\"ecdf1c9\" data-element_type=\"widget\" data-widget_type=\"wd_text_block.default\">\n\t\t\t\t<div class=\"elementor-widget-container\">\n\t\t\t\t\t<div class=\"wd-text-block reset-last-child text-left\">\n\t\t\t\n\t\t\t<h4>Acerca de los refrigeradores por l\u00edquido para CPU Hydro Series<\/h4>\nLos refrigeradores de CPU Corsair Hydro Series le ofrecen la potencia de la refrigeraci\u00f3n l\u00edquida en un paquete compacto f\u00e1cil de instalar. Brindan una refrigeraci\u00f3n superior para un rendimiento de overclocking elevado, sin la complejidad de los tradicionales m\u00f3dulos de refrigeraci\u00f3n por agua.\n\t\t\t\t\t<\/div>\n\t\t\t\t<\/div>\n\t\t\t\t<\/div>\n\t\t\t\t<div class=\"elementor-element elementor-element-92b92dc elementor-widget elementor-widget-wd_text_block\" data-id=\"92b92dc\" data-element_type=\"widget\" data-widget_type=\"wd_text_block.default\">\n\t\t\t\t<div class=\"elementor-widget-container\">\n\t\t\t\t\t<div class=\"wd-text-block reset-last-child text-left\">\n\t\t\t\n\t\t\t<p>El refrigerador l\u00edquido para CPU Hydro Series\u2122 H80i v2 cuenta con un radiador de 120 mm extra grueso y dos ventiladores SP120L PWM para suministrar una refrigeraci\u00f3n eficiente y personalizable a su CPU de elevadas prestaciones.<\/p>\n\t\t\t\t\t<\/div>\n\t\t\t\t<\/div>\n\t\t\t\t<\/div>\n\t\t\t\t<div class=\"elementor-element elementor-element-b1b6876 elementor-widget elementor-widget-wd_text_block\" data-id=\"b1b6876\" data-element_type=\"widget\" data-widget_type=\"wd_text_block.default\">\n\t\t\t\t<div class=\"elementor-widget-container\">\n\t\t\t\t\t<div class=\"wd-text-block reset-last-child text-left\">\n\t\t\t\n\t\t\t<h4>Radiador extra grueso<\/h4><p>El radiador de 120 mm se adapta a los puntos de montaje est\u00e1ndar de 120 mm para una amplia compatibilidad, pero cuenta con una profundidad de 49 mm que ofrece una mayor \u00e1rea de superficie de refrigeraci\u00f3n, as\u00ed como una refrigeraci\u00f3n m\u00e1s r\u00e1pida y m\u00e1s eficaz.<\/p>\n\t\t\t\t\t<\/div>\n\t\t\t\t<\/div>\n\t\t\t\t<\/div>\n\t\t\t\t\t<\/div>\n\t\t<\/div>\n\t\t\t\t<div class=\"elementor-column elementor-col-33 elementor-top-column elementor-element elementor-element-efcf9f4\" data-id=\"efcf9f4\" data-element_type=\"column\">\n\t\t\t<div class=\"elementor-widget-wrap elementor-element-populated\">\n\t\t\t\t\t\t\t\t<div class=\"elementor-element elementor-element-a119555 elementor-widget elementor-widget-wd_text_block\" data-id=\"a119555\" data-element_type=\"widget\" data-widget_type=\"wd_text_block.default\">\n\t\t\t\t<div class=\"elementor-widget-container\">\n\t\t\t\t\t<div class=\"wd-text-block reset-last-child text-left\">\n\t\t\t\n\t\t\t<h4>El sistema de refrigeraci\u00f3n l\u00edquida para CPU flexible y potente de 120 mm para PC de elevadas prestaciones.<\/h4><p>El Hydro Series H80i v2 es un refrigerador integral para CPU de rendimiento extremo que funciona con puntos de montaje para radiadores de 120 mm est\u00e1ndar. El radiador extra grueso de 49 mm x 120 mm y los dos ventiladores SP120L PWM disipan eficazmente el calor generado por la CPU de elevadas prestaciones. Es compatible con CORSAIR iCUE, por lo que puede personalizar el rendimiento de la refrigeraci\u00f3n, supervisar la temperatura del sistema y cambiar el color de la iluminaci\u00f3n LED RGB.<\/p>\n\t\t\t\t\t<\/div>\n\t\t\t\t<\/div>\n\t\t\t\t<\/div>\n\t\t\t\t<div class=\"elementor-element elementor-element-8ccad1e elementor-widget elementor-widget-wd_text_block\" data-id=\"8ccad1e\" data-element_type=\"widget\" data-widget_type=\"wd_text_block.default\">\n\t\t\t\t<div class=\"elementor-widget-container\">\n\t\t\t\t\t<div class=\"wd-text-block reset-last-child text-left\">\n\t\t\t\n\t\t\t<h4>Una refrigeraci\u00f3n m\u00e1s sencilla de la CPU de alto rendimiento<\/h4><p>El H80i v2 es un dise\u00f1o de circuito cerrado que viene prerrellenado. Incluye un soporte de montaje modular y que no precisa de herramientas para una instalaci\u00f3n m\u00e1s r\u00e1pida, y presenta un dise\u00f1o mejorado de la placa refrigerante y de la bomba para una eficacia sumamente optimizada.<\/p>\n\t\t\t\t\t<\/div>\n\t\t\t\t<\/div>\n\t\t\t\t<\/div>\n\t\t\t\t\t<\/div>\n\t\t<\/div>\n\t\t\t\t<div class=\"elementor-column elementor-col-33 elementor-top-column elementor-element elementor-element-dffdc91\" data-id=\"dffdc91\" data-element_type=\"column\">\n\t\t\t<div class=\"elementor-widget-wrap elementor-element-populated\">\n\t\t\t\t\t\t\t\t<div class=\"elementor-element elementor-element-f4bb4cf elementor-widget elementor-widget-wd_text_block\" data-id=\"f4bb4cf\" data-element_type=\"widget\" data-widget_type=\"wd_text_block.default\">\n\t\t\t\t<div class=\"elementor-widget-container\">\n\t\t\t\t\t<div class=\"wd-text-block reset-last-child text-left\">\n\t\t\t\n\t\t\t<h4>Rendimiento de la refrigeraci\u00f3n personalizada<\/h4><p>Puede seleccionar la velocidad de los dos ventiladores SP120L PWM mediante el panel de control de CORSAIR iCUE o cualquier otra utilidad est\u00e1ndar para controlar la velocidad de los ventiladores. Y adem\u00e1s, dispone de varias opciones: utilice solo un ventilador para ahorrar espacio, o instale los dos en una configuraci\u00f3n de entrada-salida para una mayor eficiencia de refrigeraci\u00f3n.<\/p>\n\t\t\t\t\t<\/div>\n\t\t\t\t<\/div>\n\t\t\t\t<\/div>\n\t\t\t\t<div class=\"elementor-element elementor-element-aa5899a elementor-widget elementor-widget-wd_button\" data-id=\"aa5899a\" data-element_type=\"widget\" data-widget_type=\"wd_button.default\">\n\t\t\t\t<div class=\"elementor-widget-container\">\n\t\t\t\t\t<div class=\"wd-button-wrapper text-center\" >\n\t\t\t<a class=\"btn btn-style-link btn-shape- btn-size-default btn-scheme-light btn-scheme-hover-dark btn-icon-pos-right\"  href=\"https:\/\/www.corsair.com\/lm\/es\/Categor%C3%ADas\/Productos\/Refrigeraci%C3%B3n-l%C3%ADquida\/Refrigeradores-l%C3%ADquidos-de-radiador-%C3%BAnico\/Refrigerante-l%C3%ADquido-para-CPU-Hydro-Series%E2%84%A2-H80i-v2\/p\/CW-9060024-WW#tab-overview\" target=\"_blank\">\n\t\t\t\t<span class=\"wd-btn-text\" data-elementor-setting-key=\"text\">\n\t\t\t\t\tSABER M\u00c1S\t\t\t\t<\/span>\n\n\t\t\t\t\t\t\t<\/a>\n\t\t<\/div>\n\t\t\t\t<\/div>\n\t\t\t\t<\/div>\n\t\t\t\t\t<\/div>\n\t\t<\/div>\n\t\t\t\t\t\t\t<\/div>\n\t\t<\/section>\n\t\t\t\t\t\t<\/div>\n\t\t\t\t\t<\/div>\n\t\t","protected":false},"excerpt":{"rendered":"<h4>Caracter\u00edsticas principales:<\/h4>\n<p>\u25cf Radiador de 120 mm<br \/>\n\u25cf Material extra grueso<br \/>\n<span class=\"s1\">\u25cf Dos ventiladores SP120L PWM<\/span><br \/>\n<span class=\"s1\">\u25cf Refrigeraci\u00f3n eficiente y personalizable a su CPU<\/span><\/p>\n","protected":false},"featured_media":16429,"comment_status":"open","ping_status":"closed","template":"","meta":[],"product_cat":[20,141,76,103],"product_tag":[251],"class_list":["post-16428","product","type-product","status-publish","has-post-thumbnail","hentry","product_cat-hardware","product_cat-enfriamiento","product_cat-liquid-cooler","product_cat-corsair","product_tag-corsair","pa_brand-corsair"],"_links":{"self":[{"href":"https:\/\/tzila.mx\/dev\/wp-json\/wp\/v2\/product\/16428","targetHints":{"allow":["GET"]}}],"collection":[{"href":"https:\/\/tzila.mx\/dev\/wp-json\/wp\/v2\/product"}],"about":[{"href":"https:\/\/tzila.mx\/dev\/wp-json\/wp\/v2\/types\/product"}],"replies":[{"embeddable":true,"href":"https:\/\/tzila.mx\/dev\/wp-json\/wp\/v2\/comments?post=16428"}],"version-history":[{"count":15,"href":"https:\/\/tzila.mx\/dev\/wp-json\/wp\/v2\/product\/16428\/revisions"}],"predecessor-version":[{"id":16450,"href":"https:\/\/tzila.mx\/dev\/wp-json\/wp\/v2\/product\/16428\/revisions\/16450"}],"wp:featuredmedia":[{"embeddable":true,"href":"https:\/\/tzila.mx\/dev\/wp-json\/wp\/v2\/media\/16429"}],"wp:attachment":[{"href":"https:\/\/tzila.mx\/dev\/wp-json\/wp\/v2\/media?parent=16428"}],"wp:term":[{"taxonomy":"product_cat","embeddable":true,"href":"https:\/\/tzila.mx\/dev\/wp-json\/wp\/v2\/product_cat?post=16428"},{"taxonomy":"product_tag","embeddable":true,"href":"https:\/\/tzila.mx\/dev\/wp-json\/wp\/v2\/product_tag?post=16428"}],"curies":[{"name":"wp","href":"https:\/\/api.w.org\/{rel}","templated":true}]}}