{"id":16385,"date":"2022-06-16T20:46:56","date_gmt":"2022-06-17T01:46:56","guid":{"rendered":"https:\/\/tzila.mx\/dev\/?post_type=product&#038;p=16385"},"modified":"2022-06-29T11:34:19","modified_gmt":"2022-06-29T16:34:19","slug":"enfriamiento-por-aire-cooler-master-hyper-212-argb","status":"publish","type":"product","link":"https:\/\/tzila.mx\/dev\/producto\/enfriamiento-por-aire-cooler-master-hyper-212-argb\/","title":{"rendered":"Enfriamiento por Aire COOLER MASTER Hyper 212 ARGB"},"content":{"rendered":"\t\t<div data-elementor-type=\"wp-post\" data-elementor-id=\"16385\" class=\"elementor elementor-16385\" data-elementor-settings=\"[]\">\n\t\t\t\t\t\t\t<div class=\"elementor-section-wrap\">\n\t\t\t\t\t\t\t<section class=\"elementor-section elementor-top-section elementor-element elementor-element-a77d38a elementor-section-boxed elementor-section-height-default elementor-section-height-default wd-section-disabled\" data-id=\"a77d38a\" data-element_type=\"section\">\n\t\t\t\t\t\t<div class=\"elementor-container elementor-column-gap-default\">\n\t\t\t\t\t<div class=\"elementor-column elementor-col-33 elementor-top-column elementor-element elementor-element-606b0e0\" data-id=\"606b0e0\" data-element_type=\"column\">\n\t\t\t<div class=\"elementor-widget-wrap elementor-element-populated\">\n\t\t\t\t\t\t\t\t<div class=\"elementor-element elementor-element-2efa55d elementor-widget elementor-widget-wd_text_block\" data-id=\"2efa55d\" data-element_type=\"widget\" data-widget_type=\"wd_text_block.default\">\n\t\t\t\t<div class=\"elementor-widget-container\">\n\t\t\t\t\t<div class=\"wd-text-block reset-last-child text-left\">\n\t\t\t\n\t\t\t<h5><strong>M\u00c1S ESPECIFICACIONES<\/strong><strong>:<\/strong><\/h5>\n\t\t\t\t\t<\/div>\n\t\t\t\t<\/div>\n\t\t\t\t<\/div>\n\t\t\t\t<div class=\"elementor-element elementor-element-00b20a9 elementor-widget elementor-widget-wd_text_block\" data-id=\"00b20a9\" data-element_type=\"widget\" data-widget_type=\"wd_text_block.default\">\n\t\t\t\t<div class=\"elementor-widget-container\">\n\t\t\t\t\t<div class=\"wd-text-block reset-last-child text-left\">\n\t\t\t\n\t\t\t<p>\u25cf 4 tubos de calor de contacto directo<br \/>\u25cf Ventilador ARGB con controlador ARGB<br \/>\u25cf Dise\u00f1o de soporte de ventilador de cierre r\u00e1pido<br \/>\u25cf Dise\u00f1o de kits de montaje universal<br \/>\u25cf Certificado con ASUS, MSI, GIGABYTE, ASRock ARGB Caracter\u00edstica<br \/>\u25cf SGD 49<\/p>\n\t\t\t\t\t<\/div>\n\t\t\t\t<\/div>\n\t\t\t\t<\/div>\n\t\t\t\t\t<\/div>\n\t\t<\/div>\n\t\t\t\t<div class=\"elementor-column elementor-col-66 elementor-top-column elementor-element elementor-element-b692253\" data-id=\"b692253\" data-element_type=\"column\">\n\t\t\t<div class=\"elementor-widget-wrap elementor-element-populated\">\n\t\t\t\t\t\t\t\t<div class=\"elementor-element elementor-element-0fefcf7 elementor-widget elementor-widget-wd_image_or_svg\" data-id=\"0fefcf7\" data-element_type=\"widget\" data-widget_type=\"wd_image_or_svg.default\">\n\t\t\t\t<div class=\"elementor-widget-container\">\n\t\t\t\n\t\t<div class=\"wd-image text-center\">\n\t\t\t\t\t\t\t\t<img loading=\"lazy\" decoding=\"async\" width=\"1920\" height=\"680\" src=\"https:\/\/tzila.mx\/dev\/wp-content\/uploads\/2022\/06\/RR-2V2L-18PA-R1-DES-3.png\" class=\"attachment-full size-full\" alt=\"\" srcset=\"https:\/\/tzila.mx\/dev\/wp-content\/uploads\/2022\/06\/RR-2V2L-18PA-R1-DES-3.png 1920w, https:\/\/tzila.mx\/dev\/wp-content\/uploads\/2022\/06\/RR-2V2L-18PA-R1-DES-3-400x142.png 400w, https:\/\/tzila.mx\/dev\/wp-content\/uploads\/2022\/06\/RR-2V2L-18PA-R1-DES-3-1300x460.png 1300w, https:\/\/tzila.mx\/dev\/wp-content\/uploads\/2022\/06\/RR-2V2L-18PA-R1-DES-3-768x272.png 768w, https:\/\/tzila.mx\/dev\/wp-content\/uploads\/2022\/06\/RR-2V2L-18PA-R1-DES-3-1536x544.png 1536w, https:\/\/tzila.mx\/dev\/wp-content\/uploads\/2022\/06\/RR-2V2L-18PA-R1-DES-3-860x305.png 860w, https:\/\/tzila.mx\/dev\/wp-content\/uploads\/2022\/06\/RR-2V2L-18PA-R1-DES-3-1320x468.png 1320w, https:\/\/tzila.mx\/dev\/wp-content\/uploads\/2022\/06\/RR-2V2L-18PA-R1-DES-3-430x152.png 430w, https:\/\/tzila.mx\/dev\/wp-content\/uploads\/2022\/06\/RR-2V2L-18PA-R1-DES-3-700x248.png 700w, https:\/\/tzila.mx\/dev\/wp-content\/uploads\/2022\/06\/RR-2V2L-18PA-R1-DES-3-150x53.png 150w\" sizes=\"auto, (max-width: 1920px) 100vw, 1920px\" \/>\t\t\t\t\t<\/div>\n\n\t\t\t\t<\/div>\n\t\t\t\t<\/div>\n\t\t\t\t\t<\/div>\n\t\t<\/div>\n\t\t\t\t\t\t\t<\/div>\n\t\t<\/section>\n\t\t\t\t<section class=\"elementor-section elementor-top-section elementor-element elementor-element-ec9e38a elementor-section-boxed elementor-section-height-default elementor-section-height-default wd-section-disabled\" data-id=\"ec9e38a\" data-element_type=\"section\">\n\t\t\t\t\t\t<div class=\"elementor-container elementor-column-gap-default\">\n\t\t\t\t\t<div class=\"elementor-column elementor-col-33 elementor-top-column elementor-element elementor-element-c833c6a\" data-id=\"c833c6a\" data-element_type=\"column\">\n\t\t\t<div class=\"elementor-widget-wrap elementor-element-populated\">\n\t\t\t\t\t\t\t\t<div class=\"elementor-element elementor-element-6ae12e9 elementor-widget elementor-widget-wd_text_block\" data-id=\"6ae12e9\" data-element_type=\"widget\" data-widget_type=\"wd_text_block.default\">\n\t\t\t\t<div class=\"elementor-widget-container\">\n\t\t\t\t\t<div class=\"wd-text-block reset-last-child text-left\">\n\t\t\t\n\t\t\t<h4>Iluminaci\u00f3n ARGB brillante<\/h4><p>Las aspas del ventilador esmeriladas blancas mejoradas permiten una dispersi\u00f3n de luz m\u00e1s vibrante, lo que le da a su construcci\u00f3n ese brillo espectacular para acompa\u00f1ar la sensaci\u00f3n de juego.<br \/>RGB LISTO<\/p><p>Compatibilidad certificada con placas base Asus Aura, ASRock RGB, GIGABYTE y MSI RGB.<\/p>\n\t\t\t\t\t<\/div>\n\t\t\t\t<\/div>\n\t\t\t\t<\/div>\n\t\t\t\t<div class=\"elementor-element elementor-element-8604524 elementor-widget elementor-widget-wd_image_or_svg\" data-id=\"8604524\" data-element_type=\"widget\" data-widget_type=\"wd_image_or_svg.default\">\n\t\t\t\t<div class=\"elementor-widget-container\">\n\t\t\t\n\t\t<div class=\"wd-image text-center\">\n\t\t\t\t\t\t\t\t<img decoding=\"async\" src=\"https:\/\/tzila.mx\/dev\/wp-content\/uploads\/elementor\/thumbs\/RR-2V2L-18PA-R1-DES-2-pqfcmq7kb2jumk3dtn63l35gxjv7wqpx30rj2wcrzs.png\" title=\"RR-2V2L-18PA-R1-DES-2\" alt=\"RR-2V2L-18PA-R1-DES-2\" \/>\t\t\t\t\t<\/div>\n\n\t\t\t\t<\/div>\n\t\t\t\t<\/div>\n\t\t\t\t<div class=\"elementor-element elementor-element-f9c55fe elementor-widget elementor-widget-wd_text_block\" data-id=\"f9c55fe\" data-element_type=\"widget\" data-widget_type=\"wd_text_block.default\">\n\t\t\t\t<div class=\"elementor-widget-container\">\n\t\t\t\t\t<div class=\"wd-text-block reset-last-child text-left\">\n\t\t\t\n\t\t\t<h4>Mini controlador LED RGB direccionable<\/h4><p>El controlador Mini ARGB incluido le brinda versatilidad para sus conjuntos de colores favoritos.<\/p>\n\t\t\t\t\t<\/div>\n\t\t\t\t<\/div>\n\t\t\t\t<\/div>\n\t\t\t\t<div class=\"elementor-element elementor-element-b865a7d elementor-widget elementor-widget-wd_text_block\" data-id=\"b865a7d\" data-element_type=\"widget\" data-widget_type=\"wd_text_block.default\">\n\t\t\t\t<div class=\"elementor-widget-container\">\n\t\t\t\t\t<div class=\"wd-text-block reset-last-child text-left\">\n\t\t\t\n\t\t\t<h4>SickleFlow 120 ARGB<\/h4><p>El marco y las aspas curvas redise\u00f1adas optimizan el flujo de aire y la presi\u00f3n est\u00e1tica con iluminaci\u00f3n personalizable<\/p>\n\t\t\t\t\t<\/div>\n\t\t\t\t<\/div>\n\t\t\t\t<\/div>\n\t\t\t\t\t<\/div>\n\t\t<\/div>\n\t\t\t\t<div class=\"elementor-column elementor-col-33 elementor-top-column elementor-element elementor-element-e7b3bda\" data-id=\"e7b3bda\" data-element_type=\"column\">\n\t\t\t<div class=\"elementor-widget-wrap elementor-element-populated\">\n\t\t\t\t\t\t\t\t<div class=\"elementor-element elementor-element-e9bf201 elementor-widget elementor-widget-wd_text_block\" data-id=\"e9bf201\" data-element_type=\"widget\" data-widget_type=\"wd_text_block.default\">\n\t\t\t\t<div class=\"elementor-widget-container\">\n\t\t\t\t\t<div class=\"wd-text-block reset-last-child text-left\">\n\t\t\t\n\t\t\t<h4>Tecnolog\u00eda de contacto directo<\/h4><p>La tecnolog\u00eda de contacto directo que utiliza 4 tubos de calor de cobre brinda una disipaci\u00f3n de calor excepcional<\/p>\n\t\t\t\t\t<\/div>\n\t\t\t\t<\/div>\n\t\t\t\t<\/div>\n\t\t\t\t<div class=\"elementor-element elementor-element-f8195df elementor-widget elementor-widget-wd_text_block\" data-id=\"f8195df\" data-element_type=\"widget\" data-widget_type=\"wd_text_block.default\">\n\t\t\t\t<div class=\"elementor-widget-container\">\n\t\t\t\t\t<div class=\"wd-text-block reset-last-child text-left\">\n\t\t\t\n\t\t\t<h4>Flujo de aire de aleta de precisi\u00f3n<\/h4><p>La matriz de aletas apiladas proporciona una baja resistencia al flujo de aire, lo que permite un flujo de aire m\u00e1s fr\u00edo a trav\u00e9s del disipador de calor<\/p>\n\t\t\t\t\t<\/div>\n\t\t\t\t<\/div>\n\t\t\t\t<\/div>\n\t\t\t\t<div class=\"elementor-element elementor-element-7672450 elementor-widget elementor-widget-wd_text_block\" data-id=\"7672450\" data-element_type=\"widget\" data-widget_type=\"wd_text_block.default\">\n\t\t\t\t<div class=\"elementor-widget-container\">\n\t\t\t\t\t<div class=\"wd-text-block reset-last-child text-left\">\n\t\t\t\n\t\t\t<h5>SickleFlow 120 ARGB<\/h5><p>El marco y las aspas curvas redise\u00f1adas optimizan el flujo de aire y la presi\u00f3n est\u00e1tica con iluminaci\u00f3n personalizable<\/p>\n\t\t\t\t\t<\/div>\n\t\t\t\t<\/div>\n\t\t\t\t<\/div>\n\t\t\t\t<div class=\"elementor-element elementor-element-7a297c2 elementor-widget elementor-widget-wd_image_or_svg\" data-id=\"7a297c2\" data-element_type=\"widget\" data-widget_type=\"wd_image_or_svg.default\">\n\t\t\t\t<div class=\"elementor-widget-container\">\n\t\t\t\n\t\t<div class=\"wd-image text-center\">\n\t\t\t\t\t\t\t\t<img decoding=\"async\" src=\"https:\/\/tzila.mx\/dev\/wp-content\/uploads\/elementor\/thumbs\/RR-2V2L-18PA-R1-DES-4-pqfco4ytc9p6nsk2cdl0h7f05xxifl3aoy5hux1s5g.png\" title=\"RR-2V2L-18PA-R1-DES-4\" alt=\"RR-2V2L-18PA-R1-DES-4\" \/>\t\t\t\t\t<\/div>\n\n\t\t\t\t<\/div>\n\t\t\t\t<\/div>\n\t\t\t\t\t<\/div>\n\t\t<\/div>\n\t\t\t\t<div class=\"elementor-column elementor-col-33 elementor-top-column elementor-element elementor-element-ba9b9c1\" data-id=\"ba9b9c1\" data-element_type=\"column\">\n\t\t\t<div class=\"elementor-widget-wrap elementor-element-populated\">\n\t\t\t\t\t\t\t\t<div class=\"elementor-element elementor-element-fc23d14 elementor-widget elementor-widget-wd_text_block\" data-id=\"fc23d14\" data-element_type=\"widget\" data-widget_type=\"wd_text_block.default\">\n\t\t\t\t<div class=\"elementor-widget-container\">\n\t\t\t\t\t<div class=\"wd-text-block reset-last-child text-left\">\n\t\t\t\n\t\t\t<h4>Mini controlador LED RGB direccionable<\/h4><p>El controlador Mini ARGB incluido le brinda versatilidad para sus conjuntos de colores favoritos.<\/p>\n\t\t\t\t\t<\/div>\n\t\t\t\t<\/div>\n\t\t\t\t<\/div>\n\t\t\t\t<div class=\"elementor-element elementor-element-696e1a7 elementor-widget elementor-widget-wd_image_or_svg\" data-id=\"696e1a7\" data-element_type=\"widget\" data-widget_type=\"wd_image_or_svg.default\">\n\t\t\t\t<div class=\"elementor-widget-container\">\n\t\t\t\n\t\t<div class=\"wd-image text-center\">\n\t\t\t\t\t\t\t\t<img decoding=\"async\" src=\"https:\/\/tzila.mx\/dev\/wp-content\/uploads\/elementor\/thumbs\/RR-2V2L-18PA-R1-DES-1-pqfcm7eraj1ysnd3mjimcoyw7fgclzf5rdvkcfwwxw.png\" title=\"RR-2V2L-18PA-R1-DES-1\" alt=\"RR-2V2L-18PA-R1-DES-1\" \/>\t\t\t\t\t<\/div>\n\n\t\t\t\t<\/div>\n\t\t\t\t<\/div>\n\t\t\t\t<div class=\"elementor-element elementor-element-9b63677 elementor-widget elementor-widget-wd_text_block\" data-id=\"9b63677\" data-element_type=\"widget\" data-widget_type=\"wd_text_block.default\">\n\t\t\t\t<div class=\"elementor-widget-container\">\n\t\t\t\t\t<div class=\"wd-text-block reset-last-child text-left\">\n\t\t\t\n\t\t\t<h5>Flujo de aire de aleta de precisi\u00f3n<\/h5><p>La matriz de aletas apiladas proporciona una baja resistencia al flujo de aire, lo que permite un flujo de aire m\u00e1s fr\u00edo a trav\u00e9s del disipador de calor<\/p>\n\t\t\t\t\t<\/div>\n\t\t\t\t<\/div>\n\t\t\t\t<\/div>\n\t\t\t\t<div class=\"elementor-element elementor-element-b528cc1 elementor-widget elementor-widget-wd_text_block\" data-id=\"b528cc1\" data-element_type=\"widget\" data-widget_type=\"wd_text_block.default\">\n\t\t\t\t<div class=\"elementor-widget-container\">\n\t\t\t\t\t<div class=\"wd-text-block reset-last-child text-left\">\n\t\t\t\n\t\t\t<h5>Tecnolog\u00eda de contacto directo<\/h5><p>La tecnolog\u00eda de contacto directo que utiliza 4 tubos de calor de cobre brinda una disipaci\u00f3n de calor excepcional<\/p>\n\t\t\t\t\t<\/div>\n\t\t\t\t<\/div>\n\t\t\t\t<\/div>\n\t\t\t\t<div class=\"elementor-element elementor-element-078b475 elementor-widget elementor-widget-wd_button\" data-id=\"078b475\" data-element_type=\"widget\" data-widget_type=\"wd_button.default\">\n\t\t\t\t<div class=\"elementor-widget-container\">\n\t\t\t\t\t<div class=\"wd-button-wrapper text-center\" >\n\t\t\t<a class=\"btn btn-style-link btn-shape- btn-size-large btn-scheme-light btn-scheme-hover-dark btn-icon-pos-right\"  href=\"https:\/\/coolermaster.egnyte.com\/dl\/9GY02biFNg\" target=\"_blank\">\n\t\t\t\t<span class=\"wd-btn-text\" data-elementor-setting-key=\"text\">\n\t\t\t\t\tSaber m\u00e1s\t\t\t\t<\/span>\n\n\t\t\t\t\t\t\t<\/a>\n\t\t<\/div>\n\t\t\t\t<\/div>\n\t\t\t\t<\/div>\n\t\t\t\t\t<\/div>\n\t\t<\/div>\n\t\t\t\t\t\t\t<\/div>\n\t\t<\/section>\n\t\t\t\t\t\t<\/div>\n\t\t\t\t\t<\/div>\n\t\t","protected":false},"excerpt":{"rendered":"<h4>Caracter\u00edsticas principales:<\/h4>\n<p class=\"p1\"><span class=\"s1\">\u25cf<\/span><span class=\"s2\"> Tubos de calor de contacto directo<br \/>\n<span class=\"s1\">\u25cf<\/span> Ventilador ARGB<br \/>\n<span class=\"s1\">\u25cf<\/span> Soporte de ventilador de cierre r\u00e1pido<br \/>\n<span class=\"s1\">\u25cf<\/span> Kits de montaje universal<br \/>\n<span class=\"s1\">\u25cf<\/span> Certificado con ASUS, MSI, GIGABYTE, ASRock<\/span><\/p>\n","protected":false},"featured_media":16387,"comment_status":"open","ping_status":"closed","template":"","meta":[],"product_cat":[20,141,75,102],"product_tag":[250],"class_list":["post-16385","product","type-product","status-publish","has-post-thumbnail","hentry","product_cat-hardware","product_cat-enfriamiento","product_cat-air-cooler","product_cat-cooler-master","product_tag-cooler-master","pa_brand-cooler-master"],"_links":{"self":[{"href":"https:\/\/tzila.mx\/dev\/wp-json\/wp\/v2\/product\/16385","targetHints":{"allow":["GET"]}}],"collection":[{"href":"https:\/\/tzila.mx\/dev\/wp-json\/wp\/v2\/product"}],"about":[{"href":"https:\/\/tzila.mx\/dev\/wp-json\/wp\/v2\/types\/product"}],"replies":[{"embeddable":true,"href":"https:\/\/tzila.mx\/dev\/wp-json\/wp\/v2\/comments?post=16385"}],"version-history":[{"count":7,"href":"https:\/\/tzila.mx\/dev\/wp-json\/wp\/v2\/product\/16385\/revisions"}],"predecessor-version":[{"id":16404,"href":"https:\/\/tzila.mx\/dev\/wp-json\/wp\/v2\/product\/16385\/revisions\/16404"}],"wp:featuredmedia":[{"embeddable":true,"href":"https:\/\/tzila.mx\/dev\/wp-json\/wp\/v2\/media\/16387"}],"wp:attachment":[{"href":"https:\/\/tzila.mx\/dev\/wp-json\/wp\/v2\/media?parent=16385"}],"wp:term":[{"taxonomy":"product_cat","embeddable":true,"href":"https:\/\/tzila.mx\/dev\/wp-json\/wp\/v2\/product_cat?post=16385"},{"taxonomy":"product_tag","embeddable":true,"href":"https:\/\/tzila.mx\/dev\/wp-json\/wp\/v2\/product_tag?post=16385"}],"curies":[{"name":"wp","href":"https:\/\/api.w.org\/{rel}","templated":true}]}}