{"id":16368,"date":"2022-06-16T20:12:16","date_gmt":"2022-06-17T01:12:16","guid":{"rendered":"https:\/\/tzila.mx\/dev\/?post_type=product&#038;p=16368"},"modified":"2022-06-29T11:34:22","modified_gmt":"2022-06-29T16:34:22","slug":"enfriamiento-por-aire-cooler-master-masterair-ma410m","status":"publish","type":"product","link":"https:\/\/tzila.mx\/dev\/producto\/enfriamiento-por-aire-cooler-master-masterair-ma410m\/","title":{"rendered":"Enfriamiento por Aire COOLER MASTER MasterAir MA410M"},"content":{"rendered":"\t\t<div data-elementor-type=\"wp-post\" data-elementor-id=\"16368\" class=\"elementor elementor-16368\" data-elementor-settings=\"[]\">\n\t\t\t\t\t\t\t<div class=\"elementor-section-wrap\">\n\t\t\t\t\t\t\t<section class=\"elementor-section elementor-top-section elementor-element elementor-element-a77d38a elementor-section-boxed elementor-section-height-default elementor-section-height-default wd-section-disabled\" data-id=\"a77d38a\" data-element_type=\"section\">\n\t\t\t\t\t\t<div class=\"elementor-container elementor-column-gap-default\">\n\t\t\t\t\t<div class=\"elementor-column elementor-col-33 elementor-top-column elementor-element elementor-element-606b0e0\" data-id=\"606b0e0\" data-element_type=\"column\">\n\t\t\t<div class=\"elementor-widget-wrap elementor-element-populated\">\n\t\t\t\t\t\t\t\t<div class=\"elementor-element elementor-element-2efa55d elementor-widget elementor-widget-wd_text_block\" data-id=\"2efa55d\" data-element_type=\"widget\" data-widget_type=\"wd_text_block.default\">\n\t\t\t\t<div class=\"elementor-widget-container\">\n\t\t\t\t\t<div class=\"wd-text-block reset-last-child text-left\">\n\t\t\t\n\t\t\t<h5><strong>M\u00c1S ESPECIFICACIONES<\/strong><strong>:<\/strong><\/h5>\n\t\t\t\t\t<\/div>\n\t\t\t\t<\/div>\n\t\t\t\t<\/div>\n\t\t\t\t<div class=\"elementor-element elementor-element-00b20a9 elementor-widget elementor-widget-wd_text_block\" data-id=\"00b20a9\" data-element_type=\"widget\" data-widget_type=\"wd_text_block.default\">\n\t\t\t\t<div class=\"elementor-widget-container\">\n\t\t\t\t\t<div class=\"wd-text-block reset-last-child text-left\">\n\t\t\t\n\t\t\t<p>\u25cf Recorte de holograma especializado para una iluminaci\u00f3n de color \u00fanica y una excelente disipaci\u00f3n de calor.<br \/>\u25cf Temperatura de la CPU monitoreada por el sensor y mostrada a trav\u00e9s de efectos de iluminaci\u00f3n de color<br \/>\u25cf La armadura especialmente dise\u00f1ada para guiar el flujo de aire y reducir los puntos muertos.<br \/>\u25cf RGB totalmente direccionable que est\u00e1 certificado para sincronizarse con la placa base RGB o controlado por MasterPlus+<br \/>\u25cf Al comprimir los tubos de calor juntos, hay un 45% m\u00e1s de superficie en la base del enfriador, lo que proporciona una mejor disipaci\u00f3n de calor con respecto a la versi\u00f3n anterior, CDC 1.0<\/p>\n\t\t\t\t\t<\/div>\n\t\t\t\t<\/div>\n\t\t\t\t<\/div>\n\t\t\t\t\t<\/div>\n\t\t<\/div>\n\t\t\t\t<div class=\"elementor-column elementor-col-66 elementor-top-column elementor-element elementor-element-b692253\" data-id=\"b692253\" data-element_type=\"column\">\n\t\t\t<div class=\"elementor-widget-wrap elementor-element-populated\">\n\t\t\t\t\t\t\t\t<div class=\"elementor-element elementor-element-0fefcf7 elementor-widget elementor-widget-wd_image_or_svg\" data-id=\"0fefcf7\" data-element_type=\"widget\" data-widget_type=\"wd_image_or_svg.default\">\n\t\t\t\t<div class=\"elementor-widget-container\">\n\t\t\t\n\t\t<div class=\"wd-image text-center\">\n\t\t\t\t\t\t\t\t<img loading=\"lazy\" decoding=\"async\" width=\"1920\" height=\"850\" src=\"https:\/\/tzila.mx\/dev\/wp-content\/uploads\/2022\/06\/MAM-T4PN-218PC-R1-DES-4.png\" class=\"attachment-full size-full\" alt=\"\" srcset=\"https:\/\/tzila.mx\/dev\/wp-content\/uploads\/2022\/06\/MAM-T4PN-218PC-R1-DES-4.png 1920w, https:\/\/tzila.mx\/dev\/wp-content\/uploads\/2022\/06\/MAM-T4PN-218PC-R1-DES-4-400x177.png 400w, https:\/\/tzila.mx\/dev\/wp-content\/uploads\/2022\/06\/MAM-T4PN-218PC-R1-DES-4-1300x576.png 1300w, https:\/\/tzila.mx\/dev\/wp-content\/uploads\/2022\/06\/MAM-T4PN-218PC-R1-DES-4-768x340.png 768w, https:\/\/tzila.mx\/dev\/wp-content\/uploads\/2022\/06\/MAM-T4PN-218PC-R1-DES-4-1536x680.png 1536w, https:\/\/tzila.mx\/dev\/wp-content\/uploads\/2022\/06\/MAM-T4PN-218PC-R1-DES-4-860x381.png 860w, https:\/\/tzila.mx\/dev\/wp-content\/uploads\/2022\/06\/MAM-T4PN-218PC-R1-DES-4-1320x584.png 1320w, https:\/\/tzila.mx\/dev\/wp-content\/uploads\/2022\/06\/MAM-T4PN-218PC-R1-DES-4-430x190.png 430w, https:\/\/tzila.mx\/dev\/wp-content\/uploads\/2022\/06\/MAM-T4PN-218PC-R1-DES-4-700x310.png 700w, https:\/\/tzila.mx\/dev\/wp-content\/uploads\/2022\/06\/MAM-T4PN-218PC-R1-DES-4-150x66.png 150w\" sizes=\"auto, (max-width: 1920px) 100vw, 1920px\" \/>\t\t\t\t\t<\/div>\n\n\t\t\t\t<\/div>\n\t\t\t\t<\/div>\n\t\t\t\t\t<\/div>\n\t\t<\/div>\n\t\t\t\t\t\t\t<\/div>\n\t\t<\/section>\n\t\t\t\t<section class=\"elementor-section elementor-top-section elementor-element elementor-element-ec9e38a elementor-section-boxed elementor-section-height-default elementor-section-height-default wd-section-disabled\" data-id=\"ec9e38a\" data-element_type=\"section\">\n\t\t\t\t\t\t<div class=\"elementor-container elementor-column-gap-default\">\n\t\t\t\t\t<div class=\"elementor-column elementor-col-33 elementor-top-column elementor-element elementor-element-c833c6a\" data-id=\"c833c6a\" data-element_type=\"column\">\n\t\t\t<div class=\"elementor-widget-wrap elementor-element-populated\">\n\t\t\t\t\t\t\t\t<div class=\"elementor-element elementor-element-6ae12e9 elementor-widget elementor-widget-wd_text_block\" data-id=\"6ae12e9\" data-element_type=\"widget\" data-widget_type=\"wd_text_block.default\">\n\t\t\t\t<div class=\"elementor-widget-container\">\n\t\t\t\t\t<div class=\"wd-text-block reset-last-child text-left\">\n\t\t\t\n\t\t\t<h4>Configuraci\u00f3n de ventilador push-pull<\/h4><p>Para evitar p\u00e9rdidas din\u00e1micas y ayudar a acelerar el escape de calor, el MasterFan push-pull ayuda a alejar el calor m\u00e1s r\u00e1pido del disipador t\u00e9rmico.<\/p>\n\t\t\t\t\t<\/div>\n\t\t\t\t<\/div>\n\t\t\t\t<\/div>\n\t\t\t\t<div class=\"elementor-element elementor-element-8604524 elementor-widget elementor-widget-wd_image_or_svg\" data-id=\"8604524\" data-element_type=\"widget\" data-widget_type=\"wd_image_or_svg.default\">\n\t\t\t\t<div class=\"elementor-widget-container\">\n\t\t\t\n\t\t<div class=\"wd-image text-center\">\n\t\t\t\t\t\t\t\t<img decoding=\"async\" src=\"https:\/\/tzila.mx\/dev\/wp-content\/uploads\/elementor\/thumbs\/MAM-T4PN-218PC-R1-DES-3-pqfb638xl2hsgojx6w27ydc7crb8uxr1uhknl2egfs.png\" title=\"MAM-T4PN-218PC-R1-DES-3\" alt=\"MAM-T4PN-218PC-R1-DES-3\" \/>\t\t\t\t\t<\/div>\n\n\t\t\t\t<\/div>\n\t\t\t\t<\/div>\n\t\t\t\t<div class=\"elementor-element elementor-element-f9c55fe elementor-widget elementor-widget-wd_text_block\" data-id=\"f9c55fe\" data-element_type=\"widget\" data-widget_type=\"wd_text_block.default\">\n\t\t\t\t<div class=\"elementor-widget-container\">\n\t\t\t\t\t<div class=\"wd-text-block reset-last-child text-left\">\n\t\t\t\n\t\t\t<h4>RGB en la palma de tu mano<\/h4><p>Controlador RGB direccionable con cable<br \/>Un controlador LED RGB direccionable de tama\u00f1o compacto que le permite personalizar f\u00e1cilmente sus dispositivos RGB sin la necesidad de una placa base o software con capacidad RGB.<\/p><p>Puedes tener el equipo colorido que siempre has querido con solo tocar un<\/p>\n\t\t\t\t\t<\/div>\n\t\t\t\t<\/div>\n\t\t\t\t<\/div>\n\t\t\t\t\t<\/div>\n\t\t<\/div>\n\t\t\t\t<div class=\"elementor-column elementor-col-33 elementor-top-column elementor-element elementor-element-e7b3bda\" data-id=\"e7b3bda\" data-element_type=\"column\">\n\t\t\t<div class=\"elementor-widget-wrap elementor-element-populated\">\n\t\t\t\t\t\t\t\t<div class=\"elementor-element elementor-element-b865a7d elementor-widget elementor-widget-wd_text_block\" data-id=\"b865a7d\" data-element_type=\"widget\" data-widget_type=\"wd_text_block.default\">\n\t\t\t\t<div class=\"elementor-widget-container\">\n\t\t\t\t\t<div class=\"wd-text-block reset-last-child text-left\">\n\t\t\t\n\t\t\t<h4>Armadura de gu\u00eda a\u00e9rea<\/h4><p>Armadura especializada dise\u00f1ada para guiar el flujo de aire para un rendimiento m\u00e1ximo de enfriamiento y reducir los puntos de calor muerto en el enfriador. La armadura tambi\u00e9n est\u00e1 iluminada por 28 LED rgb direccionables para una personalizaci\u00f3n a todo color.<\/p>\n\t\t\t\t\t<\/div>\n\t\t\t\t<\/div>\n\t\t\t\t<\/div>\n\t\t\t\t<div class=\"elementor-element elementor-element-7a297c2 elementor-widget elementor-widget-wd_image_or_svg\" data-id=\"7a297c2\" data-element_type=\"widget\" data-widget_type=\"wd_image_or_svg.default\">\n\t\t\t\t<div class=\"elementor-widget-container\">\n\t\t\t\n\t\t<div class=\"wd-image text-center\">\n\t\t\t\t\t\t\t\t<img decoding=\"async\" src=\"https:\/\/tzila.mx\/dev\/wp-content\/uploads\/elementor\/thumbs\/MAM-T4PN-218PC-R1-DES-2-pqfb60fdspls456fehbeed4gq6pm717q91ry0bawg4.png\" title=\"MAM-T4PN-218PC-R1-DES-2\" alt=\"MAM-T4PN-218PC-R1-DES-2\" \/>\t\t\t\t\t<\/div>\n\n\t\t\t\t<\/div>\n\t\t\t\t<\/div>\n\t\t\t\t<div class=\"elementor-element elementor-element-e9bf201 elementor-widget elementor-widget-wd_text_block\" data-id=\"e9bf201\" data-element_type=\"widget\" data-widget_type=\"wd_text_block.default\">\n\t\t\t\t<div class=\"elementor-widget-container\">\n\t\t\t\t\t<div class=\"wd-text-block reset-last-child text-left\">\n\t\t\t\n\t\t\t<h4>Aleta de aluminio con holograma hexagonal<\/h4><p>Recorte de aleta hexagonal de aluminio que crea una iluminaci\u00f3n de holograma \u00fanica que se puede ver a trav\u00e9s de la parte superior del refrigerador. El dise\u00f1o especializado de aletas de aluminio disipa el calor m\u00e1s r\u00e1pido para una m\u00e1xima eficiencia de enfriamiento.<\/p>\n\t\t\t\t\t<\/div>\n\t\t\t\t<\/div>\n\t\t\t\t<\/div>\n\t\t\t\t\t<\/div>\n\t\t<\/div>\n\t\t\t\t<div class=\"elementor-column elementor-col-33 elementor-top-column elementor-element elementor-element-ba9b9c1\" data-id=\"ba9b9c1\" data-element_type=\"column\">\n\t\t\t<div class=\"elementor-widget-wrap elementor-element-populated\">\n\t\t\t\t\t\t\t\t<div class=\"elementor-element elementor-element-f8195df elementor-widget elementor-widget-wd_text_block\" data-id=\"f8195df\" data-element_type=\"widget\" data-widget_type=\"wd_text_block.default\">\n\t\t\t\t<div class=\"elementor-widget-container\">\n\t\t\t\t\t<div class=\"wd-text-block reset-last-child text-left\">\n\t\t\t\n\t\t\t<h4>Detecci\u00f3n t\u00e9rmica<\/h4>\nEl sensor t\u00e9rmico detecta la temperatura de la CPU y se muestra a trav\u00e9s de la iluminaci\u00f3n de color. Cuando la CPU funciona con carga m\u00e1xima, el color cambiar\u00e1 a rojo y el color ser\u00e1 azul en carga inactiva o normal.\n\t\t\t\t\t<\/div>\n\t\t\t\t<\/div>\n\t\t\t\t<\/div>\n\t\t\t\t<div class=\"elementor-element elementor-element-696e1a7 elementor-widget elementor-widget-wd_image_or_svg\" data-id=\"696e1a7\" data-element_type=\"widget\" data-widget_type=\"wd_image_or_svg.default\">\n\t\t\t\t<div class=\"elementor-widget-container\">\n\t\t\t\n\t\t<div class=\"wd-image text-center\">\n\t\t\t\t\t\t\t\t<img decoding=\"async\" src=\"https:\/\/tzila.mx\/dev\/wp-content\/uploads\/elementor\/thumbs\/MAM-T4PN-218PC-R1-DES-1-pqfb5wo11dgclenquecnuu5m5q01pat7lsf32q6zm8.png\" title=\"MAM-T4PN-218PC-R1-DES-1\" alt=\"MAM-T4PN-218PC-R1-DES-1\" \/>\t\t\t\t\t<\/div>\n\n\t\t\t\t<\/div>\n\t\t\t\t<\/div>\n\t\t\t\t<div class=\"elementor-element elementor-element-7672450 elementor-widget elementor-widget-wd_text_block\" data-id=\"7672450\" data-element_type=\"widget\" data-widget_type=\"wd_text_block.default\">\n\t\t\t\t<div class=\"elementor-widget-container\">\n\t\t\t\t\t<div class=\"wd-text-block reset-last-child text-left\">\n\t\t\t\n\t\t\t<h4>CDC 2.0<\/h4>\n4 tubos de calor con tecnolog\u00eda de contacto directo continuo 2.0 En comparaci\u00f3n con su versi\u00f3n anterior CDC 1.0., CDC 2.0 crea un 45% m\u00e1s de superficie de contacto en la base del refrigerador al comprimir los tubos de calor juntos. Aumenta significativamente la capacidad de disipaci\u00f3n de calor y supera a su predecesor.\n\t\t\t\t\t<\/div>\n\t\t\t\t<\/div>\n\t\t\t\t<\/div>\n\t\t\t\t<div class=\"elementor-element elementor-element-078b475 elementor-widget elementor-widget-wd_button\" data-id=\"078b475\" data-element_type=\"widget\" data-widget_type=\"wd_button.default\">\n\t\t\t\t<div class=\"elementor-widget-container\">\n\t\t\t\t\t<div class=\"wd-button-wrapper text-center\" >\n\t\t\t<a class=\"btn btn-style-link btn-shape- btn-size-large btn-scheme-light btn-scheme-hover-dark btn-icon-pos-right\"  href=\"https:\/\/coolermaster.egnyte.com\/dl\/X0PAEbkfdx\" target=\"_blank\">\n\t\t\t\t<span class=\"wd-btn-text\" data-elementor-setting-key=\"text\">\n\t\t\t\t\tSaber m\u00e1s\t\t\t\t<\/span>\n\n\t\t\t\t\t\t\t<\/a>\n\t\t<\/div>\n\t\t\t\t<\/div>\n\t\t\t\t<\/div>\n\t\t\t\t\t<\/div>\n\t\t<\/div>\n\t\t\t\t\t\t\t<\/div>\n\t\t<\/section>\n\t\t\t\t\t\t<\/div>\n\t\t\t\t\t<\/div>\n\t\t","protected":false},"excerpt":{"rendered":"<h4>Caracter\u00edsticas principales:<\/h4>\n<p class=\"p1\"><span class=\"s1\">\u25cf<\/span><span class=\"s2\"> Aleta de aluminio<\/span><br \/>\n<span class=\"s1\">\u25cf<span class=\"s2\"> Sensor de detecci\u00f3n t\u00e9rmica<\/span><\/span><br \/>\n<span class=\"s1\">\u25cf<\/span> 28 LED RGB direccionable<br \/>\n<span class=\"s1\">\u25cf<\/span><span class=\"s2\"> Tecnolog\u00eda (CDC 2.0)<\/span><br \/>\n<span class=\"s1\">\u25cf<\/span><span class=\"s2\"> Armadura de gu\u00eda a\u00e9rea<\/span><\/p>\n","protected":false},"featured_media":16371,"comment_status":"open","ping_status":"closed","template":"","meta":[],"product_cat":[20,141,75,102],"product_tag":[250],"class_list":["post-16368","product","type-product","status-publish","has-post-thumbnail","hentry","product_cat-hardware","product_cat-enfriamiento","product_cat-air-cooler","product_cat-cooler-master","product_tag-cooler-master","pa_brand-cooler-master"],"_links":{"self":[{"href":"https:\/\/tzila.mx\/dev\/wp-json\/wp\/v2\/product\/16368","targetHints":{"allow":["GET"]}}],"collection":[{"href":"https:\/\/tzila.mx\/dev\/wp-json\/wp\/v2\/product"}],"about":[{"href":"https:\/\/tzila.mx\/dev\/wp-json\/wp\/v2\/types\/product"}],"replies":[{"embeddable":true,"href":"https:\/\/tzila.mx\/dev\/wp-json\/wp\/v2\/comments?post=16368"}],"version-history":[{"count":5,"href":"https:\/\/tzila.mx\/dev\/wp-json\/wp\/v2\/product\/16368\/revisions"}],"predecessor-version":[{"id":16398,"href":"https:\/\/tzila.mx\/dev\/wp-json\/wp\/v2\/product\/16368\/revisions\/16398"}],"wp:featuredmedia":[{"embeddable":true,"href":"https:\/\/tzila.mx\/dev\/wp-json\/wp\/v2\/media\/16371"}],"wp:attachment":[{"href":"https:\/\/tzila.mx\/dev\/wp-json\/wp\/v2\/media?parent=16368"}],"wp:term":[{"taxonomy":"product_cat","embeddable":true,"href":"https:\/\/tzila.mx\/dev\/wp-json\/wp\/v2\/product_cat?post=16368"},{"taxonomy":"product_tag","embeddable":true,"href":"https:\/\/tzila.mx\/dev\/wp-json\/wp\/v2\/product_tag?post=16368"}],"curies":[{"name":"wp","href":"https:\/\/api.w.org\/{rel}","templated":true}]}}