{"id":16345,"date":"2022-06-16T19:15:26","date_gmt":"2022-06-17T00:15:26","guid":{"rendered":"https:\/\/tzila.mx\/dev\/?post_type=product&#038;p=16345"},"modified":"2022-06-29T11:34:25","modified_gmt":"2022-06-29T16:34:25","slug":"monitor-gamer-cooler-master-curvo-27-full-hd-gm27-cf","status":"publish","type":"product","link":"https:\/\/tzila.mx\/dev\/producto\/monitor-gamer-cooler-master-curvo-27-full-hd-gm27-cf\/","title":{"rendered":"Monitor Gamer COOLER MASTER Curvo 27&#8243; Full HD GM27-CF"},"content":{"rendered":"\t\t<div data-elementor-type=\"wp-post\" data-elementor-id=\"16345\" class=\"elementor elementor-16345\" data-elementor-settings=\"[]\">\n\t\t\t\t\t\t\t<div class=\"elementor-section-wrap\">\n\t\t\t\t\t\t\t<section class=\"elementor-section elementor-top-section elementor-element elementor-element-a77d38a elementor-section-boxed elementor-section-height-default elementor-section-height-default wd-section-disabled\" data-id=\"a77d38a\" data-element_type=\"section\">\n\t\t\t\t\t\t<div class=\"elementor-container elementor-column-gap-default\">\n\t\t\t\t\t<div class=\"elementor-column elementor-col-33 elementor-top-column elementor-element elementor-element-606b0e0\" data-id=\"606b0e0\" data-element_type=\"column\">\n\t\t\t<div class=\"elementor-widget-wrap elementor-element-populated\">\n\t\t\t\t\t\t\t\t<div class=\"elementor-element elementor-element-2efa55d elementor-widget elementor-widget-wd_text_block\" data-id=\"2efa55d\" data-element_type=\"widget\" data-widget_type=\"wd_text_block.default\">\n\t\t\t\t<div class=\"elementor-widget-container\">\n\t\t\t\t\t<div class=\"wd-text-block reset-last-child text-left\">\n\t\t\t\n\t\t\t<h5><strong>M\u00c1S ESPECIFICACIONES<\/strong><strong>:<\/strong><\/h5>\n\t\t\t\t\t<\/div>\n\t\t\t\t<\/div>\n\t\t\t\t<\/div>\n\t\t\t\t<div class=\"elementor-element elementor-element-00b20a9 elementor-widget elementor-widget-wd_text_block\" data-id=\"00b20a9\" data-element_type=\"widget\" data-widget_type=\"wd_text_block.default\">\n\t\t\t\t<div class=\"elementor-widget-container\">\n\t\t\t\t\t<div class=\"wd-text-block reset-last-child text-left\">\n\t\t\t\n\t\t\t<p>\u25cf 1500R. La experiencia de la curvatura<br \/>\u25cf\u00a0Game On, con la frecuencia de actualizaci\u00f3n ultrarr\u00e1pida de 165 hz<br \/>\u25cf\u00a0Freesync para una jugabilidad fluida<br \/>\u25cf\u00a0Im\u00e1genes impecables con la tecnolog\u00eda AMD FreeSync<br \/>\u25cf Im\u00e1genes realistas, proporcionadas por un nuevo est\u00e1ndar con hasta un 90 % de DCI-P3<br \/>\u25cf Ve la diferencia en la relaci\u00f3n de contraste de 3000:1<br \/>\u25cf\u00a0El dise\u00f1o de bisel superestrecho enmarca discretamente lo que importa<br \/>\u25cf\u00a0Juego seguro, baja la luz azul<br \/>\u25cf Personaliza tu comodidad de visualizaci\u00f3n con opciones de elevaci\u00f3n, inclinaci\u00f3n y giro.<\/p>\n\t\t\t\t\t<\/div>\n\t\t\t\t<\/div>\n\t\t\t\t<\/div>\n\t\t\t\t\t<\/div>\n\t\t<\/div>\n\t\t\t\t<div class=\"elementor-column elementor-col-66 elementor-top-column elementor-element elementor-element-b692253\" data-id=\"b692253\" data-element_type=\"column\">\n\t\t\t<div class=\"elementor-widget-wrap elementor-element-populated\">\n\t\t\t\t\t\t\t\t<div class=\"elementor-element elementor-element-0fefcf7 elementor-widget elementor-widget-wd_image_or_svg\" data-id=\"0fefcf7\" data-element_type=\"widget\" data-widget_type=\"wd_image_or_svg.default\">\n\t\t\t\t<div class=\"elementor-widget-container\">\n\t\t\t\n\t\t<div class=\"wd-image text-center\">\n\t\t\t\t\t\t\t\t<img loading=\"lazy\" decoding=\"async\" width=\"1920\" height=\"850\" src=\"https:\/\/tzila.mx\/dev\/wp-content\/uploads\/2022\/06\/CMI-GM27-CF-US-DES-1.jpg\" class=\"attachment-full size-full\" alt=\"\" srcset=\"https:\/\/tzila.mx\/dev\/wp-content\/uploads\/2022\/06\/CMI-GM27-CF-US-DES-1.jpg 1920w, https:\/\/tzila.mx\/dev\/wp-content\/uploads\/2022\/06\/CMI-GM27-CF-US-DES-1-400x177.jpg 400w, https:\/\/tzila.mx\/dev\/wp-content\/uploads\/2022\/06\/CMI-GM27-CF-US-DES-1-1300x576.jpg 1300w, https:\/\/tzila.mx\/dev\/wp-content\/uploads\/2022\/06\/CMI-GM27-CF-US-DES-1-768x340.jpg 768w, https:\/\/tzila.mx\/dev\/wp-content\/uploads\/2022\/06\/CMI-GM27-CF-US-DES-1-1536x680.jpg 1536w, https:\/\/tzila.mx\/dev\/wp-content\/uploads\/2022\/06\/CMI-GM27-CF-US-DES-1-860x381.jpg 860w, https:\/\/tzila.mx\/dev\/wp-content\/uploads\/2022\/06\/CMI-GM27-CF-US-DES-1-1320x584.jpg 1320w, https:\/\/tzila.mx\/dev\/wp-content\/uploads\/2022\/06\/CMI-GM27-CF-US-DES-1-430x190.jpg 430w, https:\/\/tzila.mx\/dev\/wp-content\/uploads\/2022\/06\/CMI-GM27-CF-US-DES-1-700x310.jpg 700w, https:\/\/tzila.mx\/dev\/wp-content\/uploads\/2022\/06\/CMI-GM27-CF-US-DES-1-150x66.jpg 150w\" sizes=\"auto, (max-width: 1920px) 100vw, 1920px\" \/>\t\t\t\t\t<\/div>\n\n\t\t\t\t<\/div>\n\t\t\t\t<\/div>\n\t\t\t\t\t<\/div>\n\t\t<\/div>\n\t\t\t\t\t\t\t<\/div>\n\t\t<\/section>\n\t\t\t\t<section class=\"elementor-section elementor-top-section elementor-element elementor-element-ec9e38a elementor-section-boxed elementor-section-height-default elementor-section-height-default wd-section-disabled\" data-id=\"ec9e38a\" data-element_type=\"section\">\n\t\t\t\t\t\t<div class=\"elementor-container elementor-column-gap-default\">\n\t\t\t\t\t<div class=\"elementor-column elementor-col-33 elementor-top-column elementor-element elementor-element-c833c6a\" data-id=\"c833c6a\" data-element_type=\"column\">\n\t\t\t<div class=\"elementor-widget-wrap elementor-element-populated\">\n\t\t\t\t\t\t\t\t<div class=\"elementor-element elementor-element-6ae12e9 elementor-widget elementor-widget-wd_text_block\" data-id=\"6ae12e9\" data-element_type=\"widget\" data-widget_type=\"wd_text_block.default\">\n\t\t\t\t<div class=\"elementor-widget-container\">\n\t\t\t\t\t<div class=\"wd-text-block reset-last-child text-left\">\n\t\t\t\n\t\t\t<h4>ENTRAR EN LA REALIDAD GAMERSIVE<\/h4><p>Siente lo que ves en una pantalla que ofrece detalles realistas<br \/>Experimente la acci\u00f3n de los juegos como nunca antes con velocidad ultra alta y riqueza de color suprema en nuestro monitor curvo de 27\". Sum\u00e9rjase en la belleza de su juego, sienta la adrenalina bombeando en su FPS favorito o simplemente rel\u00e1jese con los detalles de la verdadera definici\u00f3n. En vivo \u00a1en el juego!<\/p>\n\t\t\t\t\t<\/div>\n\t\t\t\t<\/div>\n\t\t\t\t<\/div>\n\t\t\t\t<div class=\"elementor-element elementor-element-8604524 elementor-widget elementor-widget-wd_image_or_svg\" data-id=\"8604524\" data-element_type=\"widget\" data-widget_type=\"wd_image_or_svg.default\">\n\t\t\t\t<div class=\"elementor-widget-container\">\n\t\t\t\n\t\t<div class=\"wd-image text-center\">\n\t\t\t\t\t\t\t\t<img decoding=\"async\" src=\"https:\/\/tzila.mx\/dev\/wp-content\/uploads\/elementor\/thumbs\/CMI-GM27-CF-US-DES-4-pqf8p11joqy18sebhmrajky07gx4imts922y2fw034.png\" title=\"CMI-GM27-CF-US-DES-4\" alt=\"CMI-GM27-CF-US-DES-4\" \/>\t\t\t\t\t<\/div>\n\n\t\t\t\t<\/div>\n\t\t\t\t<\/div>\n\t\t\t\t<div class=\"elementor-element elementor-element-252ec94 elementor-widget elementor-widget-wd_text_block\" data-id=\"252ec94\" data-element_type=\"widget\" data-widget_type=\"wd_text_block.default\">\n\t\t\t\t<div class=\"elementor-widget-container\">\n\t\t\t\t\t<div class=\"wd-text-block reset-last-child text-left\">\n\t\t\t\n\t\t\t<h4>Actualice el motor, obtenga su velocidad<\/h4><p>La velocidad tiene un papel vital en el juego y la precisi\u00f3n. Nuestro monitor GM27-CF establece un nuevo est\u00e1ndar con una frecuencia de actualizaci\u00f3n de 165 Hz y un tiempo de respuesta de 3 ms que brinda un mejor seguimiento del cursor, movimiento y condiciones visuales \u00f3ptimas. \u00a1Es hora de dejar a tus oponentes en el polvo!<\/p>\n\t\t\t\t\t<\/div>\n\t\t\t\t<\/div>\n\t\t\t\t<\/div>\n\t\t\t\t<div class=\"elementor-element elementor-element-4f49f18 elementor-widget elementor-widget-wd_text_block\" data-id=\"4f49f18\" data-element_type=\"widget\" data-widget_type=\"wd_text_block.default\">\n\t\t\t\t<div class=\"elementor-widget-container\">\n\t\t\t\t\t<div class=\"wd-text-block reset-last-child text-left\">\n\t\t\t\n\t\t\t<h4>Experimenta la curva<\/h4><p>\u00bfCansado de un mundo plano? Luego, pruebe nuestro monitor curvo Cooler Master y experimente el mundo como debemos verlo. Con un campo de visi\u00f3n percibido m\u00e1s grande, ahorrar\u00e1 espacio de configuraci\u00f3n, enfrentar\u00e1 menos distorsi\u00f3n y disfrutar\u00e1 de una mejor comodidad visual, en un punto de vista verdaderamente inmersivo.<\/p>\n\t\t\t\t\t<\/div>\n\t\t\t\t<\/div>\n\t\t\t\t<\/div>\n\t\t\t\t\t<\/div>\n\t\t<\/div>\n\t\t\t\t<div class=\"elementor-column elementor-col-33 elementor-top-column elementor-element elementor-element-e7b3bda\" data-id=\"e7b3bda\" data-element_type=\"column\">\n\t\t\t<div class=\"elementor-widget-wrap elementor-element-populated\">\n\t\t\t\t\t\t\t\t<div class=\"elementor-element elementor-element-e9bf201 elementor-widget elementor-widget-wd_text_block\" data-id=\"e9bf201\" data-element_type=\"widget\" data-widget_type=\"wd_text_block.default\">\n\t\t\t\t<div class=\"elementor-widget-container\">\n\t\t\t\t\t<div class=\"wd-text-block reset-last-child text-left\">\n\t\t\t\n\t\t\t<div class=\"row-content\" data-v-b7353816=\"\"><h4>Inmersi\u00f3n activa en \u00e1ngulo de visi\u00f3n ultra amplio de 178\u00b0<\/h4><p>Ac\u00e9rcate a la acci\u00f3n con nuestro nuevo panel curvo 1500R VA que te lleva directamente al juego.<\/p><\/div>\n\t\t\t\t\t<\/div>\n\t\t\t\t<\/div>\n\t\t\t\t<\/div>\n\t\t\t\t<div class=\"elementor-element elementor-element-7a297c2 elementor-widget elementor-widget-wd_image_or_svg\" data-id=\"7a297c2\" data-element_type=\"widget\" data-widget_type=\"wd_image_or_svg.default\">\n\t\t\t\t<div class=\"elementor-widget-container\">\n\t\t\t\n\t\t<div class=\"wd-image text-center\">\n\t\t\t\t\t\t\t\t<img decoding=\"async\" src=\"https:\/\/tzila.mx\/dev\/wp-content\/uploads\/elementor\/thumbs\/CMI-GM27-CF-US-DES-5-pqf8pbdmwi6qks0ibn3qm8vms9vqv83jq1nirct9l0.png\" title=\"CMI-GM27-CF-US-DES-5\" alt=\"CMI-GM27-CF-US-DES-5\" \/>\t\t\t\t\t<\/div>\n\n\t\t\t\t<\/div>\n\t\t\t\t<\/div>\n\t\t\t\t<div class=\"elementor-element elementor-element-d0a2373 elementor-widget elementor-widget-wd_text_block\" data-id=\"d0a2373\" data-element_type=\"widget\" data-widget_type=\"wd_text_block.default\">\n\t\t\t\t<div class=\"elementor-widget-container\">\n\t\t\t\t\t<div class=\"wd-text-block reset-last-child text-left\">\n\t\t\t\n\t\t\t<h4>Freesync para una jugabilidad fluida<\/h4><p>El CM27-CF cuenta con la tecnolog\u00eda Adaptive-Sync (FreeSync\u2122): con solo presionar un interruptor (en el modo de juego), los jugadores pueden habilitar FreeSync + Wide Color Gamut 90% DCI-P3 para una experiencia de juego verdaderamente sin concesiones.<\/p>\n\t\t\t\t\t<\/div>\n\t\t\t\t<\/div>\n\t\t\t\t<\/div>\n\t\t\t\t<div class=\"elementor-element elementor-element-ba0b602 elementor-widget elementor-widget-wd_image_or_svg\" data-id=\"ba0b602\" data-element_type=\"widget\" data-widget_type=\"wd_image_or_svg.default\">\n\t\t\t\t<div class=\"elementor-widget-container\">\n\t\t\t\n\t\t<div class=\"wd-image text-center\">\n\t\t\t\t\t\t\t\t<img decoding=\"async\" src=\"https:\/\/tzila.mx\/dev\/wp-content\/uploads\/elementor\/thumbs\/CMI-GM27-CF-US-DES-2-pqf8ocllvmv4n7f0yq2jjznkt0n5yf9h99ik048tz8.png\" title=\"CMI-GM27-CF-US-DES-2\" alt=\"CMI-GM27-CF-US-DES-2\" \/>\t\t\t\t\t<\/div>\n\n\t\t\t\t<\/div>\n\t\t\t\t<\/div>\n\t\t\t\t<div class=\"elementor-element elementor-element-7d838dd elementor-widget elementor-widget-wd_text_block\" data-id=\"7d838dd\" data-element_type=\"widget\" data-widget_type=\"wd_text_block.default\">\n\t\t\t\t<div class=\"elementor-widget-container\">\n\t\t\t\t\t<div class=\"wd-text-block reset-last-child text-left\">\n\t\t\t\n\t\t\t<h4>Riqueza sin concesiones<\/h4><p>No te conformes con una riqueza de color mediocre durante el juego. Mejora tu experiencia activando nuestro modo de juego patentado que ofrece hasta un 125 % de color sRGB para obtener una imagen m\u00e1s brillante, n\u00edtida y natural.<\/p>\n\t\t\t\t\t<\/div>\n\t\t\t\t<\/div>\n\t\t\t\t<\/div>\n\t\t\t\t\t<\/div>\n\t\t<\/div>\n\t\t\t\t<div class=\"elementor-column elementor-col-33 elementor-top-column elementor-element elementor-element-ba9b9c1\" data-id=\"ba9b9c1\" data-element_type=\"column\">\n\t\t\t<div class=\"elementor-widget-wrap elementor-element-populated\">\n\t\t\t\t\t\t\t\t<div class=\"elementor-element elementor-element-d765e5e elementor-widget elementor-widget-wd_text_block\" data-id=\"d765e5e\" data-element_type=\"widget\" data-widget_type=\"wd_text_block.default\">\n\t\t\t\t<div class=\"elementor-widget-container\">\n\t\t\t\t\t<div class=\"wd-text-block reset-last-child text-left\">\n\t\t\t\n\t\t\t<h4>Cuando la nueva tecnolog\u00eda se encuentra con el negro<\/h4><p>La tecnolog\u00eda mejorada del panel VA minimiza la posibilidad de fugas de luz en toda la pantalla. Ofrece una relaci\u00f3n de contraste est\u00e1tica de 3000:1 para negros profundos y blancos brillantes incluso en las escenas m\u00e1s oscuras y brillantes.<\/p>\n\t\t\t\t\t<\/div>\n\t\t\t\t<\/div>\n\t\t\t\t<\/div>\n\t\t\t\t<div class=\"elementor-element elementor-element-696e1a7 elementor-widget elementor-widget-wd_image_or_svg\" data-id=\"696e1a7\" data-element_type=\"widget\" data-widget_type=\"wd_image_or_svg.default\">\n\t\t\t\t<div class=\"elementor-widget-container\">\n\t\t\t\n\t\t<div class=\"wd-image text-center\">\n\t\t\t\t\t\t\t\t<img decoding=\"async\" src=\"https:\/\/tzila.mx\/dev\/wp-content\/uploads\/elementor\/thumbs\/CMI-GM27-CF-US-DES-3-pqf8oprcjbdfe1k1zx3jsg91bc2el4pb9te9qgyt2w.png\" title=\"CMI-GM27-CF-US-DES-3\" alt=\"CMI-GM27-CF-US-DES-3\" \/>\t\t\t\t\t<\/div>\n\n\t\t\t\t<\/div>\n\t\t\t\t<\/div>\n\t\t\t\t<div class=\"elementor-element elementor-element-7672450 elementor-widget elementor-widget-wd_text_block\" data-id=\"7672450\" data-element_type=\"widget\" data-widget_type=\"wd_text_block.default\">\n\t\t\t\t<div class=\"elementor-widget-container\">\n\t\t\t\t\t<div class=\"wd-text-block reset-last-child text-left\">\n\t\t\t\n\t\t\t<h4>Belleza imperturbable<\/h4><p>Los marcos gruesos son tan antiguos. D\u00e9 la bienvenida a nuestro bisel superestrecho que complementa con buen gusto su contenido sin una gran carcasa negra que distrae. Vea m\u00e1s de lo que importa y menos de lo que no.<\/p>\n\t\t\t\t\t<\/div>\n\t\t\t\t<\/div>\n\t\t\t\t<\/div>\n\t\t\t\t<div class=\"elementor-element elementor-element-1347bf2 elementor-widget elementor-widget-wd_text_block\" data-id=\"1347bf2\" data-element_type=\"widget\" data-widget_type=\"wd_text_block.default\">\n\t\t\t\t<div class=\"elementor-widget-container\">\n\t\t\t\t\t<div class=\"wd-text-block reset-last-child text-left\">\n\t\t\t\n\t\t\t<h4>Juego Seguro; Baja la luz azul<\/h4><p>Jugar horas tras horas puede causar fatiga ocular extrema, especialmente sin un filtro de luz azul. Nuestro GM27-CF cuenta con un modo de visualizaci\u00f3n de luz azul baja, para largas sesiones sin preocupaciones y una mejor comodidad visual. La victoria requiere sacrificio, pero jugar a lo seguro nunca debe estar en la lista.<\/p>\n\t\t\t\t\t<\/div>\n\t\t\t\t<\/div>\n\t\t\t\t<\/div>\n\t\t\t\t<div class=\"elementor-element elementor-element-705d7b4 elementor-widget elementor-widget-wd_text_block\" data-id=\"705d7b4\" data-element_type=\"widget\" data-widget_type=\"wd_text_block.default\">\n\t\t\t\t<div class=\"elementor-widget-container\">\n\t\t\t\t\t<div class=\"wd-text-block reset-last-child text-left\">\n\t\t\t\n\t\t\t<h4>Hecho para ti<\/h4><p>El soporte de aluminio fundido proporciona una hermosa pieza central de mesa con un dise\u00f1o Cooler Master \u00fanico y un prop\u00f3sito funcional. Nuestro soporte \"Halo\" admite un ajuste de altura de hasta 110 mm, un giro de 30\u00b0 y una inclinaci\u00f3n de 15\u00b0.<\/p>\n\t\t\t\t\t<\/div>\n\t\t\t\t<\/div>\n\t\t\t\t<\/div>\n\t\t\t\t<div class=\"elementor-element elementor-element-078b475 elementor-widget elementor-widget-wd_button\" data-id=\"078b475\" data-element_type=\"widget\" data-widget_type=\"wd_button.default\">\n\t\t\t\t<div class=\"elementor-widget-container\">\n\t\t\t\t\t<div class=\"wd-button-wrapper text-center\" >\n\t\t\t<a class=\"btn btn-style-link btn-shape- btn-size-large btn-scheme-light btn-scheme-hover-dark btn-icon-pos-right\"  href=\"https:\/\/coolermaster.egnyte.com\/dl\/IzUiHU9tEm\" target=\"_blank\">\n\t\t\t\t<span class=\"wd-btn-text\" data-elementor-setting-key=\"text\">\n\t\t\t\t\tSaber m\u00e1s\t\t\t\t<\/span>\n\n\t\t\t\t\t\t\t<\/a>\n\t\t<\/div>\n\t\t\t\t<\/div>\n\t\t\t\t<\/div>\n\t\t\t\t\t<\/div>\n\t\t<\/div>\n\t\t\t\t\t\t\t<\/div>\n\t\t<\/section>\n\t\t\t\t\t\t<\/div>\n\t\t\t\t\t<\/div>\n\t\t","protected":false},"excerpt":{"rendered":"<h4>Caracter\u00edsticas principales:<\/h4>\n<p class=\"p1\"><span class=\"s1\">\u25cf<\/span><span class=\"s2\"> <span id=\"\" class=\"tech-details__item-label\" data-fetched=\"true\">Tama\u00f1o de la pantalla 27 pulgadas<\/span><\/span><br \/>\n<span class=\"s1\">\u25cf<span class=\"s2\"> Resoluci\u00f3n Full HD (1920 x 1080)<\/span><\/span><br \/>\n<span class=\"s1\">\u25cf<\/span> AMD FreeSync Premium<br \/>\n<span class=\"s1\">\u25cf<\/span><span class=\"s2\"> Velocidad de actualizaci\u00f3n<span id=\"\" class=\"tech-details__item-label\" data-fetched=\"true\"> 165Hz<\/span><\/span><br \/>\n<span class=\"s1\">\u25cf<\/span><span class=\"s2\"> <span id=\"\" class=\"tech-details__item-label\" data-fetched=\"true\">Tiempo de respuesta 3ms (GTG w\/OD)<\/span><\/span><br \/>\n<span class=\"s1\">\u25cf<\/span><span class=\"s2\"> Low Blue Light<\/span><\/p>\n","protected":false},"featured_media":16351,"comment_status":"open","ping_status":"closed","template":"","meta":[],"product_cat":[94,32,88,102],"product_tag":[250],"class_list":["post-16345","product","type-product","status-publish","has-post-thumbnail","hentry","product_cat-monitores-set","product_cat-monitores","product_cat-27-pulgadas","product_cat-cooler-master","product_tag-cooler-master","pa_brand-cooler-master"],"_links":{"self":[{"href":"https:\/\/tzila.mx\/dev\/wp-json\/wp\/v2\/product\/16345","targetHints":{"allow":["GET"]}}],"collection":[{"href":"https:\/\/tzila.mx\/dev\/wp-json\/wp\/v2\/product"}],"about":[{"href":"https:\/\/tzila.mx\/dev\/wp-json\/wp\/v2\/types\/product"}],"replies":[{"embeddable":true,"href":"https:\/\/tzila.mx\/dev\/wp-json\/wp\/v2\/comments?post=16345"}],"version-history":[{"count":7,"href":"https:\/\/tzila.mx\/dev\/wp-json\/wp\/v2\/product\/16345\/revisions"}],"predecessor-version":[{"id":16367,"href":"https:\/\/tzila.mx\/dev\/wp-json\/wp\/v2\/product\/16345\/revisions\/16367"}],"wp:featuredmedia":[{"embeddable":true,"href":"https:\/\/tzila.mx\/dev\/wp-json\/wp\/v2\/media\/16351"}],"wp:attachment":[{"href":"https:\/\/tzila.mx\/dev\/wp-json\/wp\/v2\/media?parent=16345"}],"wp:term":[{"taxonomy":"product_cat","embeddable":true,"href":"https:\/\/tzila.mx\/dev\/wp-json\/wp\/v2\/product_cat?post=16345"},{"taxonomy":"product_tag","embeddable":true,"href":"https:\/\/tzila.mx\/dev\/wp-json\/wp\/v2\/product_tag?post=16345"}],"curies":[{"name":"wp","href":"https:\/\/api.w.org\/{rel}","templated":true}]}}