{"id":16329,"date":"2022-06-16T18:34:07","date_gmt":"2022-06-16T23:34:07","guid":{"rendered":"https:\/\/tzila.mx\/dev\/?post_type=product&#038;p=16329"},"modified":"2022-06-29T11:34:30","modified_gmt":"2022-06-29T16:34:30","slug":"fuente-de-poder-cooler-master-masterwatt-650","status":"publish","type":"product","link":"https:\/\/tzila.mx\/dev\/producto\/fuente-de-poder-cooler-master-masterwatt-650\/","title":{"rendered":"Fuente de Poder COOLER MASTER MasterWatt 650"},"content":{"rendered":"\t\t<div data-elementor-type=\"wp-post\" data-elementor-id=\"16329\" class=\"elementor elementor-16329\" data-elementor-settings=\"[]\">\n\t\t\t\t\t\t\t<div class=\"elementor-section-wrap\">\n\t\t\t\t\t\t\t<section class=\"elementor-section elementor-top-section elementor-element elementor-element-154fe09 elementor-section-boxed elementor-section-height-default elementor-section-height-default wd-section-disabled\" data-id=\"154fe09\" data-element_type=\"section\">\n\t\t\t\t\t\t<div class=\"elementor-container elementor-column-gap-default\">\n\t\t\t\t\t<div class=\"elementor-column elementor-col-33 elementor-top-column elementor-element elementor-element-f14913d\" data-id=\"f14913d\" data-element_type=\"column\">\n\t\t\t<div class=\"elementor-widget-wrap elementor-element-populated\">\n\t\t\t\t\t\t\t\t<div class=\"elementor-element elementor-element-3d30eaf elementor-widget elementor-widget-wd_text_block\" data-id=\"3d30eaf\" data-element_type=\"widget\" data-widget_type=\"wd_text_block.default\">\n\t\t\t\t<div class=\"elementor-widget-container\">\n\t\t\t\t\t<div class=\"wd-text-block reset-last-child text-left\">\n\t\t\t\n\t\t\t<h5><strong>CARACTER\u00cdSTICAS GENERALE<\/strong><strong>S<\/strong><strong>:<\/strong><\/h5>\n\t\t\t\t\t<\/div>\n\t\t\t\t<\/div>\n\t\t\t\t<\/div>\n\t\t\t\t<div class=\"elementor-element elementor-element-6d44079 elementor-widget elementor-widget-wd_text_block\" data-id=\"6d44079\" data-element_type=\"widget\" data-widget_type=\"wd_text_block.default\">\n\t\t\t\t<div class=\"elementor-widget-container\">\n\t\t\t\t\t<div class=\"wd-text-block reset-last-child text-left\">\n\t\t\t\n\t\t\t<p>\u25cf Semi-Fanless hasta 15% de carga<br \/>\u25cf Dise\u00f1o de circuito Dual Forward y DC-to-DC<br \/>\u25cf 5 a\u00f1os de garant\u00eda<br \/>\u25cf M\u00e1s cables PCI-e conductores<br \/>\u25cf Certificaci\u00f3n 80 PLUS Bronce<br \/>\u25cf Cojinete LDB duradero<\/p>\n\t\t\t\t\t<\/div>\n\t\t\t\t<\/div>\n\t\t\t\t<\/div>\n\t\t\t\t\t<\/div>\n\t\t<\/div>\n\t\t\t\t<div class=\"elementor-column elementor-col-66 elementor-top-column elementor-element elementor-element-1a0b71f\" data-id=\"1a0b71f\" data-element_type=\"column\">\n\t\t\t<div class=\"elementor-widget-wrap elementor-element-populated\">\n\t\t\t\t\t\t\t\t<div class=\"elementor-element elementor-element-6f6445b elementor-widget elementor-widget-wd_image_or_svg\" data-id=\"6f6445b\" data-element_type=\"widget\" data-widget_type=\"wd_image_or_svg.default\">\n\t\t\t\t<div class=\"elementor-widget-container\">\n\t\t\t\n\t\t<div class=\"wd-image text-center\">\n\t\t\t\t\t\t\t\t<img loading=\"lazy\" decoding=\"async\" width=\"1920\" height=\"850\" src=\"https:\/\/tzila.mx\/dev\/wp-content\/uploads\/2022\/06\/MPX-6501-AMAAB-U1-DES-1.jpg\" class=\"attachment-full size-full\" alt=\"\" srcset=\"https:\/\/tzila.mx\/dev\/wp-content\/uploads\/2022\/06\/MPX-6501-AMAAB-U1-DES-1.jpg 1920w, https:\/\/tzila.mx\/dev\/wp-content\/uploads\/2022\/06\/MPX-6501-AMAAB-U1-DES-1-400x177.jpg 400w, https:\/\/tzila.mx\/dev\/wp-content\/uploads\/2022\/06\/MPX-6501-AMAAB-U1-DES-1-1300x576.jpg 1300w, https:\/\/tzila.mx\/dev\/wp-content\/uploads\/2022\/06\/MPX-6501-AMAAB-U1-DES-1-768x340.jpg 768w, https:\/\/tzila.mx\/dev\/wp-content\/uploads\/2022\/06\/MPX-6501-AMAAB-U1-DES-1-1536x680.jpg 1536w, https:\/\/tzila.mx\/dev\/wp-content\/uploads\/2022\/06\/MPX-6501-AMAAB-U1-DES-1-860x381.jpg 860w, https:\/\/tzila.mx\/dev\/wp-content\/uploads\/2022\/06\/MPX-6501-AMAAB-U1-DES-1-1320x584.jpg 1320w, https:\/\/tzila.mx\/dev\/wp-content\/uploads\/2022\/06\/MPX-6501-AMAAB-U1-DES-1-430x190.jpg 430w, https:\/\/tzila.mx\/dev\/wp-content\/uploads\/2022\/06\/MPX-6501-AMAAB-U1-DES-1-700x310.jpg 700w, https:\/\/tzila.mx\/dev\/wp-content\/uploads\/2022\/06\/MPX-6501-AMAAB-U1-DES-1-150x66.jpg 150w\" sizes=\"auto, (max-width: 1920px) 100vw, 1920px\" \/>\t\t\t\t\t<\/div>\n\n\t\t\t\t<\/div>\n\t\t\t\t<\/div>\n\t\t\t\t\t<\/div>\n\t\t<\/div>\n\t\t\t\t\t\t\t<\/div>\n\t\t<\/section>\n\t\t\t\t<section class=\"elementor-section elementor-top-section elementor-element elementor-element-f335c48 elementor-section-boxed elementor-section-height-default elementor-section-height-default wd-section-disabled\" data-id=\"f335c48\" data-element_type=\"section\">\n\t\t\t\t\t\t<div class=\"elementor-container elementor-column-gap-default\">\n\t\t\t\t\t<div class=\"elementor-column elementor-col-33 elementor-top-column elementor-element elementor-element-b982906\" data-id=\"b982906\" data-element_type=\"column\">\n\t\t\t<div class=\"elementor-widget-wrap elementor-element-populated\">\n\t\t\t\t\t\t\t\t<div class=\"elementor-element elementor-element-ecdf1c9 elementor-widget elementor-widget-wd_text_block\" data-id=\"ecdf1c9\" data-element_type=\"widget\" data-widget_type=\"wd_text_block.default\">\n\t\t\t\t<div class=\"elementor-widget-container\">\n\t\t\t\t\t<div class=\"wd-text-block reset-last-child text-left\">\n\t\t\t\n\t\t\t<h4>Power Up<\/h4><p>MasterWatt es una fuente de alimentaci\u00f3n 80 Plus Bronze con un innovador modo sin ventilador. Con una carga del 15 %, el ventilador MasterWatt permanece inactivo y ofrece cero dBA. Cuando aumenta la demanda de energ\u00eda, una curva de ventilador gradual proporciona enfriamiento medido con poco o ning\u00fan ruido en cualquier nivel de salida. Se emplea una topolog\u00eda de avance dual\/CC a CC para mantener el voltaje estable en todas las condiciones. Para un mayor rendimiento, MasterWatt est\u00e1 equipado con cables de alimentaci\u00f3n de 16 AWG, lo que reduce la resistencia y, por lo tanto, aumenta la eficiencia.<\/p>\n\t\t\t\t\t<\/div>\n\t\t\t\t<\/div>\n\t\t\t\t<\/div>\n\t\t\t\t<div class=\"elementor-element elementor-element-1ce2802 elementor-widget elementor-widget-wd_image_or_svg\" data-id=\"1ce2802\" data-element_type=\"widget\" data-widget_type=\"wd_image_or_svg.default\">\n\t\t\t\t<div class=\"elementor-widget-container\">\n\t\t\t\n\t\t<div class=\"wd-image text-left\">\n\t\t\t\t\t\t\t\t<img decoding=\"async\" src=\"https:\/\/tzila.mx\/dev\/wp-content\/uploads\/elementor\/thumbs\/MPX-6501-AMAAB-U1-DES-4-pqf6whgdivg21aut25lbenr3zgnglppmfwjt5s7a9k.png\" title=\"MPX-6501-AMAAB-U1-DES-4\" alt=\"MPX-6501-AMAAB-U1-DES-4\" \/>\t\t\t\t\t<\/div>\n\n\t\t\t\t<\/div>\n\t\t\t\t<\/div>\n\t\t\t\t<div class=\"elementor-element elementor-element-92b92dc elementor-widget elementor-widget-wd_text_block\" data-id=\"92b92dc\" data-element_type=\"widget\" data-widget_type=\"wd_text_block.default\">\n\t\t\t\t<div class=\"elementor-widget-container\">\n\t\t\t\t\t<div class=\"wd-text-block reset-last-child text-left\">\n\t\t\t\n\t\t\t<h4>Certificaci\u00f3n 80 PLUS Bronce<\/h4><p>La certificaci\u00f3n 80 PLUS Bronze garantiza que MasterWatt ofrece una eficiencia promedio del 85%.<\/p>\n\t\t\t\t\t<\/div>\n\t\t\t\t<\/div>\n\t\t\t\t<\/div>\n\t\t\t\t\t<\/div>\n\t\t<\/div>\n\t\t\t\t<div class=\"elementor-column elementor-col-33 elementor-top-column elementor-element elementor-element-efcf9f4\" data-id=\"efcf9f4\" data-element_type=\"column\">\n\t\t\t<div class=\"elementor-widget-wrap elementor-element-populated\">\n\t\t\t\t\t\t\t\t<div class=\"elementor-element elementor-element-a119555 elementor-widget elementor-widget-wd_text_block\" data-id=\"a119555\" data-element_type=\"widget\" data-widget_type=\"wd_text_block.default\">\n\t\t\t\t<div class=\"elementor-widget-container\">\n\t\t\t\t\t<div class=\"wd-text-block reset-last-child text-left\">\n\t\t\t\n\t\t\t<h4>Cojinete LDB duradero<\/h4><p>El ventilador Cooler Master Silencio FP de 120 mm combina rodamientos LDB sellados con aspas de ventilador silenciosas que ofrecen una larga vida \u00fatil de enfriamiento silencioso.<\/p><p><strong>A<\/strong>. Sellador en el La ranura exterior del cojinete ayuda a circular el aceite<br \/><strong>B.<\/strong> Sellador en la bobina y con el m\u00e1s alto nivel de protecci\u00f3n contra el polvo IP6X<br \/><strong>C.<\/strong> La ranura de reciclaje agrega espacio de almacenamiento adicional para el aceite<br \/><strong>D.<\/strong> El eje hace fluir el aceite bombe\u00e1ndolo mientras gira<\/p>\n\t\t\t\t\t<\/div>\n\t\t\t\t<\/div>\n\t\t\t\t<\/div>\n\t\t\t\t<div class=\"elementor-element elementor-element-f4bb4cf elementor-widget elementor-widget-wd_text_block\" data-id=\"f4bb4cf\" data-element_type=\"widget\" data-widget_type=\"wd_text_block.default\">\n\t\t\t\t<div class=\"elementor-widget-container\">\n\t\t\t\t\t<div class=\"wd-text-block reset-last-child text-left\">\n\t\t\t\n\t\t\t<h4>Semi-Fanless hasta 15% de carga<\/h4><p>MasterWatt funciona a 0 dB con una carga del 15 %. Experimente la inform\u00e1tica b\u00e1sica sin ruido.<\/p>\n\t\t\t\t\t<\/div>\n\t\t\t\t<\/div>\n\t\t\t\t<\/div>\n\t\t\t\t<div class=\"elementor-element elementor-element-bbd8d0c elementor-widget elementor-widget-wd_image_or_svg\" data-id=\"bbd8d0c\" data-element_type=\"widget\" data-widget_type=\"wd_image_or_svg.default\">\n\t\t\t\t<div class=\"elementor-widget-container\">\n\t\t\t\n\t\t<div class=\"wd-image text-left\">\n\t\t\t\t\t\t\t\t<img loading=\"lazy\" decoding=\"async\" width=\"1175\" height=\"1120\" src=\"https:\/\/tzila.mx\/dev\/wp-content\/uploads\/2022\/06\/MPX-6501-AMAAB-U1-DES-3.png\" class=\"attachment-full size-full\" alt=\"\" srcset=\"https:\/\/tzila.mx\/dev\/wp-content\/uploads\/2022\/06\/MPX-6501-AMAAB-U1-DES-3.png 1175w, https:\/\/tzila.mx\/dev\/wp-content\/uploads\/2022\/06\/MPX-6501-AMAAB-U1-DES-3-315x300.png 315w, https:\/\/tzila.mx\/dev\/wp-content\/uploads\/2022\/06\/MPX-6501-AMAAB-U1-DES-3-839x800.png 839w, https:\/\/tzila.mx\/dev\/wp-content\/uploads\/2022\/06\/MPX-6501-AMAAB-U1-DES-3-768x732.png 768w, https:\/\/tzila.mx\/dev\/wp-content\/uploads\/2022\/06\/MPX-6501-AMAAB-U1-DES-3-860x820.png 860w, https:\/\/tzila.mx\/dev\/wp-content\/uploads\/2022\/06\/MPX-6501-AMAAB-U1-DES-3-430x410.png 430w, https:\/\/tzila.mx\/dev\/wp-content\/uploads\/2022\/06\/MPX-6501-AMAAB-U1-DES-3-700x667.png 700w, https:\/\/tzila.mx\/dev\/wp-content\/uploads\/2022\/06\/MPX-6501-AMAAB-U1-DES-3-150x143.png 150w\" sizes=\"auto, (max-width: 1175px) 100vw, 1175px\" \/>\t\t\t\t\t<\/div>\n\n\t\t\t\t<\/div>\n\t\t\t\t<\/div>\n\t\t\t\t\t<\/div>\n\t\t<\/div>\n\t\t\t\t<div class=\"elementor-column elementor-col-33 elementor-top-column elementor-element elementor-element-dffdc91\" data-id=\"dffdc91\" data-element_type=\"column\">\n\t\t\t<div class=\"elementor-widget-wrap elementor-element-populated\">\n\t\t\t\t\t\t\t\t<div class=\"elementor-element elementor-element-cdd3c38 elementor-widget elementor-widget-wd_text_block\" data-id=\"cdd3c38\" data-element_type=\"widget\" data-widget_type=\"wd_text_block.default\">\n\t\t\t\t<div class=\"elementor-widget-container\">\n\t\t\t\t\t<div class=\"wd-text-block reset-last-child text-left\">\n\t\t\t\n\t\t\t<h4>Dise\u00f1o de circuito doble directo y de CC a CC<\/h4><p>El dise\u00f1o de circuito Dual Forward y DC-to-DC ofrece confiabilidad y estabilidad. Esto es especialmente significativo en salidas de +3.3V y +5V.<\/p>\n\t\t\t\t\t<\/div>\n\t\t\t\t<\/div>\n\t\t\t\t<\/div>\n\t\t\t\t<div class=\"elementor-element elementor-element-0d4bb33 elementor-widget elementor-widget-wd_image_or_svg\" data-id=\"0d4bb33\" data-element_type=\"widget\" data-widget_type=\"wd_image_or_svg.default\">\n\t\t\t\t<div class=\"elementor-widget-container\">\n\t\t\t\n\t\t<div class=\"wd-image text-left\">\n\t\t\t\t\t\t\t\t<img loading=\"lazy\" decoding=\"async\" width=\"1175\" height=\"1120\" src=\"https:\/\/tzila.mx\/dev\/wp-content\/uploads\/2022\/06\/MPX-6501-AMAAB-U1-DES-2.png\" class=\"attachment-full size-full\" alt=\"\" srcset=\"https:\/\/tzila.mx\/dev\/wp-content\/uploads\/2022\/06\/MPX-6501-AMAAB-U1-DES-2.png 1175w, https:\/\/tzila.mx\/dev\/wp-content\/uploads\/2022\/06\/MPX-6501-AMAAB-U1-DES-2-315x300.png 315w, https:\/\/tzila.mx\/dev\/wp-content\/uploads\/2022\/06\/MPX-6501-AMAAB-U1-DES-2-839x800.png 839w, https:\/\/tzila.mx\/dev\/wp-content\/uploads\/2022\/06\/MPX-6501-AMAAB-U1-DES-2-768x732.png 768w, https:\/\/tzila.mx\/dev\/wp-content\/uploads\/2022\/06\/MPX-6501-AMAAB-U1-DES-2-860x820.png 860w, https:\/\/tzila.mx\/dev\/wp-content\/uploads\/2022\/06\/MPX-6501-AMAAB-U1-DES-2-430x410.png 430w, https:\/\/tzila.mx\/dev\/wp-content\/uploads\/2022\/06\/MPX-6501-AMAAB-U1-DES-2-700x667.png 700w, https:\/\/tzila.mx\/dev\/wp-content\/uploads\/2022\/06\/MPX-6501-AMAAB-U1-DES-2-150x143.png 150w\" sizes=\"auto, (max-width: 1175px) 100vw, 1175px\" \/>\t\t\t\t\t<\/div>\n\n\t\t\t\t<\/div>\n\t\t\t\t<\/div>\n\t\t\t\t<div class=\"elementor-element elementor-element-4b5326b elementor-widget elementor-widget-wd_text_block\" data-id=\"4b5326b\" data-element_type=\"widget\" data-widget_type=\"wd_text_block.default\">\n\t\t\t\t<div class=\"elementor-widget-container\">\n\t\t\t\t\t<div class=\"wd-text-block reset-last-child text-left\">\n\t\t\t\n\t\t\t<h4>M\u00e1s cables PCI-e conductores<\/h4><p>El MasterWatt usa cables 16AWG para cables PCI-e. Menos resistencia y mejor eficiencia, brind\u00e1ndole un entorno de usuario m\u00e1s seguro.<\/p>\n\t\t\t\t\t<\/div>\n\t\t\t\t<\/div>\n\t\t\t\t<\/div>\n\t\t\t\t<div class=\"elementor-element elementor-element-aa5899a elementor-widget elementor-widget-wd_button\" data-id=\"aa5899a\" data-element_type=\"widget\" data-widget_type=\"wd_button.default\">\n\t\t\t\t<div class=\"elementor-widget-container\">\n\t\t\t\t\t<div class=\"wd-button-wrapper text-center\" >\n\t\t\t<a class=\"btn btn-style-link btn-shape- btn-size-default btn-scheme-light btn-scheme-hover-dark btn-icon-pos-right\"  href=\"https:\/\/coolermaster.egnyte.com\/dl\/idfAL8PYzl\" target=\"_blank\">\n\t\t\t\t<span class=\"wd-btn-text\" data-elementor-setting-key=\"text\">\n\t\t\t\t\tSABER M\u00c1S\t\t\t\t<\/span>\n\n\t\t\t\t\t\t\t<\/a>\n\t\t<\/div>\n\t\t\t\t<\/div>\n\t\t\t\t<\/div>\n\t\t\t\t\t<\/div>\n\t\t<\/div>\n\t\t\t\t\t\t\t<\/div>\n\t\t<\/section>\n\t\t\t\t\t\t<\/div>\n\t\t\t\t\t<\/div>\n\t\t","protected":false},"excerpt":{"rendered":"<h4>Caracter\u00edsticas principales:<\/h4>\n<ul class=\"ul1\">\n<li class=\"li2\"><span class=\"s1\">Certificaci\u00f3n 80PLUS BRONZE<\/span><\/li>\n<li class=\"li2\">Dual Forward y DC-to-DC<\/li>\n<li class=\"li2\">M\u00e1s cables PCI-e conductores<\/li>\n<\/ul>\n","protected":false},"featured_media":16330,"comment_status":"open","ping_status":"closed","template":"","meta":[],"product_cat":[20,72,102],"product_tag":[250],"class_list":["post-16329","product","type-product","status-publish","has-post-thumbnail","hentry","product_cat-hardware","product_cat-fuente-de-poder","product_cat-cooler-master","product_tag-cooler-master","pa_brand-cooler-master"],"_links":{"self":[{"href":"https:\/\/tzila.mx\/dev\/wp-json\/wp\/v2\/product\/16329","targetHints":{"allow":["GET"]}}],"collection":[{"href":"https:\/\/tzila.mx\/dev\/wp-json\/wp\/v2\/product"}],"about":[{"href":"https:\/\/tzila.mx\/dev\/wp-json\/wp\/v2\/types\/product"}],"replies":[{"embeddable":true,"href":"https:\/\/tzila.mx\/dev\/wp-json\/wp\/v2\/comments?post=16329"}],"version-history":[{"count":4,"href":"https:\/\/tzila.mx\/dev\/wp-json\/wp\/v2\/product\/16329\/revisions"}],"predecessor-version":[{"id":16344,"href":"https:\/\/tzila.mx\/dev\/wp-json\/wp\/v2\/product\/16329\/revisions\/16344"}],"wp:featuredmedia":[{"embeddable":true,"href":"https:\/\/tzila.mx\/dev\/wp-json\/wp\/v2\/media\/16330"}],"wp:attachment":[{"href":"https:\/\/tzila.mx\/dev\/wp-json\/wp\/v2\/media?parent=16329"}],"wp:term":[{"taxonomy":"product_cat","embeddable":true,"href":"https:\/\/tzila.mx\/dev\/wp-json\/wp\/v2\/product_cat?post=16329"},{"taxonomy":"product_tag","embeddable":true,"href":"https:\/\/tzila.mx\/dev\/wp-json\/wp\/v2\/product_tag?post=16329"}],"curies":[{"name":"wp","href":"https:\/\/api.w.org\/{rel}","templated":true}]}}