{"id":16311,"date":"2022-06-16T15:54:42","date_gmt":"2022-06-16T20:54:42","guid":{"rendered":"https:\/\/tzila.mx\/dev\/?post_type=product&#038;p=16311"},"modified":"2022-06-29T11:34:33","modified_gmt":"2022-06-29T16:34:33","slug":"kit-teclado-mouse-cooler-master-devastator-3-plus","status":"publish","type":"product","link":"https:\/\/tzila.mx\/dev\/producto\/kit-teclado-mouse-cooler-master-devastator-3-plus\/","title":{"rendered":"Kit Teclado\/Mouse COOLER MASTER Devastator 3 Plus"},"content":{"rendered":"\t\t<div data-elementor-type=\"wp-post\" data-elementor-id=\"16311\" class=\"elementor elementor-16311\" data-elementor-settings=\"[]\">\n\t\t\t\t\t\t\t<div class=\"elementor-section-wrap\">\n\t\t\t\t\t\t\t<section class=\"elementor-section elementor-top-section elementor-element elementor-element-154fe09 elementor-section-boxed elementor-section-height-default elementor-section-height-default wd-section-disabled\" data-id=\"154fe09\" data-element_type=\"section\">\n\t\t\t\t\t\t<div class=\"elementor-container elementor-column-gap-default\">\n\t\t\t\t\t<div class=\"elementor-column elementor-col-33 elementor-top-column elementor-element elementor-element-f14913d\" data-id=\"f14913d\" data-element_type=\"column\">\n\t\t\t<div class=\"elementor-widget-wrap elementor-element-populated\">\n\t\t\t\t\t\t\t\t<div class=\"elementor-element elementor-element-3d30eaf elementor-widget elementor-widget-wd_text_block\" data-id=\"3d30eaf\" data-element_type=\"widget\" data-widget_type=\"wd_text_block.default\">\n\t\t\t\t<div class=\"elementor-widget-container\">\n\t\t\t\t\t<div class=\"wd-text-block reset-last-child text-left\">\n\t\t\t\n\t\t\t<h5><strong>CARACTER\u00cdSTICAS GENERALE<\/strong><strong>S<\/strong><strong>:<\/strong><\/h5>\n\t\t\t\t\t<\/div>\n\t\t\t\t<\/div>\n\t\t\t\t<\/div>\n\t\t\t\t<div class=\"elementor-element elementor-element-6d44079 elementor-widget elementor-widget-wd_text_block\" data-id=\"6d44079\" data-element_type=\"widget\" data-widget_type=\"wd_text_block.default\">\n\t\t\t\t<div class=\"elementor-widget-container\">\n\t\t\t\t\t<div class=\"wd-text-block reset-last-child text-left\">\n\t\t\t\n\t\t\t<p>\u25cf Interruptores exclusivos de mem-chanical lineales h\u00edbridos<br \/>\u25cf Estilo ergon\u00f3mico de arriba a abajo<br \/>\u25cf Un mouse de precisi\u00f3n para mejorar tu juego<br \/>\u25cf 7 colores para una personalidad personalizada<br \/>\u25cf Funcional y duradero<\/p>\n\t\t\t\t\t<\/div>\n\t\t\t\t<\/div>\n\t\t\t\t<\/div>\n\t\t\t\t\t<\/div>\n\t\t<\/div>\n\t\t\t\t<div class=\"elementor-column elementor-col-66 elementor-top-column elementor-element elementor-element-1a0b71f\" data-id=\"1a0b71f\" data-element_type=\"column\">\n\t\t\t<div class=\"elementor-widget-wrap elementor-element-populated\">\n\t\t\t\t\t\t\t\t<div class=\"elementor-element elementor-element-6f6445b elementor-widget elementor-widget-wd_image_or_svg\" data-id=\"6f6445b\" data-element_type=\"widget\" data-widget_type=\"wd_image_or_svg.default\">\n\t\t\t\t<div class=\"elementor-widget-container\">\n\t\t\t\n\t\t<div class=\"wd-image text-center\">\n\t\t\t\t\t\t\t\t<img loading=\"lazy\" decoding=\"async\" width=\"1920\" height=\"680\" src=\"https:\/\/tzila.mx\/dev\/wp-content\/uploads\/2022\/06\/SGB-3001-KKMF1-LS-DES-4.png\" class=\"attachment-full size-full\" alt=\"\" srcset=\"https:\/\/tzila.mx\/dev\/wp-content\/uploads\/2022\/06\/SGB-3001-KKMF1-LS-DES-4.png 1920w, https:\/\/tzila.mx\/dev\/wp-content\/uploads\/2022\/06\/SGB-3001-KKMF1-LS-DES-4-400x142.png 400w, https:\/\/tzila.mx\/dev\/wp-content\/uploads\/2022\/06\/SGB-3001-KKMF1-LS-DES-4-1300x460.png 1300w, https:\/\/tzila.mx\/dev\/wp-content\/uploads\/2022\/06\/SGB-3001-KKMF1-LS-DES-4-768x272.png 768w, https:\/\/tzila.mx\/dev\/wp-content\/uploads\/2022\/06\/SGB-3001-KKMF1-LS-DES-4-1536x544.png 1536w, https:\/\/tzila.mx\/dev\/wp-content\/uploads\/2022\/06\/SGB-3001-KKMF1-LS-DES-4-860x305.png 860w, https:\/\/tzila.mx\/dev\/wp-content\/uploads\/2022\/06\/SGB-3001-KKMF1-LS-DES-4-1320x468.png 1320w, https:\/\/tzila.mx\/dev\/wp-content\/uploads\/2022\/06\/SGB-3001-KKMF1-LS-DES-4-430x152.png 430w, https:\/\/tzila.mx\/dev\/wp-content\/uploads\/2022\/06\/SGB-3001-KKMF1-LS-DES-4-700x248.png 700w, https:\/\/tzila.mx\/dev\/wp-content\/uploads\/2022\/06\/SGB-3001-KKMF1-LS-DES-4-150x53.png 150w\" sizes=\"auto, (max-width: 1920px) 100vw, 1920px\" \/>\t\t\t\t\t<\/div>\n\n\t\t\t\t<\/div>\n\t\t\t\t<\/div>\n\t\t\t\t\t<\/div>\n\t\t<\/div>\n\t\t\t\t\t\t\t<\/div>\n\t\t<\/section>\n\t\t\t\t<section class=\"elementor-section elementor-top-section elementor-element elementor-element-f335c48 elementor-section-boxed elementor-section-height-default elementor-section-height-default wd-section-disabled\" data-id=\"f335c48\" data-element_type=\"section\">\n\t\t\t\t\t\t<div class=\"elementor-container elementor-column-gap-default\">\n\t\t\t\t\t<div class=\"elementor-column elementor-col-33 elementor-top-column elementor-element elementor-element-b982906\" data-id=\"b982906\" data-element_type=\"column\">\n\t\t\t<div class=\"elementor-widget-wrap elementor-element-populated\">\n\t\t\t\t\t\t\t\t<div class=\"elementor-element elementor-element-ecdf1c9 elementor-widget elementor-widget-wd_text_block\" data-id=\"ecdf1c9\" data-element_type=\"widget\" data-widget_type=\"wd_text_block.default\">\n\t\t\t\t<div class=\"elementor-widget-container\">\n\t\t\t\t\t<div class=\"wd-text-block reset-last-child text-left\">\n\t\t\t\n\t\t\t<h4>Un combo de juegos con color<\/h4><p>El Devastator 3 Plus Combo es la pr\u00f3xima generaci\u00f3n de nuestro popular juego de teclado y mouse para juegos. El mouse ergon\u00f3mico ultraplano cuenta con un DPI ajustable de hasta 2400 y una rueda de mouse de alta precisi\u00f3n, mientras que el teclado de bajo perfil viene con teclas con cobertura de agarre grabado con l\u00e1ser e interruptores Mem-chanical para una mejor respuesta t\u00e1ctil. Y ahora, con 7 opciones de LED diferentes, puede personalizar sus perif\u00e9ricos para que combinen con todo su hardware con estilo.<\/p>\n\t\t\t\t\t<\/div>\n\t\t\t\t<\/div>\n\t\t\t\t<\/div>\n\t\t\t\t<div class=\"elementor-element elementor-element-1ce2802 elementor-widget elementor-widget-wd_image_or_svg\" data-id=\"1ce2802\" data-element_type=\"widget\" data-widget_type=\"wd_image_or_svg.default\">\n\t\t\t\t<div class=\"elementor-widget-container\">\n\t\t\t\n\t\t<div class=\"wd-image text-left\">\n\t\t\t\t\t\t\t\t<img loading=\"lazy\" decoding=\"async\" width=\"1920\" height=\"680\" src=\"https:\/\/tzila.mx\/dev\/wp-content\/uploads\/2022\/06\/SGB-3001-KKMF1-LS-DES-2.png\" class=\"attachment-full size-full\" alt=\"\" srcset=\"https:\/\/tzila.mx\/dev\/wp-content\/uploads\/2022\/06\/SGB-3001-KKMF1-LS-DES-2.png 1920w, https:\/\/tzila.mx\/dev\/wp-content\/uploads\/2022\/06\/SGB-3001-KKMF1-LS-DES-2-400x142.png 400w, https:\/\/tzila.mx\/dev\/wp-content\/uploads\/2022\/06\/SGB-3001-KKMF1-LS-DES-2-1300x460.png 1300w, https:\/\/tzila.mx\/dev\/wp-content\/uploads\/2022\/06\/SGB-3001-KKMF1-LS-DES-2-768x272.png 768w, https:\/\/tzila.mx\/dev\/wp-content\/uploads\/2022\/06\/SGB-3001-KKMF1-LS-DES-2-1536x544.png 1536w, https:\/\/tzila.mx\/dev\/wp-content\/uploads\/2022\/06\/SGB-3001-KKMF1-LS-DES-2-860x305.png 860w, https:\/\/tzila.mx\/dev\/wp-content\/uploads\/2022\/06\/SGB-3001-KKMF1-LS-DES-2-1320x468.png 1320w, https:\/\/tzila.mx\/dev\/wp-content\/uploads\/2022\/06\/SGB-3001-KKMF1-LS-DES-2-430x152.png 430w, https:\/\/tzila.mx\/dev\/wp-content\/uploads\/2022\/06\/SGB-3001-KKMF1-LS-DES-2-700x248.png 700w, https:\/\/tzila.mx\/dev\/wp-content\/uploads\/2022\/06\/SGB-3001-KKMF1-LS-DES-2-150x53.png 150w\" sizes=\"auto, (max-width: 1920px) 100vw, 1920px\" \/>\t\t\t\t\t<\/div>\n\n\t\t\t\t<\/div>\n\t\t\t\t<\/div>\n\t\t\t\t<div class=\"elementor-element elementor-element-92b92dc elementor-widget elementor-widget-wd_text_block\" data-id=\"92b92dc\" data-element_type=\"widget\" data-widget_type=\"wd_text_block.default\">\n\t\t\t\t<div class=\"elementor-widget-container\">\n\t\t\t\t\t<div class=\"wd-text-block reset-last-child text-left\">\n\t\t\t\n\t\t\t<h4>Interruptores exclusivos de mem-chanical lineales h\u00edbridos<\/h4><p>Equipado con nuestros interruptores h\u00edbridos exclusivos y dise\u00f1ados internamente para mejorar su rendimiento en el juego, el Devastator 3 Plus presenta interruptores lineales especialmente dise\u00f1ados, similares a los que se encuentran en los teclados mec\u00e1nicos de nivel profesional. El resultado es un teclado de membrana afinado para ayudarte a ganar todas tus batallas.<\/p>\n\t\t\t\t\t<\/div>\n\t\t\t\t<\/div>\n\t\t\t\t<\/div>\n\t\t\t\t\t<\/div>\n\t\t<\/div>\n\t\t\t\t<div class=\"elementor-column elementor-col-33 elementor-top-column elementor-element elementor-element-efcf9f4\" data-id=\"efcf9f4\" data-element_type=\"column\">\n\t\t\t<div class=\"elementor-widget-wrap elementor-element-populated\">\n\t\t\t\t\t\t\t\t<div class=\"elementor-element elementor-element-a119555 elementor-widget elementor-widget-wd_text_block\" data-id=\"a119555\" data-element_type=\"widget\" data-widget_type=\"wd_text_block.default\">\n\t\t\t\t<div class=\"elementor-widget-container\">\n\t\t\t\t\t<div class=\"wd-text-block reset-last-child text-left\">\n\t\t\t\n\t\t\t<h4>Estilo ergon\u00f3mico de arriba a abajo<\/h4><p>El Devastator 3 Plus Combo est\u00e1 dise\u00f1ado para ser c\u00f3modo de usar en todas las circunstancias. El mouse es ergon\u00f3micamente agradable, con un perfil plano ultrabajo para mayor comodidad y una rueda de mouse grande para facilitar su uso. El teclado tambi\u00e9n presenta un perfil ultrabajo para disminuir la tensi\u00f3n, mientras que las almohadillas de goma antideslizantes debajo evitan el deslizamiento durante las batallas acaloradas.<\/p>\n\t\t\t\t\t<\/div>\n\t\t\t\t<\/div>\n\t\t\t\t<\/div>\n\t\t\t\t<div class=\"elementor-element elementor-element-bbd8d0c elementor-widget elementor-widget-wd_image_or_svg\" data-id=\"bbd8d0c\" data-element_type=\"widget\" data-widget_type=\"wd_image_or_svg.default\">\n\t\t\t\t<div class=\"elementor-widget-container\">\n\t\t\t\n\t\t<div class=\"wd-image text-left\">\n\t\t\t\t\t\t\t\t<img loading=\"lazy\" decoding=\"async\" width=\"1920\" height=\"850\" src=\"https:\/\/tzila.mx\/dev\/wp-content\/uploads\/2022\/06\/SGB-3001-KKMF1-LS-DES-1.png\" class=\"attachment-full size-full\" alt=\"\" srcset=\"https:\/\/tzila.mx\/dev\/wp-content\/uploads\/2022\/06\/SGB-3001-KKMF1-LS-DES-1.png 1920w, https:\/\/tzila.mx\/dev\/wp-content\/uploads\/2022\/06\/SGB-3001-KKMF1-LS-DES-1-400x177.png 400w, https:\/\/tzila.mx\/dev\/wp-content\/uploads\/2022\/06\/SGB-3001-KKMF1-LS-DES-1-1300x576.png 1300w, https:\/\/tzila.mx\/dev\/wp-content\/uploads\/2022\/06\/SGB-3001-KKMF1-LS-DES-1-768x340.png 768w, https:\/\/tzila.mx\/dev\/wp-content\/uploads\/2022\/06\/SGB-3001-KKMF1-LS-DES-1-1536x680.png 1536w, https:\/\/tzila.mx\/dev\/wp-content\/uploads\/2022\/06\/SGB-3001-KKMF1-LS-DES-1-860x381.png 860w, https:\/\/tzila.mx\/dev\/wp-content\/uploads\/2022\/06\/SGB-3001-KKMF1-LS-DES-1-1320x584.png 1320w, https:\/\/tzila.mx\/dev\/wp-content\/uploads\/2022\/06\/SGB-3001-KKMF1-LS-DES-1-430x190.png 430w, https:\/\/tzila.mx\/dev\/wp-content\/uploads\/2022\/06\/SGB-3001-KKMF1-LS-DES-1-700x310.png 700w, https:\/\/tzila.mx\/dev\/wp-content\/uploads\/2022\/06\/SGB-3001-KKMF1-LS-DES-1-150x66.png 150w\" sizes=\"auto, (max-width: 1920px) 100vw, 1920px\" \/>\t\t\t\t\t<\/div>\n\n\t\t\t\t<\/div>\n\t\t\t\t<\/div>\n\t\t\t\t<div class=\"elementor-element elementor-element-cdd3c38 elementor-widget elementor-widget-wd_text_block\" data-id=\"cdd3c38\" data-element_type=\"widget\" data-widget_type=\"wd_text_block.default\">\n\t\t\t\t<div class=\"elementor-widget-container\">\n\t\t\t\t\t<div class=\"wd-text-block reset-last-child text-left\">\n\t\t\t\n\t\t\t<h4>7 colores para una personalidad personalizada<\/h4><p>El rat\u00f3n y el teclado del Devastator 3 Plus Combo son compatibles con RGB, con siete opciones de retroiluminaci\u00f3n diferentes para. Personalice su configuraci\u00f3n con combinaci\u00f3n de colores personalizados para mezclar y combinar con sus otros accesorios de PC. Y si alguna vez desea cambiar de color, es tan f\u00e1cil como presionar el bot\u00f3n Fn.<\/p>\n\t\t\t\t\t<\/div>\n\t\t\t\t<\/div>\n\t\t\t\t<\/div>\n\t\t\t\t\t<\/div>\n\t\t<\/div>\n\t\t\t\t<div class=\"elementor-column elementor-col-33 elementor-top-column elementor-element elementor-element-dffdc91\" data-id=\"dffdc91\" data-element_type=\"column\">\n\t\t\t<div class=\"elementor-widget-wrap elementor-element-populated\">\n\t\t\t\t\t\t\t\t<div class=\"elementor-element elementor-element-f4bb4cf elementor-widget elementor-widget-wd_text_block\" data-id=\"f4bb4cf\" data-element_type=\"widget\" data-widget_type=\"wd_text_block.default\">\n\t\t\t\t<div class=\"elementor-widget-container\">\n\t\t\t\t\t<div class=\"wd-text-block reset-last-child text-left\">\n\t\t\t\n\t\t\t<h4>Un rat\u00f3n de precisi\u00f3n para mejorar tu juego<\/h4><p>El mouse MM110 incluido en nuestro combo est\u00e1 dise\u00f1ado a medida para juegos serios y extremos. Tiene interruptores Kailh duraderos, buenos para 20 millones de pulsaciones de teclas precisas, y un sensor \u00f3ptico Pixart que est\u00e1 optimizado espec\u00edficamente para una matanza.<\/p>\n\t\t\t\t\t<\/div>\n\t\t\t\t<\/div>\n\t\t\t\t<\/div>\n\t\t\t\t<div class=\"elementor-element elementor-element-0d4bb33 elementor-widget elementor-widget-wd_image_or_svg\" data-id=\"0d4bb33\" data-element_type=\"widget\" data-widget_type=\"wd_image_or_svg.default\">\n\t\t\t\t<div class=\"elementor-widget-container\">\n\t\t\t\n\t\t<div class=\"wd-image text-left\">\n\t\t\t\t\t\t\t\t<img decoding=\"async\" src=\"https:\/\/tzila.mx\/dev\/wp-content\/uploads\/elementor\/thumbs\/SGB-3001-KKMF1-LS-DES-3-pqezyei5zubtyrana7txfsltnfifavo03szuh31sqg.png\" title=\"SGB-3001-KKMF1-LS-DES-3\" alt=\"SGB-3001-KKMF1-LS-DES-3\" \/>\t\t\t\t\t<\/div>\n\n\t\t\t\t<\/div>\n\t\t\t\t<\/div>\n\t\t\t\t<div class=\"elementor-element elementor-element-4b5326b elementor-widget elementor-widget-wd_text_block\" data-id=\"4b5326b\" data-element_type=\"widget\" data-widget_type=\"wd_text_block.default\">\n\t\t\t\t<div class=\"elementor-widget-container\">\n\t\t\t\t\t<div class=\"wd-text-block reset-last-child text-left\">\n\t\t\t\n\t\t\t<h4>Funcional y duradera<\/h4><p>El combo resistente est\u00e1 dise\u00f1ado para durar en las escaramuzas m\u00e1s estresantes. Los agarres laterales de goma en el mouse mejoran la estabilidad y minimizan el desgaste, mientras que las teclas del teclado est\u00e1n sujetas con l\u00e1ser y est\u00e1n recubiertas con agarre para un desgaste m\u00ednimo y una funcionalidad \u00f3ptima. Estos perif\u00e9ricos funcionan simplemente.<\/p>\n\t\t\t\t\t<\/div>\n\t\t\t\t<\/div>\n\t\t\t\t<\/div>\n\t\t\t\t<div class=\"elementor-element elementor-element-aa5899a elementor-widget elementor-widget-wd_button\" data-id=\"aa5899a\" data-element_type=\"widget\" data-widget_type=\"wd_button.default\">\n\t\t\t\t<div class=\"elementor-widget-container\">\n\t\t\t\t\t<div class=\"wd-button-wrapper text-center\" >\n\t\t\t<a class=\"btn btn-style-link btn-shape- btn-size-default btn-scheme-light btn-scheme-hover-dark btn-icon-pos-right\"  href=\"https:\/\/coolermaster.egnyte.com\/dl\/LsF5SWzdbv\" target=\"_blank\">\n\t\t\t\t<span class=\"wd-btn-text\" data-elementor-setting-key=\"text\">\n\t\t\t\t\tSABER M\u00c1S\t\t\t\t<\/span>\n\n\t\t\t\t\t\t\t<\/a>\n\t\t<\/div>\n\t\t\t\t<\/div>\n\t\t\t\t<\/div>\n\t\t\t\t\t<\/div>\n\t\t<\/div>\n\t\t\t\t\t\t\t<\/div>\n\t\t<\/section>\n\t\t\t\t\t\t<\/div>\n\t\t\t\t\t<\/div>\n\t\t","protected":false},"excerpt":{"rendered":"<h4>Caracter\u00edsticas principales:<\/h4>\n<p><strong>Mouse<\/strong><br \/>\n\u25cf Ergon\u00f3mico<br \/>\n\u25cf Al\u00e1mbrico USB 2.0<br \/>\n\u25cf Ultraplano<br \/>\n<span class=\"s1\">\u25cf Resoluci\u00f3n de hasta 2400<\/span><span class=\"ItemNumber\"> dpi<\/span><br \/>\n<span class=\"s1\">\u25cf R<\/span>ueda de mouse de alta precisi\u00f3n<\/p>\n<p><strong>Teclado<\/strong><br \/>\n\u25cf Al\u00e1mbrico USB 1.1<br \/>\n\u25cf Recubrimiento de agarre grabadas<br \/>\n\u25cf Interruptores Mem-chanical<br \/>\n<span class=\"s1\">\u25cf 7 opciones de LED diferentes<\/span><\/p>\n","protected":false},"featured_media":16318,"comment_status":"open","ping_status":"closed","template":"","meta":[],"product_cat":[28,80,102],"product_tag":[250],"class_list":["post-16311","product","type-product","status-publish","has-post-thumbnail","hentry","product_cat-setup","product_cat-kit-teclado-mouse","product_cat-cooler-master","product_tag-cooler-master","pa_brand-cooler-master"],"_links":{"self":[{"href":"https:\/\/tzila.mx\/dev\/wp-json\/wp\/v2\/product\/16311","targetHints":{"allow":["GET"]}}],"collection":[{"href":"https:\/\/tzila.mx\/dev\/wp-json\/wp\/v2\/product"}],"about":[{"href":"https:\/\/tzila.mx\/dev\/wp-json\/wp\/v2\/types\/product"}],"replies":[{"embeddable":true,"href":"https:\/\/tzila.mx\/dev\/wp-json\/wp\/v2\/comments?post=16311"}],"version-history":[{"count":5,"href":"https:\/\/tzila.mx\/dev\/wp-json\/wp\/v2\/product\/16311\/revisions"}],"predecessor-version":[{"id":16328,"href":"https:\/\/tzila.mx\/dev\/wp-json\/wp\/v2\/product\/16311\/revisions\/16328"}],"wp:featuredmedia":[{"embeddable":true,"href":"https:\/\/tzila.mx\/dev\/wp-json\/wp\/v2\/media\/16318"}],"wp:attachment":[{"href":"https:\/\/tzila.mx\/dev\/wp-json\/wp\/v2\/media?parent=16311"}],"wp:term":[{"taxonomy":"product_cat","embeddable":true,"href":"https:\/\/tzila.mx\/dev\/wp-json\/wp\/v2\/product_cat?post=16311"},{"taxonomy":"product_tag","embeddable":true,"href":"https:\/\/tzila.mx\/dev\/wp-json\/wp\/v2\/product_tag?post=16311"}],"curies":[{"name":"wp","href":"https:\/\/api.w.org\/{rel}","templated":true}]}}