{"id":16283,"date":"2022-06-16T15:08:55","date_gmt":"2022-06-16T20:08:55","guid":{"rendered":"https:\/\/tzila.mx\/dev\/?post_type=product&#038;p=16283"},"modified":"2022-06-29T11:34:38","modified_gmt":"2022-06-29T16:34:38","slug":"fuente-de-poder-cooler-master-mwe-650-bronze-v2","status":"publish","type":"product","link":"https:\/\/tzila.mx\/dev\/producto\/fuente-de-poder-cooler-master-mwe-650-bronze-v2\/","title":{"rendered":"Fuente de Poder COOLER MASTER MWE 650 Bronze &#8211; V2"},"content":{"rendered":"\t\t<div data-elementor-type=\"wp-post\" data-elementor-id=\"16283\" class=\"elementor elementor-16283\" data-elementor-settings=\"[]\">\n\t\t\t\t\t\t\t<div class=\"elementor-section-wrap\">\n\t\t\t\t\t\t\t<section class=\"elementor-section elementor-top-section elementor-element elementor-element-154fe09 elementor-section-boxed elementor-section-height-default elementor-section-height-default wd-section-disabled\" data-id=\"154fe09\" data-element_type=\"section\">\n\t\t\t\t\t\t<div class=\"elementor-container elementor-column-gap-default\">\n\t\t\t\t\t<div class=\"elementor-column elementor-col-33 elementor-top-column elementor-element elementor-element-f14913d\" data-id=\"f14913d\" data-element_type=\"column\">\n\t\t\t<div class=\"elementor-widget-wrap elementor-element-populated\">\n\t\t\t\t\t\t\t\t<div class=\"elementor-element elementor-element-3d30eaf elementor-widget elementor-widget-wd_text_block\" data-id=\"3d30eaf\" data-element_type=\"widget\" data-widget_type=\"wd_text_block.default\">\n\t\t\t\t<div class=\"elementor-widget-container\">\n\t\t\t\t\t<div class=\"wd-text-block reset-last-child text-left\">\n\t\t\t\n\t\t\t<h5><strong>CARACTER\u00cdSTICAS GENERALE<\/strong><strong>S<\/strong><strong>:<\/strong><\/h5>\n\t\t\t\t\t<\/div>\n\t\t\t\t<\/div>\n\t\t\t\t<\/div>\n\t\t\t\t<div class=\"elementor-element elementor-element-6d44079 elementor-widget elementor-widget-wd_text_block\" data-id=\"6d44079\" data-element_type=\"widget\" data-widget_type=\"wd_text_block.default\">\n\t\t\t\t<div class=\"elementor-widget-container\">\n\t\t\t\t\t<div class=\"wd-text-block reset-last-child text-left\">\n\t\t\t\n\t\t\t<p>\u25cf\u00a0Tecnolog\u00eda de CC a CC<br \/>\u25cf\u00a0Ventilador HDB de 120 mm<br \/>\u25cf\u00a0Eficiencia 80 PLUS Bronce<br \/>\u25cf\u00a0Cables planos negros<br \/>\u25cf\u00a0Garant\u00eda de 5 a\u00f1os<\/p>\n\t\t\t\t\t<\/div>\n\t\t\t\t<\/div>\n\t\t\t\t<\/div>\n\t\t\t\t\t<\/div>\n\t\t<\/div>\n\t\t\t\t<div class=\"elementor-column elementor-col-66 elementor-top-column elementor-element elementor-element-1a0b71f\" data-id=\"1a0b71f\" data-element_type=\"column\">\n\t\t\t<div class=\"elementor-widget-wrap elementor-element-populated\">\n\t\t\t\t\t\t\t\t<div class=\"elementor-element elementor-element-6f6445b elementor-widget elementor-widget-wd_image_or_svg\" data-id=\"6f6445b\" data-element_type=\"widget\" data-widget_type=\"wd_image_or_svg.default\">\n\t\t\t\t<div class=\"elementor-widget-container\">\n\t\t\t\n\t\t<div class=\"wd-image text-center\">\n\t\t\t\t\t\t\t\t<img loading=\"lazy\" decoding=\"async\" width=\"1920\" height=\"680\" src=\"https:\/\/tzila.mx\/dev\/wp-content\/uploads\/2022\/06\/MPE-6501-ACAAB-US-DES-2.png\" class=\"attachment-full size-full\" alt=\"\" srcset=\"https:\/\/tzila.mx\/dev\/wp-content\/uploads\/2022\/06\/MPE-6501-ACAAB-US-DES-2.png 1920w, https:\/\/tzila.mx\/dev\/wp-content\/uploads\/2022\/06\/MPE-6501-ACAAB-US-DES-2-400x142.png 400w, https:\/\/tzila.mx\/dev\/wp-content\/uploads\/2022\/06\/MPE-6501-ACAAB-US-DES-2-1300x460.png 1300w, https:\/\/tzila.mx\/dev\/wp-content\/uploads\/2022\/06\/MPE-6501-ACAAB-US-DES-2-768x272.png 768w, https:\/\/tzila.mx\/dev\/wp-content\/uploads\/2022\/06\/MPE-6501-ACAAB-US-DES-2-1536x544.png 1536w, https:\/\/tzila.mx\/dev\/wp-content\/uploads\/2022\/06\/MPE-6501-ACAAB-US-DES-2-860x305.png 860w, https:\/\/tzila.mx\/dev\/wp-content\/uploads\/2022\/06\/MPE-6501-ACAAB-US-DES-2-1320x468.png 1320w, https:\/\/tzila.mx\/dev\/wp-content\/uploads\/2022\/06\/MPE-6501-ACAAB-US-DES-2-430x152.png 430w, https:\/\/tzila.mx\/dev\/wp-content\/uploads\/2022\/06\/MPE-6501-ACAAB-US-DES-2-700x248.png 700w, https:\/\/tzila.mx\/dev\/wp-content\/uploads\/2022\/06\/MPE-6501-ACAAB-US-DES-2-150x53.png 150w\" sizes=\"auto, (max-width: 1920px) 100vw, 1920px\" \/>\t\t\t\t\t<\/div>\n\n\t\t\t\t<\/div>\n\t\t\t\t<\/div>\n\t\t\t\t\t<\/div>\n\t\t<\/div>\n\t\t\t\t\t\t\t<\/div>\n\t\t<\/section>\n\t\t\t\t<section class=\"elementor-section elementor-top-section elementor-element elementor-element-f335c48 elementor-section-boxed elementor-section-height-default elementor-section-height-default wd-section-disabled\" data-id=\"f335c48\" data-element_type=\"section\">\n\t\t\t\t\t\t<div class=\"elementor-container elementor-column-gap-default\">\n\t\t\t\t\t<div class=\"elementor-column elementor-col-33 elementor-top-column elementor-element elementor-element-b982906\" data-id=\"b982906\" data-element_type=\"column\">\n\t\t\t<div class=\"elementor-widget-wrap elementor-element-populated\">\n\t\t\t\t\t\t\t\t<div class=\"elementor-element elementor-element-ecdf1c9 elementor-widget elementor-widget-wd_text_block\" data-id=\"ecdf1c9\" data-element_type=\"widget\" data-widget_type=\"wd_text_block.default\">\n\t\t\t\t<div class=\"elementor-widget-container\">\n\t\t\t\t\t<div class=\"wd-text-block reset-last-child text-left\">\n\t\t\t\n\t\t\t<h4>Power Up<\/h4><p>La MWE Bronze ofrece una forma simple y confiable de alimentar su sistema de rango medio de manera segura y eficiente. La clasificaci\u00f3n de eficiencia 80 PLUS Bronze, el dise\u00f1o de circuito de CC a CC, los cables discretos, el modo silencioso y el ventilador HDB de 120 mm ofrecen una fuente de alimentaci\u00f3n s\u00f3lida en caracter\u00edsticas y rendimiento sin dejar de ser simple. Esta fuente de alimentaci\u00f3n se encargar\u00e1 de todas sus necesidades inform\u00e1ticas principales sin las molestias ni los desaf\u00edos de las caracter\u00edsticas especiales adicionales, la sincronizaci\u00f3n de software u otras campanas y silbatos. Simplemente conecte los cables que necesita a sus componentes y p\u00f3ngase a trabajar. Para una gran experiencia inform\u00e1tica, no puede equivocarse con el MWE Bronze.<\/p>\n\t\t\t\t\t<\/div>\n\t\t\t\t<\/div>\n\t\t\t\t<\/div>\n\t\t\t\t<div class=\"elementor-element elementor-element-1ce2802 elementor-widget elementor-widget-wd_image_or_svg\" data-id=\"1ce2802\" data-element_type=\"widget\" data-widget_type=\"wd_image_or_svg.default\">\n\t\t\t\t<div class=\"elementor-widget-container\">\n\t\t\t\n\t\t<div class=\"wd-image text-left\">\n\t\t\t\t\t\t\t\t<img loading=\"lazy\" decoding=\"async\" width=\"1175\" height=\"1120\" src=\"https:\/\/tzila.mx\/dev\/wp-content\/uploads\/2022\/06\/MPE-6501-ACAAB-US-DES-3.png\" class=\"attachment-full size-full\" alt=\"\" srcset=\"https:\/\/tzila.mx\/dev\/wp-content\/uploads\/2022\/06\/MPE-6501-ACAAB-US-DES-3.png 1175w, https:\/\/tzila.mx\/dev\/wp-content\/uploads\/2022\/06\/MPE-6501-ACAAB-US-DES-3-315x300.png 315w, https:\/\/tzila.mx\/dev\/wp-content\/uploads\/2022\/06\/MPE-6501-ACAAB-US-DES-3-839x800.png 839w, https:\/\/tzila.mx\/dev\/wp-content\/uploads\/2022\/06\/MPE-6501-ACAAB-US-DES-3-768x732.png 768w, https:\/\/tzila.mx\/dev\/wp-content\/uploads\/2022\/06\/MPE-6501-ACAAB-US-DES-3-860x820.png 860w, https:\/\/tzila.mx\/dev\/wp-content\/uploads\/2022\/06\/MPE-6501-ACAAB-US-DES-3-430x410.png 430w, https:\/\/tzila.mx\/dev\/wp-content\/uploads\/2022\/06\/MPE-6501-ACAAB-US-DES-3-700x667.png 700w, https:\/\/tzila.mx\/dev\/wp-content\/uploads\/2022\/06\/MPE-6501-ACAAB-US-DES-3-150x143.png 150w\" sizes=\"auto, (max-width: 1175px) 100vw, 1175px\" \/>\t\t\t\t\t<\/div>\n\n\t\t\t\t<\/div>\n\t\t\t\t<\/div>\n\t\t\t\t<div class=\"elementor-element elementor-element-92b92dc elementor-widget elementor-widget-wd_text_block\" data-id=\"92b92dc\" data-element_type=\"widget\" data-widget_type=\"wd_text_block.default\">\n\t\t\t\t<div class=\"elementor-widget-container\">\n\t\t\t\t\t<div class=\"wd-text-block reset-last-child text-left\">\n\t\t\t\n\t\t\t<h4>Eficiencia 80 PLUS Bronce<\/h4><p>La eficiencia de su fuente de alimentaci\u00f3n es importante porque afecta directamente el rendimiento de su sistema y su factura de energ\u00eda. La calificaci\u00f3n de eficiencia no refleja la calidad o confiabilidad de una PSU. Solo refleja la capacidad de la unidad para mover energ\u00eda de la pared a sus componentes. Cuanto mayor sea la eficiencia de una fuente de alimentaci\u00f3n, menor ser\u00e1 la cantidad total de energ\u00eda que necesita para alimentar su sistema. La serie MWE Bronze tiene una calificaci\u00f3n de eficiencia 80 PLUS Bronze, lo que significa que tiene una eficiencia t\u00edpica garantizada del 85 %.<\/p>\n\t\t\t\t\t<\/div>\n\t\t\t\t<\/div>\n\t\t\t\t<\/div>\n\t\t\t\t\t<\/div>\n\t\t<\/div>\n\t\t\t\t<div class=\"elementor-column elementor-col-33 elementor-top-column elementor-element elementor-element-efcf9f4\" data-id=\"efcf9f4\" data-element_type=\"column\">\n\t\t\t<div class=\"elementor-widget-wrap elementor-element-populated\">\n\t\t\t\t\t\t\t\t<div class=\"elementor-element elementor-element-a119555 elementor-widget elementor-widget-wd_text_block\" data-id=\"a119555\" data-element_type=\"widget\" data-widget_type=\"wd_text_block.default\">\n\t\t\t\t<div class=\"elementor-widget-container\">\n\t\t\t\t\t<div class=\"wd-text-block reset-last-child text-left\">\n\t\t\t\n\t\t\t<div class=\"row-content r-side\" data-v-b7353816=\"\"><h4>Dise\u00f1o de circuito de CC a CC<\/h4><p>La energ\u00eda viene en m\u00faltiples niveles de voltaje. La pared proporciona energ\u00eda en un nivel de voltaje, pero cada uno de sus componentes necesita un voltaje espec\u00edfico para funcionar correctamente. El proceso de convertir la energ\u00eda bruta de la pared a los m\u00faltiples niveles de voltaje que necesitan sus piezas requiere componentes especiales para completar este proceso de manera r\u00e1pida, eficiente y segura. La tecnolog\u00eda DC-to-DC + LLC de MWE Bronze se dise\u00f1\u00f3 minuciosamente para lograr este objetivo. El dise\u00f1o del circuito Dual Forward ha sido dise\u00f1ado para convertir la potencia de 12 V a niveles de 3 V y 5 V con un ruido de ondulaci\u00f3n m\u00ednimo, eficiencia 80 PLUS Bronze y riesgo reducido para su hardware conectado.<\/p><\/div>\n\t\t\t\t\t<\/div>\n\t\t\t\t<\/div>\n\t\t\t\t<\/div>\n\t\t\t\t<div class=\"elementor-element elementor-element-f4bb4cf elementor-widget elementor-widget-wd_text_block\" data-id=\"f4bb4cf\" data-element_type=\"widget\" data-widget_type=\"wd_text_block.default\">\n\t\t\t\t<div class=\"elementor-widget-container\">\n\t\t\t\t\t<div class=\"wd-text-block reset-last-child text-left\">\n\t\t\t\n\t\t\t<h4>Cables planos negros<\/h4><p>Para muchos constructores de PC con la est\u00e9tica en mente, el cableado puede ser una de las partes m\u00e1s problem\u00e1ticas del ensamblaje de una PC. Los cables pueden ser confusos, demasiado cortos o demasiado largos, y casi nunca se ven bien. El MWE Bronze utiliza cables negros planos y flexibles para ayudar a solucionar estos problemas. Estos cables son m\u00e1s discretos y flexibles, lo que los hace m\u00e1s f\u00e1ciles de implementar en su sistema y ocupan menos espacio. Esto es especialmente \u00fatil para cajas m\u00e1s peque\u00f1as y para preservar el flujo de aire.<\/p>\n\t\t\t\t\t<\/div>\n\t\t\t\t<\/div>\n\t\t\t\t<\/div>\n\t\t\t\t<div class=\"elementor-element elementor-element-bbd8d0c elementor-widget elementor-widget-wd_image_or_svg\" data-id=\"bbd8d0c\" data-element_type=\"widget\" data-widget_type=\"wd_image_or_svg.default\">\n\t\t\t\t<div class=\"elementor-widget-container\">\n\t\t\t\n\t\t<div class=\"wd-image text-left\">\n\t\t\t\t\t\t\t\t<img loading=\"lazy\" decoding=\"async\" width=\"1175\" height=\"1120\" src=\"https:\/\/tzila.mx\/dev\/wp-content\/uploads\/2022\/06\/MPE-6501-ACAAB-US-DES-4.png\" class=\"attachment-full size-full\" alt=\"\" srcset=\"https:\/\/tzila.mx\/dev\/wp-content\/uploads\/2022\/06\/MPE-6501-ACAAB-US-DES-4.png 1175w, https:\/\/tzila.mx\/dev\/wp-content\/uploads\/2022\/06\/MPE-6501-ACAAB-US-DES-4-315x300.png 315w, https:\/\/tzila.mx\/dev\/wp-content\/uploads\/2022\/06\/MPE-6501-ACAAB-US-DES-4-839x800.png 839w, https:\/\/tzila.mx\/dev\/wp-content\/uploads\/2022\/06\/MPE-6501-ACAAB-US-DES-4-768x732.png 768w, https:\/\/tzila.mx\/dev\/wp-content\/uploads\/2022\/06\/MPE-6501-ACAAB-US-DES-4-860x820.png 860w, https:\/\/tzila.mx\/dev\/wp-content\/uploads\/2022\/06\/MPE-6501-ACAAB-US-DES-4-430x410.png 430w, https:\/\/tzila.mx\/dev\/wp-content\/uploads\/2022\/06\/MPE-6501-ACAAB-US-DES-4-700x667.png 700w, https:\/\/tzila.mx\/dev\/wp-content\/uploads\/2022\/06\/MPE-6501-ACAAB-US-DES-4-150x143.png 150w\" sizes=\"auto, (max-width: 1175px) 100vw, 1175px\" \/>\t\t\t\t\t<\/div>\n\n\t\t\t\t<\/div>\n\t\t\t\t<\/div>\n\t\t\t\t\t<\/div>\n\t\t<\/div>\n\t\t\t\t<div class=\"elementor-column elementor-col-33 elementor-top-column elementor-element elementor-element-dffdc91\" data-id=\"dffdc91\" data-element_type=\"column\">\n\t\t\t<div class=\"elementor-widget-wrap elementor-element-populated\">\n\t\t\t\t\t\t\t\t<div class=\"elementor-element elementor-element-cdd3c38 elementor-widget elementor-widget-wd_text_block\" data-id=\"cdd3c38\" data-element_type=\"widget\" data-widget_type=\"wd_text_block.default\">\n\t\t\t\t<div class=\"elementor-widget-container\">\n\t\t\t\t\t<div class=\"wd-text-block reset-last-child text-left\">\n\t\t\t\n\t\t\t<h4>Ventilador HDB de 120 mm<\/h4><p>La lucha constante entre la refrigeraci\u00f3n y el ruido es tan antigua como la propia industria de las PC de consumo. Mantener los componentes frescos sin tener que escucharlo mientras trabaja sigue siendo uno de los mayores desaf\u00edos para todas las tecnolog\u00edas de refrigeraci\u00f3n basadas en ventiladores. El MWE Bronze aborda este problema con un ventilador HDB de 120 mm. El cojinete del ventilador hidrodin\u00e1mico crea menos fricci\u00f3n, lo que lo hace ideal para operaciones de bajas RPM. Esta tecnolog\u00eda mantiene el ventilador funcionando sin problemas y de manera eficiente durante m\u00e1s tiempo, manteniendo el nivel de ruido bajo y prolongando la vida \u00fatil de la fuente de alimentaci\u00f3n.<\/p>\n\t\t\t\t\t<\/div>\n\t\t\t\t<\/div>\n\t\t\t\t<\/div>\n\t\t\t\t<div class=\"elementor-element elementor-element-0d4bb33 elementor-widget elementor-widget-wd_image_or_svg\" data-id=\"0d4bb33\" data-element_type=\"widget\" data-widget_type=\"wd_image_or_svg.default\">\n\t\t\t\t<div class=\"elementor-widget-container\">\n\t\t\t\n\t\t<div class=\"wd-image text-left\">\n\t\t\t\t\t\t\t\t<img loading=\"lazy\" decoding=\"async\" width=\"1920\" height=\"850\" src=\"https:\/\/tzila.mx\/dev\/wp-content\/uploads\/2022\/06\/MPE-6501-ACAAB-US-DES-1.png\" class=\"attachment-full size-full\" alt=\"\" srcset=\"https:\/\/tzila.mx\/dev\/wp-content\/uploads\/2022\/06\/MPE-6501-ACAAB-US-DES-1.png 1920w, https:\/\/tzila.mx\/dev\/wp-content\/uploads\/2022\/06\/MPE-6501-ACAAB-US-DES-1-400x177.png 400w, https:\/\/tzila.mx\/dev\/wp-content\/uploads\/2022\/06\/MPE-6501-ACAAB-US-DES-1-1300x576.png 1300w, https:\/\/tzila.mx\/dev\/wp-content\/uploads\/2022\/06\/MPE-6501-ACAAB-US-DES-1-768x340.png 768w, https:\/\/tzila.mx\/dev\/wp-content\/uploads\/2022\/06\/MPE-6501-ACAAB-US-DES-1-1536x680.png 1536w, https:\/\/tzila.mx\/dev\/wp-content\/uploads\/2022\/06\/MPE-6501-ACAAB-US-DES-1-860x381.png 860w, https:\/\/tzila.mx\/dev\/wp-content\/uploads\/2022\/06\/MPE-6501-ACAAB-US-DES-1-1320x584.png 1320w, https:\/\/tzila.mx\/dev\/wp-content\/uploads\/2022\/06\/MPE-6501-ACAAB-US-DES-1-430x190.png 430w, https:\/\/tzila.mx\/dev\/wp-content\/uploads\/2022\/06\/MPE-6501-ACAAB-US-DES-1-700x310.png 700w, https:\/\/tzila.mx\/dev\/wp-content\/uploads\/2022\/06\/MPE-6501-ACAAB-US-DES-1-150x66.png 150w\" sizes=\"auto, (max-width: 1920px) 100vw, 1920px\" \/>\t\t\t\t\t<\/div>\n\n\t\t\t\t<\/div>\n\t\t\t\t<\/div>\n\t\t\t\t<div class=\"elementor-element elementor-element-4b5326b elementor-widget elementor-widget-wd_text_block\" data-id=\"4b5326b\" data-element_type=\"widget\" data-widget_type=\"wd_text_block.default\">\n\t\t\t\t<div class=\"elementor-widget-container\">\n\t\t\t\t\t<div class=\"wd-text-block reset-last-child text-left\">\n\t\t\t\n\t\t\t<h4>Correcci\u00f3n del factor de potencia activa<\/h4><p>Los muchos procesos requeridos por una fuente de alimentaci\u00f3n para tomar energ\u00eda directamente de la pared u otra fuente de energ\u00eda fija, convertirla a la salida correcta requerida por los componentes conectados y luego distribuir esa energ\u00eda a dichos componentes de manera segura pueden estar llenos de riesgos. . Por eso es importante que una fuente de alimentaci\u00f3n tenga las protecciones y regulaciones adecuadas para garantizar que este proceso se ejecute correctamente.<\/p><p>La correcci\u00f3n activa del factor de potencia del MWE Bronze utiliza un circuito especializado para corregir el factor de potencia, lo que conduce a una reducci\u00f3n de los arm\u00f3nicos totales, una tensi\u00f3n de entrada de CA corregida y una salida de mayor eficiencia general.<\/p>\n\t\t\t\t\t<\/div>\n\t\t\t\t<\/div>\n\t\t\t\t<\/div>\n\t\t\t\t<div class=\"elementor-element elementor-element-aa5899a elementor-widget elementor-widget-wd_button\" data-id=\"aa5899a\" data-element_type=\"widget\" data-widget_type=\"wd_button.default\">\n\t\t\t\t<div class=\"elementor-widget-container\">\n\t\t\t\t\t<div class=\"wd-button-wrapper text-center\" >\n\t\t\t<a class=\"btn btn-style-link btn-shape- btn-size-default btn-scheme-light btn-scheme-hover-dark btn-icon-pos-right\"  href=\"https:\/\/coolermaster.egnyte.com\/dl\/4KF3wglOrI\" target=\"_blank\">\n\t\t\t\t<span class=\"wd-btn-text\" data-elementor-setting-key=\"text\">\n\t\t\t\t\tSABER M\u00c1S\t\t\t\t<\/span>\n\n\t\t\t\t\t\t\t<\/a>\n\t\t<\/div>\n\t\t\t\t<\/div>\n\t\t\t\t<\/div>\n\t\t\t\t\t<\/div>\n\t\t<\/div>\n\t\t\t\t\t\t\t<\/div>\n\t\t<\/section>\n\t\t\t\t\t\t<\/div>\n\t\t\t\t\t<\/div>\n\t\t","protected":false},"excerpt":{"rendered":"<h4>Caracter\u00edsticas principales:<\/h4>\n<ul class=\"ul1\">\n<li class=\"li2\"><span class=\"s1\">Certificaci\u00f3n 80PLUS BRONZE<\/span><\/li>\n<li class=\"li2\">Tecnolog\u00eda de CC a CC<\/li>\n<li class=\"li2\">Ventilador HDB de 120 mm<\/li>\n<\/ul>\n","protected":false},"featured_media":16287,"comment_status":"open","ping_status":"closed","template":"","meta":[],"product_cat":[20,72,102],"product_tag":[250],"class_list":["post-16283","product","type-product","status-publish","has-post-thumbnail","hentry","product_cat-hardware","product_cat-fuente-de-poder","product_cat-cooler-master","product_tag-cooler-master","pa_brand-cooler-master"],"_links":{"self":[{"href":"https:\/\/tzila.mx\/dev\/wp-json\/wp\/v2\/product\/16283","targetHints":{"allow":["GET"]}}],"collection":[{"href":"https:\/\/tzila.mx\/dev\/wp-json\/wp\/v2\/product"}],"about":[{"href":"https:\/\/tzila.mx\/dev\/wp-json\/wp\/v2\/types\/product"}],"replies":[{"embeddable":true,"href":"https:\/\/tzila.mx\/dev\/wp-json\/wp\/v2\/comments?post=16283"}],"version-history":[{"count":13,"href":"https:\/\/tzila.mx\/dev\/wp-json\/wp\/v2\/product\/16283\/revisions"}],"predecessor-version":[{"id":16310,"href":"https:\/\/tzila.mx\/dev\/wp-json\/wp\/v2\/product\/16283\/revisions\/16310"}],"wp:featuredmedia":[{"embeddable":true,"href":"https:\/\/tzila.mx\/dev\/wp-json\/wp\/v2\/media\/16287"}],"wp:attachment":[{"href":"https:\/\/tzila.mx\/dev\/wp-json\/wp\/v2\/media?parent=16283"}],"wp:term":[{"taxonomy":"product_cat","embeddable":true,"href":"https:\/\/tzila.mx\/dev\/wp-json\/wp\/v2\/product_cat?post=16283"},{"taxonomy":"product_tag","embeddable":true,"href":"https:\/\/tzila.mx\/dev\/wp-json\/wp\/v2\/product_tag?post=16283"}],"curies":[{"name":"wp","href":"https:\/\/api.w.org\/{rel}","templated":true}]}}