{"id":16230,"date":"2022-06-16T13:49:39","date_gmt":"2022-06-16T18:49:39","guid":{"rendered":"https:\/\/tzila.mx\/dev\/?post_type=product&#038;p=16230"},"modified":"2022-06-29T11:34:44","modified_gmt":"2022-06-29T16:34:44","slug":"gabinete-cooler-master-masterbox-q500l","status":"publish","type":"product","link":"https:\/\/tzila.mx\/dev\/producto\/gabinete-cooler-master-masterbox-q500l\/","title":{"rendered":"Gabinete COOLER MASTER MasterBox Q500L"},"content":{"rendered":"\t\t<div data-elementor-type=\"wp-post\" data-elementor-id=\"16230\" class=\"elementor elementor-16230\" data-elementor-settings=\"[]\">\n\t\t\t\t\t\t\t<div class=\"elementor-section-wrap\">\n\t\t\t\t\t\t\t<section class=\"elementor-section elementor-top-section elementor-element elementor-element-a77d38a elementor-section-boxed elementor-section-height-default elementor-section-height-default wd-section-disabled\" data-id=\"a77d38a\" data-element_type=\"section\">\n\t\t\t\t\t\t<div class=\"elementor-container elementor-column-gap-default\">\n\t\t\t\t\t<div class=\"elementor-column elementor-col-33 elementor-top-column elementor-element elementor-element-606b0e0\" data-id=\"606b0e0\" data-element_type=\"column\">\n\t\t\t<div class=\"elementor-widget-wrap elementor-element-populated\">\n\t\t\t\t\t\t\t\t<div class=\"elementor-element elementor-element-2efa55d elementor-widget elementor-widget-wd_text_block\" data-id=\"2efa55d\" data-element_type=\"widget\" data-widget_type=\"wd_text_block.default\">\n\t\t\t\t<div class=\"elementor-widget-container\">\n\t\t\t\t\t<div class=\"wd-text-block reset-last-child text-left\">\n\t\t\t\n\t\t\t<h5><strong>M\u00c1S ESPECIFICACIONES<\/strong><strong>:<\/strong><\/h5>\n\t\t\t\t\t<\/div>\n\t\t\t\t<\/div>\n\t\t\t\t<\/div>\n\t\t\t\t<div class=\"elementor-element elementor-element-00b20a9 elementor-widget elementor-widget-wd_text_block\" data-id=\"00b20a9\" data-element_type=\"widget\" data-widget_type=\"wd_text_block.default\">\n\t\t\t\t<div class=\"elementor-widget-container\">\n\t\t\t\t\t<div class=\"wd-text-block reset-last-child text-left\">\n\t\t\t\n\t\t\t<p>\u25cf ATX est\u00e1ndar altamente compacto<br \/>\u25cf Orientaci\u00f3n y un panel de E\/S m\u00f3vil<br \/>\u25cf Soporte de fuente de alimentaci\u00f3n vers\u00e1til<br \/>\u25cf Chasis totalmente perforado<br \/>\u25cf Filtros de polvo magn\u00e9ticos<br \/>\u25cf Panel lateral transparente de borde a borde<br \/>\u25cf Espacio de enrutamiento limpio<\/p>\n\t\t\t\t\t<\/div>\n\t\t\t\t<\/div>\n\t\t\t\t<\/div>\n\t\t\t\t\t<\/div>\n\t\t<\/div>\n\t\t\t\t<div class=\"elementor-column elementor-col-66 elementor-top-column elementor-element elementor-element-b692253\" data-id=\"b692253\" data-element_type=\"column\">\n\t\t\t<div class=\"elementor-widget-wrap elementor-element-populated\">\n\t\t\t\t\t\t\t\t<div class=\"elementor-element elementor-element-0fefcf7 elementor-widget elementor-widget-wd_image_or_svg\" data-id=\"0fefcf7\" data-element_type=\"widget\" data-widget_type=\"wd_image_or_svg.default\">\n\t\t\t\t<div class=\"elementor-widget-container\">\n\t\t\t\n\t\t<div class=\"wd-image text-center\">\n\t\t\t\t\t\t\t\t<img loading=\"lazy\" decoding=\"async\" width=\"1920\" height=\"850\" src=\"https:\/\/tzila.mx\/dev\/wp-content\/uploads\/2022\/06\/MCB-Q500L-KANN-S00-DES-1.jpg\" class=\"attachment-full size-full\" alt=\"\" srcset=\"https:\/\/tzila.mx\/dev\/wp-content\/uploads\/2022\/06\/MCB-Q500L-KANN-S00-DES-1.jpg 1920w, https:\/\/tzila.mx\/dev\/wp-content\/uploads\/2022\/06\/MCB-Q500L-KANN-S00-DES-1-400x177.jpg 400w, https:\/\/tzila.mx\/dev\/wp-content\/uploads\/2022\/06\/MCB-Q500L-KANN-S00-DES-1-1300x576.jpg 1300w, https:\/\/tzila.mx\/dev\/wp-content\/uploads\/2022\/06\/MCB-Q500L-KANN-S00-DES-1-768x340.jpg 768w, https:\/\/tzila.mx\/dev\/wp-content\/uploads\/2022\/06\/MCB-Q500L-KANN-S00-DES-1-1536x680.jpg 1536w, https:\/\/tzila.mx\/dev\/wp-content\/uploads\/2022\/06\/MCB-Q500L-KANN-S00-DES-1-860x381.jpg 860w, https:\/\/tzila.mx\/dev\/wp-content\/uploads\/2022\/06\/MCB-Q500L-KANN-S00-DES-1-1320x584.jpg 1320w, https:\/\/tzila.mx\/dev\/wp-content\/uploads\/2022\/06\/MCB-Q500L-KANN-S00-DES-1-430x190.jpg 430w, https:\/\/tzila.mx\/dev\/wp-content\/uploads\/2022\/06\/MCB-Q500L-KANN-S00-DES-1-700x310.jpg 700w, https:\/\/tzila.mx\/dev\/wp-content\/uploads\/2022\/06\/MCB-Q500L-KANN-S00-DES-1-150x66.jpg 150w\" sizes=\"auto, (max-width: 1920px) 100vw, 1920px\" \/>\t\t\t\t\t<\/div>\n\n\t\t\t\t<\/div>\n\t\t\t\t<\/div>\n\t\t\t\t\t<\/div>\n\t\t<\/div>\n\t\t\t\t\t\t\t<\/div>\n\t\t<\/section>\n\t\t\t\t<section class=\"elementor-section elementor-top-section elementor-element elementor-element-ec9e38a elementor-section-boxed elementor-section-height-default elementor-section-height-default wd-section-disabled\" data-id=\"ec9e38a\" data-element_type=\"section\">\n\t\t\t\t\t\t<div class=\"elementor-container elementor-column-gap-default\">\n\t\t\t\t\t<div class=\"elementor-column elementor-col-33 elementor-top-column elementor-element elementor-element-c833c6a\" data-id=\"c833c6a\" data-element_type=\"column\">\n\t\t\t<div class=\"elementor-widget-wrap elementor-element-populated\">\n\t\t\t\t\t\t\t\t<div class=\"elementor-element elementor-element-6ae12e9 elementor-widget elementor-widget-wd_text_block\" data-id=\"6ae12e9\" data-element_type=\"widget\" data-widget_type=\"wd_text_block.default\">\n\t\t\t\t<div class=\"elementor-widget-container\">\n\t\t\t\t\t<div class=\"wd-text-block reset-last-child text-left\">\n\t\t\t\n\t\t\t<h4>Orientaci\u00f3n y un panel de E\/S m\u00f3vil<\/h4><p>El MasterBox Q500L modular puede orientarse vertical y horizontalmente con tornillos de mariposa recubiertos de goma que tambi\u00e9n act\u00faan como pies. Seg\u00fan la configuraci\u00f3n del hardware, el panel de E\/S m\u00f3vil se puede reubicar en varias posiciones para mantener su accesibilidad.<\/p>\n\t\t\t\t\t<\/div>\n\t\t\t\t<\/div>\n\t\t\t\t<\/div>\n\t\t\t\t<div class=\"elementor-element elementor-element-10bce73 elementor-widget elementor-widget-wd_text_block\" data-id=\"10bce73\" data-element_type=\"widget\" data-widget_type=\"wd_text_block.default\">\n\t\t\t\t<div class=\"elementor-widget-container\">\n\t\t\t\t\t<div class=\"wd-text-block reset-last-child text-left\">\n\t\t\t\n\t\t\t<h4>Soporte de fuente de alimentaci\u00f3n vers\u00e1til<\/h4><p>El soporte de la fuente de alimentaci\u00f3n permite que la fuente de alimentaci\u00f3n se adapte a diferentes requisitos de espacio libre y factores de forma de la placa base. El soporte de la fuente de alimentaci\u00f3n se puede desplazar hacia arriba o hacia abajo para dejar espacio libre para la tarjeta gr\u00e1fica\/radiador superior y tambi\u00e9n se puede reubicar para los sistemas ITX.<\/p>\n\t\t\t\t\t<\/div>\n\t\t\t\t<\/div>\n\t\t\t\t<\/div>\n\t\t\t\t<div class=\"elementor-element elementor-element-9b6a5db elementor-widget elementor-widget-wd_image_or_svg\" data-id=\"9b6a5db\" data-element_type=\"widget\" data-widget_type=\"wd_image_or_svg.default\">\n\t\t\t\t<div class=\"elementor-widget-container\">\n\t\t\t\n\t\t<div class=\"wd-image text-left\">\n\t\t\t\t\t\t\t\t<img loading=\"lazy\" decoding=\"async\" width=\"1920\" height=\"960\" src=\"https:\/\/tzila.mx\/dev\/wp-content\/uploads\/2022\/06\/MCB-Q500L-KANN-S00-DES-2.jpg\" class=\"attachment-full size-full\" alt=\"\" srcset=\"https:\/\/tzila.mx\/dev\/wp-content\/uploads\/2022\/06\/MCB-Q500L-KANN-S00-DES-2.jpg 1920w, https:\/\/tzila.mx\/dev\/wp-content\/uploads\/2022\/06\/MCB-Q500L-KANN-S00-DES-2-400x200.jpg 400w, https:\/\/tzila.mx\/dev\/wp-content\/uploads\/2022\/06\/MCB-Q500L-KANN-S00-DES-2-1300x650.jpg 1300w, https:\/\/tzila.mx\/dev\/wp-content\/uploads\/2022\/06\/MCB-Q500L-KANN-S00-DES-2-768x384.jpg 768w, https:\/\/tzila.mx\/dev\/wp-content\/uploads\/2022\/06\/MCB-Q500L-KANN-S00-DES-2-1536x768.jpg 1536w, https:\/\/tzila.mx\/dev\/wp-content\/uploads\/2022\/06\/MCB-Q500L-KANN-S00-DES-2-860x430.jpg 860w, https:\/\/tzila.mx\/dev\/wp-content\/uploads\/2022\/06\/MCB-Q500L-KANN-S00-DES-2-1320x660.jpg 1320w, https:\/\/tzila.mx\/dev\/wp-content\/uploads\/2022\/06\/MCB-Q500L-KANN-S00-DES-2-430x215.jpg 430w, https:\/\/tzila.mx\/dev\/wp-content\/uploads\/2022\/06\/MCB-Q500L-KANN-S00-DES-2-700x350.jpg 700w, https:\/\/tzila.mx\/dev\/wp-content\/uploads\/2022\/06\/MCB-Q500L-KANN-S00-DES-2-150x75.jpg 150w\" sizes=\"auto, (max-width: 1920px) 100vw, 1920px\" \/>\t\t\t\t\t<\/div>\n\n\t\t\t\t<\/div>\n\t\t\t\t<\/div>\n\t\t\t\t<div class=\"elementor-element elementor-element-1bd15a7 elementor-widget elementor-widget-wd_text_block\" data-id=\"1bd15a7\" data-element_type=\"widget\" data-widget_type=\"wd_text_block.default\">\n\t\t\t\t<div class=\"elementor-widget-container\">\n\t\t\t\t\t<div class=\"wd-text-block reset-last-child text-left\">\n\t\t\t\n\t\t\t<h4>Chasis totalmente perforado<\/h4><p>Los paneles superior, frontal, posterior e inferior est\u00e1n completamente perforados para admitir varias configuraciones de ventiladores.<\/p>\n\t\t\t\t\t<\/div>\n\t\t\t\t<\/div>\n\t\t\t\t<\/div>\n\t\t\t\t\t<\/div>\n\t\t<\/div>\n\t\t\t\t<div class=\"elementor-column elementor-col-33 elementor-top-column elementor-element elementor-element-e7b3bda\" data-id=\"e7b3bda\" data-element_type=\"column\">\n\t\t\t<div class=\"elementor-widget-wrap elementor-element-populated\">\n\t\t\t\t\t\t\t\t<div class=\"elementor-element elementor-element-399896d elementor-widget elementor-widget-wd_text_block\" data-id=\"399896d\" data-element_type=\"widget\" data-widget_type=\"wd_text_block.default\">\n\t\t\t\t<div class=\"elementor-widget-container\">\n\t\t\t\t\t<div class=\"wd-text-block reset-last-child text-left\">\n\t\t\t\n\t\t\t<h4>Filtros de polvo magn\u00e9ticos<\/h4><p>Los filtros de polvo magn\u00e9ticos cuentan con un dise\u00f1o \u00fanico. Los imanes permiten una extracci\u00f3n e instalaci\u00f3n r\u00e1pidas para facilitar la limpieza de los filtros de polvo con tacos de goma para evitar que los filtros se deslicen.<\/p>\n\t\t\t\t\t<\/div>\n\t\t\t\t<\/div>\n\t\t\t\t<\/div>\n\t\t\t\t<div class=\"elementor-element elementor-element-7b89497 elementor-widget elementor-widget-wd_text_block\" data-id=\"7b89497\" data-element_type=\"widget\" data-widget_type=\"wd_text_block.default\">\n\t\t\t\t<div class=\"elementor-widget-container\">\n\t\t\t\t\t<div class=\"wd-text-block reset-last-child text-left\">\n\t\t\t\n\t\t\t<h4>Panel lateral transparente de borde a borde<\/h4><p>El panel lateral muestra las compilaciones del sistema a la vista.<\/p>\n\t\t\t\t\t<\/div>\n\t\t\t\t<\/div>\n\t\t\t\t<\/div>\n\t\t\t\t<div class=\"elementor-element elementor-element-ce1f593 elementor-widget elementor-widget-wd_image_or_svg\" data-id=\"ce1f593\" data-element_type=\"widget\" data-widget_type=\"wd_image_or_svg.default\">\n\t\t\t\t<div class=\"elementor-widget-container\">\n\t\t\t\n\t\t<div class=\"wd-image text-left\">\n\t\t\t\t\t\t\t\t<img loading=\"lazy\" decoding=\"async\" width=\"1920\" height=\"680\" src=\"https:\/\/tzila.mx\/dev\/wp-content\/uploads\/2022\/06\/MCB-Q500L-KANN-S00-DES-3.jpg\" class=\"attachment-full size-full\" alt=\"\" srcset=\"https:\/\/tzila.mx\/dev\/wp-content\/uploads\/2022\/06\/MCB-Q500L-KANN-S00-DES-3.jpg 1920w, https:\/\/tzila.mx\/dev\/wp-content\/uploads\/2022\/06\/MCB-Q500L-KANN-S00-DES-3-400x142.jpg 400w, https:\/\/tzila.mx\/dev\/wp-content\/uploads\/2022\/06\/MCB-Q500L-KANN-S00-DES-3-1300x460.jpg 1300w, https:\/\/tzila.mx\/dev\/wp-content\/uploads\/2022\/06\/MCB-Q500L-KANN-S00-DES-3-768x272.jpg 768w, https:\/\/tzila.mx\/dev\/wp-content\/uploads\/2022\/06\/MCB-Q500L-KANN-S00-DES-3-1536x544.jpg 1536w, https:\/\/tzila.mx\/dev\/wp-content\/uploads\/2022\/06\/MCB-Q500L-KANN-S00-DES-3-860x305.jpg 860w, https:\/\/tzila.mx\/dev\/wp-content\/uploads\/2022\/06\/MCB-Q500L-KANN-S00-DES-3-1320x468.jpg 1320w, https:\/\/tzila.mx\/dev\/wp-content\/uploads\/2022\/06\/MCB-Q500L-KANN-S00-DES-3-430x152.jpg 430w, https:\/\/tzila.mx\/dev\/wp-content\/uploads\/2022\/06\/MCB-Q500L-KANN-S00-DES-3-700x248.jpg 700w, https:\/\/tzila.mx\/dev\/wp-content\/uploads\/2022\/06\/MCB-Q500L-KANN-S00-DES-3-150x53.jpg 150w\" sizes=\"auto, (max-width: 1920px) 100vw, 1920px\" \/>\t\t\t\t\t<\/div>\n\n\t\t\t\t<\/div>\n\t\t\t\t<\/div>\n\t\t\t\t<div class=\"elementor-element elementor-element-df326b3 elementor-widget elementor-widget-wd_text_block\" data-id=\"df326b3\" data-element_type=\"widget\" data-widget_type=\"wd_text_block.default\">\n\t\t\t\t<div class=\"elementor-widget-container\">\n\t\t\t\t\t<div class=\"wd-text-block reset-last-child text-left\">\n\t\t\t\n\t\t\t<h4>Soporte de refrigeraci\u00f3n<\/h4><p>La parte inferior admite hasta dos ventiladores de 120 mm.<br \/>La parte trasera admite un ventilador de 120 mm o un radiador de 120 mm.<br \/>La parte superior admite hasta dos ventiladores de 120 mm\/140 mm o un radiador de 120\/240 mm.<\/p>\n\t\t\t\t\t<\/div>\n\t\t\t\t<\/div>\n\t\t\t\t<\/div>\n\t\t\t\t<div class=\"elementor-element elementor-element-6dcb13d elementor-widget elementor-widget-wd_text_block\" data-id=\"6dcb13d\" data-element_type=\"widget\" data-widget_type=\"wd_text_block.default\">\n\t\t\t\t<div class=\"elementor-widget-container\">\n\t\t\t\t\t<div class=\"wd-text-block reset-last-child text-left\">\n\t\t\t\n\t\t\t<h4>Espacio de enrutamiento limpio<\/h4><p>Detr\u00e1s de la bandeja de la placa base, se ofrece un espacio de 27~30 mm de ancho para la gesti\u00f3n de cables con todo el per\u00edmetro dedicado como canal para cables.<\/p>\n\t\t\t\t\t<\/div>\n\t\t\t\t<\/div>\n\t\t\t\t<\/div>\n\t\t\t\t\t<\/div>\n\t\t<\/div>\n\t\t\t\t<div class=\"elementor-column elementor-col-33 elementor-top-column elementor-element elementor-element-ba9b9c1\" data-id=\"ba9b9c1\" data-element_type=\"column\">\n\t\t\t<div class=\"elementor-widget-wrap elementor-element-populated\">\n\t\t\t\t\t\t\t\t<div class=\"elementor-element elementor-element-bdbe0f7 elementor-widget elementor-widget-wd_text_block\" data-id=\"bdbe0f7\" data-element_type=\"widget\" data-widget_type=\"wd_text_block.default\">\n\t\t\t\t<div class=\"elementor-widget-container\">\n\t\t\t\t\t<div class=\"wd-text-block reset-last-child text-left\">\n\t\t\t\n\t\t\t<h4>Soporte de almacenamiento<\/h4><p>Cada caddie de almacenamiento puede montar 2 unidades de 2,5\" o 1 unidad de 3,5\", dos caddies incluidos.<br \/>Configuraciones posibles:<br \/>4 unidades de 2,5\" | 2 unidades de 3,5\" | 2 unidades de 2,5\" + 1 unidad de 3,5\"<\/p>\n\t\t\t\t\t<\/div>\n\t\t\t\t<\/div>\n\t\t\t\t<\/div>\n\t\t\t\t<div class=\"elementor-element elementor-element-a01cdd1 elementor-widget elementor-widget-wd_image_or_svg\" data-id=\"a01cdd1\" data-element_type=\"widget\" data-widget_type=\"wd_image_or_svg.default\">\n\t\t\t\t<div class=\"elementor-widget-container\">\n\t\t\t\n\t\t<div class=\"wd-image text-left\">\n\t\t\t\t\t\t\t\t<img loading=\"lazy\" decoding=\"async\" width=\"1920\" height=\"960\" src=\"https:\/\/tzila.mx\/dev\/wp-content\/uploads\/2022\/06\/MCB-Q500L-KANN-S00-DES-4.jpg\" class=\"attachment-full size-full\" alt=\"\" srcset=\"https:\/\/tzila.mx\/dev\/wp-content\/uploads\/2022\/06\/MCB-Q500L-KANN-S00-DES-4.jpg 1920w, https:\/\/tzila.mx\/dev\/wp-content\/uploads\/2022\/06\/MCB-Q500L-KANN-S00-DES-4-400x200.jpg 400w, https:\/\/tzila.mx\/dev\/wp-content\/uploads\/2022\/06\/MCB-Q500L-KANN-S00-DES-4-1300x650.jpg 1300w, https:\/\/tzila.mx\/dev\/wp-content\/uploads\/2022\/06\/MCB-Q500L-KANN-S00-DES-4-768x384.jpg 768w, https:\/\/tzila.mx\/dev\/wp-content\/uploads\/2022\/06\/MCB-Q500L-KANN-S00-DES-4-1536x768.jpg 1536w, https:\/\/tzila.mx\/dev\/wp-content\/uploads\/2022\/06\/MCB-Q500L-KANN-S00-DES-4-860x430.jpg 860w, https:\/\/tzila.mx\/dev\/wp-content\/uploads\/2022\/06\/MCB-Q500L-KANN-S00-DES-4-1320x660.jpg 1320w, https:\/\/tzila.mx\/dev\/wp-content\/uploads\/2022\/06\/MCB-Q500L-KANN-S00-DES-4-430x215.jpg 430w, https:\/\/tzila.mx\/dev\/wp-content\/uploads\/2022\/06\/MCB-Q500L-KANN-S00-DES-4-700x350.jpg 700w, https:\/\/tzila.mx\/dev\/wp-content\/uploads\/2022\/06\/MCB-Q500L-KANN-S00-DES-4-150x75.jpg 150w\" sizes=\"auto, (max-width: 1920px) 100vw, 1920px\" \/>\t\t\t\t\t<\/div>\n\n\t\t\t\t<\/div>\n\t\t\t\t<\/div>\n\t\t\t\t<div class=\"elementor-element elementor-element-1ac7cba elementor-widget elementor-widget-wd_text_block\" data-id=\"1ac7cba\" data-element_type=\"widget\" data-widget_type=\"wd_text_block.default\">\n\t\t\t\t<div class=\"elementor-widget-container\">\n\t\t\t\t\t<div class=\"wd-text-block reset-last-child text-left\">\n\t\t\t\n\t\t\t<h4>Soporte de placa base<\/h4><p>El dise\u00f1o interno y la ubicaci\u00f3n de la fuente de alimentaci\u00f3n se adaptan a la placa base. Si se utiliza una placa base ATX est\u00e1ndar, la fuente de alimentaci\u00f3n se monta en la parte superior frontal del chasis con la capacidad de moverse hacia arriba o hacia abajo. Para construcciones mini-ITX, la fuente de alimentaci\u00f3n se puede ubicar en la posici\u00f3n inferior trasera convencional para una mayor ventilaci\u00f3n del panel frontal.<\/p>\n\t\t\t\t\t<\/div>\n\t\t\t\t<\/div>\n\t\t\t\t<\/div>\n\t\t\t\t<div class=\"elementor-element elementor-element-078b475 elementor-widget elementor-widget-wd_button\" data-id=\"078b475\" data-element_type=\"widget\" data-widget_type=\"wd_button.default\">\n\t\t\t\t<div class=\"elementor-widget-container\">\n\t\t\t\t\t<div class=\"wd-button-wrapper text-center\" >\n\t\t\t<a class=\"btn btn-style-link btn-shape- btn-size-large btn-scheme-light btn-scheme-hover-dark btn-icon-pos-right\"  href=\"https:\/\/coolermaster.egnyte.com\/dl\/SpDuoG74ei\" target=\"_blank\">\n\t\t\t\t<span class=\"wd-btn-text\" data-elementor-setting-key=\"text\">\n\t\t\t\t\tSaber m\u00e1s\t\t\t\t<\/span>\n\n\t\t\t\t\t\t\t<\/a>\n\t\t<\/div>\n\t\t\t\t<\/div>\n\t\t\t\t<\/div>\n\t\t\t\t\t<\/div>\n\t\t<\/div>\n\t\t\t\t\t\t\t<\/div>\n\t\t<\/section>\n\t\t\t\t\t\t<\/div>\n\t\t\t\t\t<\/div>\n\t\t","protected":false},"excerpt":{"rendered":"<h4>Caracter\u00edsticas principales:<\/h4>\n<p class=\"p1\">\u25cf Media Torre<br \/>\n\u25cf ATX, Micro ATX, Mini ITX<br \/>\n\u25cf Soporte de fuente de alimentaci\u00f3n vers\u00e1til<br \/>\n\u25cf Chasis totalmente perforado<br \/>\n\u25cf Filtros de polvo magn\u00e9ticos<br \/>\n\u25cf Panel lateral transparente<\/p>\n","protected":false},"featured_media":16233,"comment_status":"open","ping_status":"closed","template":"","meta":[],"product_cat":[20,73,102],"product_tag":[250],"class_list":["post-16230","product","type-product","status-publish","has-post-thumbnail","hentry","product_cat-hardware","product_cat-gabinete","product_cat-cooler-master","product_tag-cooler-master","pa_brand-cooler-master"],"_links":{"self":[{"href":"https:\/\/tzila.mx\/dev\/wp-json\/wp\/v2\/product\/16230","targetHints":{"allow":["GET"]}}],"collection":[{"href":"https:\/\/tzila.mx\/dev\/wp-json\/wp\/v2\/product"}],"about":[{"href":"https:\/\/tzila.mx\/dev\/wp-json\/wp\/v2\/types\/product"}],"replies":[{"embeddable":true,"href":"https:\/\/tzila.mx\/dev\/wp-json\/wp\/v2\/comments?post=16230"}],"version-history":[{"count":4,"href":"https:\/\/tzila.mx\/dev\/wp-json\/wp\/v2\/product\/16230\/revisions"}],"predecessor-version":[{"id":16259,"href":"https:\/\/tzila.mx\/dev\/wp-json\/wp\/v2\/product\/16230\/revisions\/16259"}],"wp:featuredmedia":[{"embeddable":true,"href":"https:\/\/tzila.mx\/dev\/wp-json\/wp\/v2\/media\/16233"}],"wp:attachment":[{"href":"https:\/\/tzila.mx\/dev\/wp-json\/wp\/v2\/media?parent=16230"}],"wp:term":[{"taxonomy":"product_cat","embeddable":true,"href":"https:\/\/tzila.mx\/dev\/wp-json\/wp\/v2\/product_cat?post=16230"},{"taxonomy":"product_tag","embeddable":true,"href":"https:\/\/tzila.mx\/dev\/wp-json\/wp\/v2\/product_tag?post=16230"}],"curies":[{"name":"wp","href":"https:\/\/api.w.org\/{rel}","templated":true}]}}