{"id":16206,"date":"2022-06-16T00:07:52","date_gmt":"2022-06-16T05:07:52","guid":{"rendered":"https:\/\/tzila.mx\/dev\/?post_type=product&#038;p=16206"},"modified":"2022-06-29T11:34:47","modified_gmt":"2022-06-29T16:34:47","slug":"gabinete-cooler-master-mastercase-h500p-mesh-blanco-argb","status":"publish","type":"product","link":"https:\/\/tzila.mx\/dev\/producto\/gabinete-cooler-master-mastercase-h500p-mesh-blanco-argb\/","title":{"rendered":"Gabinete COOLER MASTER MasterCase H500P Mesh Blanco ARGB"},"content":{"rendered":"\t\t<div data-elementor-type=\"wp-post\" data-elementor-id=\"16206\" class=\"elementor elementor-16206\" data-elementor-settings=\"[]\">\n\t\t\t\t\t\t\t<div class=\"elementor-section-wrap\">\n\t\t\t\t\t\t\t<section class=\"elementor-section elementor-top-section elementor-element elementor-element-a77d38a elementor-section-boxed elementor-section-height-default elementor-section-height-default wd-section-disabled\" data-id=\"a77d38a\" data-element_type=\"section\">\n\t\t\t\t\t\t<div class=\"elementor-container elementor-column-gap-default\">\n\t\t\t\t\t<div class=\"elementor-column elementor-col-33 elementor-top-column elementor-element elementor-element-606b0e0\" data-id=\"606b0e0\" data-element_type=\"column\">\n\t\t\t<div class=\"elementor-widget-wrap elementor-element-populated\">\n\t\t\t\t\t\t\t\t<div class=\"elementor-element elementor-element-2efa55d elementor-widget elementor-widget-wd_text_block\" data-id=\"2efa55d\" data-element_type=\"widget\" data-widget_type=\"wd_text_block.default\">\n\t\t\t\t<div class=\"elementor-widget-container\">\n\t\t\t\t\t<div class=\"wd-text-block reset-last-child text-left\">\n\t\t\t\n\t\t\t<h5><strong>M\u00c1S ESPECIFICACIONES<\/strong><strong>:<\/strong><\/h5>\n\t\t\t\t\t<\/div>\n\t\t\t\t<\/div>\n\t\t\t\t<\/div>\n\t\t\t\t<div class=\"elementor-element elementor-element-00b20a9 elementor-widget elementor-widget-wd_text_block\" data-id=\"00b20a9\" data-element_type=\"widget\" data-widget_type=\"wd_text_block.default\">\n\t\t\t\t<div class=\"elementor-widget-container\">\n\t\t\t\t\t<div class=\"wd-text-block reset-last-child text-left\">\n\t\t\t\n\t\t\t<p>\u25cf El flujo de aire muestra su verdadero color<br \/>\u25cf Ventiladores ARGB duales de 200 mm<br \/>\u25cf Panel frontal de malla<br \/>\u25cf Construir por dise\u00f1o<br \/>\u25cf Sistema de iluminaci\u00f3n ARGB<br \/>\u25cf Panel lateral de vidrio templado<br \/>\u25cf Controlador ARGB<\/p>\n\t\t\t\t\t<\/div>\n\t\t\t\t<\/div>\n\t\t\t\t<\/div>\n\t\t\t\t\t<\/div>\n\t\t<\/div>\n\t\t\t\t<div class=\"elementor-column elementor-col-66 elementor-top-column elementor-element elementor-element-b692253\" data-id=\"b692253\" data-element_type=\"column\">\n\t\t\t<div class=\"elementor-widget-wrap elementor-element-populated\">\n\t\t\t\t\t\t\t\t<div class=\"elementor-element elementor-element-0fefcf7 elementor-widget elementor-widget-wd_image_or_svg\" data-id=\"0fefcf7\" data-element_type=\"widget\" data-widget_type=\"wd_image_or_svg.default\">\n\t\t\t\t<div class=\"elementor-widget-container\">\n\t\t\t\n\t\t<div class=\"wd-image text-center\">\n\t\t\t\t\t\t\t\t<img loading=\"lazy\" decoding=\"async\" width=\"1920\" height=\"850\" src=\"https:\/\/tzila.mx\/dev\/wp-content\/uploads\/2022\/06\/MCM-H500P-WGNN-S01-DES-1.png\" class=\"attachment-full size-full\" alt=\"\" srcset=\"https:\/\/tzila.mx\/dev\/wp-content\/uploads\/2022\/06\/MCM-H500P-WGNN-S01-DES-1.png 1920w, https:\/\/tzila.mx\/dev\/wp-content\/uploads\/2022\/06\/MCM-H500P-WGNN-S01-DES-1-400x177.png 400w, https:\/\/tzila.mx\/dev\/wp-content\/uploads\/2022\/06\/MCM-H500P-WGNN-S01-DES-1-1300x576.png 1300w, https:\/\/tzila.mx\/dev\/wp-content\/uploads\/2022\/06\/MCM-H500P-WGNN-S01-DES-1-768x340.png 768w, https:\/\/tzila.mx\/dev\/wp-content\/uploads\/2022\/06\/MCM-H500P-WGNN-S01-DES-1-1536x680.png 1536w, https:\/\/tzila.mx\/dev\/wp-content\/uploads\/2022\/06\/MCM-H500P-WGNN-S01-DES-1-860x381.png 860w, https:\/\/tzila.mx\/dev\/wp-content\/uploads\/2022\/06\/MCM-H500P-WGNN-S01-DES-1-1320x584.png 1320w, https:\/\/tzila.mx\/dev\/wp-content\/uploads\/2022\/06\/MCM-H500P-WGNN-S01-DES-1-430x190.png 430w, https:\/\/tzila.mx\/dev\/wp-content\/uploads\/2022\/06\/MCM-H500P-WGNN-S01-DES-1-700x310.png 700w, https:\/\/tzila.mx\/dev\/wp-content\/uploads\/2022\/06\/MCM-H500P-WGNN-S01-DES-1-150x66.png 150w\" sizes=\"auto, (max-width: 1920px) 100vw, 1920px\" \/>\t\t\t\t\t<\/div>\n\n\t\t\t\t<\/div>\n\t\t\t\t<\/div>\n\t\t\t\t\t<\/div>\n\t\t<\/div>\n\t\t\t\t\t\t\t<\/div>\n\t\t<\/section>\n\t\t\t\t<section class=\"elementor-section elementor-top-section elementor-element elementor-element-ec9e38a elementor-section-boxed elementor-section-height-default elementor-section-height-default wd-section-disabled\" data-id=\"ec9e38a\" data-element_type=\"section\">\n\t\t\t\t\t\t<div class=\"elementor-container elementor-column-gap-default\">\n\t\t\t\t\t<div class=\"elementor-column elementor-col-33 elementor-top-column elementor-element elementor-element-c833c6a\" data-id=\"c833c6a\" data-element_type=\"column\">\n\t\t\t<div class=\"elementor-widget-wrap elementor-element-populated\">\n\t\t\t\t\t\t\t\t<div class=\"elementor-element elementor-element-6ae12e9 elementor-widget elementor-widget-wd_text_block\" data-id=\"6ae12e9\" data-element_type=\"widget\" data-widget_type=\"wd_text_block.default\">\n\t\t\t\t<div class=\"elementor-widget-container\">\n\t\t\t\t\t<div class=\"wd-text-block reset-last-child text-left\">\n\t\t\t\n\t\t\t<h4>El flujo de aire muestra su verdadero color<\/h4><p>Apareciendo en blanco \u00e1rtico, la serie H adopta la regla de oro de la construcci\u00f3n de PC: nunca dejar de actualizar. El MasterCase H500P Mesh White no es una excepci\u00f3n, ahora con dos ventiladores ARGB de 200 mm preinstalados. Los ventiladores RGB direccionables anteriormente solo estaban disponibles con MasterCase H500M, el modelo insignia premium de la l\u00ednea.<\/p><p>La misma iluminaci\u00f3n premium ahora est\u00e1 presente en la variante Mesh White, sin tener que comprar por separado los muy buscados ventiladores ARGB de 200 mm. El MasterCase H500P Mesh White ARGB conserva todas sus ventajas galardonadas de rendimiento de flujo de aire, versatilidad de componentes y est\u00e9tica de marca registrada de la Serie H, al tiempo que mejora el potencial de personalizaci\u00f3n de los ventiladores ARGB desde el primer momento.<\/p>\n\t\t\t\t\t<\/div>\n\t\t\t\t<\/div>\n\t\t\t\t<\/div>\n\t\t\t\t<div class=\"elementor-element elementor-element-9cd7700 elementor-widget elementor-widget-wd_image_or_svg\" data-id=\"9cd7700\" data-element_type=\"widget\" data-widget_type=\"wd_image_or_svg.default\">\n\t\t\t\t<div class=\"elementor-widget-container\">\n\t\t\t\n\t\t<div class=\"wd-image text-left\">\n\t\t\t\t\t\t\t\t<img loading=\"lazy\" decoding=\"async\" width=\"1175\" height=\"1120\" src=\"https:\/\/tzila.mx\/dev\/wp-content\/uploads\/2022\/06\/MCM-H500P-WGNN-S01-DES-2.png\" class=\"attachment-full size-full\" alt=\"\" srcset=\"https:\/\/tzila.mx\/dev\/wp-content\/uploads\/2022\/06\/MCM-H500P-WGNN-S01-DES-2.png 1175w, https:\/\/tzila.mx\/dev\/wp-content\/uploads\/2022\/06\/MCM-H500P-WGNN-S01-DES-2-315x300.png 315w, https:\/\/tzila.mx\/dev\/wp-content\/uploads\/2022\/06\/MCM-H500P-WGNN-S01-DES-2-839x800.png 839w, https:\/\/tzila.mx\/dev\/wp-content\/uploads\/2022\/06\/MCM-H500P-WGNN-S01-DES-2-768x732.png 768w, https:\/\/tzila.mx\/dev\/wp-content\/uploads\/2022\/06\/MCM-H500P-WGNN-S01-DES-2-860x820.png 860w, https:\/\/tzila.mx\/dev\/wp-content\/uploads\/2022\/06\/MCM-H500P-WGNN-S01-DES-2-430x410.png 430w, https:\/\/tzila.mx\/dev\/wp-content\/uploads\/2022\/06\/MCM-H500P-WGNN-S01-DES-2-700x667.png 700w, https:\/\/tzila.mx\/dev\/wp-content\/uploads\/2022\/06\/MCM-H500P-WGNN-S01-DES-2-150x143.png 150w\" sizes=\"auto, (max-width: 1175px) 100vw, 1175px\" \/>\t\t\t\t\t<\/div>\n\n\t\t\t\t<\/div>\n\t\t\t\t<\/div>\n\t\t\t\t<div class=\"elementor-element elementor-element-10bce73 elementor-widget elementor-widget-wd_text_block\" data-id=\"10bce73\" data-element_type=\"widget\" data-widget_type=\"wd_text_block.default\">\n\t\t\t\t<div class=\"elementor-widget-container\">\n\t\t\t\t\t<div class=\"wd-text-block reset-last-child text-left\">\n\t\t\t\n\t\t\t<h4>Ventiladores ARGB duales de 200 mm<\/h4><p>Los ic\u00f3nicos ventiladores RGB direccionables son el n\u00facleo de la Serie H en dise\u00f1o y funci\u00f3n, capaces de operar silenciosamente mientras mueven grandes vol\u00famenes de aire debido a su tama\u00f1o.<\/p>\n\t\t\t\t\t<\/div>\n\t\t\t\t<\/div>\n\t\t\t\t<\/div>\n\t\t\t\t\t<\/div>\n\t\t<\/div>\n\t\t\t\t<div class=\"elementor-column elementor-col-33 elementor-top-column elementor-element elementor-element-e7b3bda\" data-id=\"e7b3bda\" data-element_type=\"column\">\n\t\t\t<div class=\"elementor-widget-wrap elementor-element-populated\">\n\t\t\t\t\t\t\t\t<div class=\"elementor-element elementor-element-a6cf3a7 elementor-widget elementor-widget-wd_text_block\" data-id=\"a6cf3a7\" data-element_type=\"widget\" data-widget_type=\"wd_text_block.default\">\n\t\t\t\t<div class=\"elementor-widget-container\">\n\t\t\t\t\t<div class=\"wd-text-block reset-last-child text-left\">\n\t\t\t\n\t\t\t<h4>Panel lateral de vidrio templado<\/h4><p>El hardware para juegos, el enfriamiento de circuito personalizado y el puro orgullo del constructor se muestran en una vista panor\u00e1mica a trav\u00e9s de un panel lateral de vidrio templado de borde a borde.<\/p>\n\t\t\t\t\t<\/div>\n\t\t\t\t<\/div>\n\t\t\t\t<\/div>\n\t\t\t\t<div class=\"elementor-element elementor-element-399896d elementor-widget elementor-widget-wd_text_block\" data-id=\"399896d\" data-element_type=\"widget\" data-widget_type=\"wd_text_block.default\">\n\t\t\t\t<div class=\"elementor-widget-container\">\n\t\t\t\t\t<div class=\"wd-text-block reset-last-child text-left\">\n\t\t\t\n\t\t\t<h4>Construir por dise\u00f1o<\/h4><p>Los paneles transparentes y un panel lateral de vidrio templado hacen alarde del hardware y los ventiladores, mientras que las cubiertas de los cables, la cubierta de la fuente de alimentaci\u00f3n y el espacio de administraci\u00f3n de cables ocultan el desorden.<\/p>\n\t\t\t\t\t<\/div>\n\t\t\t\t<\/div>\n\t\t\t\t<\/div>\n\t\t\t\t<div class=\"elementor-element elementor-element-30850c1 elementor-widget elementor-widget-wd_image_or_svg\" data-id=\"30850c1\" data-element_type=\"widget\" data-widget_type=\"wd_image_or_svg.default\">\n\t\t\t\t<div class=\"elementor-widget-container\">\n\t\t\t\n\t\t<div class=\"wd-image text-left\">\n\t\t\t\t\t\t\t\t<img loading=\"lazy\" decoding=\"async\" width=\"1175\" height=\"1120\" src=\"https:\/\/tzila.mx\/dev\/wp-content\/uploads\/2022\/06\/MCM-H500P-WGNN-S01-DES-5.png\" class=\"attachment-full size-full\" alt=\"\" srcset=\"https:\/\/tzila.mx\/dev\/wp-content\/uploads\/2022\/06\/MCM-H500P-WGNN-S01-DES-5.png 1175w, https:\/\/tzila.mx\/dev\/wp-content\/uploads\/2022\/06\/MCM-H500P-WGNN-S01-DES-5-315x300.png 315w, https:\/\/tzila.mx\/dev\/wp-content\/uploads\/2022\/06\/MCM-H500P-WGNN-S01-DES-5-839x800.png 839w, https:\/\/tzila.mx\/dev\/wp-content\/uploads\/2022\/06\/MCM-H500P-WGNN-S01-DES-5-768x732.png 768w, https:\/\/tzila.mx\/dev\/wp-content\/uploads\/2022\/06\/MCM-H500P-WGNN-S01-DES-5-860x820.png 860w, https:\/\/tzila.mx\/dev\/wp-content\/uploads\/2022\/06\/MCM-H500P-WGNN-S01-DES-5-430x410.png 430w, https:\/\/tzila.mx\/dev\/wp-content\/uploads\/2022\/06\/MCM-H500P-WGNN-S01-DES-5-700x667.png 700w, https:\/\/tzila.mx\/dev\/wp-content\/uploads\/2022\/06\/MCM-H500P-WGNN-S01-DES-5-150x143.png 150w\" sizes=\"auto, (max-width: 1175px) 100vw, 1175px\" \/>\t\t\t\t\t<\/div>\n\n\t\t\t\t<\/div>\n\t\t\t\t<\/div>\n\t\t\t\t<div class=\"elementor-element elementor-element-7b89497 elementor-widget elementor-widget-wd_text_block\" data-id=\"7b89497\" data-element_type=\"widget\" data-widget_type=\"wd_text_block.default\">\n\t\t\t\t<div class=\"elementor-widget-container\">\n\t\t\t\t\t<div class=\"wd-text-block reset-last-child text-left\">\n\t\t\t\n\t\t\t<h4>Sistema de iluminaci\u00f3n ARGB<\/h4><p>Los ventiladores ARGB preinstalados pueden administrarse mediante la placa base o un controlador incluido, conectado por el divisor incluido, para crear un sistema de iluminaci\u00f3n ARGB completo.<\/p>\n\t\t\t\t\t<\/div>\n\t\t\t\t<\/div>\n\t\t\t\t<\/div>\n\t\t\t\t\t<\/div>\n\t\t<\/div>\n\t\t\t\t<div class=\"elementor-column elementor-col-33 elementor-top-column elementor-element elementor-element-ba9b9c1\" data-id=\"ba9b9c1\" data-element_type=\"column\">\n\t\t\t<div class=\"elementor-widget-wrap elementor-element-populated\">\n\t\t\t\t\t\t\t\t<div class=\"elementor-element elementor-element-1bd15a7 elementor-widget elementor-widget-wd_text_block\" data-id=\"1bd15a7\" data-element_type=\"widget\" data-widget_type=\"wd_text_block.default\">\n\t\t\t\t<div class=\"elementor-widget-container\">\n\t\t\t\t\t<div class=\"wd-text-block reset-last-child text-left\">\n\t\t\t\n\t\t\t<h4>Panel frontal de malla<\/h4>\nDos capas de malla conforman todo el panel frontal para maximizar el flujo de aire. Una capa m\u00e1s fina filtra el polvo mientras que la malla de acero refuerza su estructura.\n\n\t\t\t\t\t<\/div>\n\t\t\t\t<\/div>\n\t\t\t\t<\/div>\n\t\t\t\t<div class=\"elementor-element elementor-element-e29b03c elementor-widget elementor-widget-wd_image_or_svg\" data-id=\"e29b03c\" data-element_type=\"widget\" data-widget_type=\"wd_image_or_svg.default\">\n\t\t\t\t<div class=\"elementor-widget-container\">\n\t\t\t\n\t\t<div class=\"wd-image text-left\">\n\t\t\t\t\t\t\t\t<img loading=\"lazy\" decoding=\"async\" width=\"1175\" height=\"1120\" src=\"https:\/\/tzila.mx\/dev\/wp-content\/uploads\/2022\/06\/MCM-H500P-WGNN-S01-DES-4.png\" class=\"attachment-full size-full\" alt=\"\" srcset=\"https:\/\/tzila.mx\/dev\/wp-content\/uploads\/2022\/06\/MCM-H500P-WGNN-S01-DES-4.png 1175w, https:\/\/tzila.mx\/dev\/wp-content\/uploads\/2022\/06\/MCM-H500P-WGNN-S01-DES-4-315x300.png 315w, https:\/\/tzila.mx\/dev\/wp-content\/uploads\/2022\/06\/MCM-H500P-WGNN-S01-DES-4-839x800.png 839w, https:\/\/tzila.mx\/dev\/wp-content\/uploads\/2022\/06\/MCM-H500P-WGNN-S01-DES-4-768x732.png 768w, https:\/\/tzila.mx\/dev\/wp-content\/uploads\/2022\/06\/MCM-H500P-WGNN-S01-DES-4-860x820.png 860w, https:\/\/tzila.mx\/dev\/wp-content\/uploads\/2022\/06\/MCM-H500P-WGNN-S01-DES-4-430x410.png 430w, https:\/\/tzila.mx\/dev\/wp-content\/uploads\/2022\/06\/MCM-H500P-WGNN-S01-DES-4-700x667.png 700w, https:\/\/tzila.mx\/dev\/wp-content\/uploads\/2022\/06\/MCM-H500P-WGNN-S01-DES-4-150x143.png 150w\" sizes=\"auto, (max-width: 1175px) 100vw, 1175px\" \/>\t\t\t\t\t<\/div>\n\n\t\t\t\t<\/div>\n\t\t\t\t<\/div>\n\t\t\t\t<div class=\"elementor-element elementor-element-7cd3263 elementor-widget elementor-widget-wd_text_block\" data-id=\"7cd3263\" data-element_type=\"widget\" data-widget_type=\"wd_text_block.default\">\n\t\t\t\t<div class=\"elementor-widget-container\">\n\t\t\t\t\t<div class=\"wd-text-block reset-last-child text-left\">\n\t\t\t\n\t\t\t<h4>Controlador ARGB<\/h4><p>El controlador ARGB peque\u00f1o es un controlador de tama\u00f1o mini que permite alimentar y controlar su RGB direccionable, como ventiladores y tiras de LED, incluso en sistemas de PC sin una placa base compatible con A-RGB.<\/p><p>El controlador viene con 14 preajustes de iluminaci\u00f3n para hacer un uso completo de los LED direccionables en el sistema y tambi\u00e9n permite apagarlo por completo presionando prolongadamente su bot\u00f3n.<\/p><p>Tambi\u00e9n es posible conectarle cualquier bot\u00f3n externo de 2 pines para poder cambiar de presinton\u00eda sin tener que abrir el sistema. Para facilitar su uso, Cooler Master permite que el bot\u00f3n RESET se conecte opcionalmente al controlador y se use como un bot\u00f3n de cambio predeterminado de ARGB externo.<\/p>\n\t\t\t\t\t<\/div>\n\t\t\t\t<\/div>\n\t\t\t\t<\/div>\n\t\t\t\t<div class=\"elementor-element elementor-element-078b475 elementor-widget elementor-widget-wd_button\" data-id=\"078b475\" data-element_type=\"widget\" data-widget_type=\"wd_button.default\">\n\t\t\t\t<div class=\"elementor-widget-container\">\n\t\t\t\t\t<div class=\"wd-button-wrapper text-center\" >\n\t\t\t<a class=\"btn btn-style-link btn-shape- btn-size-large btn-scheme-light btn-scheme-hover-dark btn-icon-pos-right\"  href=\"https:\/\/coolermaster.egnyte.com\/dl\/gwYWpWMqeM\" target=\"_blank\">\n\t\t\t\t<span class=\"wd-btn-text\" data-elementor-setting-key=\"text\">\n\t\t\t\t\tSaber m\u00e1s\t\t\t\t<\/span>\n\n\t\t\t\t\t\t\t<\/a>\n\t\t<\/div>\n\t\t\t\t<\/div>\n\t\t\t\t<\/div>\n\t\t\t\t\t<\/div>\n\t\t<\/div>\n\t\t\t\t\t\t\t<\/div>\n\t\t<\/section>\n\t\t\t\t\t\t<\/div>\n\t\t\t\t\t<\/div>\n\t\t","protected":false},"excerpt":{"rendered":"<h4>Caracter\u00edsticas principales:<\/h4>\n<p class=\"p1\">\u25cf Media Torre<br \/>\n\u25cf Mini ITX, Micro ATX, ATX, E-ATX<br \/>\n\u25cf Ventiladores ARGB duales de 200 mm<br \/>\n\u25cf Panel frontal de malla<br \/>\n\u25cf Construir por dise\u00f1o<br \/>\n\u25cf Sistema de iluminaci\u00f3n ARGB<br \/>\n\u25cf Panel lateral de vidrio templado<\/p>\n","protected":false},"featured_media":16209,"comment_status":"open","ping_status":"closed","template":"","meta":[],"product_cat":[20,73,102],"product_tag":[250],"class_list":["post-16206","product","type-product","status-publish","has-post-thumbnail","hentry","product_cat-hardware","product_cat-gabinete","product_cat-cooler-master","product_tag-cooler-master","pa_brand-cooler-master"],"_links":{"self":[{"href":"https:\/\/tzila.mx\/dev\/wp-json\/wp\/v2\/product\/16206","targetHints":{"allow":["GET"]}}],"collection":[{"href":"https:\/\/tzila.mx\/dev\/wp-json\/wp\/v2\/product"}],"about":[{"href":"https:\/\/tzila.mx\/dev\/wp-json\/wp\/v2\/types\/product"}],"replies":[{"embeddable":true,"href":"https:\/\/tzila.mx\/dev\/wp-json\/wp\/v2\/comments?post=16206"}],"version-history":[{"count":10,"href":"https:\/\/tzila.mx\/dev\/wp-json\/wp\/v2\/product\/16206\/revisions"}],"predecessor-version":[{"id":16227,"href":"https:\/\/tzila.mx\/dev\/wp-json\/wp\/v2\/product\/16206\/revisions\/16227"}],"wp:featuredmedia":[{"embeddable":true,"href":"https:\/\/tzila.mx\/dev\/wp-json\/wp\/v2\/media\/16209"}],"wp:attachment":[{"href":"https:\/\/tzila.mx\/dev\/wp-json\/wp\/v2\/media?parent=16206"}],"wp:term":[{"taxonomy":"product_cat","embeddable":true,"href":"https:\/\/tzila.mx\/dev\/wp-json\/wp\/v2\/product_cat?post=16206"},{"taxonomy":"product_tag","embeddable":true,"href":"https:\/\/tzila.mx\/dev\/wp-json\/wp\/v2\/product_tag?post=16206"}],"curies":[{"name":"wp","href":"https:\/\/api.w.org\/{rel}","templated":true}]}}