{"id":16189,"date":"2022-06-15T23:37:43","date_gmt":"2022-06-16T04:37:43","guid":{"rendered":"https:\/\/tzila.mx\/dev\/?post_type=product&#038;p=16189"},"modified":"2022-06-29T11:34:51","modified_gmt":"2022-06-29T16:34:51","slug":"enfriamiento-liquido-cooler-master-masterliquid-ml120l-v2-rgb","status":"publish","type":"product","link":"https:\/\/tzila.mx\/dev\/producto\/enfriamiento-liquido-cooler-master-masterliquid-ml120l-v2-rgb\/","title":{"rendered":"Enfriamiento Liquido COOLER MASTER MasterLiquid ML120L V2 RGB"},"content":{"rendered":"\t\t<div data-elementor-type=\"wp-post\" data-elementor-id=\"16189\" class=\"elementor elementor-16189\" data-elementor-settings=\"[]\">\n\t\t\t\t\t\t\t<div class=\"elementor-section-wrap\">\n\t\t\t\t\t\t\t<section class=\"elementor-section elementor-top-section elementor-element elementor-element-a77d38a elementor-section-boxed elementor-section-height-default elementor-section-height-default wd-section-disabled\" data-id=\"a77d38a\" data-element_type=\"section\">\n\t\t\t\t\t\t<div class=\"elementor-container elementor-column-gap-default\">\n\t\t\t\t\t<div class=\"elementor-column elementor-col-33 elementor-top-column elementor-element elementor-element-606b0e0\" data-id=\"606b0e0\" data-element_type=\"column\">\n\t\t\t<div class=\"elementor-widget-wrap elementor-element-populated\">\n\t\t\t\t\t\t\t\t<div class=\"elementor-element elementor-element-2efa55d elementor-widget elementor-widget-wd_text_block\" data-id=\"2efa55d\" data-element_type=\"widget\" data-widget_type=\"wd_text_block.default\">\n\t\t\t\t<div class=\"elementor-widget-container\">\n\t\t\t\t\t<div class=\"wd-text-block reset-last-child text-left\">\n\t\t\t\n\t\t\t<h5><strong>M\u00c1S ESPECIFICACIONES<\/strong><strong>:<\/strong><\/h5>\n\t\t\t\t\t<\/div>\n\t\t\t\t<\/div>\n\t\t\t\t<\/div>\n\t\t\t\t<div class=\"elementor-element elementor-element-00b20a9 elementor-widget elementor-widget-wd_text_block\" data-id=\"00b20a9\" data-element_type=\"widget\" data-widget_type=\"wd_text_block.default\">\n\t\t\t\t<div class=\"elementor-widget-container\">\n\t\t\t\t\t<div class=\"wd-text-block reset-last-child text-left\">\n\t\t\t\n\t\t\t<p>\u25cf Avance. Calidad. Actuaci\u00f3n.<br \/>\u25cf Nueva bomba de doble c\u00e1mara de tercera generaci\u00f3n<br \/>\u25cf M\u00e1s \u00e1rea, m\u00e1s disipaci\u00f3n<br \/>\u25cf Nueva SickleFlow 120 RGB<br \/>\u25cf Iluminaci\u00f3n RGB completa<\/p>\n\t\t\t\t\t<\/div>\n\t\t\t\t<\/div>\n\t\t\t\t<\/div>\n\t\t\t\t\t<\/div>\n\t\t<\/div>\n\t\t\t\t<div class=\"elementor-column elementor-col-66 elementor-top-column elementor-element elementor-element-b692253\" data-id=\"b692253\" data-element_type=\"column\">\n\t\t\t<div class=\"elementor-widget-wrap elementor-element-populated\">\n\t\t\t\t\t\t\t\t<div class=\"elementor-element elementor-element-0fefcf7 elementor-widget elementor-widget-wd_image_or_svg\" data-id=\"0fefcf7\" data-element_type=\"widget\" data-widget_type=\"wd_image_or_svg.default\">\n\t\t\t\t<div class=\"elementor-widget-container\">\n\t\t\t\n\t\t<div class=\"wd-image text-center\">\n\t\t\t\t\t\t\t\t<img loading=\"lazy\" decoding=\"async\" width=\"1920\" height=\"680\" src=\"https:\/\/tzila.mx\/dev\/wp-content\/uploads\/2022\/06\/MLW-D12M-A18PC-R2-DES-3.png\" class=\"attachment-full size-full\" alt=\"\" srcset=\"https:\/\/tzila.mx\/dev\/wp-content\/uploads\/2022\/06\/MLW-D12M-A18PC-R2-DES-3.png 1920w, https:\/\/tzila.mx\/dev\/wp-content\/uploads\/2022\/06\/MLW-D12M-A18PC-R2-DES-3-400x142.png 400w, https:\/\/tzila.mx\/dev\/wp-content\/uploads\/2022\/06\/MLW-D12M-A18PC-R2-DES-3-1300x460.png 1300w, https:\/\/tzila.mx\/dev\/wp-content\/uploads\/2022\/06\/MLW-D12M-A18PC-R2-DES-3-768x272.png 768w, https:\/\/tzila.mx\/dev\/wp-content\/uploads\/2022\/06\/MLW-D12M-A18PC-R2-DES-3-1536x544.png 1536w, https:\/\/tzila.mx\/dev\/wp-content\/uploads\/2022\/06\/MLW-D12M-A18PC-R2-DES-3-860x305.png 860w, https:\/\/tzila.mx\/dev\/wp-content\/uploads\/2022\/06\/MLW-D12M-A18PC-R2-DES-3-1320x468.png 1320w, https:\/\/tzila.mx\/dev\/wp-content\/uploads\/2022\/06\/MLW-D12M-A18PC-R2-DES-3-430x152.png 430w, https:\/\/tzila.mx\/dev\/wp-content\/uploads\/2022\/06\/MLW-D12M-A18PC-R2-DES-3-700x248.png 700w, https:\/\/tzila.mx\/dev\/wp-content\/uploads\/2022\/06\/MLW-D12M-A18PC-R2-DES-3-150x53.png 150w\" sizes=\"auto, (max-width: 1920px) 100vw, 1920px\" \/>\t\t\t\t\t<\/div>\n\n\t\t\t\t<\/div>\n\t\t\t\t<\/div>\n\t\t\t\t\t<\/div>\n\t\t<\/div>\n\t\t\t\t\t\t\t<\/div>\n\t\t<\/section>\n\t\t\t\t<section class=\"elementor-section elementor-top-section elementor-element elementor-element-ec9e38a elementor-section-boxed elementor-section-height-default elementor-section-height-default wd-section-disabled\" data-id=\"ec9e38a\" data-element_type=\"section\">\n\t\t\t\t\t\t<div class=\"elementor-container elementor-column-gap-default\">\n\t\t\t\t\t<div class=\"elementor-column elementor-col-33 elementor-top-column elementor-element elementor-element-c833c6a\" data-id=\"c833c6a\" data-element_type=\"column\">\n\t\t\t<div class=\"elementor-widget-wrap elementor-element-populated\">\n\t\t\t\t\t\t\t\t<div class=\"elementor-element elementor-element-6ae12e9 elementor-widget elementor-widget-wd_text_block\" data-id=\"6ae12e9\" data-element_type=\"widget\" data-widget_type=\"wd_text_block.default\">\n\t\t\t\t<div class=\"elementor-widget-container\">\n\t\t\t\t\t<div class=\"wd-text-block reset-last-child text-left\">\n\t\t\t\n\t\t\t<h4>Avance. Calidad. Actuaci\u00f3n.<\/h4><p>El nuevo dise\u00f1o de la bomba con componentes internos mejorados mejora la durabilidad para un rendimiento m\u00e1s duradero. El sello reforzado utiliza EPDM de grado industrial para la prevenci\u00f3n de fugas.<\/p>\n\t\t\t\t\t<\/div>\n\t\t\t\t<\/div>\n\t\t\t\t<\/div>\n\t\t\t\t<div class=\"elementor-element elementor-element-10bce73 elementor-widget elementor-widget-wd_text_block\" data-id=\"10bce73\" data-element_type=\"widget\" data-widget_type=\"wd_text_block.default\">\n\t\t\t\t<div class=\"elementor-widget-container\">\n\t\t\t\t\t<div class=\"wd-text-block reset-last-child text-left\">\n\t\t\t\n\t\t\t<h4>Nueva bomba de doble c\u00e1mara de tercera generaci\u00f3n<\/h4><p>Experimente un enfriamiento silencioso con una carcasa mejorada y un impulsor interno en la bomba redise\u00f1ada, lo que brinda una mayor eficiencia con bajos niveles de ruido.<\/p>\n\t\t\t\t\t<\/div>\n\t\t\t\t<\/div>\n\t\t\t\t<\/div>\n\t\t\t\t\t<\/div>\n\t\t<\/div>\n\t\t\t\t<div class=\"elementor-column elementor-col-33 elementor-top-column elementor-element elementor-element-e7b3bda\" data-id=\"e7b3bda\" data-element_type=\"column\">\n\t\t\t<div class=\"elementor-widget-wrap elementor-element-populated\">\n\t\t\t\t\t\t\t\t<div class=\"elementor-element elementor-element-1bd15a7 elementor-widget elementor-widget-wd_text_block\" data-id=\"1bd15a7\" data-element_type=\"widget\" data-widget_type=\"wd_text_block.default\">\n\t\t\t\t<div class=\"elementor-widget-container\">\n\t\t\t\t\t<div class=\"wd-text-block reset-last-child text-left\">\n\t\t\t\n\t\t\t<h4>M\u00e1s \u00e1rea, m\u00e1s disipaci\u00f3n<\/h4><p>Cuanta m\u00e1s superficie, mejor es la disipaci\u00f3n de calor. Con un aumento de m\u00e1s del 25 % en la superficie, el radiador enfr\u00eda mejor que nunca.<\/p>\n\t\t\t\t\t<\/div>\n\t\t\t\t<\/div>\n\t\t\t\t<\/div>\n\t\t\t\t<div class=\"elementor-element elementor-element-399896d elementor-widget elementor-widget-wd_text_block\" data-id=\"399896d\" data-element_type=\"widget\" data-widget_type=\"wd_text_block.default\">\n\t\t\t\t<div class=\"elementor-widget-container\">\n\t\t\t\t\t<div class=\"wd-text-block reset-last-child text-left\">\n\t\t\t\n\t\t\t<h4>Nuevo SickleFlow 120 RGB<\/h4><p>El nuevo ventilador SickleFlow 120 RGB cuenta con aspas de ventilador de balance de aire optimizadas para un flujo de aire impresionante. El marco de ventilador duradero y el dise\u00f1o de cojinete de rifle premium le brindan rendimiento con un funcionamiento silencioso.<\/p>\n\t\t\t\t\t<\/div>\n\t\t\t\t<\/div>\n\t\t\t\t<\/div>\n\t\t\t\t\t<\/div>\n\t\t<\/div>\n\t\t\t\t<div class=\"elementor-column elementor-col-33 elementor-top-column elementor-element elementor-element-ba9b9c1\" data-id=\"ba9b9c1\" data-element_type=\"column\">\n\t\t\t<div class=\"elementor-widget-wrap elementor-element-populated\">\n\t\t\t\t\t\t\t\t<div class=\"elementor-element elementor-element-7b89497 elementor-widget elementor-widget-wd_text_block\" data-id=\"7b89497\" data-element_type=\"widget\" data-widget_type=\"wd_text_block.default\">\n\t\t\t\t<div class=\"elementor-widget-container\">\n\t\t\t\t\t<div class=\"wd-text-block reset-last-child text-left\">\n\t\t\t\n\t\t\t<h4>Iluminaci\u00f3n RGB completa<\/h4><p>Ilumina tu construcci\u00f3n con colores vibrantes usando la bomba y los ventiladores RGB. Iluminaci\u00f3n RGB compatible con software tambi\u00e9n certificada para compatibilidad con los principales fabricantes de placas base.<\/p>\n\t\t\t\t\t<\/div>\n\t\t\t\t<\/div>\n\t\t\t\t<\/div>\n\t\t\t\t<div class=\"elementor-element elementor-element-078b475 elementor-widget elementor-widget-wd_button\" data-id=\"078b475\" data-element_type=\"widget\" data-widget_type=\"wd_button.default\">\n\t\t\t\t<div class=\"elementor-widget-container\">\n\t\t\t\t\t<div class=\"wd-button-wrapper text-center\" >\n\t\t\t<a class=\"btn btn-style-link btn-shape- btn-size-large btn-scheme-light btn-scheme-hover-dark btn-icon-pos-right\"  href=\"https:\/\/coolermaster.egnyte.com\/dl\/9ARMTdly2Q\" target=\"_blank\">\n\t\t\t\t<span class=\"wd-btn-text\" data-elementor-setting-key=\"text\">\n\t\t\t\t\tSaber m\u00e1s\t\t\t\t<\/span>\n\n\t\t\t\t\t\t\t<\/a>\n\t\t<\/div>\n\t\t\t\t<\/div>\n\t\t\t\t<\/div>\n\t\t\t\t\t<\/div>\n\t\t<\/div>\n\t\t\t\t\t\t\t<\/div>\n\t\t<\/section>\n\t\t\t\t\t\t<\/div>\n\t\t\t\t\t<\/div>\n\t\t","protected":false},"excerpt":{"rendered":"<h4>Caracter\u00edsticas principales:<\/h4>\n<p class=\"p1\">\u25cf Bomba de doble c\u00e1mara de nueva generaci\u00f3n<br \/>\n\u25cf \u00c1rea de superficie de radiador m\u00e1s grande<br \/>\n\u25cf Nuevo SickleFlow 120 RGB<br \/>\n\u25cf Sello reforzado para prevenci\u00f3n de fugas<\/p>\n","protected":false},"featured_media":16191,"comment_status":"open","ping_status":"closed","template":"","meta":[],"product_cat":[20,141,76,102],"product_tag":[250],"class_list":["post-16189","product","type-product","status-publish","has-post-thumbnail","hentry","product_cat-hardware","product_cat-enfriamiento","product_cat-liquid-cooler","product_cat-cooler-master","product_tag-cooler-master","pa_brand-cooler-master"],"_links":{"self":[{"href":"https:\/\/tzila.mx\/dev\/wp-json\/wp\/v2\/product\/16189","targetHints":{"allow":["GET"]}}],"collection":[{"href":"https:\/\/tzila.mx\/dev\/wp-json\/wp\/v2\/product"}],"about":[{"href":"https:\/\/tzila.mx\/dev\/wp-json\/wp\/v2\/types\/product"}],"replies":[{"embeddable":true,"href":"https:\/\/tzila.mx\/dev\/wp-json\/wp\/v2\/comments?post=16189"}],"version-history":[{"count":7,"href":"https:\/\/tzila.mx\/dev\/wp-json\/wp\/v2\/product\/16189\/revisions"}],"predecessor-version":[{"id":16205,"href":"https:\/\/tzila.mx\/dev\/wp-json\/wp\/v2\/product\/16189\/revisions\/16205"}],"wp:featuredmedia":[{"embeddable":true,"href":"https:\/\/tzila.mx\/dev\/wp-json\/wp\/v2\/media\/16191"}],"wp:attachment":[{"href":"https:\/\/tzila.mx\/dev\/wp-json\/wp\/v2\/media?parent=16189"}],"wp:term":[{"taxonomy":"product_cat","embeddable":true,"href":"https:\/\/tzila.mx\/dev\/wp-json\/wp\/v2\/product_cat?post=16189"},{"taxonomy":"product_tag","embeddable":true,"href":"https:\/\/tzila.mx\/dev\/wp-json\/wp\/v2\/product_tag?post=16189"}],"curies":[{"name":"wp","href":"https:\/\/api.w.org\/{rel}","templated":true}]}}