{"id":16163,"date":"2022-06-15T22:37:14","date_gmt":"2022-06-16T03:37:14","guid":{"rendered":"https:\/\/tzila.mx\/dev\/?post_type=product&#038;p=16163"},"modified":"2022-06-29T11:34:54","modified_gmt":"2022-06-29T16:34:54","slug":"teclado-gamer-cooler-master-ck550-v2-rgb","status":"publish","type":"product","link":"https:\/\/tzila.mx\/dev\/producto\/teclado-gamer-cooler-master-ck550-v2-rgb\/","title":{"rendered":"Teclado Gamer  COOLER MASTER CK550 V2 RGB"},"content":{"rendered":"\t\t<div data-elementor-type=\"wp-post\" data-elementor-id=\"16163\" class=\"elementor elementor-16163\" data-elementor-settings=\"[]\">\n\t\t\t\t\t\t\t<div class=\"elementor-section-wrap\">\n\t\t\t\t\t\t\t<section class=\"elementor-section elementor-top-section elementor-element elementor-element-a77d38a elementor-section-boxed elementor-section-height-default elementor-section-height-default wd-section-disabled\" data-id=\"a77d38a\" data-element_type=\"section\">\n\t\t\t\t\t\t<div class=\"elementor-container elementor-column-gap-default\">\n\t\t\t\t\t<div class=\"elementor-column elementor-col-33 elementor-top-column elementor-element elementor-element-606b0e0\" data-id=\"606b0e0\" data-element_type=\"column\">\n\t\t\t<div class=\"elementor-widget-wrap elementor-element-populated\">\n\t\t\t\t\t\t\t\t<div class=\"elementor-element elementor-element-2efa55d elementor-widget elementor-widget-wd_text_block\" data-id=\"2efa55d\" data-element_type=\"widget\" data-widget_type=\"wd_text_block.default\">\n\t\t\t\t<div class=\"elementor-widget-container\">\n\t\t\t\t\t<div class=\"wd-text-block reset-last-child text-left\">\n\t\t\t\n\t\t\t<h5><strong>M\u00c1S ESPECIFICACIONES<\/strong><strong>:<\/strong><\/h5>\n\t\t\t\t\t<\/div>\n\t\t\t\t<\/div>\n\t\t\t\t<\/div>\n\t\t\t\t<div class=\"elementor-element elementor-element-00b20a9 elementor-widget elementor-widget-wd_text_block\" data-id=\"00b20a9\" data-element_type=\"widget\" data-widget_type=\"wd_text_block.default\">\n\t\t\t\t<div class=\"elementor-widget-container\">\n\t\t\t\t\t<div class=\"wd-text-block reset-last-child text-left\">\n\t\t\t\n\t\t\t<p>\u25cf Controles sobre la marcha<br \/>\u25cf Dise\u00f1o est\u00e1ndar<br \/>\u25cf Retroiluminaci\u00f3n RGB<br \/>\u25cf Dise\u00f1o de aluminio cepillado<br \/>\u25cf Interruptores mec\u00e1nicos<br \/>\u25cf Software f\u00e1cil de usar<br \/>\u25cf Reposamu\u00f1ecas<\/p>\n\t\t\t\t\t<\/div>\n\t\t\t\t<\/div>\n\t\t\t\t<\/div>\n\t\t\t\t\t<\/div>\n\t\t<\/div>\n\t\t\t\t<div class=\"elementor-column elementor-col-66 elementor-top-column elementor-element elementor-element-b692253\" data-id=\"b692253\" data-element_type=\"column\">\n\t\t\t<div class=\"elementor-widget-wrap elementor-element-populated\">\n\t\t\t\t\t\t\t\t<div class=\"elementor-element elementor-element-0fefcf7 elementor-widget elementor-widget-wd_image_or_svg\" data-id=\"0fefcf7\" data-element_type=\"widget\" data-widget_type=\"wd_image_or_svg.default\">\n\t\t\t\t<div class=\"elementor-widget-container\">\n\t\t\t\n\t\t<div class=\"wd-image text-center\">\n\t\t\t\t\t\t\t\t<img loading=\"lazy\" decoding=\"async\" width=\"1148\" height=\"518\" src=\"https:\/\/tzila.mx\/dev\/wp-content\/uploads\/2022\/06\/CK-550-GKTL1-US-DES-6.png\" class=\"attachment-full size-full\" alt=\"\" srcset=\"https:\/\/tzila.mx\/dev\/wp-content\/uploads\/2022\/06\/CK-550-GKTL1-US-DES-6.png 1148w, https:\/\/tzila.mx\/dev\/wp-content\/uploads\/2022\/06\/CK-550-GKTL1-US-DES-6-400x180.png 400w, https:\/\/tzila.mx\/dev\/wp-content\/uploads\/2022\/06\/CK-550-GKTL1-US-DES-6-768x347.png 768w, https:\/\/tzila.mx\/dev\/wp-content\/uploads\/2022\/06\/CK-550-GKTL1-US-DES-6-860x388.png 860w, https:\/\/tzila.mx\/dev\/wp-content\/uploads\/2022\/06\/CK-550-GKTL1-US-DES-6-430x194.png 430w, https:\/\/tzila.mx\/dev\/wp-content\/uploads\/2022\/06\/CK-550-GKTL1-US-DES-6-700x316.png 700w, https:\/\/tzila.mx\/dev\/wp-content\/uploads\/2022\/06\/CK-550-GKTL1-US-DES-6-150x68.png 150w\" sizes=\"auto, (max-width: 1148px) 100vw, 1148px\" \/>\t\t\t\t\t<\/div>\n\n\t\t\t\t<\/div>\n\t\t\t\t<\/div>\n\t\t\t\t\t<\/div>\n\t\t<\/div>\n\t\t\t\t\t\t\t<\/div>\n\t\t<\/section>\n\t\t\t\t<section class=\"elementor-section elementor-top-section elementor-element elementor-element-ec9e38a elementor-section-boxed elementor-section-height-default elementor-section-height-default wd-section-disabled\" data-id=\"ec9e38a\" data-element_type=\"section\">\n\t\t\t\t\t\t<div class=\"elementor-container elementor-column-gap-default\">\n\t\t\t\t\t<div class=\"elementor-column elementor-col-33 elementor-top-column elementor-element elementor-element-c833c6a\" data-id=\"c833c6a\" data-element_type=\"column\">\n\t\t\t<div class=\"elementor-widget-wrap elementor-element-populated\">\n\t\t\t\t\t\t\t\t<div class=\"elementor-element elementor-element-6ae12e9 elementor-widget elementor-widget-wd_text_block\" data-id=\"6ae12e9\" data-element_type=\"widget\" data-widget_type=\"wd_text_block.default\">\n\t\t\t\t<div class=\"elementor-widget-container\">\n\t\t\t\t\t<div class=\"wd-text-block reset-last-child text-left\">\n\t\t\t\n\t\t\t\n<h4>RENDIMIENTO SIN TENSI\u00d3N<\/h4>\n\nEl teclado RGB Gaming CK550 V2 hace el trabajo con interruptores mec\u00e1nicos duraderos y controles sobre la marcha para la personalizaci\u00f3n en tiempo real.\n\n\n\t\t\t\t\t<\/div>\n\t\t\t\t<\/div>\n\t\t\t\t<\/div>\n\t\t\t\t<div class=\"elementor-element elementor-element-252ec94 elementor-widget elementor-widget-wd_text_block\" data-id=\"252ec94\" data-element_type=\"widget\" data-widget_type=\"wd_text_block.default\">\n\t\t\t\t<div class=\"elementor-widget-container\">\n\t\t\t\t\t<div class=\"wd-text-block reset-last-child text-left\">\n\t\t\t\n\t\t\t\n<h4>Controles sobre la marcha<\/h4>\n\n\nRealice ajustes en tiempo real a la iluminaci\u00f3n y las macros sin necesidad de software, incluido el bloqueo de Windows activado \/ desactivado para evitar que el juego sea expulsado cuando se presiona accidentalmente la tecla de Windows.\n\t\t\t\t\t<\/div>\n\t\t\t\t<\/div>\n\t\t\t\t<\/div>\n\t\t\t\t<div class=\"elementor-element elementor-element-696e1a7 elementor-widget elementor-widget-wd_image_or_svg\" data-id=\"696e1a7\" data-element_type=\"widget\" data-widget_type=\"wd_image_or_svg.default\">\n\t\t\t\t<div class=\"elementor-widget-container\">\n\t\t\t\n\t\t<div class=\"wd-image text-center\">\n\t\t\t\t\t\t\t\t<img decoding=\"async\" src=\"https:\/\/tzila.mx\/dev\/wp-content\/uploads\/elementor\/thumbs\/CK-550-GKTL1-US-DES-1-pqdqun933sb5aldr4pr3hkifyjsgetots071l5tpyk.png\" title=\"CK-550-GKTL1-US-DES-1\" alt=\"CK-550-GKTL1-US-DES-1\" \/>\t\t\t\t\t<\/div>\n\n\t\t\t\t<\/div>\n\t\t\t\t<\/div>\n\t\t\t\t<div class=\"elementor-element elementor-element-8b54a4d elementor-widget elementor-widget-wd_text_block\" data-id=\"8b54a4d\" data-element_type=\"widget\" data-widget_type=\"wd_text_block.default\">\n\t\t\t\t<div class=\"elementor-widget-container\">\n\t\t\t\t\t<div class=\"wd-text-block reset-last-child text-left\">\n\t\t\t\n\t\t\t<h4>Dise\u00f1o est\u00e1ndar<\/h4>\n\nPara los entusiastas est\u00e1ndar interesados en las teclas personalizadas, el CK550 V2 viene en un dise\u00f1o de tama\u00f1o y en la fila inferior est\u00e1ndar.\n\n\n\t\t\t\t\t<\/div>\n\t\t\t\t<\/div>\n\t\t\t\t<\/div>\n\t\t\t\t\t<\/div>\n\t\t<\/div>\n\t\t\t\t<div class=\"elementor-column elementor-col-33 elementor-top-column elementor-element elementor-element-e7b3bda\" data-id=\"e7b3bda\" data-element_type=\"column\">\n\t\t\t<div class=\"elementor-widget-wrap elementor-element-populated\">\n\t\t\t\t\t\t\t\t<div class=\"elementor-element elementor-element-62718e3 elementor-widget elementor-widget-wd_text_block\" data-id=\"62718e3\" data-element_type=\"widget\" data-widget_type=\"wd_text_block.default\">\n\t\t\t\t<div class=\"elementor-widget-container\">\n\t\t\t\t\t<div class=\"wd-text-block reset-last-child text-left\">\n\t\t\t\n\t\t\t<h4 class=\"row-content r-side\">Retroiluminaci\u00f3n RGB<\/h4><p>LED por tecla con m\u00faltiples modos de iluminaci\u00f3n y efectos para resaltar todos tus killstreaks dominantes.<\/p>\n\t\t\t\t\t<\/div>\n\t\t\t\t<\/div>\n\t\t\t\t<\/div>\n\t\t\t\t<div class=\"elementor-element elementor-element-8604524 elementor-widget elementor-widget-wd_image_or_svg\" data-id=\"8604524\" data-element_type=\"widget\" data-widget_type=\"wd_image_or_svg.default\">\n\t\t\t\t<div class=\"elementor-widget-container\">\n\t\t\t\n\t\t<div class=\"wd-image text-center\">\n\t\t\t\t\t\t\t\t<img decoding=\"async\" src=\"https:\/\/tzila.mx\/dev\/wp-content\/uploads\/elementor\/thumbs\/CK-550-GKTL1-US-DES-3-pqdqvl39xtlgwk0ln4dnzbz1cf5o3xf5wnoiv4fjqk.png\" title=\"CK-550-GKTL1-US-DES-3\" alt=\"CK-550-GKTL1-US-DES-3\" \/>\t\t\t\t\t<\/div>\n\n\t\t\t\t<\/div>\n\t\t\t\t<\/div>\n\t\t\t\t<div class=\"elementor-element elementor-element-ed3b779 elementor-widget elementor-widget-wd_text_block\" data-id=\"ed3b779\" data-element_type=\"widget\" data-widget_type=\"wd_text_block.default\">\n\t\t\t\t<div class=\"elementor-widget-container\">\n\t\t\t\t\t<div class=\"wd-text-block reset-last-child text-left\">\n\t\t\t\n\t\t\t<h4>Dise\u00f1o de aluminio cepillado<\/h4><p>Placa superior curvada, teclas flotantes y dise\u00f1o minimalista construido con la funcionalidad en mente.<\/p>\n\t\t\t\t\t<\/div>\n\t\t\t\t<\/div>\n\t\t\t\t<\/div>\n\t\t\t\t<div class=\"elementor-element elementor-element-722224f elementor-widget elementor-widget-wd_text_block\" data-id=\"722224f\" data-element_type=\"widget\" data-widget_type=\"wd_text_block.default\">\n\t\t\t\t<div class=\"elementor-widget-container\">\n\t\t\t\t\t<div class=\"wd-text-block reset-last-child text-left\">\n\t\t\t\n\t\t\t<h4>Interruptores mec\u00e1nicos<\/h4><p>Calificado para m\u00e1s de 50 millones de vidas para nunca decepcionarte en el fragor de la batalla.<\/p>\n\t\t\t\t\t<\/div>\n\t\t\t\t<\/div>\n\t\t\t\t<\/div>\n\t\t\t\t\t<\/div>\n\t\t<\/div>\n\t\t\t\t<div class=\"elementor-column elementor-col-33 elementor-top-column elementor-element elementor-element-ba9b9c1\" data-id=\"ba9b9c1\" data-element_type=\"column\">\n\t\t\t<div class=\"elementor-widget-wrap elementor-element-populated\">\n\t\t\t\t\t\t\t\t<div class=\"elementor-element elementor-element-e5cce17 elementor-widget elementor-widget-wd_text_block\" data-id=\"e5cce17\" data-element_type=\"widget\" data-widget_type=\"wd_text_block.default\">\n\t\t\t\t<div class=\"elementor-widget-container\">\n\t\t\t\t\t<div class=\"wd-text-block reset-last-child text-left\">\n\t\t\t\n\t\t\t\n<h4>Software f\u00e1cil de usar<\/h4>\nAsigne 16,7 millones de colores a cualquier tecla, personalice los modos de iluminaci\u00f3n y ajuste las macros.\n\n\t\t\t\t\t<\/div>\n\t\t\t\t<\/div>\n\t\t\t\t<\/div>\n\t\t\t\t<div class=\"elementor-element elementor-element-7f55f16 elementor-widget elementor-widget-wd_text_block\" data-id=\"7f55f16\" data-element_type=\"widget\" data-widget_type=\"wd_text_block.default\">\n\t\t\t\t<div class=\"elementor-widget-container\">\n\t\t\t\t\t<div class=\"wd-text-block reset-last-child text-left\">\n\t\t\t\n\t\t\t<h4>Reposamu\u00f1ecas<\/h4><p>Pa\u00f1o de baja fricci\u00f3n para anti-irritaci\u00f3n para mantenerte c\u00f3modo durante largas sesiones de juego.<\/p>\n\t\t\t\t\t<\/div>\n\t\t\t\t<\/div>\n\t\t\t\t<\/div>\n\t\t\t\t<div class=\"elementor-element elementor-element-7a297c2 elementor-widget elementor-widget-wd_image_or_svg\" data-id=\"7a297c2\" data-element_type=\"widget\" data-widget_type=\"wd_image_or_svg.default\">\n\t\t\t\t<div class=\"elementor-widget-container\">\n\t\t\t\n\t\t<div class=\"wd-image text-center\">\n\t\t\t\t\t\t\t\t<img loading=\"lazy\" decoding=\"async\" width=\"1175\" height=\"1120\" src=\"https:\/\/tzila.mx\/dev\/wp-content\/uploads\/2022\/06\/CK-550-GKTL1-US-DES-2.png\" class=\"attachment-full size-full\" alt=\"\" srcset=\"https:\/\/tzila.mx\/dev\/wp-content\/uploads\/2022\/06\/CK-550-GKTL1-US-DES-2.png 1175w, https:\/\/tzila.mx\/dev\/wp-content\/uploads\/2022\/06\/CK-550-GKTL1-US-DES-2-315x300.png 315w, https:\/\/tzila.mx\/dev\/wp-content\/uploads\/2022\/06\/CK-550-GKTL1-US-DES-2-839x800.png 839w, https:\/\/tzila.mx\/dev\/wp-content\/uploads\/2022\/06\/CK-550-GKTL1-US-DES-2-768x732.png 768w, https:\/\/tzila.mx\/dev\/wp-content\/uploads\/2022\/06\/CK-550-GKTL1-US-DES-2-860x820.png 860w, https:\/\/tzila.mx\/dev\/wp-content\/uploads\/2022\/06\/CK-550-GKTL1-US-DES-2-430x410.png 430w, https:\/\/tzila.mx\/dev\/wp-content\/uploads\/2022\/06\/CK-550-GKTL1-US-DES-2-700x667.png 700w, https:\/\/tzila.mx\/dev\/wp-content\/uploads\/2022\/06\/CK-550-GKTL1-US-DES-2-150x143.png 150w\" sizes=\"auto, (max-width: 1175px) 100vw, 1175px\" \/>\t\t\t\t\t<\/div>\n\n\t\t\t\t<\/div>\n\t\t\t\t<\/div>\n\t\t\t\t<div class=\"elementor-element elementor-element-078b475 elementor-widget elementor-widget-wd_button\" data-id=\"078b475\" data-element_type=\"widget\" data-widget_type=\"wd_button.default\">\n\t\t\t\t<div class=\"elementor-widget-container\">\n\t\t\t\t\t<div class=\"wd-button-wrapper text-center\" >\n\t\t\t<a class=\"btn btn-style-link btn-shape- btn-size-large btn-scheme-light btn-scheme-hover-dark btn-icon-pos-right\"  href=\"https:\/\/www.coolermaster.com\/la\/es-la\/catalog\/peripheral\/keyboards\/ck550-v2\/#overview\" target=\"_blank\">\n\t\t\t\t<span class=\"wd-btn-text\" data-elementor-setting-key=\"text\">\n\t\t\t\t\tSaber m\u00e1s\t\t\t\t<\/span>\n\n\t\t\t\t\t\t\t<\/a>\n\t\t<\/div>\n\t\t\t\t<\/div>\n\t\t\t\t<\/div>\n\t\t\t\t\t<\/div>\n\t\t<\/div>\n\t\t\t\t\t\t\t<\/div>\n\t\t<\/section>\n\t\t\t\t\t\t<\/div>\n\t\t\t\t\t<\/div>\n\t\t","protected":false},"excerpt":{"rendered":"<h4>Caracter\u00edsticas principales:<\/h4>\n<p class=\"p1\"><span class=\"s1\">\u25cf <\/span>Teclado mec\u00e1nico RGB al\u00e1mbrico<br \/>\n<span class=\"s2\"><span class=\"s1\">\u25cf Switch TTC Mechanical (Rojo\/Azul\/Marr\u00f3n)<\/span><\/span><br \/>\n<span class=\"s1\">\u25cf USB 2.0<\/span><br \/>\n<span class=\"s1\">\u25cf Material Pl\u00e1stico, Aluminio<\/span><br \/>\n<span class=\"s1\">\u25cf Cooler Master MasterPlus+<\/span><\/p>\n","protected":false},"featured_media":16167,"comment_status":"open","ping_status":"closed","template":"","meta":[],"product_cat":[28,84,102],"product_tag":[250],"class_list":["post-16163","product","type-product","status-publish","has-post-thumbnail","hentry","product_cat-setup","product_cat-teclado-gamer","product_cat-cooler-master","product_tag-cooler-master","pa_brand-cooler-master"],"_links":{"self":[{"href":"https:\/\/tzila.mx\/dev\/wp-json\/wp\/v2\/product\/16163","targetHints":{"allow":["GET"]}}],"collection":[{"href":"https:\/\/tzila.mx\/dev\/wp-json\/wp\/v2\/product"}],"about":[{"href":"https:\/\/tzila.mx\/dev\/wp-json\/wp\/v2\/types\/product"}],"replies":[{"embeddable":true,"href":"https:\/\/tzila.mx\/dev\/wp-json\/wp\/v2\/comments?post=16163"}],"version-history":[{"count":10,"href":"https:\/\/tzila.mx\/dev\/wp-json\/wp\/v2\/product\/16163\/revisions"}],"predecessor-version":[{"id":16188,"href":"https:\/\/tzila.mx\/dev\/wp-json\/wp\/v2\/product\/16163\/revisions\/16188"}],"wp:featuredmedia":[{"embeddable":true,"href":"https:\/\/tzila.mx\/dev\/wp-json\/wp\/v2\/media\/16167"}],"wp:attachment":[{"href":"https:\/\/tzila.mx\/dev\/wp-json\/wp\/v2\/media?parent=16163"}],"wp:term":[{"taxonomy":"product_cat","embeddable":true,"href":"https:\/\/tzila.mx\/dev\/wp-json\/wp\/v2\/product_cat?post=16163"},{"taxonomy":"product_tag","embeddable":true,"href":"https:\/\/tzila.mx\/dev\/wp-json\/wp\/v2\/product_tag?post=16163"}],"curies":[{"name":"wp","href":"https:\/\/api.w.org\/{rel}","templated":true}]}}