{"id":16137,"date":"2022-06-15T18:51:54","date_gmt":"2022-06-15T23:51:54","guid":{"rendered":"https:\/\/tzila.mx\/dev\/?post_type=product&#038;p=16137"},"modified":"2022-06-29T11:34:56","modified_gmt":"2022-06-29T16:34:56","slug":"cable-alargador-xpg-prime-argb-vga","status":"publish","type":"product","link":"https:\/\/tzila.mx\/dev\/producto\/cable-alargador-xpg-prime-argb-vga\/","title":{"rendered":"Cable Alargador XPG PRIME ARGB &#8211; VGA"},"content":{"rendered":"\t\t<div data-elementor-type=\"wp-post\" data-elementor-id=\"16137\" class=\"elementor elementor-16137\" data-elementor-settings=\"[]\">\n\t\t\t\t\t\t\t<div class=\"elementor-section-wrap\">\n\t\t\t\t\t\t\t<section class=\"elementor-section elementor-top-section elementor-element elementor-element-a77d38a elementor-section-boxed elementor-section-height-default elementor-section-height-default wd-section-disabled\" data-id=\"a77d38a\" data-element_type=\"section\">\n\t\t\t\t\t\t<div class=\"elementor-container elementor-column-gap-default\">\n\t\t\t\t\t<div class=\"elementor-column elementor-col-33 elementor-top-column elementor-element elementor-element-606b0e0\" data-id=\"606b0e0\" data-element_type=\"column\">\n\t\t\t<div class=\"elementor-widget-wrap elementor-element-populated\">\n\t\t\t\t\t\t\t\t<div class=\"elementor-element elementor-element-2efa55d elementor-widget elementor-widget-wd_text_block\" data-id=\"2efa55d\" data-element_type=\"widget\" data-widget_type=\"wd_text_block.default\">\n\t\t\t\t<div class=\"elementor-widget-container\">\n\t\t\t\t\t<div class=\"wd-text-block reset-last-child text-left\">\n\t\t\t\n\t\t\t<h5><strong>M\u00c1S ESPECIFICACIONES<\/strong><strong>:<\/strong><\/h5>\n\t\t\t\t\t<\/div>\n\t\t\t\t<\/div>\n\t\t\t\t<\/div>\n\t\t\t\t<div class=\"elementor-element elementor-element-00b20a9 elementor-widget elementor-widget-wd_text_block\" data-id=\"00b20a9\" data-element_type=\"widget\" data-widget_type=\"wd_text_block.default\">\n\t\t\t\t<div class=\"elementor-widget-container\">\n\t\t\t\t\t<div class=\"wd-text-block reset-last-child text-left\">\n\t\t\t\n\t\t\t<p>\u25cf Efecto de iluminaci\u00f3n ARGB Impresionante<br \/>\u25cf Compatibilidad con aplicaciones de software de control de los principales fabricantes de placas base<br \/>\u25cf Conector VGA de 8 contactos<br \/>\u25cf Dos alargadores VGA incluidos<br \/>\u25cf Funda patentada de fibra \u00f3ptica ultradensa<\/p>\n\t\t\t\t\t<\/div>\n\t\t\t\t<\/div>\n\t\t\t\t<\/div>\n\t\t\t\t\t<\/div>\n\t\t<\/div>\n\t\t\t\t<div class=\"elementor-column elementor-col-66 elementor-top-column elementor-element elementor-element-b692253\" data-id=\"b692253\" data-element_type=\"column\">\n\t\t\t<div class=\"elementor-widget-wrap elementor-element-populated\">\n\t\t\t\t\t\t\t\t<div class=\"elementor-element elementor-element-0fefcf7 elementor-widget elementor-widget-wd_image_or_svg\" data-id=\"0fefcf7\" data-element_type=\"widget\" data-widget_type=\"wd_image_or_svg.default\">\n\t\t\t\t<div class=\"elementor-widget-container\">\n\t\t\t\n\t\t<div class=\"wd-image text-center\">\n\t\t\t\t\t\t\t\t<img loading=\"lazy\" decoding=\"async\" width=\"1920\" height=\"648\" src=\"https:\/\/tzila.mx\/dev\/wp-content\/uploads\/2022\/06\/ARGBEXCABLE-VGA-BKCWW-DES-1.jpg\" class=\"attachment-full size-full\" alt=\"\" srcset=\"https:\/\/tzila.mx\/dev\/wp-content\/uploads\/2022\/06\/ARGBEXCABLE-VGA-BKCWW-DES-1.jpg 1920w, https:\/\/tzila.mx\/dev\/wp-content\/uploads\/2022\/06\/ARGBEXCABLE-VGA-BKCWW-DES-1-400x135.jpg 400w, https:\/\/tzila.mx\/dev\/wp-content\/uploads\/2022\/06\/ARGBEXCABLE-VGA-BKCWW-DES-1-1300x439.jpg 1300w, https:\/\/tzila.mx\/dev\/wp-content\/uploads\/2022\/06\/ARGBEXCABLE-VGA-BKCWW-DES-1-768x259.jpg 768w, https:\/\/tzila.mx\/dev\/wp-content\/uploads\/2022\/06\/ARGBEXCABLE-VGA-BKCWW-DES-1-1536x518.jpg 1536w, https:\/\/tzila.mx\/dev\/wp-content\/uploads\/2022\/06\/ARGBEXCABLE-VGA-BKCWW-DES-1-860x290.jpg 860w, https:\/\/tzila.mx\/dev\/wp-content\/uploads\/2022\/06\/ARGBEXCABLE-VGA-BKCWW-DES-1-1320x446.jpg 1320w, https:\/\/tzila.mx\/dev\/wp-content\/uploads\/2022\/06\/ARGBEXCABLE-VGA-BKCWW-DES-1-430x145.jpg 430w, https:\/\/tzila.mx\/dev\/wp-content\/uploads\/2022\/06\/ARGBEXCABLE-VGA-BKCWW-DES-1-700x236.jpg 700w, https:\/\/tzila.mx\/dev\/wp-content\/uploads\/2022\/06\/ARGBEXCABLE-VGA-BKCWW-DES-1-150x51.jpg 150w\" sizes=\"auto, (max-width: 1920px) 100vw, 1920px\" \/>\t\t\t\t\t<\/div>\n\n\t\t\t\t<\/div>\n\t\t\t\t<\/div>\n\t\t\t\t\t<\/div>\n\t\t<\/div>\n\t\t\t\t\t\t\t<\/div>\n\t\t<\/section>\n\t\t\t\t<section class=\"elementor-section elementor-top-section elementor-element elementor-element-ec9e38a elementor-section-boxed elementor-section-height-default elementor-section-height-default wd-section-disabled\" data-id=\"ec9e38a\" data-element_type=\"section\">\n\t\t\t\t\t\t<div class=\"elementor-container elementor-column-gap-default\">\n\t\t\t\t\t<div class=\"elementor-column elementor-col-33 elementor-top-column elementor-element elementor-element-c833c6a\" data-id=\"c833c6a\" data-element_type=\"column\">\n\t\t\t<div class=\"elementor-widget-wrap elementor-element-populated\">\n\t\t\t\t\t\t\t\t<div class=\"elementor-element elementor-element-6ae12e9 elementor-widget elementor-widget-wd_text_block\" data-id=\"6ae12e9\" data-element_type=\"widget\" data-widget_type=\"wd_text_block.default\">\n\t\t\t\t<div class=\"elementor-widget-container\">\n\t\t\t\t\t<div class=\"wd-text-block reset-last-child text-left\">\n\t\t\t\n\t\t\t<div class=\"row-content\" data-v-4a3cc608=\"\"><h4>ILUMINA TU JUEGO<\/h4><article data-v-4a3cc608=\"\"><span data-api=\"color: #aaaaaa; font-family: 'Maven Pro', 'Segoe UI', \u5fae\u8edf\u6b63\u9ed1\u9ad4, 'Microsoft JhengHei', Arial, Helvetica, sans-serif; font-size: 22px; background-color: #000000;\">\u00a1ExpandE su deslumbramiento con el ALARGADOR XPG PRIME ARGB - PLACA BASE! Deja que tu equipo cobre vida con efectos de iluminaci\u00f3n controlables con software RGB de terceros de los principales fabricantes de placas base.<\/span><\/article><\/div>\n\t\t\t\t\t<\/div>\n\t\t\t\t<\/div>\n\t\t\t\t<\/div>\n\t\t\t\t<div class=\"elementor-element elementor-element-8604524 elementor-widget elementor-widget-wd_image_or_svg\" data-id=\"8604524\" data-element_type=\"widget\" data-widget_type=\"wd_image_or_svg.default\">\n\t\t\t\t<div class=\"elementor-widget-container\">\n\t\t\t\n\t\t<div class=\"wd-image text-center\">\n\t\t\t\t\t\t\t\t<img decoding=\"async\" src=\"https:\/\/tzila.mx\/dev\/wp-content\/uploads\/elementor\/thumbs\/ARGBEXCABLE-VGA-BKCWW-DES-3-pqdgzadncludtevz02mfkotyxi2srayeyelr0rgcs8.png\" title=\"ARGBEXCABLE-VGA-BKCWW-DES-3\" alt=\"ARGBEXCABLE-VGA-BKCWW-DES-3\" \/>\t\t\t\t\t<\/div>\n\n\t\t\t\t<\/div>\n\t\t\t\t<\/div>\n\t\t\t\t<div class=\"elementor-element elementor-element-10bce73 elementor-widget elementor-widget-wd_text_block\" data-id=\"10bce73\" data-element_type=\"widget\" data-widget_type=\"wd_text_block.default\">\n\t\t\t\t<div class=\"elementor-widget-container\">\n\t\t\t\t\t<div class=\"wd-text-block reset-last-child text-left\">\n\t\t\t\n\t\t\t<div class=\"row-content r-side\" data-v-4a3cc608=\"\"><div class=\"row-content r-side\" data-v-4a3cc608=\"\"><div class=\"row-content r-side\" data-v-4a3cc608=\"\"><h4>Impresionantes efectos de iluminaci\u00f3n ARGB<\/h4><article data-v-4a3cc608=\"\">Su equipo llamar\u00e1 la atenci\u00f3n con efectos de iluminaci\u00f3n LED ARGB ultrabrillantes.<\/article><\/div><\/div><\/div>\n\t\t\t\t\t<\/div>\n\t\t\t\t<\/div>\n\t\t\t\t<\/div>\n\t\t\t\t\t<\/div>\n\t\t<\/div>\n\t\t\t\t<div class=\"elementor-column elementor-col-33 elementor-top-column elementor-element elementor-element-e7b3bda\" data-id=\"e7b3bda\" data-element_type=\"column\">\n\t\t\t<div class=\"elementor-widget-wrap elementor-element-populated\">\n\t\t\t\t\t\t\t\t<div class=\"elementor-element elementor-element-1bd15a7 elementor-widget elementor-widget-wd_text_block\" data-id=\"1bd15a7\" data-element_type=\"widget\" data-widget_type=\"wd_text_block.default\">\n\t\t\t\t<div class=\"elementor-widget-container\">\n\t\t\t\t\t<div class=\"wd-text-block reset-last-child text-left\">\n\t\t\t\n\t\t\t<div class=\"row-content r-side\" data-v-4a3cc608=\"\"><div class=\"row-content r-side\" data-v-4a3cc608=\"\"><div class=\"row-content r-side\" data-v-4a3cc608=\"\"><div class=\"row-content\" data-v-4a3cc608=\"\"><h4>Compatibilidad con numerosas aplicaciones de software RGB<\/h4><article data-v-4a3cc608=\"\">Controle los efectos de iluminaci\u00f3n con facilidad a trav\u00e9s de aplicaciones de software RGB de los principales fabricantes de placas base.<\/article><\/div><\/div><\/div><\/div>\n\t\t\t\t\t<\/div>\n\t\t\t\t<\/div>\n\t\t\t\t<\/div>\n\t\t\t\t<div class=\"elementor-element elementor-element-399896d elementor-widget elementor-widget-wd_text_block\" data-id=\"399896d\" data-element_type=\"widget\" data-widget_type=\"wd_text_block.default\">\n\t\t\t\t<div class=\"elementor-widget-container\">\n\t\t\t\t\t<div class=\"wd-text-block reset-last-child text-left\">\n\t\t\t\n\t\t\t<div class=\"row-content r-side\" data-v-4a3cc608=\"\"><div class=\"row-content r-side\" data-v-4a3cc608=\"\"><div class=\"row-content r-side\" data-v-4a3cc608=\"\"><div class=\"row-content\" data-v-4a3cc608=\"\"><div class=\"row-content\" data-v-4a3cc608=\"\"><h4>Funda de fibra \u00f3ptica ultradensa<\/h4><article data-v-4a3cc608=\"\">Para mejorar la transmitancia de la iluminaci\u00f3n y los colores vivos y, al mismo tiempo, conservar la funcionalidad real del cable, hemos creado una funda patentada fabricada con fibra \u00f3ptica espec\u00edficamente para esta aplicaci\u00f3n.<\/article><\/div><\/div><\/div><\/div><\/div>\n\t\t\t\t\t<\/div>\n\t\t\t\t<\/div>\n\t\t\t\t<\/div>\n\t\t\t\t<div class=\"elementor-element elementor-element-696e1a7 elementor-widget elementor-widget-wd_image_or_svg\" data-id=\"696e1a7\" data-element_type=\"widget\" data-widget_type=\"wd_image_or_svg.default\">\n\t\t\t\t<div class=\"elementor-widget-container\">\n\t\t\t\n\t\t<div class=\"wd-image text-center\">\n\t\t\t\t\t\t\t\t<img decoding=\"async\" src=\"https:\/\/tzila.mx\/dev\/wp-content\/uploads\/elementor\/thumbs\/ARGBEXCABLE-VGA-BKCWW-DES-5-pqdgzg0ohm1tirzmx3pyq3hqaw2wejl7ofrqvxyi84.png\" title=\"ARGBEXCABLE-VGA-BKCWW-DES-5\" alt=\"ARGBEXCABLE-VGA-BKCWW-DES-5\" \/>\t\t\t\t\t<\/div>\n\n\t\t\t\t<\/div>\n\t\t\t\t<\/div>\n\t\t\t\t\t<\/div>\n\t\t<\/div>\n\t\t\t\t<div class=\"elementor-column elementor-col-33 elementor-top-column elementor-element elementor-element-ba9b9c1\" data-id=\"ba9b9c1\" data-element_type=\"column\">\n\t\t\t<div class=\"elementor-widget-wrap elementor-element-populated\">\n\t\t\t\t\t\t\t\t<div class=\"elementor-element elementor-element-7b89497 elementor-widget elementor-widget-wd_text_block\" data-id=\"7b89497\" data-element_type=\"widget\" data-widget_type=\"wd_text_block.default\">\n\t\t\t\t<div class=\"elementor-widget-container\">\n\t\t\t\t\t<div class=\"wd-text-block reset-last-child text-left\">\n\t\t\t\n\t\t\t<div class=\"row-content r-side\" data-v-4a3cc608=\"\"><div class=\"row-content r-side\" data-v-4a3cc608=\"\"><div class=\"row-content\" data-v-4a3cc608=\"\"><div class=\"row-content r-side\" data-v-4a3cc608=\"\"><h4>Admite conectores VGA de 8 contactos<\/h4><article data-v-4a3cc608=\"\">La compatibilidad con conectores VGA de 8 contactos (6+2) y dos cables incluidos le permiten trabajar con varias tarjetas gr\u00e1ficas.<\/article><\/div><\/div><\/div><\/div>\n\t\t\t\t\t<\/div>\n\t\t\t\t<\/div>\n\t\t\t\t<\/div>\n\t\t\t\t<div class=\"elementor-element elementor-element-7a297c2 elementor-widget elementor-widget-wd_image_or_svg\" data-id=\"7a297c2\" data-element_type=\"widget\" data-widget_type=\"wd_image_or_svg.default\">\n\t\t\t\t<div class=\"elementor-widget-container\">\n\t\t\t\n\t\t<div class=\"wd-image text-center\">\n\t\t\t\t\t\t\t\t<img decoding=\"async\" src=\"https:\/\/tzila.mx\/dev\/wp-content\/uploads\/elementor\/thumbs\/ARGBEXCABLE-VGA-BKCWW-DES-2-pqdgz5ogefnnz2enlh92go3nrnhv1vg5z0lelwdu4k.png\" title=\"ARGBEXCABLE-VGA-BKCWW-DES-2\" alt=\"ARGBEXCABLE-VGA-BKCWW-DES-2\" \/>\t\t\t\t\t<\/div>\n\n\t\t\t\t<\/div>\n\t\t\t\t<\/div>\n\t\t\t\t<div class=\"elementor-element elementor-element-ebfc56e elementor-widget elementor-widget-wd_text_block\" data-id=\"ebfc56e\" data-element_type=\"widget\" data-widget_type=\"wd_text_block.default\">\n\t\t\t\t<div class=\"elementor-widget-container\">\n\t\t\t\t\t<div class=\"wd-text-block reset-last-child text-left\">\n\t\t\t\n\t\t\t<div class=\"row-content r-side\" data-v-4a3cc608=\"\"><div class=\"row-content r-side\" data-v-4a3cc608=\"\"><div class=\"row-content\" data-v-4a3cc608=\"\"><div class=\"row-content r-side\" data-v-4a3cc608=\"\"><div class=\"row-content r-side\" data-v-4a3cc608=\"\"><h4>Cables trenzados de cobre puro<\/h4><article data-v-4a3cc608=\"\">Con un grosor de hasta 16\u00a0AWG, estos cables trenzados de cobre puro tienen una calidad que salta a la vista y reducen la resistencia al tiempo que aumentan la eficiencia.<\/article><\/div><\/div><\/div><\/div><\/div>\n\t\t\t\t\t<\/div>\n\t\t\t\t<\/div>\n\t\t\t\t<\/div>\n\t\t\t\t<div class=\"elementor-element elementor-element-078b475 elementor-widget elementor-widget-wd_button\" data-id=\"078b475\" data-element_type=\"widget\" data-widget_type=\"wd_button.default\">\n\t\t\t\t<div class=\"elementor-widget-container\">\n\t\t\t\t\t<div class=\"wd-button-wrapper text-center\" >\n\t\t\t<a class=\"btn btn-style-link btn-shape- btn-size-large btn-scheme-light btn-scheme-hover-dark btn-icon-pos-right\"  href=\"https:\/\/webapi3.adata.com\/storage\/downloadfile\/Datasheet_XPG_PRIME_Extension_Cable_VGA.pdf\" target=\"_blank\">\n\t\t\t\t<span class=\"wd-btn-text\" data-elementor-setting-key=\"text\">\n\t\t\t\t\tSaber m\u00e1s\t\t\t\t<\/span>\n\n\t\t\t\t\t\t\t<\/a>\n\t\t<\/div>\n\t\t\t\t<\/div>\n\t\t\t\t<\/div>\n\t\t\t\t\t<\/div>\n\t\t<\/div>\n\t\t\t\t\t\t\t<\/div>\n\t\t<\/section>\n\t\t\t\t\t\t<\/div>\n\t\t\t\t\t<\/div>\n\t\t","protected":false},"excerpt":{"rendered":"<h4>Caracter\u00edsticas principales:<\/h4>\n<p class=\"p1\">\u25cf Efecto de iluminaci\u00f3n ARGB<br \/>\n\u25cf Conector VGA de 8 contactos<br \/>\n\u25cf Compatibilidad con aplicaciones de software<br \/>\n\u25cf Funda patentada de fibra \u00f3ptica<\/p>\n","protected":false},"featured_media":16142,"comment_status":"open","ping_status":"closed","template":"","meta":[],"product_cat":[194,15,97],"product_tag":[112],"class_list":["post-16137","product","type-product","status-publish","has-post-thumbnail","hentry","product_cat-iluminacion-rgb","product_cat-accesorios","product_cat-adata","product_tag-xpg","pa_brand-adata"],"_links":{"self":[{"href":"https:\/\/tzila.mx\/dev\/wp-json\/wp\/v2\/product\/16137","targetHints":{"allow":["GET"]}}],"collection":[{"href":"https:\/\/tzila.mx\/dev\/wp-json\/wp\/v2\/product"}],"about":[{"href":"https:\/\/tzila.mx\/dev\/wp-json\/wp\/v2\/types\/product"}],"replies":[{"embeddable":true,"href":"https:\/\/tzila.mx\/dev\/wp-json\/wp\/v2\/comments?post=16137"}],"version-history":[{"count":12,"href":"https:\/\/tzila.mx\/dev\/wp-json\/wp\/v2\/product\/16137\/revisions"}],"predecessor-version":[{"id":16160,"href":"https:\/\/tzila.mx\/dev\/wp-json\/wp\/v2\/product\/16137\/revisions\/16160"}],"wp:featuredmedia":[{"embeddable":true,"href":"https:\/\/tzila.mx\/dev\/wp-json\/wp\/v2\/media\/16142"}],"wp:attachment":[{"href":"https:\/\/tzila.mx\/dev\/wp-json\/wp\/v2\/media?parent=16137"}],"wp:term":[{"taxonomy":"product_cat","embeddable":true,"href":"https:\/\/tzila.mx\/dev\/wp-json\/wp\/v2\/product_cat?post=16137"},{"taxonomy":"product_tag","embeddable":true,"href":"https:\/\/tzila.mx\/dev\/wp-json\/wp\/v2\/product_tag?post=16137"}],"curies":[{"name":"wp","href":"https:\/\/api.w.org\/{rel}","templated":true}]}}