{"id":16062,"date":"2022-06-15T14:52:05","date_gmt":"2022-06-15T19:52:05","guid":{"rendered":"https:\/\/tzila.mx\/dev\/?post_type=product&#038;p=16062"},"modified":"2022-06-29T11:35:08","modified_gmt":"2022-06-29T16:35:08","slug":"memoria-ram-xpg-spectrix-d50-ddr4-rgb-rog-certified-3600mhz","status":"publish","type":"product","link":"https:\/\/tzila.mx\/dev\/producto\/memoria-ram-xpg-spectrix-d50-ddr4-rgb-rog-certified-3600mhz\/","title":{"rendered":"Memoria RAM XPG SPECTRIX D50 DDR4 RGB ROG CERTIFIED 3600Mhz"},"content":{"rendered":"\t\t<div data-elementor-type=\"wp-post\" data-elementor-id=\"16062\" class=\"elementor elementor-16062\" data-elementor-settings=\"[]\">\n\t\t\t\t\t\t\t<div class=\"elementor-section-wrap\">\n\t\t\t\t\t\t\t<section class=\"elementor-section elementor-top-section elementor-element elementor-element-154fe09 elementor-section-boxed elementor-section-height-default elementor-section-height-default wd-section-disabled\" data-id=\"154fe09\" data-element_type=\"section\">\n\t\t\t\t\t\t<div class=\"elementor-container elementor-column-gap-default\">\n\t\t\t\t\t<div class=\"elementor-column elementor-col-33 elementor-top-column elementor-element elementor-element-f14913d\" data-id=\"f14913d\" data-element_type=\"column\">\n\t\t\t<div class=\"elementor-widget-wrap elementor-element-populated\">\n\t\t\t\t\t\t\t\t<div class=\"elementor-element elementor-element-3d30eaf elementor-widget elementor-widget-wd_text_block\" data-id=\"3d30eaf\" data-element_type=\"widget\" data-widget_type=\"wd_text_block.default\">\n\t\t\t\t<div class=\"elementor-widget-container\">\n\t\t\t\t\t<div class=\"wd-text-block reset-last-child text-left\">\n\t\t\t\n\t\t\t<h5><strong>M\u00c1S ESPECIFICACIONES<\/strong><strong>:<\/strong><\/h5>\n\t\t\t\t\t<\/div>\n\t\t\t\t<\/div>\n\t\t\t\t<\/div>\n\t\t\t\t<div class=\"elementor-element elementor-element-6d44079 elementor-widget elementor-widget-wd_text_block\" data-id=\"6d44079\" data-element_type=\"widget\" data-widget_type=\"wd_text_block.default\">\n\t\t\t\t<div class=\"elementor-widget-container\">\n\t\t\t\t\t<div class=\"wd-text-block reset-last-child text-left\">\n\t\t\t\n\t\t\t<section class=\"ksp-content darkdeep\" data-v-0a029c9c=\"\"><p>\u25cf Certificaci\u00f3n ROG<br \/>\u25cf Disipador de calor bellamente dise\u00f1ado<br \/>\u25cf RGB programable<br \/>\u25cf Soporte Intel<sup>\u00ae<\/sup> XMP<\/p><\/section>\n\t\t\t\t\t<\/div>\n\t\t\t\t<\/div>\n\t\t\t\t<\/div>\n\t\t\t\t\t<\/div>\n\t\t<\/div>\n\t\t\t\t<div class=\"elementor-column elementor-col-66 elementor-top-column elementor-element elementor-element-1a0b71f\" data-id=\"1a0b71f\" data-element_type=\"column\">\n\t\t\t<div class=\"elementor-widget-wrap elementor-element-populated\">\n\t\t\t\t\t\t\t\t<div class=\"elementor-element elementor-element-6f6445b elementor-widget elementor-widget-wd_image_or_svg\" data-id=\"6f6445b\" data-element_type=\"widget\" data-widget_type=\"wd_image_or_svg.default\">\n\t\t\t\t<div class=\"elementor-widget-container\">\n\t\t\t\n\t\t<div class=\"wd-image text-center\">\n\t\t\t\t\t\t\t\t<img decoding=\"async\" src=\"https:\/\/tzila.mx\/dev\/wp-content\/uploads\/elementor\/thumbs\/AX4U36008G17H-DC50R-DES-1-pqd6k275zxa5qx75dqdr1rm4n4kmkja06fo7r1m2m0.png\" title=\"AX4U36008G17H-DC50R-DES-1\" alt=\"AX4U36008G17H-DC50R-DES-1\" \/>\t\t\t\t\t<\/div>\n\n\t\t\t\t<\/div>\n\t\t\t\t<\/div>\n\t\t\t\t\t<\/div>\n\t\t<\/div>\n\t\t\t\t\t\t\t<\/div>\n\t\t<\/section>\n\t\t\t\t<section class=\"elementor-section elementor-top-section elementor-element elementor-element-f335c48 elementor-section-boxed elementor-section-height-default elementor-section-height-default wd-section-disabled\" data-id=\"f335c48\" data-element_type=\"section\">\n\t\t\t\t\t\t<div class=\"elementor-container elementor-column-gap-default\">\n\t\t\t\t\t<div class=\"elementor-column elementor-col-33 elementor-top-column elementor-element elementor-element-dffdc91\" data-id=\"dffdc91\" data-element_type=\"column\">\n\t\t\t<div class=\"elementor-widget-wrap elementor-element-populated\">\n\t\t\t\t\t\t\t\t<div class=\"elementor-element elementor-element-9ce59d9 elementor-widget elementor-widget-wd_text_block\" data-id=\"9ce59d9\" data-element_type=\"widget\" data-widget_type=\"wd_text_block.default\">\n\t\t\t\t<div class=\"elementor-widget-container\">\n\t\t\t\t\t<div class=\"wd-text-block reset-last-child text-left\">\n\t\t\t\n\t\t\t<h4>Experiencia de overclocking con la CERTIFICACI\u00d3N ROG<\/h4><article data-v-4a3cc608=\"\"><p>La memoria DRAM SPECTRIX D50 CON LA CERTIFICACI\u00d3N ROG se ha ajustado especialmente para funcionar con las placas base ROG Intel serie DDR4. Esto significa que los usuarios de ROG pueden disfrutar de un rendimiento de overclocking optimizado en comparaci\u00f3n con otras memorias DRAM y no tener que preocuparse por la compatibilidad.<\/p><\/article>\n\t\t\t\t\t<\/div>\n\t\t\t\t<\/div>\n\t\t\t\t<\/div>\n\t\t\t\t<div class=\"elementor-element elementor-element-f07e35d elementor-widget elementor-widget-wd_text_block\" data-id=\"f07e35d\" data-element_type=\"widget\" data-widget_type=\"wd_text_block.default\">\n\t\t\t\t<div class=\"elementor-widget-container\">\n\t\t\t\t\t<div class=\"wd-text-block reset-last-child text-left\">\n\t\t\t\n\t\t\t<div class=\"row-content r-side\" data-v-4a3cc608=\"\"><h4>Artesan\u00eda exquisita<\/h4><article data-v-4a3cc608=\"\"><p>El SPECTRIX D50 DE CERTIFICACI\u00d3N ROG goza de un disipador de calor de aluminio bellamente dise\u00f1ado con una superficie galvanizada brillante que complementa el incre\u00edble rendimiento interior.\u00a0\u00a0<\/p><\/article><\/div>\n\t\t\t\t\t<\/div>\n\t\t\t\t<\/div>\n\t\t\t\t<\/div>\n\t\t\t\t<div class=\"elementor-element elementor-element-39a7d6b elementor-widget elementor-widget-wd_image_or_svg\" data-id=\"39a7d6b\" data-element_type=\"widget\" data-widget_type=\"wd_image_or_svg.default\">\n\t\t\t\t<div class=\"elementor-widget-container\">\n\t\t\t\n\t\t<div class=\"wd-image text-left\">\n\t\t\t\t\t\t\t\t<img loading=\"lazy\" decoding=\"async\" width=\"724\" height=\"375\" src=\"https:\/\/tzila.mx\/dev\/wp-content\/uploads\/2022\/06\/AX4U36008G17H-DC50R-DES-2.png\" class=\"attachment-full size-full\" alt=\"\" srcset=\"https:\/\/tzila.mx\/dev\/wp-content\/uploads\/2022\/06\/AX4U36008G17H-DC50R-DES-2.png 724w, https:\/\/tzila.mx\/dev\/wp-content\/uploads\/2022\/06\/AX4U36008G17H-DC50R-DES-2-400x207.png 400w, https:\/\/tzila.mx\/dev\/wp-content\/uploads\/2022\/06\/AX4U36008G17H-DC50R-DES-2-430x223.png 430w, https:\/\/tzila.mx\/dev\/wp-content\/uploads\/2022\/06\/AX4U36008G17H-DC50R-DES-2-700x363.png 700w, https:\/\/tzila.mx\/dev\/wp-content\/uploads\/2022\/06\/AX4U36008G17H-DC50R-DES-2-150x78.png 150w\" sizes=\"auto, (max-width: 724px) 100vw, 724px\" \/>\t\t\t\t\t<\/div>\n\n\t\t\t\t<\/div>\n\t\t\t\t<\/div>\n\t\t\t\t\t<\/div>\n\t\t<\/div>\n\t\t\t\t<div class=\"elementor-column elementor-col-33 elementor-top-column elementor-element elementor-element-f9a4072\" data-id=\"f9a4072\" data-element_type=\"column\">\n\t\t\t<div class=\"elementor-widget-wrap elementor-element-populated\">\n\t\t\t\t\t\t\t\t<div class=\"elementor-element elementor-element-2a6ed12 elementor-widget elementor-widget-wd_text_block\" data-id=\"2a6ed12\" data-element_type=\"widget\" data-widget_type=\"wd_text_block.default\">\n\t\t\t\t<div class=\"elementor-widget-container\">\n\t\t\t\t\t<div class=\"wd-text-block reset-last-child text-left\">\n\t\t\t\n\t\t\t<div class=\"row-content\" data-v-4a3cc608=\"\"><h4>RGB a su manera<\/h4><article data-v-4a3cc608=\"\"><p>Establezca la iluminaci\u00f3n RGB de la manera que desee. Elija entre diferentes efectos (est\u00e1tica, respiraci\u00f3n y cometa) o sincronice las luces con sus canciones favoritas a trav\u00e9s del modo de m\u00fasica. Todo esto se puede hacer a trav\u00e9s del software de control RGB de las principales marcas de placas base.<\/p><\/article><\/div>\n\t\t\t\t\t<\/div>\n\t\t\t\t<\/div>\n\t\t\t\t<\/div>\n\t\t\t\t<div class=\"elementor-element elementor-element-4855378 elementor-widget elementor-widget-wd_image_or_svg\" data-id=\"4855378\" data-element_type=\"widget\" data-widget_type=\"wd_image_or_svg.default\">\n\t\t\t\t<div class=\"elementor-widget-container\">\n\t\t\t\n\t\t<div class=\"wd-image text-left\">\n\t\t\t\t\t\t\t\t<img loading=\"lazy\" decoding=\"async\" width=\"692\" height=\"430\" src=\"https:\/\/tzila.mx\/dev\/wp-content\/uploads\/2022\/06\/AX4U36008G17H-DC50R-DES-3.png\" class=\"attachment-full size-full\" alt=\"\" srcset=\"https:\/\/tzila.mx\/dev\/wp-content\/uploads\/2022\/06\/AX4U36008G17H-DC50R-DES-3.png 692w, https:\/\/tzila.mx\/dev\/wp-content\/uploads\/2022\/06\/AX4U36008G17H-DC50R-DES-3-400x249.png 400w, https:\/\/tzila.mx\/dev\/wp-content\/uploads\/2022\/06\/AX4U36008G17H-DC50R-DES-3-430x267.png 430w, https:\/\/tzila.mx\/dev\/wp-content\/uploads\/2022\/06\/AX4U36008G17H-DC50R-DES-3-150x93.png 150w\" sizes=\"auto, (max-width: 692px) 100vw, 692px\" \/>\t\t\t\t\t<\/div>\n\n\t\t\t\t<\/div>\n\t\t\t\t<\/div>\n\t\t\t\t\t<\/div>\n\t\t<\/div>\n\t\t\t\t<div class=\"elementor-column elementor-col-33 elementor-top-column elementor-element elementor-element-ffeafee\" data-id=\"ffeafee\" data-element_type=\"column\">\n\t\t\t<div class=\"elementor-widget-wrap elementor-element-populated\">\n\t\t\t\t\t\t\t\t<div class=\"elementor-element elementor-element-0e67d2b elementor-widget elementor-widget-wd_text_block\" data-id=\"0e67d2b\" data-element_type=\"widget\" data-widget_type=\"wd_text_block.default\">\n\t\t\t\t<div class=\"elementor-widget-container\">\n\t\t\t\t\t<div class=\"wd-text-block reset-last-child text-left\">\n\t\t\t\n\t\t\t<div class=\"row-content r-side\" data-v-4a3cc608=\"\"><h4>Overclocking sin complicaciones con Intel\u00ae XMP<\/h4><article data-v-4a3cc608=\"\"><p>El SPECTRIX D50 DE CERTIFICACI\u00d3N ROG es compatible con Intel XMP 2.0 para un aumento de la velocidad del reloj estable y sin problemas, sin la necesidad de entrar en la BIOS. \u00a1F\u00e1cil y sencillo!<\/p><\/article><\/div>\n\t\t\t\t\t<\/div>\n\t\t\t\t<\/div>\n\t\t\t\t<\/div>\n\t\t\t\t<div class=\"elementor-element elementor-element-d27798c elementor-widget elementor-widget-wd_image_or_svg\" data-id=\"d27798c\" data-element_type=\"widget\" data-widget_type=\"wd_image_or_svg.default\">\n\t\t\t\t<div class=\"elementor-widget-container\">\n\t\t\t\n\t\t<div class=\"wd-image text-left\">\n\t\t\t\t\t\t\t\t<img loading=\"lazy\" decoding=\"async\" width=\"728\" height=\"373\" src=\"https:\/\/tzila.mx\/dev\/wp-content\/uploads\/2022\/06\/AX4U36008G17H-DC50R-DES-4.png\" class=\"attachment-full size-full\" alt=\"\" srcset=\"https:\/\/tzila.mx\/dev\/wp-content\/uploads\/2022\/06\/AX4U36008G17H-DC50R-DES-4.png 728w, https:\/\/tzila.mx\/dev\/wp-content\/uploads\/2022\/06\/AX4U36008G17H-DC50R-DES-4-400x205.png 400w, https:\/\/tzila.mx\/dev\/wp-content\/uploads\/2022\/06\/AX4U36008G17H-DC50R-DES-4-430x220.png 430w, https:\/\/tzila.mx\/dev\/wp-content\/uploads\/2022\/06\/AX4U36008G17H-DC50R-DES-4-700x359.png 700w, https:\/\/tzila.mx\/dev\/wp-content\/uploads\/2022\/06\/AX4U36008G17H-DC50R-DES-4-150x77.png 150w\" sizes=\"auto, (max-width: 728px) 100vw, 728px\" \/>\t\t\t\t\t<\/div>\n\n\t\t\t\t<\/div>\n\t\t\t\t<\/div>\n\t\t\t\t<div class=\"elementor-element elementor-element-192bab2 elementor-widget elementor-widget-wd_button\" data-id=\"192bab2\" data-element_type=\"widget\" data-widget_type=\"wd_button.default\">\n\t\t\t\t<div class=\"elementor-widget-container\">\n\t\t\t\t\t<div class=\"wd-button-wrapper text-center\" >\n\t\t\t<a class=\"btn btn-style-link btn-shape- btn-size-large btn-scheme-light btn-scheme-hover-dark btn-icon-pos-right\"  href=\"https:\/\/webapi3.adata.com\/storage\/downloadfile\/datasheet_xpg_spectrix_d50_rog_certified_ddr4_rgb_dram_20220103.pdf\" target=\"_blank\">\n\t\t\t\t<span class=\"wd-btn-text\" data-elementor-setting-key=\"text\">\n\t\t\t\t\tSaber m\u00e1s\t\t\t\t<\/span>\n\n\t\t\t\t\t\t\t<\/a>\n\t\t<\/div>\n\t\t\t\t<\/div>\n\t\t\t\t<\/div>\n\t\t\t\t\t<\/div>\n\t\t<\/div>\n\t\t\t\t\t\t\t<\/div>\n\t\t<\/section>\n\t\t\t\t\t\t<\/div>\n\t\t\t\t\t<\/div>\n\t\t","protected":false},"excerpt":{"rendered":"<h4>Caracter\u00edsticas principales:<\/h4>\n<p class=\"p1\"><span class=\"s1\">\u25cf<\/span><span class=\"s2\"> Capacidad memoria: 16<strong>GB<\/strong> (2x8GB) 32<strong>GB<\/strong> (2x16GB)<\/span><br \/>\n<span class=\"s1\">\u25cf<\/span><span class=\"s2\"> Velocidad: de hasta 3600MHZ<\/span><br \/>\n<span class=\"s1\">\u25cf<\/span><span class=\"s2\"> Latencia CAS: CL17<\/span><br \/>\n<span class=\"s1\">\u25cf<\/span><span class=\"s2\"> Soporte <span id=\"page3R_mcid277\" class=\"markedContent\"><span dir=\"ltr\" role=\"presentation\">I<\/span><\/span><span id=\"page3R_mcid277\" class=\"markedContent\"><span dir=\"ltr\" role=\"presentation\">ntel\u00ae<\/span> <span dir=\"ltr\" role=\"presentation\"> XMP 2.0<\/span><\/span><\/span><\/p>\n","protected":false},"featured_media":16066,"comment_status":"open","ping_status":"closed","template":"","meta":[],"product_cat":[20,74,97],"product_tag":[112],"class_list":["post-16062","product","type-product","status-publish","has-post-thumbnail","hentry","product_cat-hardware","product_cat-memoria-ram","product_cat-adata","product_tag-xpg","pa_brand-adata"],"_links":{"self":[{"href":"https:\/\/tzila.mx\/dev\/wp-json\/wp\/v2\/product\/16062","targetHints":{"allow":["GET"]}}],"collection":[{"href":"https:\/\/tzila.mx\/dev\/wp-json\/wp\/v2\/product"}],"about":[{"href":"https:\/\/tzila.mx\/dev\/wp-json\/wp\/v2\/types\/product"}],"replies":[{"embeddable":true,"href":"https:\/\/tzila.mx\/dev\/wp-json\/wp\/v2\/comments?post=16062"}],"version-history":[{"count":7,"href":"https:\/\/tzila.mx\/dev\/wp-json\/wp\/v2\/product\/16062\/revisions"}],"predecessor-version":[{"id":16081,"href":"https:\/\/tzila.mx\/dev\/wp-json\/wp\/v2\/product\/16062\/revisions\/16081"}],"wp:featuredmedia":[{"embeddable":true,"href":"https:\/\/tzila.mx\/dev\/wp-json\/wp\/v2\/media\/16066"}],"wp:attachment":[{"href":"https:\/\/tzila.mx\/dev\/wp-json\/wp\/v2\/media?parent=16062"}],"wp:term":[{"taxonomy":"product_cat","embeddable":true,"href":"https:\/\/tzila.mx\/dev\/wp-json\/wp\/v2\/product_cat?post=16062"},{"taxonomy":"product_tag","embeddable":true,"href":"https:\/\/tzila.mx\/dev\/wp-json\/wp\/v2\/product_tag?post=16062"}],"curies":[{"name":"wp","href":"https:\/\/api.w.org\/{rel}","templated":true}]}}