{"id":16018,"date":"2022-06-15T13:32:12","date_gmt":"2022-06-15T18:32:12","guid":{"rendered":"https:\/\/tzila.mx\/dev\/?post_type=product&#038;p=16018"},"modified":"2022-06-29T11:35:15","modified_gmt":"2022-06-29T16:35:15","slug":"memoria-ram-xpg-caster-ddr5-rgb-6000mhz","status":"publish","type":"product","link":"https:\/\/tzila.mx\/dev\/producto\/memoria-ram-xpg-caster-ddr5-rgb-6000mhz\/","title":{"rendered":"Memoria RAM XPG CASTER DDR5 RGB 6000MHz"},"content":{"rendered":"\t\t<div data-elementor-type=\"wp-post\" data-elementor-id=\"16018\" class=\"elementor elementor-16018\" data-elementor-settings=\"[]\">\n\t\t\t\t\t\t\t<div class=\"elementor-section-wrap\">\n\t\t\t\t\t\t\t<section class=\"elementor-section elementor-top-section elementor-element elementor-element-154fe09 elementor-section-boxed elementor-section-height-default elementor-section-height-default wd-section-disabled\" data-id=\"154fe09\" data-element_type=\"section\">\n\t\t\t\t\t\t<div class=\"elementor-container elementor-column-gap-default\">\n\t\t\t\t\t<div class=\"elementor-column elementor-col-33 elementor-top-column elementor-element elementor-element-f14913d\" data-id=\"f14913d\" data-element_type=\"column\">\n\t\t\t<div class=\"elementor-widget-wrap elementor-element-populated\">\n\t\t\t\t\t\t\t\t<div class=\"elementor-element elementor-element-3d30eaf elementor-widget elementor-widget-wd_text_block\" data-id=\"3d30eaf\" data-element_type=\"widget\" data-widget_type=\"wd_text_block.default\">\n\t\t\t\t<div class=\"elementor-widget-container\">\n\t\t\t\t\t<div class=\"wd-text-block reset-last-child text-left\">\n\t\t\t\n\t\t\t<h5><strong>M\u00c1S ESPECIFICACIONES<\/strong><strong>:<\/strong><\/h5>\n\t\t\t\t\t<\/div>\n\t\t\t\t<\/div>\n\t\t\t\t<\/div>\n\t\t\t\t<div class=\"elementor-element elementor-element-6d44079 elementor-widget elementor-widget-wd_text_block\" data-id=\"6d44079\" data-element_type=\"widget\" data-widget_type=\"wd_text_block.default\">\n\t\t\t\t<div class=\"elementor-widget-container\">\n\t\t\t\t\t<div class=\"wd-text-block reset-last-child text-left\">\n\t\t\t\n\t\t\t<section class=\"ksp-content darkdeep\" data-v-0a029c9c=\"\"><p>\u25cf Rendimiento de hasta 7000 MT\/s<br \/>\u25cf Estilo futurista<br \/>\u25cf Luz RGB triangular atrevida<br \/>\u25cf Estabilidad y confiabilidad mejoradas con PMIC y ECC en matriz\u00a0<br \/>\u25cf Compatible con Intel<sup>\u00ae<\/sup> XMP 3.0 para overclocking sencillo<\/p><\/section>\n\t\t\t\t\t<\/div>\n\t\t\t\t<\/div>\n\t\t\t\t<\/div>\n\t\t\t\t\t<\/div>\n\t\t<\/div>\n\t\t\t\t<div class=\"elementor-column elementor-col-66 elementor-top-column elementor-element elementor-element-1a0b71f\" data-id=\"1a0b71f\" data-element_type=\"column\">\n\t\t\t<div class=\"elementor-widget-wrap elementor-element-populated\">\n\t\t\t\t\t\t\t\t<div class=\"elementor-element elementor-element-6f6445b elementor-widget elementor-widget-wd_image_or_svg\" data-id=\"6f6445b\" data-element_type=\"widget\" data-widget_type=\"wd_image_or_svg.default\">\n\t\t\t\t<div class=\"elementor-widget-container\">\n\t\t\t\n\t\t<div class=\"wd-image text-center\">\n\t\t\t\t\t\t\t\t<img decoding=\"async\" src=\"https:\/\/tzila.mx\/dev\/wp-content\/uploads\/elementor\/thumbs\/AX5U6000C4016G-CCARGY-DES-1-pqd31aoqb9r203bwlfs1a978lfdli116f0dusnkfqw.jpg\" title=\"AX5U6000C4016G-CCARGY-DES-1\" alt=\"AX5U6000C4016G-CCARGY-DES-1\" \/>\t\t\t\t\t<\/div>\n\n\t\t\t\t<\/div>\n\t\t\t\t<\/div>\n\t\t\t\t\t<\/div>\n\t\t<\/div>\n\t\t\t\t\t\t\t<\/div>\n\t\t<\/section>\n\t\t\t\t<section class=\"elementor-section elementor-top-section elementor-element elementor-element-f335c48 elementor-section-boxed elementor-section-height-default elementor-section-height-default wd-section-disabled\" data-id=\"f335c48\" data-element_type=\"section\">\n\t\t\t\t\t\t<div class=\"elementor-container elementor-column-gap-default\">\n\t\t\t\t\t<div class=\"elementor-column elementor-col-33 elementor-top-column elementor-element elementor-element-dffdc91\" data-id=\"dffdc91\" data-element_type=\"column\">\n\t\t\t<div class=\"elementor-widget-wrap elementor-element-populated\">\n\t\t\t\t\t\t\t\t<div class=\"elementor-element elementor-element-9ce59d9 elementor-widget elementor-widget-wd_text_block\" data-id=\"9ce59d9\" data-element_type=\"widget\" data-widget_type=\"wd_text_block.default\">\n\t\t\t\t<div class=\"elementor-widget-container\">\n\t\t\t\t\t<div class=\"wd-text-block reset-last-child text-left\">\n\t\t\t\n\t\t\t<div class=\"row-content\" data-v-4a3cc608=\"\"><div class=\"row-content\" data-v-4a3cc608=\"\"><h4>Rendimiento de alta velocidad DDR5<\/h4><article data-v-4a3cc608=\"\"><p>Con una velocidad de 7000 MT\/s, XPG CASTER RGB es una nueva generaci\u00f3n de DDR5 que es dos veces m\u00e1s r\u00e1pida que la memoria DDR4 est\u00e1ndar. Con velocidades de transferencia de datos ultrarr\u00e1pidas, disfrutar\u00e1 de una experiencia de juego m\u00e1s fluida y sin problemas.<\/p><\/article><\/div><\/div>\n\t\t\t\t\t<\/div>\n\t\t\t\t<\/div>\n\t\t\t\t<\/div>\n\t\t\t\t<div class=\"elementor-element elementor-element-f07e35d elementor-widget elementor-widget-wd_text_block\" data-id=\"f07e35d\" data-element_type=\"widget\" data-widget_type=\"wd_text_block.default\">\n\t\t\t\t<div class=\"elementor-widget-container\">\n\t\t\t\t\t<div class=\"wd-text-block reset-last-child text-left\">\n\t\t\t\n\t\t\t<div class=\"row-content r-side\" data-v-4a3cc608=\"\"><h4>Estilo futurista<\/h4><article data-v-4a3cc608=\"\"><p>Con su disipador de calor gris de acero, la luz RGB triangular atrevida y una forma aerodin\u00e1mica, XPG CASTER RGB emana una sensaci\u00f3n de alto rendimiento y un estilo futurista.<\/p><\/article><\/div>\n\t\t\t\t\t<\/div>\n\t\t\t\t<\/div>\n\t\t\t\t<\/div>\n\t\t\t\t<div class=\"elementor-element elementor-element-39a7d6b elementor-widget elementor-widget-wd_image_or_svg\" data-id=\"39a7d6b\" data-element_type=\"widget\" data-widget_type=\"wd_image_or_svg.default\">\n\t\t\t\t<div class=\"elementor-widget-container\">\n\t\t\t\n\t\t<div class=\"wd-image text-left\">\n\t\t\t\t\t\t\t\t<img loading=\"lazy\" decoding=\"async\" width=\"732\" height=\"417\" src=\"https:\/\/tzila.mx\/dev\/wp-content\/uploads\/2022\/06\/AX5U6000C4016G-CCARGY-DES-2.png\" class=\"attachment-full size-full\" alt=\"\" srcset=\"https:\/\/tzila.mx\/dev\/wp-content\/uploads\/2022\/06\/AX5U6000C4016G-CCARGY-DES-2.png 732w, https:\/\/tzila.mx\/dev\/wp-content\/uploads\/2022\/06\/AX5U6000C4016G-CCARGY-DES-2-400x228.png 400w, https:\/\/tzila.mx\/dev\/wp-content\/uploads\/2022\/06\/AX5U6000C4016G-CCARGY-DES-2-430x245.png 430w, https:\/\/tzila.mx\/dev\/wp-content\/uploads\/2022\/06\/AX5U6000C4016G-CCARGY-DES-2-700x399.png 700w, https:\/\/tzila.mx\/dev\/wp-content\/uploads\/2022\/06\/AX5U6000C4016G-CCARGY-DES-2-150x85.png 150w\" sizes=\"auto, (max-width: 732px) 100vw, 732px\" \/>\t\t\t\t\t<\/div>\n\n\t\t\t\t<\/div>\n\t\t\t\t<\/div>\n\t\t\t\t<div class=\"elementor-element elementor-element-2a6ed12 elementor-widget elementor-widget-wd_text_block\" data-id=\"2a6ed12\" data-element_type=\"widget\" data-widget_type=\"wd_text_block.default\">\n\t\t\t\t<div class=\"elementor-widget-container\">\n\t\t\t\t\t<div class=\"wd-text-block reset-last-child text-left\">\n\t\t\t\n\t\t\t<div class=\"row-content\" data-v-4a3cc608=\"\"><h4>RGB a su manera<\/h4><article data-v-4a3cc608=\"\"><p>Establezca la iluminaci\u00f3n RGB de la manera que desee. Elija entre diferentes efectos (est\u00e1tica, respiraci\u00f3n y cometa) o sincronice las luces con sus canciones favoritas a trav\u00e9s del modo de m\u00fasica. Todo esto se puede hacer a trav\u00e9s del software de control RGB de las principales marcas de placas base.<\/p><\/article><\/div>\n\t\t\t\t\t<\/div>\n\t\t\t\t<\/div>\n\t\t\t\t<\/div>\n\t\t\t\t\t<\/div>\n\t\t<\/div>\n\t\t\t\t<div class=\"elementor-column elementor-col-33 elementor-top-column elementor-element elementor-element-f9a4072\" data-id=\"f9a4072\" data-element_type=\"column\">\n\t\t\t<div class=\"elementor-widget-wrap elementor-element-populated\">\n\t\t\t\t\t\t\t\t<div class=\"elementor-element elementor-element-92b1743 elementor-widget elementor-widget-wd_text_block\" data-id=\"92b1743\" data-element_type=\"widget\" data-widget_type=\"wd_text_block.default\">\n\t\t\t\t<div class=\"elementor-widget-container\">\n\t\t\t\t\t<div class=\"wd-text-block reset-last-child text-left\">\n\t\t\t\n\t\t\t<div class=\"row-content r-side\" data-v-4a3cc608=\"\"><h4>Rendimiento en el que puede confiar<\/h4><article data-v-4a3cc608=\"\"><p>XPG CASTER RGB cuenta con EEC en matriz incorporado para correcci\u00f3n de errores en tiempo real y circuitos integrados de administraci\u00f3n de energ\u00eda (PMIC) que mejoran la estabilidad y confiabilidad.<\/p><\/article><\/div>\n\t\t\t\t\t<\/div>\n\t\t\t\t<\/div>\n\t\t\t\t<\/div>\n\t\t\t\t<div class=\"elementor-element elementor-element-4855378 elementor-widget elementor-widget-wd_image_or_svg\" data-id=\"4855378\" data-element_type=\"widget\" data-widget_type=\"wd_image_or_svg.default\">\n\t\t\t\t<div class=\"elementor-widget-container\">\n\t\t\t\n\t\t<div class=\"wd-image text-left\">\n\t\t\t\t\t\t\t\t<img loading=\"lazy\" decoding=\"async\" width=\"726\" height=\"440\" src=\"https:\/\/tzila.mx\/dev\/wp-content\/uploads\/2022\/06\/AX5U6000C4016G-CCARGY-DES-3.png\" class=\"attachment-full size-full\" alt=\"\" srcset=\"https:\/\/tzila.mx\/dev\/wp-content\/uploads\/2022\/06\/AX5U6000C4016G-CCARGY-DES-3.png 726w, https:\/\/tzila.mx\/dev\/wp-content\/uploads\/2022\/06\/AX5U6000C4016G-CCARGY-DES-3-400x242.png 400w, https:\/\/tzila.mx\/dev\/wp-content\/uploads\/2022\/06\/AX5U6000C4016G-CCARGY-DES-3-430x261.png 430w, https:\/\/tzila.mx\/dev\/wp-content\/uploads\/2022\/06\/AX5U6000C4016G-CCARGY-DES-3-700x424.png 700w, https:\/\/tzila.mx\/dev\/wp-content\/uploads\/2022\/06\/AX5U6000C4016G-CCARGY-DES-3-150x91.png 150w\" sizes=\"auto, (max-width: 726px) 100vw, 726px\" \/>\t\t\t\t\t<\/div>\n\n\t\t\t\t<\/div>\n\t\t\t\t<\/div>\n\t\t\t\t<div class=\"elementor-element elementor-element-933536a elementor-widget elementor-widget-wd_text_block\" data-id=\"933536a\" data-element_type=\"widget\" data-widget_type=\"wd_text_block.default\">\n\t\t\t\t<div class=\"elementor-widget-container\">\n\t\t\t\t\t<div class=\"wd-text-block reset-last-child text-left\">\n\t\t\t\n\t\t\t<div class=\"row-content\" data-v-4a3cc608=\"\"><div class=\"row-content\" data-v-4a3cc608=\"\"><h4>El overclocking f\u00e1cil<\/h4><article data-v-4a3cc608=\"\"><p>Con soporte para Intel XMP 3.0, obtenga overclocking f\u00e1cilmente sin la necesidad de complicarse con la configuraci\u00f3n de la BIOS. No es necesario ajustar y afinar repetidamente los par\u00e1metros de overclocking.<\/p><\/article><\/div><\/div>\n\t\t\t\t\t<\/div>\n\t\t\t\t<\/div>\n\t\t\t\t<\/div>\n\t\t\t\t<div class=\"elementor-element elementor-element-1628fa1 elementor-widget elementor-widget-wd_image_or_svg\" data-id=\"1628fa1\" data-element_type=\"widget\" data-widget_type=\"wd_image_or_svg.default\">\n\t\t\t\t<div class=\"elementor-widget-container\">\n\t\t\t\n\t\t<div class=\"wd-image text-left\">\n\t\t\t\t\t\t\t\t<img loading=\"lazy\" decoding=\"async\" width=\"701\" height=\"398\" src=\"https:\/\/tzila.mx\/dev\/wp-content\/uploads\/2022\/06\/AX5U6000C4016G-CCARGY-DES-4.png\" class=\"attachment-full size-full\" alt=\"\" srcset=\"https:\/\/tzila.mx\/dev\/wp-content\/uploads\/2022\/06\/AX5U6000C4016G-CCARGY-DES-4.png 701w, https:\/\/tzila.mx\/dev\/wp-content\/uploads\/2022\/06\/AX5U6000C4016G-CCARGY-DES-4-400x227.png 400w, https:\/\/tzila.mx\/dev\/wp-content\/uploads\/2022\/06\/AX5U6000C4016G-CCARGY-DES-4-430x244.png 430w, https:\/\/tzila.mx\/dev\/wp-content\/uploads\/2022\/06\/AX5U6000C4016G-CCARGY-DES-4-150x85.png 150w\" sizes=\"auto, (max-width: 701px) 100vw, 701px\" \/>\t\t\t\t\t<\/div>\n\n\t\t\t\t<\/div>\n\t\t\t\t<\/div>\n\t\t\t\t\t<\/div>\n\t\t<\/div>\n\t\t\t\t<div class=\"elementor-column elementor-col-33 elementor-top-column elementor-element elementor-element-ffeafee\" data-id=\"ffeafee\" data-element_type=\"column\">\n\t\t\t<div class=\"elementor-widget-wrap elementor-element-populated\">\n\t\t\t\t\t\t\t\t<div class=\"elementor-element elementor-element-421755a elementor-widget elementor-widget-wd_text_block\" data-id=\"421755a\" data-element_type=\"widget\" data-widget_type=\"wd_text_block.default\">\n\t\t\t\t<div class=\"elementor-widget-container\">\n\t\t\t\t\t<div class=\"wd-text-block reset-last-child text-left\">\n\t\t\t\n\t\t\t<div class=\"row-content r-side\" data-v-4a3cc608=\"\"><div class=\"row-content r-side\" data-v-4a3cc608=\"\"><h4>Consejos r\u00e1pidos: DDR5 vs DDR4 - Aspecto<\/h4><article data-v-4a3cc608=\"\"><p>Los m\u00f3dulos DDR5 U-DIMM tienen las mismas dimensiones y n\u00famero de clavijas que los m\u00f3dulos DDR4. La diferencia m\u00e1s obvia es la posici\u00f3n de la muesca a toda prueba. Adem\u00e1s, DDR5 integra resistores de E\/S con resistores CMD\/ADD. Adem\u00e1s, la apariencia de los m\u00f3dulos DDR5 es m\u00e1s limpia que la de DDR4. Adem\u00e1s, puede ver un PMIC en el centro.<\/p><\/article><\/div><\/div>\n\t\t\t\t\t<\/div>\n\t\t\t\t<\/div>\n\t\t\t\t<\/div>\n\t\t\t\t<div class=\"elementor-element elementor-element-bea5ab6 elementor-widget elementor-widget-wd_text_block\" data-id=\"bea5ab6\" data-element_type=\"widget\" data-widget_type=\"wd_text_block.default\">\n\t\t\t\t<div class=\"elementor-widget-container\">\n\t\t\t\t\t<div class=\"wd-text-block reset-last-child text-left\">\n\t\t\t\n\t\t\t<div class=\"row-content\" data-v-4a3cc608=\"\"><h4>Consejos r\u00e1pidos: DDR5 vs DDR4 - Arquitectura de chip<\/h4><article data-v-4a3cc608=\"\"><p>Los m\u00f3dulos DDR5 proporcionan dos veces m\u00e1s capacidad que DDR4 al empaquetarse en m\u00e1s bancos y grupos de bancos. Adem\u00e1s, la longitud de r\u00e1faga y la precaptura tambi\u00e9n se duplican. Y para garantizar la integridad de los datos, cuentan con tecnolog\u00eda de c\u00f3digo de correcci\u00f3n de errores (ECC).<\/p><\/article><\/div>\n\t\t\t\t\t<\/div>\n\t\t\t\t<\/div>\n\t\t\t\t<\/div>\n\t\t\t\t<div class=\"elementor-element elementor-element-d27798c elementor-widget elementor-widget-wd_image_or_svg\" data-id=\"d27798c\" data-element_type=\"widget\" data-widget_type=\"wd_image_or_svg.default\">\n\t\t\t\t<div class=\"elementor-widget-container\">\n\t\t\t\n\t\t<div class=\"wd-image text-left\">\n\t\t\t\t\t\t\t\t<img loading=\"lazy\" decoding=\"async\" width=\"659\" height=\"401\" src=\"https:\/\/tzila.mx\/dev\/wp-content\/uploads\/2022\/06\/AX5U6000C4016G-CCARGY-DES-5.png\" class=\"attachment-full size-full\" alt=\"\" srcset=\"https:\/\/tzila.mx\/dev\/wp-content\/uploads\/2022\/06\/AX5U6000C4016G-CCARGY-DES-5.png 659w, https:\/\/tzila.mx\/dev\/wp-content\/uploads\/2022\/06\/AX5U6000C4016G-CCARGY-DES-5-400x243.png 400w, https:\/\/tzila.mx\/dev\/wp-content\/uploads\/2022\/06\/AX5U6000C4016G-CCARGY-DES-5-430x262.png 430w, https:\/\/tzila.mx\/dev\/wp-content\/uploads\/2022\/06\/AX5U6000C4016G-CCARGY-DES-5-150x91.png 150w\" sizes=\"auto, (max-width: 659px) 100vw, 659px\" \/>\t\t\t\t\t<\/div>\n\n\t\t\t\t<\/div>\n\t\t\t\t<\/div>\n\t\t\t\t<div class=\"elementor-element elementor-element-d0bac66 elementor-widget elementor-widget-wd_text_block\" data-id=\"d0bac66\" data-element_type=\"widget\" data-widget_type=\"wd_text_block.default\">\n\t\t\t\t<div class=\"elementor-widget-container\">\n\t\t\t\t\t<div class=\"wd-text-block reset-last-child text-left\">\n\t\t\t\n\t\t\t<div class=\"row-content r-side\" data-v-4a3cc608=\"\"><h4>Consejos r\u00e1pidos: DDR5 vs DDR4 - Rendimiento<\/h4><article data-v-4a3cc608=\"\"><p>El mayor cambio es que el ancho de banda y la frecuencia son significativamente m\u00e1s altos. Los m\u00f3dulos de memoria ADATA DDR5 ofrecen frecuencias de hasta 4800 MT\/s y cuentan con un ancho de banda de 38,4 GB\/s, que es un 50 % m\u00e1s alto que el DDR4-3200. La frecuencia m\u00e1xima se incrementa 1,63 veces en comparaci\u00f3n con DDR4.\u00a0<\/p><\/article><\/div>\n\t\t\t\t\t<\/div>\n\t\t\t\t<\/div>\n\t\t\t\t<\/div>\n\t\t\t\t<div class=\"elementor-element elementor-element-192bab2 elementor-widget elementor-widget-wd_button\" data-id=\"192bab2\" data-element_type=\"widget\" data-widget_type=\"wd_button.default\">\n\t\t\t\t<div class=\"elementor-widget-container\">\n\t\t\t\t\t<div class=\"wd-button-wrapper text-center\" >\n\t\t\t<a class=\"btn btn-style-link btn-shape- btn-size-large btn-scheme-light btn-scheme-hover-dark btn-icon-pos-right\"  href=\"https:\/\/webapi3.adata.com\/storage\/downloadfile\/datasheet_xpg_caster_rgb_ddr5_dram_20220309.pdf\" target=\"_blank\">\n\t\t\t\t<span class=\"wd-btn-text\" data-elementor-setting-key=\"text\">\n\t\t\t\t\tSaber m\u00e1s\t\t\t\t<\/span>\n\n\t\t\t\t\t\t\t<\/a>\n\t\t<\/div>\n\t\t\t\t<\/div>\n\t\t\t\t<\/div>\n\t\t\t\t\t<\/div>\n\t\t<\/div>\n\t\t\t\t\t\t\t<\/div>\n\t\t<\/section>\n\t\t\t\t\t\t<\/div>\n\t\t\t\t\t<\/div>\n\t\t","protected":false},"excerpt":{"rendered":"<h4>Caracter\u00edsticas principales:<\/h4>\n<p class=\"p1\"><span class=\"s1\">\u25cf<\/span><span class=\"s2\"> Capacidad memoria: 16<strong>GB<\/strong> (1x16GB)<\/span><br \/>\n<span class=\"s1\">\u25cf<\/span><span class=\"s2\"> Velocidad: de hasta 6000MHZ<\/span><br \/>\n<span class=\"s1\">\u25cf<\/span><span class=\"s2\"> Latencia CAS: CL40<\/span><br \/>\n<span class=\"s1\">\u25cf<\/span><span class=\"s2\"> Soporte Intel<sup>\u00ae<\/sup> XMP 3.0<\/span><\/p>\n","protected":false},"featured_media":16020,"comment_status":"open","ping_status":"closed","template":"","meta":[],"product_cat":[20,74,97],"product_tag":[112],"class_list":["post-16018","product","type-product","status-publish","has-post-thumbnail","hentry","product_cat-hardware","product_cat-memoria-ram","product_cat-adata","product_tag-xpg","pa_brand-adata"],"_links":{"self":[{"href":"https:\/\/tzila.mx\/dev\/wp-json\/wp\/v2\/product\/16018","targetHints":{"allow":["GET"]}}],"collection":[{"href":"https:\/\/tzila.mx\/dev\/wp-json\/wp\/v2\/product"}],"about":[{"href":"https:\/\/tzila.mx\/dev\/wp-json\/wp\/v2\/types\/product"}],"replies":[{"embeddable":true,"href":"https:\/\/tzila.mx\/dev\/wp-json\/wp\/v2\/comments?post=16018"}],"version-history":[{"count":4,"href":"https:\/\/tzila.mx\/dev\/wp-json\/wp\/v2\/product\/16018\/revisions"}],"predecessor-version":[{"id":16034,"href":"https:\/\/tzila.mx\/dev\/wp-json\/wp\/v2\/product\/16018\/revisions\/16034"}],"wp:featuredmedia":[{"embeddable":true,"href":"https:\/\/tzila.mx\/dev\/wp-json\/wp\/v2\/media\/16020"}],"wp:attachment":[{"href":"https:\/\/tzila.mx\/dev\/wp-json\/wp\/v2\/media?parent=16018"}],"wp:term":[{"taxonomy":"product_cat","embeddable":true,"href":"https:\/\/tzila.mx\/dev\/wp-json\/wp\/v2\/product_cat?post=16018"},{"taxonomy":"product_tag","embeddable":true,"href":"https:\/\/tzila.mx\/dev\/wp-json\/wp\/v2\/product_tag?post=16018"}],"curies":[{"name":"wp","href":"https:\/\/api.w.org\/{rel}","templated":true}]}}