{"id":16014,"date":"2022-06-15T13:10:35","date_gmt":"2022-06-15T18:10:35","guid":{"rendered":"https:\/\/tzila.mx\/dev\/?post_type=product&#038;p=16014"},"modified":"2022-06-29T11:35:18","modified_gmt":"2022-06-29T16:35:18","slug":"memoria-ram-xpg-lancer-ddr5-rgb-6000mhz","status":"publish","type":"product","link":"https:\/\/tzila.mx\/dev\/producto\/memoria-ram-xpg-lancer-ddr5-rgb-6000mhz\/","title":{"rendered":"Memoria RAM XPG LANCER DDR5 RGB 6000MHz"},"content":{"rendered":"\t\t<div data-elementor-type=\"wp-post\" data-elementor-id=\"16014\" class=\"elementor elementor-16014\" data-elementor-settings=\"[]\">\n\t\t\t\t\t\t\t<div class=\"elementor-section-wrap\">\n\t\t\t\t\t\t\t<section class=\"elementor-section elementor-top-section elementor-element elementor-element-154fe09 elementor-section-boxed elementor-section-height-default elementor-section-height-default wd-section-disabled\" data-id=\"154fe09\" data-element_type=\"section\">\n\t\t\t\t\t\t<div class=\"elementor-container elementor-column-gap-default\">\n\t\t\t\t\t<div class=\"elementor-column elementor-col-33 elementor-top-column elementor-element elementor-element-f14913d\" data-id=\"f14913d\" data-element_type=\"column\">\n\t\t\t<div class=\"elementor-widget-wrap elementor-element-populated\">\n\t\t\t\t\t\t\t\t<div class=\"elementor-element elementor-element-3d30eaf elementor-widget elementor-widget-wd_text_block\" data-id=\"3d30eaf\" data-element_type=\"widget\" data-widget_type=\"wd_text_block.default\">\n\t\t\t\t<div class=\"elementor-widget-container\">\n\t\t\t\t\t<div class=\"wd-text-block reset-last-child text-left\">\n\t\t\t\n\t\t\t<h5><strong>M\u00c1S ESPECIFICACIONES<\/strong><strong>:<\/strong><\/h5>\n\t\t\t\t\t<\/div>\n\t\t\t\t<\/div>\n\t\t\t\t<\/div>\n\t\t\t\t<div class=\"elementor-element elementor-element-6d44079 elementor-widget elementor-widget-wd_text_block\" data-id=\"6d44079\" data-element_type=\"widget\" data-widget_type=\"wd_text_block.default\">\n\t\t\t\t<div class=\"elementor-widget-container\">\n\t\t\t\t\t<div class=\"wd-text-block reset-last-child text-left\">\n\t\t\t\n\t\t\t<p>\u25cf Nuevo punto de referencia de velocidad en memoria para gaming<br \/>\u25cf Efectos de luz RGB personalizables<br \/>\u25cf PMIC para la estabilidad de la fuente de alimentaci\u00f3n<br \/>\u25cf Correcci\u00f3n de errores ECC en matriz<br \/>\u25cf Materiales de alta calidad para un overclocking estable\u00a0<br \/>\u25cf Admite Intel<sup>\u00ae<\/sup> XMP 3.0 para un overclocking sencillo<\/p>\n\t\t\t\t\t<\/div>\n\t\t\t\t<\/div>\n\t\t\t\t<\/div>\n\t\t\t\t\t<\/div>\n\t\t<\/div>\n\t\t\t\t<div class=\"elementor-column elementor-col-66 elementor-top-column elementor-element elementor-element-1a0b71f\" data-id=\"1a0b71f\" data-element_type=\"column\">\n\t\t\t<div class=\"elementor-widget-wrap elementor-element-populated\">\n\t\t\t\t\t\t\t\t<div class=\"elementor-element elementor-element-6f6445b elementor-widget elementor-widget-wd_image_or_svg\" data-id=\"6f6445b\" data-element_type=\"widget\" data-widget_type=\"wd_image_or_svg.default\">\n\t\t\t\t<div class=\"elementor-widget-container\">\n\t\t\t\n\t\t<div class=\"wd-image text-center\">\n\t\t\t\t\t\t\t\t<img decoding=\"async\" src=\"https:\/\/tzila.mx\/dev\/wp-content\/uploads\/elementor\/thumbs\/AX5U5200C3816G-DCLARBK-DES-1-pqd0spysgjg6rgdd3lxcjl6recivo35io75fsr1d4o.jpg\" title=\"AX5U5200C3816G-DCLARBK-DES-1\" alt=\"AX5U5200C3816G-DCLARBK-DES-1\" \/>\t\t\t\t\t<\/div>\n\n\t\t\t\t<\/div>\n\t\t\t\t<\/div>\n\t\t\t\t\t<\/div>\n\t\t<\/div>\n\t\t\t\t\t\t\t<\/div>\n\t\t<\/section>\n\t\t\t\t<section class=\"elementor-section elementor-top-section elementor-element elementor-element-f335c48 elementor-section-boxed elementor-section-height-default elementor-section-height-default wd-section-disabled\" data-id=\"f335c48\" data-element_type=\"section\">\n\t\t\t\t\t\t<div class=\"elementor-container elementor-column-gap-default\">\n\t\t\t\t\t<div class=\"elementor-column elementor-col-33 elementor-top-column elementor-element elementor-element-dffdc91\" data-id=\"dffdc91\" data-element_type=\"column\">\n\t\t\t<div class=\"elementor-widget-wrap elementor-element-populated\">\n\t\t\t\t\t\t\t\t<div class=\"elementor-element elementor-element-9ce59d9 elementor-widget elementor-widget-wd_text_block\" data-id=\"9ce59d9\" data-element_type=\"widget\" data-widget_type=\"wd_text_block.default\">\n\t\t\t\t<div class=\"elementor-widget-container\">\n\t\t\t\t\t<div class=\"wd-text-block reset-last-child text-left\">\n\t\t\t\n\t\t\t<div class=\"row-content\" data-v-4a3cc608=\"\"><h4>Absolutamente blanco nieve<\/h4><article data-v-4a3cc608=\"\"><p>Su LANCER RGB DDR5 tambi\u00e9n se proporciona en blanco nieve para aquellos que buscan crear una estructura de PC completamente blanca.<\/p><\/article><\/div>\n\t\t\t\t\t<\/div>\n\t\t\t\t<\/div>\n\t\t\t\t<\/div>\n\t\t\t\t<div class=\"elementor-element elementor-element-f07e35d elementor-widget elementor-widget-wd_text_block\" data-id=\"f07e35d\" data-element_type=\"widget\" data-widget_type=\"wd_text_block.default\">\n\t\t\t\t<div class=\"elementor-widget-container\">\n\t\t\t\t\t<div class=\"wd-text-block reset-last-child text-left\">\n\t\t\t\n\t\t\t<div class=\"row-content r-side\" data-v-4a3cc608=\"\"><h4>Un nuevo punto de referencia de velocidad en la memoria para gaming<\/h4><article data-v-4a3cc608=\"\"><p>El XPG LANCER marca el comienzo de la era DDR5 para la memoria para gaming. Alcanzando frecuencias de hasta 6000 MT\/s, dar\u00e1 un gran impulso de rendimiento para gaming y overclocking.<\/p><\/article><\/div>\n\t\t\t\t\t<\/div>\n\t\t\t\t<\/div>\n\t\t\t\t<\/div>\n\t\t\t\t<div class=\"elementor-element elementor-element-39a7d6b elementor-widget elementor-widget-wd_image_or_svg\" data-id=\"39a7d6b\" data-element_type=\"widget\" data-widget_type=\"wd_image_or_svg.default\">\n\t\t\t\t<div class=\"elementor-widget-container\">\n\t\t\t\n\t\t<div class=\"wd-image text-left\">\n\t\t\t\t\t\t\t\t<img loading=\"lazy\" decoding=\"async\" width=\"736\" height=\"424\" src=\"https:\/\/tzila.mx\/dev\/wp-content\/uploads\/2022\/06\/AX5U5200C3816G-DCLARBK-DES-2.png\" class=\"attachment-full size-full\" alt=\"\" srcset=\"https:\/\/tzila.mx\/dev\/wp-content\/uploads\/2022\/06\/AX5U5200C3816G-DCLARBK-DES-2.png 736w, https:\/\/tzila.mx\/dev\/wp-content\/uploads\/2022\/06\/AX5U5200C3816G-DCLARBK-DES-2-400x230.png 400w, https:\/\/tzila.mx\/dev\/wp-content\/uploads\/2022\/06\/AX5U5200C3816G-DCLARBK-DES-2-430x248.png 430w, https:\/\/tzila.mx\/dev\/wp-content\/uploads\/2022\/06\/AX5U5200C3816G-DCLARBK-DES-2-700x403.png 700w, https:\/\/tzila.mx\/dev\/wp-content\/uploads\/2022\/06\/AX5U5200C3816G-DCLARBK-DES-2-150x86.png 150w\" sizes=\"auto, (max-width: 736px) 100vw, 736px\" \/>\t\t\t\t\t<\/div>\n\n\t\t\t\t<\/div>\n\t\t\t\t<\/div>\n\t\t\t\t<div class=\"elementor-element elementor-element-2a6ed12 elementor-widget elementor-widget-wd_text_block\" data-id=\"2a6ed12\" data-element_type=\"widget\" data-widget_type=\"wd_text_block.default\">\n\t\t\t\t<div class=\"elementor-widget-container\">\n\t\t\t\t\t<div class=\"wd-text-block reset-last-child text-left\">\n\t\t\t\n\t\t\t<div class=\"row-content\" data-v-4a3cc608=\"\"><h4>RGB a su manera<\/h4><article data-v-4a3cc608=\"\"><p>Establezca la iluminaci\u00f3n RGB de la manera que desee. Elija entre diferentes efectos (est\u00e1tica, respiraci\u00f3n y cometa) o sincronice las luces con sus canciones favoritas a trav\u00e9s del modo de m\u00fasica. Todo esto se puede hacer a trav\u00e9s del software de control RGB de las principales marcas de placas base.\u00a0<\/p><\/article><\/div>\n\t\t\t\t\t<\/div>\n\t\t\t\t<\/div>\n\t\t\t\t<\/div>\n\t\t\t\t<div class=\"elementor-element elementor-element-cdccf39 elementor-widget elementor-widget-wd_text_block\" data-id=\"cdccf39\" data-element_type=\"widget\" data-widget_type=\"wd_text_block.default\">\n\t\t\t\t<div class=\"elementor-widget-container\">\n\t\t\t\t\t<div class=\"wd-text-block reset-last-child text-left\">\n\t\t\t\n\t\t\t<div class=\"row-content r-side\" data-v-4a3cc608=\"\"><h4>Administraci\u00f3n de energ\u00eda mejorada<\/h4><article data-v-4a3cc608=\"\"><p>El XPG LANCER DDR5 cuenta con un IC de administraci\u00f3n de energ\u00eda (PMIC) integrado que mejora la estabilidad de la fuente de alimentaci\u00f3n. Su voltaje de funcionamiento m\u00e1s bajo tambi\u00e9n hace que LANCER sea m\u00e1s eficiente energ\u00e9ticamente que DDR4.<\/p><\/article><\/div>\n\t\t\t\t\t<\/div>\n\t\t\t\t<\/div>\n\t\t\t\t<\/div>\n\t\t\t\t\t<\/div>\n\t\t<\/div>\n\t\t\t\t<div class=\"elementor-column elementor-col-33 elementor-top-column elementor-element elementor-element-f9a4072\" data-id=\"f9a4072\" data-element_type=\"column\">\n\t\t\t<div class=\"elementor-widget-wrap elementor-element-populated\">\n\t\t\t\t\t\t\t\t<div class=\"elementor-element elementor-element-4855378 elementor-widget elementor-widget-wd_image_or_svg\" data-id=\"4855378\" data-element_type=\"widget\" data-widget_type=\"wd_image_or_svg.default\">\n\t\t\t\t<div class=\"elementor-widget-container\">\n\t\t\t\n\t\t<div class=\"wd-image text-left\">\n\t\t\t\t\t\t\t\t<img loading=\"lazy\" decoding=\"async\" width=\"729\" height=\"417\" src=\"https:\/\/tzila.mx\/dev\/wp-content\/uploads\/2022\/06\/AX5U5200C3816G-DCLARBK-DES-5.png\" class=\"attachment-full size-full\" alt=\"\" srcset=\"https:\/\/tzila.mx\/dev\/wp-content\/uploads\/2022\/06\/AX5U5200C3816G-DCLARBK-DES-5.png 729w, https:\/\/tzila.mx\/dev\/wp-content\/uploads\/2022\/06\/AX5U5200C3816G-DCLARBK-DES-5-400x229.png 400w, https:\/\/tzila.mx\/dev\/wp-content\/uploads\/2022\/06\/AX5U5200C3816G-DCLARBK-DES-5-430x246.png 430w, https:\/\/tzila.mx\/dev\/wp-content\/uploads\/2022\/06\/AX5U5200C3816G-DCLARBK-DES-5-700x400.png 700w, https:\/\/tzila.mx\/dev\/wp-content\/uploads\/2022\/06\/AX5U5200C3816G-DCLARBK-DES-5-150x86.png 150w\" sizes=\"auto, (max-width: 729px) 100vw, 729px\" \/>\t\t\t\t\t<\/div>\n\n\t\t\t\t<\/div>\n\t\t\t\t<\/div>\n\t\t\t\t<div class=\"elementor-element elementor-element-933536a elementor-widget elementor-widget-wd_text_block\" data-id=\"933536a\" data-element_type=\"widget\" data-widget_type=\"wd_text_block.default\">\n\t\t\t\t<div class=\"elementor-widget-container\">\n\t\t\t\t\t<div class=\"wd-text-block reset-last-child text-left\">\n\t\t\t\n\t\t\t<div class=\"row-content\" data-v-4a3cc608=\"\"><h4>Estabilidad y fiabilidad<\/h4><article data-v-4a3cc608=\"\"><p>Con el c\u00f3digo de correcci\u00f3n de errores (ECC) en matriz, este m\u00f3dulo puede corregir errores en tiempo real para proporcionar una mayor estabilidad y confiabilidad.<\/p><\/article><\/div>\n\t\t\t\t\t<\/div>\n\t\t\t\t<\/div>\n\t\t\t\t<\/div>\n\t\t\t\t<div class=\"elementor-element elementor-element-7d58ac7 elementor-widget elementor-widget-wd_text_block\" data-id=\"7d58ac7\" data-element_type=\"widget\" data-widget_type=\"wd_text_block.default\">\n\t\t\t\t<div class=\"elementor-widget-container\">\n\t\t\t\t\t<div class=\"wd-text-block reset-last-child text-left\">\n\t\t\t\n\t\t\t<div class=\"row-content r-side\" data-v-4a3cc608=\"\"><h4>Fabricado con materiales de alta calidad<\/h4><article data-v-4a3cc608=\"\"><p>Los IC y PCB de alta calidad garantizan un rendimiento sin concesiones y un overclocking fiable, ideal para gamers y overclockers exigentes.<\/p><\/article><\/div>\n\t\t\t\t\t<\/div>\n\t\t\t\t<\/div>\n\t\t\t\t<\/div>\n\t\t\t\t<div class=\"elementor-element elementor-element-ad7bd7c elementor-widget elementor-widget-wd_text_block\" data-id=\"ad7bd7c\" data-element_type=\"widget\" data-widget_type=\"wd_text_block.default\">\n\t\t\t\t<div class=\"elementor-widget-container\">\n\t\t\t\t\t<div class=\"wd-text-block reset-last-child text-left\">\n\t\t\t\n\t\t\t<div class=\"row-content\" data-v-4a3cc608=\"\"><h4>El overclocking f\u00e1cil<\/h4><article data-v-4a3cc608=\"\"><p>Con soporte para Intel XMP 3.0, obtenga overclocking f\u00e1cilmente sin la necesidad de complicarse con la configuraci\u00f3n de la BIOS. No es necesario ajustar y afinar repetidamente los par\u00e1metros de overclocking.\u00a0<\/p><\/article><\/div>\n\t\t\t\t\t<\/div>\n\t\t\t\t<\/div>\n\t\t\t\t<\/div>\n\t\t\t\t<div class=\"elementor-element elementor-element-1628fa1 elementor-widget elementor-widget-wd_image_or_svg\" data-id=\"1628fa1\" data-element_type=\"widget\" data-widget_type=\"wd_image_or_svg.default\">\n\t\t\t\t<div class=\"elementor-widget-container\">\n\t\t\t\n\t\t<div class=\"wd-image text-left\">\n\t\t\t\t\t\t\t\t<img loading=\"lazy\" decoding=\"async\" width=\"681\" height=\"411\" src=\"https:\/\/tzila.mx\/dev\/wp-content\/uploads\/2022\/06\/AX5U5200C3816G-DCLARBK-DES-4.png\" class=\"attachment-full size-full\" alt=\"\" srcset=\"https:\/\/tzila.mx\/dev\/wp-content\/uploads\/2022\/06\/AX5U5200C3816G-DCLARBK-DES-4.png 681w, https:\/\/tzila.mx\/dev\/wp-content\/uploads\/2022\/06\/AX5U5200C3816G-DCLARBK-DES-4-400x241.png 400w, https:\/\/tzila.mx\/dev\/wp-content\/uploads\/2022\/06\/AX5U5200C3816G-DCLARBK-DES-4-430x260.png 430w, https:\/\/tzila.mx\/dev\/wp-content\/uploads\/2022\/06\/AX5U5200C3816G-DCLARBK-DES-4-150x91.png 150w\" sizes=\"auto, (max-width: 681px) 100vw, 681px\" \/>\t\t\t\t\t<\/div>\n\n\t\t\t\t<\/div>\n\t\t\t\t<\/div>\n\t\t\t\t\t<\/div>\n\t\t<\/div>\n\t\t\t\t<div class=\"elementor-column elementor-col-33 elementor-top-column elementor-element elementor-element-ffeafee\" data-id=\"ffeafee\" data-element_type=\"column\">\n\t\t\t<div class=\"elementor-widget-wrap elementor-element-populated\">\n\t\t\t\t\t\t\t\t<div class=\"elementor-element elementor-element-3da595c elementor-widget elementor-widget-wd_text_block\" data-id=\"3da595c\" data-element_type=\"widget\" data-widget_type=\"wd_text_block.default\">\n\t\t\t\t<div class=\"elementor-widget-container\">\n\t\t\t\t\t<div class=\"wd-text-block reset-last-child text-left\">\n\t\t\t\n\t\t\t<div class=\"row-content r-side\" data-v-4a3cc608=\"\"><h4>Consejos r\u00e1pidos: DDR5 vs DDR4 - Aspecto<\/h4><article data-v-4a3cc608=\"\"><p>Los m\u00f3dulos DDR5 U-DIMM tienen las mismas dimensiones y n\u00famero de clavijas que los m\u00f3dulos DDR4. La diferencia m\u00e1s obvia es la posici\u00f3n de la muesca a toda prueba. Adem\u00e1s, DDR5 integra resistores de E\/S con resistores CMD\/ADD. Adem\u00e1s, la apariencia de los m\u00f3dulos DDR5 es m\u00e1s limpia que la de DDR4. Adem\u00e1s, puede ver un PMIC en el centro.<\/p><\/article><\/div>\n\t\t\t\t\t<\/div>\n\t\t\t\t<\/div>\n\t\t\t\t<\/div>\n\t\t\t\t<div class=\"elementor-element elementor-element-bea5ab6 elementor-widget elementor-widget-wd_text_block\" data-id=\"bea5ab6\" data-element_type=\"widget\" data-widget_type=\"wd_text_block.default\">\n\t\t\t\t<div class=\"elementor-widget-container\">\n\t\t\t\t\t<div class=\"wd-text-block reset-last-child text-left\">\n\t\t\t\n\t\t\t<div class=\"row-content\" data-v-4a3cc608=\"\"><h4>Consejos r\u00e1pidos: DDR5 vs DDR4 - Arquitectura de chip<\/h4><article data-v-4a3cc608=\"\"><p>Los m\u00f3dulos DDR5 proporcionan dos veces m\u00e1s capacidad que DDR4 al empaquetarse en m\u00e1s bancos y grupos de bancos. Adem\u00e1s, la longitud de r\u00e1faga y la precaptura tambi\u00e9n se duplican. Y para garantizar la integridad de los datos, cuentan con tecnolog\u00eda de c\u00f3digo de correcci\u00f3n de errores (ECC).<\/p><\/article><\/div>\n\t\t\t\t\t<\/div>\n\t\t\t\t<\/div>\n\t\t\t\t<\/div>\n\t\t\t\t<div class=\"elementor-element elementor-element-d27798c elementor-widget elementor-widget-wd_image_or_svg\" data-id=\"d27798c\" data-element_type=\"widget\" data-widget_type=\"wd_image_or_svg.default\">\n\t\t\t\t<div class=\"elementor-widget-container\">\n\t\t\t\n\t\t<div class=\"wd-image text-left\">\n\t\t\t\t\t\t\t\t<img loading=\"lazy\" decoding=\"async\" width=\"724\" height=\"355\" src=\"https:\/\/tzila.mx\/dev\/wp-content\/uploads\/2022\/06\/AX5U5200C3816G-DCLARBK-DES-3.png\" class=\"attachment-full size-full\" alt=\"\" srcset=\"https:\/\/tzila.mx\/dev\/wp-content\/uploads\/2022\/06\/AX5U5200C3816G-DCLARBK-DES-3.png 724w, https:\/\/tzila.mx\/dev\/wp-content\/uploads\/2022\/06\/AX5U5200C3816G-DCLARBK-DES-3-400x196.png 400w, https:\/\/tzila.mx\/dev\/wp-content\/uploads\/2022\/06\/AX5U5200C3816G-DCLARBK-DES-3-430x211.png 430w, https:\/\/tzila.mx\/dev\/wp-content\/uploads\/2022\/06\/AX5U5200C3816G-DCLARBK-DES-3-700x343.png 700w, https:\/\/tzila.mx\/dev\/wp-content\/uploads\/2022\/06\/AX5U5200C3816G-DCLARBK-DES-3-150x74.png 150w\" sizes=\"auto, (max-width: 724px) 100vw, 724px\" \/>\t\t\t\t\t<\/div>\n\n\t\t\t\t<\/div>\n\t\t\t\t<\/div>\n\t\t\t\t<div class=\"elementor-element elementor-element-d0bac66 elementor-widget elementor-widget-wd_text_block\" data-id=\"d0bac66\" data-element_type=\"widget\" data-widget_type=\"wd_text_block.default\">\n\t\t\t\t<div class=\"elementor-widget-container\">\n\t\t\t\t\t<div class=\"wd-text-block reset-last-child text-left\">\n\t\t\t\n\t\t\t<div class=\"row-content r-side\" data-v-4a3cc608=\"\"><h4>Consejos r\u00e1pidos: DDR5 vs DDR4 - Rendimiento<\/h4><article data-v-4a3cc608=\"\"><p>El mayor cambio es que el ancho de banda y la frecuencia son significativamente m\u00e1s altos. Los m\u00f3dulos de memoria ADATA DDR5 ofrecen frecuencias de hasta 4800 MT\/s y cuentan con un ancho de banda de 38,4 GB\/s, que es un 50 % m\u00e1s alto que el DDR4-3200. La frecuencia m\u00e1xima se incrementa 1,63 veces en comparaci\u00f3n con DDR4.\u00a0<\/p><\/article><\/div>\n\t\t\t\t\t<\/div>\n\t\t\t\t<\/div>\n\t\t\t\t<\/div>\n\t\t\t\t<div class=\"elementor-element elementor-element-192bab2 elementor-widget elementor-widget-wd_button\" data-id=\"192bab2\" data-element_type=\"widget\" data-widget_type=\"wd_button.default\">\n\t\t\t\t<div class=\"elementor-widget-container\">\n\t\t\t\t\t<div class=\"wd-button-wrapper text-center\" >\n\t\t\t<a class=\"btn btn-style-link btn-shape- btn-size-large btn-scheme-light btn-scheme-hover-dark btn-icon-pos-right\"  href=\"https:\/\/webapi3.adata.com\/storage\/downloadfile\/datasheet_xpg_lancer_rgb_ddr5_dram_20220223.pdf\" target=\"_blank\">\n\t\t\t\t<span class=\"wd-btn-text\" data-elementor-setting-key=\"text\">\n\t\t\t\t\tSaber m\u00e1s\t\t\t\t<\/span>\n\n\t\t\t\t\t\t\t<\/a>\n\t\t<\/div>\n\t\t\t\t<\/div>\n\t\t\t\t<\/div>\n\t\t\t\t\t<\/div>\n\t\t<\/div>\n\t\t\t\t\t\t\t<\/div>\n\t\t<\/section>\n\t\t\t\t\t\t<\/div>\n\t\t\t\t\t<\/div>\n\t\t","protected":false},"excerpt":{"rendered":"<h4>Caracter\u00edsticas principales:<\/h4>\n<p class=\"p1\"><span class=\"s1\">\u25cf<\/span><span class=\"s2\"> Capacidad memoria: 16<strong>GB<\/strong> (1x16GB)<\/span><br \/>\n<span class=\"s1\">\u25cf<\/span><span class=\"s2\"> Velocidad: de hasta 6000MHZ<\/span><br \/>\n<span class=\"s1\">\u25cf<\/span><span class=\"s2\"> Latencia CAS: CL40<\/span><br \/>\n<span class=\"s1\">\u25cf<\/span><span class=\"s2\"> Soporte Intel<sup>\u00ae<\/sup> XMP 3.0<\/span><\/p>\n","protected":false},"featured_media":15999,"comment_status":"open","ping_status":"closed","template":"","meta":[],"product_cat":[20,74,97],"product_tag":[112],"class_list":["post-16014","product","type-product","status-publish","has-post-thumbnail","hentry","product_cat-hardware","product_cat-memoria-ram","product_cat-adata","product_tag-xpg","pa_brand-adata"],"_links":{"self":[{"href":"https:\/\/tzila.mx\/dev\/wp-json\/wp\/v2\/product\/16014","targetHints":{"allow":["GET"]}}],"collection":[{"href":"https:\/\/tzila.mx\/dev\/wp-json\/wp\/v2\/product"}],"about":[{"href":"https:\/\/tzila.mx\/dev\/wp-json\/wp\/v2\/types\/product"}],"replies":[{"embeddable":true,"href":"https:\/\/tzila.mx\/dev\/wp-json\/wp\/v2\/comments?post=16014"}],"version-history":[{"count":2,"href":"https:\/\/tzila.mx\/dev\/wp-json\/wp\/v2\/product\/16014\/revisions"}],"predecessor-version":[{"id":16017,"href":"https:\/\/tzila.mx\/dev\/wp-json\/wp\/v2\/product\/16014\/revisions\/16017"}],"wp:featuredmedia":[{"embeddable":true,"href":"https:\/\/tzila.mx\/dev\/wp-json\/wp\/v2\/media\/15999"}],"wp:attachment":[{"href":"https:\/\/tzila.mx\/dev\/wp-json\/wp\/v2\/media?parent=16014"}],"wp:term":[{"taxonomy":"product_cat","embeddable":true,"href":"https:\/\/tzila.mx\/dev\/wp-json\/wp\/v2\/product_cat?post=16014"},{"taxonomy":"product_tag","embeddable":true,"href":"https:\/\/tzila.mx\/dev\/wp-json\/wp\/v2\/product_tag?post=16014"}],"curies":[{"name":"wp","href":"https:\/\/api.w.org\/{rel}","templated":true}]}}