{"id":15944,"date":"2022-06-15T00:34:33","date_gmt":"2022-06-15T05:34:33","guid":{"rendered":"https:\/\/tzila.mx\/dev\/?post_type=product&#038;p=15944"},"modified":"2022-06-29T11:35:30","modified_gmt":"2022-06-29T16:35:30","slug":"laptops-gamer-xpg-xenia-14-14-full-hd","status":"publish","type":"product","link":"https:\/\/tzila.mx\/dev\/producto\/laptops-gamer-xpg-xenia-14-14-full-hd\/","title":{"rendered":"Laptops Gamer  XPG XENIA 14 14&#8243; Full HD"},"content":{"rendered":"\t\t<div data-elementor-type=\"wp-post\" data-elementor-id=\"15944\" class=\"elementor elementor-15944\" data-elementor-settings=\"[]\">\n\t\t\t\t\t\t\t<div class=\"elementor-section-wrap\">\n\t\t\t\t\t\t\t<section class=\"elementor-section elementor-top-section elementor-element elementor-element-a77d38a elementor-section-boxed elementor-section-height-default elementor-section-height-default wd-section-disabled\" data-id=\"a77d38a\" data-element_type=\"section\">\n\t\t\t\t\t\t<div class=\"elementor-container elementor-column-gap-default\">\n\t\t\t\t\t<div class=\"elementor-column elementor-col-33 elementor-top-column elementor-element elementor-element-606b0e0\" data-id=\"606b0e0\" data-element_type=\"column\">\n\t\t\t<div class=\"elementor-widget-wrap elementor-element-populated\">\n\t\t\t\t\t\t\t\t<div class=\"elementor-element elementor-element-2efa55d elementor-widget elementor-widget-wd_text_block\" data-id=\"2efa55d\" data-element_type=\"widget\" data-widget_type=\"wd_text_block.default\">\n\t\t\t\t<div class=\"elementor-widget-container\">\n\t\t\t\t\t<div class=\"wd-text-block reset-last-child text-left\">\n\t\t\t\n\t\t\t<h5><strong>M\u00c1S ESPECIFICACIONES<\/strong><strong>:<\/strong><\/h5>\n\t\t\t\t\t<\/div>\n\t\t\t\t<\/div>\n\t\t\t\t<\/div>\n\t\t\t\t<div class=\"elementor-element elementor-element-00b20a9 elementor-widget elementor-widget-wd_text_block\" data-id=\"00b20a9\" data-element_type=\"widget\" data-widget_type=\"wd_text_block.default\">\n\t\t\t\t<div class=\"elementor-widget-container\">\n\t\t\t\t\t<div class=\"wd-text-block reset-last-child text-left\">\n\t\t\t\n\t\t\t<p>\u25cf 11\u00ba procesador Gen Intel<sup>\u00ae<\/sup> Core\u2122 i7\/i5 con gr\u00e1ficos Intel<sup>\u00ae<\/sup> Iris<sup>\u00ae<\/sup> Xe<br \/>\u25cf Windows 10 Home Advanced<br \/>\u25cf Carcasa delgada y ligera de aleaci\u00f3n de magnesio 970g<br \/>\u25cf PCIe Gen4 SSD - XPG GAMMIX S50 LITE de 512 GB preinstalada<br \/>\u25cf Memoria premium XPG 3200MHz DDR4 de 16 GB preinstalada<br \/>\u25cf Selecci\u00f3n vers\u00e1til de los mejores puertos I\/O en su clase<br \/>\u25cf Marco superestrecho de 2 mm con 92% proporci\u00f3n pantalla a cuerpo<br \/>\u25cf Pantalla precisa y brillante de 14\", 16:10<br \/>\u25cf Tecnolog\u00eda Thunderbolt\u2122 4<br \/>\u25cf Compatible con Wi-Fi 6 y Bluetooth 5.1<br \/>\u25cf Hasta 10 horas de bater\u00eda y carga r\u00e1pida<br \/>\u25cf C\u00e1mara HD IR con Windows Hello Support\u00a0<br \/>\u25cf Pase de 1 mes de prueba gratuito para Xbox Game<\/p>\n\t\t\t\t\t<\/div>\n\t\t\t\t<\/div>\n\t\t\t\t<\/div>\n\t\t\t\t\t<\/div>\n\t\t<\/div>\n\t\t\t\t<div class=\"elementor-column elementor-col-66 elementor-top-column elementor-element elementor-element-b692253\" data-id=\"b692253\" data-element_type=\"column\">\n\t\t\t<div class=\"elementor-widget-wrap elementor-element-populated\">\n\t\t\t\t\t\t\t\t<div class=\"elementor-element elementor-element-0fefcf7 elementor-widget elementor-widget-wd_image_or_svg\" data-id=\"0fefcf7\" data-element_type=\"widget\" data-widget_type=\"wd_image_or_svg.default\">\n\t\t\t\t<div class=\"elementor-widget-container\">\n\t\t\t\n\t\t<div class=\"wd-image text-center\">\n\t\t\t\t\t\t\t\t<img decoding=\"async\" src=\"https:\/\/tzila.mx\/dev\/wp-content\/uploads\/elementor\/thumbs\/XENIA14I5G11GXELX-BKCMX-DES-1-pqc5b1sah2s3djm67b4oqatmnqxoy0an480pk4ippc.png\" title=\"XENIA14I5G11GXELX-BKCMX-DES-1\" alt=\"XENIA14I5G11GXELX-BKCMX-DES-1\" \/>\t\t\t\t\t<\/div>\n\n\t\t\t\t<\/div>\n\t\t\t\t<\/div>\n\t\t\t\t\t<\/div>\n\t\t<\/div>\n\t\t\t\t\t\t\t<\/div>\n\t\t<\/section>\n\t\t\t\t<section class=\"elementor-section elementor-top-section elementor-element elementor-element-ec9e38a elementor-section-boxed elementor-section-height-default elementor-section-height-default wd-section-disabled\" data-id=\"ec9e38a\" data-element_type=\"section\">\n\t\t\t\t\t\t<div class=\"elementor-container elementor-column-gap-default\">\n\t\t\t\t\t<div class=\"elementor-column elementor-col-33 elementor-top-column elementor-element elementor-element-c833c6a\" data-id=\"c833c6a\" data-element_type=\"column\">\n\t\t\t<div class=\"elementor-widget-wrap elementor-element-populated\">\n\t\t\t\t\t\t\t\t<div class=\"elementor-element elementor-element-6ae12e9 elementor-widget elementor-widget-wd_text_block\" data-id=\"6ae12e9\" data-element_type=\"widget\" data-widget_type=\"wd_text_block.default\">\n\t\t\t\t<div class=\"elementor-widget-container\">\n\t\t\t\t\t<div class=\"wd-text-block reset-last-child text-left\">\n\t\t\t\n\t\t\t<h4>El factor Guau<\/h4><p>XPG proporciona continuamente productos port\u00e1tiles destacados y extraordinarios para los usuarios. XPG XENIA 14 est\u00e1 equipado con un procesador Intel<sup>\u00ae<\/sup> 11th Gen Tigerlake y gr\u00e1ficos Xe en una carcasa delgada y ultraport\u00e1til de aleaci\u00f3n de magnesio. Adem\u00e1s, cuenta con la tecnolog\u00eda XPG PCIe Gen4 SSD y memoria DDR4, y ofrece una bater\u00eda de larga vida \u00fatil.<\/p>\n\t\t\t\t\t<\/div>\n\t\t\t\t<\/div>\n\t\t\t\t<\/div>\n\t\t\t\t<div class=\"elementor-element elementor-element-252ec94 elementor-widget elementor-widget-wd_text_block\" data-id=\"252ec94\" data-element_type=\"widget\" data-widget_type=\"wd_text_block.default\">\n\t\t\t\t<div class=\"elementor-widget-container\">\n\t\t\t\t\t<div class=\"wd-text-block reset-last-child text-left\">\n\t\t\t\n\t\t\t<div class=\"row-content r-side\" data-v-4a3cc608=\"\"><h4>Carcasa delgada y ligera de aleaci\u00f3n de magnesio<\/h4><article data-v-4a3cc608=\"\"><p>Disfrute de un dise\u00f1o ligero pero s\u00f3lido para el cuerpo de aleaci\u00f3n de magnesio del XENIA 14. El XPG XENIA 14 pesa 970g y solo tiene un grosor de 15 mm; todo ello manteniendo regrigerados los componentes internos de alto rendimiento.<\/p><\/article><\/div>\n\t\t\t\t\t<\/div>\n\t\t\t\t<\/div>\n\t\t\t\t<\/div>\n\t\t\t\t<div class=\"elementor-element elementor-element-696e1a7 elementor-widget elementor-widget-wd_image_or_svg\" data-id=\"696e1a7\" data-element_type=\"widget\" data-widget_type=\"wd_image_or_svg.default\">\n\t\t\t\t<div class=\"elementor-widget-container\">\n\t\t\t\n\t\t<div class=\"wd-image text-center\">\n\t\t\t\t\t\t\t\t<img decoding=\"async\" src=\"https:\/\/tzila.mx\/dev\/wp-content\/uploads\/elementor\/thumbs\/XENIA14I5G11GXELX-BKCMX-DES-2-pqc5bipa8j3dhzt41yjlyplv7a3x00gm0vqitape3w.png\" title=\"XENIA14I5G11GXELX-BKCMX-DES-2\" alt=\"XENIA14I5G11GXELX-BKCMX-DES-2\" \/>\t\t\t\t\t<\/div>\n\n\t\t\t\t<\/div>\n\t\t\t\t<\/div>\n\t\t\t\t<div class=\"elementor-element elementor-element-69fd89b elementor-widget elementor-widget-wd_text_block\" data-id=\"69fd89b\" data-element_type=\"widget\" data-widget_type=\"wd_text_block.default\">\n\t\t\t\t<div class=\"elementor-widget-container\">\n\t\t\t\t\t<div class=\"wd-text-block reset-last-child text-left\">\n\t\t\t\n\t\t\t<div class=\"row-content r-side\" data-v-4a3cc608=\"\"><h4>A toda m\u00e1quina con unidades de estado s\u00f3lido PCIe 4.0 XPG<\/h4><article data-v-4a3cc608=\"\"><p>Aprovechando el ADN de XPG en los dispositivos de almacenamiento, el XPG XENIA 14 viene equipado con la unidad de estado s\u00f3lido XPG PCIe Gen4 m\u00e1s reciente: XPG GAMMIX S50 Lite. Disfrute de un nuevo nivel de rendimiento en juegos con velocidades de carga mejoradas hasta dos veces m\u00e1s r\u00e1pidas que las PCIe Gen3 y ocho veces m\u00e1s r\u00e1pidas que las unidades de estado s\u00f3lido SATA tradicionales.\u00a0<\/p><\/article><\/div>\n\t\t\t\t\t<\/div>\n\t\t\t\t<\/div>\n\t\t\t\t<\/div>\n\t\t\t\t<div class=\"elementor-element elementor-element-e9bf201 elementor-widget elementor-widget-wd_text_block\" data-id=\"e9bf201\" data-element_type=\"widget\" data-widget_type=\"wd_text_block.default\">\n\t\t\t\t<div class=\"elementor-widget-container\">\n\t\t\t\t\t<div class=\"wd-text-block reset-last-child text-left\">\n\t\t\t\n\t\t\t<div class=\"row-content\" data-v-4a3cc608=\"\"><h4>Rendimiento ampliado con memoria XPG<\/h4><article data-v-4a3cc608=\"\"><p>XPG XENIA 14 tiene el ADN del videojuego con su memoria XPG 3200MHz DDR4 de impresionante rendimiento y eficiencia. Posee una capacidad de 16 GB para funcionar con todas sus necesidades de multitarea. Adem\u00e1s, puede incrementar la capacidad DRAM a\u00f1adiendo un SO-DIMM extra de hasta 32 GB en total o ampliar todo el DRAM hasta 64 GB en total.<\/p><\/article><\/div>\n\t\t\t\t\t<\/div>\n\t\t\t\t<\/div>\n\t\t\t\t<\/div>\n\t\t\t\t\t<\/div>\n\t\t<\/div>\n\t\t\t\t<div class=\"elementor-column elementor-col-33 elementor-top-column elementor-element elementor-element-e7b3bda\" data-id=\"e7b3bda\" data-element_type=\"column\">\n\t\t\t<div class=\"elementor-widget-wrap elementor-element-populated\">\n\t\t\t\t\t\t\t\t<div class=\"elementor-element elementor-element-62718e3 elementor-widget elementor-widget-wd_text_block\" data-id=\"62718e3\" data-element_type=\"widget\" data-widget_type=\"wd_text_block.default\">\n\t\t\t\t<div class=\"elementor-widget-container\">\n\t\t\t\t\t<div class=\"wd-text-block reset-last-child text-left\">\n\t\t\t\n\t\t\t<div class=\"row-content r-side\" data-v-4a3cc608=\"\"><h4>Procesador 11th Gen Intel\u00ae con gr\u00e1ficos Intel\u00ae Iris\u00ae Xe<\/h4><article data-v-4a3cc608=\"\"><p>Los procesadores m\u00f3viles Intel<sup>\u00ae<\/sup> Core\u2122 i5 o i7 de 4 n\u00facleos y 10 subprocesos de 11.\u00aa generaci\u00f3n cuentan con la funci\u00f3n Turbo Boost de hasta 4,7 GHz. Los gr\u00e1ficos Intel<sup>\u00ae<\/sup> Iris Xe tambi\u00e9n proporcionan una gigantesca mejora de rendimiento mediante el nuevo dise\u00f1o de GPU integrada de Intel. Esto permite que XPG XENIA 14 proporcione una productividad de p\u00edxel perfecto o un emocionante videojuego ocasional, y la capacidad de conectar hasta tres monitores 4K externos.\u00a0<\/p><\/article><\/div>\n\t\t\t\t\t<\/div>\n\t\t\t\t<\/div>\n\t\t\t\t<\/div>\n\t\t\t\t<div class=\"elementor-element elementor-element-ed3b779 elementor-widget elementor-widget-wd_text_block\" data-id=\"ed3b779\" data-element_type=\"widget\" data-widget_type=\"wd_text_block.default\">\n\t\t\t\t<div class=\"elementor-widget-container\">\n\t\t\t\t\t<div class=\"wd-text-block reset-last-child text-left\">\n\t\t\t\n\t\t\t<div class=\"stitle\"><div class=\"row-content\" data-v-4a3cc608=\"\"><h4>Selecci\u00f3n vers\u00e1til de los mejores puertos I\/O de su clase<\/h4><article data-v-4a3cc608=\"\"><p>El XPG XENIA 14 posee un combo vers\u00e1til de puertos I\/O, incluyendo m\u00faltiples puertos USB Tipo-C con uno equipado con Thunderbolt 4 tanto para una carga c\u00f3moda como para transferencias r\u00e1pidas de datos. Tambi\u00e9n se incluye un puerto USB 3.2 Gen2 Tipo-A, un conector combo de audio de 3,5 mm, y un puerto Video. Adem\u00e1s, XPG XENIA 14 es capaz de conectar hasta tres monitores 4K externos a trav\u00e9s de puertos Video y USB-C.<\/p><\/article><\/div><\/div>\n\t\t\t\t\t<\/div>\n\t\t\t\t<\/div>\n\t\t\t\t<\/div>\n\t\t\t\t<div class=\"elementor-element elementor-element-65a464e elementor-widget elementor-widget-wd_text_block\" data-id=\"65a464e\" data-element_type=\"widget\" data-widget_type=\"wd_text_block.default\">\n\t\t\t\t<div class=\"elementor-widget-container\">\n\t\t\t\t\t<div class=\"wd-text-block reset-last-child text-left\">\n\t\t\t\n\t\t\t<div class=\"row-content\" data-v-4a3cc608=\"\"><h4>Marcos superestrechos de 2 mm con 92 % de proporci\u00f3n pantalla a cuerpo<\/h4><article data-v-4a3cc608=\"\"><p>Un dise\u00f1o de marco superestrecho de 2 mm con un 92 % de proporci\u00f3n pantalla a cuerpo que ofrece m\u00e1s pantalla y menos distracciones. Una perfecta distribuci\u00f3n del peso y dise\u00f1o de bisagra que tambi\u00e9n supone que puede abrir f\u00e1cilmente el port\u00e1til con una sola mano.<\/p><\/article><\/div>\n\t\t\t\t\t<\/div>\n\t\t\t\t<\/div>\n\t\t\t\t<\/div>\n\t\t\t\t<div class=\"elementor-element elementor-element-8604524 elementor-widget elementor-widget-wd_image_or_svg\" data-id=\"8604524\" data-element_type=\"widget\" data-widget_type=\"wd_image_or_svg.default\">\n\t\t\t\t<div class=\"elementor-widget-container\">\n\t\t\t\n\t\t<div class=\"wd-image text-center\">\n\t\t\t\t\t\t\t\t<img loading=\"lazy\" decoding=\"async\" width=\"697\" height=\"414\" src=\"https:\/\/tzila.mx\/dev\/wp-content\/uploads\/2022\/06\/XENIA14I5G11GXELX-BKCMX-DES-3.png\" class=\"attachment-full size-full\" alt=\"\" srcset=\"https:\/\/tzila.mx\/dev\/wp-content\/uploads\/2022\/06\/XENIA14I5G11GXELX-BKCMX-DES-3.png 697w, https:\/\/tzila.mx\/dev\/wp-content\/uploads\/2022\/06\/XENIA14I5G11GXELX-BKCMX-DES-3-400x238.png 400w, https:\/\/tzila.mx\/dev\/wp-content\/uploads\/2022\/06\/XENIA14I5G11GXELX-BKCMX-DES-3-430x255.png 430w, https:\/\/tzila.mx\/dev\/wp-content\/uploads\/2022\/06\/XENIA14I5G11GXELX-BKCMX-DES-3-150x89.png 150w\" sizes=\"auto, (max-width: 697px) 100vw, 697px\" \/>\t\t\t\t\t<\/div>\n\n\t\t\t\t<\/div>\n\t\t\t\t<\/div>\n\t\t\t\t<div class=\"elementor-element elementor-element-e5cce17 elementor-widget elementor-widget-wd_text_block\" data-id=\"e5cce17\" data-element_type=\"widget\" data-widget_type=\"wd_text_block.default\">\n\t\t\t\t<div class=\"elementor-widget-container\">\n\t\t\t\t\t<div class=\"wd-text-block reset-last-child text-left\">\n\t\t\t\n\t\t\t<div class=\"row-content r-side\" data-v-4a3cc608=\"\"><h4>Thunderbolt\u2122 4<\/h4><article data-v-4a3cc608=\"\"><p>Thunderbolt 4 proporciona conectividad de \u00faltima generaci\u00f3n con velocidades de hasta 40 Gbps que habilitan hasta dos monitores con resoluci\u00f3n 4K a 60 Hz y es compatible con USB 4.0 para incluso m\u00e1s versatilidad.\u00a0<\/p><\/article><\/div>\n\t\t\t\t\t<\/div>\n\t\t\t\t<\/div>\n\t\t\t\t<\/div>\n\t\t\t\t\t<\/div>\n\t\t<\/div>\n\t\t\t\t<div class=\"elementor-column elementor-col-33 elementor-top-column elementor-element elementor-element-ba9b9c1\" data-id=\"ba9b9c1\" data-element_type=\"column\">\n\t\t\t<div class=\"elementor-widget-wrap elementor-element-populated\">\n\t\t\t\t\t\t\t\t<div class=\"elementor-element elementor-element-014c91c elementor-widget elementor-widget-wd_text_block\" data-id=\"014c91c\" data-element_type=\"widget\" data-widget_type=\"wd_text_block.default\">\n\t\t\t\t<div class=\"elementor-widget-container\">\n\t\t\t\t\t<div class=\"wd-text-block reset-last-child text-left\">\n\t\t\t\n\t\t\t<div class=\"row-content r-side\" data-v-4a3cc608=\"\"><div class=\"row-content\" data-v-4a3cc608=\"\"><h4>Wi-Fi 6 y Bluetooth 5.1<\/h4><article data-v-4a3cc608=\"\"><p>Equipado con Intel<sup>\u00ae<\/sup> Wi-Fi 6 AX201, el ultraport\u00e1til XPG XENIA 14 le permite disfrutar de lo \u00faltimo en conectividad con compatibilidad con Wi-Fi 6 y Bluetooth 5.1. Wi-Fi 6: permite a los enrutadores comunicarse con m\u00e1s dispositivos a la vez y enviar datos a varios dispositivos en la misma transmisi\u00f3n con un alcance de transmisi\u00f3n m\u00e1s amplio. Bluetooth 5.1: incorpora una nueva funci\u00f3n de \"b\u00fasqueda de direcciones\" que permite que el XPG XENIA 14 identifique la ubicaci\u00f3n f\u00edsica de las se\u00f1ales Bluetooth para una mayor estabilidad.<\/p><\/article><\/div><\/div>\n\t\t\t\t\t<\/div>\n\t\t\t\t<\/div>\n\t\t\t\t<\/div>\n\t\t\t\t<div class=\"elementor-element elementor-element-7a297c2 elementor-widget elementor-widget-wd_image_or_svg\" data-id=\"7a297c2\" data-element_type=\"widget\" data-widget_type=\"wd_image_or_svg.default\">\n\t\t\t\t<div class=\"elementor-widget-container\">\n\t\t\t\n\t\t<div class=\"wd-image text-center\">\n\t\t\t\t\t\t\t\t<img loading=\"lazy\" decoding=\"async\" width=\"725\" height=\"433\" src=\"https:\/\/tzila.mx\/dev\/wp-content\/uploads\/2022\/06\/XENIA14I5G11GXELX-BKCMX-DES-4.png\" class=\"attachment-full size-full\" alt=\"\" srcset=\"https:\/\/tzila.mx\/dev\/wp-content\/uploads\/2022\/06\/XENIA14I5G11GXELX-BKCMX-DES-4.png 725w, https:\/\/tzila.mx\/dev\/wp-content\/uploads\/2022\/06\/XENIA14I5G11GXELX-BKCMX-DES-4-400x239.png 400w, https:\/\/tzila.mx\/dev\/wp-content\/uploads\/2022\/06\/XENIA14I5G11GXELX-BKCMX-DES-4-430x257.png 430w, https:\/\/tzila.mx\/dev\/wp-content\/uploads\/2022\/06\/XENIA14I5G11GXELX-BKCMX-DES-4-700x418.png 700w, https:\/\/tzila.mx\/dev\/wp-content\/uploads\/2022\/06\/XENIA14I5G11GXELX-BKCMX-DES-4-150x90.png 150w\" sizes=\"auto, (max-width: 725px) 100vw, 725px\" \/>\t\t\t\t\t<\/div>\n\n\t\t\t\t<\/div>\n\t\t\t\t<\/div>\n\t\t\t\t<div class=\"elementor-element elementor-element-b96fd86 elementor-widget elementor-widget-wd_text_block\" data-id=\"b96fd86\" data-element_type=\"widget\" data-widget_type=\"wd_text_block.default\">\n\t\t\t\t<div class=\"elementor-widget-container\">\n\t\t\t\t\t<div class=\"wd-text-block reset-last-child text-left\">\n\t\t\t\n\t\t\t<div class=\"row-content r-side\" data-v-4a3cc608=\"\"><div class=\"row-content\" data-v-4a3cc608=\"\"><div class=\"row-content r-side\" data-v-4a3cc608=\"\"><h4>Bater\u00eda optimizada con carga r\u00e1pida<\/h4><article data-v-4a3cc608=\"\"><p>El XENIA 14 proporciona hasta 10 horas* de bater\u00eda para productividad todo el d\u00eda sobre la marcha, y el adaptador de CA incluido es compacto, con potencia de salida de 65 W a trav\u00e9s de un conector de ca\u00f1\u00f3n. Alternativamente, tambi\u00e9n puede cargar la bater\u00eda con cualquiera de los dos puertos USB Tipo-C (puerto USB Tipo-C o Thunderbolt 4)<\/p><\/article><\/div><\/div><\/div>\n\t\t\t\t\t<\/div>\n\t\t\t\t<\/div>\n\t\t\t\t<\/div>\n\t\t\t\t<div class=\"elementor-element elementor-element-ebd4b66 elementor-widget elementor-widget-wd_text_block\" data-id=\"ebd4b66\" data-element_type=\"widget\" data-widget_type=\"wd_text_block.default\">\n\t\t\t\t<div class=\"elementor-widget-container\">\n\t\t\t\t\t<div class=\"wd-text-block reset-last-child text-left\">\n\t\t\t\n\t\t\t<div class=\"row-content\" data-v-4a3cc608=\"\"><h4>Compatibilidad Windows Hello<\/h4><article data-v-4a3cc608=\"\"><p>El XPG XENIA 14 es compatible con Windows Hello y puede reactivarse desde el modo reposo en solo segundos gracias al reconocimiento facial mediante la c\u00e1mara IR colocada encima de la pantalla.<\/p><\/article><\/div>\n\t\t\t\t\t<\/div>\n\t\t\t\t<\/div>\n\t\t\t\t<\/div>\n\t\t\t\t<div class=\"elementor-element elementor-element-51ad2ae elementor-widget elementor-widget-wd_text_block\" data-id=\"51ad2ae\" data-element_type=\"widget\" data-widget_type=\"wd_text_block.default\">\n\t\t\t\t<div class=\"elementor-widget-container\">\n\t\t\t\t\t<div class=\"wd-text-block reset-last-child text-left\">\n\t\t\t\n\t\t\t<div class=\"row-content\" data-v-4a3cc608=\"\"><h4>Xbox Game Pass para prueba ilimitada de 1 mes<\/h4><article data-v-4a3cc608=\"\"><p>XPG XENIA 14 incluye una prueba gratuita de un mes de Xbox Game Pass que ofrece acceso a m\u00e1s de 200 juego<\/p><\/article><\/div>\n\t\t\t\t\t<\/div>\n\t\t\t\t<\/div>\n\t\t\t\t<\/div>\n\t\t\t\t<div class=\"elementor-element elementor-element-24c85e0 elementor-widget elementor-widget-wd_text_block\" data-id=\"24c85e0\" data-element_type=\"widget\" data-widget_type=\"wd_text_block.default\">\n\t\t\t\t<div class=\"elementor-widget-container\">\n\t\t\t\t\t<div class=\"wd-text-block reset-last-child text-left\">\n\t\t\t\n\t\t\t<div class=\"row-content\" data-v-4a3cc608=\"\"><h4>Windows 11 te acerca a lo que amas<\/h4><article data-v-4a3cc608=\"\"><p data-api=\"language: zh-TW; margin-top: 0pt; margin-bottom: 0pt; margin-left: 0in; text-align: left; direction: ltr; unicode-bidi: embed; mso-line-break-override: none; word-break: normal; punctuation-wrap: hanging;\">La familia, los amigos, las obsesiones, la m\u00fasica y las creaciones... Windows 11 es el lugar para todo.<\/p><\/article><\/div>\n\t\t\t\t\t<\/div>\n\t\t\t\t<\/div>\n\t\t\t\t<\/div>\n\t\t\t\t<div class=\"elementor-element elementor-element-078b475 elementor-widget elementor-widget-wd_button\" data-id=\"078b475\" data-element_type=\"widget\" data-widget_type=\"wd_button.default\">\n\t\t\t\t<div class=\"elementor-widget-container\">\n\t\t\t\t\t<div class=\"wd-button-wrapper text-center\" >\n\t\t\t<a class=\"btn btn-style-link btn-shape- btn-size-large btn-scheme-light btn-scheme-hover-dark btn-icon-pos-right\"  href=\"https:\/\/webapi3.adata.com\/storage\/downloadfile\/xpg_xenia_14_datasheet_v21.pdf\" target=\"_blank\">\n\t\t\t\t<span class=\"wd-btn-text\" data-elementor-setting-key=\"text\">\n\t\t\t\t\tSaber m\u00e1s\t\t\t\t<\/span>\n\n\t\t\t\t\t\t\t<\/a>\n\t\t<\/div>\n\t\t\t\t<\/div>\n\t\t\t\t<\/div>\n\t\t\t\t\t<\/div>\n\t\t<\/div>\n\t\t\t\t\t\t\t<\/div>\n\t\t<\/section>\n\t\t\t\t\t\t<\/div>\n\t\t\t\t\t<\/div>\n\t\t","protected":false},"excerpt":{"rendered":"<h4>Caracter\u00edsticas principales:<\/h4>\n<p class=\"p1\"><span class=\"s1\">\u25cf Intel<sup>\u00ae<\/sup> Core\u2122 i7\/i5 con gr\u00e1ficos Intel<sup>\u00ae<\/sup> Iris<sup>\u00ae<\/sup> Xe<\/span><br \/>\n<span class=\"s2\"><span class=\"s1\">\u25cf XPG GAMMIX S50 LITE de 512 GB<\/span><\/span><br \/>\n<span class=\"s1\">\u25cf XPG 3200MHz DDR4 de 16 GB<\/span><br \/>\n<span class=\"s1\">\u25cf Pantalla precisa y brillante de 14&#8243;<\/span><br \/>\n<span class=\"s1\">\u25cf Wi-Fi 6 y Bluetooth 5.1<\/span><br \/>\n\u25cf Hasta 10 horas de bater\u00eda y carga r\u00e1pida<br \/>\n\u25cf C\u00e1mara HD IR con Windows Hello Support<br \/>\n\u25cf Windows 10 Home Advanced<\/p>\n","protected":false},"featured_media":15947,"comment_status":"open","ping_status":"closed","template":"","meta":[],"product_cat":[243,20,97],"product_tag":[112],"class_list":["post-15944","product","type-product","status-publish","has-post-thumbnail","hentry","product_cat-lap-tops","product_cat-hardware","product_cat-adata","product_tag-xpg","pa_brand-adata"],"_links":{"self":[{"href":"https:\/\/tzila.mx\/dev\/wp-json\/wp\/v2\/product\/15944","targetHints":{"allow":["GET"]}}],"collection":[{"href":"https:\/\/tzila.mx\/dev\/wp-json\/wp\/v2\/product"}],"about":[{"href":"https:\/\/tzila.mx\/dev\/wp-json\/wp\/v2\/types\/product"}],"replies":[{"embeddable":true,"href":"https:\/\/tzila.mx\/dev\/wp-json\/wp\/v2\/comments?post=15944"}],"version-history":[{"count":7,"href":"https:\/\/tzila.mx\/dev\/wp-json\/wp\/v2\/product\/15944\/revisions"}],"predecessor-version":[{"id":15966,"href":"https:\/\/tzila.mx\/dev\/wp-json\/wp\/v2\/product\/15944\/revisions\/15966"}],"wp:featuredmedia":[{"embeddable":true,"href":"https:\/\/tzila.mx\/dev\/wp-json\/wp\/v2\/media\/15947"}],"wp:attachment":[{"href":"https:\/\/tzila.mx\/dev\/wp-json\/wp\/v2\/media?parent=15944"}],"wp:term":[{"taxonomy":"product_cat","embeddable":true,"href":"https:\/\/tzila.mx\/dev\/wp-json\/wp\/v2\/product_cat?post=15944"},{"taxonomy":"product_tag","embeddable":true,"href":"https:\/\/tzila.mx\/dev\/wp-json\/wp\/v2\/product_tag?post=15944"}],"curies":[{"name":"wp","href":"https:\/\/api.w.org\/{rel}","templated":true}]}}