{"id":15931,"date":"2022-06-15T00:15:04","date_gmt":"2022-06-15T05:15:04","guid":{"rendered":"https:\/\/tzila.mx\/dev\/?post_type=product&#038;p=15931"},"modified":"2022-06-29T11:35:33","modified_gmt":"2022-06-29T16:35:33","slug":"ventilador-xpg-vento-120-argb-fan","status":"publish","type":"product","link":"https:\/\/tzila.mx\/dev\/producto\/ventilador-xpg-vento-120-argb-fan\/","title":{"rendered":"Ventilador XPG VENTO 120 ARGB FAN"},"content":{"rendered":"\t\t<div data-elementor-type=\"wp-post\" data-elementor-id=\"15931\" class=\"elementor elementor-15931\" data-elementor-settings=\"[]\">\n\t\t\t\t\t\t\t<div class=\"elementor-section-wrap\">\n\t\t\t\t\t\t\t<section class=\"elementor-section elementor-top-section elementor-element elementor-element-a77d38a elementor-section-boxed elementor-section-height-default elementor-section-height-default wd-section-disabled\" data-id=\"a77d38a\" data-element_type=\"section\">\n\t\t\t\t\t\t<div class=\"elementor-container elementor-column-gap-default\">\n\t\t\t\t\t<div class=\"elementor-column elementor-col-33 elementor-top-column elementor-element elementor-element-606b0e0\" data-id=\"606b0e0\" data-element_type=\"column\">\n\t\t\t<div class=\"elementor-widget-wrap elementor-element-populated\">\n\t\t\t\t\t\t\t\t<div class=\"elementor-element elementor-element-2efa55d elementor-widget elementor-widget-wd_text_block\" data-id=\"2efa55d\" data-element_type=\"widget\" data-widget_type=\"wd_text_block.default\">\n\t\t\t\t<div class=\"elementor-widget-container\">\n\t\t\t\t\t<div class=\"wd-text-block reset-last-child text-left\">\n\t\t\t\n\t\t\t<h5><strong>M\u00c1S ESPECIFICACIONES<\/strong><strong>:<\/strong><\/h5>\n\t\t\t\t\t<\/div>\n\t\t\t\t<\/div>\n\t\t\t\t<\/div>\n\t\t\t\t<div class=\"elementor-element elementor-element-00b20a9 elementor-widget elementor-widget-wd_text_block\" data-id=\"00b20a9\" data-element_type=\"widget\" data-widget_type=\"wd_text_block.default\">\n\t\t\t\t<div class=\"elementor-widget-container\">\n\t\t\t\t\t<div class=\"wd-text-block reset-last-child text-left\">\n\t\t\t\n\t\t\t<p>\u25cf Rodamiento de ranuras con ruido de giro reducido y un gran rendimiento<br \/>\u25cf Rendimiento eficiente del flujo de aire de 45,3 CFM<br \/>\u25cf Funcionamiento del ventilador de a 23 dBA<br \/>\u25cf Efectos de iluminaci\u00f3n VENTO 120 ARGB<\/p>\n\t\t\t\t\t<\/div>\n\t\t\t\t<\/div>\n\t\t\t\t<\/div>\n\t\t\t\t\t<\/div>\n\t\t<\/div>\n\t\t\t\t<div class=\"elementor-column elementor-col-66 elementor-top-column elementor-element elementor-element-b692253\" data-id=\"b692253\" data-element_type=\"column\">\n\t\t\t<div class=\"elementor-widget-wrap elementor-element-populated\">\n\t\t\t\t\t\t\t\t<div class=\"elementor-element elementor-element-0fefcf7 elementor-widget elementor-widget-wd_image_or_svg\" data-id=\"0fefcf7\" data-element_type=\"widget\" data-widget_type=\"wd_image_or_svg.default\">\n\t\t\t\t<div class=\"elementor-widget-container\">\n\t\t\t\n\t\t<div class=\"wd-image text-center\">\n\t\t\t\t\t\t\t\t<img decoding=\"async\" src=\"https:\/\/tzila.mx\/dev\/wp-content\/uploads\/elementor\/thumbs\/VENTO120ARGBBKCWW-DES-1-pqc4bvnpz3e9qxnb6l2yoyo2u5acavbshnyqmhea9s.png\" title=\"VENTO120ARGBBKCWW-DES-1\" alt=\"VENTO120ARGBBKCWW-DES-1\" \/>\t\t\t\t\t<\/div>\n\n\t\t\t\t<\/div>\n\t\t\t\t<\/div>\n\t\t\t\t\t<\/div>\n\t\t<\/div>\n\t\t\t\t\t\t\t<\/div>\n\t\t<\/section>\n\t\t\t\t<section class=\"elementor-section elementor-top-section elementor-element elementor-element-ec9e38a elementor-section-boxed elementor-section-height-default elementor-section-height-default wd-section-disabled\" data-id=\"ec9e38a\" data-element_type=\"section\">\n\t\t\t\t\t\t<div class=\"elementor-container elementor-column-gap-default\">\n\t\t\t\t\t<div class=\"elementor-column elementor-col-33 elementor-top-column elementor-element elementor-element-c833c6a\" data-id=\"c833c6a\" data-element_type=\"column\">\n\t\t\t<div class=\"elementor-widget-wrap elementor-element-populated\">\n\t\t\t\t\t\t\t\t<div class=\"elementor-element elementor-element-6ae12e9 elementor-widget elementor-widget-wd_text_block\" data-id=\"6ae12e9\" data-element_type=\"widget\" data-widget_type=\"wd_text_block.default\">\n\t\t\t\t<div class=\"elementor-widget-container\">\n\t\t\t\t\t<div class=\"wd-text-block reset-last-child text-left\">\n\t\t\t\n\t\t\t<div class=\"row-content\" data-v-4a3cc608=\"\"><h4>SEA BRILLANTE<\/h4><article data-v-4a3cc608=\"\">El ventilador 120 ARGB Fan agota el calor con un flujo de aire de 45,3 CFM a solo 23 dBA de nivel de ruido, mientras que el VENTO 120 ARGB agrega m\u00e1s efectos de iluminaci\u00f3n, perfectos para que los usuarios complementen el escritorio de sus juegos.<\/article><\/div>\n\t\t\t\t\t<\/div>\n\t\t\t\t<\/div>\n\t\t\t\t<\/div>\n\t\t\t\t<div class=\"elementor-element elementor-element-8604524 elementor-widget elementor-widget-wd_image_or_svg\" data-id=\"8604524\" data-element_type=\"widget\" data-widget_type=\"wd_image_or_svg.default\">\n\t\t\t\t<div class=\"elementor-widget-container\">\n\t\t\t\n\t\t<div class=\"wd-image text-center\">\n\t\t\t\t\t\t\t\t<img loading=\"lazy\" decoding=\"async\" width=\"690\" height=\"411\" src=\"https:\/\/tzila.mx\/dev\/wp-content\/uploads\/2022\/06\/VENTO120ARGBBKCWW-DES-4.png\" class=\"attachment-full size-full\" alt=\"\" srcset=\"https:\/\/tzila.mx\/dev\/wp-content\/uploads\/2022\/06\/VENTO120ARGBBKCWW-DES-4.png 690w, https:\/\/tzila.mx\/dev\/wp-content\/uploads\/2022\/06\/VENTO120ARGBBKCWW-DES-4-400x238.png 400w, https:\/\/tzila.mx\/dev\/wp-content\/uploads\/2022\/06\/VENTO120ARGBBKCWW-DES-4-430x256.png 430w, https:\/\/tzila.mx\/dev\/wp-content\/uploads\/2022\/06\/VENTO120ARGBBKCWW-DES-4-150x89.png 150w\" sizes=\"auto, (max-width: 690px) 100vw, 690px\" \/>\t\t\t\t\t<\/div>\n\n\t\t\t\t<\/div>\n\t\t\t\t<\/div>\n\t\t\t\t<div class=\"elementor-element elementor-element-10bce73 elementor-widget elementor-widget-wd_text_block\" data-id=\"10bce73\" data-element_type=\"widget\" data-widget_type=\"wd_text_block.default\">\n\t\t\t\t<div class=\"elementor-widget-container\">\n\t\t\t\t\t<div class=\"wd-text-block reset-last-child text-left\">\n\t\t\t\n\t\t\t<div class=\"row-content r-side\" data-v-4a3cc608=\"\"><div class=\"row-content r-side\" data-v-4a3cc608=\"\"><h4>VENTO 120 ARGB<\/h4><article data-v-4a3cc608=\"\"><p>El ventilador XPG VENTO 120 ARGB est\u00e1 equipado con 9 LED, capaces de sincronizar la luz con la mayor\u00eda de las principales marcas de placas base, lo que lo convierte en un accesorio de ventilador de modificaci\u00f3n ideal.<\/p><\/article><\/div><\/div>\n\t\t\t\t\t<\/div>\n\t\t\t\t<\/div>\n\t\t\t\t<\/div>\n\t\t\t\t\t<\/div>\n\t\t<\/div>\n\t\t\t\t<div class=\"elementor-column elementor-col-33 elementor-top-column elementor-element elementor-element-e7b3bda\" data-id=\"e7b3bda\" data-element_type=\"column\">\n\t\t\t<div class=\"elementor-widget-wrap elementor-element-populated\">\n\t\t\t\t\t\t\t\t<div class=\"elementor-element elementor-element-1bd15a7 elementor-widget elementor-widget-wd_text_block\" data-id=\"1bd15a7\" data-element_type=\"widget\" data-widget_type=\"wd_text_block.default\">\n\t\t\t\t<div class=\"elementor-widget-container\">\n\t\t\t\t\t<div class=\"wd-text-block reset-last-child text-left\">\n\t\t\t\n\t\t\t<div class=\"row-content r-side\" data-v-4a3cc608=\"\"><div class=\"row-content r-side\" data-v-4a3cc608=\"\"><div class=\"row-content r-side\" data-v-4a3cc608=\"\"><h4>SILENCIOSAMENTE FR\u00cdO<\/h4><article data-v-4a3cc608=\"\"><p>XPG VENTO 120 ARGB puede operar un flujo de aire del ventilador de 45,3 CFM y una velocidad constante del ventilador de 1200 r.p.m., con almohadillas de goma antivibraci\u00f3n que amortiguan el ruido.<\/p><\/article><\/div><\/div><\/div>\n\t\t\t\t\t<\/div>\n\t\t\t\t<\/div>\n\t\t\t\t<\/div>\n\t\t\t\t<div class=\"elementor-element elementor-element-696e1a7 elementor-widget elementor-widget-wd_image_or_svg\" data-id=\"696e1a7\" data-element_type=\"widget\" data-widget_type=\"wd_image_or_svg.default\">\n\t\t\t\t<div class=\"elementor-widget-container\">\n\t\t\t\n\t\t<div class=\"wd-image text-center\">\n\t\t\t\t\t\t\t\t<img decoding=\"async\" src=\"https:\/\/tzila.mx\/dev\/wp-content\/uploads\/elementor\/thumbs\/VENTO120ARGBBKCWW-DES-3-pqc4c444t6lzq5w8gkx1ijetay5zsjxek5ma14o9fo.png\" title=\"VENTO120ARGBBKCWW-DES-3\" alt=\"VENTO120ARGBBKCWW-DES-3\" \/>\t\t\t\t\t<\/div>\n\n\t\t\t\t<\/div>\n\t\t\t\t<\/div>\n\t\t\t\t\t<\/div>\n\t\t<\/div>\n\t\t\t\t<div class=\"elementor-column elementor-col-33 elementor-top-column elementor-element elementor-element-ba9b9c1\" data-id=\"ba9b9c1\" data-element_type=\"column\">\n\t\t\t<div class=\"elementor-widget-wrap elementor-element-populated\">\n\t\t\t\t\t\t\t\t<div class=\"elementor-element elementor-element-7b89497 elementor-widget elementor-widget-wd_text_block\" data-id=\"7b89497\" data-element_type=\"widget\" data-widget_type=\"wd_text_block.default\">\n\t\t\t\t<div class=\"elementor-widget-container\">\n\t\t\t\t\t<div class=\"wd-text-block reset-last-child text-left\">\n\t\t\t\n\t\t\t<div class=\"row-content r-side\" data-v-4a3cc608=\"\"><div class=\"row-content r-side\" data-v-4a3cc608=\"\"><div class=\"row-content\" data-v-4a3cc608=\"\"><h4>Rodamiento de ranuras<\/h4><article data-v-4a3cc608=\"\"><p>Los ventiladores XPG VENTO 120 ARGB est\u00e1n dise\u00f1ados con rodamientos de ranuras, lo que permite que los ventiladores funcionen de manera silenciosa y suave.<br \/>La ranura en espiral del rodamiento de ranuras garantiza suficiente lubricante en el eje, lo que reduce el ruido y prolonga la vida \u00fatil tanto del rodamiento como del ventilador.<\/p><\/article><\/div><\/div><\/div>\n\t\t\t\t\t<\/div>\n\t\t\t\t<\/div>\n\t\t\t\t<\/div>\n\t\t\t\t<div class=\"elementor-element elementor-element-7a297c2 elementor-widget elementor-widget-wd_image_or_svg\" data-id=\"7a297c2\" data-element_type=\"widget\" data-widget_type=\"wd_image_or_svg.default\">\n\t\t\t\t<div class=\"elementor-widget-container\">\n\t\t\t\n\t\t<div class=\"wd-image text-center\">\n\t\t\t\t\t\t\t\t<img decoding=\"async\" src=\"https:\/\/tzila.mx\/dev\/wp-content\/uploads\/elementor\/thumbs\/VENTO120ARGBBKCWW-DES-2-pqc4c1am8oi4rc0bx1p5t24fisjw5gm7jrntlasfyc.png\" title=\"VENTO120ARGBBKCWW-DES-2\" alt=\"VENTO120ARGBBKCWW-DES-2\" \/>\t\t\t\t\t<\/div>\n\n\t\t\t\t<\/div>\n\t\t\t\t<\/div>\n\t\t\t\t<div class=\"elementor-element elementor-element-078b475 elementor-widget elementor-widget-wd_button\" data-id=\"078b475\" data-element_type=\"widget\" data-widget_type=\"wd_button.default\">\n\t\t\t\t<div class=\"elementor-widget-container\">\n\t\t\t\t\t<div class=\"wd-button-wrapper text-center\" >\n\t\t\t<a class=\"btn btn-style-link btn-shape- btn-size-large btn-scheme-light btn-scheme-hover-dark btn-icon-pos-right\"  href=\"https:\/\/webapi3.adata.com\/storage\/downloadfile\/datasheet_xpg_vento_120_series.pdf\" target=\"_blank\">\n\t\t\t\t<span class=\"wd-btn-text\" data-elementor-setting-key=\"text\">\n\t\t\t\t\tSaber m\u00e1s\t\t\t\t<\/span>\n\n\t\t\t\t\t\t\t<\/a>\n\t\t<\/div>\n\t\t\t\t<\/div>\n\t\t\t\t<\/div>\n\t\t\t\t\t<\/div>\n\t\t<\/div>\n\t\t\t\t\t\t\t<\/div>\n\t\t<\/section>\n\t\t\t\t\t\t<\/div>\n\t\t\t\t\t<\/div>\n\t\t","protected":false},"excerpt":{"rendered":"<h4>Caracter\u00edsticas principales:<\/h4>\n<p class=\"p1\">\u25cf Ruido de giro reducido y un gran rendimiento<br \/>\n\u25cf Flujo de aire de 45,3 CFM<br \/>\n\u25cf Ventilador de a 23 dBA<br \/>\n\u25cf Iluminaci\u00f3n VENTO 120 ARGB<\/p>\n","protected":false},"featured_media":15932,"comment_status":"open","ping_status":"closed","template":"","meta":[],"product_cat":[242,15,97],"product_tag":[112],"class_list":["post-15931","product","type-product","status-publish","has-post-thumbnail","hentry","product_cat-ventiladores","product_cat-accesorios","product_cat-adata","product_tag-xpg","pa_brand-adata"],"_links":{"self":[{"href":"https:\/\/tzila.mx\/dev\/wp-json\/wp\/v2\/product\/15931","targetHints":{"allow":["GET"]}}],"collection":[{"href":"https:\/\/tzila.mx\/dev\/wp-json\/wp\/v2\/product"}],"about":[{"href":"https:\/\/tzila.mx\/dev\/wp-json\/wp\/v2\/types\/product"}],"replies":[{"embeddable":true,"href":"https:\/\/tzila.mx\/dev\/wp-json\/wp\/v2\/comments?post=15931"}],"version-history":[{"count":4,"href":"https:\/\/tzila.mx\/dev\/wp-json\/wp\/v2\/product\/15931\/revisions"}],"predecessor-version":[{"id":15943,"href":"https:\/\/tzila.mx\/dev\/wp-json\/wp\/v2\/product\/15931\/revisions\/15943"}],"wp:featuredmedia":[{"embeddable":true,"href":"https:\/\/tzila.mx\/dev\/wp-json\/wp\/v2\/media\/15932"}],"wp:attachment":[{"href":"https:\/\/tzila.mx\/dev\/wp-json\/wp\/v2\/media?parent=15931"}],"wp:term":[{"taxonomy":"product_cat","embeddable":true,"href":"https:\/\/tzila.mx\/dev\/wp-json\/wp\/v2\/product_cat?post=15931"},{"taxonomy":"product_tag","embeddable":true,"href":"https:\/\/tzila.mx\/dev\/wp-json\/wp\/v2\/product_tag?post=15931"}],"curies":[{"name":"wp","href":"https:\/\/api.w.org\/{rel}","templated":true}]}}