{"id":15888,"date":"2022-06-14T23:11:57","date_gmt":"2022-06-15T04:11:57","guid":{"rendered":"https:\/\/tzila.mx\/dev\/?post_type=product&#038;p=15888"},"modified":"2022-06-29T11:35:38","modified_gmt":"2022-06-29T16:35:38","slug":"teclado-gamer-xpg-summoner-rgb","status":"publish","type":"product","link":"https:\/\/tzila.mx\/dev\/producto\/teclado-gamer-xpg-summoner-rgb\/","title":{"rendered":"Teclado Gamer  XPG Summoner RGB"},"content":{"rendered":"\t\t<div data-elementor-type=\"wp-post\" data-elementor-id=\"15888\" class=\"elementor elementor-15888\" data-elementor-settings=\"[]\">\n\t\t\t\t\t\t\t<div class=\"elementor-section-wrap\">\n\t\t\t\t\t\t\t<section class=\"elementor-section elementor-top-section elementor-element elementor-element-a77d38a elementor-section-boxed elementor-section-height-default elementor-section-height-default wd-section-disabled\" data-id=\"a77d38a\" data-element_type=\"section\">\n\t\t\t\t\t\t<div class=\"elementor-container elementor-column-gap-default\">\n\t\t\t\t\t<div class=\"elementor-column elementor-col-33 elementor-top-column elementor-element elementor-element-606b0e0\" data-id=\"606b0e0\" data-element_type=\"column\">\n\t\t\t<div class=\"elementor-widget-wrap elementor-element-populated\">\n\t\t\t\t\t\t\t\t<div class=\"elementor-element elementor-element-2efa55d elementor-widget elementor-widget-wd_text_block\" data-id=\"2efa55d\" data-element_type=\"widget\" data-widget_type=\"wd_text_block.default\">\n\t\t\t\t<div class=\"elementor-widget-container\">\n\t\t\t\t\t<div class=\"wd-text-block reset-last-child text-left\">\n\t\t\t\n\t\t\t<h5><strong>M\u00c1S ESPECIFICACIONES<\/strong><strong>:<\/strong><\/h5>\n\t\t\t\t\t<\/div>\n\t\t\t\t<\/div>\n\t\t\t\t<\/div>\n\t\t\t\t<div class=\"elementor-element elementor-element-00b20a9 elementor-widget elementor-widget-wd_text_block\" data-id=\"00b20a9\" data-element_type=\"widget\" data-widget_type=\"wd_text_block.default\">\n\t\t\t\t<div class=\"elementor-widget-container\">\n\t\t\t\t\t<div class=\"wd-text-block reset-last-child text-left\">\n\t\t\t\n\t\t\t<p>\u25cf Compatible con XPG PRIME.<br \/>\u25cf Conmutadores de tecla CHERRY MX RGB.<br \/>\u25cf 7 modos RGB predefinidos.<br \/>\u25cf Reposamu\u00f1ecas ergon\u00f3mico magn\u00e9tico.<br \/>\u25cf Tecla de control multimedia.<br \/>\u25cf Teclas de macro.<br \/>\u25cf Reconocimiento total de varias pulsaciones de teclas.<br \/>\u25cf Dise\u00f1o de marco de aluminio arenado.<br \/>\u25cf Paso a trav\u00e9s USB<br \/>\u25cf 9 c\u00e1psulas de teclas rojas reemplazables.<\/p>\n\t\t\t\t\t<\/div>\n\t\t\t\t<\/div>\n\t\t\t\t<\/div>\n\t\t\t\t\t<\/div>\n\t\t<\/div>\n\t\t\t\t<div class=\"elementor-column elementor-col-66 elementor-top-column elementor-element elementor-element-b692253\" data-id=\"b692253\" data-element_type=\"column\">\n\t\t\t<div class=\"elementor-widget-wrap elementor-element-populated\">\n\t\t\t\t\t\t\t\t<div class=\"elementor-element elementor-element-0fefcf7 elementor-widget elementor-widget-wd_image_or_svg\" data-id=\"0fefcf7\" data-element_type=\"widget\" data-widget_type=\"wd_image_or_svg.default\">\n\t\t\t\t<div class=\"elementor-widget-container\">\n\t\t\t\n\t\t<div class=\"wd-image text-center\">\n\t\t\t\t\t\t\t\t<img decoding=\"async\" src=\"https:\/\/tzila.mx\/dev\/wp-content\/uploads\/elementor\/thumbs\/SUMMONER5A-BKCES-DES-2-pqc1p2npfsupyoev64juy3l1jnkikqatwwhmkp8i3k.jpg\" title=\"SUMMONER5A-BKCES-DES-2\" alt=\"SUMMONER5A-BKCES-DES-2\" \/>\t\t\t\t\t<\/div>\n\n\t\t\t\t<\/div>\n\t\t\t\t<\/div>\n\t\t\t\t\t<\/div>\n\t\t<\/div>\n\t\t\t\t\t\t\t<\/div>\n\t\t<\/section>\n\t\t\t\t<section class=\"elementor-section elementor-top-section elementor-element elementor-element-ec9e38a elementor-section-boxed elementor-section-height-default elementor-section-height-default wd-section-disabled\" data-id=\"ec9e38a\" data-element_type=\"section\">\n\t\t\t\t\t\t<div class=\"elementor-container elementor-column-gap-default\">\n\t\t\t\t\t<div class=\"elementor-column elementor-col-33 elementor-top-column elementor-element elementor-element-c833c6a\" data-id=\"c833c6a\" data-element_type=\"column\">\n\t\t\t<div class=\"elementor-widget-wrap elementor-element-populated\">\n\t\t\t\t\t\t\t\t<div class=\"elementor-element elementor-element-6ae12e9 elementor-widget elementor-widget-wd_text_block\" data-id=\"6ae12e9\" data-element_type=\"widget\" data-widget_type=\"wd_text_block.default\">\n\t\t\t\t<div class=\"elementor-widget-container\">\n\t\t\t\t\t<div class=\"wd-text-block reset-last-child text-left\">\n\t\t\t\n\t\t\t<h4>CONVOCA TU FUERZA<\/h4><p>Para ganar es necesario tener las armas adecuadas y un teclado para juegos es una parte esencial de cualquier arsenal. El teclado para juegos XPG SUMMONER con interruptores CHERRY MX y retroiluminaci\u00f3n RGB por tecla es justo lo que necesita.<\/p>\n\t\t\t\t\t<\/div>\n\t\t\t\t<\/div>\n\t\t\t\t<\/div>\n\t\t\t\t<div class=\"elementor-element elementor-element-696e1a7 elementor-widget elementor-widget-wd_image_or_svg\" data-id=\"696e1a7\" data-element_type=\"widget\" data-widget_type=\"wd_image_or_svg.default\">\n\t\t\t\t<div class=\"elementor-widget-container\">\n\t\t\t\n\t\t<div class=\"wd-image text-center\">\n\t\t\t\t\t\t\t\t<img decoding=\"async\" src=\"https:\/\/tzila.mx\/dev\/wp-content\/uploads\/elementor\/thumbs\/SUMMONER5A-BKCES-DES-1-pqc1ozu37qezbbeh81fm85clm3g153afqui8r28g4s.jpg\" title=\"SUMMONER5A-BKCES-DES-1\" alt=\"SUMMONER5A-BKCES-DES-1\" \/>\t\t\t\t\t<\/div>\n\n\t\t\t\t<\/div>\n\t\t\t\t<\/div>\n\t\t\t\t<div class=\"elementor-element elementor-element-252ec94 elementor-widget elementor-widget-wd_text_block\" data-id=\"252ec94\" data-element_type=\"widget\" data-widget_type=\"wd_text_block.default\">\n\t\t\t\t<div class=\"elementor-widget-container\">\n\t\t\t\t\t<div class=\"wd-text-block reset-last-child text-left\">\n\t\t\t\n\t\t\t<h4>Compatible con XPG PRIME<\/h4><article data-v-4a3cc608=\"\"><p>El software XPG PRIME posibilita impresionantes efectos de luz RGB que se pueden ajustar como desee. Adem\u00e1s, puede programar cada tecla para que sea una tecla de macro, lo que le permite activar casi pr\u00e1cticamente cualquier cosa con solo presionar una tecla.<\/p><\/article>\n\t\t\t\t\t<\/div>\n\t\t\t\t<\/div>\n\t\t\t\t<\/div>\n\t\t\t\t<div class=\"elementor-element elementor-element-69fd89b elementor-widget elementor-widget-wd_text_block\" data-id=\"69fd89b\" data-element_type=\"widget\" data-widget_type=\"wd_text_block.default\">\n\t\t\t\t<div class=\"elementor-widget-container\">\n\t\t\t\t\t<div class=\"wd-text-block reset-last-child text-left\">\n\t\t\t\n\t\t\t<div class=\"row-content r-side\" data-v-4a3cc608=\"\"><h4>Modos de retroiluminaci\u00f3n RGB<\/h4><article data-v-4a3cc608=\"\"><p>XPG SUMMONER inspira sus efectos de tono de juego con 7 modos de retroiluminaci\u00f3n RGB predefinidos.<\/p><\/article><\/div>\n\t\t\t\t\t<\/div>\n\t\t\t\t<\/div>\n\t\t\t\t<\/div>\n\t\t\t\t\t<\/div>\n\t\t<\/div>\n\t\t\t\t<div class=\"elementor-column elementor-col-33 elementor-top-column elementor-element elementor-element-e7b3bda\" data-id=\"e7b3bda\" data-element_type=\"column\">\n\t\t\t<div class=\"elementor-widget-wrap elementor-element-populated\">\n\t\t\t\t\t\t\t\t<div class=\"elementor-element elementor-element-e9bf201 elementor-widget elementor-widget-wd_text_block\" data-id=\"e9bf201\" data-element_type=\"widget\" data-widget_type=\"wd_text_block.default\">\n\t\t\t\t<div class=\"elementor-widget-container\">\n\t\t\t\t\t<div class=\"wd-text-block reset-last-child text-left\">\n\t\t\t\n\t\t\t<div class=\"row-content\" data-v-4a3cc608=\"\"><h4>Conmutadores de tecla CHERRY MX RGB<\/h4><article data-v-4a3cc608=\"\"><p>Equipado con interruptores de tecla mec\u00e1nicos CHERRY MX RGB, el XPG SUMMONER proporciona una estabilidad excelente, retroalimentaci\u00f3n t\u00e1ctil y la m\u00e1xima precisi\u00f3n.<br \/><br \/>SPEED SILVER: R\u00e1pido y sensible<br \/>AZUL: Audible y t\u00e1ctil<br \/>ROJO: Lineal y silencioso<\/p><\/article><\/div>\n\t\t\t\t\t<\/div>\n\t\t\t\t<\/div>\n\t\t\t\t<\/div>\n\t\t\t\t<div class=\"elementor-element elementor-element-8604524 elementor-widget elementor-widget-wd_image_or_svg\" data-id=\"8604524\" data-element_type=\"widget\" data-widget_type=\"wd_image_or_svg.default\">\n\t\t\t\t<div class=\"elementor-widget-container\">\n\t\t\t\n\t\t<div class=\"wd-image text-center\">\n\t\t\t\t\t\t\t\t<img loading=\"lazy\" decoding=\"async\" width=\"633\" height=\"380\" src=\"https:\/\/tzila.mx\/dev\/wp-content\/uploads\/2022\/06\/SUMMONER5A-BKCES-DES-4.png\" class=\"attachment-full size-full\" alt=\"\" srcset=\"https:\/\/tzila.mx\/dev\/wp-content\/uploads\/2022\/06\/SUMMONER5A-BKCES-DES-4.png 633w, https:\/\/tzila.mx\/dev\/wp-content\/uploads\/2022\/06\/SUMMONER5A-BKCES-DES-4-400x240.png 400w, https:\/\/tzila.mx\/dev\/wp-content\/uploads\/2022\/06\/SUMMONER5A-BKCES-DES-4-430x258.png 430w, https:\/\/tzila.mx\/dev\/wp-content\/uploads\/2022\/06\/SUMMONER5A-BKCES-DES-4-150x90.png 150w\" sizes=\"auto, (max-width: 633px) 100vw, 633px\" \/>\t\t\t\t\t<\/div>\n\n\t\t\t\t<\/div>\n\t\t\t\t<\/div>\n\t\t\t\t<div class=\"elementor-element elementor-element-62718e3 elementor-widget elementor-widget-wd_text_block\" data-id=\"62718e3\" data-element_type=\"widget\" data-widget_type=\"wd_text_block.default\">\n\t\t\t\t<div class=\"elementor-widget-container\">\n\t\t\t\t\t<div class=\"wd-text-block reset-last-child text-left\">\n\t\t\t\n\t\t\t<div class=\"row-content r-side\" data-v-4a3cc608=\"\"><h4>Reposamu\u00f1ecas magn\u00e9tico desmontable<\/h4><article data-v-4a3cc608=\"\"><p>El reposamu\u00f1ecas acolchado XPG SUMMONER proporciona una mayor comodidad para largas sesiones de juego, y su dise\u00f1o magn\u00e9tico se puede desmontar con facilidad.<\/p><\/article><\/div>\n\t\t\t\t\t<\/div>\n\t\t\t\t<\/div>\n\t\t\t\t<\/div>\n\t\t\t\t<div class=\"elementor-element elementor-element-ed3b779 elementor-widget elementor-widget-wd_text_block\" data-id=\"ed3b779\" data-element_type=\"widget\" data-widget_type=\"wd_text_block.default\">\n\t\t\t\t<div class=\"elementor-widget-container\">\n\t\t\t\t\t<div class=\"wd-text-block reset-last-child text-left\">\n\t\t\t\n\t\t\t<div class=\"stitle\"><div class=\"row-content\" data-v-4a3cc608=\"\"><h4>Paso a trav\u00e9s USB<\/h4><article data-v-4a3cc608=\"\"><p>Con\u00e9ctese c\u00f3modamente y encienda sus otros perif\u00e9ricos o dispositivos m\u00f3viles.<\/p><\/article><\/div><\/div>\n\t\t\t\t\t<\/div>\n\t\t\t\t<\/div>\n\t\t\t\t<\/div>\n\t\t\t\t\t<\/div>\n\t\t<\/div>\n\t\t\t\t<div class=\"elementor-column elementor-col-33 elementor-top-column elementor-element elementor-element-ba9b9c1\" data-id=\"ba9b9c1\" data-element_type=\"column\">\n\t\t\t<div class=\"elementor-widget-wrap elementor-element-populated\">\n\t\t\t\t\t\t\t\t<div class=\"elementor-element elementor-element-65a464e elementor-widget elementor-widget-wd_text_block\" data-id=\"65a464e\" data-element_type=\"widget\" data-widget_type=\"wd_text_block.default\">\n\t\t\t\t<div class=\"elementor-widget-container\">\n\t\t\t\t\t<div class=\"wd-text-block reset-last-child text-left\">\n\t\t\t\n\t\t\t<div class=\"row-content\" data-v-4a3cc608=\"\"><h4>Controles multimedia, teclas de macro y reconocimiento total de varias pulsaciones simult\u00e1neas de teclas<\/h4><article data-v-4a3cc608=\"\"><p>Teclas multimedia: ajuste el volumen de forma f\u00e1cil y r\u00e1pida<br \/>Teclas de macro: grabe secuencias complejas y presione la tecla de macro designada para realizar la acci\u00f3n autom\u00e1ticamente<br \/>Reconocimiento total de varias pulsaciones simult\u00e1neas de teclas: no m\u00e1s conflictos de se\u00f1al o pulsaciones de teclas perdidas<\/p><\/article><\/div>\n\t\t\t\t\t<\/div>\n\t\t\t\t<\/div>\n\t\t\t\t<\/div>\n\t\t\t\t<div class=\"elementor-element elementor-element-7a297c2 elementor-widget elementor-widget-wd_image_or_svg\" data-id=\"7a297c2\" data-element_type=\"widget\" data-widget_type=\"wd_image_or_svg.default\">\n\t\t\t\t<div class=\"elementor-widget-container\">\n\t\t\t\n\t\t<div class=\"wd-image text-center\">\n\t\t\t\t\t\t\t\t<img loading=\"lazy\" decoding=\"async\" width=\"649\" height=\"429\" src=\"https:\/\/tzila.mx\/dev\/wp-content\/uploads\/2022\/06\/SUMMONER5A-BKCES-DES-3.png\" class=\"attachment-full size-full\" alt=\"\" srcset=\"https:\/\/tzila.mx\/dev\/wp-content\/uploads\/2022\/06\/SUMMONER5A-BKCES-DES-3.png 649w, https:\/\/tzila.mx\/dev\/wp-content\/uploads\/2022\/06\/SUMMONER5A-BKCES-DES-3-400x264.png 400w, https:\/\/tzila.mx\/dev\/wp-content\/uploads\/2022\/06\/SUMMONER5A-BKCES-DES-3-430x284.png 430w, https:\/\/tzila.mx\/dev\/wp-content\/uploads\/2022\/06\/SUMMONER5A-BKCES-DES-3-150x99.png 150w\" sizes=\"auto, (max-width: 649px) 100vw, 649px\" \/>\t\t\t\t\t<\/div>\n\n\t\t\t\t<\/div>\n\t\t\t\t<\/div>\n\t\t\t\t<div class=\"elementor-element elementor-element-e5cce17 elementor-widget elementor-widget-wd_text_block\" data-id=\"e5cce17\" data-element_type=\"widget\" data-widget_type=\"wd_text_block.default\">\n\t\t\t\t<div class=\"elementor-widget-container\">\n\t\t\t\t\t<div class=\"wd-text-block reset-last-child text-left\">\n\t\t\t\n\t\t\t<div class=\"row-content r-side\" data-v-4a3cc608=\"\"><h4>Reposamu\u00f1ecas magn\u00e9tico desmontable<\/h4><article data-v-4a3cc608=\"\"><p>El reposamu\u00f1ecas acolchado XPG SUMMONER proporciona una mayor comodidad para largas sesiones de juego, y su dise\u00f1o magn\u00e9tico se puede desmontar con facilidad.<\/p><\/article><\/div>\n\t\t\t\t\t<\/div>\n\t\t\t\t<\/div>\n\t\t\t\t<\/div>\n\t\t\t\t<div class=\"elementor-element elementor-element-078b475 elementor-widget elementor-widget-wd_button\" data-id=\"078b475\" data-element_type=\"widget\" data-widget_type=\"wd_button.default\">\n\t\t\t\t<div class=\"elementor-widget-container\">\n\t\t\t\t\t<div class=\"wd-button-wrapper text-center\" >\n\t\t\t<a class=\"btn btn-style-link btn-shape- btn-size-large btn-scheme-light btn-scheme-hover-dark btn-icon-pos-right\"  href=\"https:\/\/webapi3.adata.com\/storage\/downloadfile\/Datasheet_XPG_SUMMONER.pdf\" target=\"_blank\">\n\t\t\t\t<span class=\"wd-btn-text\" data-elementor-setting-key=\"text\">\n\t\t\t\t\tSaber m\u00e1s\t\t\t\t<\/span>\n\n\t\t\t\t\t\t\t<\/a>\n\t\t<\/div>\n\t\t\t\t<\/div>\n\t\t\t\t<\/div>\n\t\t\t\t\t<\/div>\n\t\t<\/div>\n\t\t\t\t\t\t\t<\/div>\n\t\t<\/section>\n\t\t\t\t\t\t<\/div>\n\t\t\t\t\t<\/div>\n\t\t","protected":false},"excerpt":{"rendered":"<h4>Caracter\u00edsticas principales:<\/h4>\n<p class=\"p1\"><span class=\"s1\">\u25cf <\/span>Teclado mec\u00e1nico RGB al\u00e1mbrico<br \/>\n<span class=\"s2\"><span class=\"s1\">\u25cf S<\/span><\/span>witches de tecla CHERRY MX RGB<br \/>\n<span class=\"s1\">\u25cf Dise\u00f1o de marco de aluminio arenado<\/span><br \/>\n<span class=\"s1\">\u25cf 7 modos RGB predefinidos<\/span><br \/>\n<span class=\"s1\">\u25cf Compatible con XPG PRIME<\/span><\/p>\n","protected":false},"featured_media":15892,"comment_status":"open","ping_status":"closed","template":"","meta":[],"product_cat":[28,84,97],"product_tag":[112],"class_list":["post-15888","product","type-product","status-publish","has-post-thumbnail","hentry","product_cat-setup","product_cat-teclado-gamer","product_cat-adata","product_tag-xpg","pa_brand-adata"],"_links":{"self":[{"href":"https:\/\/tzila.mx\/dev\/wp-json\/wp\/v2\/product\/15888","targetHints":{"allow":["GET"]}}],"collection":[{"href":"https:\/\/tzila.mx\/dev\/wp-json\/wp\/v2\/product"}],"about":[{"href":"https:\/\/tzila.mx\/dev\/wp-json\/wp\/v2\/types\/product"}],"replies":[{"embeddable":true,"href":"https:\/\/tzila.mx\/dev\/wp-json\/wp\/v2\/comments?post=15888"}],"version-history":[{"count":11,"href":"https:\/\/tzila.mx\/dev\/wp-json\/wp\/v2\/product\/15888\/revisions"}],"predecessor-version":[{"id":15930,"href":"https:\/\/tzila.mx\/dev\/wp-json\/wp\/v2\/product\/15888\/revisions\/15930"}],"wp:featuredmedia":[{"embeddable":true,"href":"https:\/\/tzila.mx\/dev\/wp-json\/wp\/v2\/media\/15892"}],"wp:attachment":[{"href":"https:\/\/tzila.mx\/dev\/wp-json\/wp\/v2\/media?parent=15888"}],"wp:term":[{"taxonomy":"product_cat","embeddable":true,"href":"https:\/\/tzila.mx\/dev\/wp-json\/wp\/v2\/product_cat?post=15888"},{"taxonomy":"product_tag","embeddable":true,"href":"https:\/\/tzila.mx\/dev\/wp-json\/wp\/v2\/product_tag?post=15888"}],"curies":[{"name":"wp","href":"https:\/\/api.w.org\/{rel}","templated":true}]}}