{"id":15873,"date":"2022-06-14T16:14:57","date_gmt":"2022-06-14T21:14:57","guid":{"rendered":"https:\/\/tzila.mx\/dev\/?post_type=product&#038;p=15873"},"modified":"2022-06-29T11:35:44","modified_gmt":"2022-06-29T16:35:44","slug":"tarjeta-grafica-asus-tuf-gaming-geforce-gtx-1660-ti-evo-oc-edition-6gb","status":"publish","type":"product","link":"https:\/\/tzila.mx\/dev\/producto\/tarjeta-grafica-asus-tuf-gaming-geforce-gtx-1660-ti-evo-oc-edition-6gb\/","title":{"rendered":"Tarjeta Gr\u00e1fica ASUS TUF Gaming GeForce\u00ae GTX 1660 Ti EVO OC Edition 6GB"},"content":{"rendered":"\t\t<div data-elementor-type=\"wp-post\" data-elementor-id=\"15873\" class=\"elementor elementor-15873\" data-elementor-settings=\"[]\">\n\t\t\t\t\t\t\t<div class=\"elementor-section-wrap\">\n\t\t\t\t\t\t\t<section class=\"elementor-section elementor-top-section elementor-element elementor-element-a77d38a elementor-section-boxed elementor-section-height-default elementor-section-height-default wd-section-disabled\" data-id=\"a77d38a\" data-element_type=\"section\">\n\t\t\t\t\t\t<div class=\"elementor-container elementor-column-gap-default\">\n\t\t\t\t\t<div class=\"elementor-column elementor-col-33 elementor-top-column elementor-element elementor-element-606b0e0\" data-id=\"606b0e0\" data-element_type=\"column\">\n\t\t\t<div class=\"elementor-widget-wrap elementor-element-populated\">\n\t\t\t\t\t\t\t\t<div class=\"elementor-element elementor-element-2efa55d elementor-widget elementor-widget-wd_text_block\" data-id=\"2efa55d\" data-element_type=\"widget\" data-widget_type=\"wd_text_block.default\">\n\t\t\t\t<div class=\"elementor-widget-container\">\n\t\t\t\t\t<div class=\"wd-text-block reset-last-child text-left\">\n\t\t\t\n\t\t\t<h5><strong>M\u00c1S ESPECIFICACIONES<\/strong><strong>:<\/strong><\/h5>\n\t\t\t\t\t<\/div>\n\t\t\t\t<\/div>\n\t\t\t\t<\/div>\n\t\t\t\t<div class=\"elementor-element elementor-element-00b20a9 elementor-widget elementor-widget-wd_text_block\" data-id=\"00b20a9\" data-element_type=\"widget\" data-widget_type=\"wd_text_block.default\">\n\t\t\t\t<div class=\"elementor-widget-container\">\n\t\t\t\t\t<div class=\"wd-text-block reset-last-child text-left\">\n\t\t\t\n\t\t\t<p>\u25cf La GeForce<sup>\u00ae<\/sup> GTX 1660 Ti est\u00e1 construida con el rendimiento gr\u00e1fico revolucionario de la galardonada arquitectura NVIDIA Turing\u2122<br \/>\u25cf Codificador de hardware dedicado de la GTX 1660 Ti que est\u00e1 optimizado para Open Broadcaster Software (OBS).<br \/>\u25cf GeForce Experience te permite capturar y compartir videos, capturas de pantalla y transmisiones en vivo.<br \/>\u25cf Edici\u00f3n TOP: Boost clock: 1845 MHz (modo OC) \/ 1815 MHz (modo de juego) \/ Velocidad de memoria: 14 Gbps.<br \/>\u25cf Lubricante de grado espacial brinda la durabilidad de los baleros de bolas dobles a dise\u00f1os de rodamientos de baleros m\u00e1s silenciosos.<br \/>\u25cf Auto-Extreme Technology utiliza la automatizaci\u00f3n para mejorar la confiabilidad.<br \/>\u25cf Los tubos de calor de cobre DirectCU II hacen contacto directo con el troquel para un mejor enfriamiento.<\/p>\n\t\t\t\t\t<\/div>\n\t\t\t\t<\/div>\n\t\t\t\t<\/div>\n\t\t\t\t\t<\/div>\n\t\t<\/div>\n\t\t\t\t<div class=\"elementor-column elementor-col-66 elementor-top-column elementor-element elementor-element-b692253\" data-id=\"b692253\" data-element_type=\"column\">\n\t\t\t<div class=\"elementor-widget-wrap elementor-element-populated\">\n\t\t\t\t\t\t\t\t<div class=\"elementor-element elementor-element-0fefcf7 elementor-widget elementor-widget-wd_image_or_svg\" data-id=\"0fefcf7\" data-element_type=\"widget\" data-widget_type=\"wd_image_or_svg.default\">\n\t\t\t\t<div class=\"elementor-widget-container\">\n\t\t\t\n\t\t<div class=\"wd-image text-center\">\n\t\t\t\t\t\t\t\t<img loading=\"lazy\" decoding=\"async\" width=\"865\" height=\"499\" src=\"https:\/\/tzila.mx\/dev\/wp-content\/uploads\/2022\/05\/TUF-GTX1660TI-6G-EVO-GAMING-des-4.png\" class=\"attachment-full size-full\" alt=\"\" srcset=\"https:\/\/tzila.mx\/dev\/wp-content\/uploads\/2022\/05\/TUF-GTX1660TI-6G-EVO-GAMING-des-4.png 865w, https:\/\/tzila.mx\/dev\/wp-content\/uploads\/2022\/05\/TUF-GTX1660TI-6G-EVO-GAMING-des-4-400x231.png 400w, https:\/\/tzila.mx\/dev\/wp-content\/uploads\/2022\/05\/TUF-GTX1660TI-6G-EVO-GAMING-des-4-768x443.png 768w, https:\/\/tzila.mx\/dev\/wp-content\/uploads\/2022\/05\/TUF-GTX1660TI-6G-EVO-GAMING-des-4-860x496.png 860w, https:\/\/tzila.mx\/dev\/wp-content\/uploads\/2022\/05\/TUF-GTX1660TI-6G-EVO-GAMING-des-4-430x248.png 430w, https:\/\/tzila.mx\/dev\/wp-content\/uploads\/2022\/05\/TUF-GTX1660TI-6G-EVO-GAMING-des-4-700x404.png 700w, https:\/\/tzila.mx\/dev\/wp-content\/uploads\/2022\/05\/TUF-GTX1660TI-6G-EVO-GAMING-des-4-150x87.png 150w\" sizes=\"auto, (max-width: 865px) 100vw, 865px\" \/>\t\t\t\t\t<\/div>\n\n\t\t\t\t<\/div>\n\t\t\t\t<\/div>\n\t\t\t\t\t<\/div>\n\t\t<\/div>\n\t\t\t\t\t\t\t<\/div>\n\t\t<\/section>\n\t\t\t\t<section class=\"elementor-section elementor-top-section elementor-element elementor-element-ec9e38a elementor-section-boxed elementor-section-height-default elementor-section-height-default wd-section-disabled\" data-id=\"ec9e38a\" data-element_type=\"section\">\n\t\t\t\t\t\t<div class=\"elementor-container elementor-column-gap-default\">\n\t\t\t\t\t<div class=\"elementor-column elementor-col-33 elementor-top-column elementor-element elementor-element-c833c6a\" data-id=\"c833c6a\" data-element_type=\"column\">\n\t\t\t<div class=\"elementor-widget-wrap elementor-element-populated\">\n\t\t\t\t\t\t\t\t<div class=\"elementor-element elementor-element-6ae12e9 elementor-widget elementor-widget-wd_text_block\" data-id=\"6ae12e9\" data-element_type=\"widget\" data-widget_type=\"wd_text_block.default\">\n\t\t\t\t<div class=\"elementor-widget-container\">\n\t\t\t\t\t<div class=\"wd-text-block reset-last-child text-left\">\n\t\t\t\n\t\t\t<h4>TUF construido<\/h4><p>ASUS TUF Gaming GeForce\u00ae GTX 1660 Ti EVO acumula durabilidad, compatibilidad y rendimiento para brindar potencia 3D confiable al ecosistema TUF Gaming. Las caracter\u00edsticas sobresalientes incluyen tecnolog\u00eda Auto-Extreme, prueba de compatibilidad TUF y dos ventiladores con lubricante de grado espacial y resistencia al polvo IP5X.<\/p>\n\t\t\t\t\t<\/div>\n\t\t\t\t<\/div>\n\t\t\t\t<\/div>\n\t\t\t\t<div class=\"elementor-element elementor-element-e9bf201 elementor-widget elementor-widget-wd_text_block\" data-id=\"e9bf201\" data-element_type=\"widget\" data-widget_type=\"wd_text_block.default\">\n\t\t\t\t<div class=\"elementor-widget-container\">\n\t\t\t\t\t<div class=\"wd-text-block reset-last-child text-left\">\n\t\t\t\n\t\t\t<h4>Resistencia al polvo IP5X<\/h4><p>Mantenlo limpio<br \/>El polvo es el enemigo n\u00famero uno para los fan\u00e1ticos. Es f\u00e1cil limpiar las aspas, pero desarmar el ventilador para quitar el polvo que se ha metido en el interior no es una tarea sencilla. Pasar la certificaci\u00f3n IP5X significa que la carcasa est\u00e1 a salvo de part\u00edculas desagradables, por lo que nunca necesitar\u00e1 una limpieza profunda.<\/p>\n\t\t\t\t\t<\/div>\n\t\t\t\t<\/div>\n\t\t\t\t<\/div>\n\t\t\t\t<div class=\"elementor-element elementor-element-252ec94 elementor-widget elementor-widget-wd_text_block\" data-id=\"252ec94\" data-element_type=\"widget\" data-widget_type=\"wd_text_block.default\">\n\t\t\t\t<div class=\"elementor-widget-container\">\n\t\t\t\t\t<div class=\"wd-text-block reset-last-child text-left\">\n\t\t\t\n\t\t\t<div class=\"flex-item txt_box txt_move\"><div class=\"translate_box\"><div class=\"stitle\"><h4 class=\"gradient-title\">Space\u2212grade Lubricant<\/h4><\/div><div class=\"note_title\"><p>Improved lubricity<br \/>Infused with a durable lubricant often found in aerospace applications, these sleeve bearings deliver a quieter acoustic profile than dual ball bearing designs and match their durability.<\/p><\/div><\/div><\/div>\n\t\t\t\t\t<\/div>\n\t\t\t\t<\/div>\n\t\t\t\t<\/div>\n\t\t\t\t<div class=\"elementor-element elementor-element-8604524 elementor-widget elementor-widget-wd_image_or_svg\" data-id=\"8604524\" data-element_type=\"widget\" data-widget_type=\"wd_image_or_svg.default\">\n\t\t\t\t<div class=\"elementor-widget-container\">\n\t\t\t\n\t\t<div class=\"wd-image text-center\">\n\t\t\t\t\t\t\t\t<img loading=\"lazy\" decoding=\"async\" width=\"960\" height=\"539\" src=\"https:\/\/tzila.mx\/dev\/wp-content\/uploads\/2022\/05\/TUF-GTX1660TI-6G-EVO-GAMING-des-1.jpg\" class=\"attachment-full size-full\" alt=\"\" srcset=\"https:\/\/tzila.mx\/dev\/wp-content\/uploads\/2022\/05\/TUF-GTX1660TI-6G-EVO-GAMING-des-1.jpg 960w, https:\/\/tzila.mx\/dev\/wp-content\/uploads\/2022\/05\/TUF-GTX1660TI-6G-EVO-GAMING-des-1-400x225.jpg 400w, https:\/\/tzila.mx\/dev\/wp-content\/uploads\/2022\/05\/TUF-GTX1660TI-6G-EVO-GAMING-des-1-768x431.jpg 768w, https:\/\/tzila.mx\/dev\/wp-content\/uploads\/2022\/05\/TUF-GTX1660TI-6G-EVO-GAMING-des-1-860x483.jpg 860w, https:\/\/tzila.mx\/dev\/wp-content\/uploads\/2022\/05\/TUF-GTX1660TI-6G-EVO-GAMING-des-1-430x241.jpg 430w, https:\/\/tzila.mx\/dev\/wp-content\/uploads\/2022\/05\/TUF-GTX1660TI-6G-EVO-GAMING-des-1-700x393.jpg 700w, https:\/\/tzila.mx\/dev\/wp-content\/uploads\/2022\/05\/TUF-GTX1660TI-6G-EVO-GAMING-des-1-150x84.jpg 150w\" sizes=\"auto, (max-width: 960px) 100vw, 960px\" \/>\t\t\t\t\t<\/div>\n\n\t\t\t\t<\/div>\n\t\t\t\t<\/div>\n\t\t\t\t<div class=\"elementor-element elementor-element-564b841 elementor-widget elementor-widget-wd_text_block\" data-id=\"564b841\" data-element_type=\"widget\" data-widget_type=\"wd_text_block.default\">\n\t\t\t\t<div class=\"elementor-widget-container\">\n\t\t\t\t\t<div class=\"wd-text-block reset-last-child text-left\">\n\t\t\t\n\t\t\t<h4>DirectCU II<\/h4><p>Primer contacto<br \/>Los heatpipes de cobre hacen contacto directo con la matriz para mejorar la transferencia t\u00e9rmica.<\/p>\n\t\t\t\t\t<\/div>\n\t\t\t\t<\/div>\n\t\t\t\t<\/div>\n\t\t\t\t<div class=\"elementor-element elementor-element-d0a2373 elementor-widget elementor-widget-wd_text_block\" data-id=\"d0a2373\" data-element_type=\"widget\" data-widget_type=\"wd_text_block.default\">\n\t\t\t\t<div class=\"elementor-widget-container\">\n\t\t\t\t\t<div class=\"wd-text-block reset-last-child text-left\">\n\t\t\t\n\t\t\t<h4>Tecnolog\u00eda Auto-Extreme<\/h4><p>Fabricaci\u00f3n automatizada de precisi\u00f3n<br \/>La tecnolog\u00eda Auto-Extreme es un proceso de fabricaci\u00f3n automatizado que establece nuevos est\u00e1ndares en la industria al permitir que todas las soldaduras se completen en una sola pasada. Esto reduce la tensi\u00f3n t\u00e9rmica en los componentes y evita el uso de productos qu\u00edmicos de limpieza agresivos, lo que genera un menor impacto ambiental, un menor consumo de energ\u00eda de fabricaci\u00f3n y un producto m\u00e1s confiable en general.<\/p>\n\t\t\t\t\t<\/div>\n\t\t\t\t<\/div>\n\t\t\t\t<\/div>\n\t\t\t\t\t<\/div>\n\t\t<\/div>\n\t\t\t\t<div class=\"elementor-column elementor-col-33 elementor-top-column elementor-element elementor-element-e7b3bda\" data-id=\"e7b3bda\" data-element_type=\"column\">\n\t\t\t<div class=\"elementor-widget-wrap elementor-element-populated\">\n\t\t\t\t\t\t\t\t<div class=\"elementor-element elementor-element-7d838dd elementor-widget elementor-widget-wd_text_block\" data-id=\"7d838dd\" data-element_type=\"widget\" data-widget_type=\"wd_text_block.default\">\n\t\t\t\t<div class=\"elementor-widget-container\">\n\t\t\t\t\t<div class=\"wd-text-block reset-last-child text-left\">\n\t\t\t\n\t\t\t<h4>Placa trasera protectora<\/h4><p>Sin flexionar<br \/>La placa de circuito impreso est\u00e1 reforzada por una placa posterior que agrega rigidez estructural, lo que ayuda a evitar que la placa de circuito impreso se flexione y a proteger los componentes y trazar las v\u00edas de da\u00f1os.<\/p>\n\t\t\t\t\t<\/div>\n\t\t\t\t<\/div>\n\t\t\t\t<\/div>\n\t\t\t\t<div class=\"elementor-element elementor-element-f1dbdbe elementor-widget elementor-widget-wd_text_block\" data-id=\"f1dbdbe\" data-element_type=\"widget\" data-widget_type=\"wd_text_block.default\">\n\t\t\t\t<div class=\"elementor-widget-container\">\n\t\t\t\t\t<div class=\"wd-text-block reset-last-child text-left\">\n\t\t\t\n\t\t\t<h4>Soporte de acero inoxidable<\/h4><p>\u00c1rmate de valor<br \/>El soporte de montaje de la TUF Gaming GeForce GTX 1660 Ti EVO se ha reforzado con acero inoxidable 304 que es m\u00e1s duro y resistente a la corrosi\u00f3n.<\/p>\n\t\t\t\t\t<\/div>\n\t\t\t\t<\/div>\n\t\t\t\t<\/div>\n\t\t\t\t<div class=\"elementor-element elementor-element-696e1a7 elementor-widget elementor-widget-wd_image_or_svg\" data-id=\"696e1a7\" data-element_type=\"widget\" data-widget_type=\"wd_image_or_svg.default\">\n\t\t\t\t<div class=\"elementor-widget-container\">\n\t\t\t\n\t\t<div class=\"wd-image text-center\">\n\t\t\t\t\t\t\t\t<img decoding=\"async\" src=\"https:\/\/tzila.mx\/dev\/wp-content\/uploads\/elementor\/thumbs\/TUF-GTX1660TI-6G-EVO-GAMING-des-3-ppnlgyug13vny2ospn2yoelibz8z9e1fs6qrknv0zo.png\" title=\"TUF-GTX1660TI-6G-EVO-GAMING-des-3\" alt=\"TUF-GTX1660TI-6G-EVO-GAMING-des-3\" \/>\t\t\t\t\t<\/div>\n\n\t\t\t\t<\/div>\n\t\t\t\t<\/div>\n\t\t\t\t<div class=\"elementor-element elementor-element-43eaefe elementor-widget elementor-widget-wd_text_block\" data-id=\"43eaefe\" data-element_type=\"widget\" data-widget_type=\"wd_text_block.default\">\n\t\t\t\t<div class=\"elementor-widget-container\">\n\t\t\t\t\t<div class=\"wd-text-block reset-last-child text-left\">\n\t\t\t\n\t\t\t<h4>144\u2212HORAS<br \/>Programa de VALIDACI\u00d3N<\/h4><p>\"Extenso\" puede ser un eufemismo<br \/>Cada tarjeta debe cumplir con rigurosos est\u00e1ndares de rendimiento y confiabilidad antes de enviarse. Las pruebas de rendimiento y estr\u00e9s se realizan con los \u00faltimos t\u00edtulos que encabezan las listas de \u00e9xitos, como Fortnite, League of Legends, Overwatch y PlayerUnknown's Battlegrounds. Tambi\u00e9n llevamos a cabo pruebas de confiabilidad que incluyen una prueba de estabilidad de 144 horas y una serie de pruebas comparativas de 3DMark para garantizar que la tarjeta funcione bien cuando se la lleve al l\u00edmite.<\/p>\n\t\t\t\t\t<\/div>\n\t\t\t\t<\/div>\n\t\t\t\t<\/div>\n\t\t\t\t<div class=\"elementor-element elementor-element-4f49f18 elementor-widget elementor-widget-wd_text_block\" data-id=\"4f49f18\" data-element_type=\"widget\" data-widget_type=\"wd_text_block.default\">\n\t\t\t\t<div class=\"elementor-widget-container\">\n\t\t\t\t\t<div class=\"wd-text-block reset-last-child text-left\">\n\t\t\t\n\t\t\t<h4>Pruebas de compatibilidad TUF<\/h4><p>Mejor juntos<br \/>Los productos ASUS TUF Gaming y los productos TUF Gaming Alliance de nuestros socios est\u00e1n sujetos a pruebas adicionales para garantizar la compatibilidad. La TUF Gaming GeForce GTX 1660 Ti EVO se prob\u00f3 exhaustivamente con las placas base TUF Gaming para garantizar una experiencia plug-and-play perfecta. Adem\u00e1s de agilizar el proceso de construcci\u00f3n, la armon\u00eda est\u00e9tica es un gran beneficio para aquellos que valoran un estilo uniforme.<\/p>\n\t\t\t\t\t<\/div>\n\t\t\t\t<\/div>\n\t\t\t\t<\/div>\n\t\t\t\t\t<\/div>\n\t\t<\/div>\n\t\t\t\t<div class=\"elementor-column elementor-col-33 elementor-top-column elementor-element elementor-element-ba9b9c1\" data-id=\"ba9b9c1\" data-element_type=\"column\">\n\t\t\t<div class=\"elementor-widget-wrap elementor-element-populated\">\n\t\t\t\t\t\t\t\t<div class=\"elementor-element elementor-element-85f6834 elementor-widget elementor-widget-wd_text_block\" data-id=\"85f6834\" data-element_type=\"widget\" data-widget_type=\"wd_text_block.default\">\n\t\t\t\t<div class=\"elementor-widget-container\">\n\t\t\t\t\t<div class=\"wd-text-block reset-last-child text-left\">\n\t\t\t\n\t\t\t<h4>Tecnolog\u00eda NVIDIA\u00ae G\u2212SYNC\u00ae<\/h4><p>Operador suave<br \/>Esta tarjeta gr\u00e1fica es compatible con la tecnolog\u00eda de pantalla NVIDIA\u00ae G-SYNC\u00ae para una experiencia de frecuencia de actualizaci\u00f3n variable superfluida. Disfruta de juegos AAA sin la molestia de que la pantalla se rompa o tartamudee<\/p>\n\t\t\t\t\t<\/div>\n\t\t\t\t<\/div>\n\t\t\t\t<\/div>\n\t\t\t\t<div class=\"elementor-element elementor-element-7002312 elementor-widget elementor-widget-wd_text_block\" data-id=\"7002312\" data-element_type=\"widget\" data-widget_type=\"wd_text_block.default\">\n\t\t\t\t<div class=\"elementor-widget-container\">\n\t\t\t\t\t<div class=\"wd-text-block reset-last-child text-left\">\n\t\t\t\n\t\t\t<h4>GPU Tweak II<\/h4><p>La utilidad ASUS GPU Tweak II lleva el ajuste de la tarjeta gr\u00e1fica al siguiente nivel. Le permite ajustar par\u00e1metros cr\u00edticos, incluidos los relojes del n\u00facleo de la GPU, la frecuencia de la memoria y la configuraci\u00f3n de voltaje, con la opci\u00f3n de monitorear todo en tiempo real a trav\u00e9s de una visualizaci\u00f3n en pantalla personalizable. Tambi\u00e9n se incluye control de ventilador avanzado junto con muchas m\u00e1s funciones para ayudarlo a aprovechar al m\u00e1ximo su tarjeta gr\u00e1fica.<\/p>\n\t\t\t\t\t<\/div>\n\t\t\t\t<\/div>\n\t\t\t\t<\/div>\n\t\t\t\t<div class=\"elementor-element elementor-element-e65ba51 elementor-widget elementor-widget-wd_image_or_svg\" data-id=\"e65ba51\" data-element_type=\"widget\" data-widget_type=\"wd_image_or_svg.default\">\n\t\t\t\t<div class=\"elementor-widget-container\">\n\t\t\t\n\t\t<div class=\"wd-image text-left\">\n\t\t\t\t\t\t\t\t<img loading=\"lazy\" decoding=\"async\" width=\"645\" height=\"343\" src=\"https:\/\/tzila.mx\/dev\/wp-content\/uploads\/2022\/05\/TUF-RX6700XT-O12G-GAMING-des-6.png\" class=\"attachment-full size-full\" alt=\"\" srcset=\"https:\/\/tzila.mx\/dev\/wp-content\/uploads\/2022\/05\/TUF-RX6700XT-O12G-GAMING-des-6.png 645w, https:\/\/tzila.mx\/dev\/wp-content\/uploads\/2022\/05\/TUF-RX6700XT-O12G-GAMING-des-6-400x213.png 400w, https:\/\/tzila.mx\/dev\/wp-content\/uploads\/2022\/05\/TUF-RX6700XT-O12G-GAMING-des-6-430x229.png 430w, https:\/\/tzila.mx\/dev\/wp-content\/uploads\/2022\/05\/TUF-RX6700XT-O12G-GAMING-des-6-150x80.png 150w\" sizes=\"auto, (max-width: 645px) 100vw, 645px\" \/>\t\t\t\t\t<\/div>\n\n\t\t\t\t<\/div>\n\t\t\t\t<\/div>\n\t\t\t\t<div class=\"elementor-element elementor-element-ee00d4b elementor-widget elementor-widget-wd_text_block\" data-id=\"ee00d4b\" data-element_type=\"widget\" data-widget_type=\"wd_text_block.default\">\n\t\t\t\t<div class=\"elementor-widget-container\">\n\t\t\t\t\t<div class=\"wd-text-block reset-last-child text-left\">\n\t\t\t\n\t\t\t<h4>wtfast<\/h4><p>Juega sin retrasos<br \/>Nos asociamos con wtfast para ayudarlo a jugar sin retrasos, problemas de latencia y paquetes perdidos. Con una suscripci\u00f3n de 6 meses a wtfast Gamers Private Network, disfrutar\u00e1 de un ping m\u00e1s bajo para una experiencia de juego en l\u00ednea m\u00e1s fluida y fluida. Compre una tarjeta gr\u00e1fica ASUS, \u00a1y no se quede esperando!<\/p>\n\t\t\t\t\t<\/div>\n\t\t\t\t<\/div>\n\t\t\t\t<\/div>\n\t\t\t\t<div class=\"elementor-element elementor-element-6dabd15 elementor-widget elementor-widget-wd_text_block\" data-id=\"6dabd15\" data-element_type=\"widget\" data-widget_type=\"wd_text_block.default\">\n\t\t\t\t<div class=\"elementor-widget-container\">\n\t\t\t\t\t<div class=\"wd-text-block reset-last-child text-left\">\n\t\t\t\n\t\t\t<div class=\"hd-content hd-col50\"><div class=\"hd-content\"><h4>Quantumcloud<\/h4><p>Benef\u00edciese de la potencia de la GPU<br \/>Quantumcloud es un servicio simple y seguro que le permite ganar dinero extra sin esfuerzo al poner a trabajar su GPU inactiva. A trav\u00e9s de una aplicaci\u00f3n f\u00e1cil de usar, su computadora puede ayudar a ejecutar aplicaciones basadas en la nube, gan\u00e1ndole dinero en el proceso. Las ganancias se transfieren autom\u00e1ticamente a su cuenta de WeChat o PayPal, y su privacidad permanece intacta porque Quantumcloud no recopila sus datos personales. \u00a1Empieza a ganar dinero hoy!<\/p><\/div><\/div>\n\t\t\t\t\t<\/div>\n\t\t\t\t<\/div>\n\t\t\t\t<\/div>\n\t\t\t\t<div class=\"elementor-element elementor-element-078b475 elementor-widget elementor-widget-wd_button\" data-id=\"078b475\" data-element_type=\"widget\" data-widget_type=\"wd_button.default\">\n\t\t\t\t<div class=\"elementor-widget-container\">\n\t\t\t\t\t<div class=\"wd-button-wrapper text-center\" >\n\t\t\t<a class=\"btn btn-style-link btn-shape- btn-size-large btn-scheme-light btn-scheme-hover-dark btn-icon-pos-right\"  href=\"https:\/\/www.asus.com\/latin\/Motherboards-Components\/Graphics-Cards\/TUF-Gaming\/TUF-GTX1660TI-O6G-EVO-GAMING\/\" target=\"_blank\">\n\t\t\t\t<span class=\"wd-btn-text\" data-elementor-setting-key=\"text\">\n\t\t\t\t\tSaber m\u00e1s\t\t\t\t<\/span>\n\n\t\t\t\t\t\t\t<\/a>\n\t\t<\/div>\n\t\t\t\t<\/div>\n\t\t\t\t<\/div>\n\t\t\t\t\t<\/div>\n\t\t<\/div>\n\t\t\t\t\t\t\t<\/div>\n\t\t<\/section>\n\t\t\t\t\t\t<\/div>\n\t\t\t\t\t<\/div>\n\t\t","protected":false},"excerpt":{"rendered":"<h4>Caracter\u00edsticas principales:<\/h4>\n<p class=\"p1\"><span class=\"s1\">\u25cf NVIDIA\u00ae GeForce GTX 1660 Ti<\/span><br \/>\n<span class=\"s1\">\u25cf <span class=\"ProductSpecSingle__descriptionItemValue__lVa0O\">PCI Express 3.0<\/span><\/span><br \/>\n<span class=\"s2\"><span class=\"s1\">\u25cf <span class=\"ProductSpecSingle__descriptionItemValue__lVa0O\">16GB GDDR6<\/span>\u00a0<\/span><\/span>Video Memory<br \/>\n<span class=\"s1\">\u25cf Modo juego: 1815 MHz (Boost Clock)<\/span><br \/>\n<span class=\"s1\">\u25cf <\/span>DisplayPort 1.4a<br \/>\n<span class=\"s1\">\u25cf A<\/span>rquitectura NVIDIA Turing\u2122<\/p>\n","protected":false},"featured_media":13517,"comment_status":"open","ping_status":"closed","template":"","meta":[],"product_cat":[20,53,100],"product_tag":[227,218],"class_list":["post-15873","product","type-product","status-publish","has-post-thumbnail","hentry","product_cat-hardware","product_cat-tarjeta-grafica","product_cat-asus","product_tag-geforce","product_tag-tuf-gaming","pa_brand-asus"],"_links":{"self":[{"href":"https:\/\/tzila.mx\/dev\/wp-json\/wp\/v2\/product\/15873","targetHints":{"allow":["GET"]}}],"collection":[{"href":"https:\/\/tzila.mx\/dev\/wp-json\/wp\/v2\/product"}],"about":[{"href":"https:\/\/tzila.mx\/dev\/wp-json\/wp\/v2\/types\/product"}],"replies":[{"embeddable":true,"href":"https:\/\/tzila.mx\/dev\/wp-json\/wp\/v2\/comments?post=15873"}],"version-history":[{"count":1,"href":"https:\/\/tzila.mx\/dev\/wp-json\/wp\/v2\/product\/15873\/revisions"}],"predecessor-version":[{"id":15874,"href":"https:\/\/tzila.mx\/dev\/wp-json\/wp\/v2\/product\/15873\/revisions\/15874"}],"wp:featuredmedia":[{"embeddable":true,"href":"https:\/\/tzila.mx\/dev\/wp-json\/wp\/v2\/media\/13517"}],"wp:attachment":[{"href":"https:\/\/tzila.mx\/dev\/wp-json\/wp\/v2\/media?parent=15873"}],"wp:term":[{"taxonomy":"product_cat","embeddable":true,"href":"https:\/\/tzila.mx\/dev\/wp-json\/wp\/v2\/product_cat?post=15873"},{"taxonomy":"product_tag","embeddable":true,"href":"https:\/\/tzila.mx\/dev\/wp-json\/wp\/v2\/product_tag?post=15873"}],"curies":[{"name":"wp","href":"https:\/\/api.w.org\/{rel}","templated":true}]}}