{"id":15833,"date":"2022-06-14T15:40:23","date_gmt":"2022-06-14T20:40:23","guid":{"rendered":"https:\/\/tzila.mx\/dev\/?post_type=product&#038;p=15833"},"modified":"2022-06-29T11:35:47","modified_gmt":"2022-06-29T16:35:47","slug":"mouse-gamer-asus-tuf-gaming-m3","status":"publish","type":"product","link":"https:\/\/tzila.mx\/dev\/producto\/mouse-gamer-asus-tuf-gaming-m3\/","title":{"rendered":"Mouse Gamer ASUS TUF Gaming M3"},"content":{"rendered":"\t\t<div data-elementor-type=\"wp-post\" data-elementor-id=\"15833\" class=\"elementor elementor-15833\" data-elementor-settings=\"[]\">\n\t\t\t\t\t\t\t<div class=\"elementor-section-wrap\">\n\t\t\t\t\t\t\t<section class=\"elementor-section elementor-top-section elementor-element elementor-element-a77d38a elementor-section-boxed elementor-section-height-default elementor-section-height-default wd-section-disabled\" data-id=\"a77d38a\" data-element_type=\"section\">\n\t\t\t\t\t\t<div class=\"elementor-container elementor-column-gap-default\">\n\t\t\t\t\t<div class=\"elementor-column elementor-col-33 elementor-top-column elementor-element elementor-element-606b0e0\" data-id=\"606b0e0\" data-element_type=\"column\">\n\t\t\t<div class=\"elementor-widget-wrap elementor-element-populated\">\n\t\t\t\t\t\t\t\t<div class=\"elementor-element elementor-element-2efa55d elementor-widget elementor-widget-wd_text_block\" data-id=\"2efa55d\" data-element_type=\"widget\" data-widget_type=\"wd_text_block.default\">\n\t\t\t\t<div class=\"elementor-widget-container\">\n\t\t\t\t\t<div class=\"wd-text-block reset-last-child text-left\">\n\t\t\t\n\t\t\t<h5><strong>M\u00c1S ESPECIFICACIONES<\/strong><strong>:<\/strong><\/h5>\n\t\t\t\t\t<\/div>\n\t\t\t\t<\/div>\n\t\t\t\t<\/div>\n\t\t\t\t<div class=\"elementor-element elementor-element-00b20a9 elementor-widget elementor-widget-wd_text_block\" data-id=\"00b20a9\" data-element_type=\"widget\" data-widget_type=\"wd_text_block.default\">\n\t\t\t\t<div class=\"elementor-widget-container\">\n\t\t\t\t\t<div class=\"wd-text-block reset-last-child text-left\">\n\t\t\t\n\t\t\t<p>\u25cf Ergon\u00f3mico y ligero para maniobrar a alta velocidad con agarres de tipo garra.<br \/>\u25cf Sensor \u00f3ptico de 7000 ppp para juegos con un seguimiento muy preciso y dos botones DPI.<br \/>\u25cf Validado para aplicaciones intensivas con un revestimiento especial muy resistente.<br \/>\u25cf Iluminaci\u00f3n ASUS Aura Sync RGB que puedes sincronizar con el resto de dispositivos compatibles.<br \/>\u25cf Siete botones programables y memoria integrada.<br \/>\u25cf Utilidad Armoury II<\/p>\n\t\t\t\t\t<\/div>\n\t\t\t\t<\/div>\n\t\t\t\t<\/div>\n\t\t\t\t\t<\/div>\n\t\t<\/div>\n\t\t\t\t<div class=\"elementor-column elementor-col-66 elementor-top-column elementor-element elementor-element-b692253\" data-id=\"b692253\" data-element_type=\"column\">\n\t\t\t<div class=\"elementor-widget-wrap elementor-element-populated\">\n\t\t\t\t\t\t\t\t<div class=\"elementor-element elementor-element-0fefcf7 elementor-widget elementor-widget-wd_image_or_svg\" data-id=\"0fefcf7\" data-element_type=\"widget\" data-widget_type=\"wd_image_or_svg.default\">\n\t\t\t\t<div class=\"elementor-widget-container\">\n\t\t\t\n\t\t<div class=\"wd-image text-center\">\n\t\t\t\t\t\t\t\t<img decoding=\"async\" src=\"https:\/\/tzila.mx\/dev\/wp-content\/uploads\/elementor\/thumbs\/P305-TUF-GAMING-M3-DES-1-pqbhyq2lsz76rl6hq1widn2wj7slwhx0simqot7i4g.jpg\" title=\"P305 TUF GAMING M3-DES-1\" alt=\"P305 TUF GAMING M3-DES-1\" \/>\t\t\t\t\t<\/div>\n\n\t\t\t\t<\/div>\n\t\t\t\t<\/div>\n\t\t\t\t\t<\/div>\n\t\t<\/div>\n\t\t\t\t\t\t\t<\/div>\n\t\t<\/section>\n\t\t\t\t<section class=\"elementor-section elementor-top-section elementor-element elementor-element-ec9e38a elementor-section-boxed elementor-section-height-default elementor-section-height-default wd-section-disabled\" data-id=\"ec9e38a\" data-element_type=\"section\">\n\t\t\t\t\t\t<div class=\"elementor-container elementor-column-gap-default\">\n\t\t\t\t\t<div class=\"elementor-column elementor-col-33 elementor-top-column elementor-element elementor-element-c833c6a\" data-id=\"c833c6a\" data-element_type=\"column\">\n\t\t\t<div class=\"elementor-widget-wrap elementor-element-populated\">\n\t\t\t\t\t\t\t\t<div class=\"elementor-element elementor-element-6ae12e9 elementor-widget elementor-widget-wd_text_block\" data-id=\"6ae12e9\" data-element_type=\"widget\" data-widget_type=\"wd_text_block.default\">\n\t\t\t\t<div class=\"elementor-widget-container\">\n\t\t\t\t\t<div class=\"wd-text-block reset-last-child text-left\">\n\t\t\t\n\t\t\t<div class=\"text\"><h4>MU\u00c9VETE A PASO LIGERO<\/h4><p>El TUF GAMING M3 es un compacto rat\u00f3n que ofrece el confort, rendimiento y la fiabilidad que necesitan los gamers. Presenta un dise\u00f1o ergon\u00f3mico y ligero pensado para campa\u00f1as prolongadas y un sensor de alta precisi\u00f3n para ser m\u00e1s competitivo. Todo ello respaldado por interruptores con una vida \u00fatil de 50 millones de clics y un revestimiento protector muy resistente. El M3 tambi\u00e9n viene con iluminaci\u00f3n RGB ASUS Aura Sync para que lo personalices como quieras.<\/p><\/div>\n\t\t\t\t\t<\/div>\n\t\t\t\t<\/div>\n\t\t\t\t<\/div>\n\t\t\t\t<div class=\"elementor-element elementor-element-8604524 elementor-widget elementor-widget-wd_image_or_svg\" data-id=\"8604524\" data-element_type=\"widget\" data-widget_type=\"wd_image_or_svg.default\">\n\t\t\t\t<div class=\"elementor-widget-container\">\n\t\t\t\n\t\t<div class=\"wd-image text-center\">\n\t\t\t\t\t\t\t\t<img loading=\"lazy\" decoding=\"async\" width=\"1325\" height=\"429\" src=\"https:\/\/tzila.mx\/dev\/wp-content\/uploads\/2022\/06\/P305-TUF-GAMING-M3-DES-4.png\" class=\"attachment-full size-full\" alt=\"\" srcset=\"https:\/\/tzila.mx\/dev\/wp-content\/uploads\/2022\/06\/P305-TUF-GAMING-M3-DES-4.png 1325w, https:\/\/tzila.mx\/dev\/wp-content\/uploads\/2022\/06\/P305-TUF-GAMING-M3-DES-4-400x130.png 400w, https:\/\/tzila.mx\/dev\/wp-content\/uploads\/2022\/06\/P305-TUF-GAMING-M3-DES-4-1300x421.png 1300w, https:\/\/tzila.mx\/dev\/wp-content\/uploads\/2022\/06\/P305-TUF-GAMING-M3-DES-4-768x249.png 768w, https:\/\/tzila.mx\/dev\/wp-content\/uploads\/2022\/06\/P305-TUF-GAMING-M3-DES-4-860x278.png 860w, https:\/\/tzila.mx\/dev\/wp-content\/uploads\/2022\/06\/P305-TUF-GAMING-M3-DES-4-1320x427.png 1320w, https:\/\/tzila.mx\/dev\/wp-content\/uploads\/2022\/06\/P305-TUF-GAMING-M3-DES-4-430x139.png 430w, https:\/\/tzila.mx\/dev\/wp-content\/uploads\/2022\/06\/P305-TUF-GAMING-M3-DES-4-700x227.png 700w, https:\/\/tzila.mx\/dev\/wp-content\/uploads\/2022\/06\/P305-TUF-GAMING-M3-DES-4-150x49.png 150w\" sizes=\"auto, (max-width: 1325px) 100vw, 1325px\" \/>\t\t\t\t\t<\/div>\n\n\t\t\t\t<\/div>\n\t\t\t\t<\/div>\n\t\t\t\t<div class=\"elementor-element elementor-element-6015f3a elementor-widget elementor-widget-wd_text_block\" data-id=\"6015f3a\" data-element_type=\"widget\" data-widget_type=\"wd_text_block.default\">\n\t\t\t\t<div class=\"elementor-widget-container\">\n\t\t\t\t\t<div class=\"wd-text-block reset-last-child text-left\">\n\t\t\t\n\t\t\t<div class=\"text\"><h4>Dise\u00f1o ergon\u00f3mico y ambidiestro<\/h4><p>El TUF Gaming M5 hace gala de un compacto dise\u00f1o ambidiestro optimizado para usuarios que sujetan el rat\u00f3n con la punta de los dedos o utilizan agarres tipo garra. Ergon\u00f3mico y ligero, este rat\u00f3n sienta como un guante partida tras partida, y sus laterales de goma lo mantienen en su sitio en todo momento.<\/p><\/div>\n\t\t\t\t\t<\/div>\n\t\t\t\t<\/div>\n\t\t\t\t<\/div>\n\t\t\t\t<div class=\"elementor-element elementor-element-4f49f18 elementor-widget elementor-widget-wd_text_block\" data-id=\"4f49f18\" data-element_type=\"widget\" data-widget_type=\"wd_text_block.default\">\n\t\t\t\t<div class=\"elementor-widget-container\">\n\t\t\t\t\t<div class=\"wd-text-block reset-last-child text-left\">\n\t\t\t\n\t\t\t<div class=\"text\"><h4>ILUMINACI\u00d3N RGB AURA SYNC<\/h4><p>Aura Sync te permite personalizar el TUF Gaming M3 con todo el espectro de color y varios efectos de iluminaci\u00f3n que, adem\u00e1s, puedes sincronizar con el resto de dispositivos que forman parte del ecosistema Aura Sync. Todo pensado para que crees atm\u00f3sferas de juego \u00fanicas e imprimas tu identidad en tu sistema.<\/p><\/div>\n\t\t\t\t\t<\/div>\n\t\t\t\t<\/div>\n\t\t\t\t<\/div>\n\t\t\t\t\t<\/div>\n\t\t<\/div>\n\t\t\t\t<div class=\"elementor-column elementor-col-33 elementor-top-column elementor-element elementor-element-e7b3bda\" data-id=\"e7b3bda\" data-element_type=\"column\">\n\t\t\t<div class=\"elementor-widget-wrap elementor-element-populated\">\n\t\t\t\t\t\t\t\t<div class=\"elementor-element elementor-element-252ec94 elementor-widget elementor-widget-wd_text_block\" data-id=\"252ec94\" data-element_type=\"widget\" data-widget_type=\"wd_text_block.default\">\n\t\t\t\t<div class=\"elementor-widget-container\">\n\t\t\t\t\t<div class=\"wd-text-block reset-last-child text-left\">\n\t\t\t\n\t\t\t<section id=\"m5-3\" class=\"count\"><div class=\"text\"><h4>SENSOR \u00d3PTICO DE GAMING<\/h4><p>Equipado con un sensor \u00f3ptico de gaming (200 a 7000 ppp) con cuatro niveles DPI que puedes configurar v\u00eda ASUS Armoury II, el TUF Gaming M3 te proporciona la precisi\u00f3n y velocidad necesarias para ser m\u00e1s competitivo. Adem\u00e1s, la tasa de sondeo de 1000 Hz te permite reaccionar inmediatamente a lo que ocurre en la pantalla.<\/p><\/div><\/section>\n\t\t\t\t\t<\/div>\n\t\t\t\t<\/div>\n\t\t\t\t<\/div>\n\t\t\t\t<div class=\"elementor-element elementor-element-d0a2373 elementor-widget elementor-widget-wd_text_block\" data-id=\"d0a2373\" data-element_type=\"widget\" data-widget_type=\"wd_text_block.default\">\n\t\t\t\t<div class=\"elementor-widget-container\">\n\t\t\t\t\t<div class=\"wd-text-block reset-last-child text-left\">\n\t\t\t\n\t\t\t<h4>DURO Y RESISTENTE<\/h4><p>Hemos dise\u00f1ado el TUF Gaming M3 para que que est\u00e9 a tu servicio durante mucho a\u00f1os. La carcasa exterior incorpora un revestimiento especial capaz de superar una bater\u00eda de 10 pruebas que incluye ensayos de abrasi\u00f3n, fricci\u00f3n y transpiraci\u00f3n. Y para que mejores tu ratio de victorias, los interruptores de los botones principales tienen una vida \u00fatil de 50 millones de clics y la base de Teflon permite deslizarlo con precisi\u00f3n y fluidez.<\/p>\n\t\t\t\t\t<\/div>\n\t\t\t\t<\/div>\n\t\t\t\t<\/div>\n\t\t\t\t<div class=\"elementor-element elementor-element-696e1a7 elementor-widget elementor-widget-wd_image_or_svg\" data-id=\"696e1a7\" data-element_type=\"widget\" data-widget_type=\"wd_image_or_svg.default\">\n\t\t\t\t<div class=\"elementor-widget-container\">\n\t\t\t\n\t\t<div class=\"wd-image text-center\">\n\t\t\t\t\t\t\t\t<img decoding=\"async\" src=\"https:\/\/tzila.mx\/dev\/wp-content\/uploads\/elementor\/thumbs\/P305-TUF-GAMING-M3-DES-2-pqbhyurnvq9rgdkvm042x8rsmh6sje3pihoc6cn1z8.jpg\" title=\"P305 TUF GAMING M3-DES-2\" alt=\"P305 TUF GAMING M3-DES-2\" \/>\t\t\t\t\t<\/div>\n\n\t\t\t\t<\/div>\n\t\t\t\t<\/div>\n\t\t\t\t\t<\/div>\n\t\t<\/div>\n\t\t\t\t<div class=\"elementor-column elementor-col-33 elementor-top-column elementor-element elementor-element-ba9b9c1\" data-id=\"ba9b9c1\" data-element_type=\"column\">\n\t\t\t<div class=\"elementor-widget-wrap elementor-element-populated\">\n\t\t\t\t\t\t\t\t<div class=\"elementor-element elementor-element-e9bf201 elementor-widget elementor-widget-wd_text_block\" data-id=\"e9bf201\" data-element_type=\"widget\" data-widget_type=\"wd_text_block.default\">\n\t\t\t\t<div class=\"elementor-widget-container\">\n\t\t\t\t\t<div class=\"wd-text-block reset-last-child text-left\">\n\t\t\t\n\t\t\t<div class=\"text\"><div class=\"area\"><h4>SIETE BOTONES PROGRAMABLES<\/h4><p>El TUF Gaming M3 incorpora siete botones que puedes configurar para que se adapten a tu estilo de juego. Al estar separados, los botones principales requieren de una fuerza de actuaci\u00f3n menor y aumentan tu efectividad. Los dos botones DPI te permiten ajustar la sensibilidad al vuelo y los botones del lateral izquierdo y la rueda de desplazamiento completan las opciones de control.<\/p><\/div><\/div>\n\t\t\t\t\t<\/div>\n\t\t\t\t<\/div>\n\t\t\t\t<\/div>\n\t\t\t\t<div class=\"elementor-element elementor-element-7a297c2 elementor-widget elementor-widget-wd_image_or_svg\" data-id=\"7a297c2\" data-element_type=\"widget\" data-widget_type=\"wd_image_or_svg.default\">\n\t\t\t\t<div class=\"elementor-widget-container\">\n\t\t\t\n\t\t<div class=\"wd-image text-center\">\n\t\t\t\t\t\t\t\t<img decoding=\"async\" src=\"https:\/\/tzila.mx\/dev\/wp-content\/uploads\/elementor\/thumbs\/P305-TUF-GAMING-M3-DES-3-pqbhz53vywnx035uxmkz6o5v5prtw28r7wuoge7q2s.jpg\" title=\"P305 TUF GAMING M3-DES-3\" alt=\"P305 TUF GAMING M3-DES-3\" \/>\t\t\t\t\t<\/div>\n\n\t\t\t\t<\/div>\n\t\t\t\t<\/div>\n\t\t\t\t<div class=\"elementor-element elementor-element-7d838dd elementor-widget elementor-widget-wd_text_block\" data-id=\"7d838dd\" data-element_type=\"widget\" data-widget_type=\"wd_text_block.default\">\n\t\t\t\t<div class=\"elementor-widget-container\">\n\t\t\t\t\t<div class=\"wd-text-block reset-last-child text-left\">\n\t\t\t\n\t\t\t<h4>Armoury II<\/h4><p>Armoury II es un programa basado en drivers que te permite controlar todas las caracter\u00edsticas del TUF Gaming M5 desde una intuitiva interfaz; crea perfiles, personaliza su iluminaci\u00f3n, ajusta el rendimiento y mucho m\u00e1s. Incluso puedes consultar las estad\u00edsticas hardware para analizar el modo en que juegas.<\/p>\n\t\t\t\t\t<\/div>\n\t\t\t\t<\/div>\n\t\t\t\t<\/div>\n\t\t\t\t<div class=\"elementor-element elementor-element-078b475 elementor-widget elementor-widget-wd_button\" data-id=\"078b475\" data-element_type=\"widget\" data-widget_type=\"wd_button.default\">\n\t\t\t\t<div class=\"elementor-widget-container\">\n\t\t\t\t\t<div class=\"wd-button-wrapper text-center\" >\n\t\t\t<a class=\"btn btn-style-link btn-shape- btn-size-large btn-scheme-light btn-scheme-hover-dark btn-icon-pos-right\"  href=\"https:\/\/www.asus.com\/mx\/Accessories\/Mice-and-Mouse-Pads\/TUF-Gaming\/TUF-Gaming-M3\/\" target=\"_blank\">\n\t\t\t\t<span class=\"wd-btn-text\" data-elementor-setting-key=\"text\">\n\t\t\t\t\tSaber m\u00e1s\t\t\t\t<\/span>\n\n\t\t\t\t\t\t\t<\/a>\n\t\t<\/div>\n\t\t\t\t<\/div>\n\t\t\t\t<\/div>\n\t\t\t\t\t<\/div>\n\t\t<\/div>\n\t\t\t\t\t\t\t<\/div>\n\t\t<\/section>\n\t\t\t\t\t\t<\/div>\n\t\t\t\t\t<\/div>\n\t\t","protected":false},"excerpt":{"rendered":"<h4>Caracter\u00edsticas principales:<\/h4>\n<p class=\"p1\"><span class=\"s1\">\u25cf <span class=\"s2\">Al\u00e1mbrico USB 2.0<\/span><\/span><br \/>\n<span class=\"s1\">\u25cf<span class=\"s2\"> Siete botones programables <\/span><\/span><br \/>\n<span class=\"s1\">\u25cf Resoluci\u00f3n 7000<\/span><span class=\"ItemNumber\">\u00a0dpi<\/span><br \/>\n<span class=\"s1\">\u25cf Aceleraci\u00f3n m\u00e1xima 20g<\/span><br \/>\n<span class=\"s1\">\u25cf <\/span>Velocidad m\u00e1xima 100 pp<br \/>\n<span class=\"s1\">\u25cf<\/span><span class=\"s2\"> Aura Sync RGB<\/span><\/p>\n","protected":false},"featured_media":15835,"comment_status":"open","ping_status":"closed","template":"","meta":[],"product_cat":[28,81,100],"product_tag":[218],"class_list":["post-15833","product","type-product","status-publish","has-post-thumbnail","hentry","product_cat-setup","product_cat-mouse-gamer","product_cat-asus","product_tag-tuf-gaming","pa_brand-asus"],"_links":{"self":[{"href":"https:\/\/tzila.mx\/dev\/wp-json\/wp\/v2\/product\/15833","targetHints":{"allow":["GET"]}}],"collection":[{"href":"https:\/\/tzila.mx\/dev\/wp-json\/wp\/v2\/product"}],"about":[{"href":"https:\/\/tzila.mx\/dev\/wp-json\/wp\/v2\/types\/product"}],"replies":[{"embeddable":true,"href":"https:\/\/tzila.mx\/dev\/wp-json\/wp\/v2\/comments?post=15833"}],"version-history":[{"count":4,"href":"https:\/\/tzila.mx\/dev\/wp-json\/wp\/v2\/product\/15833\/revisions"}],"predecessor-version":[{"id":15848,"href":"https:\/\/tzila.mx\/dev\/wp-json\/wp\/v2\/product\/15833\/revisions\/15848"}],"wp:featuredmedia":[{"embeddable":true,"href":"https:\/\/tzila.mx\/dev\/wp-json\/wp\/v2\/media\/15835"}],"wp:attachment":[{"href":"https:\/\/tzila.mx\/dev\/wp-json\/wp\/v2\/media?parent=15833"}],"wp:term":[{"taxonomy":"product_cat","embeddable":true,"href":"https:\/\/tzila.mx\/dev\/wp-json\/wp\/v2\/product_cat?post=15833"},{"taxonomy":"product_tag","embeddable":true,"href":"https:\/\/tzila.mx\/dev\/wp-json\/wp\/v2\/product_tag?post=15833"}],"curies":[{"name":"wp","href":"https:\/\/api.w.org\/{rel}","templated":true}]}}