{"id":15814,"date":"2022-06-14T15:15:19","date_gmt":"2022-06-14T20:15:19","guid":{"rendered":"https:\/\/tzila.mx\/dev\/?post_type=product&#038;p=15814"},"modified":"2022-06-29T11:35:51","modified_gmt":"2022-06-29T16:35:51","slug":"monitor-gamer-asus-25-full-hd-vg259qr","status":"publish","type":"product","link":"https:\/\/tzila.mx\/dev\/producto\/monitor-gamer-asus-25-full-hd-vg259qr\/","title":{"rendered":"Monitor Gamer ASUS 25&#8243; Full HD VG259QR"},"content":{"rendered":"\t\t<div data-elementor-type=\"wp-post\" data-elementor-id=\"15814\" class=\"elementor elementor-15814\" data-elementor-settings=\"[]\">\n\t\t\t\t\t\t\t<div class=\"elementor-section-wrap\">\n\t\t\t\t\t\t\t<section class=\"elementor-section elementor-top-section elementor-element elementor-element-a77d38a elementor-section-boxed elementor-section-height-default elementor-section-height-default wd-section-disabled\" data-id=\"a77d38a\" data-element_type=\"section\">\n\t\t\t\t\t\t<div class=\"elementor-container elementor-column-gap-default\">\n\t\t\t\t\t<div class=\"elementor-column elementor-col-33 elementor-top-column elementor-element elementor-element-606b0e0\" data-id=\"606b0e0\" data-element_type=\"column\">\n\t\t\t<div class=\"elementor-widget-wrap elementor-element-populated\">\n\t\t\t\t\t\t\t\t<div class=\"elementor-element elementor-element-2efa55d elementor-widget elementor-widget-wd_text_block\" data-id=\"2efa55d\" data-element_type=\"widget\" data-widget_type=\"wd_text_block.default\">\n\t\t\t\t<div class=\"elementor-widget-container\">\n\t\t\t\t\t<div class=\"wd-text-block reset-last-child text-left\">\n\t\t\t\n\t\t\t<h5><strong>M\u00c1S ESPECIFICACIONES<\/strong><strong>:<\/strong><\/h5>\n\t\t\t\t\t<\/div>\n\t\t\t\t<\/div>\n\t\t\t\t<\/div>\n\t\t\t\t<div class=\"elementor-element elementor-element-00b20a9 elementor-widget elementor-widget-wd_text_block\" data-id=\"00b20a9\" data-element_type=\"widget\" data-widget_type=\"wd_text_block.default\">\n\t\t\t\t<div class=\"elementor-widget-container\">\n\t\t\t\t\t<div class=\"wd-text-block reset-last-child text-left\">\n\t\t\t\n\t\t\t<p>\u25cf Monitor de juegos Full HD de 24,5 pulgadas (1920 x 1080) con frecuencia de actualizaci\u00f3n ultrarr\u00e1pida de 165 Hz.<br \/>\u25cf La tecnolog\u00eda ASUS Extreme Low Motion Blur (ELMB\u2122) permite un tiempo de respuesta de 1 ms (MPRT)<br \/>\u25cf Shadow Boost mejora los detalles de la imagen en \u00e1reas oscuras.<br \/>\u25cf Procesamiento compatible con G-SYNC, que brinda una experiencia de juego fluida y sin rasgaduras al habilitar VRR.<br \/>\u25cf Cuenta con un soporte dise\u00f1ado ergon\u00f3micamente para ofrecer amplios ajustes de giro, inclinaci\u00f3n, pivote y altura.<\/p>\n\t\t\t\t\t<\/div>\n\t\t\t\t<\/div>\n\t\t\t\t<\/div>\n\t\t\t\t\t<\/div>\n\t\t<\/div>\n\t\t\t\t<div class=\"elementor-column elementor-col-66 elementor-top-column elementor-element elementor-element-b692253\" data-id=\"b692253\" data-element_type=\"column\">\n\t\t\t<div class=\"elementor-widget-wrap elementor-element-populated\">\n\t\t\t\t\t\t\t\t<div class=\"elementor-element elementor-element-0fefcf7 elementor-widget elementor-widget-wd_image_or_svg\" data-id=\"0fefcf7\" data-element_type=\"widget\" data-widget_type=\"wd_image_or_svg.default\">\n\t\t\t\t<div class=\"elementor-widget-container\">\n\t\t\t\n\t\t<div class=\"wd-image text-center\">\n\t\t\t\t\t\t\t\t<img decoding=\"async\" src=\"https:\/\/tzila.mx\/dev\/wp-content\/uploads\/elementor\/thumbs\/VG259QR-DES-1-pqbgwe7goh73hsk7pvr82h3jkfn4iz967o93yonwx4.png\" title=\"VG259QR-DES-1\" alt=\"VG259QR-DES-1\" \/>\t\t\t\t\t<\/div>\n\n\t\t\t\t<\/div>\n\t\t\t\t<\/div>\n\t\t\t\t\t<\/div>\n\t\t<\/div>\n\t\t\t\t\t\t\t<\/div>\n\t\t<\/section>\n\t\t\t\t<section class=\"elementor-section elementor-top-section elementor-element elementor-element-ec9e38a elementor-section-boxed elementor-section-height-default elementor-section-height-default wd-section-disabled\" data-id=\"ec9e38a\" data-element_type=\"section\">\n\t\t\t\t\t\t<div class=\"elementor-container elementor-column-gap-default\">\n\t\t\t\t\t<div class=\"elementor-column elementor-col-33 elementor-top-column elementor-element elementor-element-c833c6a\" data-id=\"c833c6a\" data-element_type=\"column\">\n\t\t\t<div class=\"elementor-widget-wrap elementor-element-populated\">\n\t\t\t\t\t\t\t\t<div class=\"elementor-element elementor-element-6ae12e9 elementor-widget elementor-widget-wd_text_block\" data-id=\"6ae12e9\" data-element_type=\"widget\" data-widget_type=\"wd_text_block.default\">\n\t\t\t\t<div class=\"elementor-widget-container\">\n\t\t\t\t\t<div class=\"wd-text-block reset-last-child text-left\">\n\t\t\t\n\t\t\t<h4>TUF GAMING VG259QR<\/h4><p>TUF Gaming VG259QR es una pantalla IPS de 24.5 pulgadas, Full HD (1920 x 1080) con una frecuencia de actualizaci\u00f3n r\u00e1pida de 165 Hz dise\u00f1ada para jugadores profesionales y un juego de ritmo r\u00e1pido.<br \/>Tambi\u00e9n cuenta con un tiempo de respuesta MPRT de 1 ms y compatible con G-Sync (procesamiento), para un juego extremadamente fluido sin desgarros ni tartamudeos.<\/p>\n\t\t\t\t\t<\/div>\n\t\t\t\t<\/div>\n\t\t\t\t<\/div>\n\t\t\t\t<div class=\"elementor-element elementor-element-e9bf201 elementor-widget elementor-widget-wd_text_block\" data-id=\"e9bf201\" data-element_type=\"widget\" data-widget_type=\"wd_text_block.default\">\n\t\t\t\t<div class=\"elementor-widget-container\">\n\t\t\t\t\t<div class=\"wd-text-block reset-last-child text-left\">\n\t\t\t\n\t\t\t<div class=\"row-content\" data-v-b7353816=\"\"><div class=\"product-content\"><div class=\"product-text\"><div class=\"product-heading\"><h4>Pantalla IPS de 24.5 pulgadas para un \u00c1ngulo de visi\u00f3n amplio y una mejor reproducci\u00f3n del color<\/h4><\/div><p>El panel IPS Full HD (1920 X 1080) de 24.5 pulgadas de TUF Gaming VG259QR ofrece im\u00e1genes impresionantes desde todos los \u00e1ngulos con amplios \u00e1ngulos de visi\u00f3n de 178 grados que garantizan una distorsi\u00f3n y un cambio de color m\u00ednimos incluso cuando se ve desde posiciones extremas.<\/p><\/div><\/div><\/div>\n\t\t\t\t\t<\/div>\n\t\t\t\t<\/div>\n\t\t\t\t<\/div>\n\t\t\t\t<div class=\"elementor-element elementor-element-56cc7a2 elementor-widget elementor-widget-wd_image_or_svg\" data-id=\"56cc7a2\" data-element_type=\"widget\" data-widget_type=\"wd_image_or_svg.default\">\n\t\t\t\t<div class=\"elementor-widget-container\">\n\t\t\t\n\t\t<div class=\"wd-image text-left\">\n\t\t\t\t\t\t\t\t<img loading=\"lazy\" decoding=\"async\" width=\"786\" height=\"649\" src=\"https:\/\/tzila.mx\/dev\/wp-content\/uploads\/2022\/06\/VG259QR-DES-2.png\" class=\"attachment-full size-full\" alt=\"\" srcset=\"https:\/\/tzila.mx\/dev\/wp-content\/uploads\/2022\/06\/VG259QR-DES-2.png 786w, https:\/\/tzila.mx\/dev\/wp-content\/uploads\/2022\/06\/VG259QR-DES-2-363x300.png 363w, https:\/\/tzila.mx\/dev\/wp-content\/uploads\/2022\/06\/VG259QR-DES-2-768x634.png 768w, https:\/\/tzila.mx\/dev\/wp-content\/uploads\/2022\/06\/VG259QR-DES-2-430x355.png 430w, https:\/\/tzila.mx\/dev\/wp-content\/uploads\/2022\/06\/VG259QR-DES-2-700x578.png 700w, https:\/\/tzila.mx\/dev\/wp-content\/uploads\/2022\/06\/VG259QR-DES-2-150x124.png 150w\" sizes=\"auto, (max-width: 786px) 100vw, 786px\" \/>\t\t\t\t\t<\/div>\n\n\t\t\t\t<\/div>\n\t\t\t\t<\/div>\n\t\t\t\t<div class=\"elementor-element elementor-element-d0a2373 elementor-widget elementor-widget-wd_text_block\" data-id=\"d0a2373\" data-element_type=\"widget\" data-widget_type=\"wd_text_block.default\">\n\t\t\t\t<div class=\"elementor-widget-container\">\n\t\t\t\t\t<div class=\"wd-text-block reset-last-child text-left\">\n\t\t\t\n\t\t\t<div class=\"product-text\"><div class=\"product-heading\"><h4>EXTREME LOW MOTION BLUR<\/h4><\/div><\/div><div class=\"tab-weight tab_btn_a tab_btn_b\"><div class=\"tab-content\"><div class=\"content-section\"><p class=\"text_thr\">Cuenta con la \u00faltima tecnolog\u00eda Extreme Low Motion Blur exclusiva de ASUS, que logra 1ms MPRT para eliminar manchas y desenfoque de movimiento, y hace que los objetos en movimiento se vean m\u00e1s n\u00edtidos, por lo que el juego es m\u00e1s fluido y receptivo.<\/p><\/div><\/div><\/div>\n\t\t\t\t\t<\/div>\n\t\t\t\t<\/div>\n\t\t\t\t<\/div>\n\t\t\t\t\t<\/div>\n\t\t<\/div>\n\t\t\t\t<div class=\"elementor-column elementor-col-33 elementor-top-column elementor-element elementor-element-e7b3bda\" data-id=\"e7b3bda\" data-element_type=\"column\">\n\t\t\t<div class=\"elementor-widget-wrap elementor-element-populated\">\n\t\t\t\t\t\t\t\t<div class=\"elementor-element elementor-element-4f49f18 elementor-widget elementor-widget-wd_text_block\" data-id=\"4f49f18\" data-element_type=\"widget\" data-widget_type=\"wd_text_block.default\">\n\t\t\t\t<div class=\"elementor-widget-container\">\n\t\t\t\t\t<div class=\"wd-text-block reset-last-child text-left\">\n\t\t\t\n\t\t\t<div class=\"row-content r-side\" data-v-b7353816=\"\"><div class=\"product-text\"><div class=\"product-heading\"><div class=\"product-content\"><div class=\"product-text\"><div class=\"product-heading\"><h4>Frecuencia de actualizaci\u00d3n 165Hz<\/h4><\/div><p>TUF Gaming VG259QR tiene una frecuencia de actualizaci\u00f3n ultrarr\u00e1pida de 165Hz, lo que garantiza que incluso los juegos de ritmo r\u00e1pido jugados con la configuraci\u00f3n visual m\u00e1s alta se vean fluidos como la mantequilla y completamente sin demoras. Obtenga la ventaja en juegos de disparos en primera persona, carreras, estrategia en tiempo real y t\u00edtulos deportivos.<\/p><\/div><\/div><\/div><\/div><\/div>\n\t\t\t\t\t<\/div>\n\t\t\t\t<\/div>\n\t\t\t\t<\/div>\n\t\t\t\t<div class=\"elementor-element elementor-element-f8f184f elementor-widget elementor-widget-wd_image_or_svg\" data-id=\"f8f184f\" data-element_type=\"widget\" data-widget_type=\"wd_image_or_svg.default\">\n\t\t\t\t<div class=\"elementor-widget-container\">\n\t\t\t\n\t\t<div class=\"wd-image text-left\">\n\t\t\t\t\t\t\t\t<img loading=\"lazy\" decoding=\"async\" width=\"879\" height=\"561\" src=\"https:\/\/tzila.mx\/dev\/wp-content\/uploads\/2022\/06\/VG259QR-DES-3.png\" class=\"attachment-full size-full\" alt=\"\" srcset=\"https:\/\/tzila.mx\/dev\/wp-content\/uploads\/2022\/06\/VG259QR-DES-3.png 879w, https:\/\/tzila.mx\/dev\/wp-content\/uploads\/2022\/06\/VG259QR-DES-3-400x255.png 400w, https:\/\/tzila.mx\/dev\/wp-content\/uploads\/2022\/06\/VG259QR-DES-3-768x490.png 768w, https:\/\/tzila.mx\/dev\/wp-content\/uploads\/2022\/06\/VG259QR-DES-3-860x549.png 860w, https:\/\/tzila.mx\/dev\/wp-content\/uploads\/2022\/06\/VG259QR-DES-3-430x274.png 430w, https:\/\/tzila.mx\/dev\/wp-content\/uploads\/2022\/06\/VG259QR-DES-3-700x447.png 700w, https:\/\/tzila.mx\/dev\/wp-content\/uploads\/2022\/06\/VG259QR-DES-3-150x96.png 150w\" sizes=\"auto, (max-width: 879px) 100vw, 879px\" \/>\t\t\t\t\t<\/div>\n\n\t\t\t\t<\/div>\n\t\t\t\t<\/div>\n\t\t\t\t<div class=\"elementor-element elementor-element-252ec94 elementor-widget elementor-widget-wd_text_block\" data-id=\"252ec94\" data-element_type=\"widget\" data-widget_type=\"wd_text_block.default\">\n\t\t\t\t<div class=\"elementor-widget-container\">\n\t\t\t\t\t<div class=\"wd-text-block reset-last-child text-left\">\n\t\t\t\n\t\t\t<div class=\"flex-item\"><div class=\"content-info\"><div class=\"info-title\"><h4 class=\"gradient-title f-f-xolonium\">Shadow Boost<\/h4><\/div><p class=\"info-desc\">La tecnolog\u00eda ASUS Shadow Boost aclara las \u00e1reas oscuras del juego sin sobreexponer las \u00e1reas m\u00e1s brillantes, lo que mejora la visualizaci\u00f3n general y tambi\u00e9n facilita la detecci\u00f3n de enemigos ocultos en \u00e1reas oscuras del mapa.<\/p><\/div><\/div>\n\t\t\t\t\t<\/div>\n\t\t\t\t<\/div>\n\t\t\t\t<\/div>\n\t\t\t\t<div class=\"elementor-element elementor-element-668203b elementor-widget elementor-widget-wd_text_block\" data-id=\"668203b\" data-element_type=\"widget\" data-widget_type=\"wd_text_block.default\">\n\t\t\t\t<div class=\"elementor-widget-container\">\n\t\t\t\t\t<div class=\"wd-text-block reset-last-child text-left\">\n\t\t\t\n\t\t\t<div class=\"flex-item\"><div class=\"content-info\"><div class=\"info-title\"><div class=\"flex-item\"><div class=\"content-info\"><div class=\"info-title\"><h4 class=\"gradient-title f-f-xolonium\">GamePlus<\/h4><\/div><p class=\"info-desc\">La tecla de acceso r\u00e1pido integrada GamePlus exclusiva de ASUS ofrece mejoras en el juego que te ayudan a sacar m\u00e1s provecho de tus juegos. Esta funci\u00f3n se ha desarrollado conjuntamente con la participaci\u00f3n de jugadores profesionales, lo que les permite practicar y mejorar sus habilidades de juego.<\/p><\/div><\/div><\/div><\/div><\/div>\n\t\t\t\t\t<\/div>\n\t\t\t\t<\/div>\n\t\t\t\t<\/div>\n\t\t\t\t\t<\/div>\n\t\t<\/div>\n\t\t\t\t<div class=\"elementor-column elementor-col-33 elementor-top-column elementor-element elementor-element-ba9b9c1\" data-id=\"ba9b9c1\" data-element_type=\"column\">\n\t\t\t<div class=\"elementor-widget-wrap elementor-element-populated\">\n\t\t\t\t\t\t\t\t<div class=\"elementor-element elementor-element-17fac5e elementor-widget elementor-widget-wd_text_block\" data-id=\"17fac5e\" data-element_type=\"widget\" data-widget_type=\"wd_text_block.default\">\n\t\t\t\t<div class=\"elementor-widget-container\">\n\t\t\t\t\t<div class=\"wd-text-block reset-last-child text-left\">\n\t\t\t\n\t\t\t<div class=\"flex-item\"><div class=\"content-info\"><div class=\"info-title\"><div class=\"flex-item\"><div class=\"content-info\"><div class=\"info-title\"><div class=\"flex-item\"><div class=\"content-info\"><div class=\"info-title\"><h4 class=\"gradient-title f-f-xolonium\">GameVisual<\/h4><\/div><p class=\"info-desc\">La tecnolog\u00eda ASUS GameVisual tiene siete modos de visualizaci\u00f3n preestablecidos para optimizar las im\u00e1genes para diferentes tipos de contenido. Se puede acceder f\u00e1cilmente a esta caracter\u00edstica \u00fanica a trav\u00e9s de una tecla de acceso r\u00e1pido o el men\u00fa de configuraci\u00f3n de visualizaci\u00f3n en pantalla.<\/p><\/div><\/div><\/div><\/div><\/div><\/div><\/div><\/div>\n\t\t\t\t\t<\/div>\n\t\t\t\t<\/div>\n\t\t\t\t<\/div>\n\t\t\t\t<div class=\"elementor-element elementor-element-713f750 elementor-widget elementor-widget-wd_text_block\" data-id=\"713f750\" data-element_type=\"widget\" data-widget_type=\"wd_text_block.default\">\n\t\t\t\t<div class=\"elementor-widget-container\">\n\t\t\t\t\t<div class=\"wd-text-block reset-last-child text-left\">\n\t\t\t\n\t\t\t<div class=\"flex-item\"><div class=\"content-info\"><div class=\"info-title\"><div class=\"flex-item\"><div class=\"content-info\"><div class=\"info-title\"><div class=\"flex-item\"><div class=\"content-info\"><div class=\"info-title\"><div class=\"flex-item\"><div class=\"content-info\"><div class=\"info-title\"><h4 class=\"gradient-title f-f-xolonium\">Tecnolog\u00cda Flicker-Free<\/h4><\/div><p class=\"info-desc\">La tecnolog\u00eda Flicker-Free reduce el parpadeo para minimizar la fatiga visual para una mayor comodidad cuando est\u00e1s envuelto en largas sesiones de juego.<\/p><\/div><\/div><\/div><\/div><\/div><\/div><\/div><\/div><\/div><\/div><\/div>\n\t\t\t\t\t<\/div>\n\t\t\t\t<\/div>\n\t\t\t\t<\/div>\n\t\t\t\t<div class=\"elementor-element elementor-element-2a1274e elementor-widget elementor-widget-wd_image_or_svg\" data-id=\"2a1274e\" data-element_type=\"widget\" data-widget_type=\"wd_image_or_svg.default\">\n\t\t\t\t<div class=\"elementor-widget-container\">\n\t\t\t\n\t\t<div class=\"wd-image text-left\">\n\t\t\t\t\t\t\t\t<img loading=\"lazy\" decoding=\"async\" width=\"1000\" height=\"563\" src=\"https:\/\/tzila.mx\/dev\/wp-content\/uploads\/2022\/05\/VG24VQ-des-4.jpg\" class=\"attachment-full size-full\" alt=\"\" srcset=\"https:\/\/tzila.mx\/dev\/wp-content\/uploads\/2022\/05\/VG24VQ-des-4.jpg 1000w, https:\/\/tzila.mx\/dev\/wp-content\/uploads\/2022\/05\/VG24VQ-des-4-400x225.jpg 400w, https:\/\/tzila.mx\/dev\/wp-content\/uploads\/2022\/05\/VG24VQ-des-4-768x432.jpg 768w, https:\/\/tzila.mx\/dev\/wp-content\/uploads\/2022\/05\/VG24VQ-des-4-860x484.jpg 860w, https:\/\/tzila.mx\/dev\/wp-content\/uploads\/2022\/05\/VG24VQ-des-4-430x242.jpg 430w, https:\/\/tzila.mx\/dev\/wp-content\/uploads\/2022\/05\/VG24VQ-des-4-700x394.jpg 700w, https:\/\/tzila.mx\/dev\/wp-content\/uploads\/2022\/05\/VG24VQ-des-4-150x84.jpg 150w\" sizes=\"auto, (max-width: 1000px) 100vw, 1000px\" \/>\t\t\t\t\t<\/div>\n\n\t\t\t\t<\/div>\n\t\t\t\t<\/div>\n\t\t\t\t<div class=\"elementor-element elementor-element-6fe338d elementor-widget elementor-widget-wd_text_block\" data-id=\"6fe338d\" data-element_type=\"widget\" data-widget_type=\"wd_text_block.default\">\n\t\t\t\t<div class=\"elementor-widget-container\">\n\t\t\t\t\t<div class=\"wd-text-block reset-last-child text-left\">\n\t\t\t\n\t\t\t<h4 class=\"view-title gradient-title f-f-xolonium\">INGENIER\u00cdA<\/h4><p class=\"view-title gradient-title f-f-xolonium\">Disfruta de amplias opciones de conectividad, que incluyen dos DisplayPort 1.4, dos HDMI (V2.0), USB HUB y un conector para aud\u00edfonos de 3.5mm para conectarse a una amplia gama de dispositivos multimedia.<\/p><div><div class=\"fcontent\"><div class=\"info\"><div class=\"flex-item\"><div class=\"content-info\"><div class=\"info-title\"><p class=\"gradient-title f-f-xolonium\">Dise\u00f1o ergon\u00f3mico<br \/>Con un soporte de dise\u00f1o ergon\u00f3mico, TUF Gaming VG34VQL1B proporciona ajustes de inclinaci\u00f3n, giro y altura para que puedas encontrar f\u00e1cilmente su posici\u00f3n de visualizaci\u00f3n ideal. La pantalla tambi\u00e9n es compatible con VESA para montaje en pared.<\/p><\/div><\/div><\/div><\/div><\/div><\/div>\n\t\t\t\t\t<\/div>\n\t\t\t\t<\/div>\n\t\t\t\t<\/div>\n\t\t\t\t<div class=\"elementor-element elementor-element-078b475 elementor-widget elementor-widget-wd_button\" data-id=\"078b475\" data-element_type=\"widget\" data-widget_type=\"wd_button.default\">\n\t\t\t\t<div class=\"elementor-widget-container\">\n\t\t\t\t\t<div class=\"wd-button-wrapper text-center\" >\n\t\t\t<a class=\"btn btn-style-link btn-shape- btn-size-large btn-scheme-light btn-scheme-hover-dark btn-icon-pos-right\"  href=\"https:\/\/www.asus.com\/mx\/Displays-Desktops\/Monitors\/TUF-Gaming\/TUF-GAMING-VG259QR\/\" target=\"_blank\">\n\t\t\t\t<span class=\"wd-btn-text\" data-elementor-setting-key=\"text\">\n\t\t\t\t\tSaber m\u00e1s\t\t\t\t<\/span>\n\n\t\t\t\t\t\t\t<\/a>\n\t\t<\/div>\n\t\t\t\t<\/div>\n\t\t\t\t<\/div>\n\t\t\t\t\t<\/div>\n\t\t<\/div>\n\t\t\t\t\t\t\t<\/div>\n\t\t<\/section>\n\t\t\t\t\t\t<\/div>\n\t\t\t\t\t<\/div>\n\t\t","protected":false},"excerpt":{"rendered":"<h4>Caracter\u00edsticas principales:<\/h4>\n<p class=\"p1\"><span class=\"s1\">\u25cf<\/span><span class=\"s2\"> <span id=\"\" class=\"tech-details__item-label\" data-fetched=\"true\">Tama\u00f1o de la pantalla 24.5 pulgadas<\/span><\/span><br \/>\n<span class=\"s1\">\u25cf <\/span>Resoluci\u00f3n Full HD (1920 x 1080)<br \/>\n<span class=\"s1\">\u25cf<\/span> Frecuencia de actualizaci\u00f3n (Max) :165Hz<br \/>\n<span class=\"s1\">\u25cf<\/span> Tiempo de respuesta 1 ms (MPRT)<br \/>\n<span class=\"s1\">\u25cf<\/span><span class=\"s2\"> Tecnolog\u00eda ASUS Extreme Low Motion Blur (ELMB \u2122)<\/span><br \/>\n<span class=\"s1\">\u25cf <\/span>Compatible con G-SYNC<\/p>\n","protected":false},"featured_media":15817,"comment_status":"open","ping_status":"closed","template":"","meta":[],"product_cat":[224,94,32,100],"product_tag":[218],"class_list":["post-15814","product","type-product","status-publish","has-post-thumbnail","hentry","product_cat-25-pulgadas","product_cat-monitores-set","product_cat-monitores","product_cat-asus","product_tag-tuf-gaming","pa_brand-asus"],"_links":{"self":[{"href":"https:\/\/tzila.mx\/dev\/wp-json\/wp\/v2\/product\/15814","targetHints":{"allow":["GET"]}}],"collection":[{"href":"https:\/\/tzila.mx\/dev\/wp-json\/wp\/v2\/product"}],"about":[{"href":"https:\/\/tzila.mx\/dev\/wp-json\/wp\/v2\/types\/product"}],"replies":[{"embeddable":true,"href":"https:\/\/tzila.mx\/dev\/wp-json\/wp\/v2\/comments?post=15814"}],"version-history":[{"count":7,"href":"https:\/\/tzila.mx\/dev\/wp-json\/wp\/v2\/product\/15814\/revisions"}],"predecessor-version":[{"id":15831,"href":"https:\/\/tzila.mx\/dev\/wp-json\/wp\/v2\/product\/15814\/revisions\/15831"}],"wp:featuredmedia":[{"embeddable":true,"href":"https:\/\/tzila.mx\/dev\/wp-json\/wp\/v2\/media\/15817"}],"wp:attachment":[{"href":"https:\/\/tzila.mx\/dev\/wp-json\/wp\/v2\/media?parent=15814"}],"wp:term":[{"taxonomy":"product_cat","embeddable":true,"href":"https:\/\/tzila.mx\/dev\/wp-json\/wp\/v2\/product_cat?post=15814"},{"taxonomy":"product_tag","embeddable":true,"href":"https:\/\/tzila.mx\/dev\/wp-json\/wp\/v2\/product_tag?post=15814"}],"curies":[{"name":"wp","href":"https:\/\/api.w.org\/{rel}","templated":true}]}}