{"id":15772,"date":"2022-06-13T23:36:12","date_gmt":"2022-06-14T04:36:12","guid":{"rendered":"https:\/\/tzila.mx\/dev\/?post_type=product&#038;p=15772"},"modified":"2022-06-29T11:35:57","modified_gmt":"2022-06-29T16:35:57","slug":"teclado-gamer-asus-tuf-gaming-k1-rgb","status":"publish","type":"product","link":"https:\/\/tzila.mx\/dev\/producto\/teclado-gamer-asus-tuf-gaming-k1-rgb\/","title":{"rendered":"Teclado Gamer ASUS TUF Gaming K1 RGB"},"content":{"rendered":"\t\t<div data-elementor-type=\"wp-post\" data-elementor-id=\"15772\" class=\"elementor elementor-15772\" data-elementor-settings=\"[]\">\n\t\t\t\t\t\t\t<div class=\"elementor-section-wrap\">\n\t\t\t\t\t\t\t<section class=\"elementor-section elementor-top-section elementor-element elementor-element-a77d38a elementor-section-boxed elementor-section-height-default elementor-section-height-default wd-section-disabled\" data-id=\"a77d38a\" data-element_type=\"section\">\n\t\t\t\t\t\t<div class=\"elementor-container elementor-column-gap-default\">\n\t\t\t\t\t<div class=\"elementor-column elementor-col-33 elementor-top-column elementor-element elementor-element-606b0e0\" data-id=\"606b0e0\" data-element_type=\"column\">\n\t\t\t<div class=\"elementor-widget-wrap elementor-element-populated\">\n\t\t\t\t\t\t\t\t<div class=\"elementor-element elementor-element-2efa55d elementor-widget elementor-widget-wd_text_block\" data-id=\"2efa55d\" data-element_type=\"widget\" data-widget_type=\"wd_text_block.default\">\n\t\t\t\t<div class=\"elementor-widget-container\">\n\t\t\t\t\t<div class=\"wd-text-block reset-last-child text-left\">\n\t\t\t\n\t\t\t<h5><strong>M\u00c1S ESPECIFICACIONES<\/strong><strong>:<\/strong><\/h5>\n\t\t\t\t\t<\/div>\n\t\t\t\t<\/div>\n\t\t\t\t<\/div>\n\t\t\t\t<div class=\"elementor-element elementor-element-00b20a9 elementor-widget elementor-widget-wd_text_block\" data-id=\"00b20a9\" data-element_type=\"widget\" data-widget_type=\"wd_text_block.default\">\n\t\t\t\t<div class=\"elementor-widget-container\">\n\t\t\t\t\t<div class=\"wd-text-block reset-last-child text-left\">\n\t\t\t\n\t\t\t<p>\u25cf Interruptores t\u00e1ctiles TUF Gaming con rollover de 19 teclas para un rendimiento confiable y con capacidad de respuesta..<br \/>\u25cf Efectos de iluminaci\u00f3n RGB din\u00e1micos y barra de luces de montaje lateral para iluminar tu juego.<br \/>\u25cf Perilla de volumen dedicada para un ajuste de audio r\u00e1pido y f\u00e1cil.<br \/>\u25cf Armaz\u00f3n de pl\u00e1stico reforzado y duradero con hasta 300ml de resistencia a derrames para una estabilidad y fiabilidad diarias.<br \/>\u25cf Teclas programables con grabaci\u00f3n de macros sobre la marcha y memoria integrada para un juego personalizado.<br \/>\u25cf La aplicaci\u00f3n Armory Crate proporciona amplios controles y una interfaz intuitiva para personalizar el teclado.<br \/>\u25cf Reposamu\u00f1ecas ergon\u00f3mico desmontable para mayor comodidad.\u00a0<\/p>\n\t\t\t\t\t<\/div>\n\t\t\t\t<\/div>\n\t\t\t\t<\/div>\n\t\t\t\t\t<\/div>\n\t\t<\/div>\n\t\t\t\t<div class=\"elementor-column elementor-col-66 elementor-top-column elementor-element elementor-element-b692253\" data-id=\"b692253\" data-element_type=\"column\">\n\t\t\t<div class=\"elementor-widget-wrap elementor-element-populated\">\n\t\t\t\t\t\t\t\t<div class=\"elementor-element elementor-element-0fefcf7 elementor-widget elementor-widget-wd_image_or_svg\" data-id=\"0fefcf7\" data-element_type=\"widget\" data-widget_type=\"wd_image_or_svg.default\">\n\t\t\t\t<div class=\"elementor-widget-container\">\n\t\t\t\n\t\t<div class=\"wd-image text-center\">\n\t\t\t\t\t\t\t\t<img decoding=\"async\" src=\"https:\/\/tzila.mx\/dev\/wp-content\/uploads\/elementor\/thumbs\/RA04-TUF-GAMING-K1CA-des-4-pqac1dq8d88uo9ara2spsmhoc3p9a9aqgyih3fvans.jpg\" title=\"RA04 TUF GAMING K1:CA-des-4\" alt=\"RA04 TUF GAMING K1:CA-des-4\" \/>\t\t\t\t\t<\/div>\n\n\t\t\t\t<\/div>\n\t\t\t\t<\/div>\n\t\t\t\t\t<\/div>\n\t\t<\/div>\n\t\t\t\t\t\t\t<\/div>\n\t\t<\/section>\n\t\t\t\t<section class=\"elementor-section elementor-top-section elementor-element elementor-element-ec9e38a elementor-section-boxed elementor-section-height-default elementor-section-height-default wd-section-disabled\" data-id=\"ec9e38a\" data-element_type=\"section\">\n\t\t\t\t\t\t<div class=\"elementor-container elementor-column-gap-default\">\n\t\t\t\t\t<div class=\"elementor-column elementor-col-33 elementor-top-column elementor-element elementor-element-c833c6a\" data-id=\"c833c6a\" data-element_type=\"column\">\n\t\t\t<div class=\"elementor-widget-wrap elementor-element-populated\">\n\t\t\t\t\t\t\t\t<div class=\"elementor-element elementor-element-6ae12e9 elementor-widget elementor-widget-wd_text_block\" data-id=\"6ae12e9\" data-element_type=\"widget\" data-widget_type=\"wd_text_block.default\">\n\t\t\t\t<div class=\"elementor-widget-container\">\n\t\t\t\t\t<div class=\"wd-text-block reset-last-child text-left\">\n\t\t\t\n\t\t\t<div class=\"stitle\"><div class=\"mtitle\"><div class=\"text-wrapper\"><div class=\"text\"><h4>Estilo y Durabilidad<\/h4><p>ASUS TUF Gaming K1 es un teclado para juegos que ofrece un rendimiento sin concesiones y una durabilidad excepcional. Est\u00e1 equipado con switches que brindan tacto silencioso con cada pulsaci\u00f3n. Estos est\u00e1n alojados en un marco resistente a derrames de 300ml que est\u00e1 reforzado con un revestimiento especializado y validado para trabajos duros. K1 tambi\u00e9n cuenta con iluminaci\u00f3n RGB personalizable y barras de luz de montaje lateral para un estilo personalizado, una perilla de volumen dedicada para un control r\u00e1pido e intuitivo y un reposamu\u00f1ecas ergon\u00f3mico desmontable para mayor comodidad.<\/p><\/div><\/div><\/div><\/div>\n\t\t\t\t\t<\/div>\n\t\t\t\t<\/div>\n\t\t\t\t<\/div>\n\t\t\t\t<div class=\"elementor-element elementor-element-e9bf201 elementor-widget elementor-widget-wd_text_block\" data-id=\"e9bf201\" data-element_type=\"widget\" data-widget_type=\"wd_text_block.default\">\n\t\t\t\t<div class=\"elementor-widget-container\">\n\t\t\t\t\t<div class=\"wd-text-block reset-last-child text-left\">\n\t\t\t\n\t\t\t<div class=\"mtitle\"><h4>RGB DIN\u00c1MICO Y BARRA DE ILUMINACI\u00d3N<\/h4><p>TUF Gaming K1 presenta cinco zonas de iluminaci\u00f3n individuales y luces llamativas barras RGB en ambos lados. Cada zona se puede personalizar individualmente de todo el espectro de colores, lo que te permite iluminar tu plataforma con tu look. La aplicaci\u00f3n ASUS Armory Crate proporciona control RGB de pr\u00f3xima generaci\u00f3n que sincroniza la iluminaci\u00f3n y los perfiles de juego con su contenido.<\/p><\/div>\n\t\t\t\t\t<\/div>\n\t\t\t\t<\/div>\n\t\t\t\t<\/div>\n\t\t\t\t<div class=\"elementor-element elementor-element-696e1a7 elementor-widget elementor-widget-wd_image_or_svg\" data-id=\"696e1a7\" data-element_type=\"widget\" data-widget_type=\"wd_image_or_svg.default\">\n\t\t\t\t<div class=\"elementor-widget-container\">\n\t\t\t\n\t\t<div class=\"wd-image text-center\">\n\t\t\t\t\t\t\t\t<img loading=\"lazy\" decoding=\"async\" width=\"1920\" height=\"825\" src=\"https:\/\/tzila.mx\/dev\/wp-content\/uploads\/2022\/06\/RA04-TUF-GAMING-K1CA-des-2.jpg\" class=\"attachment-full size-full\" alt=\"\" srcset=\"https:\/\/tzila.mx\/dev\/wp-content\/uploads\/2022\/06\/RA04-TUF-GAMING-K1CA-des-2.jpg 1920w, https:\/\/tzila.mx\/dev\/wp-content\/uploads\/2022\/06\/RA04-TUF-GAMING-K1CA-des-2-400x172.jpg 400w, https:\/\/tzila.mx\/dev\/wp-content\/uploads\/2022\/06\/RA04-TUF-GAMING-K1CA-des-2-1300x559.jpg 1300w, https:\/\/tzila.mx\/dev\/wp-content\/uploads\/2022\/06\/RA04-TUF-GAMING-K1CA-des-2-768x330.jpg 768w, https:\/\/tzila.mx\/dev\/wp-content\/uploads\/2022\/06\/RA04-TUF-GAMING-K1CA-des-2-1536x660.jpg 1536w, https:\/\/tzila.mx\/dev\/wp-content\/uploads\/2022\/06\/RA04-TUF-GAMING-K1CA-des-2-860x370.jpg 860w, https:\/\/tzila.mx\/dev\/wp-content\/uploads\/2022\/06\/RA04-TUF-GAMING-K1CA-des-2-1320x567.jpg 1320w, https:\/\/tzila.mx\/dev\/wp-content\/uploads\/2022\/06\/RA04-TUF-GAMING-K1CA-des-2-430x185.jpg 430w, https:\/\/tzila.mx\/dev\/wp-content\/uploads\/2022\/06\/RA04-TUF-GAMING-K1CA-des-2-700x301.jpg 700w, https:\/\/tzila.mx\/dev\/wp-content\/uploads\/2022\/06\/RA04-TUF-GAMING-K1CA-des-2-150x64.jpg 150w\" sizes=\"auto, (max-width: 1920px) 100vw, 1920px\" \/>\t\t\t\t\t<\/div>\n\n\t\t\t\t<\/div>\n\t\t\t\t<\/div>\n\t\t\t\t<div class=\"elementor-element elementor-element-d0a2373 elementor-widget elementor-widget-wd_text_block\" data-id=\"d0a2373\" data-element_type=\"widget\" data-widget_type=\"wd_text_block.default\">\n\t\t\t\t<div class=\"elementor-widget-container\">\n\t\t\t\t\t<div class=\"wd-text-block reset-last-child text-left\">\n\t\t\t\n\t\t\t<h4>REPUSAMU\u00d1ECAS ERGON\u00d3MICO<br \/>Y PATAS AJUSTABLES<\/h4><p>Con un reposamu\u00f1ecas desmontable y patas ajustables que proporcionan dos posiciones de altura, TUF Gaming K1 est\u00e1 dise\u00f1ado ergon\u00f3micamente para una comodidad \u00f3ptima.<\/p>\n\t\t\t\t\t<\/div>\n\t\t\t\t<\/div>\n\t\t\t\t<\/div>\n\t\t\t\t\t<\/div>\n\t\t<\/div>\n\t\t\t\t<div class=\"elementor-column elementor-col-33 elementor-top-column elementor-element elementor-element-e7b3bda\" data-id=\"e7b3bda\" data-element_type=\"column\">\n\t\t\t<div class=\"elementor-widget-wrap elementor-element-populated\">\n\t\t\t\t\t\t\t\t<div class=\"elementor-element elementor-element-4f49f18 elementor-widget elementor-widget-wd_text_block\" data-id=\"4f49f18\" data-element_type=\"widget\" data-widget_type=\"wd_text_block.default\">\n\t\t\t\t<div class=\"elementor-widget-container\">\n\t\t\t\t\t<div class=\"wd-text-block reset-last-child text-left\">\n\t\t\t\n\t\t\t<div class=\"stitle\"><div id=\"TUFH3-03-2\" class=\"mainsize\"><div class=\"maintitle\"><div class=\"mtitle\"><h4>PERILLA PARA VOLUMEN<\/h4><p>Con una perilla de volumen dedicada en la parte superior derecha, TUF Gaming K1 hace que sea r\u00e1pido y f\u00e1cil controlar el audio de tu juego sobre la marcha. Puedes alcanzarla y girarla de forma intuitiva, manteniendo la vista fija en la acci\u00f3n.<\/p><\/div><\/div><\/div><\/div>\n\t\t\t\t\t<\/div>\n\t\t\t\t<\/div>\n\t\t\t\t<\/div>\n\t\t\t\t<div class=\"elementor-element elementor-element-7a297c2 elementor-widget elementor-widget-wd_image_or_svg\" data-id=\"7a297c2\" data-element_type=\"widget\" data-widget_type=\"wd_image_or_svg.default\">\n\t\t\t\t<div class=\"elementor-widget-container\">\n\t\t\t\n\t\t<div class=\"wd-image text-center\">\n\t\t\t\t\t\t\t\t<img decoding=\"async\" src=\"https:\/\/tzila.mx\/dev\/wp-content\/uploads\/elementor\/thumbs\/RA04-TUF-GAMING-K1CA-des-3-pqac1833knp922egsggld6yumdyo7iz5aikmtyzf7o.jpg\" title=\"RA04 TUF GAMING K1:CA-des-3\" alt=\"RA04 TUF GAMING K1:CA-des-3\" \/>\t\t\t\t\t<\/div>\n\n\t\t\t\t<\/div>\n\t\t\t\t<\/div>\n\t\t\t\t<div class=\"elementor-element elementor-element-7d838dd elementor-widget elementor-widget-wd_text_block\" data-id=\"7d838dd\" data-element_type=\"widget\" data-widget_type=\"wd_text_block.default\">\n\t\t\t\t<div class=\"elementor-widget-container\">\n\t\t\t\t\t<div class=\"wd-text-block reset-last-child text-left\">\n\t\t\t\n\t\t\t<div class=\"product-heading\"><h4>REVESTIMIENTO ESPECIALIZADO ANTI-DERRAMES<\/h4><\/div><p>Por dentro y por fuera, TUF Gaming K1 est\u00e1 dise\u00f1ado para brindar a\u00f1os de servicio en primera l\u00ednea. Su capa exterior cuenta con un revestimiento especializado que est\u00e1 reforzado para soportar una bater\u00eda de m\u00e1s de 10 pruebas rigurosas de abrasi\u00f3n, fricci\u00f3n y transpiraci\u00f3n. Y la resistencia a derrames de hasta 300ml garantiza que los accidentes con latas o tazas no acaben con la acci\u00f3n.<\/p>\n\t\t\t\t\t<\/div>\n\t\t\t\t<\/div>\n\t\t\t\t<\/div>\n\t\t\t\t<div class=\"elementor-element elementor-element-ad2a2e1 elementor-widget elementor-widget-wd_text_block\" data-id=\"ad2a2e1\" data-element_type=\"widget\" data-widget_type=\"wd_text_block.default\">\n\t\t\t\t<div class=\"elementor-widget-container\">\n\t\t\t\t\t<div class=\"wd-text-block reset-last-child text-left\">\n\t\t\t\n\t\t\t<div class=\"product-content\"><div class=\"maintitle text-left\"><div class=\"stitle\"><div class=\"maintitle\"><div class=\"mtitle\"><div class=\"text-wrapper\"><div class=\"text\"><h4>RENDIMIENTO DE GRADO GAMER<\/h4><p>TUF Gaming K1 ofrece una excelente respuesta t\u00e1ctil con una acci\u00f3n amortiguada que es silenciosa y c\u00f3moda. Tambi\u00e9n est\u00e1 dise\u00f1ado con tecnolog\u00eda19-key-rollover (NKRO), lo que garantiza una precisi\u00f3n notable y que no se pierdan pulsaciones de teclas.<\/p><\/div><\/div><\/div><\/div><\/div><\/div><\/div>\n\t\t\t\t\t<\/div>\n\t\t\t\t<\/div>\n\t\t\t\t<\/div>\n\t\t\t\t\t<\/div>\n\t\t<\/div>\n\t\t\t\t<div class=\"elementor-column elementor-col-33 elementor-top-column elementor-element elementor-element-ba9b9c1\" data-id=\"ba9b9c1\" data-element_type=\"column\">\n\t\t\t<div class=\"elementor-widget-wrap elementor-element-populated\">\n\t\t\t\t\t\t\t\t<div class=\"elementor-element elementor-element-b8f8f17 elementor-widget elementor-widget-wd_text_block\" data-id=\"b8f8f17\" data-element_type=\"widget\" data-widget_type=\"wd_text_block.default\">\n\t\t\t\t<div class=\"elementor-widget-container\">\n\t\t\t\t\t<div class=\"wd-text-block reset-last-child text-left\">\n\t\t\t\n\t\t\t<div class=\"text\"><h4>ARMOURY CRATE<\/h4><p>ASUS Armory Crate unifica el sistema y los controles de iluminaci\u00f3n para poner los ajustes esenciales al alcance de tu mano en una sola utilidad. Crea, define y personaliza f\u00e1cilmente perfiles de escenarios, programa teclas, graba macros y m\u00e1s. Incluso puedes realizar un seguimiento de las estad\u00edsticas del hardware durante el juego para un entretenido an\u00e1lisis de datos.<\/p><\/div>\n\t\t\t\t\t<\/div>\n\t\t\t\t<\/div>\n\t\t\t\t<\/div>\n\t\t\t\t<div class=\"elementor-element elementor-element-d37afd9 elementor-widget elementor-widget-wd_image_or_svg\" data-id=\"d37afd9\" data-element_type=\"widget\" data-widget_type=\"wd_image_or_svg.default\">\n\t\t\t\t<div class=\"elementor-widget-container\">\n\t\t\t\n\t\t<div class=\"wd-image text-center\">\n\t\t\t\t\t\t\t\t<img decoding=\"async\" src=\"https:\/\/tzila.mx\/dev\/wp-content\/uploads\/elementor\/thumbs\/RA04-TUF-GAMING-K1CA-des-1-pqac0vv73t8iv4w7rt6fys1uwdmwfgmmwu3bldhjgk.jpg\" title=\"RA04 TUF GAMING K1:CA-des-1\" alt=\"RA04 TUF GAMING K1:CA-des-1\" \/>\t\t\t\t\t<\/div>\n\n\t\t\t\t<\/div>\n\t\t\t\t<\/div>\n\t\t\t\t<div class=\"elementor-element elementor-element-aeee49b elementor-widget elementor-widget-wd_text_block\" data-id=\"aeee49b\" data-element_type=\"widget\" data-widget_type=\"wd_text_block.default\">\n\t\t\t\t<div class=\"elementor-widget-container\">\n\t\t\t\t\t<div class=\"wd-text-block reset-last-child text-left\">\n\t\t\t\n\t\t\t<h4>PROGRAMABLE CON MEMORIA A BORDO<\/h4><p>TUF Gaming K1 cuenta con ocho teclas programables con soporte de grabaci\u00f3n de macros sobre la marcha, lo que facilita la configuraci\u00f3n de tu teclado para un juego personalizado. Y tres memorias a bordo personalizables m\u00e1s una predeterminada te permiten llevar tu teclado de viaje y tener tus configuraciones disponibles donde quiera que vayas.<\/p>\n\t\t\t\t\t<\/div>\n\t\t\t\t<\/div>\n\t\t\t\t<\/div>\n\t\t\t\t<div class=\"elementor-element elementor-element-078b475 elementor-widget elementor-widget-wd_button\" data-id=\"078b475\" data-element_type=\"widget\" data-widget_type=\"wd_button.default\">\n\t\t\t\t<div class=\"elementor-widget-container\">\n\t\t\t\t\t<div class=\"wd-button-wrapper text-center\" >\n\t\t\t<a class=\"btn btn-style-link btn-shape- btn-size-large btn-scheme-light btn-scheme-hover-dark btn-icon-pos-right\"  href=\"https:\/\/www.asus.com\/mx\/Accessories\/Keyboards\/TUF-Gaming\/TUF-Gaming-K1\/\" target=\"_blank\">\n\t\t\t\t<span class=\"wd-btn-text\" data-elementor-setting-key=\"text\">\n\t\t\t\t\tSaber m\u00e1s\t\t\t\t<\/span>\n\n\t\t\t\t\t\t\t<\/a>\n\t\t<\/div>\n\t\t\t\t<\/div>\n\t\t\t\t<\/div>\n\t\t\t\t\t<\/div>\n\t\t<\/div>\n\t\t\t\t\t\t\t<\/div>\n\t\t<\/section>\n\t\t\t\t\t\t<\/div>\n\t\t\t\t\t<\/div>\n\t\t","protected":false},"excerpt":{"rendered":"<h4>Caracter\u00edsticas principales:<\/h4>\n<p class=\"p1\"><span class=\"s1\">\u25cf Teclado RGB al\u00e1mbrico<\/span><br \/>\n<span class=\"s1\">\u25cf <\/span>Efectos de iluminaci\u00f3n RGB din\u00e1micos<br \/>\n<span class=\"s2\"><span class=\"s1\">\u25cf Perilla de volumen dedicada<\/span><\/span><br \/>\n<span class=\"s1\">\u25cf<span class=\"s2\"> Barra de luz lateral<\/span><\/span><br \/>\n<span class=\"s1\">\u25cf Armory Crate<\/span><br \/>\n<span class=\"s1\">\u25cf Teclas programables con grabaci\u00f3n de macros<\/span><\/p>\n","protected":false},"featured_media":15774,"comment_status":"open","ping_status":"closed","template":"","meta":[],"product_cat":[28,84,100],"product_tag":[218],"class_list":["post-15772","product","type-product","status-publish","has-post-thumbnail","hentry","product_cat-setup","product_cat-teclado-gamer","product_cat-asus","product_tag-tuf-gaming","pa_brand-asus"],"_links":{"self":[{"href":"https:\/\/tzila.mx\/dev\/wp-json\/wp\/v2\/product\/15772","targetHints":{"allow":["GET"]}}],"collection":[{"href":"https:\/\/tzila.mx\/dev\/wp-json\/wp\/v2\/product"}],"about":[{"href":"https:\/\/tzila.mx\/dev\/wp-json\/wp\/v2\/types\/product"}],"replies":[{"embeddable":true,"href":"https:\/\/tzila.mx\/dev\/wp-json\/wp\/v2\/comments?post=15772"}],"version-history":[{"count":7,"href":"https:\/\/tzila.mx\/dev\/wp-json\/wp\/v2\/product\/15772\/revisions"}],"predecessor-version":[{"id":15789,"href":"https:\/\/tzila.mx\/dev\/wp-json\/wp\/v2\/product\/15772\/revisions\/15789"}],"wp:featuredmedia":[{"embeddable":true,"href":"https:\/\/tzila.mx\/dev\/wp-json\/wp\/v2\/media\/15774"}],"wp:attachment":[{"href":"https:\/\/tzila.mx\/dev\/wp-json\/wp\/v2\/media?parent=15772"}],"wp:term":[{"taxonomy":"product_cat","embeddable":true,"href":"https:\/\/tzila.mx\/dev\/wp-json\/wp\/v2\/product_cat?post=15772"},{"taxonomy":"product_tag","embeddable":true,"href":"https:\/\/tzila.mx\/dev\/wp-json\/wp\/v2\/product_tag?post=15772"}],"curies":[{"name":"wp","href":"https:\/\/api.w.org\/{rel}","templated":true}]}}